{"id":5073,"date":"2022-04-20T15:42:35","date_gmt":"2022-04-20T13:42:35","guid":{"rendered":"https:\/\/novacode.pl\/produkty\/uncategorized\/tasmy-termotransferowe-zywiczne\/"},"modified":"2023-09-06T10:55:13","modified_gmt":"2023-09-06T08:55:13","slug":"resin-thermal-transfer-ribbons","status":"publish","type":"product","link":"https:\/\/novacode.pl\/en\/produkty\/thermal-transfer-ribbons\/resin-thermal-transfer-ribbons\/","title":{"rendered":"Resin thermal transfer ribbons"},"content":{"rendered":"","protected":false},"excerpt":{"rendered":"<p>Resin ribbons are designed for the most demanding applications, where very good resistance to mechanical damage or chemical agents is extremely important. The right resin ribbon can withstand high temperatures and has particularly good resistance to moisture. The choice of the appropriate type of ribbon depends on the substrate being printed on. Film labels, polyester labels, polyamide labels, synthetic or textile tags \u2013 the printing of each of these substrates requires a very precise analysis of the application and use. We encourage you to contact our sales or technical department in order to select a solution that meets the most advanced technological requirements.<\/p>\n","protected":false},"featured_media":6826,"template":"","meta":{"_acf_changed":false,"inline_featured_image":false},"product_brand":[],"product_cat":[105],"product_tag":[],"class_list":{"0":"post-5073","1":"product","2":"type-product","3":"status-publish","4":"has-post-thumbnail","6":"product_cat-thermal-transfer-ribbons","8":"first","9":"instock","10":"shipping-taxable","11":"product-type-simple"},"acf":[],"yoast_head":"<!-- This site is optimized with the Yoast SEO plugin v27.4 - https:\/\/yoast.com\/product\/yoast-seo-wordpress\/ -->\n<title>Ta\u015bmy \u017cywiczne termotransferowe - Drukarnia etykiet Novacode<\/title>\n<meta name=\"description\" content=\"\u017bywiczne ta\u015bmy termotransferowe do zadruku etykiet foliowych, poliestrowych oraz innych materia\u0142\u00f3w specjalistycznych: etykiety informacyjne, tabliczki znamionowe i plomby gwarancyjne\" \/>\n<meta name=\"robots\" content=\"index, follow, max-snippet:-1, max-image-preview:large, max-video-preview:-1\" \/>\n<link rel=\"canonical\" href=\"https:\/\/novacode.pl\/en\/produkty\/thermal-transfer-ribbons\/resin-thermal-transfer-ribbons\/\" \/>\n<meta property=\"og:locale\" content=\"en_US\" \/>\n<meta property=\"og:type\" content=\"article\" \/>\n<meta property=\"og:title\" content=\"Ta\u015bmy \u017cywiczne termotransferowe - Drukarnia etykiet Novacode\" \/>\n<meta property=\"og:description\" content=\"\u017bywiczne ta\u015bmy termotransferowe do zadruku etykiet foliowych, poliestrowych oraz innych materia\u0142\u00f3w specjalistycznych: etykiety informacyjne, tabliczki znamionowe i plomby gwarancyjne\" \/>\n<meta property=\"og:url\" content=\"https:\/\/novacode.pl\/en\/produkty\/thermal-transfer-ribbons\/resin-thermal-transfer-ribbons\/\" \/>\n<meta property=\"og:site_name\" content=\"Drukarnia etykiet Novacode\" \/>\n<meta property=\"article:publisher\" content=\"https:\/\/www.facebook.com\/NovacodeOfficialPage\" \/>\n<meta property=\"article:modified_time\" content=\"2023-09-06T08:55:13+00:00\" \/>\n<meta property=\"og:image\" content=\"https:\/\/novacode.pl\/wp-content\/uploads\/2022\/04\/inkanto-resin-ribbon-2-scaled.jpg\" \/>\n\t<meta property=\"og:image:width\" content=\"2560\" \/>\n\t<meta property=\"og:image:height\" content=\"1707\" \/>\n\t<meta property=\"og:image:type\" content=\"image\/jpeg\" \/>\n<meta name=\"twitter:card\" content=\"summary_large_image\" \/>\n<script type=\"application\/ld+json\" class=\"yoast-schema-graph\">{\"@context\":\"https:\\\/\\\/schema.org\",\"@graph\":[{\"@type\":\"WebPage\",\"@id\":\"https:\\\/\\\/novacode.pl\\\/en\\\/produkty\\\/thermal-transfer-ribbons\\\/resin-thermal-transfer-ribbons\\\/\",\"url\":\"https:\\\/\\\/novacode.pl\\\/en\\\/produkty\\\/thermal-transfer-ribbons\\\/resin-thermal-transfer-ribbons\\\/\",\"name\":\"Ta\u015bmy \u017cywiczne termotransferowe - Drukarnia etykiet Novacode\",\"isPartOf\":{\"@id\":\"https:\\\/\\\/novacode.pl\\\/#website\"},\"primaryImageOfPage\":{\"@id\":\"https:\\\/\\\/novacode.pl\\\/en\\\/produkty\\\/thermal-transfer-ribbons\\\/resin-thermal-transfer-ribbons\\\/#primaryimage\"},\"image\":{\"@id\":\"https:\\\/\\\/novacode.pl\\\/en\\\/produkty\\\/thermal-transfer-ribbons\\\/resin-thermal-transfer-ribbons\\\/#primaryimage\"},\"thumbnailUrl\":\"https:\\\/\\\/novacode.pl\\\/wp-content\\\/uploads\\\/2026\\\/04\\\/tasma-zywica.jpg\",\"datePublished\":\"2022-04-20T13:42:35+00:00\",\"dateModified\":\"2023-09-06T08:55:13+00:00\",\"description\":\"\u017bywiczne ta\u015bmy termotransferowe do zadruku etykiet foliowych, poliestrowych oraz innych materia\u0142\u00f3w specjalistycznych: etykiety informacyjne, tabliczki znamionowe i plomby gwarancyjne\",\"breadcrumb\":{\"@id\":\"https:\\\/\\\/novacode.pl\\\/en\\\/produkty\\\/thermal-transfer-ribbons\\\/resin-thermal-transfer-ribbons\\\/#breadcrumb\"},\"inLanguage\":\"en-US\",\"potentialAction\":[{\"@type\":\"ReadAction\",\"target\":[\"https:\\\/\\\/novacode.pl\\\/en\\\/produkty\\\/thermal-transfer-ribbons\\\/resin-thermal-transfer-ribbons\\\/\"]}]},{\"@type\":\"ImageObject\",\"inLanguage\":\"en-US\",\"@id\":\"https:\\\/\\\/novacode.pl\\\/en\\\/produkty\\\/thermal-transfer-ribbons\\\/resin-thermal-transfer-ribbons\\\/#primaryimage\",\"url\":\"https:\\\/\\\/novacode.pl\\\/wp-content\\\/uploads\\\/2026\\\/04\\\/tasma-zywica.jpg\",\"contentUrl\":\"https:\\\/\\\/novacode.pl\\\/wp-content\\\/uploads\\\/2026\\\/04\\\/tasma-zywica.jpg\",\"width\":800,\"height\":600,\"caption\":\"ta\u015bma TTR \u017cywica (resin)\"},{\"@type\":\"BreadcrumbList\",\"@id\":\"https:\\\/\\\/novacode.pl\\\/en\\\/produkty\\\/thermal-transfer-ribbons\\\/resin-thermal-transfer-ribbons\\\/#breadcrumb\",\"itemListElement\":[{\"@type\":\"ListItem\",\"position\":1,\"name\":\"Strona g\u0142\u00f3wna\",\"item\":\"https:\\\/\\\/novacode.pl\\\/en\\\/\"},{\"@type\":\"ListItem\",\"position\":2,\"name\":\"Shop\",\"item\":\"https:\\\/\\\/novacode.pl\\\/en\\\/shop\\\/\"},{\"@type\":\"ListItem\",\"position\":3,\"name\":\"Resin thermal transfer ribbons\"}]},{\"@type\":\"WebSite\",\"@id\":\"https:\\\/\\\/novacode.pl\\\/#website\",\"url\":\"https:\\\/\\\/novacode.pl\\\/\",\"name\":\"Drukarnia etykiet Novacode\",\"description\":\"Producent etykiet samoprzylepnych\",\"publisher\":{\"@id\":\"https:\\\/\\\/novacode.pl\\\/#organization\"},\"potentialAction\":[{\"@type\":\"SearchAction\",\"target\":{\"@type\":\"EntryPoint\",\"urlTemplate\":\"https:\\\/\\\/novacode.pl\\\/?s={search_term_string}\"},\"query-input\":{\"@type\":\"PropertyValueSpecification\",\"valueRequired\":true,\"valueName\":\"search_term_string\"}}],\"inLanguage\":\"en-US\"},{\"@type\":\"Organization\",\"@id\":\"https:\\\/\\\/novacode.pl\\\/#organization\",\"name\":\"Drukarnia etykiet Novacode\",\"url\":\"https:\\\/\\\/novacode.pl\\\/\",\"logo\":{\"@type\":\"ImageObject\",\"inLanguage\":\"en-US\",\"@id\":\"https:\\\/\\\/novacode.pl\\\/#\\\/schema\\\/logo\\\/image\\\/\",\"url\":\"https:\\\/\\\/novacode.pl\\\/wp-content\\\/uploads\\\/2022\\\/03\\\/cropped-favico.png\",\"contentUrl\":\"https:\\\/\\\/novacode.pl\\\/wp-content\\\/uploads\\\/2022\\\/03\\\/cropped-favico.png\",\"width\":512,\"height\":512,\"caption\":\"Drukarnia etykiet Novacode\"},\"image\":{\"@id\":\"https:\\\/\\\/novacode.pl\\\/#\\\/schema\\\/logo\\\/image\\\/\"},\"sameAs\":[\"https:\\\/\\\/www.facebook.com\\\/NovacodeOfficialPage\"]}]}<\/script>\n<!-- \/ Yoast SEO plugin. -->","yoast_head_json":{"title":"Ta\u015bmy \u017cywiczne termotransferowe - Drukarnia etykiet Novacode","description":"\u017bywiczne ta\u015bmy termotransferowe do zadruku etykiet foliowych, poliestrowych oraz innych materia\u0142\u00f3w specjalistycznych: etykiety informacyjne, tabliczki znamionowe i plomby gwarancyjne","robots":{"index":"index","follow":"follow","max-snippet":"max-snippet:-1","max-image-preview":"max-image-preview:large","max-video-preview":"max-video-preview:-1"},"canonical":"https:\/\/novacode.pl\/en\/produkty\/thermal-transfer-ribbons\/resin-thermal-transfer-ribbons\/","og_locale":"en_US","og_type":"article","og_title":"Ta\u015bmy \u017cywiczne termotransferowe - Drukarnia etykiet Novacode","og_description":"\u017bywiczne ta\u015bmy termotransferowe do zadruku etykiet foliowych, poliestrowych oraz innych materia\u0142\u00f3w specjalistycznych: etykiety informacyjne, tabliczki znamionowe i plomby gwarancyjne","og_url":"https:\/\/novacode.pl\/en\/produkty\/thermal-transfer-ribbons\/resin-thermal-transfer-ribbons\/","og_site_name":"Drukarnia etykiet Novacode","article_publisher":"https:\/\/www.facebook.com\/NovacodeOfficialPage","article_modified_time":"2023-09-06T08:55:13+00:00","og_image":[{"width":2560,"height":1707,"url":"https:\/\/novacode.pl\/wp-content\/uploads\/2022\/04\/inkanto-resin-ribbon-2-scaled.jpg","type":"image\/jpeg"}],"twitter_card":"summary_large_image","schema":{"@context":"https:\/\/schema.org","@graph":[{"@type":"WebPage","@id":"https:\/\/novacode.pl\/en\/produkty\/thermal-transfer-ribbons\/resin-thermal-transfer-ribbons\/","url":"https:\/\/novacode.pl\/en\/produkty\/thermal-transfer-ribbons\/resin-thermal-transfer-ribbons\/","name":"Ta\u015bmy \u017cywiczne termotransferowe - Drukarnia etykiet Novacode","isPartOf":{"@id":"https:\/\/novacode.pl\/#website"},"primaryImageOfPage":{"@id":"https:\/\/novacode.pl\/en\/produkty\/thermal-transfer-ribbons\/resin-thermal-transfer-ribbons\/#primaryimage"},"image":{"@id":"https:\/\/novacode.pl\/en\/produkty\/thermal-transfer-ribbons\/resin-thermal-transfer-ribbons\/#primaryimage"},"thumbnailUrl":"https:\/\/novacode.pl\/wp-content\/uploads\/2026\/04\/tasma-zywica.jpg","datePublished":"2022-04-20T13:42:35+00:00","dateModified":"2023-09-06T08:55:13+00:00","description":"\u017bywiczne ta\u015bmy termotransferowe do zadruku etykiet foliowych, poliestrowych oraz innych materia\u0142\u00f3w specjalistycznych: etykiety informacyjne, tabliczki znamionowe i plomby gwarancyjne","breadcrumb":{"@id":"https:\/\/novacode.pl\/en\/produkty\/thermal-transfer-ribbons\/resin-thermal-transfer-ribbons\/#breadcrumb"},"inLanguage":"en-US","potentialAction":[{"@type":"ReadAction","target":["https:\/\/novacode.pl\/en\/produkty\/thermal-transfer-ribbons\/resin-thermal-transfer-ribbons\/"]}]},{"@type":"ImageObject","inLanguage":"en-US","@id":"https:\/\/novacode.pl\/en\/produkty\/thermal-transfer-ribbons\/resin-thermal-transfer-ribbons\/#primaryimage","url":"https:\/\/novacode.pl\/wp-content\/uploads\/2026\/04\/tasma-zywica.jpg","contentUrl":"https:\/\/novacode.pl\/wp-content\/uploads\/2026\/04\/tasma-zywica.jpg","width":800,"height":600,"caption":"ta\u015bma TTR \u017cywica (resin)"},{"@type":"BreadcrumbList","@id":"https:\/\/novacode.pl\/en\/produkty\/thermal-transfer-ribbons\/resin-thermal-transfer-ribbons\/#breadcrumb","itemListElement":[{"@type":"ListItem","position":1,"name":"Strona g\u0142\u00f3wna","item":"https:\/\/novacode.pl\/en\/"},{"@type":"ListItem","position":2,"name":"Shop","item":"https:\/\/novacode.pl\/en\/shop\/"},{"@type":"ListItem","position":3,"name":"Resin thermal transfer ribbons"}]},{"@type":"WebSite","@id":"https:\/\/novacode.pl\/#website","url":"https:\/\/novacode.pl\/","name":"Drukarnia etykiet Novacode","description":"Producent etykiet samoprzylepnych","publisher":{"@id":"https:\/\/novacode.pl\/#organization"},"potentialAction":[{"@type":"SearchAction","target":{"@type":"EntryPoint","urlTemplate":"https:\/\/novacode.pl\/?s={search_term_string}"},"query-input":{"@type":"PropertyValueSpecification","valueRequired":true,"valueName":"search_term_string"}}],"inLanguage":"en-US"},{"@type":"Organization","@id":"https:\/\/novacode.pl\/#organization","name":"Drukarnia etykiet Novacode","url":"https:\/\/novacode.pl\/","logo":{"@type":"ImageObject","inLanguage":"en-US","@id":"https:\/\/novacode.pl\/#\/schema\/logo\/image\/","url":"https:\/\/novacode.pl\/wp-content\/uploads\/2022\/03\/cropped-favico.png","contentUrl":"https:\/\/novacode.pl\/wp-content\/uploads\/2022\/03\/cropped-favico.png","width":512,"height":512,"caption":"Drukarnia etykiet Novacode"},"image":{"@id":"https:\/\/novacode.pl\/#\/schema\/logo\/image\/"},"sameAs":["https:\/\/www.facebook.com\/NovacodeOfficialPage"]}]}},"_links":{"self":[{"href":"https:\/\/novacode.pl\/en\/wp-json\/wp\/v2\/product\/5073","targetHints":{"allow":["GET"]}}],"collection":[{"href":"https:\/\/novacode.pl\/en\/wp-json\/wp\/v2\/product"}],"about":[{"href":"https:\/\/novacode.pl\/en\/wp-json\/wp\/v2\/types\/product"}],"wp:featuredmedia":[{"embeddable":true,"href":"https:\/\/novacode.pl\/en\/wp-json\/wp\/v2\/media\/6826"}],"wp:attachment":[{"href":"https:\/\/novacode.pl\/en\/wp-json\/wp\/v2\/media?parent=5073"}],"wp:term":[{"taxonomy":"product_brand","embeddable":true,"href":"https:\/\/novacode.pl\/en\/wp-json\/wp\/v2\/product_brand?post=5073"},{"taxonomy":"product_cat","embeddable":true,"href":"https:\/\/novacode.pl\/en\/wp-json\/wp\/v2\/product_cat?post=5073"},{"taxonomy":"product_tag","embeddable":true,"href":"https:\/\/novacode.pl\/en\/wp-json\/wp\/v2\/product_tag?post=5073"}],"curies":[{"name":"wp","href":"https:\/\/api.w.org\/{rel}","templated":true}]}}