{"id":5061,"date":"2022-04-19T12:16:50","date_gmt":"2022-04-19T10:16:50","guid":{"rendered":"https:\/\/novacode.pl\/produkty\/uncategorized\/znakowanie-opon\/"},"modified":"2023-10-06T14:34:13","modified_gmt":"2023-10-06T12:34:13","slug":"tire-marking","status":"publish","type":"product","link":"https:\/\/novacode.pl\/en\/produkty\/specialist-labels\/tire-marking\/","title":{"rendered":"Tire marking"},"content":{"rendered":"<p>Tyre labels require a special raw material with an extremely strong rubber-based adhesive. The adhesive for tyre labels should adhere permanently to rough, rounded surfaces and should be resistant to rubber-migrating components.<\/p>\n<p>Tyre labels have a strict design and the information they should contain. In our printing shop, we have the option of pre-printing the labels in colour using the flexographic method. Further personalisation is carried out by the customer himself in thermal transfer printers. Digital printing of short runs of tyre labels is also possible.<\/p>\n","protected":false},"excerpt":{"rendered":"<p>Tyre labels require a special raw material with an extremely strong rubber-based adhesive. The adhesive for tyre labels should adhere&#8230;<\/p>\n","protected":false},"featured_media":3259,"template":"","meta":{"_acf_changed":false,"inline_featured_image":false},"product_brand":[],"product_cat":[102],"product_tag":[],"class_list":{"0":"post-5061","1":"product","2":"type-product","3":"status-publish","4":"has-post-thumbnail","6":"product_cat-specialist-labels","7":"industry-automotive-en","8":"industry-industrial-labels","9":"industry-logistics","11":"first","12":"instock","13":"shipping-taxable","14":"product-type-simple"},"acf":[],"yoast_head":"<!-- This site is optimized with the Yoast SEO plugin v27.4 - https:\/\/yoast.com\/product\/yoast-seo-wordpress\/ -->\n<title>Tire marking - Drukarnia etykiet Novacode<\/title>\n<meta name=\"description\" content=\"Etykiety na opony od producenta Novacode \u27a4 Oferujemy druk etykiet do znakowania opon | Wysoka jako\u015b\u0107 i profesjonalne wyko\u0144czenie - Sprawd\u017a!\" \/>\n<meta name=\"robots\" content=\"index, follow, max-snippet:-1, max-image-preview:large, max-video-preview:-1\" \/>\n<link rel=\"canonical\" href=\"https:\/\/novacode.pl\/en\/produkty\/specialist-labels\/tire-marking\/\" \/>\n<meta property=\"og:locale\" content=\"en_US\" \/>\n<meta property=\"og:type\" content=\"article\" \/>\n<meta property=\"og:title\" content=\"Tire marking - Drukarnia etykiet Novacode\" \/>\n<meta property=\"og:description\" content=\"Etykiety na opony od producenta Novacode \u27a4 Oferujemy druk etykiet do znakowania opon | Wysoka jako\u015b\u0107 i profesjonalne wyko\u0144czenie - Sprawd\u017a!\" \/>\n<meta property=\"og:url\" content=\"https:\/\/novacode.pl\/en\/produkty\/specialist-labels\/tire-marking\/\" \/>\n<meta property=\"og:site_name\" content=\"Drukarnia etykiet Novacode\" \/>\n<meta property=\"article:publisher\" content=\"https:\/\/www.facebook.com\/NovacodeOfficialPage\" \/>\n<meta property=\"article:modified_time\" content=\"2023-10-06T12:34:13+00:00\" \/>\n<meta property=\"og:image\" content=\"https:\/\/novacode.pl\/wp-content\/uploads\/2022\/04\/opony2.jpg\" \/>\n\t<meta property=\"og:image:width\" content=\"1280\" \/>\n\t<meta property=\"og:image:height\" content=\"1280\" \/>\n\t<meta property=\"og:image:type\" content=\"image\/jpeg\" \/>\n<meta name=\"twitter:card\" content=\"summary_large_image\" \/>\n<meta name=\"twitter:label1\" content=\"Est. reading time\" \/>\n\t<meta name=\"twitter:data1\" content=\"1 minute\" \/>\n<script type=\"application\/ld+json\" class=\"yoast-schema-graph\">{\"@context\":\"https:\\\/\\\/schema.org\",\"@graph\":[{\"@type\":\"WebPage\",\"@id\":\"https:\\\/\\\/novacode.pl\\\/en\\\/produkty\\\/specialist-labels\\\/tire-marking\\\/\",\"url\":\"https:\\\/\\\/novacode.pl\\\/en\\\/produkty\\\/specialist-labels\\\/tire-marking\\\/\",\"name\":\"Tire marking - Drukarnia etykiet Novacode\",\"isPartOf\":{\"@id\":\"https:\\\/\\\/novacode.pl\\\/#website\"},\"primaryImageOfPage\":{\"@id\":\"https:\\\/\\\/novacode.pl\\\/en\\\/produkty\\\/specialist-labels\\\/tire-marking\\\/#primaryimage\"},\"image\":{\"@id\":\"https:\\\/\\\/novacode.pl\\\/en\\\/produkty\\\/specialist-labels\\\/tire-marking\\\/#primaryimage\"},\"thumbnailUrl\":\"https:\\\/\\\/novacode.pl\\\/wp-content\\\/uploads\\\/2022\\\/04\\\/opony2.jpg\",\"datePublished\":\"2022-04-19T10:16:50+00:00\",\"dateModified\":\"2023-10-06T12:34:13+00:00\",\"description\":\"Etykiety na opony od producenta Novacode \u27a4 Oferujemy druk etykiet do znakowania opon | Wysoka jako\u015b\u0107 i profesjonalne wyko\u0144czenie - Sprawd\u017a!\",\"breadcrumb\":{\"@id\":\"https:\\\/\\\/novacode.pl\\\/en\\\/produkty\\\/specialist-labels\\\/tire-marking\\\/#breadcrumb\"},\"inLanguage\":\"en-US\",\"potentialAction\":[{\"@type\":\"ReadAction\",\"target\":[\"https:\\\/\\\/novacode.pl\\\/en\\\/produkty\\\/specialist-labels\\\/tire-marking\\\/\"]}]},{\"@type\":\"ImageObject\",\"inLanguage\":\"en-US\",\"@id\":\"https:\\\/\\\/novacode.pl\\\/en\\\/produkty\\\/specialist-labels\\\/tire-marking\\\/#primaryimage\",\"url\":\"https:\\\/\\\/novacode.pl\\\/wp-content\\\/uploads\\\/2022\\\/04\\\/opony2.jpg\",\"contentUrl\":\"https:\\\/\\\/novacode.pl\\\/wp-content\\\/uploads\\\/2022\\\/04\\\/opony2.jpg\",\"width\":1280,\"height\":1280,\"caption\":\"Etykiety na opony - znakowanie opon\"},{\"@type\":\"BreadcrumbList\",\"@id\":\"https:\\\/\\\/novacode.pl\\\/en\\\/produkty\\\/specialist-labels\\\/tire-marking\\\/#breadcrumb\",\"itemListElement\":[{\"@type\":\"ListItem\",\"position\":1,\"name\":\"Strona g\u0142\u00f3wna\",\"item\":\"https:\\\/\\\/novacode.pl\\\/en\\\/\"},{\"@type\":\"ListItem\",\"position\":2,\"name\":\"Shop\",\"item\":\"https:\\\/\\\/novacode.pl\\\/en\\\/shop\\\/\"},{\"@type\":\"ListItem\",\"position\":3,\"name\":\"Tire marking\"}]},{\"@type\":\"WebSite\",\"@id\":\"https:\\\/\\\/novacode.pl\\\/#website\",\"url\":\"https:\\\/\\\/novacode.pl\\\/\",\"name\":\"Drukarnia etykiet Novacode\",\"description\":\"Producent etykiet samoprzylepnych\",\"publisher\":{\"@id\":\"https:\\\/\\\/novacode.pl\\\/#organization\"},\"potentialAction\":[{\"@type\":\"SearchAction\",\"target\":{\"@type\":\"EntryPoint\",\"urlTemplate\":\"https:\\\/\\\/novacode.pl\\\/?s={search_term_string}\"},\"query-input\":{\"@type\":\"PropertyValueSpecification\",\"valueRequired\":true,\"valueName\":\"search_term_string\"}}],\"inLanguage\":\"en-US\"},{\"@type\":\"Organization\",\"@id\":\"https:\\\/\\\/novacode.pl\\\/#organization\",\"name\":\"Drukarnia etykiet Novacode\",\"url\":\"https:\\\/\\\/novacode.pl\\\/\",\"logo\":{\"@type\":\"ImageObject\",\"inLanguage\":\"en-US\",\"@id\":\"https:\\\/\\\/novacode.pl\\\/#\\\/schema\\\/logo\\\/image\\\/\",\"url\":\"https:\\\/\\\/novacode.pl\\\/wp-content\\\/uploads\\\/2022\\\/03\\\/cropped-favico.png\",\"contentUrl\":\"https:\\\/\\\/novacode.pl\\\/wp-content\\\/uploads\\\/2022\\\/03\\\/cropped-favico.png\",\"width\":512,\"height\":512,\"caption\":\"Drukarnia etykiet Novacode\"},\"image\":{\"@id\":\"https:\\\/\\\/novacode.pl\\\/#\\\/schema\\\/logo\\\/image\\\/\"},\"sameAs\":[\"https:\\\/\\\/www.facebook.com\\\/NovacodeOfficialPage\"]}]}<\/script>\n<!-- \/ Yoast SEO plugin. -->","yoast_head_json":{"title":"Tire marking - Drukarnia etykiet Novacode","description":"Etykiety na opony od producenta Novacode \u27a4 Oferujemy druk etykiet do znakowania opon | Wysoka jako\u015b\u0107 i profesjonalne wyko\u0144czenie - Sprawd\u017a!","robots":{"index":"index","follow":"follow","max-snippet":"max-snippet:-1","max-image-preview":"max-image-preview:large","max-video-preview":"max-video-preview:-1"},"canonical":"https:\/\/novacode.pl\/en\/produkty\/specialist-labels\/tire-marking\/","og_locale":"en_US","og_type":"article","og_title":"Tire marking - Drukarnia etykiet Novacode","og_description":"Etykiety na opony od producenta Novacode \u27a4 Oferujemy druk etykiet do znakowania opon | Wysoka jako\u015b\u0107 i profesjonalne wyko\u0144czenie - Sprawd\u017a!","og_url":"https:\/\/novacode.pl\/en\/produkty\/specialist-labels\/tire-marking\/","og_site_name":"Drukarnia etykiet Novacode","article_publisher":"https:\/\/www.facebook.com\/NovacodeOfficialPage","article_modified_time":"2023-10-06T12:34:13+00:00","og_image":[{"width":1280,"height":1280,"url":"https:\/\/novacode.pl\/wp-content\/uploads\/2022\/04\/opony2.jpg","type":"image\/jpeg"}],"twitter_card":"summary_large_image","twitter_misc":{"Est. reading time":"1 minute"},"schema":{"@context":"https:\/\/schema.org","@graph":[{"@type":"WebPage","@id":"https:\/\/novacode.pl\/en\/produkty\/specialist-labels\/tire-marking\/","url":"https:\/\/novacode.pl\/en\/produkty\/specialist-labels\/tire-marking\/","name":"Tire marking - Drukarnia etykiet Novacode","isPartOf":{"@id":"https:\/\/novacode.pl\/#website"},"primaryImageOfPage":{"@id":"https:\/\/novacode.pl\/en\/produkty\/specialist-labels\/tire-marking\/#primaryimage"},"image":{"@id":"https:\/\/novacode.pl\/en\/produkty\/specialist-labels\/tire-marking\/#primaryimage"},"thumbnailUrl":"https:\/\/novacode.pl\/wp-content\/uploads\/2022\/04\/opony2.jpg","datePublished":"2022-04-19T10:16:50+00:00","dateModified":"2023-10-06T12:34:13+00:00","description":"Etykiety na opony od producenta Novacode \u27a4 Oferujemy druk etykiet do znakowania opon | Wysoka jako\u015b\u0107 i profesjonalne wyko\u0144czenie - Sprawd\u017a!","breadcrumb":{"@id":"https:\/\/novacode.pl\/en\/produkty\/specialist-labels\/tire-marking\/#breadcrumb"},"inLanguage":"en-US","potentialAction":[{"@type":"ReadAction","target":["https:\/\/novacode.pl\/en\/produkty\/specialist-labels\/tire-marking\/"]}]},{"@type":"ImageObject","inLanguage":"en-US","@id":"https:\/\/novacode.pl\/en\/produkty\/specialist-labels\/tire-marking\/#primaryimage","url":"https:\/\/novacode.pl\/wp-content\/uploads\/2022\/04\/opony2.jpg","contentUrl":"https:\/\/novacode.pl\/wp-content\/uploads\/2022\/04\/opony2.jpg","width":1280,"height":1280,"caption":"Etykiety na opony - znakowanie opon"},{"@type":"BreadcrumbList","@id":"https:\/\/novacode.pl\/en\/produkty\/specialist-labels\/tire-marking\/#breadcrumb","itemListElement":[{"@type":"ListItem","position":1,"name":"Strona g\u0142\u00f3wna","item":"https:\/\/novacode.pl\/en\/"},{"@type":"ListItem","position":2,"name":"Shop","item":"https:\/\/novacode.pl\/en\/shop\/"},{"@type":"ListItem","position":3,"name":"Tire marking"}]},{"@type":"WebSite","@id":"https:\/\/novacode.pl\/#website","url":"https:\/\/novacode.pl\/","name":"Drukarnia etykiet Novacode","description":"Producent etykiet samoprzylepnych","publisher":{"@id":"https:\/\/novacode.pl\/#organization"},"potentialAction":[{"@type":"SearchAction","target":{"@type":"EntryPoint","urlTemplate":"https:\/\/novacode.pl\/?s={search_term_string}"},"query-input":{"@type":"PropertyValueSpecification","valueRequired":true,"valueName":"search_term_string"}}],"inLanguage":"en-US"},{"@type":"Organization","@id":"https:\/\/novacode.pl\/#organization","name":"Drukarnia etykiet Novacode","url":"https:\/\/novacode.pl\/","logo":{"@type":"ImageObject","inLanguage":"en-US","@id":"https:\/\/novacode.pl\/#\/schema\/logo\/image\/","url":"https:\/\/novacode.pl\/wp-content\/uploads\/2022\/03\/cropped-favico.png","contentUrl":"https:\/\/novacode.pl\/wp-content\/uploads\/2022\/03\/cropped-favico.png","width":512,"height":512,"caption":"Drukarnia etykiet Novacode"},"image":{"@id":"https:\/\/novacode.pl\/#\/schema\/logo\/image\/"},"sameAs":["https:\/\/www.facebook.com\/NovacodeOfficialPage"]}]}},"_links":{"self":[{"href":"https:\/\/novacode.pl\/en\/wp-json\/wp\/v2\/product\/5061","targetHints":{"allow":["GET"]}}],"collection":[{"href":"https:\/\/novacode.pl\/en\/wp-json\/wp\/v2\/product"}],"about":[{"href":"https:\/\/novacode.pl\/en\/wp-json\/wp\/v2\/types\/product"}],"wp:featuredmedia":[{"embeddable":true,"href":"https:\/\/novacode.pl\/en\/wp-json\/wp\/v2\/media\/3259"}],"wp:attachment":[{"href":"https:\/\/novacode.pl\/en\/wp-json\/wp\/v2\/media?parent=5061"}],"wp:term":[{"taxonomy":"product_brand","embeddable":true,"href":"https:\/\/novacode.pl\/en\/wp-json\/wp\/v2\/product_brand?post=5061"},{"taxonomy":"product_cat","embeddable":true,"href":"https:\/\/novacode.pl\/en\/wp-json\/wp\/v2\/product_cat?post=5061"},{"taxonomy":"product_tag","embeddable":true,"href":"https:\/\/novacode.pl\/en\/wp-json\/wp\/v2\/product_tag?post=5061"}],"curies":[{"name":"wp","href":"https:\/\/api.w.org\/{rel}","templated":true}]}}