{"id":5057,"date":"2022-04-20T15:25:40","date_gmt":"2022-04-20T13:25:40","guid":{"rendered":"https:\/\/novacode.pl\/produkty\/uncategorized\/szare-kropki-duct-tape\/"},"modified":"2023-10-12T15:03:29","modified_gmt":"2023-10-12T13:03:29","slug":"gray-dots-duct-tape","status":"publish","type":"product","link":"https:\/\/novacode.pl\/en\/produkty\/specialist-labels\/gray-dots-duct-tape\/","title":{"rendered":"Gray dots &#8220;DUCT TAPE&#8221;"},"content":{"rendered":"<p>The \u201cgrey dots\u201d labels are made of reinforced material, so they maintain very high strength parameters. Thanks to their high elasticity and the use of a special adhesive, Duct Tape labels adhere easily to a variety of surfaces. After use they are easy to remove without leaving traces.<\/p>\n<p>\u201cGrey dots\u201d are commonly used in the automotive and household appliance industries. They are most commonly used to attach Kanban cards to [&#8230;]<\/p>\n","protected":false},"excerpt":{"rendered":"<p>The \u201cgrey dots\u201d labels are made of reinforced material, so they maintain very high strength parameters. Thanks to their high&#8230;<\/p>\n","protected":false},"featured_media":3333,"template":"","meta":{"_acf_changed":false,"inline_featured_image":false},"product_brand":[],"product_cat":[102],"product_tag":[],"class_list":{"0":"post-5057","1":"product","2":"type-product","3":"status-publish","4":"has-post-thumbnail","6":"product_cat-specialist-labels","7":"industry-automotive-en","8":"industry-construction-industry","9":"industry-electronics","10":"industry-home-electronics-and-appliances","11":"industry-industrial-labels","12":"industry-logistics","13":"industry-metallurgy","15":"first","16":"instock","17":"shipping-taxable","18":"product-type-simple"},"acf":[],"yoast_head":"<!-- This site is optimized with the Yoast SEO plugin v27.4 - https:\/\/yoast.com\/product\/yoast-seo-wordpress\/ -->\n<title>Etykiety kropki szare &quot;DUCT TAPE&quot; - Drukarnia etykiet Novacode<\/title>\n<meta name=\"description\" content=\"Etykiety potocznie zwane \u201eszarymi kropkami\u201d to popularny spos\u00f3b na szybkie i \u0142atwe przyczepienie karty Kanban, wydrukowanego listu przewozowego lub innego dokumentu do skrzynki \/ pud\u0142a, w kt\u00f3rym przewo\u017cone s\u0105 produkty.\" \/>\n<meta name=\"robots\" content=\"index, follow, max-snippet:-1, max-image-preview:large, max-video-preview:-1\" \/>\n<link rel=\"canonical\" href=\"https:\/\/novacode.pl\/en\/produkty\/specialist-labels\/gray-dots-duct-tape\/\" \/>\n<meta property=\"og:locale\" content=\"en_US\" \/>\n<meta property=\"og:type\" content=\"article\" \/>\n<meta property=\"og:title\" content=\"Etykiety kropki szare &quot;DUCT TAPE&quot; - Drukarnia etykiet Novacode\" \/>\n<meta property=\"og:description\" content=\"Etykiety potocznie zwane \u201eszarymi kropkami\u201d to popularny spos\u00f3b na szybkie i \u0142atwe przyczepienie karty Kanban, wydrukowanego listu przewozowego lub innego dokumentu do skrzynki \/ pud\u0142a, w kt\u00f3rym przewo\u017cone s\u0105 produkty.\" \/>\n<meta property=\"og:url\" content=\"https:\/\/novacode.pl\/en\/produkty\/specialist-labels\/gray-dots-duct-tape\/\" \/>\n<meta property=\"og:site_name\" content=\"Drukarnia etykiet Novacode\" \/>\n<meta property=\"article:publisher\" content=\"https:\/\/www.facebook.com\/NovacodeOfficialPage\" \/>\n<meta property=\"article:modified_time\" content=\"2023-10-12T13:03:29+00:00\" \/>\n<meta property=\"og:image\" content=\"https:\/\/novacode.pl\/wp-content\/uploads\/2022\/04\/kropki.jpg\" \/>\n\t<meta property=\"og:image:width\" content=\"1280\" \/>\n\t<meta property=\"og:image:height\" content=\"1280\" \/>\n\t<meta property=\"og:image:type\" content=\"image\/jpeg\" \/>\n<meta name=\"twitter:card\" content=\"summary_large_image\" \/>\n<meta name=\"twitter:label1\" content=\"Est. reading time\" \/>\n\t<meta name=\"twitter:data1\" content=\"1 minute\" \/>\n<script type=\"application\/ld+json\" class=\"yoast-schema-graph\">{\"@context\":\"https:\\\/\\\/schema.org\",\"@graph\":[{\"@type\":\"WebPage\",\"@id\":\"https:\\\/\\\/novacode.pl\\\/en\\\/produkty\\\/specialist-labels\\\/gray-dots-duct-tape\\\/\",\"url\":\"https:\\\/\\\/novacode.pl\\\/en\\\/produkty\\\/specialist-labels\\\/gray-dots-duct-tape\\\/\",\"name\":\"Etykiety kropki szare \\\"DUCT TAPE\\\" - Drukarnia etykiet Novacode\",\"isPartOf\":{\"@id\":\"https:\\\/\\\/novacode.pl\\\/#website\"},\"primaryImageOfPage\":{\"@id\":\"https:\\\/\\\/novacode.pl\\\/en\\\/produkty\\\/specialist-labels\\\/gray-dots-duct-tape\\\/#primaryimage\"},\"image\":{\"@id\":\"https:\\\/\\\/novacode.pl\\\/en\\\/produkty\\\/specialist-labels\\\/gray-dots-duct-tape\\\/#primaryimage\"},\"thumbnailUrl\":\"https:\\\/\\\/novacode.pl\\\/wp-content\\\/uploads\\\/2022\\\/04\\\/kropki.jpg\",\"datePublished\":\"2022-04-20T13:25:40+00:00\",\"dateModified\":\"2023-10-12T13:03:29+00:00\",\"description\":\"Etykiety potocznie zwane \u201eszarymi kropkami\u201d to popularny spos\u00f3b na szybkie i \u0142atwe przyczepienie karty Kanban, wydrukowanego listu przewozowego lub innego dokumentu do skrzynki \\\/ pud\u0142a, w kt\u00f3rym przewo\u017cone s\u0105 produkty.\",\"breadcrumb\":{\"@id\":\"https:\\\/\\\/novacode.pl\\\/en\\\/produkty\\\/specialist-labels\\\/gray-dots-duct-tape\\\/#breadcrumb\"},\"inLanguage\":\"en-US\",\"potentialAction\":[{\"@type\":\"ReadAction\",\"target\":[\"https:\\\/\\\/novacode.pl\\\/en\\\/produkty\\\/specialist-labels\\\/gray-dots-duct-tape\\\/\"]}]},{\"@type\":\"ImageObject\",\"inLanguage\":\"en-US\",\"@id\":\"https:\\\/\\\/novacode.pl\\\/en\\\/produkty\\\/specialist-labels\\\/gray-dots-duct-tape\\\/#primaryimage\",\"url\":\"https:\\\/\\\/novacode.pl\\\/wp-content\\\/uploads\\\/2022\\\/04\\\/kropki.jpg\",\"contentUrl\":\"https:\\\/\\\/novacode.pl\\\/wp-content\\\/uploads\\\/2022\\\/04\\\/kropki.jpg\",\"width\":1280,\"height\":1280,\"caption\":\"etykiety szare kropki DUCT TAPE\"},{\"@type\":\"BreadcrumbList\",\"@id\":\"https:\\\/\\\/novacode.pl\\\/en\\\/produkty\\\/specialist-labels\\\/gray-dots-duct-tape\\\/#breadcrumb\",\"itemListElement\":[{\"@type\":\"ListItem\",\"position\":1,\"name\":\"Strona g\u0142\u00f3wna\",\"item\":\"https:\\\/\\\/novacode.pl\\\/en\\\/\"},{\"@type\":\"ListItem\",\"position\":2,\"name\":\"Shop\",\"item\":\"https:\\\/\\\/novacode.pl\\\/en\\\/shop\\\/\"},{\"@type\":\"ListItem\",\"position\":3,\"name\":\"Gray dots &#8222;DUCT TAPE&#8221;\"}]},{\"@type\":\"WebSite\",\"@id\":\"https:\\\/\\\/novacode.pl\\\/#website\",\"url\":\"https:\\\/\\\/novacode.pl\\\/\",\"name\":\"Drukarnia etykiet Novacode\",\"description\":\"Producent etykiet samoprzylepnych\",\"publisher\":{\"@id\":\"https:\\\/\\\/novacode.pl\\\/#organization\"},\"potentialAction\":[{\"@type\":\"SearchAction\",\"target\":{\"@type\":\"EntryPoint\",\"urlTemplate\":\"https:\\\/\\\/novacode.pl\\\/?s={search_term_string}\"},\"query-input\":{\"@type\":\"PropertyValueSpecification\",\"valueRequired\":true,\"valueName\":\"search_term_string\"}}],\"inLanguage\":\"en-US\"},{\"@type\":\"Organization\",\"@id\":\"https:\\\/\\\/novacode.pl\\\/#organization\",\"name\":\"Drukarnia etykiet Novacode\",\"url\":\"https:\\\/\\\/novacode.pl\\\/\",\"logo\":{\"@type\":\"ImageObject\",\"inLanguage\":\"en-US\",\"@id\":\"https:\\\/\\\/novacode.pl\\\/#\\\/schema\\\/logo\\\/image\\\/\",\"url\":\"https:\\\/\\\/novacode.pl\\\/wp-content\\\/uploads\\\/2022\\\/03\\\/cropped-favico.png\",\"contentUrl\":\"https:\\\/\\\/novacode.pl\\\/wp-content\\\/uploads\\\/2022\\\/03\\\/cropped-favico.png\",\"width\":512,\"height\":512,\"caption\":\"Drukarnia etykiet Novacode\"},\"image\":{\"@id\":\"https:\\\/\\\/novacode.pl\\\/#\\\/schema\\\/logo\\\/image\\\/\"},\"sameAs\":[\"https:\\\/\\\/www.facebook.com\\\/NovacodeOfficialPage\"]}]}<\/script>\n<!-- \/ Yoast SEO plugin. -->","yoast_head_json":{"title":"Etykiety kropki szare \"DUCT TAPE\" - Drukarnia etykiet Novacode","description":"Etykiety potocznie zwane \u201eszarymi kropkami\u201d to popularny spos\u00f3b na szybkie i \u0142atwe przyczepienie karty Kanban, wydrukowanego listu przewozowego lub innego dokumentu do skrzynki \/ pud\u0142a, w kt\u00f3rym przewo\u017cone s\u0105 produkty.","robots":{"index":"index","follow":"follow","max-snippet":"max-snippet:-1","max-image-preview":"max-image-preview:large","max-video-preview":"max-video-preview:-1"},"canonical":"https:\/\/novacode.pl\/en\/produkty\/specialist-labels\/gray-dots-duct-tape\/","og_locale":"en_US","og_type":"article","og_title":"Etykiety kropki szare \"DUCT TAPE\" - Drukarnia etykiet Novacode","og_description":"Etykiety potocznie zwane \u201eszarymi kropkami\u201d to popularny spos\u00f3b na szybkie i \u0142atwe przyczepienie karty Kanban, wydrukowanego listu przewozowego lub innego dokumentu do skrzynki \/ pud\u0142a, w kt\u00f3rym przewo\u017cone s\u0105 produkty.","og_url":"https:\/\/novacode.pl\/en\/produkty\/specialist-labels\/gray-dots-duct-tape\/","og_site_name":"Drukarnia etykiet Novacode","article_publisher":"https:\/\/www.facebook.com\/NovacodeOfficialPage","article_modified_time":"2023-10-12T13:03:29+00:00","og_image":[{"width":1280,"height":1280,"url":"https:\/\/novacode.pl\/wp-content\/uploads\/2022\/04\/kropki.jpg","type":"image\/jpeg"}],"twitter_card":"summary_large_image","twitter_misc":{"Est. reading time":"1 minute"},"schema":{"@context":"https:\/\/schema.org","@graph":[{"@type":"WebPage","@id":"https:\/\/novacode.pl\/en\/produkty\/specialist-labels\/gray-dots-duct-tape\/","url":"https:\/\/novacode.pl\/en\/produkty\/specialist-labels\/gray-dots-duct-tape\/","name":"Etykiety kropki szare \"DUCT TAPE\" - Drukarnia etykiet Novacode","isPartOf":{"@id":"https:\/\/novacode.pl\/#website"},"primaryImageOfPage":{"@id":"https:\/\/novacode.pl\/en\/produkty\/specialist-labels\/gray-dots-duct-tape\/#primaryimage"},"image":{"@id":"https:\/\/novacode.pl\/en\/produkty\/specialist-labels\/gray-dots-duct-tape\/#primaryimage"},"thumbnailUrl":"https:\/\/novacode.pl\/wp-content\/uploads\/2022\/04\/kropki.jpg","datePublished":"2022-04-20T13:25:40+00:00","dateModified":"2023-10-12T13:03:29+00:00","description":"Etykiety potocznie zwane \u201eszarymi kropkami\u201d to popularny spos\u00f3b na szybkie i \u0142atwe przyczepienie karty Kanban, wydrukowanego listu przewozowego lub innego dokumentu do skrzynki \/ pud\u0142a, w kt\u00f3rym przewo\u017cone s\u0105 produkty.","breadcrumb":{"@id":"https:\/\/novacode.pl\/en\/produkty\/specialist-labels\/gray-dots-duct-tape\/#breadcrumb"},"inLanguage":"en-US","potentialAction":[{"@type":"ReadAction","target":["https:\/\/novacode.pl\/en\/produkty\/specialist-labels\/gray-dots-duct-tape\/"]}]},{"@type":"ImageObject","inLanguage":"en-US","@id":"https:\/\/novacode.pl\/en\/produkty\/specialist-labels\/gray-dots-duct-tape\/#primaryimage","url":"https:\/\/novacode.pl\/wp-content\/uploads\/2022\/04\/kropki.jpg","contentUrl":"https:\/\/novacode.pl\/wp-content\/uploads\/2022\/04\/kropki.jpg","width":1280,"height":1280,"caption":"etykiety szare kropki DUCT TAPE"},{"@type":"BreadcrumbList","@id":"https:\/\/novacode.pl\/en\/produkty\/specialist-labels\/gray-dots-duct-tape\/#breadcrumb","itemListElement":[{"@type":"ListItem","position":1,"name":"Strona g\u0142\u00f3wna","item":"https:\/\/novacode.pl\/en\/"},{"@type":"ListItem","position":2,"name":"Shop","item":"https:\/\/novacode.pl\/en\/shop\/"},{"@type":"ListItem","position":3,"name":"Gray dots &#8222;DUCT TAPE&#8221;"}]},{"@type":"WebSite","@id":"https:\/\/novacode.pl\/#website","url":"https:\/\/novacode.pl\/","name":"Drukarnia etykiet Novacode","description":"Producent etykiet samoprzylepnych","publisher":{"@id":"https:\/\/novacode.pl\/#organization"},"potentialAction":[{"@type":"SearchAction","target":{"@type":"EntryPoint","urlTemplate":"https:\/\/novacode.pl\/?s={search_term_string}"},"query-input":{"@type":"PropertyValueSpecification","valueRequired":true,"valueName":"search_term_string"}}],"inLanguage":"en-US"},{"@type":"Organization","@id":"https:\/\/novacode.pl\/#organization","name":"Drukarnia etykiet Novacode","url":"https:\/\/novacode.pl\/","logo":{"@type":"ImageObject","inLanguage":"en-US","@id":"https:\/\/novacode.pl\/#\/schema\/logo\/image\/","url":"https:\/\/novacode.pl\/wp-content\/uploads\/2022\/03\/cropped-favico.png","contentUrl":"https:\/\/novacode.pl\/wp-content\/uploads\/2022\/03\/cropped-favico.png","width":512,"height":512,"caption":"Drukarnia etykiet Novacode"},"image":{"@id":"https:\/\/novacode.pl\/#\/schema\/logo\/image\/"},"sameAs":["https:\/\/www.facebook.com\/NovacodeOfficialPage"]}]}},"_links":{"self":[{"href":"https:\/\/novacode.pl\/en\/wp-json\/wp\/v2\/product\/5057","targetHints":{"allow":["GET"]}}],"collection":[{"href":"https:\/\/novacode.pl\/en\/wp-json\/wp\/v2\/product"}],"about":[{"href":"https:\/\/novacode.pl\/en\/wp-json\/wp\/v2\/types\/product"}],"wp:featuredmedia":[{"embeddable":true,"href":"https:\/\/novacode.pl\/en\/wp-json\/wp\/v2\/media\/3333"}],"wp:attachment":[{"href":"https:\/\/novacode.pl\/en\/wp-json\/wp\/v2\/media?parent=5057"}],"wp:term":[{"taxonomy":"product_brand","embeddable":true,"href":"https:\/\/novacode.pl\/en\/wp-json\/wp\/v2\/product_brand?post=5057"},{"taxonomy":"product_cat","embeddable":true,"href":"https:\/\/novacode.pl\/en\/wp-json\/wp\/v2\/product_cat?post=5057"},{"taxonomy":"product_tag","embeddable":true,"href":"https:\/\/novacode.pl\/en\/wp-json\/wp\/v2\/product_tag?post=5057"}],"curies":[{"name":"wp","href":"https:\/\/api.w.org\/{rel}","templated":true}]}}