{"id":5048,"date":"2022-04-19T10:58:05","date_gmt":"2022-04-19T08:58:05","guid":{"rendered":"https:\/\/novacode.pl\/produkty\/uncategorized\/oznaczenie-prefabrykatow-betonowych\/"},"modified":"2023-10-06T14:46:21","modified_gmt":"2023-10-06T12:46:21","slug":"precast-concrete-marking","status":"publish","type":"product","link":"https:\/\/novacode.pl\/en\/produkty\/specialist-labels\/precast-concrete-marking\/","title":{"rendered":"Precast concrete marking"},"content":{"rendered":"<p>For the labelling of precast concrete elements, a raw material with very good adhesion to difficult, rough surfaces is required. In addition, labels for concrete should show very high resistance to changing weather conditions. When selecting the right raw material and adhesive, very thorough testing of the chosen material should be carried out. In our laboratory, we have the possibility to perform some ageing tests. In addition, we can offer to check the quality and durability of the print against UV and abrasion.<\/p>\n<p>Concrete labels are most often personalised in TTR printers using special permanent printing ribbons. At Novacode, we assist customers in selecting the right printers, ribbons, scanners and software for designing and printing concrete labels.<\/p>\n","protected":false},"excerpt":{"rendered":"<p>For the labelling of precast concrete elements, a raw material with very good adhesion to difficult, rough surfaces is required&#8230;.<\/p>\n","protected":false},"featured_media":2667,"template":"","meta":{"_acf_changed":false,"inline_featured_image":false},"product_brand":[],"product_cat":[102],"product_tag":[],"class_list":{"0":"post-5048","1":"product","2":"type-product","3":"status-publish","4":"has-post-thumbnail","6":"product_cat-specialist-labels","7":"industry-construction-industry","8":"industry-industrial-labels","9":"industry-logistics","11":"first","12":"instock","13":"shipping-taxable","14":"product-type-simple"},"acf":[],"yoast_head":"<!-- This site is optimized with the Yoast SEO plugin v27.4 - https:\/\/yoast.com\/product\/yoast-seo-wordpress\/ -->\n<title>Precast concrete marking - Drukarnia etykiet Novacode<\/title>\n<meta name=\"description\" content=\"Do oznaczenia prefabrykat\u00f3w betonowych stosuje si\u0119 etykiety wykonane z folii z ekstremalnie mocnym klejem, zdolnym do utrzymania si\u0119 na tak trudnej powierzchni jak beton.\" \/>\n<meta name=\"robots\" content=\"index, follow, max-snippet:-1, max-image-preview:large, max-video-preview:-1\" \/>\n<link rel=\"canonical\" href=\"https:\/\/novacode.pl\/en\/produkty\/specialist-labels\/precast-concrete-marking\/\" \/>\n<meta property=\"og:locale\" content=\"en_US\" \/>\n<meta property=\"og:type\" content=\"article\" \/>\n<meta property=\"og:title\" content=\"Precast concrete marking - Drukarnia etykiet Novacode\" \/>\n<meta property=\"og:description\" content=\"Do oznaczenia prefabrykat\u00f3w betonowych stosuje si\u0119 etykiety wykonane z folii z ekstremalnie mocnym klejem, zdolnym do utrzymania si\u0119 na tak trudnej powierzchni jak beton.\" \/>\n<meta property=\"og:url\" content=\"https:\/\/novacode.pl\/en\/produkty\/specialist-labels\/precast-concrete-marking\/\" \/>\n<meta property=\"og:site_name\" content=\"Drukarnia etykiet Novacode\" \/>\n<meta property=\"article:publisher\" content=\"https:\/\/www.facebook.com\/NovacodeOfficialPage\" \/>\n<meta property=\"article:modified_time\" content=\"2023-10-06T12:46:21+00:00\" \/>\n<meta property=\"og:image\" content=\"https:\/\/novacode.pl\/wp-content\/uploads\/2022\/04\/etykiety-na-trudne-i-chropowate-powierzchnie2.jpg\" \/>\n\t<meta property=\"og:image:width\" content=\"684\" \/>\n\t<meta property=\"og:image:height\" content=\"680\" \/>\n\t<meta property=\"og:image:type\" content=\"image\/jpeg\" \/>\n<meta name=\"twitter:card\" content=\"summary_large_image\" \/>\n<meta name=\"twitter:label1\" content=\"Est. reading time\" \/>\n\t<meta name=\"twitter:data1\" content=\"1 minute\" \/>\n<script type=\"application\/ld+json\" class=\"yoast-schema-graph\">{\"@context\":\"https:\\\/\\\/schema.org\",\"@graph\":[{\"@type\":\"WebPage\",\"@id\":\"https:\\\/\\\/novacode.pl\\\/en\\\/produkty\\\/specialist-labels\\\/precast-concrete-marking\\\/\",\"url\":\"https:\\\/\\\/novacode.pl\\\/en\\\/produkty\\\/specialist-labels\\\/precast-concrete-marking\\\/\",\"name\":\"Precast concrete marking - Drukarnia etykiet Novacode\",\"isPartOf\":{\"@id\":\"https:\\\/\\\/novacode.pl\\\/#website\"},\"primaryImageOfPage\":{\"@id\":\"https:\\\/\\\/novacode.pl\\\/en\\\/produkty\\\/specialist-labels\\\/precast-concrete-marking\\\/#primaryimage\"},\"image\":{\"@id\":\"https:\\\/\\\/novacode.pl\\\/en\\\/produkty\\\/specialist-labels\\\/precast-concrete-marking\\\/#primaryimage\"},\"thumbnailUrl\":\"https:\\\/\\\/novacode.pl\\\/wp-content\\\/uploads\\\/2022\\\/04\\\/etykiety-na-trudne-i-chropowate-powierzchnie2.jpg\",\"datePublished\":\"2022-04-19T08:58:05+00:00\",\"dateModified\":\"2023-10-06T12:46:21+00:00\",\"description\":\"Do oznaczenia prefabrykat\u00f3w betonowych stosuje si\u0119 etykiety wykonane z folii z ekstremalnie mocnym klejem, zdolnym do utrzymania si\u0119 na tak trudnej powierzchni jak beton.\",\"breadcrumb\":{\"@id\":\"https:\\\/\\\/novacode.pl\\\/en\\\/produkty\\\/specialist-labels\\\/precast-concrete-marking\\\/#breadcrumb\"},\"inLanguage\":\"en-US\",\"potentialAction\":[{\"@type\":\"ReadAction\",\"target\":[\"https:\\\/\\\/novacode.pl\\\/en\\\/produkty\\\/specialist-labels\\\/precast-concrete-marking\\\/\"]}]},{\"@type\":\"ImageObject\",\"inLanguage\":\"en-US\",\"@id\":\"https:\\\/\\\/novacode.pl\\\/en\\\/produkty\\\/specialist-labels\\\/precast-concrete-marking\\\/#primaryimage\",\"url\":\"https:\\\/\\\/novacode.pl\\\/wp-content\\\/uploads\\\/2022\\\/04\\\/etykiety-na-trudne-i-chropowate-powierzchnie2.jpg\",\"contentUrl\":\"https:\\\/\\\/novacode.pl\\\/wp-content\\\/uploads\\\/2022\\\/04\\\/etykiety-na-trudne-i-chropowate-powierzchnie2.jpg\",\"width\":684,\"height\":680,\"caption\":\"etykiety na trudne i chropowate powierzchnie\"},{\"@type\":\"BreadcrumbList\",\"@id\":\"https:\\\/\\\/novacode.pl\\\/en\\\/produkty\\\/specialist-labels\\\/precast-concrete-marking\\\/#breadcrumb\",\"itemListElement\":[{\"@type\":\"ListItem\",\"position\":1,\"name\":\"Strona g\u0142\u00f3wna\",\"item\":\"https:\\\/\\\/novacode.pl\\\/en\\\/\"},{\"@type\":\"ListItem\",\"position\":2,\"name\":\"Shop\",\"item\":\"https:\\\/\\\/novacode.pl\\\/en\\\/shop\\\/\"},{\"@type\":\"ListItem\",\"position\":3,\"name\":\"Precast concrete marking\"}]},{\"@type\":\"WebSite\",\"@id\":\"https:\\\/\\\/novacode.pl\\\/#website\",\"url\":\"https:\\\/\\\/novacode.pl\\\/\",\"name\":\"Drukarnia etykiet Novacode\",\"description\":\"Producent etykiet samoprzylepnych\",\"publisher\":{\"@id\":\"https:\\\/\\\/novacode.pl\\\/#organization\"},\"potentialAction\":[{\"@type\":\"SearchAction\",\"target\":{\"@type\":\"EntryPoint\",\"urlTemplate\":\"https:\\\/\\\/novacode.pl\\\/?s={search_term_string}\"},\"query-input\":{\"@type\":\"PropertyValueSpecification\",\"valueRequired\":true,\"valueName\":\"search_term_string\"}}],\"inLanguage\":\"en-US\"},{\"@type\":\"Organization\",\"@id\":\"https:\\\/\\\/novacode.pl\\\/#organization\",\"name\":\"Drukarnia etykiet Novacode\",\"url\":\"https:\\\/\\\/novacode.pl\\\/\",\"logo\":{\"@type\":\"ImageObject\",\"inLanguage\":\"en-US\",\"@id\":\"https:\\\/\\\/novacode.pl\\\/#\\\/schema\\\/logo\\\/image\\\/\",\"url\":\"https:\\\/\\\/novacode.pl\\\/wp-content\\\/uploads\\\/2022\\\/03\\\/cropped-favico.png\",\"contentUrl\":\"https:\\\/\\\/novacode.pl\\\/wp-content\\\/uploads\\\/2022\\\/03\\\/cropped-favico.png\",\"width\":512,\"height\":512,\"caption\":\"Drukarnia etykiet Novacode\"},\"image\":{\"@id\":\"https:\\\/\\\/novacode.pl\\\/#\\\/schema\\\/logo\\\/image\\\/\"},\"sameAs\":[\"https:\\\/\\\/www.facebook.com\\\/NovacodeOfficialPage\"]}]}<\/script>\n<!-- \/ Yoast SEO plugin. -->","yoast_head_json":{"title":"Precast concrete marking - Drukarnia etykiet Novacode","description":"Do oznaczenia prefabrykat\u00f3w betonowych stosuje si\u0119 etykiety wykonane z folii z ekstremalnie mocnym klejem, zdolnym do utrzymania si\u0119 na tak trudnej powierzchni jak beton.","robots":{"index":"index","follow":"follow","max-snippet":"max-snippet:-1","max-image-preview":"max-image-preview:large","max-video-preview":"max-video-preview:-1"},"canonical":"https:\/\/novacode.pl\/en\/produkty\/specialist-labels\/precast-concrete-marking\/","og_locale":"en_US","og_type":"article","og_title":"Precast concrete marking - Drukarnia etykiet Novacode","og_description":"Do oznaczenia prefabrykat\u00f3w betonowych stosuje si\u0119 etykiety wykonane z folii z ekstremalnie mocnym klejem, zdolnym do utrzymania si\u0119 na tak trudnej powierzchni jak beton.","og_url":"https:\/\/novacode.pl\/en\/produkty\/specialist-labels\/precast-concrete-marking\/","og_site_name":"Drukarnia etykiet Novacode","article_publisher":"https:\/\/www.facebook.com\/NovacodeOfficialPage","article_modified_time":"2023-10-06T12:46:21+00:00","og_image":[{"width":684,"height":680,"url":"https:\/\/novacode.pl\/wp-content\/uploads\/2022\/04\/etykiety-na-trudne-i-chropowate-powierzchnie2.jpg","type":"image\/jpeg"}],"twitter_card":"summary_large_image","twitter_misc":{"Est. reading time":"1 minute"},"schema":{"@context":"https:\/\/schema.org","@graph":[{"@type":"WebPage","@id":"https:\/\/novacode.pl\/en\/produkty\/specialist-labels\/precast-concrete-marking\/","url":"https:\/\/novacode.pl\/en\/produkty\/specialist-labels\/precast-concrete-marking\/","name":"Precast concrete marking - Drukarnia etykiet Novacode","isPartOf":{"@id":"https:\/\/novacode.pl\/#website"},"primaryImageOfPage":{"@id":"https:\/\/novacode.pl\/en\/produkty\/specialist-labels\/precast-concrete-marking\/#primaryimage"},"image":{"@id":"https:\/\/novacode.pl\/en\/produkty\/specialist-labels\/precast-concrete-marking\/#primaryimage"},"thumbnailUrl":"https:\/\/novacode.pl\/wp-content\/uploads\/2022\/04\/etykiety-na-trudne-i-chropowate-powierzchnie2.jpg","datePublished":"2022-04-19T08:58:05+00:00","dateModified":"2023-10-06T12:46:21+00:00","description":"Do oznaczenia prefabrykat\u00f3w betonowych stosuje si\u0119 etykiety wykonane z folii z ekstremalnie mocnym klejem, zdolnym do utrzymania si\u0119 na tak trudnej powierzchni jak beton.","breadcrumb":{"@id":"https:\/\/novacode.pl\/en\/produkty\/specialist-labels\/precast-concrete-marking\/#breadcrumb"},"inLanguage":"en-US","potentialAction":[{"@type":"ReadAction","target":["https:\/\/novacode.pl\/en\/produkty\/specialist-labels\/precast-concrete-marking\/"]}]},{"@type":"ImageObject","inLanguage":"en-US","@id":"https:\/\/novacode.pl\/en\/produkty\/specialist-labels\/precast-concrete-marking\/#primaryimage","url":"https:\/\/novacode.pl\/wp-content\/uploads\/2022\/04\/etykiety-na-trudne-i-chropowate-powierzchnie2.jpg","contentUrl":"https:\/\/novacode.pl\/wp-content\/uploads\/2022\/04\/etykiety-na-trudne-i-chropowate-powierzchnie2.jpg","width":684,"height":680,"caption":"etykiety na trudne i chropowate powierzchnie"},{"@type":"BreadcrumbList","@id":"https:\/\/novacode.pl\/en\/produkty\/specialist-labels\/precast-concrete-marking\/#breadcrumb","itemListElement":[{"@type":"ListItem","position":1,"name":"Strona g\u0142\u00f3wna","item":"https:\/\/novacode.pl\/en\/"},{"@type":"ListItem","position":2,"name":"Shop","item":"https:\/\/novacode.pl\/en\/shop\/"},{"@type":"ListItem","position":3,"name":"Precast concrete marking"}]},{"@type":"WebSite","@id":"https:\/\/novacode.pl\/#website","url":"https:\/\/novacode.pl\/","name":"Drukarnia etykiet Novacode","description":"Producent etykiet samoprzylepnych","publisher":{"@id":"https:\/\/novacode.pl\/#organization"},"potentialAction":[{"@type":"SearchAction","target":{"@type":"EntryPoint","urlTemplate":"https:\/\/novacode.pl\/?s={search_term_string}"},"query-input":{"@type":"PropertyValueSpecification","valueRequired":true,"valueName":"search_term_string"}}],"inLanguage":"en-US"},{"@type":"Organization","@id":"https:\/\/novacode.pl\/#organization","name":"Drukarnia etykiet Novacode","url":"https:\/\/novacode.pl\/","logo":{"@type":"ImageObject","inLanguage":"en-US","@id":"https:\/\/novacode.pl\/#\/schema\/logo\/image\/","url":"https:\/\/novacode.pl\/wp-content\/uploads\/2022\/03\/cropped-favico.png","contentUrl":"https:\/\/novacode.pl\/wp-content\/uploads\/2022\/03\/cropped-favico.png","width":512,"height":512,"caption":"Drukarnia etykiet Novacode"},"image":{"@id":"https:\/\/novacode.pl\/#\/schema\/logo\/image\/"},"sameAs":["https:\/\/www.facebook.com\/NovacodeOfficialPage"]}]}},"_links":{"self":[{"href":"https:\/\/novacode.pl\/en\/wp-json\/wp\/v2\/product\/5048","targetHints":{"allow":["GET"]}}],"collection":[{"href":"https:\/\/novacode.pl\/en\/wp-json\/wp\/v2\/product"}],"about":[{"href":"https:\/\/novacode.pl\/en\/wp-json\/wp\/v2\/types\/product"}],"wp:featuredmedia":[{"embeddable":true,"href":"https:\/\/novacode.pl\/en\/wp-json\/wp\/v2\/media\/2667"}],"wp:attachment":[{"href":"https:\/\/novacode.pl\/en\/wp-json\/wp\/v2\/media?parent=5048"}],"wp:term":[{"taxonomy":"product_brand","embeddable":true,"href":"https:\/\/novacode.pl\/en\/wp-json\/wp\/v2\/product_brand?post=5048"},{"taxonomy":"product_cat","embeddable":true,"href":"https:\/\/novacode.pl\/en\/wp-json\/wp\/v2\/product_cat?post=5048"},{"taxonomy":"product_tag","embeddable":true,"href":"https:\/\/novacode.pl\/en\/wp-json\/wp\/v2\/product_tag?post=5048"}],"curies":[{"name":"wp","href":"https:\/\/api.w.org\/{rel}","templated":true}]}}