{"id":5046,"date":"2022-04-20T15:22:50","date_gmt":"2022-04-20T13:22:50","guid":{"rendered":"https:\/\/novacode.pl\/produkty\/uncategorized\/oznaczenia-odblaskowe\/"},"modified":"2023-07-19T11:01:59","modified_gmt":"2023-07-19T09:01:59","slug":"reflective-markings","status":"publish","type":"product","link":"https:\/\/novacode.pl\/en\/produkty\/specialist-labels\/reflective-markings\/","title":{"rendered":"Reflective markings"},"content":{"rendered":"<p>Reflective labels are manufactured from a special material that reflects light. They can be cut in any shape and supplied in a roll or as individual labels with an undercut on the silicone side for easy peeling off. The primary purpose of reflective labels is to increase road safety. The most common application is the marking of bicycle seats, car trailers and luggage racks.<\/p>\n<p>Due to the application, reflective labels must be weatherproof. They must also be highly resistant to mechanical damage, abrasion, pressure washing and chemicals.<\/p>\n","protected":false},"excerpt":{"rendered":"<p>Reflective labels are manufactured from a special material that reflects light. They can be cut in any shape and supplied&#8230;<\/p>\n","protected":false},"featured_media":2777,"template":"","meta":{"_acf_changed":false,"inline_featured_image":false},"product_brand":[],"product_cat":[102],"product_tag":[],"class_list":{"0":"post-5046","1":"product","2":"type-product","3":"status-publish","4":"has-post-thumbnail","6":"product_cat-specialist-labels","7":"industry-automotive-en","8":"industry-industrial-labels","9":"industry-logistics","11":"first","12":"instock","13":"shipping-taxable","14":"product-type-simple"},"acf":[],"yoast_head":"<!-- This site is optimized with the Yoast SEO plugin v27.4 - https:\/\/yoast.com\/product\/yoast-seo-wordpress\/ -->\n<title>Reflective markings - Drukarnia etykiet Novacode<\/title>\n<meta name=\"description\" content=\"Oznaczenia odblaskowe od producenta Novacode \u27a4 Produkujemy odblaskowe oznaczenia do fotelik\u00f3w rowerowych, przyczep i baga\u017cnik\u00f3w | Wysoka jako\u015b\u0107 i profesjonalne wyko\u0144czenie - Sprawd\u017a!\" \/>\n<meta name=\"robots\" content=\"index, follow, max-snippet:-1, max-image-preview:large, max-video-preview:-1\" \/>\n<link rel=\"canonical\" href=\"https:\/\/novacode.pl\/en\/produkty\/specialist-labels\/reflective-markings\/\" \/>\n<meta property=\"og:locale\" content=\"en_US\" \/>\n<meta property=\"og:type\" content=\"article\" \/>\n<meta property=\"og:title\" content=\"Reflective markings - Drukarnia etykiet Novacode\" \/>\n<meta property=\"og:description\" content=\"Oznaczenia odblaskowe od producenta Novacode \u27a4 Produkujemy odblaskowe oznaczenia do fotelik\u00f3w rowerowych, przyczep i baga\u017cnik\u00f3w | Wysoka jako\u015b\u0107 i profesjonalne wyko\u0144czenie - Sprawd\u017a!\" \/>\n<meta property=\"og:url\" content=\"https:\/\/novacode.pl\/en\/produkty\/specialist-labels\/reflective-markings\/\" \/>\n<meta property=\"og:site_name\" content=\"Drukarnia etykiet Novacode\" \/>\n<meta property=\"article:publisher\" content=\"https:\/\/www.facebook.com\/NovacodeOfficialPage\" \/>\n<meta property=\"article:modified_time\" content=\"2023-07-19T09:01:59+00:00\" \/>\n<meta property=\"og:image\" content=\"https:\/\/novacode.pl\/wp-content\/uploads\/2022\/04\/odblaskowe_1-1.jpg\" \/>\n\t<meta property=\"og:image:width\" content=\"588\" \/>\n\t<meta property=\"og:image:height\" content=\"588\" \/>\n\t<meta property=\"og:image:type\" content=\"image\/jpeg\" \/>\n<meta name=\"twitter:card\" content=\"summary_large_image\" \/>\n<meta name=\"twitter:label1\" content=\"Est. reading time\" \/>\n\t<meta name=\"twitter:data1\" content=\"1 minute\" \/>\n<script type=\"application\/ld+json\" class=\"yoast-schema-graph\">{\"@context\":\"https:\\\/\\\/schema.org\",\"@graph\":[{\"@type\":\"WebPage\",\"@id\":\"https:\\\/\\\/novacode.pl\\\/en\\\/produkty\\\/specialist-labels\\\/reflective-markings\\\/\",\"url\":\"https:\\\/\\\/novacode.pl\\\/en\\\/produkty\\\/specialist-labels\\\/reflective-markings\\\/\",\"name\":\"Reflective markings - Drukarnia etykiet Novacode\",\"isPartOf\":{\"@id\":\"https:\\\/\\\/novacode.pl\\\/#website\"},\"primaryImageOfPage\":{\"@id\":\"https:\\\/\\\/novacode.pl\\\/en\\\/produkty\\\/specialist-labels\\\/reflective-markings\\\/#primaryimage\"},\"image\":{\"@id\":\"https:\\\/\\\/novacode.pl\\\/en\\\/produkty\\\/specialist-labels\\\/reflective-markings\\\/#primaryimage\"},\"thumbnailUrl\":\"https:\\\/\\\/novacode.pl\\\/wp-content\\\/uploads\\\/2022\\\/04\\\/odblaskowe_1-1.jpg\",\"datePublished\":\"2022-04-20T13:22:50+00:00\",\"dateModified\":\"2023-07-19T09:01:59+00:00\",\"description\":\"Oznaczenia odblaskowe od producenta Novacode \u27a4 Produkujemy odblaskowe oznaczenia do fotelik\u00f3w rowerowych, przyczep i baga\u017cnik\u00f3w | Wysoka jako\u015b\u0107 i profesjonalne wyko\u0144czenie - Sprawd\u017a!\",\"breadcrumb\":{\"@id\":\"https:\\\/\\\/novacode.pl\\\/en\\\/produkty\\\/specialist-labels\\\/reflective-markings\\\/#breadcrumb\"},\"inLanguage\":\"en-US\",\"potentialAction\":[{\"@type\":\"ReadAction\",\"target\":[\"https:\\\/\\\/novacode.pl\\\/en\\\/produkty\\\/specialist-labels\\\/reflective-markings\\\/\"]}]},{\"@type\":\"ImageObject\",\"inLanguage\":\"en-US\",\"@id\":\"https:\\\/\\\/novacode.pl\\\/en\\\/produkty\\\/specialist-labels\\\/reflective-markings\\\/#primaryimage\",\"url\":\"https:\\\/\\\/novacode.pl\\\/wp-content\\\/uploads\\\/2022\\\/04\\\/odblaskowe_1-1.jpg\",\"contentUrl\":\"https:\\\/\\\/novacode.pl\\\/wp-content\\\/uploads\\\/2022\\\/04\\\/odblaskowe_1-1.jpg\",\"width\":588,\"height\":588,\"caption\":\"Etykiety odblaskowe\"},{\"@type\":\"BreadcrumbList\",\"@id\":\"https:\\\/\\\/novacode.pl\\\/en\\\/produkty\\\/specialist-labels\\\/reflective-markings\\\/#breadcrumb\",\"itemListElement\":[{\"@type\":\"ListItem\",\"position\":1,\"name\":\"Strona g\u0142\u00f3wna\",\"item\":\"https:\\\/\\\/novacode.pl\\\/en\\\/\"},{\"@type\":\"ListItem\",\"position\":2,\"name\":\"Shop\",\"item\":\"https:\\\/\\\/novacode.pl\\\/en\\\/shop\\\/\"},{\"@type\":\"ListItem\",\"position\":3,\"name\":\"Reflective markings\"}]},{\"@type\":\"WebSite\",\"@id\":\"https:\\\/\\\/novacode.pl\\\/#website\",\"url\":\"https:\\\/\\\/novacode.pl\\\/\",\"name\":\"Drukarnia etykiet Novacode\",\"description\":\"Producent etykiet samoprzylepnych\",\"publisher\":{\"@id\":\"https:\\\/\\\/novacode.pl\\\/#organization\"},\"potentialAction\":[{\"@type\":\"SearchAction\",\"target\":{\"@type\":\"EntryPoint\",\"urlTemplate\":\"https:\\\/\\\/novacode.pl\\\/?s={search_term_string}\"},\"query-input\":{\"@type\":\"PropertyValueSpecification\",\"valueRequired\":true,\"valueName\":\"search_term_string\"}}],\"inLanguage\":\"en-US\"},{\"@type\":\"Organization\",\"@id\":\"https:\\\/\\\/novacode.pl\\\/#organization\",\"name\":\"Drukarnia etykiet Novacode\",\"url\":\"https:\\\/\\\/novacode.pl\\\/\",\"logo\":{\"@type\":\"ImageObject\",\"inLanguage\":\"en-US\",\"@id\":\"https:\\\/\\\/novacode.pl\\\/#\\\/schema\\\/logo\\\/image\\\/\",\"url\":\"https:\\\/\\\/novacode.pl\\\/wp-content\\\/uploads\\\/2022\\\/03\\\/cropped-favico.png\",\"contentUrl\":\"https:\\\/\\\/novacode.pl\\\/wp-content\\\/uploads\\\/2022\\\/03\\\/cropped-favico.png\",\"width\":512,\"height\":512,\"caption\":\"Drukarnia etykiet Novacode\"},\"image\":{\"@id\":\"https:\\\/\\\/novacode.pl\\\/#\\\/schema\\\/logo\\\/image\\\/\"},\"sameAs\":[\"https:\\\/\\\/www.facebook.com\\\/NovacodeOfficialPage\"]}]}<\/script>\n<!-- \/ Yoast SEO plugin. -->","yoast_head_json":{"title":"Reflective markings - Drukarnia etykiet Novacode","description":"Oznaczenia odblaskowe od producenta Novacode \u27a4 Produkujemy odblaskowe oznaczenia do fotelik\u00f3w rowerowych, przyczep i baga\u017cnik\u00f3w | Wysoka jako\u015b\u0107 i profesjonalne wyko\u0144czenie - Sprawd\u017a!","robots":{"index":"index","follow":"follow","max-snippet":"max-snippet:-1","max-image-preview":"max-image-preview:large","max-video-preview":"max-video-preview:-1"},"canonical":"https:\/\/novacode.pl\/en\/produkty\/specialist-labels\/reflective-markings\/","og_locale":"en_US","og_type":"article","og_title":"Reflective markings - Drukarnia etykiet Novacode","og_description":"Oznaczenia odblaskowe od producenta Novacode \u27a4 Produkujemy odblaskowe oznaczenia do fotelik\u00f3w rowerowych, przyczep i baga\u017cnik\u00f3w | Wysoka jako\u015b\u0107 i profesjonalne wyko\u0144czenie - Sprawd\u017a!","og_url":"https:\/\/novacode.pl\/en\/produkty\/specialist-labels\/reflective-markings\/","og_site_name":"Drukarnia etykiet Novacode","article_publisher":"https:\/\/www.facebook.com\/NovacodeOfficialPage","article_modified_time":"2023-07-19T09:01:59+00:00","og_image":[{"width":588,"height":588,"url":"https:\/\/novacode.pl\/wp-content\/uploads\/2022\/04\/odblaskowe_1-1.jpg","type":"image\/jpeg"}],"twitter_card":"summary_large_image","twitter_misc":{"Est. reading time":"1 minute"},"schema":{"@context":"https:\/\/schema.org","@graph":[{"@type":"WebPage","@id":"https:\/\/novacode.pl\/en\/produkty\/specialist-labels\/reflective-markings\/","url":"https:\/\/novacode.pl\/en\/produkty\/specialist-labels\/reflective-markings\/","name":"Reflective markings - Drukarnia etykiet Novacode","isPartOf":{"@id":"https:\/\/novacode.pl\/#website"},"primaryImageOfPage":{"@id":"https:\/\/novacode.pl\/en\/produkty\/specialist-labels\/reflective-markings\/#primaryimage"},"image":{"@id":"https:\/\/novacode.pl\/en\/produkty\/specialist-labels\/reflective-markings\/#primaryimage"},"thumbnailUrl":"https:\/\/novacode.pl\/wp-content\/uploads\/2022\/04\/odblaskowe_1-1.jpg","datePublished":"2022-04-20T13:22:50+00:00","dateModified":"2023-07-19T09:01:59+00:00","description":"Oznaczenia odblaskowe od producenta Novacode \u27a4 Produkujemy odblaskowe oznaczenia do fotelik\u00f3w rowerowych, przyczep i baga\u017cnik\u00f3w | Wysoka jako\u015b\u0107 i profesjonalne wyko\u0144czenie - Sprawd\u017a!","breadcrumb":{"@id":"https:\/\/novacode.pl\/en\/produkty\/specialist-labels\/reflective-markings\/#breadcrumb"},"inLanguage":"en-US","potentialAction":[{"@type":"ReadAction","target":["https:\/\/novacode.pl\/en\/produkty\/specialist-labels\/reflective-markings\/"]}]},{"@type":"ImageObject","inLanguage":"en-US","@id":"https:\/\/novacode.pl\/en\/produkty\/specialist-labels\/reflective-markings\/#primaryimage","url":"https:\/\/novacode.pl\/wp-content\/uploads\/2022\/04\/odblaskowe_1-1.jpg","contentUrl":"https:\/\/novacode.pl\/wp-content\/uploads\/2022\/04\/odblaskowe_1-1.jpg","width":588,"height":588,"caption":"Etykiety odblaskowe"},{"@type":"BreadcrumbList","@id":"https:\/\/novacode.pl\/en\/produkty\/specialist-labels\/reflective-markings\/#breadcrumb","itemListElement":[{"@type":"ListItem","position":1,"name":"Strona g\u0142\u00f3wna","item":"https:\/\/novacode.pl\/en\/"},{"@type":"ListItem","position":2,"name":"Shop","item":"https:\/\/novacode.pl\/en\/shop\/"},{"@type":"ListItem","position":3,"name":"Reflective markings"}]},{"@type":"WebSite","@id":"https:\/\/novacode.pl\/#website","url":"https:\/\/novacode.pl\/","name":"Drukarnia etykiet Novacode","description":"Producent etykiet samoprzylepnych","publisher":{"@id":"https:\/\/novacode.pl\/#organization"},"potentialAction":[{"@type":"SearchAction","target":{"@type":"EntryPoint","urlTemplate":"https:\/\/novacode.pl\/?s={search_term_string}"},"query-input":{"@type":"PropertyValueSpecification","valueRequired":true,"valueName":"search_term_string"}}],"inLanguage":"en-US"},{"@type":"Organization","@id":"https:\/\/novacode.pl\/#organization","name":"Drukarnia etykiet Novacode","url":"https:\/\/novacode.pl\/","logo":{"@type":"ImageObject","inLanguage":"en-US","@id":"https:\/\/novacode.pl\/#\/schema\/logo\/image\/","url":"https:\/\/novacode.pl\/wp-content\/uploads\/2022\/03\/cropped-favico.png","contentUrl":"https:\/\/novacode.pl\/wp-content\/uploads\/2022\/03\/cropped-favico.png","width":512,"height":512,"caption":"Drukarnia etykiet Novacode"},"image":{"@id":"https:\/\/novacode.pl\/#\/schema\/logo\/image\/"},"sameAs":["https:\/\/www.facebook.com\/NovacodeOfficialPage"]}]}},"_links":{"self":[{"href":"https:\/\/novacode.pl\/en\/wp-json\/wp\/v2\/product\/5046","targetHints":{"allow":["GET"]}}],"collection":[{"href":"https:\/\/novacode.pl\/en\/wp-json\/wp\/v2\/product"}],"about":[{"href":"https:\/\/novacode.pl\/en\/wp-json\/wp\/v2\/types\/product"}],"wp:featuredmedia":[{"embeddable":true,"href":"https:\/\/novacode.pl\/en\/wp-json\/wp\/v2\/media\/2777"}],"wp:attachment":[{"href":"https:\/\/novacode.pl\/en\/wp-json\/wp\/v2\/media?parent=5046"}],"wp:term":[{"taxonomy":"product_brand","embeddable":true,"href":"https:\/\/novacode.pl\/en\/wp-json\/wp\/v2\/product_brand?post=5046"},{"taxonomy":"product_cat","embeddable":true,"href":"https:\/\/novacode.pl\/en\/wp-json\/wp\/v2\/product_cat?post=5046"},{"taxonomy":"product_tag","embeddable":true,"href":"https:\/\/novacode.pl\/en\/wp-json\/wp\/v2\/product_tag?post=5046"}],"curies":[{"name":"wp","href":"https:\/\/api.w.org\/{rel}","templated":true}]}}