{"id":5042,"date":"2022-04-19T12:07:44","date_gmt":"2022-04-19T10:07:44","guid":{"rendered":"https:\/\/novacode.pl\/produkty\/uncategorized\/etykiety-wysokotemperaturowe\/"},"modified":"2023-10-12T14:47:45","modified_gmt":"2023-10-12T12:47:45","slug":"high-temperature-labels","status":"publish","type":"product","link":"https:\/\/novacode.pl\/en\/produkty\/specialist-labels\/high-temperature-labels\/","title":{"rendered":"High-temperature labels"},"content":{"rendered":"<p>High-temperature labels are used wherever a product is exposed to high temperatures during application, production or use. High-temperature labels can be produced as tags without adhesive or as self-adhesive labels. When selecting the appropriate raw material, it is important to take into account the conditions in which the label is applied, whether the heating is gradual, whether there is a so-called \u201cwave\u201d of heat, fo how long the label is in high temperature conditions.<\/p>\n<p>A special thermal transfer ribbon should be used for printing high-temperature labels.<\/p>\n<p>As a self-adhesive label printing house, we have the possibility to print high-temperature tags and labels using screen printing and digital printing methods. We also have the possibility to test the resistance of the printed labels in a special oven in our laboratory.<\/p>\n","protected":false},"excerpt":{"rendered":"<p>High-temperature labels are used wherever a product is exposed to high temperatures during application, production or use. High-temperature labels can&#8230;<\/p>\n","protected":false},"featured_media":2668,"template":"","meta":{"_acf_changed":false,"inline_featured_image":false},"product_brand":[],"product_cat":[102],"product_tag":[],"class_list":{"0":"post-5042","1":"product","2":"type-product","3":"status-publish","4":"has-post-thumbnail","6":"product_cat-specialist-labels","7":"industry-automotive-en","8":"industry-candles-and-decorative-items","9":"industry-construction-industry","10":"industry-electronics","11":"industry-industrial-labels","12":"industry-metallurgy","14":"first","15":"instock","16":"shipping-taxable","17":"product-type-simple"},"acf":[],"yoast_head":"<!-- This site is optimized with the Yoast SEO plugin v27.4 - https:\/\/yoast.com\/product\/yoast-seo-wordpress\/ -->\n<title>High-temperature labels - Drukarnia etykiet Novacode<\/title>\n<meta name=\"description\" content=\"Etykiety wysokotemperaturowe od producenta Novacode \u27a4 Etykiety specjalne wytrzyma\u0142e na dzia\u0142anie wysokich temperatur podczas aplikacji lub u\u017cytkowania | Sprawd\u017a!\" \/>\n<meta name=\"robots\" content=\"index, follow, max-snippet:-1, max-image-preview:large, max-video-preview:-1\" \/>\n<link rel=\"canonical\" href=\"https:\/\/novacode.pl\/en\/produkty\/specialist-labels\/high-temperature-labels\/\" \/>\n<meta property=\"og:locale\" content=\"en_US\" \/>\n<meta property=\"og:type\" content=\"article\" \/>\n<meta property=\"og:title\" content=\"High-temperature labels - Drukarnia etykiet Novacode\" \/>\n<meta property=\"og:description\" content=\"Etykiety wysokotemperaturowe od producenta Novacode \u27a4 Etykiety specjalne wytrzyma\u0142e na dzia\u0142anie wysokich temperatur podczas aplikacji lub u\u017cytkowania | Sprawd\u017a!\" \/>\n<meta property=\"og:url\" content=\"https:\/\/novacode.pl\/en\/produkty\/specialist-labels\/high-temperature-labels\/\" \/>\n<meta property=\"og:site_name\" content=\"Drukarnia etykiet Novacode\" \/>\n<meta property=\"article:publisher\" content=\"https:\/\/www.facebook.com\/NovacodeOfficialPage\" \/>\n<meta property=\"article:modified_time\" content=\"2023-10-12T12:47:45+00:00\" \/>\n<meta property=\"og:image\" content=\"https:\/\/novacode.pl\/wp-content\/uploads\/2022\/04\/etykiety-wysokotemperaturowe.jpg\" \/>\n\t<meta property=\"og:image:width\" content=\"684\" \/>\n\t<meta property=\"og:image:height\" content=\"680\" \/>\n\t<meta property=\"og:image:type\" content=\"image\/jpeg\" \/>\n<meta name=\"twitter:card\" content=\"summary_large_image\" \/>\n<meta name=\"twitter:label1\" content=\"Est. reading time\" \/>\n\t<meta name=\"twitter:data1\" content=\"1 minute\" \/>\n<script type=\"application\/ld+json\" class=\"yoast-schema-graph\">{\"@context\":\"https:\\\/\\\/schema.org\",\"@graph\":[{\"@type\":\"WebPage\",\"@id\":\"https:\\\/\\\/novacode.pl\\\/en\\\/produkty\\\/specialist-labels\\\/high-temperature-labels\\\/\",\"url\":\"https:\\\/\\\/novacode.pl\\\/en\\\/produkty\\\/specialist-labels\\\/high-temperature-labels\\\/\",\"name\":\"High-temperature labels - Drukarnia etykiet Novacode\",\"isPartOf\":{\"@id\":\"https:\\\/\\\/novacode.pl\\\/#website\"},\"primaryImageOfPage\":{\"@id\":\"https:\\\/\\\/novacode.pl\\\/en\\\/produkty\\\/specialist-labels\\\/high-temperature-labels\\\/#primaryimage\"},\"image\":{\"@id\":\"https:\\\/\\\/novacode.pl\\\/en\\\/produkty\\\/specialist-labels\\\/high-temperature-labels\\\/#primaryimage\"},\"thumbnailUrl\":\"https:\\\/\\\/novacode.pl\\\/wp-content\\\/uploads\\\/2022\\\/04\\\/etykiety-wysokotemperaturowe.jpg\",\"datePublished\":\"2022-04-19T10:07:44+00:00\",\"dateModified\":\"2023-10-12T12:47:45+00:00\",\"description\":\"Etykiety wysokotemperaturowe od producenta Novacode \u27a4 Etykiety specjalne wytrzyma\u0142e na dzia\u0142anie wysokich temperatur podczas aplikacji lub u\u017cytkowania | Sprawd\u017a!\",\"breadcrumb\":{\"@id\":\"https:\\\/\\\/novacode.pl\\\/en\\\/produkty\\\/specialist-labels\\\/high-temperature-labels\\\/#breadcrumb\"},\"inLanguage\":\"en-US\",\"potentialAction\":[{\"@type\":\"ReadAction\",\"target\":[\"https:\\\/\\\/novacode.pl\\\/en\\\/produkty\\\/specialist-labels\\\/high-temperature-labels\\\/\"]}]},{\"@type\":\"ImageObject\",\"inLanguage\":\"en-US\",\"@id\":\"https:\\\/\\\/novacode.pl\\\/en\\\/produkty\\\/specialist-labels\\\/high-temperature-labels\\\/#primaryimage\",\"url\":\"https:\\\/\\\/novacode.pl\\\/wp-content\\\/uploads\\\/2022\\\/04\\\/etykiety-wysokotemperaturowe.jpg\",\"contentUrl\":\"https:\\\/\\\/novacode.pl\\\/wp-content\\\/uploads\\\/2022\\\/04\\\/etykiety-wysokotemperaturowe.jpg\",\"width\":684,\"height\":680,\"caption\":\"etykiety wysokotemperaturowe\"},{\"@type\":\"BreadcrumbList\",\"@id\":\"https:\\\/\\\/novacode.pl\\\/en\\\/produkty\\\/specialist-labels\\\/high-temperature-labels\\\/#breadcrumb\",\"itemListElement\":[{\"@type\":\"ListItem\",\"position\":1,\"name\":\"Strona g\u0142\u00f3wna\",\"item\":\"https:\\\/\\\/novacode.pl\\\/en\\\/\"},{\"@type\":\"ListItem\",\"position\":2,\"name\":\"Shop\",\"item\":\"https:\\\/\\\/novacode.pl\\\/en\\\/shop\\\/\"},{\"@type\":\"ListItem\",\"position\":3,\"name\":\"High-temperature labels\"}]},{\"@type\":\"WebSite\",\"@id\":\"https:\\\/\\\/novacode.pl\\\/#website\",\"url\":\"https:\\\/\\\/novacode.pl\\\/\",\"name\":\"Drukarnia etykiet Novacode\",\"description\":\"Producent etykiet samoprzylepnych\",\"publisher\":{\"@id\":\"https:\\\/\\\/novacode.pl\\\/#organization\"},\"potentialAction\":[{\"@type\":\"SearchAction\",\"target\":{\"@type\":\"EntryPoint\",\"urlTemplate\":\"https:\\\/\\\/novacode.pl\\\/?s={search_term_string}\"},\"query-input\":{\"@type\":\"PropertyValueSpecification\",\"valueRequired\":true,\"valueName\":\"search_term_string\"}}],\"inLanguage\":\"en-US\"},{\"@type\":\"Organization\",\"@id\":\"https:\\\/\\\/novacode.pl\\\/#organization\",\"name\":\"Drukarnia etykiet Novacode\",\"url\":\"https:\\\/\\\/novacode.pl\\\/\",\"logo\":{\"@type\":\"ImageObject\",\"inLanguage\":\"en-US\",\"@id\":\"https:\\\/\\\/novacode.pl\\\/#\\\/schema\\\/logo\\\/image\\\/\",\"url\":\"https:\\\/\\\/novacode.pl\\\/wp-content\\\/uploads\\\/2022\\\/03\\\/cropped-favico.png\",\"contentUrl\":\"https:\\\/\\\/novacode.pl\\\/wp-content\\\/uploads\\\/2022\\\/03\\\/cropped-favico.png\",\"width\":512,\"height\":512,\"caption\":\"Drukarnia etykiet Novacode\"},\"image\":{\"@id\":\"https:\\\/\\\/novacode.pl\\\/#\\\/schema\\\/logo\\\/image\\\/\"},\"sameAs\":[\"https:\\\/\\\/www.facebook.com\\\/NovacodeOfficialPage\"]}]}<\/script>\n<!-- \/ Yoast SEO plugin. -->","yoast_head_json":{"title":"High-temperature labels - Drukarnia etykiet Novacode","description":"Etykiety wysokotemperaturowe od producenta Novacode \u27a4 Etykiety specjalne wytrzyma\u0142e na dzia\u0142anie wysokich temperatur podczas aplikacji lub u\u017cytkowania | Sprawd\u017a!","robots":{"index":"index","follow":"follow","max-snippet":"max-snippet:-1","max-image-preview":"max-image-preview:large","max-video-preview":"max-video-preview:-1"},"canonical":"https:\/\/novacode.pl\/en\/produkty\/specialist-labels\/high-temperature-labels\/","og_locale":"en_US","og_type":"article","og_title":"High-temperature labels - Drukarnia etykiet Novacode","og_description":"Etykiety wysokotemperaturowe od producenta Novacode \u27a4 Etykiety specjalne wytrzyma\u0142e na dzia\u0142anie wysokich temperatur podczas aplikacji lub u\u017cytkowania | Sprawd\u017a!","og_url":"https:\/\/novacode.pl\/en\/produkty\/specialist-labels\/high-temperature-labels\/","og_site_name":"Drukarnia etykiet Novacode","article_publisher":"https:\/\/www.facebook.com\/NovacodeOfficialPage","article_modified_time":"2023-10-12T12:47:45+00:00","og_image":[{"width":684,"height":680,"url":"https:\/\/novacode.pl\/wp-content\/uploads\/2022\/04\/etykiety-wysokotemperaturowe.jpg","type":"image\/jpeg"}],"twitter_card":"summary_large_image","twitter_misc":{"Est. reading time":"1 minute"},"schema":{"@context":"https:\/\/schema.org","@graph":[{"@type":"WebPage","@id":"https:\/\/novacode.pl\/en\/produkty\/specialist-labels\/high-temperature-labels\/","url":"https:\/\/novacode.pl\/en\/produkty\/specialist-labels\/high-temperature-labels\/","name":"High-temperature labels - Drukarnia etykiet Novacode","isPartOf":{"@id":"https:\/\/novacode.pl\/#website"},"primaryImageOfPage":{"@id":"https:\/\/novacode.pl\/en\/produkty\/specialist-labels\/high-temperature-labels\/#primaryimage"},"image":{"@id":"https:\/\/novacode.pl\/en\/produkty\/specialist-labels\/high-temperature-labels\/#primaryimage"},"thumbnailUrl":"https:\/\/novacode.pl\/wp-content\/uploads\/2022\/04\/etykiety-wysokotemperaturowe.jpg","datePublished":"2022-04-19T10:07:44+00:00","dateModified":"2023-10-12T12:47:45+00:00","description":"Etykiety wysokotemperaturowe od producenta Novacode \u27a4 Etykiety specjalne wytrzyma\u0142e na dzia\u0142anie wysokich temperatur podczas aplikacji lub u\u017cytkowania | Sprawd\u017a!","breadcrumb":{"@id":"https:\/\/novacode.pl\/en\/produkty\/specialist-labels\/high-temperature-labels\/#breadcrumb"},"inLanguage":"en-US","potentialAction":[{"@type":"ReadAction","target":["https:\/\/novacode.pl\/en\/produkty\/specialist-labels\/high-temperature-labels\/"]}]},{"@type":"ImageObject","inLanguage":"en-US","@id":"https:\/\/novacode.pl\/en\/produkty\/specialist-labels\/high-temperature-labels\/#primaryimage","url":"https:\/\/novacode.pl\/wp-content\/uploads\/2022\/04\/etykiety-wysokotemperaturowe.jpg","contentUrl":"https:\/\/novacode.pl\/wp-content\/uploads\/2022\/04\/etykiety-wysokotemperaturowe.jpg","width":684,"height":680,"caption":"etykiety wysokotemperaturowe"},{"@type":"BreadcrumbList","@id":"https:\/\/novacode.pl\/en\/produkty\/specialist-labels\/high-temperature-labels\/#breadcrumb","itemListElement":[{"@type":"ListItem","position":1,"name":"Strona g\u0142\u00f3wna","item":"https:\/\/novacode.pl\/en\/"},{"@type":"ListItem","position":2,"name":"Shop","item":"https:\/\/novacode.pl\/en\/shop\/"},{"@type":"ListItem","position":3,"name":"High-temperature labels"}]},{"@type":"WebSite","@id":"https:\/\/novacode.pl\/#website","url":"https:\/\/novacode.pl\/","name":"Drukarnia etykiet Novacode","description":"Producent etykiet samoprzylepnych","publisher":{"@id":"https:\/\/novacode.pl\/#organization"},"potentialAction":[{"@type":"SearchAction","target":{"@type":"EntryPoint","urlTemplate":"https:\/\/novacode.pl\/?s={search_term_string}"},"query-input":{"@type":"PropertyValueSpecification","valueRequired":true,"valueName":"search_term_string"}}],"inLanguage":"en-US"},{"@type":"Organization","@id":"https:\/\/novacode.pl\/#organization","name":"Drukarnia etykiet Novacode","url":"https:\/\/novacode.pl\/","logo":{"@type":"ImageObject","inLanguage":"en-US","@id":"https:\/\/novacode.pl\/#\/schema\/logo\/image\/","url":"https:\/\/novacode.pl\/wp-content\/uploads\/2022\/03\/cropped-favico.png","contentUrl":"https:\/\/novacode.pl\/wp-content\/uploads\/2022\/03\/cropped-favico.png","width":512,"height":512,"caption":"Drukarnia etykiet Novacode"},"image":{"@id":"https:\/\/novacode.pl\/#\/schema\/logo\/image\/"},"sameAs":["https:\/\/www.facebook.com\/NovacodeOfficialPage"]}]}},"_links":{"self":[{"href":"https:\/\/novacode.pl\/en\/wp-json\/wp\/v2\/product\/5042","targetHints":{"allow":["GET"]}}],"collection":[{"href":"https:\/\/novacode.pl\/en\/wp-json\/wp\/v2\/product"}],"about":[{"href":"https:\/\/novacode.pl\/en\/wp-json\/wp\/v2\/types\/product"}],"wp:featuredmedia":[{"embeddable":true,"href":"https:\/\/novacode.pl\/en\/wp-json\/wp\/v2\/media\/2668"}],"wp:attachment":[{"href":"https:\/\/novacode.pl\/en\/wp-json\/wp\/v2\/media?parent=5042"}],"wp:term":[{"taxonomy":"product_brand","embeddable":true,"href":"https:\/\/novacode.pl\/en\/wp-json\/wp\/v2\/product_brand?post=5042"},{"taxonomy":"product_cat","embeddable":true,"href":"https:\/\/novacode.pl\/en\/wp-json\/wp\/v2\/product_cat?post=5042"},{"taxonomy":"product_tag","embeddable":true,"href":"https:\/\/novacode.pl\/en\/wp-json\/wp\/v2\/product_tag?post=5042"}],"curies":[{"name":"wp","href":"https:\/\/api.w.org\/{rel}","templated":true}]}}