{"id":5032,"date":"2022-07-12T13:22:59","date_gmt":"2022-07-12T11:22:59","guid":{"rendered":"https:\/\/novacode.pl\/produkty\/uncategorized\/etykiety-magazynowe\/"},"modified":"2023-10-06T14:48:25","modified_gmt":"2023-10-06T12:48:25","slug":"warehouse-labels","status":"publish","type":"product","link":"https:\/\/novacode.pl\/en\/produkty\/specialist-labels\/warehouse-labels\/","title":{"rendered":"Warehouse labels"},"content":{"rendered":"<p>As a manufacturer of specialised labels and supplier of printers, terminals and warehouse management software, we offer our customers comprehensive warehouse labelling solutions. Warehouse labels for rack marking enable the data on them to be read and goods or semi-finished products to be located efficiently.<\/p>\n<p>In high-bay warehouses, special warehouse labels made of retroreflective film are used, which make it possible to scan barcodes from long distances.<\/p>\n<p>Magnetic labels are used when large shelf areas need to be marked or for temporary and variable marking.<\/p>\n<p>In the marking of storage areas, the warehouse labels can be placed on the floor. In such conditions of use, the label should be particularly resistant to mechanical damage and the printing should remain legible. At our label printing house we have developed a solution that is successfully used in the production halls and warehouses of our customers.<\/p>\n","protected":false},"excerpt":{"rendered":"<p>As a manufacturer of specialised labels and supplier of printers, terminals and warehouse management software, we offer our customers comprehensive&#8230;<\/p>\n","protected":false},"featured_media":2659,"template":"","meta":{"_acf_changed":false,"inline_featured_image":false},"product_brand":[],"product_cat":[102],"product_tag":[],"class_list":{"0":"post-5032","1":"product","2":"type-product","3":"status-publish","4":"has-post-thumbnail","6":"product_cat-specialist-labels","7":"industry-alcoholic-beverages","8":"industry-automotive-en","9":"industry-candles-and-decorative-items","10":"industry-clothing-and-footwear","11":"industry-construction-industry","12":"industry-electronics","13":"industry-food-industry","14":"industry-furniture","15":"industry-gardening","16":"industry-home-electronics-and-appliances","17":"industry-household-chemicals-and-household-goods","18":"industry-industrial-labels","19":"industry-cosmetics","20":"industry-logistics","21":"industry-metallurgy","22":"industry-nail-polishes","23":"industry-pharmacy","25":"first","26":"instock","27":"shipping-taxable","28":"product-type-simple"},"acf":[],"yoast_head":"<!-- This site is optimized with the Yoast SEO plugin v27.4 - https:\/\/yoast.com\/product\/yoast-seo-wordpress\/ -->\n<title>Etykiety magazynowe | Oznaczenia na rega\u0142y magazynowe, naklejki odette - Drukarnia etykiet Novacode<\/title>\n<meta name=\"description\" content=\"Etykiety magazynowe od producenta Novacode \u27a4 Zam\u00f3w etykiety samoprzylepne na rega\u0142y magazynowe z nadrukiem \u2713 Wysoka jako\u015b\u0107 i trwa\u0142o\u015b\u0107 - sprawd\u017a!\" \/>\n<meta name=\"robots\" content=\"index, follow, max-snippet:-1, max-image-preview:large, max-video-preview:-1\" \/>\n<link rel=\"canonical\" href=\"https:\/\/novacode.pl\/en\/produkty\/specialist-labels\/warehouse-labels\/\" \/>\n<meta property=\"og:locale\" content=\"en_US\" \/>\n<meta property=\"og:type\" content=\"article\" \/>\n<meta property=\"og:title\" content=\"Etykiety magazynowe | Oznaczenia na rega\u0142y magazynowe, naklejki odette - Drukarnia etykiet Novacode\" \/>\n<meta property=\"og:description\" content=\"Etykiety magazynowe od producenta Novacode \u27a4 Zam\u00f3w etykiety samoprzylepne na rega\u0142y magazynowe z nadrukiem \u2713 Wysoka jako\u015b\u0107 i trwa\u0142o\u015b\u0107 - sprawd\u017a!\" \/>\n<meta property=\"og:url\" content=\"https:\/\/novacode.pl\/en\/produkty\/specialist-labels\/warehouse-labels\/\" \/>\n<meta property=\"og:site_name\" content=\"Drukarnia etykiet Novacode\" \/>\n<meta property=\"article:publisher\" content=\"https:\/\/www.facebook.com\/NovacodeOfficialPage\" \/>\n<meta property=\"article:modified_time\" content=\"2023-10-06T12:48:25+00:00\" \/>\n<meta property=\"og:image\" content=\"https:\/\/novacode.pl\/wp-content\/uploads\/2022\/04\/etykiety-magazynowe-i-produktowe.jpg\" \/>\n\t<meta property=\"og:image:width\" content=\"684\" \/>\n\t<meta property=\"og:image:height\" content=\"680\" \/>\n\t<meta property=\"og:image:type\" content=\"image\/jpeg\" \/>\n<meta name=\"twitter:card\" content=\"summary_large_image\" \/>\n<meta name=\"twitter:label1\" content=\"Est. reading time\" \/>\n\t<meta name=\"twitter:data1\" content=\"1 minute\" \/>\n<script type=\"application\/ld+json\" class=\"yoast-schema-graph\">{\"@context\":\"https:\\\/\\\/schema.org\",\"@graph\":[{\"@type\":\"WebPage\",\"@id\":\"https:\\\/\\\/novacode.pl\\\/en\\\/produkty\\\/specialist-labels\\\/warehouse-labels\\\/\",\"url\":\"https:\\\/\\\/novacode.pl\\\/en\\\/produkty\\\/specialist-labels\\\/warehouse-labels\\\/\",\"name\":\"Etykiety magazynowe | Oznaczenia na rega\u0142y magazynowe, naklejki odette - Drukarnia etykiet Novacode\",\"isPartOf\":{\"@id\":\"https:\\\/\\\/novacode.pl\\\/#website\"},\"primaryImageOfPage\":{\"@id\":\"https:\\\/\\\/novacode.pl\\\/en\\\/produkty\\\/specialist-labels\\\/warehouse-labels\\\/#primaryimage\"},\"image\":{\"@id\":\"https:\\\/\\\/novacode.pl\\\/en\\\/produkty\\\/specialist-labels\\\/warehouse-labels\\\/#primaryimage\"},\"thumbnailUrl\":\"https:\\\/\\\/novacode.pl\\\/wp-content\\\/uploads\\\/2022\\\/04\\\/etykiety-magazynowe-i-produktowe.jpg\",\"datePublished\":\"2022-07-12T11:22:59+00:00\",\"dateModified\":\"2023-10-06T12:48:25+00:00\",\"description\":\"Etykiety magazynowe od producenta Novacode \u27a4 Zam\u00f3w etykiety samoprzylepne na rega\u0142y magazynowe z nadrukiem \u2713 Wysoka jako\u015b\u0107 i trwa\u0142o\u015b\u0107 - sprawd\u017a!\",\"breadcrumb\":{\"@id\":\"https:\\\/\\\/novacode.pl\\\/en\\\/produkty\\\/specialist-labels\\\/warehouse-labels\\\/#breadcrumb\"},\"inLanguage\":\"en-US\",\"potentialAction\":[{\"@type\":\"ReadAction\",\"target\":[\"https:\\\/\\\/novacode.pl\\\/en\\\/produkty\\\/specialist-labels\\\/warehouse-labels\\\/\"]}]},{\"@type\":\"ImageObject\",\"inLanguage\":\"en-US\",\"@id\":\"https:\\\/\\\/novacode.pl\\\/en\\\/produkty\\\/specialist-labels\\\/warehouse-labels\\\/#primaryimage\",\"url\":\"https:\\\/\\\/novacode.pl\\\/wp-content\\\/uploads\\\/2022\\\/04\\\/etykiety-magazynowe-i-produktowe.jpg\",\"contentUrl\":\"https:\\\/\\\/novacode.pl\\\/wp-content\\\/uploads\\\/2022\\\/04\\\/etykiety-magazynowe-i-produktowe.jpg\",\"width\":684,\"height\":680,\"caption\":\"etykiety magazynowe i produktowe\"},{\"@type\":\"BreadcrumbList\",\"@id\":\"https:\\\/\\\/novacode.pl\\\/en\\\/produkty\\\/specialist-labels\\\/warehouse-labels\\\/#breadcrumb\",\"itemListElement\":[{\"@type\":\"ListItem\",\"position\":1,\"name\":\"Strona g\u0142\u00f3wna\",\"item\":\"https:\\\/\\\/novacode.pl\\\/en\\\/\"},{\"@type\":\"ListItem\",\"position\":2,\"name\":\"Shop\",\"item\":\"https:\\\/\\\/novacode.pl\\\/en\\\/shop\\\/\"},{\"@type\":\"ListItem\",\"position\":3,\"name\":\"Warehouse labels\"}]},{\"@type\":\"WebSite\",\"@id\":\"https:\\\/\\\/novacode.pl\\\/#website\",\"url\":\"https:\\\/\\\/novacode.pl\\\/\",\"name\":\"Drukarnia etykiet Novacode\",\"description\":\"Producent etykiet samoprzylepnych\",\"publisher\":{\"@id\":\"https:\\\/\\\/novacode.pl\\\/#organization\"},\"potentialAction\":[{\"@type\":\"SearchAction\",\"target\":{\"@type\":\"EntryPoint\",\"urlTemplate\":\"https:\\\/\\\/novacode.pl\\\/?s={search_term_string}\"},\"query-input\":{\"@type\":\"PropertyValueSpecification\",\"valueRequired\":true,\"valueName\":\"search_term_string\"}}],\"inLanguage\":\"en-US\"},{\"@type\":\"Organization\",\"@id\":\"https:\\\/\\\/novacode.pl\\\/#organization\",\"name\":\"Drukarnia etykiet Novacode\",\"url\":\"https:\\\/\\\/novacode.pl\\\/\",\"logo\":{\"@type\":\"ImageObject\",\"inLanguage\":\"en-US\",\"@id\":\"https:\\\/\\\/novacode.pl\\\/#\\\/schema\\\/logo\\\/image\\\/\",\"url\":\"https:\\\/\\\/novacode.pl\\\/wp-content\\\/uploads\\\/2022\\\/03\\\/cropped-favico.png\",\"contentUrl\":\"https:\\\/\\\/novacode.pl\\\/wp-content\\\/uploads\\\/2022\\\/03\\\/cropped-favico.png\",\"width\":512,\"height\":512,\"caption\":\"Drukarnia etykiet Novacode\"},\"image\":{\"@id\":\"https:\\\/\\\/novacode.pl\\\/#\\\/schema\\\/logo\\\/image\\\/\"},\"sameAs\":[\"https:\\\/\\\/www.facebook.com\\\/NovacodeOfficialPage\"]}]}<\/script>\n<!-- \/ Yoast SEO plugin. -->","yoast_head_json":{"title":"Etykiety magazynowe | Oznaczenia na rega\u0142y magazynowe, naklejki odette - Drukarnia etykiet Novacode","description":"Etykiety magazynowe od producenta Novacode \u27a4 Zam\u00f3w etykiety samoprzylepne na rega\u0142y magazynowe z nadrukiem \u2713 Wysoka jako\u015b\u0107 i trwa\u0142o\u015b\u0107 - sprawd\u017a!","robots":{"index":"index","follow":"follow","max-snippet":"max-snippet:-1","max-image-preview":"max-image-preview:large","max-video-preview":"max-video-preview:-1"},"canonical":"https:\/\/novacode.pl\/en\/produkty\/specialist-labels\/warehouse-labels\/","og_locale":"en_US","og_type":"article","og_title":"Etykiety magazynowe | Oznaczenia na rega\u0142y magazynowe, naklejki odette - Drukarnia etykiet Novacode","og_description":"Etykiety magazynowe od producenta Novacode \u27a4 Zam\u00f3w etykiety samoprzylepne na rega\u0142y magazynowe z nadrukiem \u2713 Wysoka jako\u015b\u0107 i trwa\u0142o\u015b\u0107 - sprawd\u017a!","og_url":"https:\/\/novacode.pl\/en\/produkty\/specialist-labels\/warehouse-labels\/","og_site_name":"Drukarnia etykiet Novacode","article_publisher":"https:\/\/www.facebook.com\/NovacodeOfficialPage","article_modified_time":"2023-10-06T12:48:25+00:00","og_image":[{"width":684,"height":680,"url":"https:\/\/novacode.pl\/wp-content\/uploads\/2022\/04\/etykiety-magazynowe-i-produktowe.jpg","type":"image\/jpeg"}],"twitter_card":"summary_large_image","twitter_misc":{"Est. reading time":"1 minute"},"schema":{"@context":"https:\/\/schema.org","@graph":[{"@type":"WebPage","@id":"https:\/\/novacode.pl\/en\/produkty\/specialist-labels\/warehouse-labels\/","url":"https:\/\/novacode.pl\/en\/produkty\/specialist-labels\/warehouse-labels\/","name":"Etykiety magazynowe | Oznaczenia na rega\u0142y magazynowe, naklejki odette - Drukarnia etykiet Novacode","isPartOf":{"@id":"https:\/\/novacode.pl\/#website"},"primaryImageOfPage":{"@id":"https:\/\/novacode.pl\/en\/produkty\/specialist-labels\/warehouse-labels\/#primaryimage"},"image":{"@id":"https:\/\/novacode.pl\/en\/produkty\/specialist-labels\/warehouse-labels\/#primaryimage"},"thumbnailUrl":"https:\/\/novacode.pl\/wp-content\/uploads\/2022\/04\/etykiety-magazynowe-i-produktowe.jpg","datePublished":"2022-07-12T11:22:59+00:00","dateModified":"2023-10-06T12:48:25+00:00","description":"Etykiety magazynowe od producenta Novacode \u27a4 Zam\u00f3w etykiety samoprzylepne na rega\u0142y magazynowe z nadrukiem \u2713 Wysoka jako\u015b\u0107 i trwa\u0142o\u015b\u0107 - sprawd\u017a!","breadcrumb":{"@id":"https:\/\/novacode.pl\/en\/produkty\/specialist-labels\/warehouse-labels\/#breadcrumb"},"inLanguage":"en-US","potentialAction":[{"@type":"ReadAction","target":["https:\/\/novacode.pl\/en\/produkty\/specialist-labels\/warehouse-labels\/"]}]},{"@type":"ImageObject","inLanguage":"en-US","@id":"https:\/\/novacode.pl\/en\/produkty\/specialist-labels\/warehouse-labels\/#primaryimage","url":"https:\/\/novacode.pl\/wp-content\/uploads\/2022\/04\/etykiety-magazynowe-i-produktowe.jpg","contentUrl":"https:\/\/novacode.pl\/wp-content\/uploads\/2022\/04\/etykiety-magazynowe-i-produktowe.jpg","width":684,"height":680,"caption":"etykiety magazynowe i produktowe"},{"@type":"BreadcrumbList","@id":"https:\/\/novacode.pl\/en\/produkty\/specialist-labels\/warehouse-labels\/#breadcrumb","itemListElement":[{"@type":"ListItem","position":1,"name":"Strona g\u0142\u00f3wna","item":"https:\/\/novacode.pl\/en\/"},{"@type":"ListItem","position":2,"name":"Shop","item":"https:\/\/novacode.pl\/en\/shop\/"},{"@type":"ListItem","position":3,"name":"Warehouse labels"}]},{"@type":"WebSite","@id":"https:\/\/novacode.pl\/#website","url":"https:\/\/novacode.pl\/","name":"Drukarnia etykiet Novacode","description":"Producent etykiet samoprzylepnych","publisher":{"@id":"https:\/\/novacode.pl\/#organization"},"potentialAction":[{"@type":"SearchAction","target":{"@type":"EntryPoint","urlTemplate":"https:\/\/novacode.pl\/?s={search_term_string}"},"query-input":{"@type":"PropertyValueSpecification","valueRequired":true,"valueName":"search_term_string"}}],"inLanguage":"en-US"},{"@type":"Organization","@id":"https:\/\/novacode.pl\/#organization","name":"Drukarnia etykiet Novacode","url":"https:\/\/novacode.pl\/","logo":{"@type":"ImageObject","inLanguage":"en-US","@id":"https:\/\/novacode.pl\/#\/schema\/logo\/image\/","url":"https:\/\/novacode.pl\/wp-content\/uploads\/2022\/03\/cropped-favico.png","contentUrl":"https:\/\/novacode.pl\/wp-content\/uploads\/2022\/03\/cropped-favico.png","width":512,"height":512,"caption":"Drukarnia etykiet Novacode"},"image":{"@id":"https:\/\/novacode.pl\/#\/schema\/logo\/image\/"},"sameAs":["https:\/\/www.facebook.com\/NovacodeOfficialPage"]}]}},"_links":{"self":[{"href":"https:\/\/novacode.pl\/en\/wp-json\/wp\/v2\/product\/5032","targetHints":{"allow":["GET"]}}],"collection":[{"href":"https:\/\/novacode.pl\/en\/wp-json\/wp\/v2\/product"}],"about":[{"href":"https:\/\/novacode.pl\/en\/wp-json\/wp\/v2\/types\/product"}],"wp:featuredmedia":[{"embeddable":true,"href":"https:\/\/novacode.pl\/en\/wp-json\/wp\/v2\/media\/2659"}],"wp:attachment":[{"href":"https:\/\/novacode.pl\/en\/wp-json\/wp\/v2\/media?parent=5032"}],"wp:term":[{"taxonomy":"product_brand","embeddable":true,"href":"https:\/\/novacode.pl\/en\/wp-json\/wp\/v2\/product_brand?post=5032"},{"taxonomy":"product_cat","embeddable":true,"href":"https:\/\/novacode.pl\/en\/wp-json\/wp\/v2\/product_cat?post=5032"},{"taxonomy":"product_tag","embeddable":true,"href":"https:\/\/novacode.pl\/en\/wp-json\/wp\/v2\/product_tag?post=5032"}],"curies":[{"name":"wp","href":"https:\/\/api.w.org\/{rel}","templated":true}]}}