{"id":5023,"date":"2022-04-20T12:53:03","date_gmt":"2022-04-20T10:53:03","guid":{"rendered":"https:\/\/novacode.pl\/produkty\/uncategorized\/owijki-na-worki-na-smieci\/"},"modified":"2023-10-06T14:13:50","modified_gmt":"2023-10-06T12:13:50","slug":"wraps-for-garbage-bags","status":"publish","type":"product","link":"https:\/\/novacode.pl\/en\/produkty\/decorative-labels\/wraps-for-garbage-bags\/","title":{"rendered":"Wraps for garbage bags"},"content":{"rendered":"<p>The wrappers are made of gummed paper with dry glue activated with water. On the top side, it is possible to make a multi-colour print with numerous decoration techniques. We have the technical capability to mark the wrappers with a unique batch number using Ink-Jet technology. The wrappers are most often used to wrap garbage bags.<\/p>\n<p>The wrappers can be fitted with a tear strip (so called \u201cQuick Strip\u201d or \u201cEasy Open\u201d) to facilitate tearing. We have developed a unique solution for this type of product. Thanks to the appropriate angle of the tear-off strip, the packaging tears in accordance with the natural movement of the hand, which significantly improves the comfort of using the product. In addition, the tear strip is made of paper, so that the entire pack can be treated as uniform paper waste after opening.<\/p>\n<p>Our solution has industrial design protection at the EUIPO.<\/p>\n","protected":false},"excerpt":{"rendered":"<p>The wrappers are made of gummed paper with dry glue activated with water. On the top side, it is possible&#8230;<\/p>\n","protected":false},"featured_media":3199,"template":"","meta":{"_acf_changed":false,"inline_featured_image":false},"product_brand":[],"product_cat":[100],"product_tag":[],"class_list":{"0":"post-5023","1":"product","2":"type-product","3":"status-publish","4":"has-post-thumbnail","6":"product_cat-decorative-labels","7":"industry-household-chemicals-and-household-goods","8":"industry-industrial-labels","9":"industry-logistics","11":"first","12":"instock","13":"shipping-taxable","14":"product-type-simple"},"acf":[],"yoast_head":"<!-- This site is optimized with the Yoast SEO plugin v27.4 - https:\/\/yoast.com\/product\/yoast-seo-wordpress\/ -->\n<title>Owijki na worki na \u015bmieci | Etykiety na worki - Drukarnia etykiet Novacode<\/title>\n<meta name=\"description\" content=\"Owijki na worki na \u015bmieci z drukarni etykiet Novacode \u27a4 Oferujemy etykiety z nadrukiem i paskiem zrywnym do oznaczania work\u00f3w na \u015bmieci | Sprawd\u017a!\" \/>\n<meta name=\"robots\" content=\"index, follow, max-snippet:-1, max-image-preview:large, max-video-preview:-1\" \/>\n<link rel=\"canonical\" href=\"https:\/\/novacode.pl\/en\/produkty\/decorative-labels\/wraps-for-garbage-bags\/\" \/>\n<meta property=\"og:locale\" content=\"en_US\" \/>\n<meta property=\"og:type\" content=\"article\" \/>\n<meta property=\"og:title\" content=\"Owijki na worki na \u015bmieci | Etykiety na worki - Drukarnia etykiet Novacode\" \/>\n<meta property=\"og:description\" content=\"Owijki na worki na \u015bmieci z drukarni etykiet Novacode \u27a4 Oferujemy etykiety z nadrukiem i paskiem zrywnym do oznaczania work\u00f3w na \u015bmieci | Sprawd\u017a!\" \/>\n<meta property=\"og:url\" content=\"https:\/\/novacode.pl\/en\/produkty\/decorative-labels\/wraps-for-garbage-bags\/\" \/>\n<meta property=\"og:site_name\" content=\"Drukarnia etykiet Novacode\" \/>\n<meta property=\"article:publisher\" content=\"https:\/\/www.facebook.com\/NovacodeOfficialPage\" \/>\n<meta property=\"article:modified_time\" content=\"2023-10-06T12:13:50+00:00\" \/>\n<meta property=\"og:image\" content=\"https:\/\/novacode.pl\/wp-content\/uploads\/2022\/04\/owijki.jpg\" \/>\n\t<meta property=\"og:image:width\" content=\"1280\" \/>\n\t<meta property=\"og:image:height\" content=\"1280\" \/>\n\t<meta property=\"og:image:type\" content=\"image\/jpeg\" \/>\n<meta name=\"twitter:card\" content=\"summary_large_image\" \/>\n<meta name=\"twitter:label1\" content=\"Est. reading time\" \/>\n\t<meta name=\"twitter:data1\" content=\"1 minute\" \/>\n<script type=\"application\/ld+json\" class=\"yoast-schema-graph\">{\"@context\":\"https:\\\/\\\/schema.org\",\"@graph\":[{\"@type\":\"WebPage\",\"@id\":\"https:\\\/\\\/novacode.pl\\\/en\\\/produkty\\\/decorative-labels\\\/wraps-for-garbage-bags\\\/\",\"url\":\"https:\\\/\\\/novacode.pl\\\/en\\\/produkty\\\/decorative-labels\\\/wraps-for-garbage-bags\\\/\",\"name\":\"Owijki na worki na \u015bmieci | Etykiety na worki - Drukarnia etykiet Novacode\",\"isPartOf\":{\"@id\":\"https:\\\/\\\/novacode.pl\\\/#website\"},\"primaryImageOfPage\":{\"@id\":\"https:\\\/\\\/novacode.pl\\\/en\\\/produkty\\\/decorative-labels\\\/wraps-for-garbage-bags\\\/#primaryimage\"},\"image\":{\"@id\":\"https:\\\/\\\/novacode.pl\\\/en\\\/produkty\\\/decorative-labels\\\/wraps-for-garbage-bags\\\/#primaryimage\"},\"thumbnailUrl\":\"https:\\\/\\\/novacode.pl\\\/wp-content\\\/uploads\\\/2022\\\/04\\\/owijki.jpg\",\"datePublished\":\"2022-04-20T10:53:03+00:00\",\"dateModified\":\"2023-10-06T12:13:50+00:00\",\"description\":\"Owijki na worki na \u015bmieci z drukarni etykiet Novacode \u27a4 Oferujemy etykiety z nadrukiem i paskiem zrywnym do oznaczania work\u00f3w na \u015bmieci | Sprawd\u017a!\",\"breadcrumb\":{\"@id\":\"https:\\\/\\\/novacode.pl\\\/en\\\/produkty\\\/decorative-labels\\\/wraps-for-garbage-bags\\\/#breadcrumb\"},\"inLanguage\":\"en-US\",\"potentialAction\":[{\"@type\":\"ReadAction\",\"target\":[\"https:\\\/\\\/novacode.pl\\\/en\\\/produkty\\\/decorative-labels\\\/wraps-for-garbage-bags\\\/\"]}]},{\"@type\":\"ImageObject\",\"inLanguage\":\"en-US\",\"@id\":\"https:\\\/\\\/novacode.pl\\\/en\\\/produkty\\\/decorative-labels\\\/wraps-for-garbage-bags\\\/#primaryimage\",\"url\":\"https:\\\/\\\/novacode.pl\\\/wp-content\\\/uploads\\\/2022\\\/04\\\/owijki.jpg\",\"contentUrl\":\"https:\\\/\\\/novacode.pl\\\/wp-content\\\/uploads\\\/2022\\\/04\\\/owijki.jpg\",\"width\":1280,\"height\":1280,\"caption\":\"Owijki i etykiety na worki na \u015bmieci\"},{\"@type\":\"BreadcrumbList\",\"@id\":\"https:\\\/\\\/novacode.pl\\\/en\\\/produkty\\\/decorative-labels\\\/wraps-for-garbage-bags\\\/#breadcrumb\",\"itemListElement\":[{\"@type\":\"ListItem\",\"position\":1,\"name\":\"Strona g\u0142\u00f3wna\",\"item\":\"https:\\\/\\\/novacode.pl\\\/en\\\/\"},{\"@type\":\"ListItem\",\"position\":2,\"name\":\"Shop\",\"item\":\"https:\\\/\\\/novacode.pl\\\/en\\\/shop\\\/\"},{\"@type\":\"ListItem\",\"position\":3,\"name\":\"Wraps for garbage bags\"}]},{\"@type\":\"WebSite\",\"@id\":\"https:\\\/\\\/novacode.pl\\\/#website\",\"url\":\"https:\\\/\\\/novacode.pl\\\/\",\"name\":\"Drukarnia etykiet Novacode\",\"description\":\"Producent etykiet samoprzylepnych\",\"publisher\":{\"@id\":\"https:\\\/\\\/novacode.pl\\\/#organization\"},\"potentialAction\":[{\"@type\":\"SearchAction\",\"target\":{\"@type\":\"EntryPoint\",\"urlTemplate\":\"https:\\\/\\\/novacode.pl\\\/?s={search_term_string}\"},\"query-input\":{\"@type\":\"PropertyValueSpecification\",\"valueRequired\":true,\"valueName\":\"search_term_string\"}}],\"inLanguage\":\"en-US\"},{\"@type\":\"Organization\",\"@id\":\"https:\\\/\\\/novacode.pl\\\/#organization\",\"name\":\"Drukarnia etykiet Novacode\",\"url\":\"https:\\\/\\\/novacode.pl\\\/\",\"logo\":{\"@type\":\"ImageObject\",\"inLanguage\":\"en-US\",\"@id\":\"https:\\\/\\\/novacode.pl\\\/#\\\/schema\\\/logo\\\/image\\\/\",\"url\":\"https:\\\/\\\/novacode.pl\\\/wp-content\\\/uploads\\\/2022\\\/03\\\/cropped-favico.png\",\"contentUrl\":\"https:\\\/\\\/novacode.pl\\\/wp-content\\\/uploads\\\/2022\\\/03\\\/cropped-favico.png\",\"width\":512,\"height\":512,\"caption\":\"Drukarnia etykiet Novacode\"},\"image\":{\"@id\":\"https:\\\/\\\/novacode.pl\\\/#\\\/schema\\\/logo\\\/image\\\/\"},\"sameAs\":[\"https:\\\/\\\/www.facebook.com\\\/NovacodeOfficialPage\"]}]}<\/script>\n<!-- \/ Yoast SEO plugin. -->","yoast_head_json":{"title":"Owijki na worki na \u015bmieci | Etykiety na worki - Drukarnia etykiet Novacode","description":"Owijki na worki na \u015bmieci z drukarni etykiet Novacode \u27a4 Oferujemy etykiety z nadrukiem i paskiem zrywnym do oznaczania work\u00f3w na \u015bmieci | Sprawd\u017a!","robots":{"index":"index","follow":"follow","max-snippet":"max-snippet:-1","max-image-preview":"max-image-preview:large","max-video-preview":"max-video-preview:-1"},"canonical":"https:\/\/novacode.pl\/en\/produkty\/decorative-labels\/wraps-for-garbage-bags\/","og_locale":"en_US","og_type":"article","og_title":"Owijki na worki na \u015bmieci | Etykiety na worki - Drukarnia etykiet Novacode","og_description":"Owijki na worki na \u015bmieci z drukarni etykiet Novacode \u27a4 Oferujemy etykiety z nadrukiem i paskiem zrywnym do oznaczania work\u00f3w na \u015bmieci | Sprawd\u017a!","og_url":"https:\/\/novacode.pl\/en\/produkty\/decorative-labels\/wraps-for-garbage-bags\/","og_site_name":"Drukarnia etykiet Novacode","article_publisher":"https:\/\/www.facebook.com\/NovacodeOfficialPage","article_modified_time":"2023-10-06T12:13:50+00:00","og_image":[{"width":1280,"height":1280,"url":"https:\/\/novacode.pl\/wp-content\/uploads\/2022\/04\/owijki.jpg","type":"image\/jpeg"}],"twitter_card":"summary_large_image","twitter_misc":{"Est. reading time":"1 minute"},"schema":{"@context":"https:\/\/schema.org","@graph":[{"@type":"WebPage","@id":"https:\/\/novacode.pl\/en\/produkty\/decorative-labels\/wraps-for-garbage-bags\/","url":"https:\/\/novacode.pl\/en\/produkty\/decorative-labels\/wraps-for-garbage-bags\/","name":"Owijki na worki na \u015bmieci | Etykiety na worki - Drukarnia etykiet Novacode","isPartOf":{"@id":"https:\/\/novacode.pl\/#website"},"primaryImageOfPage":{"@id":"https:\/\/novacode.pl\/en\/produkty\/decorative-labels\/wraps-for-garbage-bags\/#primaryimage"},"image":{"@id":"https:\/\/novacode.pl\/en\/produkty\/decorative-labels\/wraps-for-garbage-bags\/#primaryimage"},"thumbnailUrl":"https:\/\/novacode.pl\/wp-content\/uploads\/2022\/04\/owijki.jpg","datePublished":"2022-04-20T10:53:03+00:00","dateModified":"2023-10-06T12:13:50+00:00","description":"Owijki na worki na \u015bmieci z drukarni etykiet Novacode \u27a4 Oferujemy etykiety z nadrukiem i paskiem zrywnym do oznaczania work\u00f3w na \u015bmieci | Sprawd\u017a!","breadcrumb":{"@id":"https:\/\/novacode.pl\/en\/produkty\/decorative-labels\/wraps-for-garbage-bags\/#breadcrumb"},"inLanguage":"en-US","potentialAction":[{"@type":"ReadAction","target":["https:\/\/novacode.pl\/en\/produkty\/decorative-labels\/wraps-for-garbage-bags\/"]}]},{"@type":"ImageObject","inLanguage":"en-US","@id":"https:\/\/novacode.pl\/en\/produkty\/decorative-labels\/wraps-for-garbage-bags\/#primaryimage","url":"https:\/\/novacode.pl\/wp-content\/uploads\/2022\/04\/owijki.jpg","contentUrl":"https:\/\/novacode.pl\/wp-content\/uploads\/2022\/04\/owijki.jpg","width":1280,"height":1280,"caption":"Owijki i etykiety na worki na \u015bmieci"},{"@type":"BreadcrumbList","@id":"https:\/\/novacode.pl\/en\/produkty\/decorative-labels\/wraps-for-garbage-bags\/#breadcrumb","itemListElement":[{"@type":"ListItem","position":1,"name":"Strona g\u0142\u00f3wna","item":"https:\/\/novacode.pl\/en\/"},{"@type":"ListItem","position":2,"name":"Shop","item":"https:\/\/novacode.pl\/en\/shop\/"},{"@type":"ListItem","position":3,"name":"Wraps for garbage bags"}]},{"@type":"WebSite","@id":"https:\/\/novacode.pl\/#website","url":"https:\/\/novacode.pl\/","name":"Drukarnia etykiet Novacode","description":"Producent etykiet samoprzylepnych","publisher":{"@id":"https:\/\/novacode.pl\/#organization"},"potentialAction":[{"@type":"SearchAction","target":{"@type":"EntryPoint","urlTemplate":"https:\/\/novacode.pl\/?s={search_term_string}"},"query-input":{"@type":"PropertyValueSpecification","valueRequired":true,"valueName":"search_term_string"}}],"inLanguage":"en-US"},{"@type":"Organization","@id":"https:\/\/novacode.pl\/#organization","name":"Drukarnia etykiet Novacode","url":"https:\/\/novacode.pl\/","logo":{"@type":"ImageObject","inLanguage":"en-US","@id":"https:\/\/novacode.pl\/#\/schema\/logo\/image\/","url":"https:\/\/novacode.pl\/wp-content\/uploads\/2022\/03\/cropped-favico.png","contentUrl":"https:\/\/novacode.pl\/wp-content\/uploads\/2022\/03\/cropped-favico.png","width":512,"height":512,"caption":"Drukarnia etykiet Novacode"},"image":{"@id":"https:\/\/novacode.pl\/#\/schema\/logo\/image\/"},"sameAs":["https:\/\/www.facebook.com\/NovacodeOfficialPage"]}]}},"_links":{"self":[{"href":"https:\/\/novacode.pl\/en\/wp-json\/wp\/v2\/product\/5023","targetHints":{"allow":["GET"]}}],"collection":[{"href":"https:\/\/novacode.pl\/en\/wp-json\/wp\/v2\/product"}],"about":[{"href":"https:\/\/novacode.pl\/en\/wp-json\/wp\/v2\/types\/product"}],"wp:featuredmedia":[{"embeddable":true,"href":"https:\/\/novacode.pl\/en\/wp-json\/wp\/v2\/media\/3199"}],"wp:attachment":[{"href":"https:\/\/novacode.pl\/en\/wp-json\/wp\/v2\/media?parent=5023"}],"wp:term":[{"taxonomy":"product_brand","embeddable":true,"href":"https:\/\/novacode.pl\/en\/wp-json\/wp\/v2\/product_brand?post=5023"},{"taxonomy":"product_cat","embeddable":true,"href":"https:\/\/novacode.pl\/en\/wp-json\/wp\/v2\/product_cat?post=5023"},{"taxonomy":"product_tag","embeddable":true,"href":"https:\/\/novacode.pl\/en\/wp-json\/wp\/v2\/product_tag?post=5023"}],"curies":[{"name":"wp","href":"https:\/\/api.w.org\/{rel}","templated":true}]}}