{"id":5021,"date":"2022-03-07T14:43:38","date_gmt":"2022-03-07T13:43:38","guid":{"rendered":"https:\/\/novacode.pl\/produkty\/uncategorized\/etykiety-z-nadrukiem-zmiennym\/"},"modified":"2023-10-12T14:29:54","modified_gmt":"2023-10-12T12:29:54","slug":"variable-print-labels","status":"publish","type":"product","link":"https:\/\/novacode.pl\/en\/produkty\/decorative-labels\/variable-print-labels\/","title":{"rendered":"Variable print labels"},"content":{"rendered":"<p>In our label printing house, it is possible to order personalised self-adhesive labels. Thanks to the possibility of digital printing, each label can have an individual graphic or one distinctive element. A unique effect can be achieved very quickly by using the mosaic effect. In this case, each label has its own individual design while maintaining a consistent image.<\/p>\n<p>We have Ink-Jet marking heads installed on our machines. With this solution, each label can be printed with an individual number both on the adhesive layer, on the adhesive side, and on the backing side.<\/p>\n","protected":false},"excerpt":{"rendered":"<p>In our label printing house, it is possible to order personalised self-adhesive labels. Thanks to the possibility of digital printing,&#8230;<\/p>\n","protected":false},"featured_media":3444,"template":"","meta":{"_acf_changed":false,"inline_featured_image":false},"product_brand":[],"product_cat":[100],"product_tag":[124,125,126],"class_list":{"0":"post-5021","1":"product","2":"type-product","3":"status-publish","4":"has-post-thumbnail","6":"product_cat-decorative-labels","7":"product_tag-alkohole-i-art-spozywcze-en","8":"product_tag-chemia-gospodarcza-i-przemyslowa-en","9":"product_tag-produkty-kosmetyczne-en","10":"industry-alcoholic-beverages","11":"industry-automotive-en","12":"industry-candles-and-decorative-items","13":"industry-clothing-and-footwear","14":"industry-construction-industry","15":"industry-electronics","16":"industry-food-industry","17":"industry-home-electronics-and-appliances","18":"industry-household-chemicals-and-household-goods","19":"industry-cosmetics","20":"industry-logistics","21":"industry-nail-polishes","22":"industry-pharmacy","24":"first","25":"instock","26":"shipping-taxable","27":"product-type-simple"},"acf":[],"yoast_head":"<!-- This site is optimized with the Yoast SEO plugin v27.4 - https:\/\/yoast.com\/product\/yoast-seo-wordpress\/ -->\n<title>Variable print labels - Drukarnia etykiet Novacode<\/title>\n<meta name=\"description\" content=\"Etykiety z nadrukiem zmiennym z Drukarni Novacode \u27a4 Oferujemy druk spersonalizowanych etykiety samoprzylepnych | Wysoka jako\u015b\u0107 i profesjonalne wyko\u0144czenie - Sprawd\u017a!\" \/>\n<meta name=\"robots\" content=\"index, follow, max-snippet:-1, max-image-preview:large, max-video-preview:-1\" \/>\n<link rel=\"canonical\" href=\"https:\/\/novacode.pl\/en\/produkty\/decorative-labels\/variable-print-labels\/\" \/>\n<meta property=\"og:locale\" content=\"en_US\" \/>\n<meta property=\"og:type\" content=\"article\" \/>\n<meta property=\"og:title\" content=\"Variable print labels - Drukarnia etykiet Novacode\" \/>\n<meta property=\"og:description\" content=\"Etykiety z nadrukiem zmiennym z Drukarni Novacode \u27a4 Oferujemy druk spersonalizowanych etykiety samoprzylepnych | Wysoka jako\u015b\u0107 i profesjonalne wyko\u0144czenie - Sprawd\u017a!\" \/>\n<meta property=\"og:url\" content=\"https:\/\/novacode.pl\/en\/produkty\/decorative-labels\/variable-print-labels\/\" \/>\n<meta property=\"og:site_name\" content=\"Drukarnia etykiet Novacode\" \/>\n<meta property=\"article:publisher\" content=\"https:\/\/www.facebook.com\/NovacodeOfficialPage\" \/>\n<meta property=\"article:modified_time\" content=\"2023-10-12T12:29:54+00:00\" \/>\n<meta property=\"og:image\" content=\"https:\/\/novacode.pl\/wp-content\/uploads\/2022\/03\/DSC_7427.jpg\" \/>\n\t<meta property=\"og:image:width\" content=\"1280\" \/>\n\t<meta property=\"og:image:height\" content=\"1280\" \/>\n\t<meta property=\"og:image:type\" content=\"image\/jpeg\" \/>\n<meta name=\"twitter:card\" content=\"summary_large_image\" \/>\n<meta name=\"twitter:label1\" content=\"Est. reading time\" \/>\n\t<meta name=\"twitter:data1\" content=\"1 minute\" \/>\n<script type=\"application\/ld+json\" class=\"yoast-schema-graph\">{\"@context\":\"https:\\\/\\\/schema.org\",\"@graph\":[{\"@type\":\"WebPage\",\"@id\":\"https:\\\/\\\/novacode.pl\\\/en\\\/produkty\\\/decorative-labels\\\/variable-print-labels\\\/\",\"url\":\"https:\\\/\\\/novacode.pl\\\/en\\\/produkty\\\/decorative-labels\\\/variable-print-labels\\\/\",\"name\":\"Variable print labels - Drukarnia etykiet Novacode\",\"isPartOf\":{\"@id\":\"https:\\\/\\\/novacode.pl\\\/#website\"},\"primaryImageOfPage\":{\"@id\":\"https:\\\/\\\/novacode.pl\\\/en\\\/produkty\\\/decorative-labels\\\/variable-print-labels\\\/#primaryimage\"},\"image\":{\"@id\":\"https:\\\/\\\/novacode.pl\\\/en\\\/produkty\\\/decorative-labels\\\/variable-print-labels\\\/#primaryimage\"},\"thumbnailUrl\":\"https:\\\/\\\/novacode.pl\\\/wp-content\\\/uploads\\\/2022\\\/03\\\/DSC_7427.jpg\",\"datePublished\":\"2022-03-07T13:43:38+00:00\",\"dateModified\":\"2023-10-12T12:29:54+00:00\",\"description\":\"Etykiety z nadrukiem zmiennym z Drukarni Novacode \u27a4 Oferujemy druk spersonalizowanych etykiety samoprzylepnych | Wysoka jako\u015b\u0107 i profesjonalne wyko\u0144czenie - Sprawd\u017a!\",\"breadcrumb\":{\"@id\":\"https:\\\/\\\/novacode.pl\\\/en\\\/produkty\\\/decorative-labels\\\/variable-print-labels\\\/#breadcrumb\"},\"inLanguage\":\"en-US\",\"potentialAction\":[{\"@type\":\"ReadAction\",\"target\":[\"https:\\\/\\\/novacode.pl\\\/en\\\/produkty\\\/decorative-labels\\\/variable-print-labels\\\/\"]}]},{\"@type\":\"ImageObject\",\"inLanguage\":\"en-US\",\"@id\":\"https:\\\/\\\/novacode.pl\\\/en\\\/produkty\\\/decorative-labels\\\/variable-print-labels\\\/#primaryimage\",\"url\":\"https:\\\/\\\/novacode.pl\\\/wp-content\\\/uploads\\\/2022\\\/03\\\/DSC_7427.jpg\",\"contentUrl\":\"https:\\\/\\\/novacode.pl\\\/wp-content\\\/uploads\\\/2022\\\/03\\\/DSC_7427.jpg\",\"width\":1280,\"height\":1280,\"caption\":\"etykiety cyfrowe z nadrukiem zmiennym\"},{\"@type\":\"BreadcrumbList\",\"@id\":\"https:\\\/\\\/novacode.pl\\\/en\\\/produkty\\\/decorative-labels\\\/variable-print-labels\\\/#breadcrumb\",\"itemListElement\":[{\"@type\":\"ListItem\",\"position\":1,\"name\":\"Strona g\u0142\u00f3wna\",\"item\":\"https:\\\/\\\/novacode.pl\\\/en\\\/\"},{\"@type\":\"ListItem\",\"position\":2,\"name\":\"Shop\",\"item\":\"https:\\\/\\\/novacode.pl\\\/en\\\/shop\\\/\"},{\"@type\":\"ListItem\",\"position\":3,\"name\":\"Variable print labels\"}]},{\"@type\":\"WebSite\",\"@id\":\"https:\\\/\\\/novacode.pl\\\/#website\",\"url\":\"https:\\\/\\\/novacode.pl\\\/\",\"name\":\"Drukarnia etykiet Novacode\",\"description\":\"Producent etykiet samoprzylepnych\",\"publisher\":{\"@id\":\"https:\\\/\\\/novacode.pl\\\/#organization\"},\"potentialAction\":[{\"@type\":\"SearchAction\",\"target\":{\"@type\":\"EntryPoint\",\"urlTemplate\":\"https:\\\/\\\/novacode.pl\\\/?s={search_term_string}\"},\"query-input\":{\"@type\":\"PropertyValueSpecification\",\"valueRequired\":true,\"valueName\":\"search_term_string\"}}],\"inLanguage\":\"en-US\"},{\"@type\":\"Organization\",\"@id\":\"https:\\\/\\\/novacode.pl\\\/#organization\",\"name\":\"Drukarnia etykiet Novacode\",\"url\":\"https:\\\/\\\/novacode.pl\\\/\",\"logo\":{\"@type\":\"ImageObject\",\"inLanguage\":\"en-US\",\"@id\":\"https:\\\/\\\/novacode.pl\\\/#\\\/schema\\\/logo\\\/image\\\/\",\"url\":\"https:\\\/\\\/novacode.pl\\\/wp-content\\\/uploads\\\/2022\\\/03\\\/cropped-favico.png\",\"contentUrl\":\"https:\\\/\\\/novacode.pl\\\/wp-content\\\/uploads\\\/2022\\\/03\\\/cropped-favico.png\",\"width\":512,\"height\":512,\"caption\":\"Drukarnia etykiet Novacode\"},\"image\":{\"@id\":\"https:\\\/\\\/novacode.pl\\\/#\\\/schema\\\/logo\\\/image\\\/\"},\"sameAs\":[\"https:\\\/\\\/www.facebook.com\\\/NovacodeOfficialPage\"]}]}<\/script>\n<!-- \/ Yoast SEO plugin. -->","yoast_head_json":{"title":"Variable print labels - Drukarnia etykiet Novacode","description":"Etykiety z nadrukiem zmiennym z Drukarni Novacode \u27a4 Oferujemy druk spersonalizowanych etykiety samoprzylepnych | Wysoka jako\u015b\u0107 i profesjonalne wyko\u0144czenie - Sprawd\u017a!","robots":{"index":"index","follow":"follow","max-snippet":"max-snippet:-1","max-image-preview":"max-image-preview:large","max-video-preview":"max-video-preview:-1"},"canonical":"https:\/\/novacode.pl\/en\/produkty\/decorative-labels\/variable-print-labels\/","og_locale":"en_US","og_type":"article","og_title":"Variable print labels - Drukarnia etykiet Novacode","og_description":"Etykiety z nadrukiem zmiennym z Drukarni Novacode \u27a4 Oferujemy druk spersonalizowanych etykiety samoprzylepnych | Wysoka jako\u015b\u0107 i profesjonalne wyko\u0144czenie - Sprawd\u017a!","og_url":"https:\/\/novacode.pl\/en\/produkty\/decorative-labels\/variable-print-labels\/","og_site_name":"Drukarnia etykiet Novacode","article_publisher":"https:\/\/www.facebook.com\/NovacodeOfficialPage","article_modified_time":"2023-10-12T12:29:54+00:00","og_image":[{"width":1280,"height":1280,"url":"https:\/\/novacode.pl\/wp-content\/uploads\/2022\/03\/DSC_7427.jpg","type":"image\/jpeg"}],"twitter_card":"summary_large_image","twitter_misc":{"Est. reading time":"1 minute"},"schema":{"@context":"https:\/\/schema.org","@graph":[{"@type":"WebPage","@id":"https:\/\/novacode.pl\/en\/produkty\/decorative-labels\/variable-print-labels\/","url":"https:\/\/novacode.pl\/en\/produkty\/decorative-labels\/variable-print-labels\/","name":"Variable print labels - Drukarnia etykiet Novacode","isPartOf":{"@id":"https:\/\/novacode.pl\/#website"},"primaryImageOfPage":{"@id":"https:\/\/novacode.pl\/en\/produkty\/decorative-labels\/variable-print-labels\/#primaryimage"},"image":{"@id":"https:\/\/novacode.pl\/en\/produkty\/decorative-labels\/variable-print-labels\/#primaryimage"},"thumbnailUrl":"https:\/\/novacode.pl\/wp-content\/uploads\/2022\/03\/DSC_7427.jpg","datePublished":"2022-03-07T13:43:38+00:00","dateModified":"2023-10-12T12:29:54+00:00","description":"Etykiety z nadrukiem zmiennym z Drukarni Novacode \u27a4 Oferujemy druk spersonalizowanych etykiety samoprzylepnych | Wysoka jako\u015b\u0107 i profesjonalne wyko\u0144czenie - Sprawd\u017a!","breadcrumb":{"@id":"https:\/\/novacode.pl\/en\/produkty\/decorative-labels\/variable-print-labels\/#breadcrumb"},"inLanguage":"en-US","potentialAction":[{"@type":"ReadAction","target":["https:\/\/novacode.pl\/en\/produkty\/decorative-labels\/variable-print-labels\/"]}]},{"@type":"ImageObject","inLanguage":"en-US","@id":"https:\/\/novacode.pl\/en\/produkty\/decorative-labels\/variable-print-labels\/#primaryimage","url":"https:\/\/novacode.pl\/wp-content\/uploads\/2022\/03\/DSC_7427.jpg","contentUrl":"https:\/\/novacode.pl\/wp-content\/uploads\/2022\/03\/DSC_7427.jpg","width":1280,"height":1280,"caption":"etykiety cyfrowe z nadrukiem zmiennym"},{"@type":"BreadcrumbList","@id":"https:\/\/novacode.pl\/en\/produkty\/decorative-labels\/variable-print-labels\/#breadcrumb","itemListElement":[{"@type":"ListItem","position":1,"name":"Strona g\u0142\u00f3wna","item":"https:\/\/novacode.pl\/en\/"},{"@type":"ListItem","position":2,"name":"Shop","item":"https:\/\/novacode.pl\/en\/shop\/"},{"@type":"ListItem","position":3,"name":"Variable print labels"}]},{"@type":"WebSite","@id":"https:\/\/novacode.pl\/#website","url":"https:\/\/novacode.pl\/","name":"Drukarnia etykiet Novacode","description":"Producent etykiet samoprzylepnych","publisher":{"@id":"https:\/\/novacode.pl\/#organization"},"potentialAction":[{"@type":"SearchAction","target":{"@type":"EntryPoint","urlTemplate":"https:\/\/novacode.pl\/?s={search_term_string}"},"query-input":{"@type":"PropertyValueSpecification","valueRequired":true,"valueName":"search_term_string"}}],"inLanguage":"en-US"},{"@type":"Organization","@id":"https:\/\/novacode.pl\/#organization","name":"Drukarnia etykiet Novacode","url":"https:\/\/novacode.pl\/","logo":{"@type":"ImageObject","inLanguage":"en-US","@id":"https:\/\/novacode.pl\/#\/schema\/logo\/image\/","url":"https:\/\/novacode.pl\/wp-content\/uploads\/2022\/03\/cropped-favico.png","contentUrl":"https:\/\/novacode.pl\/wp-content\/uploads\/2022\/03\/cropped-favico.png","width":512,"height":512,"caption":"Drukarnia etykiet Novacode"},"image":{"@id":"https:\/\/novacode.pl\/#\/schema\/logo\/image\/"},"sameAs":["https:\/\/www.facebook.com\/NovacodeOfficialPage"]}]}},"_links":{"self":[{"href":"https:\/\/novacode.pl\/en\/wp-json\/wp\/v2\/product\/5021","targetHints":{"allow":["GET"]}}],"collection":[{"href":"https:\/\/novacode.pl\/en\/wp-json\/wp\/v2\/product"}],"about":[{"href":"https:\/\/novacode.pl\/en\/wp-json\/wp\/v2\/types\/product"}],"wp:featuredmedia":[{"embeddable":true,"href":"https:\/\/novacode.pl\/en\/wp-json\/wp\/v2\/media\/3444"}],"wp:attachment":[{"href":"https:\/\/novacode.pl\/en\/wp-json\/wp\/v2\/media?parent=5021"}],"wp:term":[{"taxonomy":"product_brand","embeddable":true,"href":"https:\/\/novacode.pl\/en\/wp-json\/wp\/v2\/product_brand?post=5021"},{"taxonomy":"product_cat","embeddable":true,"href":"https:\/\/novacode.pl\/en\/wp-json\/wp\/v2\/product_cat?post=5021"},{"taxonomy":"product_tag","embeddable":true,"href":"https:\/\/novacode.pl\/en\/wp-json\/wp\/v2\/product_tag?post=5021"}],"curies":[{"name":"wp","href":"https:\/\/api.w.org\/{rel}","templated":true}]}}