{"id":5015,"date":"2022-04-27T10:29:17","date_gmt":"2022-04-27T08:29:17","guid":{"rendered":"https:\/\/novacode.pl\/produkty\/uncategorized\/etykiety-produktowe\/"},"modified":"2024-04-25T10:04:10","modified_gmt":"2024-04-25T08:04:10","slug":"product-labels","status":"publish","type":"product","link":"https:\/\/novacode.pl\/en\/produkty\/decorative-labels\/product-labels\/","title":{"rendered":"Product labels"},"content":{"rendered":"<p><span data-sheets-value=\"{&quot;1&quot;:2,&quot;2&quot;:&quot;Novacode produces high-quality labels for products and packaging, known for their easy application, durability, and longevity. Selecting the right product label requires specific knowledge. Factors such as the type of packaging, shape, intended use, and the possibility of further packaging recycling should be taken into account. We are happy to assist in choosing the appropriate solution and recommend testing the label on the final product.\\n\\nOur label printing house is equipped with 3 cutting plotters and a laser cutting system. This allows us to create labels of any shape and verify the label before ordering a die-cut. Additionally, in our laboratory with a climate-aging chamber, we have the capability to test how the label will perform on the packaging under specified conditions of humidity and UV light exposure.&quot;}\" data-sheets-userformat=\"{&quot;2&quot;:14721,&quot;3&quot;:{&quot;1&quot;:0,&quot;3&quot;:1},&quot;10&quot;:0,&quot;11&quot;:4,&quot;14&quot;:{&quot;1&quot;:3,&quot;3&quot;:1},&quot;15&quot;:&quot;Calibri&quot;,&quot;16&quot;:12}\">Novacode produces high-quality labels for products and packaging, known for their easy application, durability, and longevity. Selecting the right product label requires specific knowledge. Factors such as the type of packaging, shape, intended use, and the possibility of further packaging recycling should be taken into account. We are happy to assist in choosing the appropriate solution and recommend testing the label on the final product.<\/span><\/p>\n<p>Our label printing house is equipped with 3 cutting plotters and a laser cutting system. This allows us to create labels of any shape and verify the label before ordering a die-cut. Additionally, in our laboratory with a climate-aging chamber, we have the capability to test how the label will perform on the packaging under specified conditions of humidity and UV light exposure.<\/p>\n","protected":false},"excerpt":{"rendered":"<p>Novacode produces high-quality labels for products and packaging, known for their easy application, durability, and longevity. Selecting the right product&#8230;<\/p>\n","protected":false},"featured_media":3424,"template":"","meta":{"_acf_changed":false,"inline_featured_image":false},"product_brand":[],"product_cat":[100],"product_tag":[],"class_list":{"0":"post-5015","1":"product","2":"type-product","3":"status-publish","4":"has-post-thumbnail","6":"product_cat-decorative-labels","7":"industry-alcoholic-beverages","8":"industry-candles-and-decorative-items","9":"industry-construction-industry","10":"industry-food-industry","11":"industry-furniture","12":"industry-home-electronics-and-appliances","13":"industry-industrial-labels","14":"industry-nail-polishes","15":"industry-pharmacy","17":"first","18":"instock","19":"shipping-taxable","20":"product-type-simple"},"acf":[],"yoast_head":"<!-- This site is optimized with the Yoast SEO plugin v27.4 - https:\/\/yoast.com\/product\/yoast-seo-wordpress\/ -->\n<title>Etykiety produktowe | Naklejki na produkty - Drukarnia etykiet Novacode<\/title>\n<meta name=\"description\" content=\"Etykiety produktowe od producenta Novacode \u27a4 Dost\u0119pne w wielu kszta\u0142tach do znakowania pojedynczych produkt\u00f3w, zgrzewek czy karton\u00f3w towarowych | Sprawd\u017a!\" \/>\n<meta name=\"robots\" content=\"index, follow, max-snippet:-1, max-image-preview:large, max-video-preview:-1\" \/>\n<link rel=\"canonical\" href=\"https:\/\/novacode.pl\/en\/produkty\/decorative-labels\/product-labels\/\" \/>\n<meta property=\"og:locale\" content=\"en_US\" \/>\n<meta property=\"og:type\" content=\"article\" \/>\n<meta property=\"og:title\" content=\"Etykiety produktowe | Naklejki na produkty - Drukarnia etykiet Novacode\" \/>\n<meta property=\"og:description\" content=\"Etykiety produktowe od producenta Novacode \u27a4 Dost\u0119pne w wielu kszta\u0142tach do znakowania pojedynczych produkt\u00f3w, zgrzewek czy karton\u00f3w towarowych | Sprawd\u017a!\" \/>\n<meta property=\"og:url\" content=\"https:\/\/novacode.pl\/en\/produkty\/decorative-labels\/product-labels\/\" \/>\n<meta property=\"og:site_name\" content=\"Drukarnia etykiet Novacode\" \/>\n<meta property=\"article:publisher\" content=\"https:\/\/www.facebook.com\/NovacodeOfficialPage\" \/>\n<meta property=\"article:modified_time\" content=\"2024-04-25T08:04:10+00:00\" \/>\n<meta property=\"og:image\" content=\"https:\/\/novacode.pl\/wp-content\/uploads\/2022\/04\/DSC_4356.jpg\" \/>\n\t<meta property=\"og:image:width\" content=\"1280\" \/>\n\t<meta property=\"og:image:height\" content=\"1280\" \/>\n\t<meta property=\"og:image:type\" content=\"image\/jpeg\" \/>\n<meta name=\"twitter:card\" content=\"summary_large_image\" \/>\n<meta name=\"twitter:label1\" content=\"Est. reading time\" \/>\n\t<meta name=\"twitter:data1\" content=\"1 minute\" \/>\n<script type=\"application\/ld+json\" class=\"yoast-schema-graph\">{\"@context\":\"https:\\\/\\\/schema.org\",\"@graph\":[{\"@type\":\"WebPage\",\"@id\":\"https:\\\/\\\/novacode.pl\\\/en\\\/produkty\\\/decorative-labels\\\/product-labels\\\/\",\"url\":\"https:\\\/\\\/novacode.pl\\\/en\\\/produkty\\\/decorative-labels\\\/product-labels\\\/\",\"name\":\"Etykiety produktowe | Naklejki na produkty - Drukarnia etykiet Novacode\",\"isPartOf\":{\"@id\":\"https:\\\/\\\/novacode.pl\\\/#website\"},\"primaryImageOfPage\":{\"@id\":\"https:\\\/\\\/novacode.pl\\\/en\\\/produkty\\\/decorative-labels\\\/product-labels\\\/#primaryimage\"},\"image\":{\"@id\":\"https:\\\/\\\/novacode.pl\\\/en\\\/produkty\\\/decorative-labels\\\/product-labels\\\/#primaryimage\"},\"thumbnailUrl\":\"https:\\\/\\\/novacode.pl\\\/wp-content\\\/uploads\\\/2022\\\/04\\\/DSC_4356.jpg\",\"datePublished\":\"2022-04-27T08:29:17+00:00\",\"dateModified\":\"2024-04-25T08:04:10+00:00\",\"description\":\"Etykiety produktowe od producenta Novacode \u27a4 Dost\u0119pne w wielu kszta\u0142tach do znakowania pojedynczych produkt\u00f3w, zgrzewek czy karton\u00f3w towarowych | Sprawd\u017a!\",\"breadcrumb\":{\"@id\":\"https:\\\/\\\/novacode.pl\\\/en\\\/produkty\\\/decorative-labels\\\/product-labels\\\/#breadcrumb\"},\"inLanguage\":\"en-US\",\"potentialAction\":[{\"@type\":\"ReadAction\",\"target\":[\"https:\\\/\\\/novacode.pl\\\/en\\\/produkty\\\/decorative-labels\\\/product-labels\\\/\"]}]},{\"@type\":\"ImageObject\",\"inLanguage\":\"en-US\",\"@id\":\"https:\\\/\\\/novacode.pl\\\/en\\\/produkty\\\/decorative-labels\\\/product-labels\\\/#primaryimage\",\"url\":\"https:\\\/\\\/novacode.pl\\\/wp-content\\\/uploads\\\/2022\\\/04\\\/DSC_4356.jpg\",\"contentUrl\":\"https:\\\/\\\/novacode.pl\\\/wp-content\\\/uploads\\\/2022\\\/04\\\/DSC_4356.jpg\",\"width\":1280,\"height\":1280,\"caption\":\"Etykiety produktowe na miody\"},{\"@type\":\"BreadcrumbList\",\"@id\":\"https:\\\/\\\/novacode.pl\\\/en\\\/produkty\\\/decorative-labels\\\/product-labels\\\/#breadcrumb\",\"itemListElement\":[{\"@type\":\"ListItem\",\"position\":1,\"name\":\"Strona g\u0142\u00f3wna\",\"item\":\"https:\\\/\\\/novacode.pl\\\/en\\\/\"},{\"@type\":\"ListItem\",\"position\":2,\"name\":\"Shop\",\"item\":\"https:\\\/\\\/novacode.pl\\\/en\\\/shop\\\/\"},{\"@type\":\"ListItem\",\"position\":3,\"name\":\"Product labels\"}]},{\"@type\":\"WebSite\",\"@id\":\"https:\\\/\\\/novacode.pl\\\/#website\",\"url\":\"https:\\\/\\\/novacode.pl\\\/\",\"name\":\"Drukarnia etykiet Novacode\",\"description\":\"Producent etykiet samoprzylepnych\",\"publisher\":{\"@id\":\"https:\\\/\\\/novacode.pl\\\/#organization\"},\"potentialAction\":[{\"@type\":\"SearchAction\",\"target\":{\"@type\":\"EntryPoint\",\"urlTemplate\":\"https:\\\/\\\/novacode.pl\\\/?s={search_term_string}\"},\"query-input\":{\"@type\":\"PropertyValueSpecification\",\"valueRequired\":true,\"valueName\":\"search_term_string\"}}],\"inLanguage\":\"en-US\"},{\"@type\":\"Organization\",\"@id\":\"https:\\\/\\\/novacode.pl\\\/#organization\",\"name\":\"Drukarnia etykiet Novacode\",\"url\":\"https:\\\/\\\/novacode.pl\\\/\",\"logo\":{\"@type\":\"ImageObject\",\"inLanguage\":\"en-US\",\"@id\":\"https:\\\/\\\/novacode.pl\\\/#\\\/schema\\\/logo\\\/image\\\/\",\"url\":\"https:\\\/\\\/novacode.pl\\\/wp-content\\\/uploads\\\/2022\\\/03\\\/cropped-favico.png\",\"contentUrl\":\"https:\\\/\\\/novacode.pl\\\/wp-content\\\/uploads\\\/2022\\\/03\\\/cropped-favico.png\",\"width\":512,\"height\":512,\"caption\":\"Drukarnia etykiet Novacode\"},\"image\":{\"@id\":\"https:\\\/\\\/novacode.pl\\\/#\\\/schema\\\/logo\\\/image\\\/\"},\"sameAs\":[\"https:\\\/\\\/www.facebook.com\\\/NovacodeOfficialPage\"]}]}<\/script>\n<!-- \/ Yoast SEO plugin. -->","yoast_head_json":{"title":"Etykiety produktowe | Naklejki na produkty - Drukarnia etykiet Novacode","description":"Etykiety produktowe od producenta Novacode \u27a4 Dost\u0119pne w wielu kszta\u0142tach do znakowania pojedynczych produkt\u00f3w, zgrzewek czy karton\u00f3w towarowych | Sprawd\u017a!","robots":{"index":"index","follow":"follow","max-snippet":"max-snippet:-1","max-image-preview":"max-image-preview:large","max-video-preview":"max-video-preview:-1"},"canonical":"https:\/\/novacode.pl\/en\/produkty\/decorative-labels\/product-labels\/","og_locale":"en_US","og_type":"article","og_title":"Etykiety produktowe | Naklejki na produkty - Drukarnia etykiet Novacode","og_description":"Etykiety produktowe od producenta Novacode \u27a4 Dost\u0119pne w wielu kszta\u0142tach do znakowania pojedynczych produkt\u00f3w, zgrzewek czy karton\u00f3w towarowych | Sprawd\u017a!","og_url":"https:\/\/novacode.pl\/en\/produkty\/decorative-labels\/product-labels\/","og_site_name":"Drukarnia etykiet Novacode","article_publisher":"https:\/\/www.facebook.com\/NovacodeOfficialPage","article_modified_time":"2024-04-25T08:04:10+00:00","og_image":[{"width":1280,"height":1280,"url":"https:\/\/novacode.pl\/wp-content\/uploads\/2022\/04\/DSC_4356.jpg","type":"image\/jpeg"}],"twitter_card":"summary_large_image","twitter_misc":{"Est. reading time":"1 minute"},"schema":{"@context":"https:\/\/schema.org","@graph":[{"@type":"WebPage","@id":"https:\/\/novacode.pl\/en\/produkty\/decorative-labels\/product-labels\/","url":"https:\/\/novacode.pl\/en\/produkty\/decorative-labels\/product-labels\/","name":"Etykiety produktowe | Naklejki na produkty - Drukarnia etykiet Novacode","isPartOf":{"@id":"https:\/\/novacode.pl\/#website"},"primaryImageOfPage":{"@id":"https:\/\/novacode.pl\/en\/produkty\/decorative-labels\/product-labels\/#primaryimage"},"image":{"@id":"https:\/\/novacode.pl\/en\/produkty\/decorative-labels\/product-labels\/#primaryimage"},"thumbnailUrl":"https:\/\/novacode.pl\/wp-content\/uploads\/2022\/04\/DSC_4356.jpg","datePublished":"2022-04-27T08:29:17+00:00","dateModified":"2024-04-25T08:04:10+00:00","description":"Etykiety produktowe od producenta Novacode \u27a4 Dost\u0119pne w wielu kszta\u0142tach do znakowania pojedynczych produkt\u00f3w, zgrzewek czy karton\u00f3w towarowych | Sprawd\u017a!","breadcrumb":{"@id":"https:\/\/novacode.pl\/en\/produkty\/decorative-labels\/product-labels\/#breadcrumb"},"inLanguage":"en-US","potentialAction":[{"@type":"ReadAction","target":["https:\/\/novacode.pl\/en\/produkty\/decorative-labels\/product-labels\/"]}]},{"@type":"ImageObject","inLanguage":"en-US","@id":"https:\/\/novacode.pl\/en\/produkty\/decorative-labels\/product-labels\/#primaryimage","url":"https:\/\/novacode.pl\/wp-content\/uploads\/2022\/04\/DSC_4356.jpg","contentUrl":"https:\/\/novacode.pl\/wp-content\/uploads\/2022\/04\/DSC_4356.jpg","width":1280,"height":1280,"caption":"Etykiety produktowe na miody"},{"@type":"BreadcrumbList","@id":"https:\/\/novacode.pl\/en\/produkty\/decorative-labels\/product-labels\/#breadcrumb","itemListElement":[{"@type":"ListItem","position":1,"name":"Strona g\u0142\u00f3wna","item":"https:\/\/novacode.pl\/en\/"},{"@type":"ListItem","position":2,"name":"Shop","item":"https:\/\/novacode.pl\/en\/shop\/"},{"@type":"ListItem","position":3,"name":"Product labels"}]},{"@type":"WebSite","@id":"https:\/\/novacode.pl\/#website","url":"https:\/\/novacode.pl\/","name":"Drukarnia etykiet Novacode","description":"Producent etykiet samoprzylepnych","publisher":{"@id":"https:\/\/novacode.pl\/#organization"},"potentialAction":[{"@type":"SearchAction","target":{"@type":"EntryPoint","urlTemplate":"https:\/\/novacode.pl\/?s={search_term_string}"},"query-input":{"@type":"PropertyValueSpecification","valueRequired":true,"valueName":"search_term_string"}}],"inLanguage":"en-US"},{"@type":"Organization","@id":"https:\/\/novacode.pl\/#organization","name":"Drukarnia etykiet Novacode","url":"https:\/\/novacode.pl\/","logo":{"@type":"ImageObject","inLanguage":"en-US","@id":"https:\/\/novacode.pl\/#\/schema\/logo\/image\/","url":"https:\/\/novacode.pl\/wp-content\/uploads\/2022\/03\/cropped-favico.png","contentUrl":"https:\/\/novacode.pl\/wp-content\/uploads\/2022\/03\/cropped-favico.png","width":512,"height":512,"caption":"Drukarnia etykiet Novacode"},"image":{"@id":"https:\/\/novacode.pl\/#\/schema\/logo\/image\/"},"sameAs":["https:\/\/www.facebook.com\/NovacodeOfficialPage"]}]}},"_links":{"self":[{"href":"https:\/\/novacode.pl\/en\/wp-json\/wp\/v2\/product\/5015","targetHints":{"allow":["GET"]}}],"collection":[{"href":"https:\/\/novacode.pl\/en\/wp-json\/wp\/v2\/product"}],"about":[{"href":"https:\/\/novacode.pl\/en\/wp-json\/wp\/v2\/types\/product"}],"wp:featuredmedia":[{"embeddable":true,"href":"https:\/\/novacode.pl\/en\/wp-json\/wp\/v2\/media\/3424"}],"wp:attachment":[{"href":"https:\/\/novacode.pl\/en\/wp-json\/wp\/v2\/media?parent=5015"}],"wp:term":[{"taxonomy":"product_brand","embeddable":true,"href":"https:\/\/novacode.pl\/en\/wp-json\/wp\/v2\/product_brand?post=5015"},{"taxonomy":"product_cat","embeddable":true,"href":"https:\/\/novacode.pl\/en\/wp-json\/wp\/v2\/product_cat?post=5015"},{"taxonomy":"product_tag","embeddable":true,"href":"https:\/\/novacode.pl\/en\/wp-json\/wp\/v2\/product_tag?post=5015"}],"curies":[{"name":"wp","href":"https:\/\/api.w.org\/{rel}","templated":true}]}}