{"id":5011,"date":"2022-03-07T08:29:37","date_gmt":"2022-03-07T07:29:37","guid":{"rendered":"https:\/\/novacode.pl\/produkty\/uncategorized\/etykiety-kolorowe\/"},"modified":"2023-10-12T14:13:18","modified_gmt":"2023-10-12T12:13:18","slug":"colour-labels","status":"publish","type":"product","link":"https:\/\/novacode.pl\/en\/produkty\/decorative-labels\/colour-labels\/","title":{"rendered":"Colour labels"},"content":{"rendered":"<p>Decorative self-adhesive labels are used in the production of cosmetic products, alcohols, household chemicals, and automotive chemicals. Decorative labels are the first element of a product that catches the eye of the consumer, which is why it is particularly important to maintain the highest quality standards in the production process. Our company has a professional laboratory for testing materials, an ink laboratory, and an extensive quality control department. The machines are equipped with EyeC control systems, and the workstations are equipped with colour and barcode print quality measuring devices. Thanks to these solutions, we are confident that we are supplying our customers with products that, in both appearance and workmanship, contribute to a\u00a0positive brand perception.<\/p>\n","protected":false},"excerpt":{"rendered":"<p>Decorative self-adhesive labels are used in the production of cosmetic products, alcohols, household chemicals, and automotive chemicals. Decorative labels are&#8230;<\/p>\n","protected":false},"featured_media":3153,"template":"","meta":{"_acf_changed":false,"inline_featured_image":false},"product_brand":[],"product_cat":[100],"product_tag":[],"class_list":{"0":"post-5011","1":"product","2":"type-product","3":"status-publish","4":"has-post-thumbnail","6":"product_cat-decorative-labels","7":"industry-alcoholic-beverages","8":"industry-candles-and-decorative-items","9":"industry-clothing-and-footwear","10":"industry-construction-industry","11":"industry-culture-and-entertainment","12":"industry-food-industry","13":"industry-furniture","14":"industry-gardening","15":"industry-home-electronics-and-appliances","16":"industry-household-chemicals-and-household-goods","17":"industry-cosmetics","18":"industry-nail-polishes","19":"industry-pharmacy","21":"first","22":"instock","23":"shipping-taxable","24":"product-type-simple"},"acf":[],"yoast_head":"<!-- This site is optimized with the Yoast SEO plugin v27.4 - https:\/\/yoast.com\/product\/yoast-seo-wordpress\/ -->\n<title>Etykiety kolorowe, wielokolorowe - Drukarnia etykiet Novacode<\/title>\n<meta name=\"description\" content=\"Etykiety kolorowe od producenta Novacode \u27a4 Szeroki wyb\u00f3r wielokolorowych etykiet samoprzylepnych w r\u00f3\u017cnych formatach | Sprawd\u017a!\" \/>\n<meta name=\"robots\" content=\"index, follow, max-snippet:-1, max-image-preview:large, max-video-preview:-1\" \/>\n<link rel=\"canonical\" href=\"https:\/\/novacode.pl\/en\/produkty\/decorative-labels\/colour-labels\/\" \/>\n<meta property=\"og:locale\" content=\"en_US\" \/>\n<meta property=\"og:type\" content=\"article\" \/>\n<meta property=\"og:title\" content=\"Etykiety kolorowe, wielokolorowe - Drukarnia etykiet Novacode\" \/>\n<meta property=\"og:description\" content=\"Etykiety kolorowe od producenta Novacode \u27a4 Szeroki wyb\u00f3r wielokolorowych etykiet samoprzylepnych w r\u00f3\u017cnych formatach | Sprawd\u017a!\" \/>\n<meta property=\"og:url\" content=\"https:\/\/novacode.pl\/en\/produkty\/decorative-labels\/colour-labels\/\" \/>\n<meta property=\"og:site_name\" content=\"Drukarnia etykiet Novacode\" \/>\n<meta property=\"article:publisher\" content=\"https:\/\/www.facebook.com\/NovacodeOfficialPage\" \/>\n<meta property=\"article:modified_time\" content=\"2023-10-12T12:13:18+00:00\" \/>\n<meta property=\"og:image\" content=\"https:\/\/novacode.pl\/wp-content\/uploads\/2022\/03\/kolorowe.jpg\" \/>\n\t<meta property=\"og:image:width\" content=\"1280\" \/>\n\t<meta property=\"og:image:height\" content=\"1280\" \/>\n\t<meta property=\"og:image:type\" content=\"image\/jpeg\" \/>\n<meta name=\"twitter:card\" content=\"summary_large_image\" \/>\n<meta name=\"twitter:label1\" content=\"Est. reading time\" \/>\n\t<meta name=\"twitter:data1\" content=\"1 minute\" \/>\n<script type=\"application\/ld+json\" class=\"yoast-schema-graph\">{\"@context\":\"https:\\\/\\\/schema.org\",\"@graph\":[{\"@type\":\"WebPage\",\"@id\":\"https:\\\/\\\/novacode.pl\\\/en\\\/produkty\\\/decorative-labels\\\/colour-labels\\\/\",\"url\":\"https:\\\/\\\/novacode.pl\\\/en\\\/produkty\\\/decorative-labels\\\/colour-labels\\\/\",\"name\":\"Etykiety kolorowe, wielokolorowe - Drukarnia etykiet Novacode\",\"isPartOf\":{\"@id\":\"https:\\\/\\\/novacode.pl\\\/#website\"},\"primaryImageOfPage\":{\"@id\":\"https:\\\/\\\/novacode.pl\\\/en\\\/produkty\\\/decorative-labels\\\/colour-labels\\\/#primaryimage\"},\"image\":{\"@id\":\"https:\\\/\\\/novacode.pl\\\/en\\\/produkty\\\/decorative-labels\\\/colour-labels\\\/#primaryimage\"},\"thumbnailUrl\":\"https:\\\/\\\/novacode.pl\\\/wp-content\\\/uploads\\\/2022\\\/03\\\/kolorowe.jpg\",\"datePublished\":\"2022-03-07T07:29:37+00:00\",\"dateModified\":\"2023-10-12T12:13:18+00:00\",\"description\":\"Etykiety kolorowe od producenta Novacode \u27a4 Szeroki wyb\u00f3r wielokolorowych etykiet samoprzylepnych w r\u00f3\u017cnych formatach | Sprawd\u017a!\",\"breadcrumb\":{\"@id\":\"https:\\\/\\\/novacode.pl\\\/en\\\/produkty\\\/decorative-labels\\\/colour-labels\\\/#breadcrumb\"},\"inLanguage\":\"en-US\",\"potentialAction\":[{\"@type\":\"ReadAction\",\"target\":[\"https:\\\/\\\/novacode.pl\\\/en\\\/produkty\\\/decorative-labels\\\/colour-labels\\\/\"]}]},{\"@type\":\"ImageObject\",\"inLanguage\":\"en-US\",\"@id\":\"https:\\\/\\\/novacode.pl\\\/en\\\/produkty\\\/decorative-labels\\\/colour-labels\\\/#primaryimage\",\"url\":\"https:\\\/\\\/novacode.pl\\\/wp-content\\\/uploads\\\/2022\\\/03\\\/kolorowe.jpg\",\"contentUrl\":\"https:\\\/\\\/novacode.pl\\\/wp-content\\\/uploads\\\/2022\\\/03\\\/kolorowe.jpg\",\"width\":1280,\"height\":1280,\"caption\":\"Etykiety kolorowe\"},{\"@type\":\"BreadcrumbList\",\"@id\":\"https:\\\/\\\/novacode.pl\\\/en\\\/produkty\\\/decorative-labels\\\/colour-labels\\\/#breadcrumb\",\"itemListElement\":[{\"@type\":\"ListItem\",\"position\":1,\"name\":\"Strona g\u0142\u00f3wna\",\"item\":\"https:\\\/\\\/novacode.pl\\\/en\\\/\"},{\"@type\":\"ListItem\",\"position\":2,\"name\":\"Shop\",\"item\":\"https:\\\/\\\/novacode.pl\\\/en\\\/shop\\\/\"},{\"@type\":\"ListItem\",\"position\":3,\"name\":\"Colour labels\"}]},{\"@type\":\"WebSite\",\"@id\":\"https:\\\/\\\/novacode.pl\\\/#website\",\"url\":\"https:\\\/\\\/novacode.pl\\\/\",\"name\":\"Drukarnia etykiet Novacode\",\"description\":\"Producent etykiet samoprzylepnych\",\"publisher\":{\"@id\":\"https:\\\/\\\/novacode.pl\\\/#organization\"},\"potentialAction\":[{\"@type\":\"SearchAction\",\"target\":{\"@type\":\"EntryPoint\",\"urlTemplate\":\"https:\\\/\\\/novacode.pl\\\/?s={search_term_string}\"},\"query-input\":{\"@type\":\"PropertyValueSpecification\",\"valueRequired\":true,\"valueName\":\"search_term_string\"}}],\"inLanguage\":\"en-US\"},{\"@type\":\"Organization\",\"@id\":\"https:\\\/\\\/novacode.pl\\\/#organization\",\"name\":\"Drukarnia etykiet Novacode\",\"url\":\"https:\\\/\\\/novacode.pl\\\/\",\"logo\":{\"@type\":\"ImageObject\",\"inLanguage\":\"en-US\",\"@id\":\"https:\\\/\\\/novacode.pl\\\/#\\\/schema\\\/logo\\\/image\\\/\",\"url\":\"https:\\\/\\\/novacode.pl\\\/wp-content\\\/uploads\\\/2022\\\/03\\\/cropped-favico.png\",\"contentUrl\":\"https:\\\/\\\/novacode.pl\\\/wp-content\\\/uploads\\\/2022\\\/03\\\/cropped-favico.png\",\"width\":512,\"height\":512,\"caption\":\"Drukarnia etykiet Novacode\"},\"image\":{\"@id\":\"https:\\\/\\\/novacode.pl\\\/#\\\/schema\\\/logo\\\/image\\\/\"},\"sameAs\":[\"https:\\\/\\\/www.facebook.com\\\/NovacodeOfficialPage\"]}]}<\/script>\n<!-- \/ Yoast SEO plugin. -->","yoast_head_json":{"title":"Etykiety kolorowe, wielokolorowe - Drukarnia etykiet Novacode","description":"Etykiety kolorowe od producenta Novacode \u27a4 Szeroki wyb\u00f3r wielokolorowych etykiet samoprzylepnych w r\u00f3\u017cnych formatach | Sprawd\u017a!","robots":{"index":"index","follow":"follow","max-snippet":"max-snippet:-1","max-image-preview":"max-image-preview:large","max-video-preview":"max-video-preview:-1"},"canonical":"https:\/\/novacode.pl\/en\/produkty\/decorative-labels\/colour-labels\/","og_locale":"en_US","og_type":"article","og_title":"Etykiety kolorowe, wielokolorowe - Drukarnia etykiet Novacode","og_description":"Etykiety kolorowe od producenta Novacode \u27a4 Szeroki wyb\u00f3r wielokolorowych etykiet samoprzylepnych w r\u00f3\u017cnych formatach | Sprawd\u017a!","og_url":"https:\/\/novacode.pl\/en\/produkty\/decorative-labels\/colour-labels\/","og_site_name":"Drukarnia etykiet Novacode","article_publisher":"https:\/\/www.facebook.com\/NovacodeOfficialPage","article_modified_time":"2023-10-12T12:13:18+00:00","og_image":[{"width":1280,"height":1280,"url":"https:\/\/novacode.pl\/wp-content\/uploads\/2022\/03\/kolorowe.jpg","type":"image\/jpeg"}],"twitter_card":"summary_large_image","twitter_misc":{"Est. reading time":"1 minute"},"schema":{"@context":"https:\/\/schema.org","@graph":[{"@type":"WebPage","@id":"https:\/\/novacode.pl\/en\/produkty\/decorative-labels\/colour-labels\/","url":"https:\/\/novacode.pl\/en\/produkty\/decorative-labels\/colour-labels\/","name":"Etykiety kolorowe, wielokolorowe - Drukarnia etykiet Novacode","isPartOf":{"@id":"https:\/\/novacode.pl\/#website"},"primaryImageOfPage":{"@id":"https:\/\/novacode.pl\/en\/produkty\/decorative-labels\/colour-labels\/#primaryimage"},"image":{"@id":"https:\/\/novacode.pl\/en\/produkty\/decorative-labels\/colour-labels\/#primaryimage"},"thumbnailUrl":"https:\/\/novacode.pl\/wp-content\/uploads\/2022\/03\/kolorowe.jpg","datePublished":"2022-03-07T07:29:37+00:00","dateModified":"2023-10-12T12:13:18+00:00","description":"Etykiety kolorowe od producenta Novacode \u27a4 Szeroki wyb\u00f3r wielokolorowych etykiet samoprzylepnych w r\u00f3\u017cnych formatach | Sprawd\u017a!","breadcrumb":{"@id":"https:\/\/novacode.pl\/en\/produkty\/decorative-labels\/colour-labels\/#breadcrumb"},"inLanguage":"en-US","potentialAction":[{"@type":"ReadAction","target":["https:\/\/novacode.pl\/en\/produkty\/decorative-labels\/colour-labels\/"]}]},{"@type":"ImageObject","inLanguage":"en-US","@id":"https:\/\/novacode.pl\/en\/produkty\/decorative-labels\/colour-labels\/#primaryimage","url":"https:\/\/novacode.pl\/wp-content\/uploads\/2022\/03\/kolorowe.jpg","contentUrl":"https:\/\/novacode.pl\/wp-content\/uploads\/2022\/03\/kolorowe.jpg","width":1280,"height":1280,"caption":"Etykiety kolorowe"},{"@type":"BreadcrumbList","@id":"https:\/\/novacode.pl\/en\/produkty\/decorative-labels\/colour-labels\/#breadcrumb","itemListElement":[{"@type":"ListItem","position":1,"name":"Strona g\u0142\u00f3wna","item":"https:\/\/novacode.pl\/en\/"},{"@type":"ListItem","position":2,"name":"Shop","item":"https:\/\/novacode.pl\/en\/shop\/"},{"@type":"ListItem","position":3,"name":"Colour labels"}]},{"@type":"WebSite","@id":"https:\/\/novacode.pl\/#website","url":"https:\/\/novacode.pl\/","name":"Drukarnia etykiet Novacode","description":"Producent etykiet samoprzylepnych","publisher":{"@id":"https:\/\/novacode.pl\/#organization"},"potentialAction":[{"@type":"SearchAction","target":{"@type":"EntryPoint","urlTemplate":"https:\/\/novacode.pl\/?s={search_term_string}"},"query-input":{"@type":"PropertyValueSpecification","valueRequired":true,"valueName":"search_term_string"}}],"inLanguage":"en-US"},{"@type":"Organization","@id":"https:\/\/novacode.pl\/#organization","name":"Drukarnia etykiet Novacode","url":"https:\/\/novacode.pl\/","logo":{"@type":"ImageObject","inLanguage":"en-US","@id":"https:\/\/novacode.pl\/#\/schema\/logo\/image\/","url":"https:\/\/novacode.pl\/wp-content\/uploads\/2022\/03\/cropped-favico.png","contentUrl":"https:\/\/novacode.pl\/wp-content\/uploads\/2022\/03\/cropped-favico.png","width":512,"height":512,"caption":"Drukarnia etykiet Novacode"},"image":{"@id":"https:\/\/novacode.pl\/#\/schema\/logo\/image\/"},"sameAs":["https:\/\/www.facebook.com\/NovacodeOfficialPage"]}]}},"_links":{"self":[{"href":"https:\/\/novacode.pl\/en\/wp-json\/wp\/v2\/product\/5011","targetHints":{"allow":["GET"]}}],"collection":[{"href":"https:\/\/novacode.pl\/en\/wp-json\/wp\/v2\/product"}],"about":[{"href":"https:\/\/novacode.pl\/en\/wp-json\/wp\/v2\/types\/product"}],"wp:featuredmedia":[{"embeddable":true,"href":"https:\/\/novacode.pl\/en\/wp-json\/wp\/v2\/media\/3153"}],"wp:attachment":[{"href":"https:\/\/novacode.pl\/en\/wp-json\/wp\/v2\/media?parent=5011"}],"wp:term":[{"taxonomy":"product_brand","embeddable":true,"href":"https:\/\/novacode.pl\/en\/wp-json\/wp\/v2\/product_brand?post=5011"},{"taxonomy":"product_cat","embeddable":true,"href":"https:\/\/novacode.pl\/en\/wp-json\/wp\/v2\/product_cat?post=5011"},{"taxonomy":"product_tag","embeddable":true,"href":"https:\/\/novacode.pl\/en\/wp-json\/wp\/v2\/product_tag?post=5011"}],"curies":[{"name":"wp","href":"https:\/\/api.w.org\/{rel}","templated":true}]}}