{"id":5009,"date":"2022-03-07T14:43:03","date_gmt":"2022-03-07T13:43:03","guid":{"rendered":"https:\/\/novacode.pl\/produkty\/uncategorized\/etykiety-cyfrowe\/"},"modified":"2023-10-12T14:24:47","modified_gmt":"2023-10-12T12:24:47","slug":"digital-labels","status":"publish","type":"product","link":"https:\/\/novacode.pl\/en\/produkty\/decorative-labels\/digital-labels\/","title":{"rendered":"Digital labels"},"content":{"rendered":"<p>The high fragmentation of the product range, the growing interest in products from local, small-scale manufacturers, frequent product series changes, legal changes regarding information on packaging, marketing changes to product graphics \u2013 all this has recently increased the demand for the production of short runs. The best solution in this case is digital printing.<\/p>\n<p>Digital labels offer unlimited possibilities for personalising the print, without incurring the costs of preparing the printing forms. An additional advantage is the possibility of printing several designs in a single production run.<\/p>\n","protected":false},"excerpt":{"rendered":"<p>The high fragmentation of the product range, the growing interest in products from local, small-scale manufacturers, frequent product series changes,&#8230;<\/p>\n","protected":false},"featured_media":3165,"template":"","meta":{"_acf_changed":false,"inline_featured_image":false},"product_brand":[],"product_cat":[100],"product_tag":[],"class_list":{"0":"post-5009","1":"product","2":"type-product","3":"status-publish","4":"has-post-thumbnail","6":"product_cat-decorative-labels","7":"industry-alcoholic-beverages","8":"industry-automotive-en","9":"industry-candles-and-decorative-items","10":"industry-construction-industry","11":"industry-culture-and-entertainment","12":"industry-food-industry","13":"industry-gardening","14":"industry-household-chemicals-and-household-goods","15":"industry-cosmetics","16":"industry-nail-polishes","17":"industry-pharmacy","19":"first","20":"instock","21":"shipping-taxable","22":"product-type-simple"},"acf":[],"yoast_head":"<!-- This site is optimized with the Yoast SEO plugin v27.4 - https:\/\/yoast.com\/product\/yoast-seo-wordpress\/ -->\n<title>Etykiety cyfrowe - druk cyfrowy na roli - Drukarnia etykiet Novacode<\/title>\n<meta name=\"description\" content=\"Etykiety cyfrowe z drukarni Novacode \u27a4 Oferujemy profesjonalny druk cyfrowy etykiet na roli \u2713 Wysoka jako\u015b\u0107 i trwa\u0142o\u015b\u0107 nadruku | Sprawd\u017a!\" \/>\n<meta name=\"robots\" content=\"index, follow, max-snippet:-1, max-image-preview:large, max-video-preview:-1\" \/>\n<link rel=\"canonical\" href=\"https:\/\/novacode.pl\/en\/produkty\/decorative-labels\/digital-labels\/\" \/>\n<meta property=\"og:locale\" content=\"en_US\" \/>\n<meta property=\"og:type\" content=\"article\" \/>\n<meta property=\"og:title\" content=\"Etykiety cyfrowe - druk cyfrowy na roli - Drukarnia etykiet Novacode\" \/>\n<meta property=\"og:description\" content=\"Etykiety cyfrowe z drukarni Novacode \u27a4 Oferujemy profesjonalny druk cyfrowy etykiet na roli \u2713 Wysoka jako\u015b\u0107 i trwa\u0142o\u015b\u0107 nadruku | Sprawd\u017a!\" \/>\n<meta property=\"og:url\" content=\"https:\/\/novacode.pl\/en\/produkty\/decorative-labels\/digital-labels\/\" \/>\n<meta property=\"og:site_name\" content=\"Drukarnia etykiet Novacode\" \/>\n<meta property=\"article:publisher\" content=\"https:\/\/www.facebook.com\/NovacodeOfficialPage\" \/>\n<meta property=\"article:modified_time\" content=\"2023-10-12T12:24:47+00:00\" \/>\n<meta property=\"og:image\" content=\"https:\/\/novacode.pl\/wp-content\/uploads\/2022\/03\/cyfrowe.jpg\" \/>\n\t<meta property=\"og:image:width\" content=\"1280\" \/>\n\t<meta property=\"og:image:height\" content=\"1280\" \/>\n\t<meta property=\"og:image:type\" content=\"image\/jpeg\" \/>\n<meta name=\"twitter:card\" content=\"summary_large_image\" \/>\n<meta name=\"twitter:label1\" content=\"Est. reading time\" \/>\n\t<meta name=\"twitter:data1\" content=\"1 minute\" \/>\n<script type=\"application\/ld+json\" class=\"yoast-schema-graph\">{\"@context\":\"https:\\\/\\\/schema.org\",\"@graph\":[{\"@type\":\"WebPage\",\"@id\":\"https:\\\/\\\/novacode.pl\\\/en\\\/produkty\\\/decorative-labels\\\/digital-labels\\\/\",\"url\":\"https:\\\/\\\/novacode.pl\\\/en\\\/produkty\\\/decorative-labels\\\/digital-labels\\\/\",\"name\":\"Etykiety cyfrowe - druk cyfrowy na roli - Drukarnia etykiet Novacode\",\"isPartOf\":{\"@id\":\"https:\\\/\\\/novacode.pl\\\/#website\"},\"primaryImageOfPage\":{\"@id\":\"https:\\\/\\\/novacode.pl\\\/en\\\/produkty\\\/decorative-labels\\\/digital-labels\\\/#primaryimage\"},\"image\":{\"@id\":\"https:\\\/\\\/novacode.pl\\\/en\\\/produkty\\\/decorative-labels\\\/digital-labels\\\/#primaryimage\"},\"thumbnailUrl\":\"https:\\\/\\\/novacode.pl\\\/wp-content\\\/uploads\\\/2022\\\/03\\\/cyfrowe.jpg\",\"datePublished\":\"2022-03-07T13:43:03+00:00\",\"dateModified\":\"2023-10-12T12:24:47+00:00\",\"description\":\"Etykiety cyfrowe z drukarni Novacode \u27a4 Oferujemy profesjonalny druk cyfrowy etykiet na roli \u2713 Wysoka jako\u015b\u0107 i trwa\u0142o\u015b\u0107 nadruku | Sprawd\u017a!\",\"breadcrumb\":{\"@id\":\"https:\\\/\\\/novacode.pl\\\/en\\\/produkty\\\/decorative-labels\\\/digital-labels\\\/#breadcrumb\"},\"inLanguage\":\"en-US\",\"potentialAction\":[{\"@type\":\"ReadAction\",\"target\":[\"https:\\\/\\\/novacode.pl\\\/en\\\/produkty\\\/decorative-labels\\\/digital-labels\\\/\"]}]},{\"@type\":\"ImageObject\",\"inLanguage\":\"en-US\",\"@id\":\"https:\\\/\\\/novacode.pl\\\/en\\\/produkty\\\/decorative-labels\\\/digital-labels\\\/#primaryimage\",\"url\":\"https:\\\/\\\/novacode.pl\\\/wp-content\\\/uploads\\\/2022\\\/03\\\/cyfrowe.jpg\",\"contentUrl\":\"https:\\\/\\\/novacode.pl\\\/wp-content\\\/uploads\\\/2022\\\/03\\\/cyfrowe.jpg\",\"width\":1280,\"height\":1280,\"caption\":\"Etykiety cyfrowe w r\u00f3\u017cnych kolorach\"},{\"@type\":\"BreadcrumbList\",\"@id\":\"https:\\\/\\\/novacode.pl\\\/en\\\/produkty\\\/decorative-labels\\\/digital-labels\\\/#breadcrumb\",\"itemListElement\":[{\"@type\":\"ListItem\",\"position\":1,\"name\":\"Strona g\u0142\u00f3wna\",\"item\":\"https:\\\/\\\/novacode.pl\\\/en\\\/\"},{\"@type\":\"ListItem\",\"position\":2,\"name\":\"Shop\",\"item\":\"https:\\\/\\\/novacode.pl\\\/en\\\/shop\\\/\"},{\"@type\":\"ListItem\",\"position\":3,\"name\":\"Digital labels\"}]},{\"@type\":\"WebSite\",\"@id\":\"https:\\\/\\\/novacode.pl\\\/#website\",\"url\":\"https:\\\/\\\/novacode.pl\\\/\",\"name\":\"Drukarnia etykiet Novacode\",\"description\":\"Producent etykiet samoprzylepnych\",\"publisher\":{\"@id\":\"https:\\\/\\\/novacode.pl\\\/#organization\"},\"potentialAction\":[{\"@type\":\"SearchAction\",\"target\":{\"@type\":\"EntryPoint\",\"urlTemplate\":\"https:\\\/\\\/novacode.pl\\\/?s={search_term_string}\"},\"query-input\":{\"@type\":\"PropertyValueSpecification\",\"valueRequired\":true,\"valueName\":\"search_term_string\"}}],\"inLanguage\":\"en-US\"},{\"@type\":\"Organization\",\"@id\":\"https:\\\/\\\/novacode.pl\\\/#organization\",\"name\":\"Drukarnia etykiet Novacode\",\"url\":\"https:\\\/\\\/novacode.pl\\\/\",\"logo\":{\"@type\":\"ImageObject\",\"inLanguage\":\"en-US\",\"@id\":\"https:\\\/\\\/novacode.pl\\\/#\\\/schema\\\/logo\\\/image\\\/\",\"url\":\"https:\\\/\\\/novacode.pl\\\/wp-content\\\/uploads\\\/2022\\\/03\\\/cropped-favico.png\",\"contentUrl\":\"https:\\\/\\\/novacode.pl\\\/wp-content\\\/uploads\\\/2022\\\/03\\\/cropped-favico.png\",\"width\":512,\"height\":512,\"caption\":\"Drukarnia etykiet Novacode\"},\"image\":{\"@id\":\"https:\\\/\\\/novacode.pl\\\/#\\\/schema\\\/logo\\\/image\\\/\"},\"sameAs\":[\"https:\\\/\\\/www.facebook.com\\\/NovacodeOfficialPage\"]}]}<\/script>\n<!-- \/ Yoast SEO plugin. -->","yoast_head_json":{"title":"Etykiety cyfrowe - druk cyfrowy na roli - Drukarnia etykiet Novacode","description":"Etykiety cyfrowe z drukarni Novacode \u27a4 Oferujemy profesjonalny druk cyfrowy etykiet na roli \u2713 Wysoka jako\u015b\u0107 i trwa\u0142o\u015b\u0107 nadruku | Sprawd\u017a!","robots":{"index":"index","follow":"follow","max-snippet":"max-snippet:-1","max-image-preview":"max-image-preview:large","max-video-preview":"max-video-preview:-1"},"canonical":"https:\/\/novacode.pl\/en\/produkty\/decorative-labels\/digital-labels\/","og_locale":"en_US","og_type":"article","og_title":"Etykiety cyfrowe - druk cyfrowy na roli - Drukarnia etykiet Novacode","og_description":"Etykiety cyfrowe z drukarni Novacode \u27a4 Oferujemy profesjonalny druk cyfrowy etykiet na roli \u2713 Wysoka jako\u015b\u0107 i trwa\u0142o\u015b\u0107 nadruku | Sprawd\u017a!","og_url":"https:\/\/novacode.pl\/en\/produkty\/decorative-labels\/digital-labels\/","og_site_name":"Drukarnia etykiet Novacode","article_publisher":"https:\/\/www.facebook.com\/NovacodeOfficialPage","article_modified_time":"2023-10-12T12:24:47+00:00","og_image":[{"width":1280,"height":1280,"url":"https:\/\/novacode.pl\/wp-content\/uploads\/2022\/03\/cyfrowe.jpg","type":"image\/jpeg"}],"twitter_card":"summary_large_image","twitter_misc":{"Est. reading time":"1 minute"},"schema":{"@context":"https:\/\/schema.org","@graph":[{"@type":"WebPage","@id":"https:\/\/novacode.pl\/en\/produkty\/decorative-labels\/digital-labels\/","url":"https:\/\/novacode.pl\/en\/produkty\/decorative-labels\/digital-labels\/","name":"Etykiety cyfrowe - druk cyfrowy na roli - Drukarnia etykiet Novacode","isPartOf":{"@id":"https:\/\/novacode.pl\/#website"},"primaryImageOfPage":{"@id":"https:\/\/novacode.pl\/en\/produkty\/decorative-labels\/digital-labels\/#primaryimage"},"image":{"@id":"https:\/\/novacode.pl\/en\/produkty\/decorative-labels\/digital-labels\/#primaryimage"},"thumbnailUrl":"https:\/\/novacode.pl\/wp-content\/uploads\/2022\/03\/cyfrowe.jpg","datePublished":"2022-03-07T13:43:03+00:00","dateModified":"2023-10-12T12:24:47+00:00","description":"Etykiety cyfrowe z drukarni Novacode \u27a4 Oferujemy profesjonalny druk cyfrowy etykiet na roli \u2713 Wysoka jako\u015b\u0107 i trwa\u0142o\u015b\u0107 nadruku | Sprawd\u017a!","breadcrumb":{"@id":"https:\/\/novacode.pl\/en\/produkty\/decorative-labels\/digital-labels\/#breadcrumb"},"inLanguage":"en-US","potentialAction":[{"@type":"ReadAction","target":["https:\/\/novacode.pl\/en\/produkty\/decorative-labels\/digital-labels\/"]}]},{"@type":"ImageObject","inLanguage":"en-US","@id":"https:\/\/novacode.pl\/en\/produkty\/decorative-labels\/digital-labels\/#primaryimage","url":"https:\/\/novacode.pl\/wp-content\/uploads\/2022\/03\/cyfrowe.jpg","contentUrl":"https:\/\/novacode.pl\/wp-content\/uploads\/2022\/03\/cyfrowe.jpg","width":1280,"height":1280,"caption":"Etykiety cyfrowe w r\u00f3\u017cnych kolorach"},{"@type":"BreadcrumbList","@id":"https:\/\/novacode.pl\/en\/produkty\/decorative-labels\/digital-labels\/#breadcrumb","itemListElement":[{"@type":"ListItem","position":1,"name":"Strona g\u0142\u00f3wna","item":"https:\/\/novacode.pl\/en\/"},{"@type":"ListItem","position":2,"name":"Shop","item":"https:\/\/novacode.pl\/en\/shop\/"},{"@type":"ListItem","position":3,"name":"Digital labels"}]},{"@type":"WebSite","@id":"https:\/\/novacode.pl\/#website","url":"https:\/\/novacode.pl\/","name":"Drukarnia etykiet Novacode","description":"Producent etykiet samoprzylepnych","publisher":{"@id":"https:\/\/novacode.pl\/#organization"},"potentialAction":[{"@type":"SearchAction","target":{"@type":"EntryPoint","urlTemplate":"https:\/\/novacode.pl\/?s={search_term_string}"},"query-input":{"@type":"PropertyValueSpecification","valueRequired":true,"valueName":"search_term_string"}}],"inLanguage":"en-US"},{"@type":"Organization","@id":"https:\/\/novacode.pl\/#organization","name":"Drukarnia etykiet Novacode","url":"https:\/\/novacode.pl\/","logo":{"@type":"ImageObject","inLanguage":"en-US","@id":"https:\/\/novacode.pl\/#\/schema\/logo\/image\/","url":"https:\/\/novacode.pl\/wp-content\/uploads\/2022\/03\/cropped-favico.png","contentUrl":"https:\/\/novacode.pl\/wp-content\/uploads\/2022\/03\/cropped-favico.png","width":512,"height":512,"caption":"Drukarnia etykiet Novacode"},"image":{"@id":"https:\/\/novacode.pl\/#\/schema\/logo\/image\/"},"sameAs":["https:\/\/www.facebook.com\/NovacodeOfficialPage"]}]}},"_links":{"self":[{"href":"https:\/\/novacode.pl\/en\/wp-json\/wp\/v2\/product\/5009","targetHints":{"allow":["GET"]}}],"collection":[{"href":"https:\/\/novacode.pl\/en\/wp-json\/wp\/v2\/product"}],"about":[{"href":"https:\/\/novacode.pl\/en\/wp-json\/wp\/v2\/types\/product"}],"wp:featuredmedia":[{"embeddable":true,"href":"https:\/\/novacode.pl\/en\/wp-json\/wp\/v2\/media\/3165"}],"wp:attachment":[{"href":"https:\/\/novacode.pl\/en\/wp-json\/wp\/v2\/media?parent=5009"}],"wp:term":[{"taxonomy":"product_brand","embeddable":true,"href":"https:\/\/novacode.pl\/en\/wp-json\/wp\/v2\/product_brand?post=5009"},{"taxonomy":"product_cat","embeddable":true,"href":"https:\/\/novacode.pl\/en\/wp-json\/wp\/v2\/product_cat?post=5009"},{"taxonomy":"product_tag","embeddable":true,"href":"https:\/\/novacode.pl\/en\/wp-json\/wp\/v2\/product_tag?post=5009"}],"curies":[{"name":"wp","href":"https:\/\/api.w.org\/{rel}","templated":true}]}}