{"id":4997,"date":"2022-04-19T10:25:24","date_gmt":"2022-04-19T08:25:24","guid":{"rendered":"https:\/\/novacode.pl\/produkty\/uncategorized\/uszczelki-podkladki-wykroje\/"},"modified":"2023-10-12T14:42:05","modified_gmt":"2023-10-12T12:42:05","slug":"gaskets-washers-die-cuts","status":"publish","type":"product","link":"https:\/\/novacode.pl\/en\/produkty\/functional-elements\/gaskets-washers-die-cuts\/","title":{"rendered":"Gaskets, washers, die-cuts"},"content":{"rendered":"<p>Seals and pads \u2013 these are products cut from a variety of specialised materials and supplied in rolls or in the form of appropriately designed blanks. Suitable materials are selected depending on the application. Seals and pads must meet advanced requirements such as chemical resistance, cushioning, acoustic, thermal insulation or additional flammability class.<\/p>\n<p>The variety of materials used for seals and pads provides a wide range of possibilities for effective protection of components against the adverse effects of moisture, UV radiation, chemicals and various types of gas. Seals and pads also have a cushioning, sealing and damping role.<\/p>\n","protected":false},"excerpt":{"rendered":"<p>Seals and pads \u2013 these are products cut from a variety of specialised materials and supplied in rolls or in&#8230;<\/p>\n","protected":false},"featured_media":3351,"template":"","meta":{"_acf_changed":false,"inline_featured_image":false},"product_brand":[],"product_cat":[98],"product_tag":[],"class_list":{"0":"post-4997","1":"product","2":"type-product","3":"status-publish","4":"has-post-thumbnail","6":"product_cat-functional-elements","7":"industry-automotive-en","8":"industry-electronics","9":"industry-home-electronics-and-appliances","10":"industry-industrial-labels","12":"first","13":"instock","14":"shipping-taxable","15":"product-type-simple"},"acf":[],"yoast_head":"<!-- This site is optimized with the Yoast SEO plugin v27.4 - https:\/\/yoast.com\/product\/yoast-seo-wordpress\/ -->\n<title>Gaskets, washers, die-cuts - Drukarnia etykiet Novacode<\/title>\n<meta name=\"description\" content=\"Uszczelki, podk\u0142adki, wykroje od producenta Novacode \u27a4 Zabezpieczenia element\u00f3w przed dzia\u0142aniem wilgoci czy promieniowania UV | Wysoka jako\u015b\u0107 i profesjonalne wyko\u0144czenie - Sprawd\u017a!\" \/>\n<meta name=\"robots\" content=\"index, follow, max-snippet:-1, max-image-preview:large, max-video-preview:-1\" \/>\n<link rel=\"canonical\" href=\"https:\/\/novacode.pl\/en\/produkty\/functional-elements\/gaskets-washers-die-cuts\/\" \/>\n<meta property=\"og:locale\" content=\"en_US\" \/>\n<meta property=\"og:type\" content=\"article\" \/>\n<meta property=\"og:title\" content=\"Gaskets, washers, die-cuts - Drukarnia etykiet Novacode\" \/>\n<meta property=\"og:description\" content=\"Uszczelki, podk\u0142adki, wykroje od producenta Novacode \u27a4 Zabezpieczenia element\u00f3w przed dzia\u0142aniem wilgoci czy promieniowania UV | Wysoka jako\u015b\u0107 i profesjonalne wyko\u0144czenie - Sprawd\u017a!\" \/>\n<meta property=\"og:url\" content=\"https:\/\/novacode.pl\/en\/produkty\/functional-elements\/gaskets-washers-die-cuts\/\" \/>\n<meta property=\"og:site_name\" content=\"Drukarnia etykiet Novacode\" \/>\n<meta property=\"article:publisher\" content=\"https:\/\/www.facebook.com\/NovacodeOfficialPage\" \/>\n<meta property=\"article:modified_time\" content=\"2023-10-12T12:42:05+00:00\" \/>\n<meta property=\"og:image\" content=\"https:\/\/novacode.pl\/wp-content\/uploads\/2022\/04\/wykroje.jpg\" \/>\n\t<meta property=\"og:image:width\" content=\"1280\" \/>\n\t<meta property=\"og:image:height\" content=\"1280\" \/>\n\t<meta property=\"og:image:type\" content=\"image\/jpeg\" \/>\n<meta name=\"twitter:card\" content=\"summary_large_image\" \/>\n<meta name=\"twitter:label1\" content=\"Est. reading time\" \/>\n\t<meta name=\"twitter:data1\" content=\"1 minute\" \/>\n<script type=\"application\/ld+json\" class=\"yoast-schema-graph\">{\"@context\":\"https:\\\/\\\/schema.org\",\"@graph\":[{\"@type\":\"WebPage\",\"@id\":\"https:\\\/\\\/novacode.pl\\\/en\\\/produkty\\\/functional-elements\\\/gaskets-washers-die-cuts\\\/\",\"url\":\"https:\\\/\\\/novacode.pl\\\/en\\\/produkty\\\/functional-elements\\\/gaskets-washers-die-cuts\\\/\",\"name\":\"Gaskets, washers, die-cuts - Drukarnia etykiet Novacode\",\"isPartOf\":{\"@id\":\"https:\\\/\\\/novacode.pl\\\/#website\"},\"primaryImageOfPage\":{\"@id\":\"https:\\\/\\\/novacode.pl\\\/en\\\/produkty\\\/functional-elements\\\/gaskets-washers-die-cuts\\\/#primaryimage\"},\"image\":{\"@id\":\"https:\\\/\\\/novacode.pl\\\/en\\\/produkty\\\/functional-elements\\\/gaskets-washers-die-cuts\\\/#primaryimage\"},\"thumbnailUrl\":\"https:\\\/\\\/novacode.pl\\\/wp-content\\\/uploads\\\/2022\\\/04\\\/wykroje.jpg\",\"datePublished\":\"2022-04-19T08:25:24+00:00\",\"dateModified\":\"2023-10-12T12:42:05+00:00\",\"description\":\"Uszczelki, podk\u0142adki, wykroje od producenta Novacode \u27a4 Zabezpieczenia element\u00f3w przed dzia\u0142aniem wilgoci czy promieniowania UV | Wysoka jako\u015b\u0107 i profesjonalne wyko\u0144czenie - Sprawd\u017a!\",\"breadcrumb\":{\"@id\":\"https:\\\/\\\/novacode.pl\\\/en\\\/produkty\\\/functional-elements\\\/gaskets-washers-die-cuts\\\/#breadcrumb\"},\"inLanguage\":\"en-US\",\"potentialAction\":[{\"@type\":\"ReadAction\",\"target\":[\"https:\\\/\\\/novacode.pl\\\/en\\\/produkty\\\/functional-elements\\\/gaskets-washers-die-cuts\\\/\"]}]},{\"@type\":\"ImageObject\",\"inLanguage\":\"en-US\",\"@id\":\"https:\\\/\\\/novacode.pl\\\/en\\\/produkty\\\/functional-elements\\\/gaskets-washers-die-cuts\\\/#primaryimage\",\"url\":\"https:\\\/\\\/novacode.pl\\\/wp-content\\\/uploads\\\/2022\\\/04\\\/wykroje.jpg\",\"contentUrl\":\"https:\\\/\\\/novacode.pl\\\/wp-content\\\/uploads\\\/2022\\\/04\\\/wykroje.jpg\",\"width\":1280,\"height\":1280,\"caption\":\"Wykr\u00f3j kartonowy\"},{\"@type\":\"BreadcrumbList\",\"@id\":\"https:\\\/\\\/novacode.pl\\\/en\\\/produkty\\\/functional-elements\\\/gaskets-washers-die-cuts\\\/#breadcrumb\",\"itemListElement\":[{\"@type\":\"ListItem\",\"position\":1,\"name\":\"Strona g\u0142\u00f3wna\",\"item\":\"https:\\\/\\\/novacode.pl\\\/en\\\/\"},{\"@type\":\"ListItem\",\"position\":2,\"name\":\"Shop\",\"item\":\"https:\\\/\\\/novacode.pl\\\/en\\\/shop\\\/\"},{\"@type\":\"ListItem\",\"position\":3,\"name\":\"Gaskets, washers, die-cuts\"}]},{\"@type\":\"WebSite\",\"@id\":\"https:\\\/\\\/novacode.pl\\\/#website\",\"url\":\"https:\\\/\\\/novacode.pl\\\/\",\"name\":\"Drukarnia etykiet Novacode\",\"description\":\"Producent etykiet samoprzylepnych\",\"publisher\":{\"@id\":\"https:\\\/\\\/novacode.pl\\\/#organization\"},\"potentialAction\":[{\"@type\":\"SearchAction\",\"target\":{\"@type\":\"EntryPoint\",\"urlTemplate\":\"https:\\\/\\\/novacode.pl\\\/?s={search_term_string}\"},\"query-input\":{\"@type\":\"PropertyValueSpecification\",\"valueRequired\":true,\"valueName\":\"search_term_string\"}}],\"inLanguage\":\"en-US\"},{\"@type\":\"Organization\",\"@id\":\"https:\\\/\\\/novacode.pl\\\/#organization\",\"name\":\"Drukarnia etykiet Novacode\",\"url\":\"https:\\\/\\\/novacode.pl\\\/\",\"logo\":{\"@type\":\"ImageObject\",\"inLanguage\":\"en-US\",\"@id\":\"https:\\\/\\\/novacode.pl\\\/#\\\/schema\\\/logo\\\/image\\\/\",\"url\":\"https:\\\/\\\/novacode.pl\\\/wp-content\\\/uploads\\\/2022\\\/03\\\/cropped-favico.png\",\"contentUrl\":\"https:\\\/\\\/novacode.pl\\\/wp-content\\\/uploads\\\/2022\\\/03\\\/cropped-favico.png\",\"width\":512,\"height\":512,\"caption\":\"Drukarnia etykiet Novacode\"},\"image\":{\"@id\":\"https:\\\/\\\/novacode.pl\\\/#\\\/schema\\\/logo\\\/image\\\/\"},\"sameAs\":[\"https:\\\/\\\/www.facebook.com\\\/NovacodeOfficialPage\"]}]}<\/script>\n<!-- \/ Yoast SEO plugin. -->","yoast_head_json":{"title":"Gaskets, washers, die-cuts - Drukarnia etykiet Novacode","description":"Uszczelki, podk\u0142adki, wykroje od producenta Novacode \u27a4 Zabezpieczenia element\u00f3w przed dzia\u0142aniem wilgoci czy promieniowania UV | Wysoka jako\u015b\u0107 i profesjonalne wyko\u0144czenie - Sprawd\u017a!","robots":{"index":"index","follow":"follow","max-snippet":"max-snippet:-1","max-image-preview":"max-image-preview:large","max-video-preview":"max-video-preview:-1"},"canonical":"https:\/\/novacode.pl\/en\/produkty\/functional-elements\/gaskets-washers-die-cuts\/","og_locale":"en_US","og_type":"article","og_title":"Gaskets, washers, die-cuts - Drukarnia etykiet Novacode","og_description":"Uszczelki, podk\u0142adki, wykroje od producenta Novacode \u27a4 Zabezpieczenia element\u00f3w przed dzia\u0142aniem wilgoci czy promieniowania UV | Wysoka jako\u015b\u0107 i profesjonalne wyko\u0144czenie - Sprawd\u017a!","og_url":"https:\/\/novacode.pl\/en\/produkty\/functional-elements\/gaskets-washers-die-cuts\/","og_site_name":"Drukarnia etykiet Novacode","article_publisher":"https:\/\/www.facebook.com\/NovacodeOfficialPage","article_modified_time":"2023-10-12T12:42:05+00:00","og_image":[{"width":1280,"height":1280,"url":"https:\/\/novacode.pl\/wp-content\/uploads\/2022\/04\/wykroje.jpg","type":"image\/jpeg"}],"twitter_card":"summary_large_image","twitter_misc":{"Est. reading time":"1 minute"},"schema":{"@context":"https:\/\/schema.org","@graph":[{"@type":"WebPage","@id":"https:\/\/novacode.pl\/en\/produkty\/functional-elements\/gaskets-washers-die-cuts\/","url":"https:\/\/novacode.pl\/en\/produkty\/functional-elements\/gaskets-washers-die-cuts\/","name":"Gaskets, washers, die-cuts - Drukarnia etykiet Novacode","isPartOf":{"@id":"https:\/\/novacode.pl\/#website"},"primaryImageOfPage":{"@id":"https:\/\/novacode.pl\/en\/produkty\/functional-elements\/gaskets-washers-die-cuts\/#primaryimage"},"image":{"@id":"https:\/\/novacode.pl\/en\/produkty\/functional-elements\/gaskets-washers-die-cuts\/#primaryimage"},"thumbnailUrl":"https:\/\/novacode.pl\/wp-content\/uploads\/2022\/04\/wykroje.jpg","datePublished":"2022-04-19T08:25:24+00:00","dateModified":"2023-10-12T12:42:05+00:00","description":"Uszczelki, podk\u0142adki, wykroje od producenta Novacode \u27a4 Zabezpieczenia element\u00f3w przed dzia\u0142aniem wilgoci czy promieniowania UV | Wysoka jako\u015b\u0107 i profesjonalne wyko\u0144czenie - Sprawd\u017a!","breadcrumb":{"@id":"https:\/\/novacode.pl\/en\/produkty\/functional-elements\/gaskets-washers-die-cuts\/#breadcrumb"},"inLanguage":"en-US","potentialAction":[{"@type":"ReadAction","target":["https:\/\/novacode.pl\/en\/produkty\/functional-elements\/gaskets-washers-die-cuts\/"]}]},{"@type":"ImageObject","inLanguage":"en-US","@id":"https:\/\/novacode.pl\/en\/produkty\/functional-elements\/gaskets-washers-die-cuts\/#primaryimage","url":"https:\/\/novacode.pl\/wp-content\/uploads\/2022\/04\/wykroje.jpg","contentUrl":"https:\/\/novacode.pl\/wp-content\/uploads\/2022\/04\/wykroje.jpg","width":1280,"height":1280,"caption":"Wykr\u00f3j kartonowy"},{"@type":"BreadcrumbList","@id":"https:\/\/novacode.pl\/en\/produkty\/functional-elements\/gaskets-washers-die-cuts\/#breadcrumb","itemListElement":[{"@type":"ListItem","position":1,"name":"Strona g\u0142\u00f3wna","item":"https:\/\/novacode.pl\/en\/"},{"@type":"ListItem","position":2,"name":"Shop","item":"https:\/\/novacode.pl\/en\/shop\/"},{"@type":"ListItem","position":3,"name":"Gaskets, washers, die-cuts"}]},{"@type":"WebSite","@id":"https:\/\/novacode.pl\/#website","url":"https:\/\/novacode.pl\/","name":"Drukarnia etykiet Novacode","description":"Producent etykiet samoprzylepnych","publisher":{"@id":"https:\/\/novacode.pl\/#organization"},"potentialAction":[{"@type":"SearchAction","target":{"@type":"EntryPoint","urlTemplate":"https:\/\/novacode.pl\/?s={search_term_string}"},"query-input":{"@type":"PropertyValueSpecification","valueRequired":true,"valueName":"search_term_string"}}],"inLanguage":"en-US"},{"@type":"Organization","@id":"https:\/\/novacode.pl\/#organization","name":"Drukarnia etykiet Novacode","url":"https:\/\/novacode.pl\/","logo":{"@type":"ImageObject","inLanguage":"en-US","@id":"https:\/\/novacode.pl\/#\/schema\/logo\/image\/","url":"https:\/\/novacode.pl\/wp-content\/uploads\/2022\/03\/cropped-favico.png","contentUrl":"https:\/\/novacode.pl\/wp-content\/uploads\/2022\/03\/cropped-favico.png","width":512,"height":512,"caption":"Drukarnia etykiet Novacode"},"image":{"@id":"https:\/\/novacode.pl\/#\/schema\/logo\/image\/"},"sameAs":["https:\/\/www.facebook.com\/NovacodeOfficialPage"]}]}},"_links":{"self":[{"href":"https:\/\/novacode.pl\/en\/wp-json\/wp\/v2\/product\/4997","targetHints":{"allow":["GET"]}}],"collection":[{"href":"https:\/\/novacode.pl\/en\/wp-json\/wp\/v2\/product"}],"about":[{"href":"https:\/\/novacode.pl\/en\/wp-json\/wp\/v2\/types\/product"}],"wp:featuredmedia":[{"embeddable":true,"href":"https:\/\/novacode.pl\/en\/wp-json\/wp\/v2\/media\/3351"}],"wp:attachment":[{"href":"https:\/\/novacode.pl\/en\/wp-json\/wp\/v2\/media?parent=4997"}],"wp:term":[{"taxonomy":"product_brand","embeddable":true,"href":"https:\/\/novacode.pl\/en\/wp-json\/wp\/v2\/product_brand?post=4997"},{"taxonomy":"product_cat","embeddable":true,"href":"https:\/\/novacode.pl\/en\/wp-json\/wp\/v2\/product_cat?post=4997"},{"taxonomy":"product_tag","embeddable":true,"href":"https:\/\/novacode.pl\/en\/wp-json\/wp\/v2\/product_tag?post=4997"}],"curies":[{"name":"wp","href":"https:\/\/api.w.org\/{rel}","templated":true}]}}