{"id":4991,"date":"2022-04-19T10:20:59","date_gmt":"2022-04-19T08:20:59","guid":{"rendered":"https:\/\/novacode.pl\/produkty\/uncategorized\/pianki-filce-i-izolatory\/"},"modified":"2023-10-12T14:37:15","modified_gmt":"2023-10-12T12:37:15","slug":"foams-felts-and-insulators","status":"publish","type":"product","link":"https:\/\/novacode.pl\/en\/produkty\/functional-elements\/foams-felts-and-insulators\/","title":{"rendered":"Foams, felts and insulators"},"content":{"rendered":"<p>Insulators are mainly used in the electronics and automotive industries. Their primary function is to create a\u00a0thermal and electrical barrier within the device. There is a wide range of materials that, when combined with an appropriately sized adhesive film, form an integral part of the device.<\/p>\n<p>Foams have the unique functions of insulating, filtering, cushioning, soundproofing and, in some cases, bonding components. The foams are most often made of PVC, polyethylene (PE), polyurethane (PU), or synthetic EPDM rubber. They can be available as single- or double-sided adhesive tapes, or as individual uses.<\/p>\n<p>Felts have a protective function. Insulating, spacing, cushioning and protecting. In industry, they are most commonly used as spacers and as pads in household appliances and in production machinery.<\/p>\n<p>All of these products can be packaged in single uses or on a roll. In addition, it is possible to design and cut any shape so that the foams, felts or insulators can perform their function in the best possible way.<\/p>\n","protected":false},"excerpt":{"rendered":"<p>Insulators are mainly used in the electronics and automotive industries. Their primary function is to create a\u00a0thermal and electrical barrier&#8230;<\/p>\n","protected":false},"featured_media":3343,"template":"","meta":{"_acf_changed":false,"inline_featured_image":false},"product_brand":[],"product_cat":[98],"product_tag":[],"class_list":{"0":"post-4991","1":"product","2":"type-product","3":"status-publish","4":"has-post-thumbnail","6":"product_cat-functional-elements","7":"industry-automotive-en","8":"industry-candles-and-decorative-items","9":"industry-clothing-and-footwear","10":"industry-construction-industry","11":"industry-electronics","12":"industry-furniture","13":"industry-home-electronics-and-appliances","14":"industry-household-chemicals-and-household-goods","15":"industry-cosmetics","16":"industry-nail-polishes","17":"industry-pharmacy","19":"first","20":"instock","21":"shipping-taxable","22":"product-type-simple"},"acf":[],"yoast_head":"<!-- This site is optimized with the Yoast SEO plugin v27.4 - https:\/\/yoast.com\/product\/yoast-seo-wordpress\/ -->\n<title>Foams, felts and insulators - Drukarnia etykiet Novacode<\/title>\n<meta name=\"description\" content=\"Pianki, filce i izolatory od producenta Novacode \u27a4 Oferujemy elementy do izolowania, filtrowania, amortyzowania i wyg\u0142uszania komponent\u00f3w | Wysoka jako\u015b\u0107 - Sprawd\u017a!\" \/>\n<meta name=\"robots\" content=\"index, follow, max-snippet:-1, max-image-preview:large, max-video-preview:-1\" \/>\n<link rel=\"canonical\" href=\"https:\/\/novacode.pl\/en\/produkty\/functional-elements\/foams-felts-and-insulators\/\" \/>\n<meta property=\"og:locale\" content=\"en_US\" \/>\n<meta property=\"og:type\" content=\"article\" \/>\n<meta property=\"og:title\" content=\"Foams, felts and insulators - Drukarnia etykiet Novacode\" \/>\n<meta property=\"og:description\" content=\"Pianki, filce i izolatory od producenta Novacode \u27a4 Oferujemy elementy do izolowania, filtrowania, amortyzowania i wyg\u0142uszania komponent\u00f3w | Wysoka jako\u015b\u0107 - Sprawd\u017a!\" \/>\n<meta property=\"og:url\" content=\"https:\/\/novacode.pl\/en\/produkty\/functional-elements\/foams-felts-and-insulators\/\" \/>\n<meta property=\"og:site_name\" content=\"Drukarnia etykiet Novacode\" \/>\n<meta property=\"article:publisher\" content=\"https:\/\/www.facebook.com\/NovacodeOfficialPage\" \/>\n<meta property=\"article:modified_time\" content=\"2023-10-12T12:37:15+00:00\" \/>\n<meta property=\"og:image\" content=\"https:\/\/novacode.pl\/wp-content\/uploads\/2022\/04\/pianki.jpg\" \/>\n\t<meta property=\"og:image:width\" content=\"1280\" \/>\n\t<meta property=\"og:image:height\" content=\"1280\" \/>\n\t<meta property=\"og:image:type\" content=\"image\/jpeg\" \/>\n<meta name=\"twitter:card\" content=\"summary_large_image\" \/>\n<meta name=\"twitter:label1\" content=\"Est. reading time\" \/>\n\t<meta name=\"twitter:data1\" content=\"1 minute\" \/>\n<script type=\"application\/ld+json\" class=\"yoast-schema-graph\">{\"@context\":\"https:\\\/\\\/schema.org\",\"@graph\":[{\"@type\":\"WebPage\",\"@id\":\"https:\\\/\\\/novacode.pl\\\/en\\\/produkty\\\/functional-elements\\\/foams-felts-and-insulators\\\/\",\"url\":\"https:\\\/\\\/novacode.pl\\\/en\\\/produkty\\\/functional-elements\\\/foams-felts-and-insulators\\\/\",\"name\":\"Foams, felts and insulators - Drukarnia etykiet Novacode\",\"isPartOf\":{\"@id\":\"https:\\\/\\\/novacode.pl\\\/#website\"},\"primaryImageOfPage\":{\"@id\":\"https:\\\/\\\/novacode.pl\\\/en\\\/produkty\\\/functional-elements\\\/foams-felts-and-insulators\\\/#primaryimage\"},\"image\":{\"@id\":\"https:\\\/\\\/novacode.pl\\\/en\\\/produkty\\\/functional-elements\\\/foams-felts-and-insulators\\\/#primaryimage\"},\"thumbnailUrl\":\"https:\\\/\\\/novacode.pl\\\/wp-content\\\/uploads\\\/2022\\\/04\\\/pianki.jpg\",\"datePublished\":\"2022-04-19T08:20:59+00:00\",\"dateModified\":\"2023-10-12T12:37:15+00:00\",\"description\":\"Pianki, filce i izolatory od producenta Novacode \u27a4 Oferujemy elementy do izolowania, filtrowania, amortyzowania i wyg\u0142uszania komponent\u00f3w | Wysoka jako\u015b\u0107 - Sprawd\u017a!\",\"breadcrumb\":{\"@id\":\"https:\\\/\\\/novacode.pl\\\/en\\\/produkty\\\/functional-elements\\\/foams-felts-and-insulators\\\/#breadcrumb\"},\"inLanguage\":\"en-US\",\"potentialAction\":[{\"@type\":\"ReadAction\",\"target\":[\"https:\\\/\\\/novacode.pl\\\/en\\\/produkty\\\/functional-elements\\\/foams-felts-and-insulators\\\/\"]}]},{\"@type\":\"ImageObject\",\"inLanguage\":\"en-US\",\"@id\":\"https:\\\/\\\/novacode.pl\\\/en\\\/produkty\\\/functional-elements\\\/foams-felts-and-insulators\\\/#primaryimage\",\"url\":\"https:\\\/\\\/novacode.pl\\\/wp-content\\\/uploads\\\/2022\\\/04\\\/pianki.jpg\",\"contentUrl\":\"https:\\\/\\\/novacode.pl\\\/wp-content\\\/uploads\\\/2022\\\/04\\\/pianki.jpg\",\"width\":1280,\"height\":1280,\"caption\":\"pianki, filce i izolatory 2\"},{\"@type\":\"BreadcrumbList\",\"@id\":\"https:\\\/\\\/novacode.pl\\\/en\\\/produkty\\\/functional-elements\\\/foams-felts-and-insulators\\\/#breadcrumb\",\"itemListElement\":[{\"@type\":\"ListItem\",\"position\":1,\"name\":\"Strona g\u0142\u00f3wna\",\"item\":\"https:\\\/\\\/novacode.pl\\\/en\\\/\"},{\"@type\":\"ListItem\",\"position\":2,\"name\":\"Shop\",\"item\":\"https:\\\/\\\/novacode.pl\\\/en\\\/shop\\\/\"},{\"@type\":\"ListItem\",\"position\":3,\"name\":\"Foams, felts and insulators\"}]},{\"@type\":\"WebSite\",\"@id\":\"https:\\\/\\\/novacode.pl\\\/#website\",\"url\":\"https:\\\/\\\/novacode.pl\\\/\",\"name\":\"Drukarnia etykiet Novacode\",\"description\":\"Producent etykiet samoprzylepnych\",\"publisher\":{\"@id\":\"https:\\\/\\\/novacode.pl\\\/#organization\"},\"potentialAction\":[{\"@type\":\"SearchAction\",\"target\":{\"@type\":\"EntryPoint\",\"urlTemplate\":\"https:\\\/\\\/novacode.pl\\\/?s={search_term_string}\"},\"query-input\":{\"@type\":\"PropertyValueSpecification\",\"valueRequired\":true,\"valueName\":\"search_term_string\"}}],\"inLanguage\":\"en-US\"},{\"@type\":\"Organization\",\"@id\":\"https:\\\/\\\/novacode.pl\\\/#organization\",\"name\":\"Drukarnia etykiet Novacode\",\"url\":\"https:\\\/\\\/novacode.pl\\\/\",\"logo\":{\"@type\":\"ImageObject\",\"inLanguage\":\"en-US\",\"@id\":\"https:\\\/\\\/novacode.pl\\\/#\\\/schema\\\/logo\\\/image\\\/\",\"url\":\"https:\\\/\\\/novacode.pl\\\/wp-content\\\/uploads\\\/2022\\\/03\\\/cropped-favico.png\",\"contentUrl\":\"https:\\\/\\\/novacode.pl\\\/wp-content\\\/uploads\\\/2022\\\/03\\\/cropped-favico.png\",\"width\":512,\"height\":512,\"caption\":\"Drukarnia etykiet Novacode\"},\"image\":{\"@id\":\"https:\\\/\\\/novacode.pl\\\/#\\\/schema\\\/logo\\\/image\\\/\"},\"sameAs\":[\"https:\\\/\\\/www.facebook.com\\\/NovacodeOfficialPage\"]}]}<\/script>\n<!-- \/ Yoast SEO plugin. -->","yoast_head_json":{"title":"Foams, felts and insulators - Drukarnia etykiet Novacode","description":"Pianki, filce i izolatory od producenta Novacode \u27a4 Oferujemy elementy do izolowania, filtrowania, amortyzowania i wyg\u0142uszania komponent\u00f3w | Wysoka jako\u015b\u0107 - Sprawd\u017a!","robots":{"index":"index","follow":"follow","max-snippet":"max-snippet:-1","max-image-preview":"max-image-preview:large","max-video-preview":"max-video-preview:-1"},"canonical":"https:\/\/novacode.pl\/en\/produkty\/functional-elements\/foams-felts-and-insulators\/","og_locale":"en_US","og_type":"article","og_title":"Foams, felts and insulators - Drukarnia etykiet Novacode","og_description":"Pianki, filce i izolatory od producenta Novacode \u27a4 Oferujemy elementy do izolowania, filtrowania, amortyzowania i wyg\u0142uszania komponent\u00f3w | Wysoka jako\u015b\u0107 - Sprawd\u017a!","og_url":"https:\/\/novacode.pl\/en\/produkty\/functional-elements\/foams-felts-and-insulators\/","og_site_name":"Drukarnia etykiet Novacode","article_publisher":"https:\/\/www.facebook.com\/NovacodeOfficialPage","article_modified_time":"2023-10-12T12:37:15+00:00","og_image":[{"width":1280,"height":1280,"url":"https:\/\/novacode.pl\/wp-content\/uploads\/2022\/04\/pianki.jpg","type":"image\/jpeg"}],"twitter_card":"summary_large_image","twitter_misc":{"Est. reading time":"1 minute"},"schema":{"@context":"https:\/\/schema.org","@graph":[{"@type":"WebPage","@id":"https:\/\/novacode.pl\/en\/produkty\/functional-elements\/foams-felts-and-insulators\/","url":"https:\/\/novacode.pl\/en\/produkty\/functional-elements\/foams-felts-and-insulators\/","name":"Foams, felts and insulators - Drukarnia etykiet Novacode","isPartOf":{"@id":"https:\/\/novacode.pl\/#website"},"primaryImageOfPage":{"@id":"https:\/\/novacode.pl\/en\/produkty\/functional-elements\/foams-felts-and-insulators\/#primaryimage"},"image":{"@id":"https:\/\/novacode.pl\/en\/produkty\/functional-elements\/foams-felts-and-insulators\/#primaryimage"},"thumbnailUrl":"https:\/\/novacode.pl\/wp-content\/uploads\/2022\/04\/pianki.jpg","datePublished":"2022-04-19T08:20:59+00:00","dateModified":"2023-10-12T12:37:15+00:00","description":"Pianki, filce i izolatory od producenta Novacode \u27a4 Oferujemy elementy do izolowania, filtrowania, amortyzowania i wyg\u0142uszania komponent\u00f3w | Wysoka jako\u015b\u0107 - Sprawd\u017a!","breadcrumb":{"@id":"https:\/\/novacode.pl\/en\/produkty\/functional-elements\/foams-felts-and-insulators\/#breadcrumb"},"inLanguage":"en-US","potentialAction":[{"@type":"ReadAction","target":["https:\/\/novacode.pl\/en\/produkty\/functional-elements\/foams-felts-and-insulators\/"]}]},{"@type":"ImageObject","inLanguage":"en-US","@id":"https:\/\/novacode.pl\/en\/produkty\/functional-elements\/foams-felts-and-insulators\/#primaryimage","url":"https:\/\/novacode.pl\/wp-content\/uploads\/2022\/04\/pianki.jpg","contentUrl":"https:\/\/novacode.pl\/wp-content\/uploads\/2022\/04\/pianki.jpg","width":1280,"height":1280,"caption":"pianki, filce i izolatory 2"},{"@type":"BreadcrumbList","@id":"https:\/\/novacode.pl\/en\/produkty\/functional-elements\/foams-felts-and-insulators\/#breadcrumb","itemListElement":[{"@type":"ListItem","position":1,"name":"Strona g\u0142\u00f3wna","item":"https:\/\/novacode.pl\/en\/"},{"@type":"ListItem","position":2,"name":"Shop","item":"https:\/\/novacode.pl\/en\/shop\/"},{"@type":"ListItem","position":3,"name":"Foams, felts and insulators"}]},{"@type":"WebSite","@id":"https:\/\/novacode.pl\/#website","url":"https:\/\/novacode.pl\/","name":"Drukarnia etykiet Novacode","description":"Producent etykiet samoprzylepnych","publisher":{"@id":"https:\/\/novacode.pl\/#organization"},"potentialAction":[{"@type":"SearchAction","target":{"@type":"EntryPoint","urlTemplate":"https:\/\/novacode.pl\/?s={search_term_string}"},"query-input":{"@type":"PropertyValueSpecification","valueRequired":true,"valueName":"search_term_string"}}],"inLanguage":"en-US"},{"@type":"Organization","@id":"https:\/\/novacode.pl\/#organization","name":"Drukarnia etykiet Novacode","url":"https:\/\/novacode.pl\/","logo":{"@type":"ImageObject","inLanguage":"en-US","@id":"https:\/\/novacode.pl\/#\/schema\/logo\/image\/","url":"https:\/\/novacode.pl\/wp-content\/uploads\/2022\/03\/cropped-favico.png","contentUrl":"https:\/\/novacode.pl\/wp-content\/uploads\/2022\/03\/cropped-favico.png","width":512,"height":512,"caption":"Drukarnia etykiet Novacode"},"image":{"@id":"https:\/\/novacode.pl\/#\/schema\/logo\/image\/"},"sameAs":["https:\/\/www.facebook.com\/NovacodeOfficialPage"]}]}},"_links":{"self":[{"href":"https:\/\/novacode.pl\/en\/wp-json\/wp\/v2\/product\/4991","targetHints":{"allow":["GET"]}}],"collection":[{"href":"https:\/\/novacode.pl\/en\/wp-json\/wp\/v2\/product"}],"about":[{"href":"https:\/\/novacode.pl\/en\/wp-json\/wp\/v2\/types\/product"}],"wp:featuredmedia":[{"embeddable":true,"href":"https:\/\/novacode.pl\/en\/wp-json\/wp\/v2\/media\/3343"}],"wp:attachment":[{"href":"https:\/\/novacode.pl\/en\/wp-json\/wp\/v2\/media?parent=4991"}],"wp:term":[{"taxonomy":"product_brand","embeddable":true,"href":"https:\/\/novacode.pl\/en\/wp-json\/wp\/v2\/product_brand?post=4991"},{"taxonomy":"product_cat","embeddable":true,"href":"https:\/\/novacode.pl\/en\/wp-json\/wp\/v2\/product_cat?post=4991"},{"taxonomy":"product_tag","embeddable":true,"href":"https:\/\/novacode.pl\/en\/wp-json\/wp\/v2\/product_tag?post=4991"}],"curies":[{"name":"wp","href":"https:\/\/api.w.org\/{rel}","templated":true}]}}