{"id":4989,"date":"2022-05-31T16:16:03","date_gmt":"2022-05-31T14:16:03","guid":{"rendered":"https:\/\/novacode.pl\/produkty\/uncategorized\/pianki-przekladki-wypelnienia\/"},"modified":"2023-10-12T15:22:24","modified_gmt":"2023-10-12T13:22:24","slug":"pianki-przekladki-wypelnienia","status":"publish","type":"product","link":"https:\/\/novacode.pl\/en\/produkty\/packing-materials\/pianki-przekladki-wypelnienia\/","title":{"rendered":"Pianki, przek\u0142adki, wype\u0142nienia"},"content":{"rendered":"<p><span style=\"font-weight: 400;\">W logistyce towar\u00f3w bardzo istotne jest zabezpieczenie produktu przed uszkodzeniem. Najbardziej popularnymi rozwi\u0105zaniami s\u0105 odpowiednio wyci\u0119te pianki, przek\u0142adki i wype\u0142nienia.<\/span><\/p>\n<p><span style=\"font-weight: 400;\">Pianki mog\u0105 mie\u0107 r\u00f3\u017cn\u0105 gramatur\u0119, grubo\u015b\u0107 i w\u0142a\u015bciwo\u015bci zabezpieczaj\u0105ce. Niekt\u00f3re cechuj\u0105 si\u0119 bardzo du\u017c\u0105 odporno\u015bci\u0105 na wilgo\u0107, oleje i substancje chemiczne.\u00a0<\/span><\/p>\n<p><span style=\"font-weight: 400;\">Przek\u0142adki i wype\u0142nienia s\u0105 dostosowywane do wymiar\u00f3w, rodzaju, a tak\u017ce zawarto\u015bci opakowania.<\/span><\/p>\n<p><span style=\"font-weight: 400;\">Ka\u017cde rozwi\u0105zanie powinno by\u0107 indywidualnie dobierane do warunk\u00f3w przechowywania i transportu towaru, \u017ceby zapewni\u0107 jak najwy\u017csze parametry zabezpieczaj\u0105ce.<\/span><\/p>\n","protected":false},"excerpt":{"rendered":"<p>W logistyce towar\u00f3w bardzo istotne jest zabezpieczenie produktu przed uszkodzeniem. Najbardziej popularnymi rozwi\u0105zaniami s\u0105 odpowiednio wyci\u0119te pianki, przek\u0142adki i wype\u0142nienia&#8230;.<\/p>\n","protected":false},"featured_media":3387,"template":"","meta":{"_acf_changed":false,"inline_featured_image":false},"product_brand":[],"product_cat":[103],"product_tag":[],"class_list":{"0":"post-4989","1":"product","2":"type-product","3":"status-publish","4":"has-post-thumbnail","6":"product_cat-packing-materials","8":"first","9":"instock","10":"shipping-taxable","11":"product-type-simple"},"acf":[],"yoast_head":"<!-- This site is optimized with the Yoast SEO plugin v27.4 - https:\/\/yoast.com\/product\/yoast-seo-wordpress\/ -->\n<title>Pianki, przek\u0142adki, wype\u0142nienia | Novacode<\/title>\n<meta name=\"description\" content=\"Pianki, przek\u0142adki, wype\u0142nienia do karton\u00f3w od Novacode \u27a4 Oferujemy materia\u0142y do zabezpieczenia towar\u00f3w pakowanych w kartony | Wysoka jako\u015b\u0107 - Sprawd\u017a!\" \/>\n<meta name=\"robots\" content=\"index, follow, max-snippet:-1, max-image-preview:large, max-video-preview:-1\" \/>\n<link rel=\"canonical\" href=\"https:\/\/novacode.pl\/en\/produkty\/packing-materials\/pianki-przekladki-wypelnienia\/\" \/>\n<meta property=\"og:locale\" content=\"en_US\" \/>\n<meta property=\"og:type\" content=\"article\" \/>\n<meta property=\"og:title\" content=\"Pianki, przek\u0142adki, wype\u0142nienia | Novacode\" \/>\n<meta property=\"og:description\" content=\"Pianki, przek\u0142adki, wype\u0142nienia do karton\u00f3w od Novacode \u27a4 Oferujemy materia\u0142y do zabezpieczenia towar\u00f3w pakowanych w kartony | Wysoka jako\u015b\u0107 - Sprawd\u017a!\" \/>\n<meta property=\"og:url\" content=\"https:\/\/novacode.pl\/en\/produkty\/packing-materials\/pianki-przekladki-wypelnienia\/\" \/>\n<meta property=\"og:site_name\" content=\"Drukarnia etykiet Novacode\" \/>\n<meta property=\"article:publisher\" content=\"https:\/\/www.facebook.com\/NovacodeOfficialPage\" \/>\n<meta property=\"article:modified_time\" content=\"2023-10-12T13:22:24+00:00\" \/>\n<meta property=\"og:image\" content=\"https:\/\/novacode.pl\/wp-content\/uploads\/2022\/05\/pianki.jpg\" \/>\n\t<meta property=\"og:image:width\" content=\"1280\" \/>\n\t<meta property=\"og:image:height\" content=\"1280\" \/>\n\t<meta property=\"og:image:type\" content=\"image\/jpeg\" \/>\n<meta name=\"twitter:card\" content=\"summary_large_image\" \/>\n<meta name=\"twitter:label1\" content=\"Est. reading time\" \/>\n\t<meta name=\"twitter:data1\" content=\"1 minute\" \/>\n<script type=\"application\/ld+json\" class=\"yoast-schema-graph\">{\"@context\":\"https:\\\/\\\/schema.org\",\"@graph\":[{\"@type\":\"WebPage\",\"@id\":\"https:\\\/\\\/novacode.pl\\\/en\\\/produkty\\\/packing-materials\\\/pianki-przekladki-wypelnienia\\\/\",\"url\":\"https:\\\/\\\/novacode.pl\\\/en\\\/produkty\\\/packing-materials\\\/pianki-przekladki-wypelnienia\\\/\",\"name\":\"Pianki, przek\u0142adki, wype\u0142nienia | Novacode\",\"isPartOf\":{\"@id\":\"https:\\\/\\\/novacode.pl\\\/#website\"},\"primaryImageOfPage\":{\"@id\":\"https:\\\/\\\/novacode.pl\\\/en\\\/produkty\\\/packing-materials\\\/pianki-przekladki-wypelnienia\\\/#primaryimage\"},\"image\":{\"@id\":\"https:\\\/\\\/novacode.pl\\\/en\\\/produkty\\\/packing-materials\\\/pianki-przekladki-wypelnienia\\\/#primaryimage\"},\"thumbnailUrl\":\"https:\\\/\\\/novacode.pl\\\/wp-content\\\/uploads\\\/2022\\\/05\\\/pianki.jpg\",\"datePublished\":\"2022-05-31T14:16:03+00:00\",\"dateModified\":\"2023-10-12T13:22:24+00:00\",\"description\":\"Pianki, przek\u0142adki, wype\u0142nienia do karton\u00f3w od Novacode \u27a4 Oferujemy materia\u0142y do zabezpieczenia towar\u00f3w pakowanych w kartony | Wysoka jako\u015b\u0107 - Sprawd\u017a!\",\"breadcrumb\":{\"@id\":\"https:\\\/\\\/novacode.pl\\\/en\\\/produkty\\\/packing-materials\\\/pianki-przekladki-wypelnienia\\\/#breadcrumb\"},\"inLanguage\":\"en-US\",\"potentialAction\":[{\"@type\":\"ReadAction\",\"target\":[\"https:\\\/\\\/novacode.pl\\\/en\\\/produkty\\\/packing-materials\\\/pianki-przekladki-wypelnienia\\\/\"]}]},{\"@type\":\"ImageObject\",\"inLanguage\":\"en-US\",\"@id\":\"https:\\\/\\\/novacode.pl\\\/en\\\/produkty\\\/packing-materials\\\/pianki-przekladki-wypelnienia\\\/#primaryimage\",\"url\":\"https:\\\/\\\/novacode.pl\\\/wp-content\\\/uploads\\\/2022\\\/05\\\/pianki.jpg\",\"contentUrl\":\"https:\\\/\\\/novacode.pl\\\/wp-content\\\/uploads\\\/2022\\\/05\\\/pianki.jpg\",\"width\":1280,\"height\":1280,\"caption\":\"pianki zabezpieczaj\u0105ce do karton\u00f3w\"},{\"@type\":\"BreadcrumbList\",\"@id\":\"https:\\\/\\\/novacode.pl\\\/en\\\/produkty\\\/packing-materials\\\/pianki-przekladki-wypelnienia\\\/#breadcrumb\",\"itemListElement\":[{\"@type\":\"ListItem\",\"position\":1,\"name\":\"Strona g\u0142\u00f3wna\",\"item\":\"https:\\\/\\\/novacode.pl\\\/en\\\/\"},{\"@type\":\"ListItem\",\"position\":2,\"name\":\"Shop\",\"item\":\"https:\\\/\\\/novacode.pl\\\/en\\\/shop\\\/\"},{\"@type\":\"ListItem\",\"position\":3,\"name\":\"Pianki, przek\u0142adki, wype\u0142nienia\"}]},{\"@type\":\"WebSite\",\"@id\":\"https:\\\/\\\/novacode.pl\\\/#website\",\"url\":\"https:\\\/\\\/novacode.pl\\\/\",\"name\":\"Drukarnia etykiet Novacode\",\"description\":\"Producent etykiet samoprzylepnych\",\"publisher\":{\"@id\":\"https:\\\/\\\/novacode.pl\\\/#organization\"},\"potentialAction\":[{\"@type\":\"SearchAction\",\"target\":{\"@type\":\"EntryPoint\",\"urlTemplate\":\"https:\\\/\\\/novacode.pl\\\/?s={search_term_string}\"},\"query-input\":{\"@type\":\"PropertyValueSpecification\",\"valueRequired\":true,\"valueName\":\"search_term_string\"}}],\"inLanguage\":\"en-US\"},{\"@type\":\"Organization\",\"@id\":\"https:\\\/\\\/novacode.pl\\\/#organization\",\"name\":\"Drukarnia etykiet Novacode\",\"url\":\"https:\\\/\\\/novacode.pl\\\/\",\"logo\":{\"@type\":\"ImageObject\",\"inLanguage\":\"en-US\",\"@id\":\"https:\\\/\\\/novacode.pl\\\/#\\\/schema\\\/logo\\\/image\\\/\",\"url\":\"https:\\\/\\\/novacode.pl\\\/wp-content\\\/uploads\\\/2022\\\/03\\\/cropped-favico.png\",\"contentUrl\":\"https:\\\/\\\/novacode.pl\\\/wp-content\\\/uploads\\\/2022\\\/03\\\/cropped-favico.png\",\"width\":512,\"height\":512,\"caption\":\"Drukarnia etykiet Novacode\"},\"image\":{\"@id\":\"https:\\\/\\\/novacode.pl\\\/#\\\/schema\\\/logo\\\/image\\\/\"},\"sameAs\":[\"https:\\\/\\\/www.facebook.com\\\/NovacodeOfficialPage\"]}]}<\/script>\n<!-- \/ Yoast SEO plugin. -->","yoast_head_json":{"title":"Pianki, przek\u0142adki, wype\u0142nienia | Novacode","description":"Pianki, przek\u0142adki, wype\u0142nienia do karton\u00f3w od Novacode \u27a4 Oferujemy materia\u0142y do zabezpieczenia towar\u00f3w pakowanych w kartony | Wysoka jako\u015b\u0107 - Sprawd\u017a!","robots":{"index":"index","follow":"follow","max-snippet":"max-snippet:-1","max-image-preview":"max-image-preview:large","max-video-preview":"max-video-preview:-1"},"canonical":"https:\/\/novacode.pl\/en\/produkty\/packing-materials\/pianki-przekladki-wypelnienia\/","og_locale":"en_US","og_type":"article","og_title":"Pianki, przek\u0142adki, wype\u0142nienia | Novacode","og_description":"Pianki, przek\u0142adki, wype\u0142nienia do karton\u00f3w od Novacode \u27a4 Oferujemy materia\u0142y do zabezpieczenia towar\u00f3w pakowanych w kartony | Wysoka jako\u015b\u0107 - Sprawd\u017a!","og_url":"https:\/\/novacode.pl\/en\/produkty\/packing-materials\/pianki-przekladki-wypelnienia\/","og_site_name":"Drukarnia etykiet Novacode","article_publisher":"https:\/\/www.facebook.com\/NovacodeOfficialPage","article_modified_time":"2023-10-12T13:22:24+00:00","og_image":[{"width":1280,"height":1280,"url":"https:\/\/novacode.pl\/wp-content\/uploads\/2022\/05\/pianki.jpg","type":"image\/jpeg"}],"twitter_card":"summary_large_image","twitter_misc":{"Est. reading time":"1 minute"},"schema":{"@context":"https:\/\/schema.org","@graph":[{"@type":"WebPage","@id":"https:\/\/novacode.pl\/en\/produkty\/packing-materials\/pianki-przekladki-wypelnienia\/","url":"https:\/\/novacode.pl\/en\/produkty\/packing-materials\/pianki-przekladki-wypelnienia\/","name":"Pianki, przek\u0142adki, wype\u0142nienia | Novacode","isPartOf":{"@id":"https:\/\/novacode.pl\/#website"},"primaryImageOfPage":{"@id":"https:\/\/novacode.pl\/en\/produkty\/packing-materials\/pianki-przekladki-wypelnienia\/#primaryimage"},"image":{"@id":"https:\/\/novacode.pl\/en\/produkty\/packing-materials\/pianki-przekladki-wypelnienia\/#primaryimage"},"thumbnailUrl":"https:\/\/novacode.pl\/wp-content\/uploads\/2022\/05\/pianki.jpg","datePublished":"2022-05-31T14:16:03+00:00","dateModified":"2023-10-12T13:22:24+00:00","description":"Pianki, przek\u0142adki, wype\u0142nienia do karton\u00f3w od Novacode \u27a4 Oferujemy materia\u0142y do zabezpieczenia towar\u00f3w pakowanych w kartony | Wysoka jako\u015b\u0107 - Sprawd\u017a!","breadcrumb":{"@id":"https:\/\/novacode.pl\/en\/produkty\/packing-materials\/pianki-przekladki-wypelnienia\/#breadcrumb"},"inLanguage":"en-US","potentialAction":[{"@type":"ReadAction","target":["https:\/\/novacode.pl\/en\/produkty\/packing-materials\/pianki-przekladki-wypelnienia\/"]}]},{"@type":"ImageObject","inLanguage":"en-US","@id":"https:\/\/novacode.pl\/en\/produkty\/packing-materials\/pianki-przekladki-wypelnienia\/#primaryimage","url":"https:\/\/novacode.pl\/wp-content\/uploads\/2022\/05\/pianki.jpg","contentUrl":"https:\/\/novacode.pl\/wp-content\/uploads\/2022\/05\/pianki.jpg","width":1280,"height":1280,"caption":"pianki zabezpieczaj\u0105ce do karton\u00f3w"},{"@type":"BreadcrumbList","@id":"https:\/\/novacode.pl\/en\/produkty\/packing-materials\/pianki-przekladki-wypelnienia\/#breadcrumb","itemListElement":[{"@type":"ListItem","position":1,"name":"Strona g\u0142\u00f3wna","item":"https:\/\/novacode.pl\/en\/"},{"@type":"ListItem","position":2,"name":"Shop","item":"https:\/\/novacode.pl\/en\/shop\/"},{"@type":"ListItem","position":3,"name":"Pianki, przek\u0142adki, wype\u0142nienia"}]},{"@type":"WebSite","@id":"https:\/\/novacode.pl\/#website","url":"https:\/\/novacode.pl\/","name":"Drukarnia etykiet Novacode","description":"Producent etykiet samoprzylepnych","publisher":{"@id":"https:\/\/novacode.pl\/#organization"},"potentialAction":[{"@type":"SearchAction","target":{"@type":"EntryPoint","urlTemplate":"https:\/\/novacode.pl\/?s={search_term_string}"},"query-input":{"@type":"PropertyValueSpecification","valueRequired":true,"valueName":"search_term_string"}}],"inLanguage":"en-US"},{"@type":"Organization","@id":"https:\/\/novacode.pl\/#organization","name":"Drukarnia etykiet Novacode","url":"https:\/\/novacode.pl\/","logo":{"@type":"ImageObject","inLanguage":"en-US","@id":"https:\/\/novacode.pl\/#\/schema\/logo\/image\/","url":"https:\/\/novacode.pl\/wp-content\/uploads\/2022\/03\/cropped-favico.png","contentUrl":"https:\/\/novacode.pl\/wp-content\/uploads\/2022\/03\/cropped-favico.png","width":512,"height":512,"caption":"Drukarnia etykiet Novacode"},"image":{"@id":"https:\/\/novacode.pl\/#\/schema\/logo\/image\/"},"sameAs":["https:\/\/www.facebook.com\/NovacodeOfficialPage"]}]}},"_links":{"self":[{"href":"https:\/\/novacode.pl\/en\/wp-json\/wp\/v2\/product\/4989","targetHints":{"allow":["GET"]}}],"collection":[{"href":"https:\/\/novacode.pl\/en\/wp-json\/wp\/v2\/product"}],"about":[{"href":"https:\/\/novacode.pl\/en\/wp-json\/wp\/v2\/types\/product"}],"wp:featuredmedia":[{"embeddable":true,"href":"https:\/\/novacode.pl\/en\/wp-json\/wp\/v2\/media\/3387"}],"wp:attachment":[{"href":"https:\/\/novacode.pl\/en\/wp-json\/wp\/v2\/media?parent=4989"}],"wp:term":[{"taxonomy":"product_brand","embeddable":true,"href":"https:\/\/novacode.pl\/en\/wp-json\/wp\/v2\/product_brand?post=4989"},{"taxonomy":"product_cat","embeddable":true,"href":"https:\/\/novacode.pl\/en\/wp-json\/wp\/v2\/product_cat?post=4989"},{"taxonomy":"product_tag","embeddable":true,"href":"https:\/\/novacode.pl\/en\/wp-json\/wp\/v2\/product_tag?post=4989"}],"curies":[{"name":"wp","href":"https:\/\/api.w.org\/{rel}","templated":true}]}}