{"id":4973,"date":"2022-04-20T15:32:15","date_gmt":"2022-04-20T13:32:15","guid":{"rendered":"https:\/\/novacode.pl\/produkty\/uncategorized\/drukarki-przemyslowe\/"},"modified":"2023-10-06T15:11:11","modified_gmt":"2023-10-06T13:11:11","slug":"industrial-printers","status":"publish","type":"product","link":"https:\/\/novacode.pl\/en\/produkty\/printers-label-applicators-automation\/industrial-printers\/","title":{"rendered":"Industrial printers"},"content":{"rendered":"","protected":false},"excerpt":{"rendered":"<p class=\"western\">The automation of label printing processes is a mandatory part of the labelling of goods. It is therefore particularly important to pay attention to the selection of a printing device that will allow production to continue even in the most demanding environments and working conditions. Reliability, high performance and a reinforced design are features that should characterise any industrial label printer.<\/p>\n","protected":false},"featured_media":2863,"template":"","meta":{"_acf_changed":false,"inline_featured_image":false},"product_brand":[],"product_cat":[97],"product_tag":[],"class_list":{"0":"post-4973","1":"product","2":"type-product","3":"status-publish","4":"has-post-thumbnail","6":"product_cat-printers-label-applicators-automation","8":"first","9":"instock","10":"shipping-taxable","11":"product-type-simple"},"acf":[],"yoast_head":"<!-- This site is optimized with the Yoast SEO plugin v27.4 - https:\/\/yoast.com\/product\/yoast-seo-wordpress\/ -->\n<title>Drukarki przemys\u0142owe | Novacode Wroc\u0142aw, Bydgoszcz, Gliwice<\/title>\n<meta name=\"description\" content=\"Drukarki przemys\u0142owe w ofercie Novacode \u27a4 Urz\u0105dzenia do automatyzacji procesu etykietowania w dla przemys\u0142u, produkcji, magazyn\u00f3w | Sprawd\u017a teraz!\" \/>\n<meta name=\"robots\" content=\"index, follow, max-snippet:-1, max-image-preview:large, max-video-preview:-1\" \/>\n<link rel=\"canonical\" href=\"https:\/\/novacode.pl\/en\/produkty\/printers-label-applicators-automation\/industrial-printers\/\" \/>\n<meta property=\"og:locale\" content=\"en_US\" \/>\n<meta property=\"og:type\" content=\"article\" \/>\n<meta property=\"og:title\" content=\"Drukarki przemys\u0142owe | Novacode Wroc\u0142aw, Bydgoszcz, Gliwice\" \/>\n<meta property=\"og:description\" content=\"Drukarki przemys\u0142owe w ofercie Novacode \u27a4 Urz\u0105dzenia do automatyzacji procesu etykietowania w dla przemys\u0142u, produkcji, magazyn\u00f3w | Sprawd\u017a teraz!\" \/>\n<meta property=\"og:url\" content=\"https:\/\/novacode.pl\/en\/produkty\/printers-label-applicators-automation\/industrial-printers\/\" \/>\n<meta property=\"og:site_name\" content=\"Drukarnia etykiet Novacode\" \/>\n<meta property=\"article:publisher\" content=\"https:\/\/www.facebook.com\/NovacodeOfficialPage\" \/>\n<meta property=\"article:modified_time\" content=\"2023-10-06T13:11:11+00:00\" \/>\n<meta property=\"og:image\" content=\"https:\/\/novacode.pl\/wp-content\/uploads\/2022\/04\/Zebra-ZT411.jpg\" \/>\n\t<meta property=\"og:image:width\" content=\"800\" \/>\n\t<meta property=\"og:image:height\" content=\"800\" \/>\n\t<meta property=\"og:image:type\" content=\"image\/jpeg\" \/>\n<meta name=\"twitter:card\" content=\"summary_large_image\" \/>\n<script type=\"application\/ld+json\" class=\"yoast-schema-graph\">{\"@context\":\"https:\\\/\\\/schema.org\",\"@graph\":[{\"@type\":\"WebPage\",\"@id\":\"https:\\\/\\\/novacode.pl\\\/en\\\/produkty\\\/printers-label-applicators-automation\\\/industrial-printers\\\/\",\"url\":\"https:\\\/\\\/novacode.pl\\\/en\\\/produkty\\\/printers-label-applicators-automation\\\/industrial-printers\\\/\",\"name\":\"Drukarki przemys\u0142owe | Novacode Wroc\u0142aw, Bydgoszcz, Gliwice\",\"isPartOf\":{\"@id\":\"https:\\\/\\\/novacode.pl\\\/#website\"},\"primaryImageOfPage\":{\"@id\":\"https:\\\/\\\/novacode.pl\\\/en\\\/produkty\\\/printers-label-applicators-automation\\\/industrial-printers\\\/#primaryimage\"},\"image\":{\"@id\":\"https:\\\/\\\/novacode.pl\\\/en\\\/produkty\\\/printers-label-applicators-automation\\\/industrial-printers\\\/#primaryimage\"},\"thumbnailUrl\":\"https:\\\/\\\/novacode.pl\\\/wp-content\\\/uploads\\\/2022\\\/04\\\/Zebra-ZT411.jpg\",\"datePublished\":\"2022-04-20T13:32:15+00:00\",\"dateModified\":\"2023-10-06T13:11:11+00:00\",\"description\":\"Drukarki przemys\u0142owe w ofercie Novacode \u27a4 Urz\u0105dzenia do automatyzacji procesu etykietowania w dla przemys\u0142u, produkcji, magazyn\u00f3w | Sprawd\u017a teraz!\",\"breadcrumb\":{\"@id\":\"https:\\\/\\\/novacode.pl\\\/en\\\/produkty\\\/printers-label-applicators-automation\\\/industrial-printers\\\/#breadcrumb\"},\"inLanguage\":\"en-US\",\"potentialAction\":[{\"@type\":\"ReadAction\",\"target\":[\"https:\\\/\\\/novacode.pl\\\/en\\\/produkty\\\/printers-label-applicators-automation\\\/industrial-printers\\\/\"]}]},{\"@type\":\"ImageObject\",\"inLanguage\":\"en-US\",\"@id\":\"https:\\\/\\\/novacode.pl\\\/en\\\/produkty\\\/printers-label-applicators-automation\\\/industrial-printers\\\/#primaryimage\",\"url\":\"https:\\\/\\\/novacode.pl\\\/wp-content\\\/uploads\\\/2022\\\/04\\\/Zebra-ZT411.jpg\",\"contentUrl\":\"https:\\\/\\\/novacode.pl\\\/wp-content\\\/uploads\\\/2022\\\/04\\\/Zebra-ZT411.jpg\",\"width\":800,\"height\":800,\"caption\":\"Zebra ZT411 - drukarka przemys\u0142owa\"},{\"@type\":\"BreadcrumbList\",\"@id\":\"https:\\\/\\\/novacode.pl\\\/en\\\/produkty\\\/printers-label-applicators-automation\\\/industrial-printers\\\/#breadcrumb\",\"itemListElement\":[{\"@type\":\"ListItem\",\"position\":1,\"name\":\"Strona g\u0142\u00f3wna\",\"item\":\"https:\\\/\\\/novacode.pl\\\/en\\\/\"},{\"@type\":\"ListItem\",\"position\":2,\"name\":\"Shop\",\"item\":\"https:\\\/\\\/novacode.pl\\\/en\\\/shop\\\/\"},{\"@type\":\"ListItem\",\"position\":3,\"name\":\"Industrial printers\"}]},{\"@type\":\"WebSite\",\"@id\":\"https:\\\/\\\/novacode.pl\\\/#website\",\"url\":\"https:\\\/\\\/novacode.pl\\\/\",\"name\":\"Drukarnia etykiet Novacode\",\"description\":\"Producent etykiet samoprzylepnych\",\"publisher\":{\"@id\":\"https:\\\/\\\/novacode.pl\\\/#organization\"},\"potentialAction\":[{\"@type\":\"SearchAction\",\"target\":{\"@type\":\"EntryPoint\",\"urlTemplate\":\"https:\\\/\\\/novacode.pl\\\/?s={search_term_string}\"},\"query-input\":{\"@type\":\"PropertyValueSpecification\",\"valueRequired\":true,\"valueName\":\"search_term_string\"}}],\"inLanguage\":\"en-US\"},{\"@type\":\"Organization\",\"@id\":\"https:\\\/\\\/novacode.pl\\\/#organization\",\"name\":\"Drukarnia etykiet Novacode\",\"url\":\"https:\\\/\\\/novacode.pl\\\/\",\"logo\":{\"@type\":\"ImageObject\",\"inLanguage\":\"en-US\",\"@id\":\"https:\\\/\\\/novacode.pl\\\/#\\\/schema\\\/logo\\\/image\\\/\",\"url\":\"https:\\\/\\\/novacode.pl\\\/wp-content\\\/uploads\\\/2022\\\/03\\\/cropped-favico.png\",\"contentUrl\":\"https:\\\/\\\/novacode.pl\\\/wp-content\\\/uploads\\\/2022\\\/03\\\/cropped-favico.png\",\"width\":512,\"height\":512,\"caption\":\"Drukarnia etykiet Novacode\"},\"image\":{\"@id\":\"https:\\\/\\\/novacode.pl\\\/#\\\/schema\\\/logo\\\/image\\\/\"},\"sameAs\":[\"https:\\\/\\\/www.facebook.com\\\/NovacodeOfficialPage\"]}]}<\/script>\n<!-- \/ Yoast SEO plugin. -->","yoast_head_json":{"title":"Drukarki przemys\u0142owe | Novacode Wroc\u0142aw, Bydgoszcz, Gliwice","description":"Drukarki przemys\u0142owe w ofercie Novacode \u27a4 Urz\u0105dzenia do automatyzacji procesu etykietowania w dla przemys\u0142u, produkcji, magazyn\u00f3w | Sprawd\u017a teraz!","robots":{"index":"index","follow":"follow","max-snippet":"max-snippet:-1","max-image-preview":"max-image-preview:large","max-video-preview":"max-video-preview:-1"},"canonical":"https:\/\/novacode.pl\/en\/produkty\/printers-label-applicators-automation\/industrial-printers\/","og_locale":"en_US","og_type":"article","og_title":"Drukarki przemys\u0142owe | Novacode Wroc\u0142aw, Bydgoszcz, Gliwice","og_description":"Drukarki przemys\u0142owe w ofercie Novacode \u27a4 Urz\u0105dzenia do automatyzacji procesu etykietowania w dla przemys\u0142u, produkcji, magazyn\u00f3w | Sprawd\u017a teraz!","og_url":"https:\/\/novacode.pl\/en\/produkty\/printers-label-applicators-automation\/industrial-printers\/","og_site_name":"Drukarnia etykiet Novacode","article_publisher":"https:\/\/www.facebook.com\/NovacodeOfficialPage","article_modified_time":"2023-10-06T13:11:11+00:00","og_image":[{"width":800,"height":800,"url":"https:\/\/novacode.pl\/wp-content\/uploads\/2022\/04\/Zebra-ZT411.jpg","type":"image\/jpeg"}],"twitter_card":"summary_large_image","schema":{"@context":"https:\/\/schema.org","@graph":[{"@type":"WebPage","@id":"https:\/\/novacode.pl\/en\/produkty\/printers-label-applicators-automation\/industrial-printers\/","url":"https:\/\/novacode.pl\/en\/produkty\/printers-label-applicators-automation\/industrial-printers\/","name":"Drukarki przemys\u0142owe | Novacode Wroc\u0142aw, Bydgoszcz, Gliwice","isPartOf":{"@id":"https:\/\/novacode.pl\/#website"},"primaryImageOfPage":{"@id":"https:\/\/novacode.pl\/en\/produkty\/printers-label-applicators-automation\/industrial-printers\/#primaryimage"},"image":{"@id":"https:\/\/novacode.pl\/en\/produkty\/printers-label-applicators-automation\/industrial-printers\/#primaryimage"},"thumbnailUrl":"https:\/\/novacode.pl\/wp-content\/uploads\/2022\/04\/Zebra-ZT411.jpg","datePublished":"2022-04-20T13:32:15+00:00","dateModified":"2023-10-06T13:11:11+00:00","description":"Drukarki przemys\u0142owe w ofercie Novacode \u27a4 Urz\u0105dzenia do automatyzacji procesu etykietowania w dla przemys\u0142u, produkcji, magazyn\u00f3w | Sprawd\u017a teraz!","breadcrumb":{"@id":"https:\/\/novacode.pl\/en\/produkty\/printers-label-applicators-automation\/industrial-printers\/#breadcrumb"},"inLanguage":"en-US","potentialAction":[{"@type":"ReadAction","target":["https:\/\/novacode.pl\/en\/produkty\/printers-label-applicators-automation\/industrial-printers\/"]}]},{"@type":"ImageObject","inLanguage":"en-US","@id":"https:\/\/novacode.pl\/en\/produkty\/printers-label-applicators-automation\/industrial-printers\/#primaryimage","url":"https:\/\/novacode.pl\/wp-content\/uploads\/2022\/04\/Zebra-ZT411.jpg","contentUrl":"https:\/\/novacode.pl\/wp-content\/uploads\/2022\/04\/Zebra-ZT411.jpg","width":800,"height":800,"caption":"Zebra ZT411 - drukarka przemys\u0142owa"},{"@type":"BreadcrumbList","@id":"https:\/\/novacode.pl\/en\/produkty\/printers-label-applicators-automation\/industrial-printers\/#breadcrumb","itemListElement":[{"@type":"ListItem","position":1,"name":"Strona g\u0142\u00f3wna","item":"https:\/\/novacode.pl\/en\/"},{"@type":"ListItem","position":2,"name":"Shop","item":"https:\/\/novacode.pl\/en\/shop\/"},{"@type":"ListItem","position":3,"name":"Industrial printers"}]},{"@type":"WebSite","@id":"https:\/\/novacode.pl\/#website","url":"https:\/\/novacode.pl\/","name":"Drukarnia etykiet Novacode","description":"Producent etykiet samoprzylepnych","publisher":{"@id":"https:\/\/novacode.pl\/#organization"},"potentialAction":[{"@type":"SearchAction","target":{"@type":"EntryPoint","urlTemplate":"https:\/\/novacode.pl\/?s={search_term_string}"},"query-input":{"@type":"PropertyValueSpecification","valueRequired":true,"valueName":"search_term_string"}}],"inLanguage":"en-US"},{"@type":"Organization","@id":"https:\/\/novacode.pl\/#organization","name":"Drukarnia etykiet Novacode","url":"https:\/\/novacode.pl\/","logo":{"@type":"ImageObject","inLanguage":"en-US","@id":"https:\/\/novacode.pl\/#\/schema\/logo\/image\/","url":"https:\/\/novacode.pl\/wp-content\/uploads\/2022\/03\/cropped-favico.png","contentUrl":"https:\/\/novacode.pl\/wp-content\/uploads\/2022\/03\/cropped-favico.png","width":512,"height":512,"caption":"Drukarnia etykiet Novacode"},"image":{"@id":"https:\/\/novacode.pl\/#\/schema\/logo\/image\/"},"sameAs":["https:\/\/www.facebook.com\/NovacodeOfficialPage"]}]}},"_links":{"self":[{"href":"https:\/\/novacode.pl\/en\/wp-json\/wp\/v2\/product\/4973","targetHints":{"allow":["GET"]}}],"collection":[{"href":"https:\/\/novacode.pl\/en\/wp-json\/wp\/v2\/product"}],"about":[{"href":"https:\/\/novacode.pl\/en\/wp-json\/wp\/v2\/types\/product"}],"wp:featuredmedia":[{"embeddable":true,"href":"https:\/\/novacode.pl\/en\/wp-json\/wp\/v2\/media\/2863"}],"wp:attachment":[{"href":"https:\/\/novacode.pl\/en\/wp-json\/wp\/v2\/media?parent=4973"}],"wp:term":[{"taxonomy":"product_brand","embeddable":true,"href":"https:\/\/novacode.pl\/en\/wp-json\/wp\/v2\/product_brand?post=4973"},{"taxonomy":"product_cat","embeddable":true,"href":"https:\/\/novacode.pl\/en\/wp-json\/wp\/v2\/product_cat?post=4973"},{"taxonomy":"product_tag","embeddable":true,"href":"https:\/\/novacode.pl\/en\/wp-json\/wp\/v2\/product_tag?post=4973"}],"curies":[{"name":"wp","href":"https:\/\/api.w.org\/{rel}","templated":true}]}}