{"id":4970,"date":"2022-04-20T15:32:42","date_gmt":"2022-04-20T13:32:42","guid":{"rendered":"https:\/\/novacode.pl\/produkty\/uncategorized\/drukarki-logistyczne\/"},"modified":"2023-07-17T12:55:44","modified_gmt":"2023-07-17T10:55:44","slug":"logistics-printers","status":"publish","type":"product","link":"https:\/\/novacode.pl\/en\/produkty\/printers-label-applicators-automation\/logistics-printers\/","title":{"rendered":"Logistics printers"},"content":{"rendered":"","protected":false},"excerpt":{"rendered":"<p class=\"western\" align=\"JUSTIFY\">In warehouses and shipping centres, the correct organisation of work is of the utmost importance. One aspect of this is the correct labelling of individual raw materials, goods, equipment or storage locations. This is why it is nowadays mandatory for every warehouse to be equipped with the right logistics printers.<\/p>\n","protected":false},"featured_media":2881,"template":"","meta":{"_acf_changed":false,"inline_featured_image":false},"product_brand":[],"product_cat":[97],"product_tag":[],"class_list":{"0":"post-4970","1":"product","2":"type-product","3":"status-publish","4":"has-post-thumbnail","6":"product_cat-printers-label-applicators-automation","8":"first","9":"instock","10":"shipping-taxable","11":"product-type-simple"},"acf":[],"yoast_head":"<!-- This site is optimized with the Yoast SEO plugin v27.4 - https:\/\/yoast.com\/product\/yoast-seo-wordpress\/ -->\n<title>Logistics printers | Novacode<\/title>\n<meta name=\"description\" content=\"Drukarki logistyczne od producenta etykiet Novacode \u27a4 Oferujemy drukarki etykiet dla magazyn\u00f3w i dzia\u0142\u00f3w logistyki | Wysoka wydajno\u015b\u0107 i szybka dostawa - Sprawd\u017a!\" \/>\n<meta name=\"robots\" content=\"index, follow, max-snippet:-1, max-image-preview:large, max-video-preview:-1\" \/>\n<link rel=\"canonical\" href=\"https:\/\/novacode.pl\/en\/produkty\/printers-label-applicators-automation\/logistics-printers\/\" \/>\n<meta property=\"og:locale\" content=\"en_US\" \/>\n<meta property=\"og:type\" content=\"article\" \/>\n<meta property=\"og:title\" content=\"Logistics printers | Novacode\" \/>\n<meta property=\"og:description\" content=\"Drukarki logistyczne od producenta etykiet Novacode \u27a4 Oferujemy drukarki etykiet dla magazyn\u00f3w i dzia\u0142\u00f3w logistyki | Wysoka wydajno\u015b\u0107 i szybka dostawa - Sprawd\u017a!\" \/>\n<meta property=\"og:url\" content=\"https:\/\/novacode.pl\/en\/produkty\/printers-label-applicators-automation\/logistics-printers\/\" \/>\n<meta property=\"og:site_name\" content=\"Drukarnia etykiet Novacode\" \/>\n<meta property=\"article:publisher\" content=\"https:\/\/www.facebook.com\/NovacodeOfficialPage\" \/>\n<meta property=\"article:modified_time\" content=\"2023-07-17T10:55:44+00:00\" \/>\n<meta property=\"og:image\" content=\"https:\/\/novacode.pl\/wp-content\/uploads\/2022\/04\/Godex-HD830i.jpg\" \/>\n\t<meta property=\"og:image:width\" content=\"682\" \/>\n\t<meta property=\"og:image:height\" content=\"682\" \/>\n\t<meta property=\"og:image:type\" content=\"image\/jpeg\" \/>\n<meta name=\"twitter:card\" content=\"summary_large_image\" \/>\n<script type=\"application\/ld+json\" class=\"yoast-schema-graph\">{\"@context\":\"https:\\\/\\\/schema.org\",\"@graph\":[{\"@type\":\"WebPage\",\"@id\":\"https:\\\/\\\/novacode.pl\\\/en\\\/produkty\\\/printers-label-applicators-automation\\\/logistics-printers\\\/\",\"url\":\"https:\\\/\\\/novacode.pl\\\/en\\\/produkty\\\/printers-label-applicators-automation\\\/logistics-printers\\\/\",\"name\":\"Logistics printers | Novacode\",\"isPartOf\":{\"@id\":\"https:\\\/\\\/novacode.pl\\\/#website\"},\"primaryImageOfPage\":{\"@id\":\"https:\\\/\\\/novacode.pl\\\/en\\\/produkty\\\/printers-label-applicators-automation\\\/logistics-printers\\\/#primaryimage\"},\"image\":{\"@id\":\"https:\\\/\\\/novacode.pl\\\/en\\\/produkty\\\/printers-label-applicators-automation\\\/logistics-printers\\\/#primaryimage\"},\"thumbnailUrl\":\"https:\\\/\\\/novacode.pl\\\/wp-content\\\/uploads\\\/2022\\\/04\\\/Godex-HD830i.jpg\",\"datePublished\":\"2022-04-20T13:32:42+00:00\",\"dateModified\":\"2023-07-17T10:55:44+00:00\",\"description\":\"Drukarki logistyczne od producenta etykiet Novacode \u27a4 Oferujemy drukarki etykiet dla magazyn\u00f3w i dzia\u0142\u00f3w logistyki | Wysoka wydajno\u015b\u0107 i szybka dostawa - Sprawd\u017a!\",\"breadcrumb\":{\"@id\":\"https:\\\/\\\/novacode.pl\\\/en\\\/produkty\\\/printers-label-applicators-automation\\\/logistics-printers\\\/#breadcrumb\"},\"inLanguage\":\"en-US\",\"potentialAction\":[{\"@type\":\"ReadAction\",\"target\":[\"https:\\\/\\\/novacode.pl\\\/en\\\/produkty\\\/printers-label-applicators-automation\\\/logistics-printers\\\/\"]}]},{\"@type\":\"ImageObject\",\"inLanguage\":\"en-US\",\"@id\":\"https:\\\/\\\/novacode.pl\\\/en\\\/produkty\\\/printers-label-applicators-automation\\\/logistics-printers\\\/#primaryimage\",\"url\":\"https:\\\/\\\/novacode.pl\\\/wp-content\\\/uploads\\\/2022\\\/04\\\/Godex-HD830i.jpg\",\"contentUrl\":\"https:\\\/\\\/novacode.pl\\\/wp-content\\\/uploads\\\/2022\\\/04\\\/Godex-HD830i.jpg\",\"width\":682,\"height\":682,\"caption\":\"drukarka logistyczna Godex HD830i\"},{\"@type\":\"BreadcrumbList\",\"@id\":\"https:\\\/\\\/novacode.pl\\\/en\\\/produkty\\\/printers-label-applicators-automation\\\/logistics-printers\\\/#breadcrumb\",\"itemListElement\":[{\"@type\":\"ListItem\",\"position\":1,\"name\":\"Strona g\u0142\u00f3wna\",\"item\":\"https:\\\/\\\/novacode.pl\\\/en\\\/\"},{\"@type\":\"ListItem\",\"position\":2,\"name\":\"Shop\",\"item\":\"https:\\\/\\\/novacode.pl\\\/en\\\/shop\\\/\"},{\"@type\":\"ListItem\",\"position\":3,\"name\":\"Logistics printers\"}]},{\"@type\":\"WebSite\",\"@id\":\"https:\\\/\\\/novacode.pl\\\/#website\",\"url\":\"https:\\\/\\\/novacode.pl\\\/\",\"name\":\"Drukarnia etykiet Novacode\",\"description\":\"Producent etykiet samoprzylepnych\",\"publisher\":{\"@id\":\"https:\\\/\\\/novacode.pl\\\/#organization\"},\"potentialAction\":[{\"@type\":\"SearchAction\",\"target\":{\"@type\":\"EntryPoint\",\"urlTemplate\":\"https:\\\/\\\/novacode.pl\\\/?s={search_term_string}\"},\"query-input\":{\"@type\":\"PropertyValueSpecification\",\"valueRequired\":true,\"valueName\":\"search_term_string\"}}],\"inLanguage\":\"en-US\"},{\"@type\":\"Organization\",\"@id\":\"https:\\\/\\\/novacode.pl\\\/#organization\",\"name\":\"Drukarnia etykiet Novacode\",\"url\":\"https:\\\/\\\/novacode.pl\\\/\",\"logo\":{\"@type\":\"ImageObject\",\"inLanguage\":\"en-US\",\"@id\":\"https:\\\/\\\/novacode.pl\\\/#\\\/schema\\\/logo\\\/image\\\/\",\"url\":\"https:\\\/\\\/novacode.pl\\\/wp-content\\\/uploads\\\/2022\\\/03\\\/cropped-favico.png\",\"contentUrl\":\"https:\\\/\\\/novacode.pl\\\/wp-content\\\/uploads\\\/2022\\\/03\\\/cropped-favico.png\",\"width\":512,\"height\":512,\"caption\":\"Drukarnia etykiet Novacode\"},\"image\":{\"@id\":\"https:\\\/\\\/novacode.pl\\\/#\\\/schema\\\/logo\\\/image\\\/\"},\"sameAs\":[\"https:\\\/\\\/www.facebook.com\\\/NovacodeOfficialPage\"]}]}<\/script>\n<!-- \/ Yoast SEO plugin. -->","yoast_head_json":{"title":"Logistics printers | Novacode","description":"Drukarki logistyczne od producenta etykiet Novacode \u27a4 Oferujemy drukarki etykiet dla magazyn\u00f3w i dzia\u0142\u00f3w logistyki | Wysoka wydajno\u015b\u0107 i szybka dostawa - Sprawd\u017a!","robots":{"index":"index","follow":"follow","max-snippet":"max-snippet:-1","max-image-preview":"max-image-preview:large","max-video-preview":"max-video-preview:-1"},"canonical":"https:\/\/novacode.pl\/en\/produkty\/printers-label-applicators-automation\/logistics-printers\/","og_locale":"en_US","og_type":"article","og_title":"Logistics printers | Novacode","og_description":"Drukarki logistyczne od producenta etykiet Novacode \u27a4 Oferujemy drukarki etykiet dla magazyn\u00f3w i dzia\u0142\u00f3w logistyki | Wysoka wydajno\u015b\u0107 i szybka dostawa - Sprawd\u017a!","og_url":"https:\/\/novacode.pl\/en\/produkty\/printers-label-applicators-automation\/logistics-printers\/","og_site_name":"Drukarnia etykiet Novacode","article_publisher":"https:\/\/www.facebook.com\/NovacodeOfficialPage","article_modified_time":"2023-07-17T10:55:44+00:00","og_image":[{"width":682,"height":682,"url":"https:\/\/novacode.pl\/wp-content\/uploads\/2022\/04\/Godex-HD830i.jpg","type":"image\/jpeg"}],"twitter_card":"summary_large_image","schema":{"@context":"https:\/\/schema.org","@graph":[{"@type":"WebPage","@id":"https:\/\/novacode.pl\/en\/produkty\/printers-label-applicators-automation\/logistics-printers\/","url":"https:\/\/novacode.pl\/en\/produkty\/printers-label-applicators-automation\/logistics-printers\/","name":"Logistics printers | Novacode","isPartOf":{"@id":"https:\/\/novacode.pl\/#website"},"primaryImageOfPage":{"@id":"https:\/\/novacode.pl\/en\/produkty\/printers-label-applicators-automation\/logistics-printers\/#primaryimage"},"image":{"@id":"https:\/\/novacode.pl\/en\/produkty\/printers-label-applicators-automation\/logistics-printers\/#primaryimage"},"thumbnailUrl":"https:\/\/novacode.pl\/wp-content\/uploads\/2022\/04\/Godex-HD830i.jpg","datePublished":"2022-04-20T13:32:42+00:00","dateModified":"2023-07-17T10:55:44+00:00","description":"Drukarki logistyczne od producenta etykiet Novacode \u27a4 Oferujemy drukarki etykiet dla magazyn\u00f3w i dzia\u0142\u00f3w logistyki | Wysoka wydajno\u015b\u0107 i szybka dostawa - Sprawd\u017a!","breadcrumb":{"@id":"https:\/\/novacode.pl\/en\/produkty\/printers-label-applicators-automation\/logistics-printers\/#breadcrumb"},"inLanguage":"en-US","potentialAction":[{"@type":"ReadAction","target":["https:\/\/novacode.pl\/en\/produkty\/printers-label-applicators-automation\/logistics-printers\/"]}]},{"@type":"ImageObject","inLanguage":"en-US","@id":"https:\/\/novacode.pl\/en\/produkty\/printers-label-applicators-automation\/logistics-printers\/#primaryimage","url":"https:\/\/novacode.pl\/wp-content\/uploads\/2022\/04\/Godex-HD830i.jpg","contentUrl":"https:\/\/novacode.pl\/wp-content\/uploads\/2022\/04\/Godex-HD830i.jpg","width":682,"height":682,"caption":"drukarka logistyczna Godex HD830i"},{"@type":"BreadcrumbList","@id":"https:\/\/novacode.pl\/en\/produkty\/printers-label-applicators-automation\/logistics-printers\/#breadcrumb","itemListElement":[{"@type":"ListItem","position":1,"name":"Strona g\u0142\u00f3wna","item":"https:\/\/novacode.pl\/en\/"},{"@type":"ListItem","position":2,"name":"Shop","item":"https:\/\/novacode.pl\/en\/shop\/"},{"@type":"ListItem","position":3,"name":"Logistics printers"}]},{"@type":"WebSite","@id":"https:\/\/novacode.pl\/#website","url":"https:\/\/novacode.pl\/","name":"Drukarnia etykiet Novacode","description":"Producent etykiet samoprzylepnych","publisher":{"@id":"https:\/\/novacode.pl\/#organization"},"potentialAction":[{"@type":"SearchAction","target":{"@type":"EntryPoint","urlTemplate":"https:\/\/novacode.pl\/?s={search_term_string}"},"query-input":{"@type":"PropertyValueSpecification","valueRequired":true,"valueName":"search_term_string"}}],"inLanguage":"en-US"},{"@type":"Organization","@id":"https:\/\/novacode.pl\/#organization","name":"Drukarnia etykiet Novacode","url":"https:\/\/novacode.pl\/","logo":{"@type":"ImageObject","inLanguage":"en-US","@id":"https:\/\/novacode.pl\/#\/schema\/logo\/image\/","url":"https:\/\/novacode.pl\/wp-content\/uploads\/2022\/03\/cropped-favico.png","contentUrl":"https:\/\/novacode.pl\/wp-content\/uploads\/2022\/03\/cropped-favico.png","width":512,"height":512,"caption":"Drukarnia etykiet Novacode"},"image":{"@id":"https:\/\/novacode.pl\/#\/schema\/logo\/image\/"},"sameAs":["https:\/\/www.facebook.com\/NovacodeOfficialPage"]}]}},"_links":{"self":[{"href":"https:\/\/novacode.pl\/en\/wp-json\/wp\/v2\/product\/4970","targetHints":{"allow":["GET"]}}],"collection":[{"href":"https:\/\/novacode.pl\/en\/wp-json\/wp\/v2\/product"}],"about":[{"href":"https:\/\/novacode.pl\/en\/wp-json\/wp\/v2\/types\/product"}],"wp:featuredmedia":[{"embeddable":true,"href":"https:\/\/novacode.pl\/en\/wp-json\/wp\/v2\/media\/2881"}],"wp:attachment":[{"href":"https:\/\/novacode.pl\/en\/wp-json\/wp\/v2\/media?parent=4970"}],"wp:term":[{"taxonomy":"product_brand","embeddable":true,"href":"https:\/\/novacode.pl\/en\/wp-json\/wp\/v2\/product_brand?post=4970"},{"taxonomy":"product_cat","embeddable":true,"href":"https:\/\/novacode.pl\/en\/wp-json\/wp\/v2\/product_cat?post=4970"},{"taxonomy":"product_tag","embeddable":true,"href":"https:\/\/novacode.pl\/en\/wp-json\/wp\/v2\/product_tag?post=4970"}],"curies":[{"name":"wp","href":"https:\/\/api.w.org\/{rel}","templated":true}]}}