{"id":4964,"date":"2022-04-20T15:34:24","date_gmt":"2022-04-20T13:34:24","guid":{"rendered":"https:\/\/novacode.pl\/produkty\/uncategorized\/apliaktory-etykiet\/"},"modified":"2023-07-17T11:01:24","modified_gmt":"2023-07-17T09:01:24","slug":"label-applicators","status":"publish","type":"product","link":"https:\/\/novacode.pl\/en\/produkty\/printers-label-applicators-automation\/label-applicators\/","title":{"rendered":"Label applicators"},"content":{"rendered":"<p>Label applicators are indispensable devices for automating the process of applying labels to products and packaging. The applicators can be equipped with printing modules that print the entire label or add the date or production batch number, for example. These are devices that will fit perfectly into the idea of Industry 4.0.<\/p>\n","protected":false},"excerpt":{"rendered":"<p>Label applicators are indispensable devices for automating the process of applying labels to products and packaging. The applicators can be&#8230;<\/p>\n","protected":false},"featured_media":2811,"template":"","meta":{"_acf_changed":false,"inline_featured_image":false},"product_brand":[],"product_cat":[97],"product_tag":[],"class_list":{"0":"post-4964","1":"product","2":"type-product","3":"status-publish","4":"has-post-thumbnail","6":"product_cat-printers-label-applicators-automation","8":"first","9":"instock","10":"shipping-taxable","11":"product-type-simple"},"acf":[],"yoast_head":"<!-- This site is optimized with the Yoast SEO plugin v27.4 - https:\/\/yoast.com\/product\/yoast-seo-wordpress\/ -->\n<title>Label applicators - Drukarnia etykiet Novacode<\/title>\n<meta name=\"description\" content=\"Aplikatory etykiet w ofercie Novacode \u27a4 Urz\u0105dzenia do automatyzacji procesu etykietowania w dla przemys\u0142u, produkcji, magazyn\u00f3w | Sprawd\u017a teraz!\" \/>\n<meta name=\"robots\" content=\"index, follow, max-snippet:-1, max-image-preview:large, max-video-preview:-1\" \/>\n<link rel=\"canonical\" href=\"https:\/\/novacode.pl\/en\/produkty\/printers-label-applicators-automation\/label-applicators\/\" \/>\n<meta property=\"og:locale\" content=\"en_US\" \/>\n<meta property=\"og:type\" content=\"article\" \/>\n<meta property=\"og:title\" content=\"Label applicators - Drukarnia etykiet Novacode\" \/>\n<meta property=\"og:description\" content=\"Aplikatory etykiet w ofercie Novacode \u27a4 Urz\u0105dzenia do automatyzacji procesu etykietowania w dla przemys\u0142u, produkcji, magazyn\u00f3w | Sprawd\u017a teraz!\" \/>\n<meta property=\"og:url\" content=\"https:\/\/novacode.pl\/en\/produkty\/printers-label-applicators-automation\/label-applicators\/\" \/>\n<meta property=\"og:site_name\" content=\"Drukarnia etykiet Novacode\" \/>\n<meta property=\"article:publisher\" content=\"https:\/\/www.facebook.com\/NovacodeOfficialPage\" \/>\n<meta property=\"article:modified_time\" content=\"2023-07-17T09:01:24+00:00\" \/>\n<meta property=\"og:image\" content=\"https:\/\/novacode.pl\/wp-content\/uploads\/2022\/04\/Aplikator-na-fiolki-Cab-axon2.jpg\" \/>\n\t<meta property=\"og:image:width\" content=\"800\" \/>\n\t<meta property=\"og:image:height\" content=\"733\" \/>\n\t<meta property=\"og:image:type\" content=\"image\/jpeg\" \/>\n<meta name=\"twitter:card\" content=\"summary_large_image\" \/>\n<meta name=\"twitter:label1\" content=\"Est. reading time\" \/>\n\t<meta name=\"twitter:data1\" content=\"1 minute\" \/>\n<script type=\"application\/ld+json\" class=\"yoast-schema-graph\">{\"@context\":\"https:\\\/\\\/schema.org\",\"@graph\":[{\"@type\":\"WebPage\",\"@id\":\"https:\\\/\\\/novacode.pl\\\/en\\\/produkty\\\/printers-label-applicators-automation\\\/label-applicators\\\/\",\"url\":\"https:\\\/\\\/novacode.pl\\\/en\\\/produkty\\\/printers-label-applicators-automation\\\/label-applicators\\\/\",\"name\":\"Label applicators - Drukarnia etykiet Novacode\",\"isPartOf\":{\"@id\":\"https:\\\/\\\/novacode.pl\\\/#website\"},\"primaryImageOfPage\":{\"@id\":\"https:\\\/\\\/novacode.pl\\\/en\\\/produkty\\\/printers-label-applicators-automation\\\/label-applicators\\\/#primaryimage\"},\"image\":{\"@id\":\"https:\\\/\\\/novacode.pl\\\/en\\\/produkty\\\/printers-label-applicators-automation\\\/label-applicators\\\/#primaryimage\"},\"thumbnailUrl\":\"https:\\\/\\\/novacode.pl\\\/wp-content\\\/uploads\\\/2022\\\/04\\\/Aplikator-na-fiolki-Cab-axon2.jpg\",\"datePublished\":\"2022-04-20T13:34:24+00:00\",\"dateModified\":\"2023-07-17T09:01:24+00:00\",\"description\":\"Aplikatory etykiet w ofercie Novacode \u27a4 Urz\u0105dzenia do automatyzacji procesu etykietowania w dla przemys\u0142u, produkcji, magazyn\u00f3w | Sprawd\u017a teraz!\",\"breadcrumb\":{\"@id\":\"https:\\\/\\\/novacode.pl\\\/en\\\/produkty\\\/printers-label-applicators-automation\\\/label-applicators\\\/#breadcrumb\"},\"inLanguage\":\"en-US\",\"potentialAction\":[{\"@type\":\"ReadAction\",\"target\":[\"https:\\\/\\\/novacode.pl\\\/en\\\/produkty\\\/printers-label-applicators-automation\\\/label-applicators\\\/\"]}]},{\"@type\":\"ImageObject\",\"inLanguage\":\"en-US\",\"@id\":\"https:\\\/\\\/novacode.pl\\\/en\\\/produkty\\\/printers-label-applicators-automation\\\/label-applicators\\\/#primaryimage\",\"url\":\"https:\\\/\\\/novacode.pl\\\/wp-content\\\/uploads\\\/2022\\\/04\\\/Aplikator-na-fiolki-Cab-axon2.jpg\",\"contentUrl\":\"https:\\\/\\\/novacode.pl\\\/wp-content\\\/uploads\\\/2022\\\/04\\\/Aplikator-na-fiolki-Cab-axon2.jpg\",\"width\":800,\"height\":733,\"caption\":\"Aplikator na fiolki Cab axon2\"},{\"@type\":\"BreadcrumbList\",\"@id\":\"https:\\\/\\\/novacode.pl\\\/en\\\/produkty\\\/printers-label-applicators-automation\\\/label-applicators\\\/#breadcrumb\",\"itemListElement\":[{\"@type\":\"ListItem\",\"position\":1,\"name\":\"Strona g\u0142\u00f3wna\",\"item\":\"https:\\\/\\\/novacode.pl\\\/en\\\/\"},{\"@type\":\"ListItem\",\"position\":2,\"name\":\"Shop\",\"item\":\"https:\\\/\\\/novacode.pl\\\/en\\\/shop\\\/\"},{\"@type\":\"ListItem\",\"position\":3,\"name\":\"Label applicators\"}]},{\"@type\":\"WebSite\",\"@id\":\"https:\\\/\\\/novacode.pl\\\/#website\",\"url\":\"https:\\\/\\\/novacode.pl\\\/\",\"name\":\"Drukarnia etykiet Novacode\",\"description\":\"Producent etykiet samoprzylepnych\",\"publisher\":{\"@id\":\"https:\\\/\\\/novacode.pl\\\/#organization\"},\"potentialAction\":[{\"@type\":\"SearchAction\",\"target\":{\"@type\":\"EntryPoint\",\"urlTemplate\":\"https:\\\/\\\/novacode.pl\\\/?s={search_term_string}\"},\"query-input\":{\"@type\":\"PropertyValueSpecification\",\"valueRequired\":true,\"valueName\":\"search_term_string\"}}],\"inLanguage\":\"en-US\"},{\"@type\":\"Organization\",\"@id\":\"https:\\\/\\\/novacode.pl\\\/#organization\",\"name\":\"Drukarnia etykiet Novacode\",\"url\":\"https:\\\/\\\/novacode.pl\\\/\",\"logo\":{\"@type\":\"ImageObject\",\"inLanguage\":\"en-US\",\"@id\":\"https:\\\/\\\/novacode.pl\\\/#\\\/schema\\\/logo\\\/image\\\/\",\"url\":\"https:\\\/\\\/novacode.pl\\\/wp-content\\\/uploads\\\/2022\\\/03\\\/cropped-favico.png\",\"contentUrl\":\"https:\\\/\\\/novacode.pl\\\/wp-content\\\/uploads\\\/2022\\\/03\\\/cropped-favico.png\",\"width\":512,\"height\":512,\"caption\":\"Drukarnia etykiet Novacode\"},\"image\":{\"@id\":\"https:\\\/\\\/novacode.pl\\\/#\\\/schema\\\/logo\\\/image\\\/\"},\"sameAs\":[\"https:\\\/\\\/www.facebook.com\\\/NovacodeOfficialPage\"]}]}<\/script>\n<!-- \/ Yoast SEO plugin. -->","yoast_head_json":{"title":"Label applicators - Drukarnia etykiet Novacode","description":"Aplikatory etykiet w ofercie Novacode \u27a4 Urz\u0105dzenia do automatyzacji procesu etykietowania w dla przemys\u0142u, produkcji, magazyn\u00f3w | Sprawd\u017a teraz!","robots":{"index":"index","follow":"follow","max-snippet":"max-snippet:-1","max-image-preview":"max-image-preview:large","max-video-preview":"max-video-preview:-1"},"canonical":"https:\/\/novacode.pl\/en\/produkty\/printers-label-applicators-automation\/label-applicators\/","og_locale":"en_US","og_type":"article","og_title":"Label applicators - Drukarnia etykiet Novacode","og_description":"Aplikatory etykiet w ofercie Novacode \u27a4 Urz\u0105dzenia do automatyzacji procesu etykietowania w dla przemys\u0142u, produkcji, magazyn\u00f3w | Sprawd\u017a teraz!","og_url":"https:\/\/novacode.pl\/en\/produkty\/printers-label-applicators-automation\/label-applicators\/","og_site_name":"Drukarnia etykiet Novacode","article_publisher":"https:\/\/www.facebook.com\/NovacodeOfficialPage","article_modified_time":"2023-07-17T09:01:24+00:00","og_image":[{"width":800,"height":733,"url":"https:\/\/novacode.pl\/wp-content\/uploads\/2022\/04\/Aplikator-na-fiolki-Cab-axon2.jpg","type":"image\/jpeg"}],"twitter_card":"summary_large_image","twitter_misc":{"Est. reading time":"1 minute"},"schema":{"@context":"https:\/\/schema.org","@graph":[{"@type":"WebPage","@id":"https:\/\/novacode.pl\/en\/produkty\/printers-label-applicators-automation\/label-applicators\/","url":"https:\/\/novacode.pl\/en\/produkty\/printers-label-applicators-automation\/label-applicators\/","name":"Label applicators - Drukarnia etykiet Novacode","isPartOf":{"@id":"https:\/\/novacode.pl\/#website"},"primaryImageOfPage":{"@id":"https:\/\/novacode.pl\/en\/produkty\/printers-label-applicators-automation\/label-applicators\/#primaryimage"},"image":{"@id":"https:\/\/novacode.pl\/en\/produkty\/printers-label-applicators-automation\/label-applicators\/#primaryimage"},"thumbnailUrl":"https:\/\/novacode.pl\/wp-content\/uploads\/2022\/04\/Aplikator-na-fiolki-Cab-axon2.jpg","datePublished":"2022-04-20T13:34:24+00:00","dateModified":"2023-07-17T09:01:24+00:00","description":"Aplikatory etykiet w ofercie Novacode \u27a4 Urz\u0105dzenia do automatyzacji procesu etykietowania w dla przemys\u0142u, produkcji, magazyn\u00f3w | Sprawd\u017a teraz!","breadcrumb":{"@id":"https:\/\/novacode.pl\/en\/produkty\/printers-label-applicators-automation\/label-applicators\/#breadcrumb"},"inLanguage":"en-US","potentialAction":[{"@type":"ReadAction","target":["https:\/\/novacode.pl\/en\/produkty\/printers-label-applicators-automation\/label-applicators\/"]}]},{"@type":"ImageObject","inLanguage":"en-US","@id":"https:\/\/novacode.pl\/en\/produkty\/printers-label-applicators-automation\/label-applicators\/#primaryimage","url":"https:\/\/novacode.pl\/wp-content\/uploads\/2022\/04\/Aplikator-na-fiolki-Cab-axon2.jpg","contentUrl":"https:\/\/novacode.pl\/wp-content\/uploads\/2022\/04\/Aplikator-na-fiolki-Cab-axon2.jpg","width":800,"height":733,"caption":"Aplikator na fiolki Cab axon2"},{"@type":"BreadcrumbList","@id":"https:\/\/novacode.pl\/en\/produkty\/printers-label-applicators-automation\/label-applicators\/#breadcrumb","itemListElement":[{"@type":"ListItem","position":1,"name":"Strona g\u0142\u00f3wna","item":"https:\/\/novacode.pl\/en\/"},{"@type":"ListItem","position":2,"name":"Shop","item":"https:\/\/novacode.pl\/en\/shop\/"},{"@type":"ListItem","position":3,"name":"Label applicators"}]},{"@type":"WebSite","@id":"https:\/\/novacode.pl\/#website","url":"https:\/\/novacode.pl\/","name":"Drukarnia etykiet Novacode","description":"Producent etykiet samoprzylepnych","publisher":{"@id":"https:\/\/novacode.pl\/#organization"},"potentialAction":[{"@type":"SearchAction","target":{"@type":"EntryPoint","urlTemplate":"https:\/\/novacode.pl\/?s={search_term_string}"},"query-input":{"@type":"PropertyValueSpecification","valueRequired":true,"valueName":"search_term_string"}}],"inLanguage":"en-US"},{"@type":"Organization","@id":"https:\/\/novacode.pl\/#organization","name":"Drukarnia etykiet Novacode","url":"https:\/\/novacode.pl\/","logo":{"@type":"ImageObject","inLanguage":"en-US","@id":"https:\/\/novacode.pl\/#\/schema\/logo\/image\/","url":"https:\/\/novacode.pl\/wp-content\/uploads\/2022\/03\/cropped-favico.png","contentUrl":"https:\/\/novacode.pl\/wp-content\/uploads\/2022\/03\/cropped-favico.png","width":512,"height":512,"caption":"Drukarnia etykiet Novacode"},"image":{"@id":"https:\/\/novacode.pl\/#\/schema\/logo\/image\/"},"sameAs":["https:\/\/www.facebook.com\/NovacodeOfficialPage"]}]}},"_links":{"self":[{"href":"https:\/\/novacode.pl\/en\/wp-json\/wp\/v2\/product\/4964","targetHints":{"allow":["GET"]}}],"collection":[{"href":"https:\/\/novacode.pl\/en\/wp-json\/wp\/v2\/product"}],"about":[{"href":"https:\/\/novacode.pl\/en\/wp-json\/wp\/v2\/types\/product"}],"wp:featuredmedia":[{"embeddable":true,"href":"https:\/\/novacode.pl\/en\/wp-json\/wp\/v2\/media\/2811"}],"wp:attachment":[{"href":"https:\/\/novacode.pl\/en\/wp-json\/wp\/v2\/media?parent=4964"}],"wp:term":[{"taxonomy":"product_brand","embeddable":true,"href":"https:\/\/novacode.pl\/en\/wp-json\/wp\/v2\/product_brand?post=4964"},{"taxonomy":"product_cat","embeddable":true,"href":"https:\/\/novacode.pl\/en\/wp-json\/wp\/v2\/product_cat?post=4964"},{"taxonomy":"product_tag","embeddable":true,"href":"https:\/\/novacode.pl\/en\/wp-json\/wp\/v2\/product_tag?post=4964"}],"curies":[{"name":"wp","href":"https:\/\/api.w.org\/{rel}","templated":true}]}}