{"id":6631,"date":"2025-01-23T13:22:31","date_gmt":"2025-01-23T12:22:31","guid":{"rendered":"https:\/\/novacode.pl\/?post_type=product&#038;p=6631"},"modified":"2025-10-03T13:43:07","modified_gmt":"2025-10-03T11:43:07","slug":"shrink-sleeve-etiketten","status":"publish","type":"product","link":"https:\/\/novacode.pl\/de\/produkty\/dekorative-etiketten-de\/shrink-sleeve-etiketten\/","title":{"rendered":"Shrink Sleeve Etiketten &#8211; innovative L\u00f6sungen von Novacode"},"content":{"rendered":"<p>Shrink sleeve Etiketten sind eine innovative L\u00f6sung von Novacode! Diese Etiketten passen sich perfekt an die Form der Verpackung an, betonen deren Design und bieten vollst\u00e4ndige grafische Abdeckung sowie au\u00dfergew\u00f6hnliche mechanische Haltbarkeit. Erfahren Sie, wie wir Ihnen bei der Erstellung von Etiketten helfen k\u00f6nnen, die genau auf Ihre Bed\u00fcrfnisse zugeschnitten sind!<\/p>\n","protected":false},"excerpt":{"rendered":"<p>Shrink sleeve Etiketten sind eine innovative L\u00f6sung von Novacode! Diese Etiketten passen sich perfekt an die Form der Verpackung an,&#8230;<\/p>\n","protected":false},"featured_media":6197,"template":"","meta":{"_acf_changed":false,"inline_featured_image":false},"product_brand":[],"product_cat":[134],"product_tag":[],"class_list":{"0":"post-6631","1":"product","2":"type-product","3":"status-publish","4":"has-post-thumbnail","6":"product_cat-dekorative-etiketten-de","8":"first","9":"instock","10":"shipping-taxable","11":"product-type-simple"},"acf":[],"yoast_head":"<!-- This site is optimized with the Yoast SEO plugin v27.4 - https:\/\/yoast.com\/product\/yoast-seo-wordpress\/ -->\n<title>Shrink Sleeve Etiketten - Novacode Etikettendruckerei<\/title>\n<meta name=\"description\" content=\"W\u00e4hlen Sie Shrink-Sleeve-Etiketten von der Etikettendruckerei Novacode. Hohe Qualit\u00e4t, bew\u00e4hrter Hersteller von selbstklebenden Etiketten!\" \/>\n<meta name=\"robots\" content=\"index, follow, max-snippet:-1, max-image-preview:large, max-video-preview:-1\" \/>\n<link rel=\"canonical\" href=\"https:\/\/novacode.pl\/de\/produkty\/dekorative-etiketten-de\/shrink-sleeve-etiketten\/\" \/>\n<meta property=\"og:locale\" content=\"de_DE\" \/>\n<meta property=\"og:type\" content=\"article\" \/>\n<meta property=\"og:title\" content=\"Shrink Sleeve Etiketten - Novacode Etikettendruckerei\" \/>\n<meta property=\"og:description\" content=\"W\u00e4hlen Sie Shrink-Sleeve-Etiketten von der Etikettendruckerei Novacode. Hohe Qualit\u00e4t, bew\u00e4hrter Hersteller von selbstklebenden Etiketten!\" \/>\n<meta property=\"og:url\" content=\"https:\/\/novacode.pl\/de\/produkty\/dekorative-etiketten-de\/shrink-sleeve-etiketten\/\" \/>\n<meta property=\"og:site_name\" content=\"Drukarnia etykiet Novacode\" \/>\n<meta property=\"article:publisher\" content=\"https:\/\/www.facebook.com\/NovacodeOfficialPage\" \/>\n<meta property=\"article:modified_time\" content=\"2025-10-03T11:43:07+00:00\" \/>\n<meta property=\"og:image\" content=\"https:\/\/novacode.pl\/wp-content\/uploads\/2025\/01\/shrink-milkshake.jpg\" \/>\n\t<meta property=\"og:image:width\" content=\"1300\" \/>\n\t<meta property=\"og:image:height\" content=\"1300\" \/>\n\t<meta property=\"og:image:type\" content=\"image\/jpeg\" \/>\n<meta name=\"twitter:card\" content=\"summary_large_image\" \/>\n<meta name=\"twitter:label1\" content=\"Gesch\u00e4tzte Lesezeit\" \/>\n\t<meta name=\"twitter:data1\" content=\"1\u00a0Minute\" \/>\n<script type=\"application\/ld+json\" class=\"yoast-schema-graph\">{\"@context\":\"https:\\\/\\\/schema.org\",\"@graph\":[{\"@type\":\"WebPage\",\"@id\":\"https:\\\/\\\/novacode.pl\\\/de\\\/produkty\\\/dekorative-etiketten-de\\\/shrink-sleeve-etiketten\\\/\",\"url\":\"https:\\\/\\\/novacode.pl\\\/de\\\/produkty\\\/dekorative-etiketten-de\\\/shrink-sleeve-etiketten\\\/\",\"name\":\"Shrink Sleeve Etiketten - Novacode Etikettendruckerei\",\"isPartOf\":{\"@id\":\"https:\\\/\\\/novacode.pl\\\/#website\"},\"primaryImageOfPage\":{\"@id\":\"https:\\\/\\\/novacode.pl\\\/de\\\/produkty\\\/dekorative-etiketten-de\\\/shrink-sleeve-etiketten\\\/#primaryimage\"},\"image\":{\"@id\":\"https:\\\/\\\/novacode.pl\\\/de\\\/produkty\\\/dekorative-etiketten-de\\\/shrink-sleeve-etiketten\\\/#primaryimage\"},\"thumbnailUrl\":\"https:\\\/\\\/novacode.pl\\\/wp-content\\\/uploads\\\/2025\\\/01\\\/shrink-milkshake.jpg\",\"datePublished\":\"2025-01-23T12:22:31+00:00\",\"dateModified\":\"2025-10-03T11:43:07+00:00\",\"description\":\"W\u00e4hlen Sie Shrink-Sleeve-Etiketten von der Etikettendruckerei Novacode. Hohe Qualit\u00e4t, bew\u00e4hrter Hersteller von selbstklebenden Etiketten!\",\"breadcrumb\":{\"@id\":\"https:\\\/\\\/novacode.pl\\\/de\\\/produkty\\\/dekorative-etiketten-de\\\/shrink-sleeve-etiketten\\\/#breadcrumb\"},\"inLanguage\":\"de\",\"potentialAction\":[{\"@type\":\"ReadAction\",\"target\":[\"https:\\\/\\\/novacode.pl\\\/de\\\/produkty\\\/dekorative-etiketten-de\\\/shrink-sleeve-etiketten\\\/\"]}]},{\"@type\":\"ImageObject\",\"inLanguage\":\"de\",\"@id\":\"https:\\\/\\\/novacode.pl\\\/de\\\/produkty\\\/dekorative-etiketten-de\\\/shrink-sleeve-etiketten\\\/#primaryimage\",\"url\":\"https:\\\/\\\/novacode.pl\\\/wp-content\\\/uploads\\\/2025\\\/01\\\/shrink-milkshake.jpg\",\"contentUrl\":\"https:\\\/\\\/novacode.pl\\\/wp-content\\\/uploads\\\/2025\\\/01\\\/shrink-milkshake.jpg\",\"width\":1300,\"height\":1300,\"caption\":\"etykieta shrink sleeve\"},{\"@type\":\"BreadcrumbList\",\"@id\":\"https:\\\/\\\/novacode.pl\\\/de\\\/produkty\\\/dekorative-etiketten-de\\\/shrink-sleeve-etiketten\\\/#breadcrumb\",\"itemListElement\":[{\"@type\":\"ListItem\",\"position\":1,\"name\":\"Strona g\u0142\u00f3wna\",\"item\":\"https:\\\/\\\/novacode.pl\\\/de\\\/\"},{\"@type\":\"ListItem\",\"position\":2,\"name\":\"Produkte\",\"item\":\"https:\\\/\\\/novacode.pl\\\/de\\\/produkte\\\/\"},{\"@type\":\"ListItem\",\"position\":3,\"name\":\"Shrink Sleeve Etiketten &#8211; innovative L\u00f6sungen von Novacode\"}]},{\"@type\":\"WebSite\",\"@id\":\"https:\\\/\\\/novacode.pl\\\/#website\",\"url\":\"https:\\\/\\\/novacode.pl\\\/\",\"name\":\"Drukarnia etykiet Novacode\",\"description\":\"Producent etykiet samoprzylepnych\",\"publisher\":{\"@id\":\"https:\\\/\\\/novacode.pl\\\/#organization\"},\"potentialAction\":[{\"@type\":\"SearchAction\",\"target\":{\"@type\":\"EntryPoint\",\"urlTemplate\":\"https:\\\/\\\/novacode.pl\\\/?s={search_term_string}\"},\"query-input\":{\"@type\":\"PropertyValueSpecification\",\"valueRequired\":true,\"valueName\":\"search_term_string\"}}],\"inLanguage\":\"de\"},{\"@type\":\"Organization\",\"@id\":\"https:\\\/\\\/novacode.pl\\\/#organization\",\"name\":\"Drukarnia etykiet Novacode\",\"url\":\"https:\\\/\\\/novacode.pl\\\/\",\"logo\":{\"@type\":\"ImageObject\",\"inLanguage\":\"de\",\"@id\":\"https:\\\/\\\/novacode.pl\\\/#\\\/schema\\\/logo\\\/image\\\/\",\"url\":\"https:\\\/\\\/novacode.pl\\\/wp-content\\\/uploads\\\/2022\\\/03\\\/cropped-favico.png\",\"contentUrl\":\"https:\\\/\\\/novacode.pl\\\/wp-content\\\/uploads\\\/2022\\\/03\\\/cropped-favico.png\",\"width\":512,\"height\":512,\"caption\":\"Drukarnia etykiet Novacode\"},\"image\":{\"@id\":\"https:\\\/\\\/novacode.pl\\\/#\\\/schema\\\/logo\\\/image\\\/\"},\"sameAs\":[\"https:\\\/\\\/www.facebook.com\\\/NovacodeOfficialPage\"]}]}<\/script>\n<!-- \/ Yoast SEO plugin. -->","yoast_head_json":{"title":"Shrink Sleeve Etiketten - Novacode Etikettendruckerei","description":"W\u00e4hlen Sie Shrink-Sleeve-Etiketten von der Etikettendruckerei Novacode. Hohe Qualit\u00e4t, bew\u00e4hrter Hersteller von selbstklebenden Etiketten!","robots":{"index":"index","follow":"follow","max-snippet":"max-snippet:-1","max-image-preview":"max-image-preview:large","max-video-preview":"max-video-preview:-1"},"canonical":"https:\/\/novacode.pl\/de\/produkty\/dekorative-etiketten-de\/shrink-sleeve-etiketten\/","og_locale":"de_DE","og_type":"article","og_title":"Shrink Sleeve Etiketten - Novacode Etikettendruckerei","og_description":"W\u00e4hlen Sie Shrink-Sleeve-Etiketten von der Etikettendruckerei Novacode. Hohe Qualit\u00e4t, bew\u00e4hrter Hersteller von selbstklebenden Etiketten!","og_url":"https:\/\/novacode.pl\/de\/produkty\/dekorative-etiketten-de\/shrink-sleeve-etiketten\/","og_site_name":"Drukarnia etykiet Novacode","article_publisher":"https:\/\/www.facebook.com\/NovacodeOfficialPage","article_modified_time":"2025-10-03T11:43:07+00:00","og_image":[{"width":1300,"height":1300,"url":"https:\/\/novacode.pl\/wp-content\/uploads\/2025\/01\/shrink-milkshake.jpg","type":"image\/jpeg"}],"twitter_card":"summary_large_image","twitter_misc":{"Gesch\u00e4tzte Lesezeit":"1\u00a0Minute"},"schema":{"@context":"https:\/\/schema.org","@graph":[{"@type":"WebPage","@id":"https:\/\/novacode.pl\/de\/produkty\/dekorative-etiketten-de\/shrink-sleeve-etiketten\/","url":"https:\/\/novacode.pl\/de\/produkty\/dekorative-etiketten-de\/shrink-sleeve-etiketten\/","name":"Shrink Sleeve Etiketten - Novacode Etikettendruckerei","isPartOf":{"@id":"https:\/\/novacode.pl\/#website"},"primaryImageOfPage":{"@id":"https:\/\/novacode.pl\/de\/produkty\/dekorative-etiketten-de\/shrink-sleeve-etiketten\/#primaryimage"},"image":{"@id":"https:\/\/novacode.pl\/de\/produkty\/dekorative-etiketten-de\/shrink-sleeve-etiketten\/#primaryimage"},"thumbnailUrl":"https:\/\/novacode.pl\/wp-content\/uploads\/2025\/01\/shrink-milkshake.jpg","datePublished":"2025-01-23T12:22:31+00:00","dateModified":"2025-10-03T11:43:07+00:00","description":"W\u00e4hlen Sie Shrink-Sleeve-Etiketten von der Etikettendruckerei Novacode. Hohe Qualit\u00e4t, bew\u00e4hrter Hersteller von selbstklebenden Etiketten!","breadcrumb":{"@id":"https:\/\/novacode.pl\/de\/produkty\/dekorative-etiketten-de\/shrink-sleeve-etiketten\/#breadcrumb"},"inLanguage":"de","potentialAction":[{"@type":"ReadAction","target":["https:\/\/novacode.pl\/de\/produkty\/dekorative-etiketten-de\/shrink-sleeve-etiketten\/"]}]},{"@type":"ImageObject","inLanguage":"de","@id":"https:\/\/novacode.pl\/de\/produkty\/dekorative-etiketten-de\/shrink-sleeve-etiketten\/#primaryimage","url":"https:\/\/novacode.pl\/wp-content\/uploads\/2025\/01\/shrink-milkshake.jpg","contentUrl":"https:\/\/novacode.pl\/wp-content\/uploads\/2025\/01\/shrink-milkshake.jpg","width":1300,"height":1300,"caption":"etykieta shrink sleeve"},{"@type":"BreadcrumbList","@id":"https:\/\/novacode.pl\/de\/produkty\/dekorative-etiketten-de\/shrink-sleeve-etiketten\/#breadcrumb","itemListElement":[{"@type":"ListItem","position":1,"name":"Strona g\u0142\u00f3wna","item":"https:\/\/novacode.pl\/de\/"},{"@type":"ListItem","position":2,"name":"Produkte","item":"https:\/\/novacode.pl\/de\/produkte\/"},{"@type":"ListItem","position":3,"name":"Shrink Sleeve Etiketten &#8211; innovative L\u00f6sungen von Novacode"}]},{"@type":"WebSite","@id":"https:\/\/novacode.pl\/#website","url":"https:\/\/novacode.pl\/","name":"Drukarnia etykiet Novacode","description":"Producent etykiet samoprzylepnych","publisher":{"@id":"https:\/\/novacode.pl\/#organization"},"potentialAction":[{"@type":"SearchAction","target":{"@type":"EntryPoint","urlTemplate":"https:\/\/novacode.pl\/?s={search_term_string}"},"query-input":{"@type":"PropertyValueSpecification","valueRequired":true,"valueName":"search_term_string"}}],"inLanguage":"de"},{"@type":"Organization","@id":"https:\/\/novacode.pl\/#organization","name":"Drukarnia etykiet Novacode","url":"https:\/\/novacode.pl\/","logo":{"@type":"ImageObject","inLanguage":"de","@id":"https:\/\/novacode.pl\/#\/schema\/logo\/image\/","url":"https:\/\/novacode.pl\/wp-content\/uploads\/2022\/03\/cropped-favico.png","contentUrl":"https:\/\/novacode.pl\/wp-content\/uploads\/2022\/03\/cropped-favico.png","width":512,"height":512,"caption":"Drukarnia etykiet Novacode"},"image":{"@id":"https:\/\/novacode.pl\/#\/schema\/logo\/image\/"},"sameAs":["https:\/\/www.facebook.com\/NovacodeOfficialPage"]}]}},"_links":{"self":[{"href":"https:\/\/novacode.pl\/de\/wp-json\/wp\/v2\/product\/6631","targetHints":{"allow":["GET"]}}],"collection":[{"href":"https:\/\/novacode.pl\/de\/wp-json\/wp\/v2\/product"}],"about":[{"href":"https:\/\/novacode.pl\/de\/wp-json\/wp\/v2\/types\/product"}],"wp:featuredmedia":[{"embeddable":true,"href":"https:\/\/novacode.pl\/de\/wp-json\/wp\/v2\/media\/6197"}],"wp:attachment":[{"href":"https:\/\/novacode.pl\/de\/wp-json\/wp\/v2\/media?parent=6631"}],"wp:term":[{"taxonomy":"product_brand","embeddable":true,"href":"https:\/\/novacode.pl\/de\/wp-json\/wp\/v2\/product_brand?post=6631"},{"taxonomy":"product_cat","embeddable":true,"href":"https:\/\/novacode.pl\/de\/wp-json\/wp\/v2\/product_cat?post=6631"},{"taxonomy":"product_tag","embeddable":true,"href":"https:\/\/novacode.pl\/de\/wp-json\/wp\/v2\/product_tag?post=6631"}],"curies":[{"name":"wp","href":"https:\/\/api.w.org\/{rel}","templated":true}]}}