{"id":5433,"date":"2022-04-20T15:19:06","date_gmt":"2022-04-20T13:19:06","guid":{"rendered":"https:\/\/novacode.pl\/produkty\/unkategorisiert\/oznaczenie-srodkow-trwalych\/"},"modified":"2023-10-06T14:47:52","modified_gmt":"2023-10-06T12:47:52","slug":"kennzeichnung-von-anlagevermoegen","status":"publish","type":"product","link":"https:\/\/novacode.pl\/de\/produkty\/spezialetiketten\/kennzeichnung-von-anlagevermoegen\/","title":{"rendered":"Kennzeichnung von Anlageverm\u00f6gen"},"content":{"rendered":"<p>Chcesz dobra\u0107 do swoich produkt\u00f3w odpowiednio trwa\u0142e i wytrzyma\u0142e etykiety? Jeste\u015b we w\u0142a\u015bciwym miejscu! W ofercie Novacode znajdziesz wysokiej jako\u015bci\u00a0oznaczenia \u015brodk\u00f3w trwa\u0142ych\u00a0wykonane z odpornych na dzia\u0142anie niekorzystnych czynnik\u00f3w zewn\u0119trznych, takich jak wilgo\u0107, promieniowanie UV czy warunki atmosferyczne. Oferujemy etykiety drukowane na dobrych materia\u0142ach wzmocnionych mocnym klejem, dzi\u0119ki czemu mo\u017cesz mie\u0107 pewno\u015b\u0107, \u017ce\u00a0oznakowanie\u00a0nie odklei si\u0119 i pozostanie na swoim miejscu.<\/p>\n<p>Mo\u017cesz u nas zam\u00f3wi\u0107 wytrzyma\u0142e etykiety inwentaryzacyjne z nazwami produkt\u00f3w i kodami kreskowymi, kt\u00f3rych g\u0142\u00f3wnym zadaniem jest jak najlepsze i najtrwalsze\u00a0znakowanie \u015brodk\u00f3w trwa\u0142ych. Odporny na urazy mechaniczne i \u015bcieranie nadruk sprawia, \u017ce etykiet\u0119 danego urz\u0105dzenia czy mebla mo\u017cna bez problemu odczyta\u0107 nawet po wielu latach. Opr\u00f3cz kodu produktu i jego nazwy na naklejce mog\u0105 si\u0119 pojawi\u0107 inne znaki, takie jak nazwa Twojej firmy czy logo.<\/p>\n<p>W razie pyta\u0144 lub w\u0105tpliwo\u015bci zapraszamy do kontaktu telefonicznego lub mailowego.<\/p>\n","protected":false},"excerpt":{"rendered":"<p>Chcesz dobra\u0107 do swoich produkt\u00f3w odpowiednio trwa\u0142e i wytrzyma\u0142e etykiety? Jeste\u015b we w\u0142a\u015bciwym miejscu! W ofercie Novacode znajdziesz wysokiej jako\u015bci\u00a0oznaczenia&#8230;<\/p>\n","protected":false},"featured_media":4369,"template":"","meta":{"_acf_changed":false,"inline_featured_image":false},"product_brand":[],"product_cat":[136],"product_tag":[],"class_list":{"0":"post-5433","1":"product","2":"type-product","3":"status-publish","4":"has-post-thumbnail","6":"product_cat-spezialetiketten","7":"industry-alkoholische-getraenke","8":"industry-automobil","9":"industry-bauindustrie","10":"industry-bekleidung-und-schuhe","11":"industry-elektronik","12":"industry-kosmetikprodukte","13":"industry-haushaltschemikalien-und-haushaltswaren","14":"industry-industrieetiketten","15":"industry-kerzen-und-dekorationsartikel","16":"industry-lebensmittelindustrie","17":"industry-logistik","18":"industry-metallurgie","19":"industry-moebel","20":"industry-nagellacke","21":"industry-pharmazie","22":"industry-unterhaltungselektronik-und-haushaltsgeraete","24":"first","25":"instock","26":"shipping-taxable","27":"product-type-simple"},"acf":[],"yoast_head":"<!-- This site is optimized with the Yoast SEO plugin v27.4 - https:\/\/yoast.com\/product\/yoast-seo-wordpress\/ -->\n<title>Kennzeichnung von Anlageverm\u00f6gen - Drukarnia etykiet Novacode<\/title>\n<meta name=\"description\" content=\"Etykiety samoprzylepne do oznaczania \u015brodk\u00f3w trwa\u0142ych \u27a4 Idealne do znakowania maj\u0105tku i wyposa\u017cenia firm i instytucji | Sprawd\u017a!\" \/>\n<meta name=\"robots\" content=\"index, follow, max-snippet:-1, max-image-preview:large, max-video-preview:-1\" \/>\n<link rel=\"canonical\" href=\"https:\/\/novacode.pl\/de\/produkty\/spezialetiketten\/kennzeichnung-von-anlagevermoegen\/\" \/>\n<meta property=\"og:locale\" content=\"de_DE\" \/>\n<meta property=\"og:type\" content=\"article\" \/>\n<meta property=\"og:title\" content=\"Kennzeichnung von Anlageverm\u00f6gen - Drukarnia etykiet Novacode\" \/>\n<meta property=\"og:description\" content=\"Etykiety samoprzylepne do oznaczania \u015brodk\u00f3w trwa\u0142ych \u27a4 Idealne do znakowania maj\u0105tku i wyposa\u017cenia firm i instytucji | Sprawd\u017a!\" \/>\n<meta property=\"og:url\" content=\"https:\/\/novacode.pl\/de\/produkty\/spezialetiketten\/kennzeichnung-von-anlagevermoegen\/\" \/>\n<meta property=\"og:site_name\" content=\"Drukarnia etykiet Novacode\" \/>\n<meta property=\"article:publisher\" content=\"https:\/\/www.facebook.com\/NovacodeOfficialPage\" \/>\n<meta property=\"article:modified_time\" content=\"2023-10-06T12:47:52+00:00\" \/>\n<meta property=\"og:image\" content=\"https:\/\/novacode.pl\/wp-content\/uploads\/2022\/04\/IMG_4688.jpg\" \/>\n\t<meta property=\"og:image:width\" content=\"540\" \/>\n\t<meta property=\"og:image:height\" content=\"540\" \/>\n\t<meta property=\"og:image:type\" content=\"image\/jpeg\" \/>\n<meta name=\"twitter:card\" content=\"summary_large_image\" \/>\n<meta name=\"twitter:label1\" content=\"Gesch\u00e4tzte Lesezeit\" \/>\n\t<meta name=\"twitter:data1\" content=\"1\u00a0Minute\" \/>\n<script type=\"application\/ld+json\" class=\"yoast-schema-graph\">{\"@context\":\"https:\\\/\\\/schema.org\",\"@graph\":[{\"@type\":\"WebPage\",\"@id\":\"https:\\\/\\\/novacode.pl\\\/de\\\/produkty\\\/spezialetiketten\\\/kennzeichnung-von-anlagevermoegen\\\/\",\"url\":\"https:\\\/\\\/novacode.pl\\\/de\\\/produkty\\\/spezialetiketten\\\/kennzeichnung-von-anlagevermoegen\\\/\",\"name\":\"Kennzeichnung von Anlageverm\u00f6gen - Drukarnia etykiet Novacode\",\"isPartOf\":{\"@id\":\"https:\\\/\\\/novacode.pl\\\/#website\"},\"primaryImageOfPage\":{\"@id\":\"https:\\\/\\\/novacode.pl\\\/de\\\/produkty\\\/spezialetiketten\\\/kennzeichnung-von-anlagevermoegen\\\/#primaryimage\"},\"image\":{\"@id\":\"https:\\\/\\\/novacode.pl\\\/de\\\/produkty\\\/spezialetiketten\\\/kennzeichnung-von-anlagevermoegen\\\/#primaryimage\"},\"thumbnailUrl\":\"https:\\\/\\\/novacode.pl\\\/wp-content\\\/uploads\\\/2022\\\/04\\\/IMG_4688.jpg\",\"datePublished\":\"2022-04-20T13:19:06+00:00\",\"dateModified\":\"2023-10-06T12:47:52+00:00\",\"description\":\"Etykiety samoprzylepne do oznaczania \u015brodk\u00f3w trwa\u0142ych \u27a4 Idealne do znakowania maj\u0105tku i wyposa\u017cenia firm i instytucji | Sprawd\u017a!\",\"breadcrumb\":{\"@id\":\"https:\\\/\\\/novacode.pl\\\/de\\\/produkty\\\/spezialetiketten\\\/kennzeichnung-von-anlagevermoegen\\\/#breadcrumb\"},\"inLanguage\":\"de\",\"potentialAction\":[{\"@type\":\"ReadAction\",\"target\":[\"https:\\\/\\\/novacode.pl\\\/de\\\/produkty\\\/spezialetiketten\\\/kennzeichnung-von-anlagevermoegen\\\/\"]}]},{\"@type\":\"ImageObject\",\"inLanguage\":\"de\",\"@id\":\"https:\\\/\\\/novacode.pl\\\/de\\\/produkty\\\/spezialetiketten\\\/kennzeichnung-von-anlagevermoegen\\\/#primaryimage\",\"url\":\"https:\\\/\\\/novacode.pl\\\/wp-content\\\/uploads\\\/2022\\\/04\\\/IMG_4688.jpg\",\"contentUrl\":\"https:\\\/\\\/novacode.pl\\\/wp-content\\\/uploads\\\/2022\\\/04\\\/IMG_4688.jpg\",\"width\":540,\"height\":540,\"caption\":\"Etykieta intwentaryzacyjna\"},{\"@type\":\"BreadcrumbList\",\"@id\":\"https:\\\/\\\/novacode.pl\\\/de\\\/produkty\\\/spezialetiketten\\\/kennzeichnung-von-anlagevermoegen\\\/#breadcrumb\",\"itemListElement\":[{\"@type\":\"ListItem\",\"position\":1,\"name\":\"Strona g\u0142\u00f3wna\",\"item\":\"https:\\\/\\\/novacode.pl\\\/de\\\/\"},{\"@type\":\"ListItem\",\"position\":2,\"name\":\"Produkte\",\"item\":\"https:\\\/\\\/novacode.pl\\\/de\\\/produkte\\\/\"},{\"@type\":\"ListItem\",\"position\":3,\"name\":\"Kennzeichnung von Anlageverm\u00f6gen\"}]},{\"@type\":\"WebSite\",\"@id\":\"https:\\\/\\\/novacode.pl\\\/#website\",\"url\":\"https:\\\/\\\/novacode.pl\\\/\",\"name\":\"Drukarnia etykiet Novacode\",\"description\":\"Producent etykiet samoprzylepnych\",\"publisher\":{\"@id\":\"https:\\\/\\\/novacode.pl\\\/#organization\"},\"potentialAction\":[{\"@type\":\"SearchAction\",\"target\":{\"@type\":\"EntryPoint\",\"urlTemplate\":\"https:\\\/\\\/novacode.pl\\\/?s={search_term_string}\"},\"query-input\":{\"@type\":\"PropertyValueSpecification\",\"valueRequired\":true,\"valueName\":\"search_term_string\"}}],\"inLanguage\":\"de\"},{\"@type\":\"Organization\",\"@id\":\"https:\\\/\\\/novacode.pl\\\/#organization\",\"name\":\"Drukarnia etykiet Novacode\",\"url\":\"https:\\\/\\\/novacode.pl\\\/\",\"logo\":{\"@type\":\"ImageObject\",\"inLanguage\":\"de\",\"@id\":\"https:\\\/\\\/novacode.pl\\\/#\\\/schema\\\/logo\\\/image\\\/\",\"url\":\"https:\\\/\\\/novacode.pl\\\/wp-content\\\/uploads\\\/2022\\\/03\\\/cropped-favico.png\",\"contentUrl\":\"https:\\\/\\\/novacode.pl\\\/wp-content\\\/uploads\\\/2022\\\/03\\\/cropped-favico.png\",\"width\":512,\"height\":512,\"caption\":\"Drukarnia etykiet Novacode\"},\"image\":{\"@id\":\"https:\\\/\\\/novacode.pl\\\/#\\\/schema\\\/logo\\\/image\\\/\"},\"sameAs\":[\"https:\\\/\\\/www.facebook.com\\\/NovacodeOfficialPage\"]}]}<\/script>\n<!-- \/ Yoast SEO plugin. -->","yoast_head_json":{"title":"Kennzeichnung von Anlageverm\u00f6gen - Drukarnia etykiet Novacode","description":"Etykiety samoprzylepne do oznaczania \u015brodk\u00f3w trwa\u0142ych \u27a4 Idealne do znakowania maj\u0105tku i wyposa\u017cenia firm i instytucji | Sprawd\u017a!","robots":{"index":"index","follow":"follow","max-snippet":"max-snippet:-1","max-image-preview":"max-image-preview:large","max-video-preview":"max-video-preview:-1"},"canonical":"https:\/\/novacode.pl\/de\/produkty\/spezialetiketten\/kennzeichnung-von-anlagevermoegen\/","og_locale":"de_DE","og_type":"article","og_title":"Kennzeichnung von Anlageverm\u00f6gen - Drukarnia etykiet Novacode","og_description":"Etykiety samoprzylepne do oznaczania \u015brodk\u00f3w trwa\u0142ych \u27a4 Idealne do znakowania maj\u0105tku i wyposa\u017cenia firm i instytucji | Sprawd\u017a!","og_url":"https:\/\/novacode.pl\/de\/produkty\/spezialetiketten\/kennzeichnung-von-anlagevermoegen\/","og_site_name":"Drukarnia etykiet Novacode","article_publisher":"https:\/\/www.facebook.com\/NovacodeOfficialPage","article_modified_time":"2023-10-06T12:47:52+00:00","og_image":[{"width":540,"height":540,"url":"https:\/\/novacode.pl\/wp-content\/uploads\/2022\/04\/IMG_4688.jpg","type":"image\/jpeg"}],"twitter_card":"summary_large_image","twitter_misc":{"Gesch\u00e4tzte Lesezeit":"1\u00a0Minute"},"schema":{"@context":"https:\/\/schema.org","@graph":[{"@type":"WebPage","@id":"https:\/\/novacode.pl\/de\/produkty\/spezialetiketten\/kennzeichnung-von-anlagevermoegen\/","url":"https:\/\/novacode.pl\/de\/produkty\/spezialetiketten\/kennzeichnung-von-anlagevermoegen\/","name":"Kennzeichnung von Anlageverm\u00f6gen - Drukarnia etykiet Novacode","isPartOf":{"@id":"https:\/\/novacode.pl\/#website"},"primaryImageOfPage":{"@id":"https:\/\/novacode.pl\/de\/produkty\/spezialetiketten\/kennzeichnung-von-anlagevermoegen\/#primaryimage"},"image":{"@id":"https:\/\/novacode.pl\/de\/produkty\/spezialetiketten\/kennzeichnung-von-anlagevermoegen\/#primaryimage"},"thumbnailUrl":"https:\/\/novacode.pl\/wp-content\/uploads\/2022\/04\/IMG_4688.jpg","datePublished":"2022-04-20T13:19:06+00:00","dateModified":"2023-10-06T12:47:52+00:00","description":"Etykiety samoprzylepne do oznaczania \u015brodk\u00f3w trwa\u0142ych \u27a4 Idealne do znakowania maj\u0105tku i wyposa\u017cenia firm i instytucji | Sprawd\u017a!","breadcrumb":{"@id":"https:\/\/novacode.pl\/de\/produkty\/spezialetiketten\/kennzeichnung-von-anlagevermoegen\/#breadcrumb"},"inLanguage":"de","potentialAction":[{"@type":"ReadAction","target":["https:\/\/novacode.pl\/de\/produkty\/spezialetiketten\/kennzeichnung-von-anlagevermoegen\/"]}]},{"@type":"ImageObject","inLanguage":"de","@id":"https:\/\/novacode.pl\/de\/produkty\/spezialetiketten\/kennzeichnung-von-anlagevermoegen\/#primaryimage","url":"https:\/\/novacode.pl\/wp-content\/uploads\/2022\/04\/IMG_4688.jpg","contentUrl":"https:\/\/novacode.pl\/wp-content\/uploads\/2022\/04\/IMG_4688.jpg","width":540,"height":540,"caption":"Etykieta intwentaryzacyjna"},{"@type":"BreadcrumbList","@id":"https:\/\/novacode.pl\/de\/produkty\/spezialetiketten\/kennzeichnung-von-anlagevermoegen\/#breadcrumb","itemListElement":[{"@type":"ListItem","position":1,"name":"Strona g\u0142\u00f3wna","item":"https:\/\/novacode.pl\/de\/"},{"@type":"ListItem","position":2,"name":"Produkte","item":"https:\/\/novacode.pl\/de\/produkte\/"},{"@type":"ListItem","position":3,"name":"Kennzeichnung von Anlageverm\u00f6gen"}]},{"@type":"WebSite","@id":"https:\/\/novacode.pl\/#website","url":"https:\/\/novacode.pl\/","name":"Drukarnia etykiet Novacode","description":"Producent etykiet samoprzylepnych","publisher":{"@id":"https:\/\/novacode.pl\/#organization"},"potentialAction":[{"@type":"SearchAction","target":{"@type":"EntryPoint","urlTemplate":"https:\/\/novacode.pl\/?s={search_term_string}"},"query-input":{"@type":"PropertyValueSpecification","valueRequired":true,"valueName":"search_term_string"}}],"inLanguage":"de"},{"@type":"Organization","@id":"https:\/\/novacode.pl\/#organization","name":"Drukarnia etykiet Novacode","url":"https:\/\/novacode.pl\/","logo":{"@type":"ImageObject","inLanguage":"de","@id":"https:\/\/novacode.pl\/#\/schema\/logo\/image\/","url":"https:\/\/novacode.pl\/wp-content\/uploads\/2022\/03\/cropped-favico.png","contentUrl":"https:\/\/novacode.pl\/wp-content\/uploads\/2022\/03\/cropped-favico.png","width":512,"height":512,"caption":"Drukarnia etykiet Novacode"},"image":{"@id":"https:\/\/novacode.pl\/#\/schema\/logo\/image\/"},"sameAs":["https:\/\/www.facebook.com\/NovacodeOfficialPage"]}]}},"_links":{"self":[{"href":"https:\/\/novacode.pl\/de\/wp-json\/wp\/v2\/product\/5433","targetHints":{"allow":["GET"]}}],"collection":[{"href":"https:\/\/novacode.pl\/de\/wp-json\/wp\/v2\/product"}],"about":[{"href":"https:\/\/novacode.pl\/de\/wp-json\/wp\/v2\/types\/product"}],"wp:featuredmedia":[{"embeddable":true,"href":"https:\/\/novacode.pl\/de\/wp-json\/wp\/v2\/media\/4369"}],"wp:attachment":[{"href":"https:\/\/novacode.pl\/de\/wp-json\/wp\/v2\/media?parent=5433"}],"wp:term":[{"taxonomy":"product_brand","embeddable":true,"href":"https:\/\/novacode.pl\/de\/wp-json\/wp\/v2\/product_brand?post=5433"},{"taxonomy":"product_cat","embeddable":true,"href":"https:\/\/novacode.pl\/de\/wp-json\/wp\/v2\/product_cat?post=5433"},{"taxonomy":"product_tag","embeddable":true,"href":"https:\/\/novacode.pl\/de\/wp-json\/wp\/v2\/product_tag?post=5433"}],"curies":[{"name":"wp","href":"https:\/\/api.w.org\/{rel}","templated":true}]}}