{"id":5356,"date":"2022-04-19T10:34:10","date_gmt":"2022-04-19T08:34:10","guid":{"rendered":"https:\/\/novacode.pl\/produkty\/unkategorisiert\/przywieszki-i-bilety\/"},"modified":"2023-10-13T11:00:46","modified_gmt":"2023-10-13T09:00:46","slug":"anhaenger-und-tickets","status":"publish","type":"product","link":"https:\/\/novacode.pl\/de\/produkty\/blankoetiketten\/anhaenger-und-tickets\/","title":{"rendered":"Anh\u00e4nger und Tickets"},"content":{"rendered":"<p>Nicht selbstklebende (kleberlose) Anh\u00e4nger k\u00f6nnen in verschiedenen Bereichen und Branchen verwendet werden.<\/p>\n<p>In der Industrie werden Karton- und PVC-Anh\u00e4nger als Kanban-Karten benutzt, um die Produktzirkulation im Produktionszyklus zu kontrollieren. Dar\u00fcber hinaus werden Etiketten h\u00e4ufig in der Logistik verwendet, wo es unm\u00f6glich ist, Klebeetiketten zu benutzen.<\/p>\n<p>Thermische Drucke werden am h\u00e4ufigsten als Eintrittskarten f\u00fcr Konzerte, Kinos, Theater oder Galerien verwendet. Au\u00dfer touristischen Attraktionen findet diese L\u00f6sung als Fahrkarten und Parkscheine Verwendung.<\/p>\n","protected":false},"excerpt":{"rendered":"<p>Nicht selbstklebende (kleberlose) Anh\u00e4nger k\u00f6nnen in verschiedenen Bereichen und Branchen verwendet werden. In der Industrie werden Karton- und PVC-Anh\u00e4nger als&#8230;<\/p>\n","protected":false},"featured_media":6418,"template":"","meta":{"_acf_changed":false,"inline_featured_image":false},"product_brand":[],"product_cat":[130],"product_tag":[],"class_list":{"0":"post-5356","1":"product","2":"type-product","3":"status-publish","4":"has-post-thumbnail","6":"product_cat-blankoetiketten","8":"first","9":"instock","10":"shipping-taxable","11":"product-type-simple"},"acf":[],"yoast_head":"<!-- This site is optimized with the Yoast SEO plugin v27.4 - https:\/\/yoast.com\/product\/yoast-seo-wordpress\/ -->\n<title>Anh\u00e4nger und Tickets - Drukarnia etykiet Novacode<\/title>\n<meta name=\"description\" content=\"Przywieszki i bilety od producenta Novacode \u27a4 Oferujemy druk bilet\u00f3w i przywieszek cenowych oraz promocyjnych | Wysoka jako\u015b\u0107 i profesjonalne wyko\u0144czenie - Sprawd\u017a!\" \/>\n<meta name=\"robots\" content=\"index, follow, max-snippet:-1, max-image-preview:large, max-video-preview:-1\" \/>\n<link rel=\"canonical\" href=\"https:\/\/novacode.pl\/de\/produkty\/blankoetiketten\/anhaenger-und-tickets\/\" \/>\n<meta property=\"og:locale\" content=\"de_DE\" \/>\n<meta property=\"og:type\" content=\"article\" \/>\n<meta property=\"og:title\" content=\"Anh\u00e4nger und Tickets - Drukarnia etykiet Novacode\" \/>\n<meta property=\"og:description\" content=\"Przywieszki i bilety od producenta Novacode \u27a4 Oferujemy druk bilet\u00f3w i przywieszek cenowych oraz promocyjnych | Wysoka jako\u015b\u0107 i profesjonalne wyko\u0144czenie - Sprawd\u017a!\" \/>\n<meta property=\"og:url\" content=\"https:\/\/novacode.pl\/de\/produkty\/blankoetiketten\/anhaenger-und-tickets\/\" \/>\n<meta property=\"og:site_name\" content=\"Drukarnia etykiet Novacode\" \/>\n<meta property=\"article:publisher\" content=\"https:\/\/www.facebook.com\/NovacodeOfficialPage\" \/>\n<meta property=\"article:modified_time\" content=\"2023-10-13T09:00:46+00:00\" \/>\n<meta property=\"og:image\" content=\"https:\/\/novacode.pl\/wp-content\/uploads\/2022\/04\/przywieszka_biala.jpg\" \/>\n\t<meta property=\"og:image:width\" content=\"1280\" \/>\n\t<meta property=\"og:image:height\" content=\"1280\" \/>\n\t<meta property=\"og:image:type\" content=\"image\/jpeg\" \/>\n<meta name=\"twitter:card\" content=\"summary_large_image\" \/>\n<meta name=\"twitter:label1\" content=\"Gesch\u00e4tzte Lesezeit\" \/>\n\t<meta name=\"twitter:data1\" content=\"1\u00a0Minute\" \/>\n<script type=\"application\/ld+json\" class=\"yoast-schema-graph\">{\"@context\":\"https:\\\/\\\/schema.org\",\"@graph\":[{\"@type\":\"WebPage\",\"@id\":\"https:\\\/\\\/novacode.pl\\\/de\\\/produkty\\\/blankoetiketten\\\/anhaenger-und-tickets\\\/\",\"url\":\"https:\\\/\\\/novacode.pl\\\/de\\\/produkty\\\/blankoetiketten\\\/anhaenger-und-tickets\\\/\",\"name\":\"Anh\u00e4nger und Tickets - Drukarnia etykiet Novacode\",\"isPartOf\":{\"@id\":\"https:\\\/\\\/novacode.pl\\\/#website\"},\"primaryImageOfPage\":{\"@id\":\"https:\\\/\\\/novacode.pl\\\/de\\\/produkty\\\/blankoetiketten\\\/anhaenger-und-tickets\\\/#primaryimage\"},\"image\":{\"@id\":\"https:\\\/\\\/novacode.pl\\\/de\\\/produkty\\\/blankoetiketten\\\/anhaenger-und-tickets\\\/#primaryimage\"},\"thumbnailUrl\":\"https:\\\/\\\/novacode.pl\\\/wp-content\\\/uploads\\\/2022\\\/04\\\/bilet.jpg\",\"datePublished\":\"2022-04-19T08:34:10+00:00\",\"dateModified\":\"2023-10-13T09:00:46+00:00\",\"description\":\"Przywieszki i bilety od producenta Novacode \u27a4 Oferujemy druk bilet\u00f3w i przywieszek cenowych oraz promocyjnych | Wysoka jako\u015b\u0107 i profesjonalne wyko\u0144czenie - Sprawd\u017a!\",\"breadcrumb\":{\"@id\":\"https:\\\/\\\/novacode.pl\\\/de\\\/produkty\\\/blankoetiketten\\\/anhaenger-und-tickets\\\/#breadcrumb\"},\"inLanguage\":\"de\",\"potentialAction\":[{\"@type\":\"ReadAction\",\"target\":[\"https:\\\/\\\/novacode.pl\\\/de\\\/produkty\\\/blankoetiketten\\\/anhaenger-und-tickets\\\/\"]}]},{\"@type\":\"ImageObject\",\"inLanguage\":\"de\",\"@id\":\"https:\\\/\\\/novacode.pl\\\/de\\\/produkty\\\/blankoetiketten\\\/anhaenger-und-tickets\\\/#primaryimage\",\"url\":\"https:\\\/\\\/novacode.pl\\\/wp-content\\\/uploads\\\/2022\\\/04\\\/bilet.jpg\",\"contentUrl\":\"https:\\\/\\\/novacode.pl\\\/wp-content\\\/uploads\\\/2022\\\/04\\\/bilet.jpg\",\"width\":1200,\"height\":1200,\"caption\":\"bilet wst\u0119pu\"},{\"@type\":\"BreadcrumbList\",\"@id\":\"https:\\\/\\\/novacode.pl\\\/de\\\/produkty\\\/blankoetiketten\\\/anhaenger-und-tickets\\\/#breadcrumb\",\"itemListElement\":[{\"@type\":\"ListItem\",\"position\":1,\"name\":\"Strona g\u0142\u00f3wna\",\"item\":\"https:\\\/\\\/novacode.pl\\\/de\\\/\"},{\"@type\":\"ListItem\",\"position\":2,\"name\":\"Produkte\",\"item\":\"https:\\\/\\\/novacode.pl\\\/de\\\/produkte\\\/\"},{\"@type\":\"ListItem\",\"position\":3,\"name\":\"Anh\u00e4nger und Tickets\"}]},{\"@type\":\"WebSite\",\"@id\":\"https:\\\/\\\/novacode.pl\\\/#website\",\"url\":\"https:\\\/\\\/novacode.pl\\\/\",\"name\":\"Drukarnia etykiet Novacode\",\"description\":\"Producent etykiet samoprzylepnych\",\"publisher\":{\"@id\":\"https:\\\/\\\/novacode.pl\\\/#organization\"},\"potentialAction\":[{\"@type\":\"SearchAction\",\"target\":{\"@type\":\"EntryPoint\",\"urlTemplate\":\"https:\\\/\\\/novacode.pl\\\/?s={search_term_string}\"},\"query-input\":{\"@type\":\"PropertyValueSpecification\",\"valueRequired\":true,\"valueName\":\"search_term_string\"}}],\"inLanguage\":\"de\"},{\"@type\":\"Organization\",\"@id\":\"https:\\\/\\\/novacode.pl\\\/#organization\",\"name\":\"Drukarnia etykiet Novacode\",\"url\":\"https:\\\/\\\/novacode.pl\\\/\",\"logo\":{\"@type\":\"ImageObject\",\"inLanguage\":\"de\",\"@id\":\"https:\\\/\\\/novacode.pl\\\/#\\\/schema\\\/logo\\\/image\\\/\",\"url\":\"https:\\\/\\\/novacode.pl\\\/wp-content\\\/uploads\\\/2022\\\/03\\\/cropped-favico.png\",\"contentUrl\":\"https:\\\/\\\/novacode.pl\\\/wp-content\\\/uploads\\\/2022\\\/03\\\/cropped-favico.png\",\"width\":512,\"height\":512,\"caption\":\"Drukarnia etykiet Novacode\"},\"image\":{\"@id\":\"https:\\\/\\\/novacode.pl\\\/#\\\/schema\\\/logo\\\/image\\\/\"},\"sameAs\":[\"https:\\\/\\\/www.facebook.com\\\/NovacodeOfficialPage\"]}]}<\/script>\n<!-- \/ Yoast SEO plugin. -->","yoast_head_json":{"title":"Anh\u00e4nger und Tickets - Drukarnia etykiet Novacode","description":"Przywieszki i bilety od producenta Novacode \u27a4 Oferujemy druk bilet\u00f3w i przywieszek cenowych oraz promocyjnych | Wysoka jako\u015b\u0107 i profesjonalne wyko\u0144czenie - Sprawd\u017a!","robots":{"index":"index","follow":"follow","max-snippet":"max-snippet:-1","max-image-preview":"max-image-preview:large","max-video-preview":"max-video-preview:-1"},"canonical":"https:\/\/novacode.pl\/de\/produkty\/blankoetiketten\/anhaenger-und-tickets\/","og_locale":"de_DE","og_type":"article","og_title":"Anh\u00e4nger und Tickets - Drukarnia etykiet Novacode","og_description":"Przywieszki i bilety od producenta Novacode \u27a4 Oferujemy druk bilet\u00f3w i przywieszek cenowych oraz promocyjnych | Wysoka jako\u015b\u0107 i profesjonalne wyko\u0144czenie - Sprawd\u017a!","og_url":"https:\/\/novacode.pl\/de\/produkty\/blankoetiketten\/anhaenger-und-tickets\/","og_site_name":"Drukarnia etykiet Novacode","article_publisher":"https:\/\/www.facebook.com\/NovacodeOfficialPage","article_modified_time":"2023-10-13T09:00:46+00:00","og_image":[{"width":1280,"height":1280,"url":"https:\/\/novacode.pl\/wp-content\/uploads\/2022\/04\/przywieszka_biala.jpg","type":"image\/jpeg"}],"twitter_card":"summary_large_image","twitter_misc":{"Gesch\u00e4tzte Lesezeit":"1\u00a0Minute"},"schema":{"@context":"https:\/\/schema.org","@graph":[{"@type":"WebPage","@id":"https:\/\/novacode.pl\/de\/produkty\/blankoetiketten\/anhaenger-und-tickets\/","url":"https:\/\/novacode.pl\/de\/produkty\/blankoetiketten\/anhaenger-und-tickets\/","name":"Anh\u00e4nger und Tickets - Drukarnia etykiet Novacode","isPartOf":{"@id":"https:\/\/novacode.pl\/#website"},"primaryImageOfPage":{"@id":"https:\/\/novacode.pl\/de\/produkty\/blankoetiketten\/anhaenger-und-tickets\/#primaryimage"},"image":{"@id":"https:\/\/novacode.pl\/de\/produkty\/blankoetiketten\/anhaenger-und-tickets\/#primaryimage"},"thumbnailUrl":"https:\/\/novacode.pl\/wp-content\/uploads\/2022\/04\/bilet.jpg","datePublished":"2022-04-19T08:34:10+00:00","dateModified":"2023-10-13T09:00:46+00:00","description":"Przywieszki i bilety od producenta Novacode \u27a4 Oferujemy druk bilet\u00f3w i przywieszek cenowych oraz promocyjnych | Wysoka jako\u015b\u0107 i profesjonalne wyko\u0144czenie - Sprawd\u017a!","breadcrumb":{"@id":"https:\/\/novacode.pl\/de\/produkty\/blankoetiketten\/anhaenger-und-tickets\/#breadcrumb"},"inLanguage":"de","potentialAction":[{"@type":"ReadAction","target":["https:\/\/novacode.pl\/de\/produkty\/blankoetiketten\/anhaenger-und-tickets\/"]}]},{"@type":"ImageObject","inLanguage":"de","@id":"https:\/\/novacode.pl\/de\/produkty\/blankoetiketten\/anhaenger-und-tickets\/#primaryimage","url":"https:\/\/novacode.pl\/wp-content\/uploads\/2022\/04\/bilet.jpg","contentUrl":"https:\/\/novacode.pl\/wp-content\/uploads\/2022\/04\/bilet.jpg","width":1200,"height":1200,"caption":"bilet wst\u0119pu"},{"@type":"BreadcrumbList","@id":"https:\/\/novacode.pl\/de\/produkty\/blankoetiketten\/anhaenger-und-tickets\/#breadcrumb","itemListElement":[{"@type":"ListItem","position":1,"name":"Strona g\u0142\u00f3wna","item":"https:\/\/novacode.pl\/de\/"},{"@type":"ListItem","position":2,"name":"Produkte","item":"https:\/\/novacode.pl\/de\/produkte\/"},{"@type":"ListItem","position":3,"name":"Anh\u00e4nger und Tickets"}]},{"@type":"WebSite","@id":"https:\/\/novacode.pl\/#website","url":"https:\/\/novacode.pl\/","name":"Drukarnia etykiet Novacode","description":"Producent etykiet samoprzylepnych","publisher":{"@id":"https:\/\/novacode.pl\/#organization"},"potentialAction":[{"@type":"SearchAction","target":{"@type":"EntryPoint","urlTemplate":"https:\/\/novacode.pl\/?s={search_term_string}"},"query-input":{"@type":"PropertyValueSpecification","valueRequired":true,"valueName":"search_term_string"}}],"inLanguage":"de"},{"@type":"Organization","@id":"https:\/\/novacode.pl\/#organization","name":"Drukarnia etykiet Novacode","url":"https:\/\/novacode.pl\/","logo":{"@type":"ImageObject","inLanguage":"de","@id":"https:\/\/novacode.pl\/#\/schema\/logo\/image\/","url":"https:\/\/novacode.pl\/wp-content\/uploads\/2022\/03\/cropped-favico.png","contentUrl":"https:\/\/novacode.pl\/wp-content\/uploads\/2022\/03\/cropped-favico.png","width":512,"height":512,"caption":"Drukarnia etykiet Novacode"},"image":{"@id":"https:\/\/novacode.pl\/#\/schema\/logo\/image\/"},"sameAs":["https:\/\/www.facebook.com\/NovacodeOfficialPage"]}]}},"_links":{"self":[{"href":"https:\/\/novacode.pl\/de\/wp-json\/wp\/v2\/product\/5356","targetHints":{"allow":["GET"]}}],"collection":[{"href":"https:\/\/novacode.pl\/de\/wp-json\/wp\/v2\/product"}],"about":[{"href":"https:\/\/novacode.pl\/de\/wp-json\/wp\/v2\/types\/product"}],"wp:featuredmedia":[{"embeddable":true,"href":"https:\/\/novacode.pl\/de\/wp-json\/wp\/v2\/media\/6418"}],"wp:attachment":[{"href":"https:\/\/novacode.pl\/de\/wp-json\/wp\/v2\/media?parent=5356"}],"wp:term":[{"taxonomy":"product_brand","embeddable":true,"href":"https:\/\/novacode.pl\/de\/wp-json\/wp\/v2\/product_brand?post=5356"},{"taxonomy":"product_cat","embeddable":true,"href":"https:\/\/novacode.pl\/de\/wp-json\/wp\/v2\/product_cat?post=5356"},{"taxonomy":"product_tag","embeddable":true,"href":"https:\/\/novacode.pl\/de\/wp-json\/wp\/v2\/product_tag?post=5356"}],"curies":[{"name":"wp","href":"https:\/\/api.w.org\/{rel}","templated":true}]}}