{"id":5351,"date":"2022-04-20T15:09:47","date_gmt":"2022-04-20T13:09:47","guid":{"rendered":"https:\/\/novacode.pl\/produkty\/unkategorisiert\/tabliczki-znamionowe\/"},"modified":"2023-10-13T11:19:42","modified_gmt":"2023-10-13T09:19:42","slug":"namensschilder","status":"publish","type":"product","link":"https:\/\/novacode.pl\/de\/produkty\/spezialetiketten\/namensschilder\/","title":{"rendered":"Namensschilder"},"content":{"rendered":"<p>Typenschilder werden verwendet, um Ger\u00e4te und Maschinen dauerhaft zu kennzeichnen. Sie enthalten in der Regel grundlegende Produktinformationen wie Name, Herstellerdaten, Baujahr, Seriennummer, Sicherheitszertifikat und technische Parameter des Produkts. Angaben auf den Typenschildern sind streng nach den einschl\u00e4gigen EU-Normen und -Richtlinien definiert. Dar\u00fcber hinaus werden die Rohstoffparameter, die Druckmethode und die Anforderungen an die Haltbarkeit und Lebensdauer von Etiketten festgelegt.<\/p>\n<p>Als Hersteller von Typenschildern unterst\u00fctzen wir unsere Kunden bei der Auswahl geeigneter L\u00f6sungen, wie Rohstoff, TTR-Druckband, Etikettendrucker und Applikatoren, Codescanner und zugeh\u00f6rige Software. Wir bieten auch Unterst\u00fctzung von unserem Labor, wo wir die M\u00f6glichkeit haben, die Abriebfestigkeit des Drucks, Festigkeit des Rohmaterials oder Best\u00e4ndigkeit des Rohmaterials gegen hohe Luftfeuchtigkeit zu \u00fcberpr\u00fcfen.<\/p>\n","protected":false},"excerpt":{"rendered":"<p>Typenschilder werden verwendet, um Ger\u00e4te und Maschinen dauerhaft zu kennzeichnen. Sie enthalten in der Regel grundlegende Produktinformationen wie Name, Herstellerdaten,&#8230;<\/p>\n","protected":false},"featured_media":4372,"template":"","meta":{"_acf_changed":false,"inline_featured_image":false},"product_brand":[],"product_cat":[136],"product_tag":[],"class_list":{"0":"post-5351","1":"product","2":"type-product","3":"status-publish","4":"has-post-thumbnail","6":"product_cat-spezialetiketten","7":"industry-automobil","8":"industry-elektronik","9":"industry-industrieetiketten","10":"industry-metallurgie","11":"industry-unterhaltungselektronik-und-haushaltsgeraete","13":"first","14":"instock","15":"shipping-taxable","16":"product-type-simple"},"acf":[],"yoast_head":"<!-- This site is optimized with the Yoast SEO plugin v27.4 - https:\/\/yoast.com\/product\/yoast-seo-wordpress\/ -->\n<title>Tabliczki znamionowe i etykiety - Drukarnia etykiet Novacode<\/title>\n<meta name=\"description\" content=\"Tabliczki znamionowe od producenta Novacode \u27a4 Etykiety samoprzylepne do trwa\u0142ego oznakowania maszyn i urz\u0105dze\u0144 | Sprawd\u017a teraz!\" \/>\n<meta name=\"robots\" content=\"index, follow, max-snippet:-1, max-image-preview:large, max-video-preview:-1\" \/>\n<link rel=\"canonical\" href=\"https:\/\/novacode.pl\/de\/produkty\/spezialetiketten\/namensschilder\/\" \/>\n<meta property=\"og:locale\" content=\"de_DE\" \/>\n<meta property=\"og:type\" content=\"article\" \/>\n<meta property=\"og:title\" content=\"Tabliczki znamionowe i etykiety - Drukarnia etykiet Novacode\" \/>\n<meta property=\"og:description\" content=\"Tabliczki znamionowe od producenta Novacode \u27a4 Etykiety samoprzylepne do trwa\u0142ego oznakowania maszyn i urz\u0105dze\u0144 | Sprawd\u017a teraz!\" \/>\n<meta property=\"og:url\" content=\"https:\/\/novacode.pl\/de\/produkty\/spezialetiketten\/namensschilder\/\" \/>\n<meta property=\"og:site_name\" content=\"Drukarnia etykiet Novacode\" \/>\n<meta property=\"article:publisher\" content=\"https:\/\/www.facebook.com\/NovacodeOfficialPage\" \/>\n<meta property=\"article:modified_time\" content=\"2023-10-13T09:19:42+00:00\" \/>\n<meta property=\"og:image\" content=\"https:\/\/novacode.pl\/wp-content\/uploads\/2022\/04\/IMG_4667.jpg\" \/>\n\t<meta property=\"og:image:width\" content=\"540\" \/>\n\t<meta property=\"og:image:height\" content=\"540\" \/>\n\t<meta property=\"og:image:type\" content=\"image\/jpeg\" \/>\n<meta name=\"twitter:card\" content=\"summary_large_image\" \/>\n<meta name=\"twitter:label1\" content=\"Gesch\u00e4tzte Lesezeit\" \/>\n\t<meta name=\"twitter:data1\" content=\"1\u00a0Minute\" \/>\n<script type=\"application\/ld+json\" class=\"yoast-schema-graph\">{\"@context\":\"https:\\\/\\\/schema.org\",\"@graph\":[{\"@type\":\"WebPage\",\"@id\":\"https:\\\/\\\/novacode.pl\\\/de\\\/produkty\\\/spezialetiketten\\\/namensschilder\\\/\",\"url\":\"https:\\\/\\\/novacode.pl\\\/de\\\/produkty\\\/spezialetiketten\\\/namensschilder\\\/\",\"name\":\"Tabliczki znamionowe i etykiety - Drukarnia etykiet Novacode\",\"isPartOf\":{\"@id\":\"https:\\\/\\\/novacode.pl\\\/#website\"},\"primaryImageOfPage\":{\"@id\":\"https:\\\/\\\/novacode.pl\\\/de\\\/produkty\\\/spezialetiketten\\\/namensschilder\\\/#primaryimage\"},\"image\":{\"@id\":\"https:\\\/\\\/novacode.pl\\\/de\\\/produkty\\\/spezialetiketten\\\/namensschilder\\\/#primaryimage\"},\"thumbnailUrl\":\"https:\\\/\\\/novacode.pl\\\/wp-content\\\/uploads\\\/2022\\\/04\\\/IMG_4667.jpg\",\"datePublished\":\"2022-04-20T13:09:47+00:00\",\"dateModified\":\"2023-10-13T09:19:42+00:00\",\"description\":\"Tabliczki znamionowe od producenta Novacode \u27a4 Etykiety samoprzylepne do trwa\u0142ego oznakowania maszyn i urz\u0105dze\u0144 | Sprawd\u017a teraz!\",\"breadcrumb\":{\"@id\":\"https:\\\/\\\/novacode.pl\\\/de\\\/produkty\\\/spezialetiketten\\\/namensschilder\\\/#breadcrumb\"},\"inLanguage\":\"de\",\"potentialAction\":[{\"@type\":\"ReadAction\",\"target\":[\"https:\\\/\\\/novacode.pl\\\/de\\\/produkty\\\/spezialetiketten\\\/namensschilder\\\/\"]}]},{\"@type\":\"ImageObject\",\"inLanguage\":\"de\",\"@id\":\"https:\\\/\\\/novacode.pl\\\/de\\\/produkty\\\/spezialetiketten\\\/namensschilder\\\/#primaryimage\",\"url\":\"https:\\\/\\\/novacode.pl\\\/wp-content\\\/uploads\\\/2022\\\/04\\\/IMG_4667.jpg\",\"contentUrl\":\"https:\\\/\\\/novacode.pl\\\/wp-content\\\/uploads\\\/2022\\\/04\\\/IMG_4667.jpg\",\"width\":540,\"height\":540,\"caption\":\"Tabliczka znamionowa na drukarce\"},{\"@type\":\"BreadcrumbList\",\"@id\":\"https:\\\/\\\/novacode.pl\\\/de\\\/produkty\\\/spezialetiketten\\\/namensschilder\\\/#breadcrumb\",\"itemListElement\":[{\"@type\":\"ListItem\",\"position\":1,\"name\":\"Strona g\u0142\u00f3wna\",\"item\":\"https:\\\/\\\/novacode.pl\\\/de\\\/\"},{\"@type\":\"ListItem\",\"position\":2,\"name\":\"Produkte\",\"item\":\"https:\\\/\\\/novacode.pl\\\/de\\\/produkte\\\/\"},{\"@type\":\"ListItem\",\"position\":3,\"name\":\"Namensschilder\"}]},{\"@type\":\"WebSite\",\"@id\":\"https:\\\/\\\/novacode.pl\\\/#website\",\"url\":\"https:\\\/\\\/novacode.pl\\\/\",\"name\":\"Drukarnia etykiet Novacode\",\"description\":\"Producent etykiet samoprzylepnych\",\"publisher\":{\"@id\":\"https:\\\/\\\/novacode.pl\\\/#organization\"},\"potentialAction\":[{\"@type\":\"SearchAction\",\"target\":{\"@type\":\"EntryPoint\",\"urlTemplate\":\"https:\\\/\\\/novacode.pl\\\/?s={search_term_string}\"},\"query-input\":{\"@type\":\"PropertyValueSpecification\",\"valueRequired\":true,\"valueName\":\"search_term_string\"}}],\"inLanguage\":\"de\"},{\"@type\":\"Organization\",\"@id\":\"https:\\\/\\\/novacode.pl\\\/#organization\",\"name\":\"Drukarnia etykiet Novacode\",\"url\":\"https:\\\/\\\/novacode.pl\\\/\",\"logo\":{\"@type\":\"ImageObject\",\"inLanguage\":\"de\",\"@id\":\"https:\\\/\\\/novacode.pl\\\/#\\\/schema\\\/logo\\\/image\\\/\",\"url\":\"https:\\\/\\\/novacode.pl\\\/wp-content\\\/uploads\\\/2022\\\/03\\\/cropped-favico.png\",\"contentUrl\":\"https:\\\/\\\/novacode.pl\\\/wp-content\\\/uploads\\\/2022\\\/03\\\/cropped-favico.png\",\"width\":512,\"height\":512,\"caption\":\"Drukarnia etykiet Novacode\"},\"image\":{\"@id\":\"https:\\\/\\\/novacode.pl\\\/#\\\/schema\\\/logo\\\/image\\\/\"},\"sameAs\":[\"https:\\\/\\\/www.facebook.com\\\/NovacodeOfficialPage\"]}]}<\/script>\n<!-- \/ Yoast SEO plugin. -->","yoast_head_json":{"title":"Tabliczki znamionowe i etykiety - Drukarnia etykiet Novacode","description":"Tabliczki znamionowe od producenta Novacode \u27a4 Etykiety samoprzylepne do trwa\u0142ego oznakowania maszyn i urz\u0105dze\u0144 | Sprawd\u017a teraz!","robots":{"index":"index","follow":"follow","max-snippet":"max-snippet:-1","max-image-preview":"max-image-preview:large","max-video-preview":"max-video-preview:-1"},"canonical":"https:\/\/novacode.pl\/de\/produkty\/spezialetiketten\/namensschilder\/","og_locale":"de_DE","og_type":"article","og_title":"Tabliczki znamionowe i etykiety - Drukarnia etykiet Novacode","og_description":"Tabliczki znamionowe od producenta Novacode \u27a4 Etykiety samoprzylepne do trwa\u0142ego oznakowania maszyn i urz\u0105dze\u0144 | Sprawd\u017a teraz!","og_url":"https:\/\/novacode.pl\/de\/produkty\/spezialetiketten\/namensschilder\/","og_site_name":"Drukarnia etykiet Novacode","article_publisher":"https:\/\/www.facebook.com\/NovacodeOfficialPage","article_modified_time":"2023-10-13T09:19:42+00:00","og_image":[{"width":540,"height":540,"url":"https:\/\/novacode.pl\/wp-content\/uploads\/2022\/04\/IMG_4667.jpg","type":"image\/jpeg"}],"twitter_card":"summary_large_image","twitter_misc":{"Gesch\u00e4tzte Lesezeit":"1\u00a0Minute"},"schema":{"@context":"https:\/\/schema.org","@graph":[{"@type":"WebPage","@id":"https:\/\/novacode.pl\/de\/produkty\/spezialetiketten\/namensschilder\/","url":"https:\/\/novacode.pl\/de\/produkty\/spezialetiketten\/namensschilder\/","name":"Tabliczki znamionowe i etykiety - Drukarnia etykiet Novacode","isPartOf":{"@id":"https:\/\/novacode.pl\/#website"},"primaryImageOfPage":{"@id":"https:\/\/novacode.pl\/de\/produkty\/spezialetiketten\/namensschilder\/#primaryimage"},"image":{"@id":"https:\/\/novacode.pl\/de\/produkty\/spezialetiketten\/namensschilder\/#primaryimage"},"thumbnailUrl":"https:\/\/novacode.pl\/wp-content\/uploads\/2022\/04\/IMG_4667.jpg","datePublished":"2022-04-20T13:09:47+00:00","dateModified":"2023-10-13T09:19:42+00:00","description":"Tabliczki znamionowe od producenta Novacode \u27a4 Etykiety samoprzylepne do trwa\u0142ego oznakowania maszyn i urz\u0105dze\u0144 | Sprawd\u017a teraz!","breadcrumb":{"@id":"https:\/\/novacode.pl\/de\/produkty\/spezialetiketten\/namensschilder\/#breadcrumb"},"inLanguage":"de","potentialAction":[{"@type":"ReadAction","target":["https:\/\/novacode.pl\/de\/produkty\/spezialetiketten\/namensschilder\/"]}]},{"@type":"ImageObject","inLanguage":"de","@id":"https:\/\/novacode.pl\/de\/produkty\/spezialetiketten\/namensschilder\/#primaryimage","url":"https:\/\/novacode.pl\/wp-content\/uploads\/2022\/04\/IMG_4667.jpg","contentUrl":"https:\/\/novacode.pl\/wp-content\/uploads\/2022\/04\/IMG_4667.jpg","width":540,"height":540,"caption":"Tabliczka znamionowa na drukarce"},{"@type":"BreadcrumbList","@id":"https:\/\/novacode.pl\/de\/produkty\/spezialetiketten\/namensschilder\/#breadcrumb","itemListElement":[{"@type":"ListItem","position":1,"name":"Strona g\u0142\u00f3wna","item":"https:\/\/novacode.pl\/de\/"},{"@type":"ListItem","position":2,"name":"Produkte","item":"https:\/\/novacode.pl\/de\/produkte\/"},{"@type":"ListItem","position":3,"name":"Namensschilder"}]},{"@type":"WebSite","@id":"https:\/\/novacode.pl\/#website","url":"https:\/\/novacode.pl\/","name":"Drukarnia etykiet Novacode","description":"Producent etykiet samoprzylepnych","publisher":{"@id":"https:\/\/novacode.pl\/#organization"},"potentialAction":[{"@type":"SearchAction","target":{"@type":"EntryPoint","urlTemplate":"https:\/\/novacode.pl\/?s={search_term_string}"},"query-input":{"@type":"PropertyValueSpecification","valueRequired":true,"valueName":"search_term_string"}}],"inLanguage":"de"},{"@type":"Organization","@id":"https:\/\/novacode.pl\/#organization","name":"Drukarnia etykiet Novacode","url":"https:\/\/novacode.pl\/","logo":{"@type":"ImageObject","inLanguage":"de","@id":"https:\/\/novacode.pl\/#\/schema\/logo\/image\/","url":"https:\/\/novacode.pl\/wp-content\/uploads\/2022\/03\/cropped-favico.png","contentUrl":"https:\/\/novacode.pl\/wp-content\/uploads\/2022\/03\/cropped-favico.png","width":512,"height":512,"caption":"Drukarnia etykiet Novacode"},"image":{"@id":"https:\/\/novacode.pl\/#\/schema\/logo\/image\/"},"sameAs":["https:\/\/www.facebook.com\/NovacodeOfficialPage"]}]}},"_links":{"self":[{"href":"https:\/\/novacode.pl\/de\/wp-json\/wp\/v2\/product\/5351","targetHints":{"allow":["GET"]}}],"collection":[{"href":"https:\/\/novacode.pl\/de\/wp-json\/wp\/v2\/product"}],"about":[{"href":"https:\/\/novacode.pl\/de\/wp-json\/wp\/v2\/types\/product"}],"wp:featuredmedia":[{"embeddable":true,"href":"https:\/\/novacode.pl\/de\/wp-json\/wp\/v2\/media\/4372"}],"wp:attachment":[{"href":"https:\/\/novacode.pl\/de\/wp-json\/wp\/v2\/media?parent=5351"}],"wp:term":[{"taxonomy":"product_brand","embeddable":true,"href":"https:\/\/novacode.pl\/de\/wp-json\/wp\/v2\/product_brand?post=5351"},{"taxonomy":"product_cat","embeddable":true,"href":"https:\/\/novacode.pl\/de\/wp-json\/wp\/v2\/product_cat?post=5351"},{"taxonomy":"product_tag","embeddable":true,"href":"https:\/\/novacode.pl\/de\/wp-json\/wp\/v2\/product_tag?post=5351"}],"curies":[{"name":"wp","href":"https:\/\/api.w.org\/{rel}","templated":true}]}}