{"id":5349,"date":"2022-04-20T15:25:40","date_gmt":"2022-04-20T13:25:40","guid":{"rendered":"https:\/\/novacode.pl\/produkty\/unkategorisiert\/szare-kropki-duct-tape\/"},"modified":"2023-10-13T11:22:11","modified_gmt":"2023-10-13T09:22:11","slug":"graue-punkte-duct-tape","status":"publish","type":"product","link":"https:\/\/novacode.pl\/de\/produkty\/spezialetiketten\/graue-punkte-duct-tape\/","title":{"rendered":"Graue Punkte &#8222;DUCT TAPE&#8220;"},"content":{"rendered":"<p>Etiketten mit grauen Punkten werden aus verst\u00e4rktem Stoff hergestellt, der sehr hohe Festigkeit garantiert. Aufgrund der hohen Flexibilit\u00e4t und der Verwendung von Spezialkleber haften Duct-Tape-Etiketten leicht an verschiedenen Oberfl\u00e4chen. Wenn es nicht mehr gebraucht wird, kann das Etikett leicht vom Tr\u00e4ger entfernt werden, ohne R\u00fcckst\u00e4nde zu hinterlassen.<\/p>\n<p>\u201eGraue Punkte\u201c werden h\u00e4ufig in Automobilindustrie und Haushaltsger\u00e4ten verwendet. Am h\u00e4ufigsten werden sie verwendet, um Kanban-Karten an der Verpackung zu befestigen.<\/p>\n","protected":false},"excerpt":{"rendered":"<p>Etiketten mit grauen Punkten werden aus verst\u00e4rktem Stoff hergestellt, der sehr hohe Festigkeit garantiert. Aufgrund der hohen Flexibilit\u00e4t und der&#8230;<\/p>\n","protected":false},"featured_media":4488,"template":"","meta":{"_acf_changed":false,"inline_featured_image":false},"product_brand":[],"product_cat":[136],"product_tag":[],"class_list":{"0":"post-5349","1":"product","2":"type-product","3":"status-publish","4":"has-post-thumbnail","6":"product_cat-spezialetiketten","7":"industry-automobil","8":"industry-bauindustrie","9":"industry-elektronik","10":"industry-industrieetiketten","11":"industry-logistik","12":"industry-metallurgie","13":"industry-unterhaltungselektronik-und-haushaltsgeraete","15":"first","16":"instock","17":"shipping-taxable","18":"product-type-simple"},"acf":[],"yoast_head":"<!-- This site is optimized with the Yoast SEO plugin v27.4 - https:\/\/yoast.com\/product\/yoast-seo-wordpress\/ -->\n<title>Etykiety kropki szare &quot;DUCT TAPE&quot; - Drukarnia etykiet Novacode<\/title>\n<meta name=\"description\" content=\"Etykiety potocznie zwane \u201eszarymi kropkami\u201d to popularny spos\u00f3b na szybkie i \u0142atwe przyczepienie karty Kanban, wydrukowanego listu przewozowego lub innego dokumentu do skrzynki \/ pud\u0142a, w kt\u00f3rym przewo\u017cone s\u0105 produkty.\" \/>\n<meta name=\"robots\" content=\"index, follow, max-snippet:-1, max-image-preview:large, max-video-preview:-1\" \/>\n<link rel=\"canonical\" href=\"https:\/\/novacode.pl\/de\/produkty\/spezialetiketten\/graue-punkte-duct-tape\/\" \/>\n<meta property=\"og:locale\" content=\"de_DE\" \/>\n<meta property=\"og:type\" content=\"article\" \/>\n<meta property=\"og:title\" content=\"Etykiety kropki szare &quot;DUCT TAPE&quot; - Drukarnia etykiet Novacode\" \/>\n<meta property=\"og:description\" content=\"Etykiety potocznie zwane \u201eszarymi kropkami\u201d to popularny spos\u00f3b na szybkie i \u0142atwe przyczepienie karty Kanban, wydrukowanego listu przewozowego lub innego dokumentu do skrzynki \/ pud\u0142a, w kt\u00f3rym przewo\u017cone s\u0105 produkty.\" \/>\n<meta property=\"og:url\" content=\"https:\/\/novacode.pl\/de\/produkty\/spezialetiketten\/graue-punkte-duct-tape\/\" \/>\n<meta property=\"og:site_name\" content=\"Drukarnia etykiet Novacode\" \/>\n<meta property=\"article:publisher\" content=\"https:\/\/www.facebook.com\/NovacodeOfficialPage\" \/>\n<meta property=\"article:modified_time\" content=\"2023-10-13T09:22:11+00:00\" \/>\n<meta property=\"og:image\" content=\"https:\/\/novacode.pl\/wp-content\/uploads\/2022\/04\/kropki.jpg\" \/>\n\t<meta property=\"og:image:width\" content=\"1280\" \/>\n\t<meta property=\"og:image:height\" content=\"1280\" \/>\n\t<meta property=\"og:image:type\" content=\"image\/jpeg\" \/>\n<meta name=\"twitter:card\" content=\"summary_large_image\" \/>\n<meta name=\"twitter:label1\" content=\"Gesch\u00e4tzte Lesezeit\" \/>\n\t<meta name=\"twitter:data1\" content=\"1\u00a0Minute\" \/>\n<script type=\"application\/ld+json\" class=\"yoast-schema-graph\">{\"@context\":\"https:\\\/\\\/schema.org\",\"@graph\":[{\"@type\":\"WebPage\",\"@id\":\"https:\\\/\\\/novacode.pl\\\/de\\\/produkty\\\/spezialetiketten\\\/graue-punkte-duct-tape\\\/\",\"url\":\"https:\\\/\\\/novacode.pl\\\/de\\\/produkty\\\/spezialetiketten\\\/graue-punkte-duct-tape\\\/\",\"name\":\"Etykiety kropki szare \\\"DUCT TAPE\\\" - Drukarnia etykiet Novacode\",\"isPartOf\":{\"@id\":\"https:\\\/\\\/novacode.pl\\\/#website\"},\"primaryImageOfPage\":{\"@id\":\"https:\\\/\\\/novacode.pl\\\/de\\\/produkty\\\/spezialetiketten\\\/graue-punkte-duct-tape\\\/#primaryimage\"},\"image\":{\"@id\":\"https:\\\/\\\/novacode.pl\\\/de\\\/produkty\\\/spezialetiketten\\\/graue-punkte-duct-tape\\\/#primaryimage\"},\"thumbnailUrl\":\"https:\\\/\\\/novacode.pl\\\/wp-content\\\/uploads\\\/2022\\\/04\\\/kropki.jpg\",\"datePublished\":\"2022-04-20T13:25:40+00:00\",\"dateModified\":\"2023-10-13T09:22:11+00:00\",\"description\":\"Etykiety potocznie zwane \u201eszarymi kropkami\u201d to popularny spos\u00f3b na szybkie i \u0142atwe przyczepienie karty Kanban, wydrukowanego listu przewozowego lub innego dokumentu do skrzynki \\\/ pud\u0142a, w kt\u00f3rym przewo\u017cone s\u0105 produkty.\",\"breadcrumb\":{\"@id\":\"https:\\\/\\\/novacode.pl\\\/de\\\/produkty\\\/spezialetiketten\\\/graue-punkte-duct-tape\\\/#breadcrumb\"},\"inLanguage\":\"de\",\"potentialAction\":[{\"@type\":\"ReadAction\",\"target\":[\"https:\\\/\\\/novacode.pl\\\/de\\\/produkty\\\/spezialetiketten\\\/graue-punkte-duct-tape\\\/\"]}]},{\"@type\":\"ImageObject\",\"inLanguage\":\"de\",\"@id\":\"https:\\\/\\\/novacode.pl\\\/de\\\/produkty\\\/spezialetiketten\\\/graue-punkte-duct-tape\\\/#primaryimage\",\"url\":\"https:\\\/\\\/novacode.pl\\\/wp-content\\\/uploads\\\/2022\\\/04\\\/kropki.jpg\",\"contentUrl\":\"https:\\\/\\\/novacode.pl\\\/wp-content\\\/uploads\\\/2022\\\/04\\\/kropki.jpg\",\"width\":1280,\"height\":1280,\"caption\":\"etykiety szare kropki DUCT TAPE\"},{\"@type\":\"BreadcrumbList\",\"@id\":\"https:\\\/\\\/novacode.pl\\\/de\\\/produkty\\\/spezialetiketten\\\/graue-punkte-duct-tape\\\/#breadcrumb\",\"itemListElement\":[{\"@type\":\"ListItem\",\"position\":1,\"name\":\"Strona g\u0142\u00f3wna\",\"item\":\"https:\\\/\\\/novacode.pl\\\/de\\\/\"},{\"@type\":\"ListItem\",\"position\":2,\"name\":\"Produkte\",\"item\":\"https:\\\/\\\/novacode.pl\\\/de\\\/produkte\\\/\"},{\"@type\":\"ListItem\",\"position\":3,\"name\":\"Graue Punkte &#8222;DUCT TAPE&#8221;\"}]},{\"@type\":\"WebSite\",\"@id\":\"https:\\\/\\\/novacode.pl\\\/#website\",\"url\":\"https:\\\/\\\/novacode.pl\\\/\",\"name\":\"Drukarnia etykiet Novacode\",\"description\":\"Producent etykiet samoprzylepnych\",\"publisher\":{\"@id\":\"https:\\\/\\\/novacode.pl\\\/#organization\"},\"potentialAction\":[{\"@type\":\"SearchAction\",\"target\":{\"@type\":\"EntryPoint\",\"urlTemplate\":\"https:\\\/\\\/novacode.pl\\\/?s={search_term_string}\"},\"query-input\":{\"@type\":\"PropertyValueSpecification\",\"valueRequired\":true,\"valueName\":\"search_term_string\"}}],\"inLanguage\":\"de\"},{\"@type\":\"Organization\",\"@id\":\"https:\\\/\\\/novacode.pl\\\/#organization\",\"name\":\"Drukarnia etykiet Novacode\",\"url\":\"https:\\\/\\\/novacode.pl\\\/\",\"logo\":{\"@type\":\"ImageObject\",\"inLanguage\":\"de\",\"@id\":\"https:\\\/\\\/novacode.pl\\\/#\\\/schema\\\/logo\\\/image\\\/\",\"url\":\"https:\\\/\\\/novacode.pl\\\/wp-content\\\/uploads\\\/2022\\\/03\\\/cropped-favico.png\",\"contentUrl\":\"https:\\\/\\\/novacode.pl\\\/wp-content\\\/uploads\\\/2022\\\/03\\\/cropped-favico.png\",\"width\":512,\"height\":512,\"caption\":\"Drukarnia etykiet Novacode\"},\"image\":{\"@id\":\"https:\\\/\\\/novacode.pl\\\/#\\\/schema\\\/logo\\\/image\\\/\"},\"sameAs\":[\"https:\\\/\\\/www.facebook.com\\\/NovacodeOfficialPage\"]}]}<\/script>\n<!-- \/ Yoast SEO plugin. -->","yoast_head_json":{"title":"Etykiety kropki szare \"DUCT TAPE\" - Drukarnia etykiet Novacode","description":"Etykiety potocznie zwane \u201eszarymi kropkami\u201d to popularny spos\u00f3b na szybkie i \u0142atwe przyczepienie karty Kanban, wydrukowanego listu przewozowego lub innego dokumentu do skrzynki \/ pud\u0142a, w kt\u00f3rym przewo\u017cone s\u0105 produkty.","robots":{"index":"index","follow":"follow","max-snippet":"max-snippet:-1","max-image-preview":"max-image-preview:large","max-video-preview":"max-video-preview:-1"},"canonical":"https:\/\/novacode.pl\/de\/produkty\/spezialetiketten\/graue-punkte-duct-tape\/","og_locale":"de_DE","og_type":"article","og_title":"Etykiety kropki szare \"DUCT TAPE\" - Drukarnia etykiet Novacode","og_description":"Etykiety potocznie zwane \u201eszarymi kropkami\u201d to popularny spos\u00f3b na szybkie i \u0142atwe przyczepienie karty Kanban, wydrukowanego listu przewozowego lub innego dokumentu do skrzynki \/ pud\u0142a, w kt\u00f3rym przewo\u017cone s\u0105 produkty.","og_url":"https:\/\/novacode.pl\/de\/produkty\/spezialetiketten\/graue-punkte-duct-tape\/","og_site_name":"Drukarnia etykiet Novacode","article_publisher":"https:\/\/www.facebook.com\/NovacodeOfficialPage","article_modified_time":"2023-10-13T09:22:11+00:00","og_image":[{"width":1280,"height":1280,"url":"https:\/\/novacode.pl\/wp-content\/uploads\/2022\/04\/kropki.jpg","type":"image\/jpeg"}],"twitter_card":"summary_large_image","twitter_misc":{"Gesch\u00e4tzte Lesezeit":"1\u00a0Minute"},"schema":{"@context":"https:\/\/schema.org","@graph":[{"@type":"WebPage","@id":"https:\/\/novacode.pl\/de\/produkty\/spezialetiketten\/graue-punkte-duct-tape\/","url":"https:\/\/novacode.pl\/de\/produkty\/spezialetiketten\/graue-punkte-duct-tape\/","name":"Etykiety kropki szare \"DUCT TAPE\" - Drukarnia etykiet Novacode","isPartOf":{"@id":"https:\/\/novacode.pl\/#website"},"primaryImageOfPage":{"@id":"https:\/\/novacode.pl\/de\/produkty\/spezialetiketten\/graue-punkte-duct-tape\/#primaryimage"},"image":{"@id":"https:\/\/novacode.pl\/de\/produkty\/spezialetiketten\/graue-punkte-duct-tape\/#primaryimage"},"thumbnailUrl":"https:\/\/novacode.pl\/wp-content\/uploads\/2022\/04\/kropki.jpg","datePublished":"2022-04-20T13:25:40+00:00","dateModified":"2023-10-13T09:22:11+00:00","description":"Etykiety potocznie zwane \u201eszarymi kropkami\u201d to popularny spos\u00f3b na szybkie i \u0142atwe przyczepienie karty Kanban, wydrukowanego listu przewozowego lub innego dokumentu do skrzynki \/ pud\u0142a, w kt\u00f3rym przewo\u017cone s\u0105 produkty.","breadcrumb":{"@id":"https:\/\/novacode.pl\/de\/produkty\/spezialetiketten\/graue-punkte-duct-tape\/#breadcrumb"},"inLanguage":"de","potentialAction":[{"@type":"ReadAction","target":["https:\/\/novacode.pl\/de\/produkty\/spezialetiketten\/graue-punkte-duct-tape\/"]}]},{"@type":"ImageObject","inLanguage":"de","@id":"https:\/\/novacode.pl\/de\/produkty\/spezialetiketten\/graue-punkte-duct-tape\/#primaryimage","url":"https:\/\/novacode.pl\/wp-content\/uploads\/2022\/04\/kropki.jpg","contentUrl":"https:\/\/novacode.pl\/wp-content\/uploads\/2022\/04\/kropki.jpg","width":1280,"height":1280,"caption":"etykiety szare kropki DUCT TAPE"},{"@type":"BreadcrumbList","@id":"https:\/\/novacode.pl\/de\/produkty\/spezialetiketten\/graue-punkte-duct-tape\/#breadcrumb","itemListElement":[{"@type":"ListItem","position":1,"name":"Strona g\u0142\u00f3wna","item":"https:\/\/novacode.pl\/de\/"},{"@type":"ListItem","position":2,"name":"Produkte","item":"https:\/\/novacode.pl\/de\/produkte\/"},{"@type":"ListItem","position":3,"name":"Graue Punkte &#8222;DUCT TAPE&#8221;"}]},{"@type":"WebSite","@id":"https:\/\/novacode.pl\/#website","url":"https:\/\/novacode.pl\/","name":"Drukarnia etykiet Novacode","description":"Producent etykiet samoprzylepnych","publisher":{"@id":"https:\/\/novacode.pl\/#organization"},"potentialAction":[{"@type":"SearchAction","target":{"@type":"EntryPoint","urlTemplate":"https:\/\/novacode.pl\/?s={search_term_string}"},"query-input":{"@type":"PropertyValueSpecification","valueRequired":true,"valueName":"search_term_string"}}],"inLanguage":"de"},{"@type":"Organization","@id":"https:\/\/novacode.pl\/#organization","name":"Drukarnia etykiet Novacode","url":"https:\/\/novacode.pl\/","logo":{"@type":"ImageObject","inLanguage":"de","@id":"https:\/\/novacode.pl\/#\/schema\/logo\/image\/","url":"https:\/\/novacode.pl\/wp-content\/uploads\/2022\/03\/cropped-favico.png","contentUrl":"https:\/\/novacode.pl\/wp-content\/uploads\/2022\/03\/cropped-favico.png","width":512,"height":512,"caption":"Drukarnia etykiet Novacode"},"image":{"@id":"https:\/\/novacode.pl\/#\/schema\/logo\/image\/"},"sameAs":["https:\/\/www.facebook.com\/NovacodeOfficialPage"]}]}},"_links":{"self":[{"href":"https:\/\/novacode.pl\/de\/wp-json\/wp\/v2\/product\/5349","targetHints":{"allow":["GET"]}}],"collection":[{"href":"https:\/\/novacode.pl\/de\/wp-json\/wp\/v2\/product"}],"about":[{"href":"https:\/\/novacode.pl\/de\/wp-json\/wp\/v2\/types\/product"}],"wp:featuredmedia":[{"embeddable":true,"href":"https:\/\/novacode.pl\/de\/wp-json\/wp\/v2\/media\/4488"}],"wp:attachment":[{"href":"https:\/\/novacode.pl\/de\/wp-json\/wp\/v2\/media?parent=5349"}],"wp:term":[{"taxonomy":"product_brand","embeddable":true,"href":"https:\/\/novacode.pl\/de\/wp-json\/wp\/v2\/product_brand?post=5349"},{"taxonomy":"product_cat","embeddable":true,"href":"https:\/\/novacode.pl\/de\/wp-json\/wp\/v2\/product_cat?post=5349"},{"taxonomy":"product_tag","embeddable":true,"href":"https:\/\/novacode.pl\/de\/wp-json\/wp\/v2\/product_tag?post=5349"}],"curies":[{"name":"wp","href":"https:\/\/api.w.org\/{rel}","templated":true}]}}