{"id":5347,"date":"2022-04-19T12:15:58","date_gmt":"2022-04-19T10:15:58","guid":{"rendered":"https:\/\/novacode.pl\/produkty\/unkategorisiert\/przywieszki-syntetyczne\/"},"modified":"2023-10-13T11:06:15","modified_gmt":"2023-10-13T09:06:15","slug":"synthetische-anhaenger","status":"publish","type":"product","link":"https:\/\/novacode.pl\/de\/produkty\/spezialetiketten\/synthetische-anhaenger\/","title":{"rendered":"Synthetische Anh\u00e4nger"},"content":{"rendered":"<p>Synthetische Anh\u00e4nger und Laschen werden \u00fcberall dort verwendet, wo es aus technologischen Gr\u00fcnden keine selbstklebenden Etiketten zur Kennzeichnung von Produkten verwendet werden k\u00f6nnen und wo eine dauerhafte Best\u00e4ndigkeit der Kennzeichnung gegen\u00fcber Witterungsbedingungen, Feuchtigkeit oder variablen Temperaturen erforderlich ist.<\/p>\n<p>Anh\u00e4nger k\u00f6nnen aus verschiedenen Materialien mit unterschiedlichen Parametern wie St\u00e4rke, Gewicht oder Rei\u00dffestigkeit hergestellt werden.<\/p>\n<p>Synthetische Anh\u00e4nger k\u00f6nnen gegen wechselnde Wetterbedingungen und hohe Temperaturen best\u00e4ndig sein. In diesem Fall werden synthetische Anh\u00e4nger verwendet, um Baumaterialien, Stahlst\u00e4be oder Betonelemente zu markieren. In unserem Labor k\u00f6nnen spezielle Tests in der Verschlei\u00df-Kammer durchgef\u00fchrt werden. Wir haben auch die M\u00f6glichkeit, die Best\u00e4ndigkeit gegen UV-Strahlung des Drucks zu \u00fcberpr\u00fcfen.<\/p>\n<p>Als Etikettendruckerei k\u00f6nnen wir das Drucken von Anh\u00e4ngern mit Flexodruck oder Digitaldruck anbieten. Es besteht die M\u00f6glichkeit, synthetische Anh\u00e4nger in Thermotransferdruckern zu personalisieren.<\/p>\n","protected":false},"excerpt":{"rendered":"<p>Synthetische Anh\u00e4nger und Laschen werden \u00fcberall dort verwendet, wo es aus technologischen Gr\u00fcnden keine selbstklebenden Etiketten zur Kennzeichnung von Produkten&#8230;<\/p>\n","protected":false},"featured_media":4710,"template":"","meta":{"_acf_changed":false,"inline_featured_image":false},"product_brand":[],"product_cat":[136],"product_tag":[],"class_list":{"0":"post-5347","1":"product","2":"type-product","3":"status-publish","4":"has-post-thumbnail","6":"product_cat-spezialetiketten","7":"industry-automobil","8":"industry-bauindustrie","9":"industry-bekleidung-und-schuhe","10":"industry-elektronik","11":"industry-gartenbau","12":"industry-industrieetiketten","13":"industry-logistik","14":"industry-moebel","15":"industry-unterhaltungselektronik-und-haushaltsgeraete","17":"first","18":"instock","19":"shipping-taxable","20":"product-type-simple"},"acf":[],"yoast_head":"<!-- This site is optimized with the Yoast SEO plugin v27.4 - https:\/\/yoast.com\/product\/yoast-seo-wordpress\/ -->\n<title>Synthetische Anh\u00e4nger | Novacode<\/title>\n<meta name=\"description\" content=\"Przywieszki syntetyczne od producenta Novacode \u27a4 Trwa\u0142e przywieszki i p\u0119telki do oznaczania produkt\u00f3w tam gdzie nie mo\u017cna u\u017cy\u0107 etykiet samoprzylepnych | Sprawd\u017a teraz!\" \/>\n<meta name=\"robots\" content=\"index, follow, max-snippet:-1, max-image-preview:large, max-video-preview:-1\" \/>\n<link rel=\"canonical\" href=\"https:\/\/novacode.pl\/de\/produkty\/spezialetiketten\/synthetische-anhaenger\/\" \/>\n<meta property=\"og:locale\" content=\"de_DE\" \/>\n<meta property=\"og:type\" content=\"article\" \/>\n<meta property=\"og:title\" content=\"Synthetische Anh\u00e4nger | Novacode\" \/>\n<meta property=\"og:description\" content=\"Przywieszki syntetyczne od producenta Novacode \u27a4 Trwa\u0142e przywieszki i p\u0119telki do oznaczania produkt\u00f3w tam gdzie nie mo\u017cna u\u017cy\u0107 etykiet samoprzylepnych | Sprawd\u017a teraz!\" \/>\n<meta property=\"og:url\" content=\"https:\/\/novacode.pl\/de\/produkty\/spezialetiketten\/synthetische-anhaenger\/\" \/>\n<meta property=\"og:site_name\" content=\"Drukarnia etykiet Novacode\" \/>\n<meta property=\"article:publisher\" content=\"https:\/\/www.facebook.com\/NovacodeOfficialPage\" \/>\n<meta property=\"article:modified_time\" content=\"2023-10-13T09:06:15+00:00\" \/>\n<meta property=\"og:image\" content=\"https:\/\/novacode.pl\/wp-content\/uploads\/2022\/04\/przywieszka_biala3-1.jpg\" \/>\n\t<meta property=\"og:image:width\" content=\"1280\" \/>\n\t<meta property=\"og:image:height\" content=\"1280\" \/>\n\t<meta property=\"og:image:type\" content=\"image\/jpeg\" \/>\n<meta name=\"twitter:card\" content=\"summary_large_image\" \/>\n<meta name=\"twitter:label1\" content=\"Gesch\u00e4tzte Lesezeit\" \/>\n\t<meta name=\"twitter:data1\" content=\"1\u00a0Minute\" \/>\n<script type=\"application\/ld+json\" class=\"yoast-schema-graph\">{\"@context\":\"https:\\\/\\\/schema.org\",\"@graph\":[{\"@type\":\"WebPage\",\"@id\":\"https:\\\/\\\/novacode.pl\\\/de\\\/produkty\\\/spezialetiketten\\\/synthetische-anhaenger\\\/\",\"url\":\"https:\\\/\\\/novacode.pl\\\/de\\\/produkty\\\/spezialetiketten\\\/synthetische-anhaenger\\\/\",\"name\":\"Synthetische Anh\u00e4nger | Novacode\",\"isPartOf\":{\"@id\":\"https:\\\/\\\/novacode.pl\\\/#website\"},\"primaryImageOfPage\":{\"@id\":\"https:\\\/\\\/novacode.pl\\\/de\\\/produkty\\\/spezialetiketten\\\/synthetische-anhaenger\\\/#primaryimage\"},\"image\":{\"@id\":\"https:\\\/\\\/novacode.pl\\\/de\\\/produkty\\\/spezialetiketten\\\/synthetische-anhaenger\\\/#primaryimage\"},\"thumbnailUrl\":\"https:\\\/\\\/novacode.pl\\\/wp-content\\\/uploads\\\/2022\\\/04\\\/przywieszka_biala3-1.jpg\",\"datePublished\":\"2022-04-19T10:15:58+00:00\",\"dateModified\":\"2023-10-13T09:06:15+00:00\",\"description\":\"Przywieszki syntetyczne od producenta Novacode \u27a4 Trwa\u0142e przywieszki i p\u0119telki do oznaczania produkt\u00f3w tam gdzie nie mo\u017cna u\u017cy\u0107 etykiet samoprzylepnych | Sprawd\u017a teraz!\",\"breadcrumb\":{\"@id\":\"https:\\\/\\\/novacode.pl\\\/de\\\/produkty\\\/spezialetiketten\\\/synthetische-anhaenger\\\/#breadcrumb\"},\"inLanguage\":\"de\",\"potentialAction\":[{\"@type\":\"ReadAction\",\"target\":[\"https:\\\/\\\/novacode.pl\\\/de\\\/produkty\\\/spezialetiketten\\\/synthetische-anhaenger\\\/\"]}]},{\"@type\":\"ImageObject\",\"inLanguage\":\"de\",\"@id\":\"https:\\\/\\\/novacode.pl\\\/de\\\/produkty\\\/spezialetiketten\\\/synthetische-anhaenger\\\/#primaryimage\",\"url\":\"https:\\\/\\\/novacode.pl\\\/wp-content\\\/uploads\\\/2022\\\/04\\\/przywieszka_biala3-1.jpg\",\"contentUrl\":\"https:\\\/\\\/novacode.pl\\\/wp-content\\\/uploads\\\/2022\\\/04\\\/przywieszka_biala3-1.jpg\",\"width\":1280,\"height\":1280,\"caption\":\"Przywieszka syntetyczna na rurach\"},{\"@type\":\"BreadcrumbList\",\"@id\":\"https:\\\/\\\/novacode.pl\\\/de\\\/produkty\\\/spezialetiketten\\\/synthetische-anhaenger\\\/#breadcrumb\",\"itemListElement\":[{\"@type\":\"ListItem\",\"position\":1,\"name\":\"Strona g\u0142\u00f3wna\",\"item\":\"https:\\\/\\\/novacode.pl\\\/de\\\/\"},{\"@type\":\"ListItem\",\"position\":2,\"name\":\"Produkte\",\"item\":\"https:\\\/\\\/novacode.pl\\\/de\\\/produkte\\\/\"},{\"@type\":\"ListItem\",\"position\":3,\"name\":\"Synthetische Anh\u00e4nger\"}]},{\"@type\":\"WebSite\",\"@id\":\"https:\\\/\\\/novacode.pl\\\/#website\",\"url\":\"https:\\\/\\\/novacode.pl\\\/\",\"name\":\"Drukarnia etykiet Novacode\",\"description\":\"Producent etykiet samoprzylepnych\",\"publisher\":{\"@id\":\"https:\\\/\\\/novacode.pl\\\/#organization\"},\"potentialAction\":[{\"@type\":\"SearchAction\",\"target\":{\"@type\":\"EntryPoint\",\"urlTemplate\":\"https:\\\/\\\/novacode.pl\\\/?s={search_term_string}\"},\"query-input\":{\"@type\":\"PropertyValueSpecification\",\"valueRequired\":true,\"valueName\":\"search_term_string\"}}],\"inLanguage\":\"de\"},{\"@type\":\"Organization\",\"@id\":\"https:\\\/\\\/novacode.pl\\\/#organization\",\"name\":\"Drukarnia etykiet Novacode\",\"url\":\"https:\\\/\\\/novacode.pl\\\/\",\"logo\":{\"@type\":\"ImageObject\",\"inLanguage\":\"de\",\"@id\":\"https:\\\/\\\/novacode.pl\\\/#\\\/schema\\\/logo\\\/image\\\/\",\"url\":\"https:\\\/\\\/novacode.pl\\\/wp-content\\\/uploads\\\/2022\\\/03\\\/cropped-favico.png\",\"contentUrl\":\"https:\\\/\\\/novacode.pl\\\/wp-content\\\/uploads\\\/2022\\\/03\\\/cropped-favico.png\",\"width\":512,\"height\":512,\"caption\":\"Drukarnia etykiet Novacode\"},\"image\":{\"@id\":\"https:\\\/\\\/novacode.pl\\\/#\\\/schema\\\/logo\\\/image\\\/\"},\"sameAs\":[\"https:\\\/\\\/www.facebook.com\\\/NovacodeOfficialPage\"]}]}<\/script>\n<!-- \/ Yoast SEO plugin. -->","yoast_head_json":{"title":"Synthetische Anh\u00e4nger | Novacode","description":"Przywieszki syntetyczne od producenta Novacode \u27a4 Trwa\u0142e przywieszki i p\u0119telki do oznaczania produkt\u00f3w tam gdzie nie mo\u017cna u\u017cy\u0107 etykiet samoprzylepnych | Sprawd\u017a teraz!","robots":{"index":"index","follow":"follow","max-snippet":"max-snippet:-1","max-image-preview":"max-image-preview:large","max-video-preview":"max-video-preview:-1"},"canonical":"https:\/\/novacode.pl\/de\/produkty\/spezialetiketten\/synthetische-anhaenger\/","og_locale":"de_DE","og_type":"article","og_title":"Synthetische Anh\u00e4nger | Novacode","og_description":"Przywieszki syntetyczne od producenta Novacode \u27a4 Trwa\u0142e przywieszki i p\u0119telki do oznaczania produkt\u00f3w tam gdzie nie mo\u017cna u\u017cy\u0107 etykiet samoprzylepnych | Sprawd\u017a teraz!","og_url":"https:\/\/novacode.pl\/de\/produkty\/spezialetiketten\/synthetische-anhaenger\/","og_site_name":"Drukarnia etykiet Novacode","article_publisher":"https:\/\/www.facebook.com\/NovacodeOfficialPage","article_modified_time":"2023-10-13T09:06:15+00:00","og_image":[{"width":1280,"height":1280,"url":"https:\/\/novacode.pl\/wp-content\/uploads\/2022\/04\/przywieszka_biala3-1.jpg","type":"image\/jpeg"}],"twitter_card":"summary_large_image","twitter_misc":{"Gesch\u00e4tzte Lesezeit":"1\u00a0Minute"},"schema":{"@context":"https:\/\/schema.org","@graph":[{"@type":"WebPage","@id":"https:\/\/novacode.pl\/de\/produkty\/spezialetiketten\/synthetische-anhaenger\/","url":"https:\/\/novacode.pl\/de\/produkty\/spezialetiketten\/synthetische-anhaenger\/","name":"Synthetische Anh\u00e4nger | Novacode","isPartOf":{"@id":"https:\/\/novacode.pl\/#website"},"primaryImageOfPage":{"@id":"https:\/\/novacode.pl\/de\/produkty\/spezialetiketten\/synthetische-anhaenger\/#primaryimage"},"image":{"@id":"https:\/\/novacode.pl\/de\/produkty\/spezialetiketten\/synthetische-anhaenger\/#primaryimage"},"thumbnailUrl":"https:\/\/novacode.pl\/wp-content\/uploads\/2022\/04\/przywieszka_biala3-1.jpg","datePublished":"2022-04-19T10:15:58+00:00","dateModified":"2023-10-13T09:06:15+00:00","description":"Przywieszki syntetyczne od producenta Novacode \u27a4 Trwa\u0142e przywieszki i p\u0119telki do oznaczania produkt\u00f3w tam gdzie nie mo\u017cna u\u017cy\u0107 etykiet samoprzylepnych | Sprawd\u017a teraz!","breadcrumb":{"@id":"https:\/\/novacode.pl\/de\/produkty\/spezialetiketten\/synthetische-anhaenger\/#breadcrumb"},"inLanguage":"de","potentialAction":[{"@type":"ReadAction","target":["https:\/\/novacode.pl\/de\/produkty\/spezialetiketten\/synthetische-anhaenger\/"]}]},{"@type":"ImageObject","inLanguage":"de","@id":"https:\/\/novacode.pl\/de\/produkty\/spezialetiketten\/synthetische-anhaenger\/#primaryimage","url":"https:\/\/novacode.pl\/wp-content\/uploads\/2022\/04\/przywieszka_biala3-1.jpg","contentUrl":"https:\/\/novacode.pl\/wp-content\/uploads\/2022\/04\/przywieszka_biala3-1.jpg","width":1280,"height":1280,"caption":"Przywieszka syntetyczna na rurach"},{"@type":"BreadcrumbList","@id":"https:\/\/novacode.pl\/de\/produkty\/spezialetiketten\/synthetische-anhaenger\/#breadcrumb","itemListElement":[{"@type":"ListItem","position":1,"name":"Strona g\u0142\u00f3wna","item":"https:\/\/novacode.pl\/de\/"},{"@type":"ListItem","position":2,"name":"Produkte","item":"https:\/\/novacode.pl\/de\/produkte\/"},{"@type":"ListItem","position":3,"name":"Synthetische Anh\u00e4nger"}]},{"@type":"WebSite","@id":"https:\/\/novacode.pl\/#website","url":"https:\/\/novacode.pl\/","name":"Drukarnia etykiet Novacode","description":"Producent etykiet samoprzylepnych","publisher":{"@id":"https:\/\/novacode.pl\/#organization"},"potentialAction":[{"@type":"SearchAction","target":{"@type":"EntryPoint","urlTemplate":"https:\/\/novacode.pl\/?s={search_term_string}"},"query-input":{"@type":"PropertyValueSpecification","valueRequired":true,"valueName":"search_term_string"}}],"inLanguage":"de"},{"@type":"Organization","@id":"https:\/\/novacode.pl\/#organization","name":"Drukarnia etykiet Novacode","url":"https:\/\/novacode.pl\/","logo":{"@type":"ImageObject","inLanguage":"de","@id":"https:\/\/novacode.pl\/#\/schema\/logo\/image\/","url":"https:\/\/novacode.pl\/wp-content\/uploads\/2022\/03\/cropped-favico.png","contentUrl":"https:\/\/novacode.pl\/wp-content\/uploads\/2022\/03\/cropped-favico.png","width":512,"height":512,"caption":"Drukarnia etykiet Novacode"},"image":{"@id":"https:\/\/novacode.pl\/#\/schema\/logo\/image\/"},"sameAs":["https:\/\/www.facebook.com\/NovacodeOfficialPage"]}]}},"_links":{"self":[{"href":"https:\/\/novacode.pl\/de\/wp-json\/wp\/v2\/product\/5347","targetHints":{"allow":["GET"]}}],"collection":[{"href":"https:\/\/novacode.pl\/de\/wp-json\/wp\/v2\/product"}],"about":[{"href":"https:\/\/novacode.pl\/de\/wp-json\/wp\/v2\/types\/product"}],"wp:featuredmedia":[{"embeddable":true,"href":"https:\/\/novacode.pl\/de\/wp-json\/wp\/v2\/media\/4710"}],"wp:attachment":[{"href":"https:\/\/novacode.pl\/de\/wp-json\/wp\/v2\/media?parent=5347"}],"wp:term":[{"taxonomy":"product_brand","embeddable":true,"href":"https:\/\/novacode.pl\/de\/wp-json\/wp\/v2\/product_brand?post=5347"},{"taxonomy":"product_cat","embeddable":true,"href":"https:\/\/novacode.pl\/de\/wp-json\/wp\/v2\/product_cat?post=5347"},{"taxonomy":"product_tag","embeddable":true,"href":"https:\/\/novacode.pl\/de\/wp-json\/wp\/v2\/product_tag?post=5347"}],"curies":[{"name":"wp","href":"https:\/\/api.w.org\/{rel}","templated":true}]}}