{"id":5343,"date":"2022-04-19T12:12:49","date_gmt":"2022-04-19T10:12:49","guid":{"rendered":"https:\/\/novacode.pl\/produkty\/unkategorisiert\/oznaczenie-przewodow\/"},"modified":"2023-10-06T14:37:03","modified_gmt":"2023-10-06T12:37:03","slug":"drahtmarkierung","status":"publish","type":"product","link":"https:\/\/novacode.pl\/de\/produkty\/spezialetiketten\/drahtmarkierung\/","title":{"rendered":"Drahtmarkierung"},"content":{"rendered":"<p>Kennzeichnung von Kabeln erfordert besondere Aufmerksamkeit und eine genaue Analyse des zu beklebenden Untergrunds. Um den geeigneten Rohstoff und Klebstoff f\u00fcr die Kennzeichnung von Kabeln auszuw\u00e4hlen, m\u00fcssen die St\u00e4rke des Kabels, die Anzahl der Kabel im Kabelbaum, ihre Verwendung, Art und Qualit\u00e4t des Kunststoffs ber\u00fccksichtigt werden. Etiketten f\u00fcr Kennzeichnung von Kabeln werden normalerweise aus rei\u00dffester und abriebfester Folie hergestellt. Sie sind best\u00e4ndig gegen Feuchtigkeit, niedrige und hohe Temperaturen, und Chemikalien, die zur Reinigung von elektrischen Ger\u00e4ten verwendet werden.<\/p>\n<p>Etiketten f\u00fcr Kennzeichnung von Kabeln k\u00f6nnen als Fahne oder als selbstlaminierende Etiketten hergestellt werden. Produktinformationen k\u00f6nnen mit einem speziellen f\u00e4rbenden Band auf Etikettendrucker gedruckt werden.<\/p>\n<p>Als Hersteller von farbigen, selbstklebenden Etiketten haben wir auch die M\u00f6glichkeit, Etiketten digital und mit Flexodruck zu fertigen.<\/p>\n","protected":false},"excerpt":{"rendered":"<p>Kennzeichnung von Kabeln erfordert besondere Aufmerksamkeit und eine genaue Analyse des zu beklebenden Untergrunds. Um den geeigneten Rohstoff und Klebstoff&#8230;<\/p>\n","protected":false},"featured_media":4452,"template":"","meta":{"_acf_changed":false,"inline_featured_image":false},"product_brand":[],"product_cat":[136],"product_tag":[],"class_list":{"0":"post-5343","1":"product","2":"type-product","3":"status-publish","4":"has-post-thumbnail","6":"product_cat-spezialetiketten","7":"industry-automobil","8":"industry-elektronik","9":"industry-industrieetiketten","10":"industry-unterhaltungselektronik-und-haushaltsgeraete","12":"first","13":"instock","14":"shipping-taxable","15":"product-type-simple"},"acf":[],"yoast_head":"<!-- This site is optimized with the Yoast SEO plugin v27.4 - https:\/\/yoast.com\/product\/yoast-seo-wordpress\/ -->\n<title>Etykiety na kable | Oznaczenie przewod\u00f3w - Drukarnia etykiet Novacode<\/title>\n<meta name=\"description\" content=\"Etykiety na kable od producenta Novacode \u27a4 Oferujemy etykiety samoprzylepne do oznaczania przewod\u00f3w i kabli - Sprawd\u017a teraz!\" \/>\n<meta name=\"robots\" content=\"index, follow, max-snippet:-1, max-image-preview:large, max-video-preview:-1\" \/>\n<link rel=\"canonical\" href=\"https:\/\/novacode.pl\/de\/produkty\/spezialetiketten\/drahtmarkierung\/\" \/>\n<meta property=\"og:locale\" content=\"de_DE\" \/>\n<meta property=\"og:type\" content=\"article\" \/>\n<meta property=\"og:title\" content=\"Etykiety na kable | Oznaczenie przewod\u00f3w - Drukarnia etykiet Novacode\" \/>\n<meta property=\"og:description\" content=\"Etykiety na kable od producenta Novacode \u27a4 Oferujemy etykiety samoprzylepne do oznaczania przewod\u00f3w i kabli - Sprawd\u017a teraz!\" \/>\n<meta property=\"og:url\" content=\"https:\/\/novacode.pl\/de\/produkty\/spezialetiketten\/drahtmarkierung\/\" \/>\n<meta property=\"og:site_name\" content=\"Drukarnia etykiet Novacode\" \/>\n<meta property=\"article:publisher\" content=\"https:\/\/www.facebook.com\/NovacodeOfficialPage\" \/>\n<meta property=\"article:modified_time\" content=\"2023-10-06T12:37:03+00:00\" \/>\n<meta property=\"og:image\" content=\"https:\/\/novacode.pl\/wp-content\/uploads\/2022\/04\/przewody.jpg\" \/>\n\t<meta property=\"og:image:width\" content=\"1280\" \/>\n\t<meta property=\"og:image:height\" content=\"1280\" \/>\n\t<meta property=\"og:image:type\" content=\"image\/jpeg\" \/>\n<meta name=\"twitter:card\" content=\"summary_large_image\" \/>\n<meta name=\"twitter:label1\" content=\"Gesch\u00e4tzte Lesezeit\" \/>\n\t<meta name=\"twitter:data1\" content=\"1\u00a0Minute\" \/>\n<script type=\"application\/ld+json\" class=\"yoast-schema-graph\">{\"@context\":\"https:\\\/\\\/schema.org\",\"@graph\":[{\"@type\":\"WebPage\",\"@id\":\"https:\\\/\\\/novacode.pl\\\/de\\\/produkty\\\/spezialetiketten\\\/drahtmarkierung\\\/\",\"url\":\"https:\\\/\\\/novacode.pl\\\/de\\\/produkty\\\/spezialetiketten\\\/drahtmarkierung\\\/\",\"name\":\"Etykiety na kable | Oznaczenie przewod\u00f3w - Drukarnia etykiet Novacode\",\"isPartOf\":{\"@id\":\"https:\\\/\\\/novacode.pl\\\/#website\"},\"primaryImageOfPage\":{\"@id\":\"https:\\\/\\\/novacode.pl\\\/de\\\/produkty\\\/spezialetiketten\\\/drahtmarkierung\\\/#primaryimage\"},\"image\":{\"@id\":\"https:\\\/\\\/novacode.pl\\\/de\\\/produkty\\\/spezialetiketten\\\/drahtmarkierung\\\/#primaryimage\"},\"thumbnailUrl\":\"https:\\\/\\\/novacode.pl\\\/wp-content\\\/uploads\\\/2022\\\/04\\\/przewody.jpg\",\"datePublished\":\"2022-04-19T10:12:49+00:00\",\"dateModified\":\"2023-10-06T12:37:03+00:00\",\"description\":\"Etykiety na kable od producenta Novacode \u27a4 Oferujemy etykiety samoprzylepne do oznaczania przewod\u00f3w i kabli - Sprawd\u017a teraz!\",\"breadcrumb\":{\"@id\":\"https:\\\/\\\/novacode.pl\\\/de\\\/produkty\\\/spezialetiketten\\\/drahtmarkierung\\\/#breadcrumb\"},\"inLanguage\":\"de\",\"potentialAction\":[{\"@type\":\"ReadAction\",\"target\":[\"https:\\\/\\\/novacode.pl\\\/de\\\/produkty\\\/spezialetiketten\\\/drahtmarkierung\\\/\"]}]},{\"@type\":\"ImageObject\",\"inLanguage\":\"de\",\"@id\":\"https:\\\/\\\/novacode.pl\\\/de\\\/produkty\\\/spezialetiketten\\\/drahtmarkierung\\\/#primaryimage\",\"url\":\"https:\\\/\\\/novacode.pl\\\/wp-content\\\/uploads\\\/2022\\\/04\\\/przewody.jpg\",\"contentUrl\":\"https:\\\/\\\/novacode.pl\\\/wp-content\\\/uploads\\\/2022\\\/04\\\/przewody.jpg\",\"width\":1280,\"height\":1280,\"caption\":\"Etykiety na kable i przewody - oznaczenia 2\"},{\"@type\":\"BreadcrumbList\",\"@id\":\"https:\\\/\\\/novacode.pl\\\/de\\\/produkty\\\/spezialetiketten\\\/drahtmarkierung\\\/#breadcrumb\",\"itemListElement\":[{\"@type\":\"ListItem\",\"position\":1,\"name\":\"Strona g\u0142\u00f3wna\",\"item\":\"https:\\\/\\\/novacode.pl\\\/de\\\/\"},{\"@type\":\"ListItem\",\"position\":2,\"name\":\"Produkte\",\"item\":\"https:\\\/\\\/novacode.pl\\\/de\\\/produkte\\\/\"},{\"@type\":\"ListItem\",\"position\":3,\"name\":\"Drahtmarkierung\"}]},{\"@type\":\"WebSite\",\"@id\":\"https:\\\/\\\/novacode.pl\\\/#website\",\"url\":\"https:\\\/\\\/novacode.pl\\\/\",\"name\":\"Drukarnia etykiet Novacode\",\"description\":\"Producent etykiet samoprzylepnych\",\"publisher\":{\"@id\":\"https:\\\/\\\/novacode.pl\\\/#organization\"},\"potentialAction\":[{\"@type\":\"SearchAction\",\"target\":{\"@type\":\"EntryPoint\",\"urlTemplate\":\"https:\\\/\\\/novacode.pl\\\/?s={search_term_string}\"},\"query-input\":{\"@type\":\"PropertyValueSpecification\",\"valueRequired\":true,\"valueName\":\"search_term_string\"}}],\"inLanguage\":\"de\"},{\"@type\":\"Organization\",\"@id\":\"https:\\\/\\\/novacode.pl\\\/#organization\",\"name\":\"Drukarnia etykiet Novacode\",\"url\":\"https:\\\/\\\/novacode.pl\\\/\",\"logo\":{\"@type\":\"ImageObject\",\"inLanguage\":\"de\",\"@id\":\"https:\\\/\\\/novacode.pl\\\/#\\\/schema\\\/logo\\\/image\\\/\",\"url\":\"https:\\\/\\\/novacode.pl\\\/wp-content\\\/uploads\\\/2022\\\/03\\\/cropped-favico.png\",\"contentUrl\":\"https:\\\/\\\/novacode.pl\\\/wp-content\\\/uploads\\\/2022\\\/03\\\/cropped-favico.png\",\"width\":512,\"height\":512,\"caption\":\"Drukarnia etykiet Novacode\"},\"image\":{\"@id\":\"https:\\\/\\\/novacode.pl\\\/#\\\/schema\\\/logo\\\/image\\\/\"},\"sameAs\":[\"https:\\\/\\\/www.facebook.com\\\/NovacodeOfficialPage\"]}]}<\/script>\n<!-- \/ Yoast SEO plugin. -->","yoast_head_json":{"title":"Etykiety na kable | Oznaczenie przewod\u00f3w - Drukarnia etykiet Novacode","description":"Etykiety na kable od producenta Novacode \u27a4 Oferujemy etykiety samoprzylepne do oznaczania przewod\u00f3w i kabli - Sprawd\u017a teraz!","robots":{"index":"index","follow":"follow","max-snippet":"max-snippet:-1","max-image-preview":"max-image-preview:large","max-video-preview":"max-video-preview:-1"},"canonical":"https:\/\/novacode.pl\/de\/produkty\/spezialetiketten\/drahtmarkierung\/","og_locale":"de_DE","og_type":"article","og_title":"Etykiety na kable | Oznaczenie przewod\u00f3w - Drukarnia etykiet Novacode","og_description":"Etykiety na kable od producenta Novacode \u27a4 Oferujemy etykiety samoprzylepne do oznaczania przewod\u00f3w i kabli - Sprawd\u017a teraz!","og_url":"https:\/\/novacode.pl\/de\/produkty\/spezialetiketten\/drahtmarkierung\/","og_site_name":"Drukarnia etykiet Novacode","article_publisher":"https:\/\/www.facebook.com\/NovacodeOfficialPage","article_modified_time":"2023-10-06T12:37:03+00:00","og_image":[{"width":1280,"height":1280,"url":"https:\/\/novacode.pl\/wp-content\/uploads\/2022\/04\/przewody.jpg","type":"image\/jpeg"}],"twitter_card":"summary_large_image","twitter_misc":{"Gesch\u00e4tzte Lesezeit":"1\u00a0Minute"},"schema":{"@context":"https:\/\/schema.org","@graph":[{"@type":"WebPage","@id":"https:\/\/novacode.pl\/de\/produkty\/spezialetiketten\/drahtmarkierung\/","url":"https:\/\/novacode.pl\/de\/produkty\/spezialetiketten\/drahtmarkierung\/","name":"Etykiety na kable | Oznaczenie przewod\u00f3w - Drukarnia etykiet Novacode","isPartOf":{"@id":"https:\/\/novacode.pl\/#website"},"primaryImageOfPage":{"@id":"https:\/\/novacode.pl\/de\/produkty\/spezialetiketten\/drahtmarkierung\/#primaryimage"},"image":{"@id":"https:\/\/novacode.pl\/de\/produkty\/spezialetiketten\/drahtmarkierung\/#primaryimage"},"thumbnailUrl":"https:\/\/novacode.pl\/wp-content\/uploads\/2022\/04\/przewody.jpg","datePublished":"2022-04-19T10:12:49+00:00","dateModified":"2023-10-06T12:37:03+00:00","description":"Etykiety na kable od producenta Novacode \u27a4 Oferujemy etykiety samoprzylepne do oznaczania przewod\u00f3w i kabli - Sprawd\u017a teraz!","breadcrumb":{"@id":"https:\/\/novacode.pl\/de\/produkty\/spezialetiketten\/drahtmarkierung\/#breadcrumb"},"inLanguage":"de","potentialAction":[{"@type":"ReadAction","target":["https:\/\/novacode.pl\/de\/produkty\/spezialetiketten\/drahtmarkierung\/"]}]},{"@type":"ImageObject","inLanguage":"de","@id":"https:\/\/novacode.pl\/de\/produkty\/spezialetiketten\/drahtmarkierung\/#primaryimage","url":"https:\/\/novacode.pl\/wp-content\/uploads\/2022\/04\/przewody.jpg","contentUrl":"https:\/\/novacode.pl\/wp-content\/uploads\/2022\/04\/przewody.jpg","width":1280,"height":1280,"caption":"Etykiety na kable i przewody - oznaczenia 2"},{"@type":"BreadcrumbList","@id":"https:\/\/novacode.pl\/de\/produkty\/spezialetiketten\/drahtmarkierung\/#breadcrumb","itemListElement":[{"@type":"ListItem","position":1,"name":"Strona g\u0142\u00f3wna","item":"https:\/\/novacode.pl\/de\/"},{"@type":"ListItem","position":2,"name":"Produkte","item":"https:\/\/novacode.pl\/de\/produkte\/"},{"@type":"ListItem","position":3,"name":"Drahtmarkierung"}]},{"@type":"WebSite","@id":"https:\/\/novacode.pl\/#website","url":"https:\/\/novacode.pl\/","name":"Drukarnia etykiet Novacode","description":"Producent etykiet samoprzylepnych","publisher":{"@id":"https:\/\/novacode.pl\/#organization"},"potentialAction":[{"@type":"SearchAction","target":{"@type":"EntryPoint","urlTemplate":"https:\/\/novacode.pl\/?s={search_term_string}"},"query-input":{"@type":"PropertyValueSpecification","valueRequired":true,"valueName":"search_term_string"}}],"inLanguage":"de"},{"@type":"Organization","@id":"https:\/\/novacode.pl\/#organization","name":"Drukarnia etykiet Novacode","url":"https:\/\/novacode.pl\/","logo":{"@type":"ImageObject","inLanguage":"de","@id":"https:\/\/novacode.pl\/#\/schema\/logo\/image\/","url":"https:\/\/novacode.pl\/wp-content\/uploads\/2022\/03\/cropped-favico.png","contentUrl":"https:\/\/novacode.pl\/wp-content\/uploads\/2022\/03\/cropped-favico.png","width":512,"height":512,"caption":"Drukarnia etykiet Novacode"},"image":{"@id":"https:\/\/novacode.pl\/#\/schema\/logo\/image\/"},"sameAs":["https:\/\/www.facebook.com\/NovacodeOfficialPage"]}]}},"_links":{"self":[{"href":"https:\/\/novacode.pl\/de\/wp-json\/wp\/v2\/product\/5343","targetHints":{"allow":["GET"]}}],"collection":[{"href":"https:\/\/novacode.pl\/de\/wp-json\/wp\/v2\/product"}],"about":[{"href":"https:\/\/novacode.pl\/de\/wp-json\/wp\/v2\/types\/product"}],"wp:featuredmedia":[{"embeddable":true,"href":"https:\/\/novacode.pl\/de\/wp-json\/wp\/v2\/media\/4452"}],"wp:attachment":[{"href":"https:\/\/novacode.pl\/de\/wp-json\/wp\/v2\/media?parent=5343"}],"wp:term":[{"taxonomy":"product_brand","embeddable":true,"href":"https:\/\/novacode.pl\/de\/wp-json\/wp\/v2\/product_brand?post=5343"},{"taxonomy":"product_cat","embeddable":true,"href":"https:\/\/novacode.pl\/de\/wp-json\/wp\/v2\/product_cat?post=5343"},{"taxonomy":"product_tag","embeddable":true,"href":"https:\/\/novacode.pl\/de\/wp-json\/wp\/v2\/product_tag?post=5343"}],"curies":[{"name":"wp","href":"https:\/\/api.w.org\/{rel}","templated":true}]}}