{"id":5341,"date":"2022-04-19T10:58:05","date_gmt":"2022-04-19T08:58:05","guid":{"rendered":"https:\/\/novacode.pl\/produkty\/unkategorisiert\/oznaczenie-prefabrykatow-betonowych\/"},"modified":"2023-10-06T14:46:42","modified_gmt":"2023-10-06T12:46:42","slug":"kennzeichnung-von-betonfertigteilen","status":"publish","type":"product","link":"https:\/\/novacode.pl\/de\/produkty\/spezialetiketten\/kennzeichnung-von-betonfertigteilen\/","title":{"rendered":"Kennzeichnung von Betonfertigteilen"},"content":{"rendered":"<p align=\"JUSTIFY\">F\u00fcr die Kennzeichnung von Betonfertigteilen werden Rohstoffe mit sehr guter Haftung auf harten, rauen Oberfl\u00e4chen ben\u00f6tigt. Dar\u00fcber hinaus m\u00fcssen Etiketten f\u00fcr Beton sehr hohe Best\u00e4ndigkeit gegen\u00fcber wechselnden Witterungsbedingungen aufweisen. Bei der Auswahl des Rohstoffs und Klebstoffs m\u00fcssen detaillierte Tests durchgef\u00fchrt werden. In unserem Labor haben wir die M\u00f6glichkeit, einige Verschlei\u00df-Tests durchzuf\u00fchren. Dar\u00fcber hinaus k\u00f6nnen wir die Qualit\u00e4t und Best\u00e4ndigkeit des Drucks gegen UV-Strahlung, sowie seine Abriebfestigkeit \u00fcberpr\u00fcfen.<\/p>\n<p align=\"JUSTIFY\">Etiketten f\u00fcr Beton werden am h\u00e4ufigsten auf TTR-Druckern mit speziellen, robusten B\u00e4ndern gedruckt. Bei Novacode unterst\u00fctzen wir Kunden bei der Auswahl geeigneter Drucker, B\u00e4nder, Scanner und Software zum Entwerfen und Drucken von Etiketten f\u00fcr Beton.<\/p>\n","protected":false},"excerpt":{"rendered":"<p>F\u00fcr die Kennzeichnung von Betonfertigteilen werden Rohstoffe mit sehr guter Haftung auf harten, rauen Oberfl\u00e4chen ben\u00f6tigt. Dar\u00fcber hinaus m\u00fcssen Etiketten&#8230;<\/p>\n","protected":false},"featured_media":4210,"template":"","meta":{"_acf_changed":false,"inline_featured_image":false},"product_brand":[],"product_cat":[136],"product_tag":[],"class_list":{"0":"post-5341","1":"product","2":"type-product","3":"status-publish","4":"has-post-thumbnail","6":"product_cat-spezialetiketten","7":"industry-bauindustrie","8":"industry-industrieetiketten","9":"industry-logistik","11":"first","12":"instock","13":"shipping-taxable","14":"product-type-simple"},"acf":[],"yoast_head":"<!-- This site is optimized with the Yoast SEO plugin v27.4 - https:\/\/yoast.com\/product\/yoast-seo-wordpress\/ -->\n<title>Kennzeichnung von Betonfertigteilen | Novacode<\/title>\n<meta name=\"description\" content=\"Do oznaczenia prefabrykat\u00f3w betonowych stosuje si\u0119 etykiety wykonane z folii z ekstremalnie mocnym klejem, zdolnym do utrzymania si\u0119 na tak trudnej powierzchni jak beton.\" \/>\n<meta name=\"robots\" content=\"index, follow, max-snippet:-1, max-image-preview:large, max-video-preview:-1\" \/>\n<link rel=\"canonical\" href=\"https:\/\/novacode.pl\/de\/produkty\/spezialetiketten\/kennzeichnung-von-betonfertigteilen\/\" \/>\n<meta property=\"og:locale\" content=\"de_DE\" \/>\n<meta property=\"og:type\" content=\"article\" \/>\n<meta property=\"og:title\" content=\"Kennzeichnung von Betonfertigteilen | Novacode\" \/>\n<meta property=\"og:description\" content=\"Do oznaczenia prefabrykat\u00f3w betonowych stosuje si\u0119 etykiety wykonane z folii z ekstremalnie mocnym klejem, zdolnym do utrzymania si\u0119 na tak trudnej powierzchni jak beton.\" \/>\n<meta property=\"og:url\" content=\"https:\/\/novacode.pl\/de\/produkty\/spezialetiketten\/kennzeichnung-von-betonfertigteilen\/\" \/>\n<meta property=\"og:site_name\" content=\"Drukarnia etykiet Novacode\" \/>\n<meta property=\"article:publisher\" content=\"https:\/\/www.facebook.com\/NovacodeOfficialPage\" \/>\n<meta property=\"article:modified_time\" content=\"2023-10-06T12:46:42+00:00\" \/>\n<meta property=\"og:image\" content=\"https:\/\/novacode.pl\/wp-content\/uploads\/2022\/04\/etykiety-na-trudne-i-chropowate-powierzchnie2.jpg\" \/>\n\t<meta property=\"og:image:width\" content=\"684\" \/>\n\t<meta property=\"og:image:height\" content=\"680\" \/>\n\t<meta property=\"og:image:type\" content=\"image\/jpeg\" \/>\n<meta name=\"twitter:card\" content=\"summary_large_image\" \/>\n<meta name=\"twitter:label1\" content=\"Gesch\u00e4tzte Lesezeit\" \/>\n\t<meta name=\"twitter:data1\" content=\"1\u00a0Minute\" \/>\n<script type=\"application\/ld+json\" class=\"yoast-schema-graph\">{\"@context\":\"https:\\\/\\\/schema.org\",\"@graph\":[{\"@type\":\"WebPage\",\"@id\":\"https:\\\/\\\/novacode.pl\\\/de\\\/produkty\\\/spezialetiketten\\\/kennzeichnung-von-betonfertigteilen\\\/\",\"url\":\"https:\\\/\\\/novacode.pl\\\/de\\\/produkty\\\/spezialetiketten\\\/kennzeichnung-von-betonfertigteilen\\\/\",\"name\":\"Kennzeichnung von Betonfertigteilen | Novacode\",\"isPartOf\":{\"@id\":\"https:\\\/\\\/novacode.pl\\\/#website\"},\"primaryImageOfPage\":{\"@id\":\"https:\\\/\\\/novacode.pl\\\/de\\\/produkty\\\/spezialetiketten\\\/kennzeichnung-von-betonfertigteilen\\\/#primaryimage\"},\"image\":{\"@id\":\"https:\\\/\\\/novacode.pl\\\/de\\\/produkty\\\/spezialetiketten\\\/kennzeichnung-von-betonfertigteilen\\\/#primaryimage\"},\"thumbnailUrl\":\"https:\\\/\\\/novacode.pl\\\/wp-content\\\/uploads\\\/2022\\\/04\\\/etykiety-na-trudne-i-chropowate-powierzchnie2.jpg\",\"datePublished\":\"2022-04-19T08:58:05+00:00\",\"dateModified\":\"2023-10-06T12:46:42+00:00\",\"description\":\"Do oznaczenia prefabrykat\u00f3w betonowych stosuje si\u0119 etykiety wykonane z folii z ekstremalnie mocnym klejem, zdolnym do utrzymania si\u0119 na tak trudnej powierzchni jak beton.\",\"breadcrumb\":{\"@id\":\"https:\\\/\\\/novacode.pl\\\/de\\\/produkty\\\/spezialetiketten\\\/kennzeichnung-von-betonfertigteilen\\\/#breadcrumb\"},\"inLanguage\":\"de\",\"potentialAction\":[{\"@type\":\"ReadAction\",\"target\":[\"https:\\\/\\\/novacode.pl\\\/de\\\/produkty\\\/spezialetiketten\\\/kennzeichnung-von-betonfertigteilen\\\/\"]}]},{\"@type\":\"ImageObject\",\"inLanguage\":\"de\",\"@id\":\"https:\\\/\\\/novacode.pl\\\/de\\\/produkty\\\/spezialetiketten\\\/kennzeichnung-von-betonfertigteilen\\\/#primaryimage\",\"url\":\"https:\\\/\\\/novacode.pl\\\/wp-content\\\/uploads\\\/2022\\\/04\\\/etykiety-na-trudne-i-chropowate-powierzchnie2.jpg\",\"contentUrl\":\"https:\\\/\\\/novacode.pl\\\/wp-content\\\/uploads\\\/2022\\\/04\\\/etykiety-na-trudne-i-chropowate-powierzchnie2.jpg\",\"width\":684,\"height\":680,\"caption\":\"etykiety na trudne i chropowate powierzchnie\"},{\"@type\":\"BreadcrumbList\",\"@id\":\"https:\\\/\\\/novacode.pl\\\/de\\\/produkty\\\/spezialetiketten\\\/kennzeichnung-von-betonfertigteilen\\\/#breadcrumb\",\"itemListElement\":[{\"@type\":\"ListItem\",\"position\":1,\"name\":\"Strona g\u0142\u00f3wna\",\"item\":\"https:\\\/\\\/novacode.pl\\\/de\\\/\"},{\"@type\":\"ListItem\",\"position\":2,\"name\":\"Produkte\",\"item\":\"https:\\\/\\\/novacode.pl\\\/de\\\/produkte\\\/\"},{\"@type\":\"ListItem\",\"position\":3,\"name\":\"Kennzeichnung von Betonfertigteilen\"}]},{\"@type\":\"WebSite\",\"@id\":\"https:\\\/\\\/novacode.pl\\\/#website\",\"url\":\"https:\\\/\\\/novacode.pl\\\/\",\"name\":\"Drukarnia etykiet Novacode\",\"description\":\"Producent etykiet samoprzylepnych\",\"publisher\":{\"@id\":\"https:\\\/\\\/novacode.pl\\\/#organization\"},\"potentialAction\":[{\"@type\":\"SearchAction\",\"target\":{\"@type\":\"EntryPoint\",\"urlTemplate\":\"https:\\\/\\\/novacode.pl\\\/?s={search_term_string}\"},\"query-input\":{\"@type\":\"PropertyValueSpecification\",\"valueRequired\":true,\"valueName\":\"search_term_string\"}}],\"inLanguage\":\"de\"},{\"@type\":\"Organization\",\"@id\":\"https:\\\/\\\/novacode.pl\\\/#organization\",\"name\":\"Drukarnia etykiet Novacode\",\"url\":\"https:\\\/\\\/novacode.pl\\\/\",\"logo\":{\"@type\":\"ImageObject\",\"inLanguage\":\"de\",\"@id\":\"https:\\\/\\\/novacode.pl\\\/#\\\/schema\\\/logo\\\/image\\\/\",\"url\":\"https:\\\/\\\/novacode.pl\\\/wp-content\\\/uploads\\\/2022\\\/03\\\/cropped-favico.png\",\"contentUrl\":\"https:\\\/\\\/novacode.pl\\\/wp-content\\\/uploads\\\/2022\\\/03\\\/cropped-favico.png\",\"width\":512,\"height\":512,\"caption\":\"Drukarnia etykiet Novacode\"},\"image\":{\"@id\":\"https:\\\/\\\/novacode.pl\\\/#\\\/schema\\\/logo\\\/image\\\/\"},\"sameAs\":[\"https:\\\/\\\/www.facebook.com\\\/NovacodeOfficialPage\"]}]}<\/script>\n<!-- \/ Yoast SEO plugin. -->","yoast_head_json":{"title":"Kennzeichnung von Betonfertigteilen | Novacode","description":"Do oznaczenia prefabrykat\u00f3w betonowych stosuje si\u0119 etykiety wykonane z folii z ekstremalnie mocnym klejem, zdolnym do utrzymania si\u0119 na tak trudnej powierzchni jak beton.","robots":{"index":"index","follow":"follow","max-snippet":"max-snippet:-1","max-image-preview":"max-image-preview:large","max-video-preview":"max-video-preview:-1"},"canonical":"https:\/\/novacode.pl\/de\/produkty\/spezialetiketten\/kennzeichnung-von-betonfertigteilen\/","og_locale":"de_DE","og_type":"article","og_title":"Kennzeichnung von Betonfertigteilen | Novacode","og_description":"Do oznaczenia prefabrykat\u00f3w betonowych stosuje si\u0119 etykiety wykonane z folii z ekstremalnie mocnym klejem, zdolnym do utrzymania si\u0119 na tak trudnej powierzchni jak beton.","og_url":"https:\/\/novacode.pl\/de\/produkty\/spezialetiketten\/kennzeichnung-von-betonfertigteilen\/","og_site_name":"Drukarnia etykiet Novacode","article_publisher":"https:\/\/www.facebook.com\/NovacodeOfficialPage","article_modified_time":"2023-10-06T12:46:42+00:00","og_image":[{"width":684,"height":680,"url":"https:\/\/novacode.pl\/wp-content\/uploads\/2022\/04\/etykiety-na-trudne-i-chropowate-powierzchnie2.jpg","type":"image\/jpeg"}],"twitter_card":"summary_large_image","twitter_misc":{"Gesch\u00e4tzte Lesezeit":"1\u00a0Minute"},"schema":{"@context":"https:\/\/schema.org","@graph":[{"@type":"WebPage","@id":"https:\/\/novacode.pl\/de\/produkty\/spezialetiketten\/kennzeichnung-von-betonfertigteilen\/","url":"https:\/\/novacode.pl\/de\/produkty\/spezialetiketten\/kennzeichnung-von-betonfertigteilen\/","name":"Kennzeichnung von Betonfertigteilen | Novacode","isPartOf":{"@id":"https:\/\/novacode.pl\/#website"},"primaryImageOfPage":{"@id":"https:\/\/novacode.pl\/de\/produkty\/spezialetiketten\/kennzeichnung-von-betonfertigteilen\/#primaryimage"},"image":{"@id":"https:\/\/novacode.pl\/de\/produkty\/spezialetiketten\/kennzeichnung-von-betonfertigteilen\/#primaryimage"},"thumbnailUrl":"https:\/\/novacode.pl\/wp-content\/uploads\/2022\/04\/etykiety-na-trudne-i-chropowate-powierzchnie2.jpg","datePublished":"2022-04-19T08:58:05+00:00","dateModified":"2023-10-06T12:46:42+00:00","description":"Do oznaczenia prefabrykat\u00f3w betonowych stosuje si\u0119 etykiety wykonane z folii z ekstremalnie mocnym klejem, zdolnym do utrzymania si\u0119 na tak trudnej powierzchni jak beton.","breadcrumb":{"@id":"https:\/\/novacode.pl\/de\/produkty\/spezialetiketten\/kennzeichnung-von-betonfertigteilen\/#breadcrumb"},"inLanguage":"de","potentialAction":[{"@type":"ReadAction","target":["https:\/\/novacode.pl\/de\/produkty\/spezialetiketten\/kennzeichnung-von-betonfertigteilen\/"]}]},{"@type":"ImageObject","inLanguage":"de","@id":"https:\/\/novacode.pl\/de\/produkty\/spezialetiketten\/kennzeichnung-von-betonfertigteilen\/#primaryimage","url":"https:\/\/novacode.pl\/wp-content\/uploads\/2022\/04\/etykiety-na-trudne-i-chropowate-powierzchnie2.jpg","contentUrl":"https:\/\/novacode.pl\/wp-content\/uploads\/2022\/04\/etykiety-na-trudne-i-chropowate-powierzchnie2.jpg","width":684,"height":680,"caption":"etykiety na trudne i chropowate powierzchnie"},{"@type":"BreadcrumbList","@id":"https:\/\/novacode.pl\/de\/produkty\/spezialetiketten\/kennzeichnung-von-betonfertigteilen\/#breadcrumb","itemListElement":[{"@type":"ListItem","position":1,"name":"Strona g\u0142\u00f3wna","item":"https:\/\/novacode.pl\/de\/"},{"@type":"ListItem","position":2,"name":"Produkte","item":"https:\/\/novacode.pl\/de\/produkte\/"},{"@type":"ListItem","position":3,"name":"Kennzeichnung von Betonfertigteilen"}]},{"@type":"WebSite","@id":"https:\/\/novacode.pl\/#website","url":"https:\/\/novacode.pl\/","name":"Drukarnia etykiet Novacode","description":"Producent etykiet samoprzylepnych","publisher":{"@id":"https:\/\/novacode.pl\/#organization"},"potentialAction":[{"@type":"SearchAction","target":{"@type":"EntryPoint","urlTemplate":"https:\/\/novacode.pl\/?s={search_term_string}"},"query-input":{"@type":"PropertyValueSpecification","valueRequired":true,"valueName":"search_term_string"}}],"inLanguage":"de"},{"@type":"Organization","@id":"https:\/\/novacode.pl\/#organization","name":"Drukarnia etykiet Novacode","url":"https:\/\/novacode.pl\/","logo":{"@type":"ImageObject","inLanguage":"de","@id":"https:\/\/novacode.pl\/#\/schema\/logo\/image\/","url":"https:\/\/novacode.pl\/wp-content\/uploads\/2022\/03\/cropped-favico.png","contentUrl":"https:\/\/novacode.pl\/wp-content\/uploads\/2022\/03\/cropped-favico.png","width":512,"height":512,"caption":"Drukarnia etykiet Novacode"},"image":{"@id":"https:\/\/novacode.pl\/#\/schema\/logo\/image\/"},"sameAs":["https:\/\/www.facebook.com\/NovacodeOfficialPage"]}]}},"_links":{"self":[{"href":"https:\/\/novacode.pl\/de\/wp-json\/wp\/v2\/product\/5341","targetHints":{"allow":["GET"]}}],"collection":[{"href":"https:\/\/novacode.pl\/de\/wp-json\/wp\/v2\/product"}],"about":[{"href":"https:\/\/novacode.pl\/de\/wp-json\/wp\/v2\/types\/product"}],"wp:featuredmedia":[{"embeddable":true,"href":"https:\/\/novacode.pl\/de\/wp-json\/wp\/v2\/media\/4210"}],"wp:attachment":[{"href":"https:\/\/novacode.pl\/de\/wp-json\/wp\/v2\/media?parent=5341"}],"wp:term":[{"taxonomy":"product_brand","embeddable":true,"href":"https:\/\/novacode.pl\/de\/wp-json\/wp\/v2\/product_brand?post=5341"},{"taxonomy":"product_cat","embeddable":true,"href":"https:\/\/novacode.pl\/de\/wp-json\/wp\/v2\/product_cat?post=5341"},{"taxonomy":"product_tag","embeddable":true,"href":"https:\/\/novacode.pl\/de\/wp-json\/wp\/v2\/product_tag?post=5341"}],"curies":[{"name":"wp","href":"https:\/\/api.w.org\/{rel}","templated":true}]}}