{"id":5335,"date":"2022-04-19T12:07:44","date_gmt":"2022-04-19T10:07:44","guid":{"rendered":"https:\/\/novacode.pl\/produkty\/unkategorisiert\/etykiety-wysokotemperaturowe\/"},"modified":"2023-10-13T11:04:10","modified_gmt":"2023-10-13T09:04:10","slug":"etiketten-fuer-hohe-temperaturen","status":"publish","type":"product","link":"https:\/\/novacode.pl\/de\/produkty\/spezialetiketten\/etiketten-fuer-hohe-temperaturen\/","title":{"rendered":"Etiketten f\u00fcr hohe Temperaturen"},"content":{"rendered":"<p>Hochtemperatur-Etiketten werden \u00fcberall dort verwendet, wo das Produkt w\u00e4hrend der Anwendung, Herstellung oder Verwendung hohen Temperaturen ausgesetzt ist. Hochtemperatur-Etiketten k\u00f6nnen als Etiketten ohne Kleber oder als selbstklebende Etiketten hergestellt werden. Bei der Auswahl des Rohstoffs soll man ber\u00fccksichtigen, unter welchen Bedingungen das Etikett genutzt wird, ob eine allm\u00e4hliche Erw\u00e4rmung oder eine \u201eHitzewelle\u201c auftritt, und wie lange das Etikett hohen Temperaturen ausgesetzt wird.<\/p>\n<p>Zum Drucken von Hochtemperatur-Etiketten muss ein spezielles Thermotransferband verwendet werden.<\/p>\n<p>Als Druckerei von selbstklebenden Etiketten haben wir die M\u00f6glichkeit, Hochtemperatur-Etiketten und Aufh\u00e4nger mit Siebdruck und Digitaldruck zu fertigen. Wir haben auch die M\u00f6glichkeit, die Stabilit\u00e4t der gedruckten Etiketten in einem speziellen Ofen in unserem Labor zu \u00fcberpr\u00fcfen.<\/p>\n","protected":false},"excerpt":{"rendered":"<p>Hochtemperatur-Etiketten werden \u00fcberall dort verwendet, wo das Produkt w\u00e4hrend der Anwendung, Herstellung oder Verwendung hohen Temperaturen ausgesetzt ist. Hochtemperatur-Etiketten k\u00f6nnen&#8230;<\/p>\n","protected":false},"featured_media":4211,"template":"","meta":{"_acf_changed":false,"inline_featured_image":false},"product_brand":[],"product_cat":[136],"product_tag":[],"class_list":{"0":"post-5335","1":"product","2":"type-product","3":"status-publish","4":"has-post-thumbnail","6":"product_cat-spezialetiketten","7":"industry-automobil","8":"industry-bauindustrie","9":"industry-elektronik","10":"industry-industrieetiketten","11":"industry-kerzen-und-dekorationsartikel","12":"industry-metallurgie","14":"first","15":"instock","16":"shipping-taxable","17":"product-type-simple"},"acf":[],"yoast_head":"<!-- This site is optimized with the Yoast SEO plugin v27.4 - https:\/\/yoast.com\/product\/yoast-seo-wordpress\/ -->\n<title>Etiketten f\u00fcr hohe Temperaturen - Drukarnia etykiet Novacode<\/title>\n<meta name=\"description\" content=\"Etykiety wysokotemperaturowe od producenta Novacode \u27a4 Etykiety specjalne wytrzyma\u0142e na dzia\u0142anie wysokich temperatur podczas aplikacji lub u\u017cytkowania | Sprawd\u017a!\" \/>\n<meta name=\"robots\" content=\"index, follow, max-snippet:-1, max-image-preview:large, max-video-preview:-1\" \/>\n<link rel=\"canonical\" href=\"https:\/\/novacode.pl\/de\/produkty\/spezialetiketten\/etiketten-fuer-hohe-temperaturen\/\" \/>\n<meta property=\"og:locale\" content=\"de_DE\" \/>\n<meta property=\"og:type\" content=\"article\" \/>\n<meta property=\"og:title\" content=\"Etiketten f\u00fcr hohe Temperaturen - Drukarnia etykiet Novacode\" \/>\n<meta property=\"og:description\" content=\"Etykiety wysokotemperaturowe od producenta Novacode \u27a4 Etykiety specjalne wytrzyma\u0142e na dzia\u0142anie wysokich temperatur podczas aplikacji lub u\u017cytkowania | Sprawd\u017a!\" \/>\n<meta property=\"og:url\" content=\"https:\/\/novacode.pl\/de\/produkty\/spezialetiketten\/etiketten-fuer-hohe-temperaturen\/\" \/>\n<meta property=\"og:site_name\" content=\"Drukarnia etykiet Novacode\" \/>\n<meta property=\"article:publisher\" content=\"https:\/\/www.facebook.com\/NovacodeOfficialPage\" \/>\n<meta property=\"article:modified_time\" content=\"2023-10-13T09:04:10+00:00\" \/>\n<meta property=\"og:image\" content=\"https:\/\/novacode.pl\/wp-content\/uploads\/2022\/04\/etykiety-wysokotemperaturowe.jpg\" \/>\n\t<meta property=\"og:image:width\" content=\"684\" \/>\n\t<meta property=\"og:image:height\" content=\"680\" \/>\n\t<meta property=\"og:image:type\" content=\"image\/jpeg\" \/>\n<meta name=\"twitter:card\" content=\"summary_large_image\" \/>\n<meta name=\"twitter:label1\" content=\"Gesch\u00e4tzte Lesezeit\" \/>\n\t<meta name=\"twitter:data1\" content=\"1\u00a0Minute\" \/>\n<script type=\"application\/ld+json\" class=\"yoast-schema-graph\">{\"@context\":\"https:\\\/\\\/schema.org\",\"@graph\":[{\"@type\":\"WebPage\",\"@id\":\"https:\\\/\\\/novacode.pl\\\/de\\\/produkty\\\/spezialetiketten\\\/etiketten-fuer-hohe-temperaturen\\\/\",\"url\":\"https:\\\/\\\/novacode.pl\\\/de\\\/produkty\\\/spezialetiketten\\\/etiketten-fuer-hohe-temperaturen\\\/\",\"name\":\"Etiketten f\u00fcr hohe Temperaturen - Drukarnia etykiet Novacode\",\"isPartOf\":{\"@id\":\"https:\\\/\\\/novacode.pl\\\/#website\"},\"primaryImageOfPage\":{\"@id\":\"https:\\\/\\\/novacode.pl\\\/de\\\/produkty\\\/spezialetiketten\\\/etiketten-fuer-hohe-temperaturen\\\/#primaryimage\"},\"image\":{\"@id\":\"https:\\\/\\\/novacode.pl\\\/de\\\/produkty\\\/spezialetiketten\\\/etiketten-fuer-hohe-temperaturen\\\/#primaryimage\"},\"thumbnailUrl\":\"https:\\\/\\\/novacode.pl\\\/wp-content\\\/uploads\\\/2022\\\/04\\\/etykiety-wysokotemperaturowe.jpg\",\"datePublished\":\"2022-04-19T10:07:44+00:00\",\"dateModified\":\"2023-10-13T09:04:10+00:00\",\"description\":\"Etykiety wysokotemperaturowe od producenta Novacode \u27a4 Etykiety specjalne wytrzyma\u0142e na dzia\u0142anie wysokich temperatur podczas aplikacji lub u\u017cytkowania | Sprawd\u017a!\",\"breadcrumb\":{\"@id\":\"https:\\\/\\\/novacode.pl\\\/de\\\/produkty\\\/spezialetiketten\\\/etiketten-fuer-hohe-temperaturen\\\/#breadcrumb\"},\"inLanguage\":\"de\",\"potentialAction\":[{\"@type\":\"ReadAction\",\"target\":[\"https:\\\/\\\/novacode.pl\\\/de\\\/produkty\\\/spezialetiketten\\\/etiketten-fuer-hohe-temperaturen\\\/\"]}]},{\"@type\":\"ImageObject\",\"inLanguage\":\"de\",\"@id\":\"https:\\\/\\\/novacode.pl\\\/de\\\/produkty\\\/spezialetiketten\\\/etiketten-fuer-hohe-temperaturen\\\/#primaryimage\",\"url\":\"https:\\\/\\\/novacode.pl\\\/wp-content\\\/uploads\\\/2022\\\/04\\\/etykiety-wysokotemperaturowe.jpg\",\"contentUrl\":\"https:\\\/\\\/novacode.pl\\\/wp-content\\\/uploads\\\/2022\\\/04\\\/etykiety-wysokotemperaturowe.jpg\",\"width\":684,\"height\":680,\"caption\":\"etykiety wysokotemperaturowe\"},{\"@type\":\"BreadcrumbList\",\"@id\":\"https:\\\/\\\/novacode.pl\\\/de\\\/produkty\\\/spezialetiketten\\\/etiketten-fuer-hohe-temperaturen\\\/#breadcrumb\",\"itemListElement\":[{\"@type\":\"ListItem\",\"position\":1,\"name\":\"Strona g\u0142\u00f3wna\",\"item\":\"https:\\\/\\\/novacode.pl\\\/de\\\/\"},{\"@type\":\"ListItem\",\"position\":2,\"name\":\"Produkte\",\"item\":\"https:\\\/\\\/novacode.pl\\\/de\\\/produkte\\\/\"},{\"@type\":\"ListItem\",\"position\":3,\"name\":\"Etiketten f\u00fcr hohe Temperaturen\"}]},{\"@type\":\"WebSite\",\"@id\":\"https:\\\/\\\/novacode.pl\\\/#website\",\"url\":\"https:\\\/\\\/novacode.pl\\\/\",\"name\":\"Drukarnia etykiet Novacode\",\"description\":\"Producent etykiet samoprzylepnych\",\"publisher\":{\"@id\":\"https:\\\/\\\/novacode.pl\\\/#organization\"},\"potentialAction\":[{\"@type\":\"SearchAction\",\"target\":{\"@type\":\"EntryPoint\",\"urlTemplate\":\"https:\\\/\\\/novacode.pl\\\/?s={search_term_string}\"},\"query-input\":{\"@type\":\"PropertyValueSpecification\",\"valueRequired\":true,\"valueName\":\"search_term_string\"}}],\"inLanguage\":\"de\"},{\"@type\":\"Organization\",\"@id\":\"https:\\\/\\\/novacode.pl\\\/#organization\",\"name\":\"Drukarnia etykiet Novacode\",\"url\":\"https:\\\/\\\/novacode.pl\\\/\",\"logo\":{\"@type\":\"ImageObject\",\"inLanguage\":\"de\",\"@id\":\"https:\\\/\\\/novacode.pl\\\/#\\\/schema\\\/logo\\\/image\\\/\",\"url\":\"https:\\\/\\\/novacode.pl\\\/wp-content\\\/uploads\\\/2022\\\/03\\\/cropped-favico.png\",\"contentUrl\":\"https:\\\/\\\/novacode.pl\\\/wp-content\\\/uploads\\\/2022\\\/03\\\/cropped-favico.png\",\"width\":512,\"height\":512,\"caption\":\"Drukarnia etykiet Novacode\"},\"image\":{\"@id\":\"https:\\\/\\\/novacode.pl\\\/#\\\/schema\\\/logo\\\/image\\\/\"},\"sameAs\":[\"https:\\\/\\\/www.facebook.com\\\/NovacodeOfficialPage\"]}]}<\/script>\n<!-- \/ Yoast SEO plugin. -->","yoast_head_json":{"title":"Etiketten f\u00fcr hohe Temperaturen - Drukarnia etykiet Novacode","description":"Etykiety wysokotemperaturowe od producenta Novacode \u27a4 Etykiety specjalne wytrzyma\u0142e na dzia\u0142anie wysokich temperatur podczas aplikacji lub u\u017cytkowania | Sprawd\u017a!","robots":{"index":"index","follow":"follow","max-snippet":"max-snippet:-1","max-image-preview":"max-image-preview:large","max-video-preview":"max-video-preview:-1"},"canonical":"https:\/\/novacode.pl\/de\/produkty\/spezialetiketten\/etiketten-fuer-hohe-temperaturen\/","og_locale":"de_DE","og_type":"article","og_title":"Etiketten f\u00fcr hohe Temperaturen - Drukarnia etykiet Novacode","og_description":"Etykiety wysokotemperaturowe od producenta Novacode \u27a4 Etykiety specjalne wytrzyma\u0142e na dzia\u0142anie wysokich temperatur podczas aplikacji lub u\u017cytkowania | Sprawd\u017a!","og_url":"https:\/\/novacode.pl\/de\/produkty\/spezialetiketten\/etiketten-fuer-hohe-temperaturen\/","og_site_name":"Drukarnia etykiet Novacode","article_publisher":"https:\/\/www.facebook.com\/NovacodeOfficialPage","article_modified_time":"2023-10-13T09:04:10+00:00","og_image":[{"width":684,"height":680,"url":"https:\/\/novacode.pl\/wp-content\/uploads\/2022\/04\/etykiety-wysokotemperaturowe.jpg","type":"image\/jpeg"}],"twitter_card":"summary_large_image","twitter_misc":{"Gesch\u00e4tzte Lesezeit":"1\u00a0Minute"},"schema":{"@context":"https:\/\/schema.org","@graph":[{"@type":"WebPage","@id":"https:\/\/novacode.pl\/de\/produkty\/spezialetiketten\/etiketten-fuer-hohe-temperaturen\/","url":"https:\/\/novacode.pl\/de\/produkty\/spezialetiketten\/etiketten-fuer-hohe-temperaturen\/","name":"Etiketten f\u00fcr hohe Temperaturen - Drukarnia etykiet Novacode","isPartOf":{"@id":"https:\/\/novacode.pl\/#website"},"primaryImageOfPage":{"@id":"https:\/\/novacode.pl\/de\/produkty\/spezialetiketten\/etiketten-fuer-hohe-temperaturen\/#primaryimage"},"image":{"@id":"https:\/\/novacode.pl\/de\/produkty\/spezialetiketten\/etiketten-fuer-hohe-temperaturen\/#primaryimage"},"thumbnailUrl":"https:\/\/novacode.pl\/wp-content\/uploads\/2022\/04\/etykiety-wysokotemperaturowe.jpg","datePublished":"2022-04-19T10:07:44+00:00","dateModified":"2023-10-13T09:04:10+00:00","description":"Etykiety wysokotemperaturowe od producenta Novacode \u27a4 Etykiety specjalne wytrzyma\u0142e na dzia\u0142anie wysokich temperatur podczas aplikacji lub u\u017cytkowania | Sprawd\u017a!","breadcrumb":{"@id":"https:\/\/novacode.pl\/de\/produkty\/spezialetiketten\/etiketten-fuer-hohe-temperaturen\/#breadcrumb"},"inLanguage":"de","potentialAction":[{"@type":"ReadAction","target":["https:\/\/novacode.pl\/de\/produkty\/spezialetiketten\/etiketten-fuer-hohe-temperaturen\/"]}]},{"@type":"ImageObject","inLanguage":"de","@id":"https:\/\/novacode.pl\/de\/produkty\/spezialetiketten\/etiketten-fuer-hohe-temperaturen\/#primaryimage","url":"https:\/\/novacode.pl\/wp-content\/uploads\/2022\/04\/etykiety-wysokotemperaturowe.jpg","contentUrl":"https:\/\/novacode.pl\/wp-content\/uploads\/2022\/04\/etykiety-wysokotemperaturowe.jpg","width":684,"height":680,"caption":"etykiety wysokotemperaturowe"},{"@type":"BreadcrumbList","@id":"https:\/\/novacode.pl\/de\/produkty\/spezialetiketten\/etiketten-fuer-hohe-temperaturen\/#breadcrumb","itemListElement":[{"@type":"ListItem","position":1,"name":"Strona g\u0142\u00f3wna","item":"https:\/\/novacode.pl\/de\/"},{"@type":"ListItem","position":2,"name":"Produkte","item":"https:\/\/novacode.pl\/de\/produkte\/"},{"@type":"ListItem","position":3,"name":"Etiketten f\u00fcr hohe Temperaturen"}]},{"@type":"WebSite","@id":"https:\/\/novacode.pl\/#website","url":"https:\/\/novacode.pl\/","name":"Drukarnia etykiet Novacode","description":"Producent etykiet samoprzylepnych","publisher":{"@id":"https:\/\/novacode.pl\/#organization"},"potentialAction":[{"@type":"SearchAction","target":{"@type":"EntryPoint","urlTemplate":"https:\/\/novacode.pl\/?s={search_term_string}"},"query-input":{"@type":"PropertyValueSpecification","valueRequired":true,"valueName":"search_term_string"}}],"inLanguage":"de"},{"@type":"Organization","@id":"https:\/\/novacode.pl\/#organization","name":"Drukarnia etykiet Novacode","url":"https:\/\/novacode.pl\/","logo":{"@type":"ImageObject","inLanguage":"de","@id":"https:\/\/novacode.pl\/#\/schema\/logo\/image\/","url":"https:\/\/novacode.pl\/wp-content\/uploads\/2022\/03\/cropped-favico.png","contentUrl":"https:\/\/novacode.pl\/wp-content\/uploads\/2022\/03\/cropped-favico.png","width":512,"height":512,"caption":"Drukarnia etykiet Novacode"},"image":{"@id":"https:\/\/novacode.pl\/#\/schema\/logo\/image\/"},"sameAs":["https:\/\/www.facebook.com\/NovacodeOfficialPage"]}]}},"_links":{"self":[{"href":"https:\/\/novacode.pl\/de\/wp-json\/wp\/v2\/product\/5335","targetHints":{"allow":["GET"]}}],"collection":[{"href":"https:\/\/novacode.pl\/de\/wp-json\/wp\/v2\/product"}],"about":[{"href":"https:\/\/novacode.pl\/de\/wp-json\/wp\/v2\/types\/product"}],"wp:featuredmedia":[{"embeddable":true,"href":"https:\/\/novacode.pl\/de\/wp-json\/wp\/v2\/media\/4211"}],"wp:attachment":[{"href":"https:\/\/novacode.pl\/de\/wp-json\/wp\/v2\/media?parent=5335"}],"wp:term":[{"taxonomy":"product_brand","embeddable":true,"href":"https:\/\/novacode.pl\/de\/wp-json\/wp\/v2\/product_brand?post=5335"},{"taxonomy":"product_cat","embeddable":true,"href":"https:\/\/novacode.pl\/de\/wp-json\/wp\/v2\/product_cat?post=5335"},{"taxonomy":"product_tag","embeddable":true,"href":"https:\/\/novacode.pl\/de\/wp-json\/wp\/v2\/product_tag?post=5335"}],"curies":[{"name":"wp","href":"https:\/\/api.w.org\/{rel}","templated":true}]}}