{"id":5328,"date":"2022-04-20T13:11:04","date_gmt":"2022-04-20T11:11:04","guid":{"rendered":"https:\/\/novacode.pl\/produkty\/unkategorisiert\/etykiety-ostrzegawcze\/"},"modified":"2023-10-13T11:37:14","modified_gmt":"2023-10-13T09:37:14","slug":"warnetiketten","status":"publish","type":"product","link":"https:\/\/novacode.pl\/de\/produkty\/spezialetiketten\/warnetiketten\/","title":{"rendered":"Warnetiketten"},"content":{"rendered":"<p>Warnetiketten werden auf Maschinen, Ger\u00e4ten, Chemikalien, im Transport oder in Produktions- und Lagerhallen verwendet. Die Hauptrolle von Warnetiketten besteht darin, das Risiko einer Gefahr durch unsachgem\u00e4\u00dfen Gebrauch der Ger\u00e4te zu signalisieren. Sie informieren \u00fcber Gefahren (z.B. durch rotierende und scharfe Maschinenteile), Schadstoffe in transportierten Waren sowie Arbeits- und Sicherheitsvorschriften.<\/p>\n<p>Informationen auf Warnetiketten, Etikettengr\u00f6\u00dfen, Farbe und Platzierung auf Produkten oder Maschinen unterliegen strengen gesetzlichen Anforderungen.<\/p>\n","protected":false},"excerpt":{"rendered":"<p>Warnetiketten werden auf Maschinen, Ger\u00e4ten, Chemikalien, im Transport oder in Produktions- und Lagerhallen verwendet. Die Hauptrolle von Warnetiketten besteht darin,&#8230;<\/p>\n","protected":false},"featured_media":4446,"template":"","meta":{"_acf_changed":false,"inline_featured_image":false},"product_brand":[],"product_cat":[136],"product_tag":[],"class_list":{"0":"post-5328","1":"product","2":"type-product","3":"status-publish","4":"has-post-thumbnail","6":"product_cat-spezialetiketten","7":"industry-automobil","8":"industry-bauindustrie","9":"industry-elektronik","10":"industry-haushaltschemikalien-und-haushaltswaren","11":"industry-industrieetiketten","12":"industry-metallurgie","13":"industry-pharmazie","14":"industry-unterhaltungselektronik-und-haushaltsgeraete","16":"first","17":"instock","18":"shipping-taxable","19":"product-type-simple"},"acf":[],"yoast_head":"<!-- This site is optimized with the Yoast SEO plugin v27.4 - https:\/\/yoast.com\/product\/yoast-seo-wordpress\/ -->\n<title>Warnetiketten - Drukarnia etykiet Novacode<\/title>\n<meta name=\"description\" content=\"Etykiety ostrzegawcze od producenta Novacode \u27a4 Etykiety samoprzylepne z funkcj\u0105 ostrzegawcz\u0105 do oznaczania maszyn, urz\u0105dze\u0144 i \u015brodk\u00f3w chemicznych. Sprawd\u017a!\" \/>\n<meta name=\"robots\" content=\"index, follow, max-snippet:-1, max-image-preview:large, max-video-preview:-1\" \/>\n<link rel=\"canonical\" href=\"https:\/\/novacode.pl\/de\/produkty\/spezialetiketten\/warnetiketten\/\" \/>\n<meta property=\"og:locale\" content=\"de_DE\" \/>\n<meta property=\"og:type\" content=\"article\" \/>\n<meta property=\"og:title\" content=\"Warnetiketten - Drukarnia etykiet Novacode\" \/>\n<meta property=\"og:description\" content=\"Etykiety ostrzegawcze od producenta Novacode \u27a4 Etykiety samoprzylepne z funkcj\u0105 ostrzegawcz\u0105 do oznaczania maszyn, urz\u0105dze\u0144 i \u015brodk\u00f3w chemicznych. Sprawd\u017a!\" \/>\n<meta property=\"og:url\" content=\"https:\/\/novacode.pl\/de\/produkty\/spezialetiketten\/warnetiketten\/\" \/>\n<meta property=\"og:site_name\" content=\"Drukarnia etykiet Novacode\" \/>\n<meta property=\"article:publisher\" content=\"https:\/\/www.facebook.com\/NovacodeOfficialPage\" \/>\n<meta property=\"article:modified_time\" content=\"2023-10-13T09:37:14+00:00\" \/>\n<meta property=\"og:image\" content=\"https:\/\/novacode.pl\/wp-content\/uploads\/2022\/04\/ostrzegawcza.jpg\" \/>\n\t<meta property=\"og:image:width\" content=\"1280\" \/>\n\t<meta property=\"og:image:height\" content=\"1280\" \/>\n\t<meta property=\"og:image:type\" content=\"image\/jpeg\" \/>\n<meta name=\"twitter:card\" content=\"summary_large_image\" \/>\n<meta name=\"twitter:label1\" content=\"Gesch\u00e4tzte Lesezeit\" \/>\n\t<meta name=\"twitter:data1\" content=\"1\u00a0Minute\" \/>\n<script type=\"application\/ld+json\" class=\"yoast-schema-graph\">{\"@context\":\"https:\\\/\\\/schema.org\",\"@graph\":[{\"@type\":\"WebPage\",\"@id\":\"https:\\\/\\\/novacode.pl\\\/de\\\/produkty\\\/spezialetiketten\\\/warnetiketten\\\/\",\"url\":\"https:\\\/\\\/novacode.pl\\\/de\\\/produkty\\\/spezialetiketten\\\/warnetiketten\\\/\",\"name\":\"Warnetiketten - Drukarnia etykiet Novacode\",\"isPartOf\":{\"@id\":\"https:\\\/\\\/novacode.pl\\\/#website\"},\"primaryImageOfPage\":{\"@id\":\"https:\\\/\\\/novacode.pl\\\/de\\\/produkty\\\/spezialetiketten\\\/warnetiketten\\\/#primaryimage\"},\"image\":{\"@id\":\"https:\\\/\\\/novacode.pl\\\/de\\\/produkty\\\/spezialetiketten\\\/warnetiketten\\\/#primaryimage\"},\"thumbnailUrl\":\"https:\\\/\\\/novacode.pl\\\/wp-content\\\/uploads\\\/2022\\\/04\\\/ostrzegawcza.jpg\",\"datePublished\":\"2022-04-20T11:11:04+00:00\",\"dateModified\":\"2023-10-13T09:37:14+00:00\",\"description\":\"Etykiety ostrzegawcze od producenta Novacode \u27a4 Etykiety samoprzylepne z funkcj\u0105 ostrzegawcz\u0105 do oznaczania maszyn, urz\u0105dze\u0144 i \u015brodk\u00f3w chemicznych. Sprawd\u017a!\",\"breadcrumb\":{\"@id\":\"https:\\\/\\\/novacode.pl\\\/de\\\/produkty\\\/spezialetiketten\\\/warnetiketten\\\/#breadcrumb\"},\"inLanguage\":\"de\",\"potentialAction\":[{\"@type\":\"ReadAction\",\"target\":[\"https:\\\/\\\/novacode.pl\\\/de\\\/produkty\\\/spezialetiketten\\\/warnetiketten\\\/\"]}]},{\"@type\":\"ImageObject\",\"inLanguage\":\"de\",\"@id\":\"https:\\\/\\\/novacode.pl\\\/de\\\/produkty\\\/spezialetiketten\\\/warnetiketten\\\/#primaryimage\",\"url\":\"https:\\\/\\\/novacode.pl\\\/wp-content\\\/uploads\\\/2022\\\/04\\\/ostrzegawcza.jpg\",\"contentUrl\":\"https:\\\/\\\/novacode.pl\\\/wp-content\\\/uploads\\\/2022\\\/04\\\/ostrzegawcza.jpg\",\"width\":1280,\"height\":1280,\"caption\":\"Etykieta motoryzacyjna na korek wlewu paliwa\"},{\"@type\":\"BreadcrumbList\",\"@id\":\"https:\\\/\\\/novacode.pl\\\/de\\\/produkty\\\/spezialetiketten\\\/warnetiketten\\\/#breadcrumb\",\"itemListElement\":[{\"@type\":\"ListItem\",\"position\":1,\"name\":\"Strona g\u0142\u00f3wna\",\"item\":\"https:\\\/\\\/novacode.pl\\\/de\\\/\"},{\"@type\":\"ListItem\",\"position\":2,\"name\":\"Produkte\",\"item\":\"https:\\\/\\\/novacode.pl\\\/de\\\/produkte\\\/\"},{\"@type\":\"ListItem\",\"position\":3,\"name\":\"Warnetiketten\"}]},{\"@type\":\"WebSite\",\"@id\":\"https:\\\/\\\/novacode.pl\\\/#website\",\"url\":\"https:\\\/\\\/novacode.pl\\\/\",\"name\":\"Drukarnia etykiet Novacode\",\"description\":\"Producent etykiet samoprzylepnych\",\"publisher\":{\"@id\":\"https:\\\/\\\/novacode.pl\\\/#organization\"},\"potentialAction\":[{\"@type\":\"SearchAction\",\"target\":{\"@type\":\"EntryPoint\",\"urlTemplate\":\"https:\\\/\\\/novacode.pl\\\/?s={search_term_string}\"},\"query-input\":{\"@type\":\"PropertyValueSpecification\",\"valueRequired\":true,\"valueName\":\"search_term_string\"}}],\"inLanguage\":\"de\"},{\"@type\":\"Organization\",\"@id\":\"https:\\\/\\\/novacode.pl\\\/#organization\",\"name\":\"Drukarnia etykiet Novacode\",\"url\":\"https:\\\/\\\/novacode.pl\\\/\",\"logo\":{\"@type\":\"ImageObject\",\"inLanguage\":\"de\",\"@id\":\"https:\\\/\\\/novacode.pl\\\/#\\\/schema\\\/logo\\\/image\\\/\",\"url\":\"https:\\\/\\\/novacode.pl\\\/wp-content\\\/uploads\\\/2022\\\/03\\\/cropped-favico.png\",\"contentUrl\":\"https:\\\/\\\/novacode.pl\\\/wp-content\\\/uploads\\\/2022\\\/03\\\/cropped-favico.png\",\"width\":512,\"height\":512,\"caption\":\"Drukarnia etykiet Novacode\"},\"image\":{\"@id\":\"https:\\\/\\\/novacode.pl\\\/#\\\/schema\\\/logo\\\/image\\\/\"},\"sameAs\":[\"https:\\\/\\\/www.facebook.com\\\/NovacodeOfficialPage\"]}]}<\/script>\n<!-- \/ Yoast SEO plugin. -->","yoast_head_json":{"title":"Warnetiketten - Drukarnia etykiet Novacode","description":"Etykiety ostrzegawcze od producenta Novacode \u27a4 Etykiety samoprzylepne z funkcj\u0105 ostrzegawcz\u0105 do oznaczania maszyn, urz\u0105dze\u0144 i \u015brodk\u00f3w chemicznych. Sprawd\u017a!","robots":{"index":"index","follow":"follow","max-snippet":"max-snippet:-1","max-image-preview":"max-image-preview:large","max-video-preview":"max-video-preview:-1"},"canonical":"https:\/\/novacode.pl\/de\/produkty\/spezialetiketten\/warnetiketten\/","og_locale":"de_DE","og_type":"article","og_title":"Warnetiketten - Drukarnia etykiet Novacode","og_description":"Etykiety ostrzegawcze od producenta Novacode \u27a4 Etykiety samoprzylepne z funkcj\u0105 ostrzegawcz\u0105 do oznaczania maszyn, urz\u0105dze\u0144 i \u015brodk\u00f3w chemicznych. Sprawd\u017a!","og_url":"https:\/\/novacode.pl\/de\/produkty\/spezialetiketten\/warnetiketten\/","og_site_name":"Drukarnia etykiet Novacode","article_publisher":"https:\/\/www.facebook.com\/NovacodeOfficialPage","article_modified_time":"2023-10-13T09:37:14+00:00","og_image":[{"width":1280,"height":1280,"url":"https:\/\/novacode.pl\/wp-content\/uploads\/2022\/04\/ostrzegawcza.jpg","type":"image\/jpeg"}],"twitter_card":"summary_large_image","twitter_misc":{"Gesch\u00e4tzte Lesezeit":"1\u00a0Minute"},"schema":{"@context":"https:\/\/schema.org","@graph":[{"@type":"WebPage","@id":"https:\/\/novacode.pl\/de\/produkty\/spezialetiketten\/warnetiketten\/","url":"https:\/\/novacode.pl\/de\/produkty\/spezialetiketten\/warnetiketten\/","name":"Warnetiketten - Drukarnia etykiet Novacode","isPartOf":{"@id":"https:\/\/novacode.pl\/#website"},"primaryImageOfPage":{"@id":"https:\/\/novacode.pl\/de\/produkty\/spezialetiketten\/warnetiketten\/#primaryimage"},"image":{"@id":"https:\/\/novacode.pl\/de\/produkty\/spezialetiketten\/warnetiketten\/#primaryimage"},"thumbnailUrl":"https:\/\/novacode.pl\/wp-content\/uploads\/2022\/04\/ostrzegawcza.jpg","datePublished":"2022-04-20T11:11:04+00:00","dateModified":"2023-10-13T09:37:14+00:00","description":"Etykiety ostrzegawcze od producenta Novacode \u27a4 Etykiety samoprzylepne z funkcj\u0105 ostrzegawcz\u0105 do oznaczania maszyn, urz\u0105dze\u0144 i \u015brodk\u00f3w chemicznych. Sprawd\u017a!","breadcrumb":{"@id":"https:\/\/novacode.pl\/de\/produkty\/spezialetiketten\/warnetiketten\/#breadcrumb"},"inLanguage":"de","potentialAction":[{"@type":"ReadAction","target":["https:\/\/novacode.pl\/de\/produkty\/spezialetiketten\/warnetiketten\/"]}]},{"@type":"ImageObject","inLanguage":"de","@id":"https:\/\/novacode.pl\/de\/produkty\/spezialetiketten\/warnetiketten\/#primaryimage","url":"https:\/\/novacode.pl\/wp-content\/uploads\/2022\/04\/ostrzegawcza.jpg","contentUrl":"https:\/\/novacode.pl\/wp-content\/uploads\/2022\/04\/ostrzegawcza.jpg","width":1280,"height":1280,"caption":"Etykieta motoryzacyjna na korek wlewu paliwa"},{"@type":"BreadcrumbList","@id":"https:\/\/novacode.pl\/de\/produkty\/spezialetiketten\/warnetiketten\/#breadcrumb","itemListElement":[{"@type":"ListItem","position":1,"name":"Strona g\u0142\u00f3wna","item":"https:\/\/novacode.pl\/de\/"},{"@type":"ListItem","position":2,"name":"Produkte","item":"https:\/\/novacode.pl\/de\/produkte\/"},{"@type":"ListItem","position":3,"name":"Warnetiketten"}]},{"@type":"WebSite","@id":"https:\/\/novacode.pl\/#website","url":"https:\/\/novacode.pl\/","name":"Drukarnia etykiet Novacode","description":"Producent etykiet samoprzylepnych","publisher":{"@id":"https:\/\/novacode.pl\/#organization"},"potentialAction":[{"@type":"SearchAction","target":{"@type":"EntryPoint","urlTemplate":"https:\/\/novacode.pl\/?s={search_term_string}"},"query-input":{"@type":"PropertyValueSpecification","valueRequired":true,"valueName":"search_term_string"}}],"inLanguage":"de"},{"@type":"Organization","@id":"https:\/\/novacode.pl\/#organization","name":"Drukarnia etykiet Novacode","url":"https:\/\/novacode.pl\/","logo":{"@type":"ImageObject","inLanguage":"de","@id":"https:\/\/novacode.pl\/#\/schema\/logo\/image\/","url":"https:\/\/novacode.pl\/wp-content\/uploads\/2022\/03\/cropped-favico.png","contentUrl":"https:\/\/novacode.pl\/wp-content\/uploads\/2022\/03\/cropped-favico.png","width":512,"height":512,"caption":"Drukarnia etykiet Novacode"},"image":{"@id":"https:\/\/novacode.pl\/#\/schema\/logo\/image\/"},"sameAs":["https:\/\/www.facebook.com\/NovacodeOfficialPage"]}]}},"_links":{"self":[{"href":"https:\/\/novacode.pl\/de\/wp-json\/wp\/v2\/product\/5328","targetHints":{"allow":["GET"]}}],"collection":[{"href":"https:\/\/novacode.pl\/de\/wp-json\/wp\/v2\/product"}],"about":[{"href":"https:\/\/novacode.pl\/de\/wp-json\/wp\/v2\/types\/product"}],"wp:featuredmedia":[{"embeddable":true,"href":"https:\/\/novacode.pl\/de\/wp-json\/wp\/v2\/media\/4446"}],"wp:attachment":[{"href":"https:\/\/novacode.pl\/de\/wp-json\/wp\/v2\/media?parent=5328"}],"wp:term":[{"taxonomy":"product_brand","embeddable":true,"href":"https:\/\/novacode.pl\/de\/wp-json\/wp\/v2\/product_brand?post=5328"},{"taxonomy":"product_cat","embeddable":true,"href":"https:\/\/novacode.pl\/de\/wp-json\/wp\/v2\/product_cat?post=5328"},{"taxonomy":"product_tag","embeddable":true,"href":"https:\/\/novacode.pl\/de\/wp-json\/wp\/v2\/product_tag?post=5328"}],"curies":[{"name":"wp","href":"https:\/\/api.w.org\/{rel}","templated":true}]}}