{"id":5326,"date":"2022-04-19T10:54:05","date_gmt":"2022-04-19T08:54:05","guid":{"rendered":"https:\/\/novacode.pl\/produkty\/unkategorisiert\/etykiety-na-plytki-pcb\/"},"modified":"2023-10-13T11:02:51","modified_gmt":"2023-10-13T09:02:51","slug":"leiterplattenetiketten","status":"publish","type":"product","link":"https:\/\/novacode.pl\/de\/produkty\/spezialetiketten\/leiterplattenetiketten\/","title":{"rendered":"Leiterplattenetiketten"},"content":{"rendered":"<p>Die Herstellung von PCB-Patten ist ziemlich komplex und erfordert eine permanente Kennzeichnung, die verschiedenen Bedingungen w\u00e4hrend des Herstellungsprozesses standh\u00e4lt. Etiketten f\u00fcr Leiterplatten m\u00fcssen Bedingungen wie hohe Temperaturen, L\u00f6ten im Ofen und Wellenl\u00f6ten, Galvanisierung und Exposition gegen\u00fcber Chemikalien standhalten.<\/p>\n<p>Etiketten f\u00fcr Leiterplatten werden normalerweise mit aufgedrucktem QR-Code ausgestattet, der alle notwendigen und f\u00fcr Anwendung erforderlichen Produktinformationen enth\u00e4lt. Bei der Auswahl des Rohstoffs m\u00fcssen alle Faktoren analysiert werden, die sich negativ auf die Etiketten auswirken k\u00f6nnen.<\/p>\n<p>Unser Angebot umfasst eine breite Palette von Rohstoffen, die f\u00fcr die Kennzeichnung von Leiterplatten (Leiterplatten) bestimmt sind. Am h\u00e4ufigsten wird Polyamid gew\u00e4hlt, das beim L\u00f6ten gegen hohe Temperaturen und Wellensto\u00df best\u00e4ndig ist. Wir bieten auch Polyester-Etiketten mit ESD-Zertifikat an. Der verwendete spezielle Polyesterrohstoff leitet statische Elektrizit\u00e4t ab und sch\u00fctzt so die Leiterplatte vor Besch\u00e4digungen.<\/p>\n<p>Etiketten f\u00fcr Leiterplatten werden am h\u00e4ufigsten w\u00e4hrend der Produktion auf TTR-Druckern gedruckt. Unsere technische Abteilung hilft bei der Auswahl eines geeigneten Druckers, der die h\u00f6chste Druckqualit\u00e4t des QR-Codes gew\u00e4hrleistet.<\/p>\n","protected":false},"excerpt":{"rendered":"<p>Die Herstellung von PCB-Patten ist ziemlich komplex und erfordert eine permanente Kennzeichnung, die verschiedenen Bedingungen w\u00e4hrend des Herstellungsprozesses standh\u00e4lt. Etiketten&#8230;<\/p>\n","protected":false},"featured_media":4457,"template":"","meta":{"_acf_changed":false,"inline_featured_image":false},"product_brand":[],"product_cat":[136],"product_tag":[],"class_list":{"0":"post-5326","1":"product","2":"type-product","3":"status-publish","4":"has-post-thumbnail","6":"product_cat-spezialetiketten","7":"industry-elektronik","8":"industry-industrieetiketten","10":"first","11":"instock","12":"shipping-taxable","13":"product-type-simple"},"acf":[],"yoast_head":"<!-- This site is optimized with the Yoast SEO plugin v27.4 - https:\/\/yoast.com\/product\/yoast-seo-wordpress\/ -->\n<title>Leiterplattenetiketten - Drukarnia etykiet Novacode<\/title>\n<meta name=\"description\" content=\"Etykiety na p\u0142ytki PCB od producenta Novacode \u27a4 Oferujemy etykiety samoprzylepne do naklejania bezpo\u015brednio na podzespo\u0142y elektroniczne i p\u0142ytki drukowane PCB - Sprawd\u017a!\" \/>\n<meta name=\"robots\" content=\"index, follow, max-snippet:-1, max-image-preview:large, max-video-preview:-1\" \/>\n<link rel=\"canonical\" href=\"https:\/\/novacode.pl\/de\/produkty\/spezialetiketten\/leiterplattenetiketten\/\" \/>\n<meta property=\"og:locale\" content=\"de_DE\" \/>\n<meta property=\"og:type\" content=\"article\" \/>\n<meta property=\"og:title\" content=\"Leiterplattenetiketten - Drukarnia etykiet Novacode\" \/>\n<meta property=\"og:description\" content=\"Etykiety na p\u0142ytki PCB od producenta Novacode \u27a4 Oferujemy etykiety samoprzylepne do naklejania bezpo\u015brednio na podzespo\u0142y elektroniczne i p\u0142ytki drukowane PCB - Sprawd\u017a!\" \/>\n<meta property=\"og:url\" content=\"https:\/\/novacode.pl\/de\/produkty\/spezialetiketten\/leiterplattenetiketten\/\" \/>\n<meta property=\"og:site_name\" content=\"Drukarnia etykiet Novacode\" \/>\n<meta property=\"article:publisher\" content=\"https:\/\/www.facebook.com\/NovacodeOfficialPage\" \/>\n<meta property=\"article:modified_time\" content=\"2023-10-13T09:02:51+00:00\" \/>\n<meta property=\"og:image\" content=\"https:\/\/novacode.pl\/wp-content\/uploads\/2022\/04\/pcb.jpg\" \/>\n\t<meta property=\"og:image:width\" content=\"1280\" \/>\n\t<meta property=\"og:image:height\" content=\"1280\" \/>\n\t<meta property=\"og:image:type\" content=\"image\/jpeg\" \/>\n<meta name=\"twitter:card\" content=\"summary_large_image\" \/>\n<meta name=\"twitter:label1\" content=\"Gesch\u00e4tzte Lesezeit\" \/>\n\t<meta name=\"twitter:data1\" content=\"1\u00a0Minute\" \/>\n<script type=\"application\/ld+json\" class=\"yoast-schema-graph\">{\"@context\":\"https:\\\/\\\/schema.org\",\"@graph\":[{\"@type\":\"WebPage\",\"@id\":\"https:\\\/\\\/novacode.pl\\\/de\\\/produkty\\\/spezialetiketten\\\/leiterplattenetiketten\\\/\",\"url\":\"https:\\\/\\\/novacode.pl\\\/de\\\/produkty\\\/spezialetiketten\\\/leiterplattenetiketten\\\/\",\"name\":\"Leiterplattenetiketten - Drukarnia etykiet Novacode\",\"isPartOf\":{\"@id\":\"https:\\\/\\\/novacode.pl\\\/#website\"},\"primaryImageOfPage\":{\"@id\":\"https:\\\/\\\/novacode.pl\\\/de\\\/produkty\\\/spezialetiketten\\\/leiterplattenetiketten\\\/#primaryimage\"},\"image\":{\"@id\":\"https:\\\/\\\/novacode.pl\\\/de\\\/produkty\\\/spezialetiketten\\\/leiterplattenetiketten\\\/#primaryimage\"},\"thumbnailUrl\":\"https:\\\/\\\/novacode.pl\\\/wp-content\\\/uploads\\\/2022\\\/04\\\/pcb.jpg\",\"datePublished\":\"2022-04-19T08:54:05+00:00\",\"dateModified\":\"2023-10-13T09:02:51+00:00\",\"description\":\"Etykiety na p\u0142ytki PCB od producenta Novacode \u27a4 Oferujemy etykiety samoprzylepne do naklejania bezpo\u015brednio na podzespo\u0142y elektroniczne i p\u0142ytki drukowane PCB - Sprawd\u017a!\",\"breadcrumb\":{\"@id\":\"https:\\\/\\\/novacode.pl\\\/de\\\/produkty\\\/spezialetiketten\\\/leiterplattenetiketten\\\/#breadcrumb\"},\"inLanguage\":\"de\",\"potentialAction\":[{\"@type\":\"ReadAction\",\"target\":[\"https:\\\/\\\/novacode.pl\\\/de\\\/produkty\\\/spezialetiketten\\\/leiterplattenetiketten\\\/\"]}]},{\"@type\":\"ImageObject\",\"inLanguage\":\"de\",\"@id\":\"https:\\\/\\\/novacode.pl\\\/de\\\/produkty\\\/spezialetiketten\\\/leiterplattenetiketten\\\/#primaryimage\",\"url\":\"https:\\\/\\\/novacode.pl\\\/wp-content\\\/uploads\\\/2022\\\/04\\\/pcb.jpg\",\"contentUrl\":\"https:\\\/\\\/novacode.pl\\\/wp-content\\\/uploads\\\/2022\\\/04\\\/pcb.jpg\",\"width\":1280,\"height\":1280,\"caption\":\"Etykiety na p\u0142ytki PCB 3\"},{\"@type\":\"BreadcrumbList\",\"@id\":\"https:\\\/\\\/novacode.pl\\\/de\\\/produkty\\\/spezialetiketten\\\/leiterplattenetiketten\\\/#breadcrumb\",\"itemListElement\":[{\"@type\":\"ListItem\",\"position\":1,\"name\":\"Strona g\u0142\u00f3wna\",\"item\":\"https:\\\/\\\/novacode.pl\\\/de\\\/\"},{\"@type\":\"ListItem\",\"position\":2,\"name\":\"Produkte\",\"item\":\"https:\\\/\\\/novacode.pl\\\/de\\\/produkte\\\/\"},{\"@type\":\"ListItem\",\"position\":3,\"name\":\"Leiterplattenetiketten\"}]},{\"@type\":\"WebSite\",\"@id\":\"https:\\\/\\\/novacode.pl\\\/#website\",\"url\":\"https:\\\/\\\/novacode.pl\\\/\",\"name\":\"Drukarnia etykiet Novacode\",\"description\":\"Producent etykiet samoprzylepnych\",\"publisher\":{\"@id\":\"https:\\\/\\\/novacode.pl\\\/#organization\"},\"potentialAction\":[{\"@type\":\"SearchAction\",\"target\":{\"@type\":\"EntryPoint\",\"urlTemplate\":\"https:\\\/\\\/novacode.pl\\\/?s={search_term_string}\"},\"query-input\":{\"@type\":\"PropertyValueSpecification\",\"valueRequired\":true,\"valueName\":\"search_term_string\"}}],\"inLanguage\":\"de\"},{\"@type\":\"Organization\",\"@id\":\"https:\\\/\\\/novacode.pl\\\/#organization\",\"name\":\"Drukarnia etykiet Novacode\",\"url\":\"https:\\\/\\\/novacode.pl\\\/\",\"logo\":{\"@type\":\"ImageObject\",\"inLanguage\":\"de\",\"@id\":\"https:\\\/\\\/novacode.pl\\\/#\\\/schema\\\/logo\\\/image\\\/\",\"url\":\"https:\\\/\\\/novacode.pl\\\/wp-content\\\/uploads\\\/2022\\\/03\\\/cropped-favico.png\",\"contentUrl\":\"https:\\\/\\\/novacode.pl\\\/wp-content\\\/uploads\\\/2022\\\/03\\\/cropped-favico.png\",\"width\":512,\"height\":512,\"caption\":\"Drukarnia etykiet Novacode\"},\"image\":{\"@id\":\"https:\\\/\\\/novacode.pl\\\/#\\\/schema\\\/logo\\\/image\\\/\"},\"sameAs\":[\"https:\\\/\\\/www.facebook.com\\\/NovacodeOfficialPage\"]}]}<\/script>\n<!-- \/ Yoast SEO plugin. -->","yoast_head_json":{"title":"Leiterplattenetiketten - Drukarnia etykiet Novacode","description":"Etykiety na p\u0142ytki PCB od producenta Novacode \u27a4 Oferujemy etykiety samoprzylepne do naklejania bezpo\u015brednio na podzespo\u0142y elektroniczne i p\u0142ytki drukowane PCB - Sprawd\u017a!","robots":{"index":"index","follow":"follow","max-snippet":"max-snippet:-1","max-image-preview":"max-image-preview:large","max-video-preview":"max-video-preview:-1"},"canonical":"https:\/\/novacode.pl\/de\/produkty\/spezialetiketten\/leiterplattenetiketten\/","og_locale":"de_DE","og_type":"article","og_title":"Leiterplattenetiketten - Drukarnia etykiet Novacode","og_description":"Etykiety na p\u0142ytki PCB od producenta Novacode \u27a4 Oferujemy etykiety samoprzylepne do naklejania bezpo\u015brednio na podzespo\u0142y elektroniczne i p\u0142ytki drukowane PCB - Sprawd\u017a!","og_url":"https:\/\/novacode.pl\/de\/produkty\/spezialetiketten\/leiterplattenetiketten\/","og_site_name":"Drukarnia etykiet Novacode","article_publisher":"https:\/\/www.facebook.com\/NovacodeOfficialPage","article_modified_time":"2023-10-13T09:02:51+00:00","og_image":[{"width":1280,"height":1280,"url":"https:\/\/novacode.pl\/wp-content\/uploads\/2022\/04\/pcb.jpg","type":"image\/jpeg"}],"twitter_card":"summary_large_image","twitter_misc":{"Gesch\u00e4tzte Lesezeit":"1\u00a0Minute"},"schema":{"@context":"https:\/\/schema.org","@graph":[{"@type":"WebPage","@id":"https:\/\/novacode.pl\/de\/produkty\/spezialetiketten\/leiterplattenetiketten\/","url":"https:\/\/novacode.pl\/de\/produkty\/spezialetiketten\/leiterplattenetiketten\/","name":"Leiterplattenetiketten - Drukarnia etykiet Novacode","isPartOf":{"@id":"https:\/\/novacode.pl\/#website"},"primaryImageOfPage":{"@id":"https:\/\/novacode.pl\/de\/produkty\/spezialetiketten\/leiterplattenetiketten\/#primaryimage"},"image":{"@id":"https:\/\/novacode.pl\/de\/produkty\/spezialetiketten\/leiterplattenetiketten\/#primaryimage"},"thumbnailUrl":"https:\/\/novacode.pl\/wp-content\/uploads\/2022\/04\/pcb.jpg","datePublished":"2022-04-19T08:54:05+00:00","dateModified":"2023-10-13T09:02:51+00:00","description":"Etykiety na p\u0142ytki PCB od producenta Novacode \u27a4 Oferujemy etykiety samoprzylepne do naklejania bezpo\u015brednio na podzespo\u0142y elektroniczne i p\u0142ytki drukowane PCB - Sprawd\u017a!","breadcrumb":{"@id":"https:\/\/novacode.pl\/de\/produkty\/spezialetiketten\/leiterplattenetiketten\/#breadcrumb"},"inLanguage":"de","potentialAction":[{"@type":"ReadAction","target":["https:\/\/novacode.pl\/de\/produkty\/spezialetiketten\/leiterplattenetiketten\/"]}]},{"@type":"ImageObject","inLanguage":"de","@id":"https:\/\/novacode.pl\/de\/produkty\/spezialetiketten\/leiterplattenetiketten\/#primaryimage","url":"https:\/\/novacode.pl\/wp-content\/uploads\/2022\/04\/pcb.jpg","contentUrl":"https:\/\/novacode.pl\/wp-content\/uploads\/2022\/04\/pcb.jpg","width":1280,"height":1280,"caption":"Etykiety na p\u0142ytki PCB 3"},{"@type":"BreadcrumbList","@id":"https:\/\/novacode.pl\/de\/produkty\/spezialetiketten\/leiterplattenetiketten\/#breadcrumb","itemListElement":[{"@type":"ListItem","position":1,"name":"Strona g\u0142\u00f3wna","item":"https:\/\/novacode.pl\/de\/"},{"@type":"ListItem","position":2,"name":"Produkte","item":"https:\/\/novacode.pl\/de\/produkte\/"},{"@type":"ListItem","position":3,"name":"Leiterplattenetiketten"}]},{"@type":"WebSite","@id":"https:\/\/novacode.pl\/#website","url":"https:\/\/novacode.pl\/","name":"Drukarnia etykiet Novacode","description":"Producent etykiet samoprzylepnych","publisher":{"@id":"https:\/\/novacode.pl\/#organization"},"potentialAction":[{"@type":"SearchAction","target":{"@type":"EntryPoint","urlTemplate":"https:\/\/novacode.pl\/?s={search_term_string}"},"query-input":{"@type":"PropertyValueSpecification","valueRequired":true,"valueName":"search_term_string"}}],"inLanguage":"de"},{"@type":"Organization","@id":"https:\/\/novacode.pl\/#organization","name":"Drukarnia etykiet Novacode","url":"https:\/\/novacode.pl\/","logo":{"@type":"ImageObject","inLanguage":"de","@id":"https:\/\/novacode.pl\/#\/schema\/logo\/image\/","url":"https:\/\/novacode.pl\/wp-content\/uploads\/2022\/03\/cropped-favico.png","contentUrl":"https:\/\/novacode.pl\/wp-content\/uploads\/2022\/03\/cropped-favico.png","width":512,"height":512,"caption":"Drukarnia etykiet Novacode"},"image":{"@id":"https:\/\/novacode.pl\/#\/schema\/logo\/image\/"},"sameAs":["https:\/\/www.facebook.com\/NovacodeOfficialPage"]}]}},"_links":{"self":[{"href":"https:\/\/novacode.pl\/de\/wp-json\/wp\/v2\/product\/5326","targetHints":{"allow":["GET"]}}],"collection":[{"href":"https:\/\/novacode.pl\/de\/wp-json\/wp\/v2\/product"}],"about":[{"href":"https:\/\/novacode.pl\/de\/wp-json\/wp\/v2\/types\/product"}],"wp:featuredmedia":[{"embeddable":true,"href":"https:\/\/novacode.pl\/de\/wp-json\/wp\/v2\/media\/4457"}],"wp:attachment":[{"href":"https:\/\/novacode.pl\/de\/wp-json\/wp\/v2\/media?parent=5326"}],"wp:term":[{"taxonomy":"product_brand","embeddable":true,"href":"https:\/\/novacode.pl\/de\/wp-json\/wp\/v2\/product_brand?post=5326"},{"taxonomy":"product_cat","embeddable":true,"href":"https:\/\/novacode.pl\/de\/wp-json\/wp\/v2\/product_cat?post=5326"},{"taxonomy":"product_tag","embeddable":true,"href":"https:\/\/novacode.pl\/de\/wp-json\/wp\/v2\/product_tag?post=5326"}],"curies":[{"name":"wp","href":"https:\/\/api.w.org\/{rel}","templated":true}]}}