{"id":5324,"date":"2022-07-12T13:22:59","date_gmt":"2022-07-12T11:22:59","guid":{"rendered":"https:\/\/novacode.pl\/produkty\/unkategorisiert\/etykiety-magazynowe\/"},"modified":"2023-10-13T11:56:30","modified_gmt":"2023-10-13T09:56:30","slug":"lageretiketten","status":"publish","type":"product","link":"https:\/\/novacode.pl\/de\/produkty\/spezialetiketten\/lageretiketten\/","title":{"rendered":"Lageretiketten"},"content":{"rendered":"<p>Als Hersteller spezialisierter Etiketten und Lieferant von Druckern, Terminals und Lagerverwaltungssoftware bieten wir unseren Kunden umfassende L\u00f6sungen f\u00fcr die Kennzeichnung von Lagern an. Die Lageretiketten zur Kennzeichnung von Regalen erm\u00f6glichen es Ihnen, die darin enthaltenen Daten zu lesen und Waren oder Halbzeuge effizient zu finden.<\/p>\n<p>In Hochlagern werden spezielle Lageretiketten verwendet, die aus reflektierenden Folie (\u201eretroreflective\u201c) hergestellt werden, wodurch Barcodes aus gro\u00dfer Entfernung gescannt werden k\u00f6nnen.<\/p>\n<p>Wenn gro\u00dfe Regalfl\u00e4chen gekennzeichnet werden m\u00fcssen oder wenn eine tempor\u00e4re und variable Kennzeichnung erforderlich ist, werden Magnetetiketten verwendet.<\/p>\n<p>Etiketten k\u00f6nnen auf dem Boden an den Ablagestellen platziert werden. Unter diesen Betriebsbedingungen muss das Etikett besonders best\u00e4ndig gegen mechanische Besch\u00e4digungen sein, und der Aufdruck lesbar bleiben muss. In unserer Etikettendruckerei haben wir eine L\u00f6sung entwickelt, die erfolgreich in den Produktionshallen und Lagerhallen unserer Kunden eingesetzt wird.<\/p>\n","protected":false},"excerpt":{"rendered":"<p>Als Hersteller spezialisierter Etiketten und Lieferant von Druckern, Terminals und Lagerverwaltungssoftware bieten wir unseren Kunden umfassende L\u00f6sungen f\u00fcr die Kennzeichnung&#8230;<\/p>\n","protected":false},"featured_media":4204,"template":"","meta":{"_acf_changed":false,"inline_featured_image":false},"product_brand":[],"product_cat":[136],"product_tag":[],"class_list":{"0":"post-5324","1":"product","2":"type-product","3":"status-publish","4":"has-post-thumbnail","6":"product_cat-spezialetiketten","7":"industry-alkoholische-getraenke","8":"industry-automobil","9":"industry-bauindustrie","10":"industry-bekleidung-und-schuhe","11":"industry-elektronik","12":"industry-kosmetikprodukte","13":"industry-gartenbau","14":"industry-haushaltschemikalien-und-haushaltswaren","15":"industry-industrieetiketten","16":"industry-kerzen-und-dekorationsartikel","17":"industry-lebensmittelindustrie","18":"industry-logistik","19":"industry-metallurgie","20":"industry-moebel","21":"industry-nagellacke","22":"industry-pharmazie","23":"industry-unterhaltungselektronik-und-haushaltsgeraete","25":"first","26":"instock","27":"shipping-taxable","28":"product-type-simple"},"acf":[],"yoast_head":"<!-- This site is optimized with the Yoast SEO plugin v27.4 - https:\/\/yoast.com\/product\/yoast-seo-wordpress\/ -->\n<title>Etykiety magazynowe | Oznaczenia na rega\u0142y magazynowe, naklejki odette - Drukarnia etykiet Novacode<\/title>\n<meta name=\"description\" content=\"Etykiety magazynowe od producenta Novacode \u27a4 Zam\u00f3w etykiety samoprzylepne na rega\u0142y magazynowe z nadrukiem \u2713 Wysoka jako\u015b\u0107 i trwa\u0142o\u015b\u0107 - sprawd\u017a!\" \/>\n<meta name=\"robots\" content=\"index, follow, max-snippet:-1, max-image-preview:large, max-video-preview:-1\" \/>\n<link rel=\"canonical\" href=\"https:\/\/novacode.pl\/de\/produkty\/spezialetiketten\/lageretiketten\/\" \/>\n<meta property=\"og:locale\" content=\"de_DE\" \/>\n<meta property=\"og:type\" content=\"article\" \/>\n<meta property=\"og:title\" content=\"Etykiety magazynowe | Oznaczenia na rega\u0142y magazynowe, naklejki odette - Drukarnia etykiet Novacode\" \/>\n<meta property=\"og:description\" content=\"Etykiety magazynowe od producenta Novacode \u27a4 Zam\u00f3w etykiety samoprzylepne na rega\u0142y magazynowe z nadrukiem \u2713 Wysoka jako\u015b\u0107 i trwa\u0142o\u015b\u0107 - sprawd\u017a!\" \/>\n<meta property=\"og:url\" content=\"https:\/\/novacode.pl\/de\/produkty\/spezialetiketten\/lageretiketten\/\" \/>\n<meta property=\"og:site_name\" content=\"Drukarnia etykiet Novacode\" \/>\n<meta property=\"article:publisher\" content=\"https:\/\/www.facebook.com\/NovacodeOfficialPage\" \/>\n<meta property=\"article:modified_time\" content=\"2023-10-13T09:56:30+00:00\" \/>\n<meta property=\"og:image\" content=\"https:\/\/novacode.pl\/wp-content\/uploads\/2022\/04\/etykiety-magazynowe-i-produktowe.jpg\" \/>\n\t<meta property=\"og:image:width\" content=\"684\" \/>\n\t<meta property=\"og:image:height\" content=\"680\" \/>\n\t<meta property=\"og:image:type\" content=\"image\/jpeg\" \/>\n<meta name=\"twitter:card\" content=\"summary_large_image\" \/>\n<meta name=\"twitter:label1\" content=\"Gesch\u00e4tzte Lesezeit\" \/>\n\t<meta name=\"twitter:data1\" content=\"1\u00a0Minute\" \/>\n<script type=\"application\/ld+json\" class=\"yoast-schema-graph\">{\"@context\":\"https:\\\/\\\/schema.org\",\"@graph\":[{\"@type\":\"WebPage\",\"@id\":\"https:\\\/\\\/novacode.pl\\\/de\\\/produkty\\\/spezialetiketten\\\/lageretiketten\\\/\",\"url\":\"https:\\\/\\\/novacode.pl\\\/de\\\/produkty\\\/spezialetiketten\\\/lageretiketten\\\/\",\"name\":\"Etykiety magazynowe | Oznaczenia na rega\u0142y magazynowe, naklejki odette - Drukarnia etykiet Novacode\",\"isPartOf\":{\"@id\":\"https:\\\/\\\/novacode.pl\\\/#website\"},\"primaryImageOfPage\":{\"@id\":\"https:\\\/\\\/novacode.pl\\\/de\\\/produkty\\\/spezialetiketten\\\/lageretiketten\\\/#primaryimage\"},\"image\":{\"@id\":\"https:\\\/\\\/novacode.pl\\\/de\\\/produkty\\\/spezialetiketten\\\/lageretiketten\\\/#primaryimage\"},\"thumbnailUrl\":\"https:\\\/\\\/novacode.pl\\\/wp-content\\\/uploads\\\/2022\\\/04\\\/etykiety-magazynowe-i-produktowe.jpg\",\"datePublished\":\"2022-07-12T11:22:59+00:00\",\"dateModified\":\"2023-10-13T09:56:30+00:00\",\"description\":\"Etykiety magazynowe od producenta Novacode \u27a4 Zam\u00f3w etykiety samoprzylepne na rega\u0142y magazynowe z nadrukiem \u2713 Wysoka jako\u015b\u0107 i trwa\u0142o\u015b\u0107 - sprawd\u017a!\",\"breadcrumb\":{\"@id\":\"https:\\\/\\\/novacode.pl\\\/de\\\/produkty\\\/spezialetiketten\\\/lageretiketten\\\/#breadcrumb\"},\"inLanguage\":\"de\",\"potentialAction\":[{\"@type\":\"ReadAction\",\"target\":[\"https:\\\/\\\/novacode.pl\\\/de\\\/produkty\\\/spezialetiketten\\\/lageretiketten\\\/\"]}]},{\"@type\":\"ImageObject\",\"inLanguage\":\"de\",\"@id\":\"https:\\\/\\\/novacode.pl\\\/de\\\/produkty\\\/spezialetiketten\\\/lageretiketten\\\/#primaryimage\",\"url\":\"https:\\\/\\\/novacode.pl\\\/wp-content\\\/uploads\\\/2022\\\/04\\\/etykiety-magazynowe-i-produktowe.jpg\",\"contentUrl\":\"https:\\\/\\\/novacode.pl\\\/wp-content\\\/uploads\\\/2022\\\/04\\\/etykiety-magazynowe-i-produktowe.jpg\",\"width\":684,\"height\":680,\"caption\":\"etykiety magazynowe i produktowe\"},{\"@type\":\"BreadcrumbList\",\"@id\":\"https:\\\/\\\/novacode.pl\\\/de\\\/produkty\\\/spezialetiketten\\\/lageretiketten\\\/#breadcrumb\",\"itemListElement\":[{\"@type\":\"ListItem\",\"position\":1,\"name\":\"Strona g\u0142\u00f3wna\",\"item\":\"https:\\\/\\\/novacode.pl\\\/de\\\/\"},{\"@type\":\"ListItem\",\"position\":2,\"name\":\"Produkte\",\"item\":\"https:\\\/\\\/novacode.pl\\\/de\\\/produkte\\\/\"},{\"@type\":\"ListItem\",\"position\":3,\"name\":\"Lageretiketten\"}]},{\"@type\":\"WebSite\",\"@id\":\"https:\\\/\\\/novacode.pl\\\/#website\",\"url\":\"https:\\\/\\\/novacode.pl\\\/\",\"name\":\"Drukarnia etykiet Novacode\",\"description\":\"Producent etykiet samoprzylepnych\",\"publisher\":{\"@id\":\"https:\\\/\\\/novacode.pl\\\/#organization\"},\"potentialAction\":[{\"@type\":\"SearchAction\",\"target\":{\"@type\":\"EntryPoint\",\"urlTemplate\":\"https:\\\/\\\/novacode.pl\\\/?s={search_term_string}\"},\"query-input\":{\"@type\":\"PropertyValueSpecification\",\"valueRequired\":true,\"valueName\":\"search_term_string\"}}],\"inLanguage\":\"de\"},{\"@type\":\"Organization\",\"@id\":\"https:\\\/\\\/novacode.pl\\\/#organization\",\"name\":\"Drukarnia etykiet Novacode\",\"url\":\"https:\\\/\\\/novacode.pl\\\/\",\"logo\":{\"@type\":\"ImageObject\",\"inLanguage\":\"de\",\"@id\":\"https:\\\/\\\/novacode.pl\\\/#\\\/schema\\\/logo\\\/image\\\/\",\"url\":\"https:\\\/\\\/novacode.pl\\\/wp-content\\\/uploads\\\/2022\\\/03\\\/cropped-favico.png\",\"contentUrl\":\"https:\\\/\\\/novacode.pl\\\/wp-content\\\/uploads\\\/2022\\\/03\\\/cropped-favico.png\",\"width\":512,\"height\":512,\"caption\":\"Drukarnia etykiet Novacode\"},\"image\":{\"@id\":\"https:\\\/\\\/novacode.pl\\\/#\\\/schema\\\/logo\\\/image\\\/\"},\"sameAs\":[\"https:\\\/\\\/www.facebook.com\\\/NovacodeOfficialPage\"]}]}<\/script>\n<!-- \/ Yoast SEO plugin. -->","yoast_head_json":{"title":"Etykiety magazynowe | Oznaczenia na rega\u0142y magazynowe, naklejki odette - Drukarnia etykiet Novacode","description":"Etykiety magazynowe od producenta Novacode \u27a4 Zam\u00f3w etykiety samoprzylepne na rega\u0142y magazynowe z nadrukiem \u2713 Wysoka jako\u015b\u0107 i trwa\u0142o\u015b\u0107 - sprawd\u017a!","robots":{"index":"index","follow":"follow","max-snippet":"max-snippet:-1","max-image-preview":"max-image-preview:large","max-video-preview":"max-video-preview:-1"},"canonical":"https:\/\/novacode.pl\/de\/produkty\/spezialetiketten\/lageretiketten\/","og_locale":"de_DE","og_type":"article","og_title":"Etykiety magazynowe | Oznaczenia na rega\u0142y magazynowe, naklejki odette - Drukarnia etykiet Novacode","og_description":"Etykiety magazynowe od producenta Novacode \u27a4 Zam\u00f3w etykiety samoprzylepne na rega\u0142y magazynowe z nadrukiem \u2713 Wysoka jako\u015b\u0107 i trwa\u0142o\u015b\u0107 - sprawd\u017a!","og_url":"https:\/\/novacode.pl\/de\/produkty\/spezialetiketten\/lageretiketten\/","og_site_name":"Drukarnia etykiet Novacode","article_publisher":"https:\/\/www.facebook.com\/NovacodeOfficialPage","article_modified_time":"2023-10-13T09:56:30+00:00","og_image":[{"width":684,"height":680,"url":"https:\/\/novacode.pl\/wp-content\/uploads\/2022\/04\/etykiety-magazynowe-i-produktowe.jpg","type":"image\/jpeg"}],"twitter_card":"summary_large_image","twitter_misc":{"Gesch\u00e4tzte Lesezeit":"1\u00a0Minute"},"schema":{"@context":"https:\/\/schema.org","@graph":[{"@type":"WebPage","@id":"https:\/\/novacode.pl\/de\/produkty\/spezialetiketten\/lageretiketten\/","url":"https:\/\/novacode.pl\/de\/produkty\/spezialetiketten\/lageretiketten\/","name":"Etykiety magazynowe | Oznaczenia na rega\u0142y magazynowe, naklejki odette - Drukarnia etykiet Novacode","isPartOf":{"@id":"https:\/\/novacode.pl\/#website"},"primaryImageOfPage":{"@id":"https:\/\/novacode.pl\/de\/produkty\/spezialetiketten\/lageretiketten\/#primaryimage"},"image":{"@id":"https:\/\/novacode.pl\/de\/produkty\/spezialetiketten\/lageretiketten\/#primaryimage"},"thumbnailUrl":"https:\/\/novacode.pl\/wp-content\/uploads\/2022\/04\/etykiety-magazynowe-i-produktowe.jpg","datePublished":"2022-07-12T11:22:59+00:00","dateModified":"2023-10-13T09:56:30+00:00","description":"Etykiety magazynowe od producenta Novacode \u27a4 Zam\u00f3w etykiety samoprzylepne na rega\u0142y magazynowe z nadrukiem \u2713 Wysoka jako\u015b\u0107 i trwa\u0142o\u015b\u0107 - sprawd\u017a!","breadcrumb":{"@id":"https:\/\/novacode.pl\/de\/produkty\/spezialetiketten\/lageretiketten\/#breadcrumb"},"inLanguage":"de","potentialAction":[{"@type":"ReadAction","target":["https:\/\/novacode.pl\/de\/produkty\/spezialetiketten\/lageretiketten\/"]}]},{"@type":"ImageObject","inLanguage":"de","@id":"https:\/\/novacode.pl\/de\/produkty\/spezialetiketten\/lageretiketten\/#primaryimage","url":"https:\/\/novacode.pl\/wp-content\/uploads\/2022\/04\/etykiety-magazynowe-i-produktowe.jpg","contentUrl":"https:\/\/novacode.pl\/wp-content\/uploads\/2022\/04\/etykiety-magazynowe-i-produktowe.jpg","width":684,"height":680,"caption":"etykiety magazynowe i produktowe"},{"@type":"BreadcrumbList","@id":"https:\/\/novacode.pl\/de\/produkty\/spezialetiketten\/lageretiketten\/#breadcrumb","itemListElement":[{"@type":"ListItem","position":1,"name":"Strona g\u0142\u00f3wna","item":"https:\/\/novacode.pl\/de\/"},{"@type":"ListItem","position":2,"name":"Produkte","item":"https:\/\/novacode.pl\/de\/produkte\/"},{"@type":"ListItem","position":3,"name":"Lageretiketten"}]},{"@type":"WebSite","@id":"https:\/\/novacode.pl\/#website","url":"https:\/\/novacode.pl\/","name":"Drukarnia etykiet Novacode","description":"Producent etykiet samoprzylepnych","publisher":{"@id":"https:\/\/novacode.pl\/#organization"},"potentialAction":[{"@type":"SearchAction","target":{"@type":"EntryPoint","urlTemplate":"https:\/\/novacode.pl\/?s={search_term_string}"},"query-input":{"@type":"PropertyValueSpecification","valueRequired":true,"valueName":"search_term_string"}}],"inLanguage":"de"},{"@type":"Organization","@id":"https:\/\/novacode.pl\/#organization","name":"Drukarnia etykiet Novacode","url":"https:\/\/novacode.pl\/","logo":{"@type":"ImageObject","inLanguage":"de","@id":"https:\/\/novacode.pl\/#\/schema\/logo\/image\/","url":"https:\/\/novacode.pl\/wp-content\/uploads\/2022\/03\/cropped-favico.png","contentUrl":"https:\/\/novacode.pl\/wp-content\/uploads\/2022\/03\/cropped-favico.png","width":512,"height":512,"caption":"Drukarnia etykiet Novacode"},"image":{"@id":"https:\/\/novacode.pl\/#\/schema\/logo\/image\/"},"sameAs":["https:\/\/www.facebook.com\/NovacodeOfficialPage"]}]}},"_links":{"self":[{"href":"https:\/\/novacode.pl\/de\/wp-json\/wp\/v2\/product\/5324","targetHints":{"allow":["GET"]}}],"collection":[{"href":"https:\/\/novacode.pl\/de\/wp-json\/wp\/v2\/product"}],"about":[{"href":"https:\/\/novacode.pl\/de\/wp-json\/wp\/v2\/types\/product"}],"wp:featuredmedia":[{"embeddable":true,"href":"https:\/\/novacode.pl\/de\/wp-json\/wp\/v2\/media\/4204"}],"wp:attachment":[{"href":"https:\/\/novacode.pl\/de\/wp-json\/wp\/v2\/media?parent=5324"}],"wp:term":[{"taxonomy":"product_brand","embeddable":true,"href":"https:\/\/novacode.pl\/de\/wp-json\/wp\/v2\/product_brand?post=5324"},{"taxonomy":"product_cat","embeddable":true,"href":"https:\/\/novacode.pl\/de\/wp-json\/wp\/v2\/product_cat?post=5324"},{"taxonomy":"product_tag","embeddable":true,"href":"https:\/\/novacode.pl\/de\/wp-json\/wp\/v2\/product_tag?post=5324"}],"curies":[{"name":"wp","href":"https:\/\/api.w.org\/{rel}","templated":true}]}}