{"id":5316,"date":"2022-04-20T15:42:35","date_gmt":"2022-04-20T13:42:35","guid":{"rendered":"https:\/\/novacode.pl\/produkty\/unkategorisiert\/tasmy-termotransferowe-zywiczne\/"},"modified":"2023-10-13T11:39:40","modified_gmt":"2023-10-13T09:39:40","slug":"harz-thermotransferbaender","status":"publish","type":"product","link":"https:\/\/novacode.pl\/de\/produkty\/thermotransferbaender\/harz-thermotransferbaender\/","title":{"rendered":"Harz-thermotransferb\u00e4nder"},"content":{"rendered":"","protected":false},"excerpt":{"rendered":"<p>Harzb\u00e4nder sind f\u00fcr die anspruchsvollsten Anwendungen konzipiert, bei denen eine sehr gute Best\u00e4ndigkeit gegen mechanische Besch\u00e4digungen oder Chemikalien sehr wichtig ist. Ein richtig gew\u00e4hltes Transferband ist best\u00e4ndig gegen hohe Temperaturen und Feuchtigkeit. Die Auswahl des richtigen Bandtyps h\u00e4ngt vom Druckuntergrund ab. Folien-, Polyester-, Polyamid-, synthetische oder Textiletiketten \u2013 Bedrucken von jedem dieser Stoffe erfordert eine sehr genaue Analyse der Anwendung. Wir empfehlen unseren Kunden, sich mit unseren Vertriebs- oder technische Abteilung im Kontakt eizusetzen, um eine L\u00f6sung zu finden, die die h\u00f6chsten technologischen Anforderungen erf\u00fcllt.<\/p>\n","protected":false},"featured_media":6827,"template":"","meta":{"_acf_changed":false,"inline_featured_image":false},"product_brand":[],"product_cat":[139],"product_tag":[],"class_list":{"0":"post-5316","1":"product","2":"type-product","3":"status-publish","4":"has-post-thumbnail","6":"product_cat-thermotransferbaender","8":"first","9":"instock","10":"shipping-taxable","11":"product-type-simple"},"acf":[],"yoast_head":"<!-- This site is optimized with the Yoast SEO plugin v27.4 - https:\/\/yoast.com\/product\/yoast-seo-wordpress\/ -->\n<title>Ta\u015bmy \u017cywiczne termotransferowe - Drukarnia etykiet Novacode<\/title>\n<meta name=\"description\" content=\"\u017bywiczne ta\u015bmy termotransferowe do zadruku etykiet foliowych, poliestrowych oraz innych materia\u0142\u00f3w specjalistycznych: etykiety informacyjne, tabliczki znamionowe i plomby gwarancyjne\" \/>\n<meta name=\"robots\" content=\"index, follow, max-snippet:-1, max-image-preview:large, max-video-preview:-1\" \/>\n<link rel=\"canonical\" href=\"https:\/\/novacode.pl\/de\/produkty\/thermotransferbaender\/harz-thermotransferbaender\/\" \/>\n<meta property=\"og:locale\" content=\"de_DE\" \/>\n<meta property=\"og:type\" content=\"article\" \/>\n<meta property=\"og:title\" content=\"Ta\u015bmy \u017cywiczne termotransferowe - Drukarnia etykiet Novacode\" \/>\n<meta property=\"og:description\" content=\"\u017bywiczne ta\u015bmy termotransferowe do zadruku etykiet foliowych, poliestrowych oraz innych materia\u0142\u00f3w specjalistycznych: etykiety informacyjne, tabliczki znamionowe i plomby gwarancyjne\" \/>\n<meta property=\"og:url\" content=\"https:\/\/novacode.pl\/de\/produkty\/thermotransferbaender\/harz-thermotransferbaender\/\" \/>\n<meta property=\"og:site_name\" content=\"Drukarnia etykiet Novacode\" \/>\n<meta property=\"article:publisher\" content=\"https:\/\/www.facebook.com\/NovacodeOfficialPage\" \/>\n<meta property=\"article:modified_time\" content=\"2023-10-13T09:39:40+00:00\" \/>\n<meta property=\"og:image\" content=\"https:\/\/novacode.pl\/wp-content\/uploads\/2022\/04\/inkanto-resin-ribbon-2-scaled.jpg\" \/>\n\t<meta property=\"og:image:width\" content=\"2560\" \/>\n\t<meta property=\"og:image:height\" content=\"1707\" \/>\n\t<meta property=\"og:image:type\" content=\"image\/jpeg\" \/>\n<meta name=\"twitter:card\" content=\"summary_large_image\" \/>\n<script type=\"application\/ld+json\" class=\"yoast-schema-graph\">{\"@context\":\"https:\\\/\\\/schema.org\",\"@graph\":[{\"@type\":\"WebPage\",\"@id\":\"https:\\\/\\\/novacode.pl\\\/de\\\/produkty\\\/thermotransferbaender\\\/harz-thermotransferbaender\\\/\",\"url\":\"https:\\\/\\\/novacode.pl\\\/de\\\/produkty\\\/thermotransferbaender\\\/harz-thermotransferbaender\\\/\",\"name\":\"Ta\u015bmy \u017cywiczne termotransferowe - Drukarnia etykiet Novacode\",\"isPartOf\":{\"@id\":\"https:\\\/\\\/novacode.pl\\\/#website\"},\"primaryImageOfPage\":{\"@id\":\"https:\\\/\\\/novacode.pl\\\/de\\\/produkty\\\/thermotransferbaender\\\/harz-thermotransferbaender\\\/#primaryimage\"},\"image\":{\"@id\":\"https:\\\/\\\/novacode.pl\\\/de\\\/produkty\\\/thermotransferbaender\\\/harz-thermotransferbaender\\\/#primaryimage\"},\"thumbnailUrl\":\"https:\\\/\\\/novacode.pl\\\/wp-content\\\/uploads\\\/2026\\\/04\\\/tasma-zywica.jpg\",\"datePublished\":\"2022-04-20T13:42:35+00:00\",\"dateModified\":\"2023-10-13T09:39:40+00:00\",\"description\":\"\u017bywiczne ta\u015bmy termotransferowe do zadruku etykiet foliowych, poliestrowych oraz innych materia\u0142\u00f3w specjalistycznych: etykiety informacyjne, tabliczki znamionowe i plomby gwarancyjne\",\"breadcrumb\":{\"@id\":\"https:\\\/\\\/novacode.pl\\\/de\\\/produkty\\\/thermotransferbaender\\\/harz-thermotransferbaender\\\/#breadcrumb\"},\"inLanguage\":\"de\",\"potentialAction\":[{\"@type\":\"ReadAction\",\"target\":[\"https:\\\/\\\/novacode.pl\\\/de\\\/produkty\\\/thermotransferbaender\\\/harz-thermotransferbaender\\\/\"]}]},{\"@type\":\"ImageObject\",\"inLanguage\":\"de\",\"@id\":\"https:\\\/\\\/novacode.pl\\\/de\\\/produkty\\\/thermotransferbaender\\\/harz-thermotransferbaender\\\/#primaryimage\",\"url\":\"https:\\\/\\\/novacode.pl\\\/wp-content\\\/uploads\\\/2026\\\/04\\\/tasma-zywica.jpg\",\"contentUrl\":\"https:\\\/\\\/novacode.pl\\\/wp-content\\\/uploads\\\/2026\\\/04\\\/tasma-zywica.jpg\",\"width\":800,\"height\":600,\"caption\":\"ta\u015bma TTR \u017cywica (resin)\"},{\"@type\":\"BreadcrumbList\",\"@id\":\"https:\\\/\\\/novacode.pl\\\/de\\\/produkty\\\/thermotransferbaender\\\/harz-thermotransferbaender\\\/#breadcrumb\",\"itemListElement\":[{\"@type\":\"ListItem\",\"position\":1,\"name\":\"Strona g\u0142\u00f3wna\",\"item\":\"https:\\\/\\\/novacode.pl\\\/de\\\/\"},{\"@type\":\"ListItem\",\"position\":2,\"name\":\"Produkte\",\"item\":\"https:\\\/\\\/novacode.pl\\\/de\\\/produkte\\\/\"},{\"@type\":\"ListItem\",\"position\":3,\"name\":\"Harz-thermotransferb\u00e4nder\"}]},{\"@type\":\"WebSite\",\"@id\":\"https:\\\/\\\/novacode.pl\\\/#website\",\"url\":\"https:\\\/\\\/novacode.pl\\\/\",\"name\":\"Drukarnia etykiet Novacode\",\"description\":\"Producent etykiet samoprzylepnych\",\"publisher\":{\"@id\":\"https:\\\/\\\/novacode.pl\\\/#organization\"},\"potentialAction\":[{\"@type\":\"SearchAction\",\"target\":{\"@type\":\"EntryPoint\",\"urlTemplate\":\"https:\\\/\\\/novacode.pl\\\/?s={search_term_string}\"},\"query-input\":{\"@type\":\"PropertyValueSpecification\",\"valueRequired\":true,\"valueName\":\"search_term_string\"}}],\"inLanguage\":\"de\"},{\"@type\":\"Organization\",\"@id\":\"https:\\\/\\\/novacode.pl\\\/#organization\",\"name\":\"Drukarnia etykiet Novacode\",\"url\":\"https:\\\/\\\/novacode.pl\\\/\",\"logo\":{\"@type\":\"ImageObject\",\"inLanguage\":\"de\",\"@id\":\"https:\\\/\\\/novacode.pl\\\/#\\\/schema\\\/logo\\\/image\\\/\",\"url\":\"https:\\\/\\\/novacode.pl\\\/wp-content\\\/uploads\\\/2022\\\/03\\\/cropped-favico.png\",\"contentUrl\":\"https:\\\/\\\/novacode.pl\\\/wp-content\\\/uploads\\\/2022\\\/03\\\/cropped-favico.png\",\"width\":512,\"height\":512,\"caption\":\"Drukarnia etykiet Novacode\"},\"image\":{\"@id\":\"https:\\\/\\\/novacode.pl\\\/#\\\/schema\\\/logo\\\/image\\\/\"},\"sameAs\":[\"https:\\\/\\\/www.facebook.com\\\/NovacodeOfficialPage\"]}]}<\/script>\n<!-- \/ Yoast SEO plugin. -->","yoast_head_json":{"title":"Ta\u015bmy \u017cywiczne termotransferowe - Drukarnia etykiet Novacode","description":"\u017bywiczne ta\u015bmy termotransferowe do zadruku etykiet foliowych, poliestrowych oraz innych materia\u0142\u00f3w specjalistycznych: etykiety informacyjne, tabliczki znamionowe i plomby gwarancyjne","robots":{"index":"index","follow":"follow","max-snippet":"max-snippet:-1","max-image-preview":"max-image-preview:large","max-video-preview":"max-video-preview:-1"},"canonical":"https:\/\/novacode.pl\/de\/produkty\/thermotransferbaender\/harz-thermotransferbaender\/","og_locale":"de_DE","og_type":"article","og_title":"Ta\u015bmy \u017cywiczne termotransferowe - Drukarnia etykiet Novacode","og_description":"\u017bywiczne ta\u015bmy termotransferowe do zadruku etykiet foliowych, poliestrowych oraz innych materia\u0142\u00f3w specjalistycznych: etykiety informacyjne, tabliczki znamionowe i plomby gwarancyjne","og_url":"https:\/\/novacode.pl\/de\/produkty\/thermotransferbaender\/harz-thermotransferbaender\/","og_site_name":"Drukarnia etykiet Novacode","article_publisher":"https:\/\/www.facebook.com\/NovacodeOfficialPage","article_modified_time":"2023-10-13T09:39:40+00:00","og_image":[{"width":2560,"height":1707,"url":"https:\/\/novacode.pl\/wp-content\/uploads\/2022\/04\/inkanto-resin-ribbon-2-scaled.jpg","type":"image\/jpeg"}],"twitter_card":"summary_large_image","schema":{"@context":"https:\/\/schema.org","@graph":[{"@type":"WebPage","@id":"https:\/\/novacode.pl\/de\/produkty\/thermotransferbaender\/harz-thermotransferbaender\/","url":"https:\/\/novacode.pl\/de\/produkty\/thermotransferbaender\/harz-thermotransferbaender\/","name":"Ta\u015bmy \u017cywiczne termotransferowe - Drukarnia etykiet Novacode","isPartOf":{"@id":"https:\/\/novacode.pl\/#website"},"primaryImageOfPage":{"@id":"https:\/\/novacode.pl\/de\/produkty\/thermotransferbaender\/harz-thermotransferbaender\/#primaryimage"},"image":{"@id":"https:\/\/novacode.pl\/de\/produkty\/thermotransferbaender\/harz-thermotransferbaender\/#primaryimage"},"thumbnailUrl":"https:\/\/novacode.pl\/wp-content\/uploads\/2026\/04\/tasma-zywica.jpg","datePublished":"2022-04-20T13:42:35+00:00","dateModified":"2023-10-13T09:39:40+00:00","description":"\u017bywiczne ta\u015bmy termotransferowe do zadruku etykiet foliowych, poliestrowych oraz innych materia\u0142\u00f3w specjalistycznych: etykiety informacyjne, tabliczki znamionowe i plomby gwarancyjne","breadcrumb":{"@id":"https:\/\/novacode.pl\/de\/produkty\/thermotransferbaender\/harz-thermotransferbaender\/#breadcrumb"},"inLanguage":"de","potentialAction":[{"@type":"ReadAction","target":["https:\/\/novacode.pl\/de\/produkty\/thermotransferbaender\/harz-thermotransferbaender\/"]}]},{"@type":"ImageObject","inLanguage":"de","@id":"https:\/\/novacode.pl\/de\/produkty\/thermotransferbaender\/harz-thermotransferbaender\/#primaryimage","url":"https:\/\/novacode.pl\/wp-content\/uploads\/2026\/04\/tasma-zywica.jpg","contentUrl":"https:\/\/novacode.pl\/wp-content\/uploads\/2026\/04\/tasma-zywica.jpg","width":800,"height":600,"caption":"ta\u015bma TTR \u017cywica (resin)"},{"@type":"BreadcrumbList","@id":"https:\/\/novacode.pl\/de\/produkty\/thermotransferbaender\/harz-thermotransferbaender\/#breadcrumb","itemListElement":[{"@type":"ListItem","position":1,"name":"Strona g\u0142\u00f3wna","item":"https:\/\/novacode.pl\/de\/"},{"@type":"ListItem","position":2,"name":"Produkte","item":"https:\/\/novacode.pl\/de\/produkte\/"},{"@type":"ListItem","position":3,"name":"Harz-thermotransferb\u00e4nder"}]},{"@type":"WebSite","@id":"https:\/\/novacode.pl\/#website","url":"https:\/\/novacode.pl\/","name":"Drukarnia etykiet Novacode","description":"Producent etykiet samoprzylepnych","publisher":{"@id":"https:\/\/novacode.pl\/#organization"},"potentialAction":[{"@type":"SearchAction","target":{"@type":"EntryPoint","urlTemplate":"https:\/\/novacode.pl\/?s={search_term_string}"},"query-input":{"@type":"PropertyValueSpecification","valueRequired":true,"valueName":"search_term_string"}}],"inLanguage":"de"},{"@type":"Organization","@id":"https:\/\/novacode.pl\/#organization","name":"Drukarnia etykiet Novacode","url":"https:\/\/novacode.pl\/","logo":{"@type":"ImageObject","inLanguage":"de","@id":"https:\/\/novacode.pl\/#\/schema\/logo\/image\/","url":"https:\/\/novacode.pl\/wp-content\/uploads\/2022\/03\/cropped-favico.png","contentUrl":"https:\/\/novacode.pl\/wp-content\/uploads\/2022\/03\/cropped-favico.png","width":512,"height":512,"caption":"Drukarnia etykiet Novacode"},"image":{"@id":"https:\/\/novacode.pl\/#\/schema\/logo\/image\/"},"sameAs":["https:\/\/www.facebook.com\/NovacodeOfficialPage"]}]}},"_links":{"self":[{"href":"https:\/\/novacode.pl\/de\/wp-json\/wp\/v2\/product\/5316","targetHints":{"allow":["GET"]}}],"collection":[{"href":"https:\/\/novacode.pl\/de\/wp-json\/wp\/v2\/product"}],"about":[{"href":"https:\/\/novacode.pl\/de\/wp-json\/wp\/v2\/types\/product"}],"wp:featuredmedia":[{"embeddable":true,"href":"https:\/\/novacode.pl\/de\/wp-json\/wp\/v2\/media\/6827"}],"wp:attachment":[{"href":"https:\/\/novacode.pl\/de\/wp-json\/wp\/v2\/media?parent=5316"}],"wp:term":[{"taxonomy":"product_brand","embeddable":true,"href":"https:\/\/novacode.pl\/de\/wp-json\/wp\/v2\/product_brand?post=5316"},{"taxonomy":"product_cat","embeddable":true,"href":"https:\/\/novacode.pl\/de\/wp-json\/wp\/v2\/product_cat?post=5316"},{"taxonomy":"product_tag","embeddable":true,"href":"https:\/\/novacode.pl\/de\/wp-json\/wp\/v2\/product_tag?post=5316"}],"curies":[{"name":"wp","href":"https:\/\/api.w.org\/{rel}","templated":true}]}}