{"id":5312,"date":"2022-04-20T15:41:45","date_gmt":"2022-04-20T13:41:45","guid":{"rendered":"https:\/\/novacode.pl\/produkty\/unkategorisiert\/tasmy-termotransferowe-woskowe\/"},"modified":"2023-10-06T15:17:12","modified_gmt":"2023-10-06T13:17:12","slug":"wachsbaender","status":"publish","type":"product","link":"https:\/\/novacode.pl\/de\/produkty\/thermotransferbaender\/wachsbaender\/","title":{"rendered":"Wachsb\u00e4nder"},"content":{"rendered":"<p>Wachsb\u00e4nder sind der gebr\u00e4uchlichste Typ von B\u00e4ndern zum Selbstdrucken von Papieretiketten. Aufgrund ihrer geringen Abriebfestigkeit sind die am h\u00e4ufigsten ausgew\u00e4hlten Transferb\u00e4nder f\u00fcr den Druck von logistischen Etiketten und f\u00fcr die kurzfristige Kennzeichnung von Produkten.<br \/>\nDie Arten von Wachsb\u00e4ndern unterscheiden sich je nach dem erforderlichen Schw\u00e4rzungsgrad, der Abriebfestigkeit oder der Druckgeschwindigkeit und -temperatur.<br \/>\nUnser Vertriebsteam hilft den Kunden gerne bei der Auswahl der richtigen Druckl\u00f6sung.<\/p>\n","protected":false},"excerpt":{"rendered":"<p>Wachsb\u00e4nder sind der gebr\u00e4uchlichste Typ von B\u00e4ndern zum Selbstdrucken von Papieretiketten. Aufgrund ihrer geringen Abriebfestigkeit sind die am h\u00e4ufigsten ausgew\u00e4hlten&#8230;<\/p>\n","protected":false},"featured_media":6815,"template":"","meta":{"_acf_changed":false,"inline_featured_image":false},"product_brand":[],"product_cat":[139],"product_tag":[],"class_list":{"0":"post-5312","1":"product","2":"type-product","3":"status-publish","4":"has-post-thumbnail","6":"product_cat-thermotransferbaender","8":"first","9":"instock","10":"shipping-taxable","11":"product-type-simple"},"acf":[],"yoast_head":"<!-- This site is optimized with the Yoast SEO plugin v27.4 - https:\/\/yoast.com\/product\/yoast-seo-wordpress\/ -->\n<title>Ta\u015bmy woskowe termotransferowe - Drukarnia etykiet Novacode<\/title>\n<meta name=\"description\" content=\"Ta\u015bmy termotransferowe woskowe od producenta Novacode \u27a4 Do zadruku etykiet papierowych w logistyce, magazynowaniu i znakowaniu kodami kreskowymi - Sprawd\u017a!\" \/>\n<meta name=\"robots\" content=\"index, follow, max-snippet:-1, max-image-preview:large, max-video-preview:-1\" \/>\n<link rel=\"canonical\" href=\"https:\/\/novacode.pl\/de\/produkty\/thermotransferbaender\/wachsbaender\/\" \/>\n<meta property=\"og:locale\" content=\"de_DE\" \/>\n<meta property=\"og:type\" content=\"article\" \/>\n<meta property=\"og:title\" content=\"Ta\u015bmy woskowe termotransferowe - Drukarnia etykiet Novacode\" \/>\n<meta property=\"og:description\" content=\"Ta\u015bmy termotransferowe woskowe od producenta Novacode \u27a4 Do zadruku etykiet papierowych w logistyce, magazynowaniu i znakowaniu kodami kreskowymi - Sprawd\u017a!\" \/>\n<meta property=\"og:url\" content=\"https:\/\/novacode.pl\/de\/produkty\/thermotransferbaender\/wachsbaender\/\" \/>\n<meta property=\"og:site_name\" content=\"Drukarnia etykiet Novacode\" \/>\n<meta property=\"article:publisher\" content=\"https:\/\/www.facebook.com\/NovacodeOfficialPage\" \/>\n<meta property=\"article:modified_time\" content=\"2023-10-06T13:17:12+00:00\" \/>\n<meta property=\"og:image\" content=\"https:\/\/novacode.pl\/wp-content\/uploads\/2026\/04\/tasma-wosk-2.jpg\" \/>\n\t<meta property=\"og:image:width\" content=\"800\" \/>\n\t<meta property=\"og:image:height\" content=\"619\" \/>\n\t<meta property=\"og:image:type\" content=\"image\/jpeg\" \/>\n<meta name=\"twitter:card\" content=\"summary_large_image\" \/>\n<meta name=\"twitter:label1\" content=\"Gesch\u00e4tzte Lesezeit\" \/>\n\t<meta name=\"twitter:data1\" content=\"1\u00a0Minute\" \/>\n<script type=\"application\/ld+json\" class=\"yoast-schema-graph\">{\"@context\":\"https:\\\/\\\/schema.org\",\"@graph\":[{\"@type\":\"WebPage\",\"@id\":\"https:\\\/\\\/novacode.pl\\\/de\\\/produkty\\\/thermotransferbaender\\\/wachsbaender\\\/\",\"url\":\"https:\\\/\\\/novacode.pl\\\/de\\\/produkty\\\/thermotransferbaender\\\/wachsbaender\\\/\",\"name\":\"Ta\u015bmy woskowe termotransferowe - Drukarnia etykiet Novacode\",\"isPartOf\":{\"@id\":\"https:\\\/\\\/novacode.pl\\\/#website\"},\"primaryImageOfPage\":{\"@id\":\"https:\\\/\\\/novacode.pl\\\/de\\\/produkty\\\/thermotransferbaender\\\/wachsbaender\\\/#primaryimage\"},\"image\":{\"@id\":\"https:\\\/\\\/novacode.pl\\\/de\\\/produkty\\\/thermotransferbaender\\\/wachsbaender\\\/#primaryimage\"},\"thumbnailUrl\":\"https:\\\/\\\/novacode.pl\\\/wp-content\\\/uploads\\\/2026\\\/04\\\/tasma-wosk-2.jpg\",\"datePublished\":\"2022-04-20T13:41:45+00:00\",\"dateModified\":\"2023-10-06T13:17:12+00:00\",\"description\":\"Ta\u015bmy termotransferowe woskowe od producenta Novacode \u27a4 Do zadruku etykiet papierowych w logistyce, magazynowaniu i znakowaniu kodami kreskowymi - Sprawd\u017a!\",\"breadcrumb\":{\"@id\":\"https:\\\/\\\/novacode.pl\\\/de\\\/produkty\\\/thermotransferbaender\\\/wachsbaender\\\/#breadcrumb\"},\"inLanguage\":\"de\",\"potentialAction\":[{\"@type\":\"ReadAction\",\"target\":[\"https:\\\/\\\/novacode.pl\\\/de\\\/produkty\\\/thermotransferbaender\\\/wachsbaender\\\/\"]}]},{\"@type\":\"ImageObject\",\"inLanguage\":\"de\",\"@id\":\"https:\\\/\\\/novacode.pl\\\/de\\\/produkty\\\/thermotransferbaender\\\/wachsbaender\\\/#primaryimage\",\"url\":\"https:\\\/\\\/novacode.pl\\\/wp-content\\\/uploads\\\/2026\\\/04\\\/tasma-wosk-2.jpg\",\"contentUrl\":\"https:\\\/\\\/novacode.pl\\\/wp-content\\\/uploads\\\/2026\\\/04\\\/tasma-wosk-2.jpg\",\"width\":800,\"height\":619,\"caption\":\"tasma TTR woskowa\"},{\"@type\":\"BreadcrumbList\",\"@id\":\"https:\\\/\\\/novacode.pl\\\/de\\\/produkty\\\/thermotransferbaender\\\/wachsbaender\\\/#breadcrumb\",\"itemListElement\":[{\"@type\":\"ListItem\",\"position\":1,\"name\":\"Strona g\u0142\u00f3wna\",\"item\":\"https:\\\/\\\/novacode.pl\\\/de\\\/\"},{\"@type\":\"ListItem\",\"position\":2,\"name\":\"Produkte\",\"item\":\"https:\\\/\\\/novacode.pl\\\/de\\\/produkte\\\/\"},{\"@type\":\"ListItem\",\"position\":3,\"name\":\"Wachsb\u00e4nder\"}]},{\"@type\":\"WebSite\",\"@id\":\"https:\\\/\\\/novacode.pl\\\/#website\",\"url\":\"https:\\\/\\\/novacode.pl\\\/\",\"name\":\"Drukarnia etykiet Novacode\",\"description\":\"Producent etykiet samoprzylepnych\",\"publisher\":{\"@id\":\"https:\\\/\\\/novacode.pl\\\/#organization\"},\"potentialAction\":[{\"@type\":\"SearchAction\",\"target\":{\"@type\":\"EntryPoint\",\"urlTemplate\":\"https:\\\/\\\/novacode.pl\\\/?s={search_term_string}\"},\"query-input\":{\"@type\":\"PropertyValueSpecification\",\"valueRequired\":true,\"valueName\":\"search_term_string\"}}],\"inLanguage\":\"de\"},{\"@type\":\"Organization\",\"@id\":\"https:\\\/\\\/novacode.pl\\\/#organization\",\"name\":\"Drukarnia etykiet Novacode\",\"url\":\"https:\\\/\\\/novacode.pl\\\/\",\"logo\":{\"@type\":\"ImageObject\",\"inLanguage\":\"de\",\"@id\":\"https:\\\/\\\/novacode.pl\\\/#\\\/schema\\\/logo\\\/image\\\/\",\"url\":\"https:\\\/\\\/novacode.pl\\\/wp-content\\\/uploads\\\/2022\\\/03\\\/cropped-favico.png\",\"contentUrl\":\"https:\\\/\\\/novacode.pl\\\/wp-content\\\/uploads\\\/2022\\\/03\\\/cropped-favico.png\",\"width\":512,\"height\":512,\"caption\":\"Drukarnia etykiet Novacode\"},\"image\":{\"@id\":\"https:\\\/\\\/novacode.pl\\\/#\\\/schema\\\/logo\\\/image\\\/\"},\"sameAs\":[\"https:\\\/\\\/www.facebook.com\\\/NovacodeOfficialPage\"]}]}<\/script>\n<!-- \/ Yoast SEO plugin. -->","yoast_head_json":{"title":"Ta\u015bmy woskowe termotransferowe - Drukarnia etykiet Novacode","description":"Ta\u015bmy termotransferowe woskowe od producenta Novacode \u27a4 Do zadruku etykiet papierowych w logistyce, magazynowaniu i znakowaniu kodami kreskowymi - Sprawd\u017a!","robots":{"index":"index","follow":"follow","max-snippet":"max-snippet:-1","max-image-preview":"max-image-preview:large","max-video-preview":"max-video-preview:-1"},"canonical":"https:\/\/novacode.pl\/de\/produkty\/thermotransferbaender\/wachsbaender\/","og_locale":"de_DE","og_type":"article","og_title":"Ta\u015bmy woskowe termotransferowe - Drukarnia etykiet Novacode","og_description":"Ta\u015bmy termotransferowe woskowe od producenta Novacode \u27a4 Do zadruku etykiet papierowych w logistyce, magazynowaniu i znakowaniu kodami kreskowymi - Sprawd\u017a!","og_url":"https:\/\/novacode.pl\/de\/produkty\/thermotransferbaender\/wachsbaender\/","og_site_name":"Drukarnia etykiet Novacode","article_publisher":"https:\/\/www.facebook.com\/NovacodeOfficialPage","article_modified_time":"2023-10-06T13:17:12+00:00","og_image":[{"width":800,"height":619,"url":"https:\/\/novacode.pl\/wp-content\/uploads\/2026\/04\/tasma-wosk-2.jpg","type":"image\/jpeg"}],"twitter_card":"summary_large_image","twitter_misc":{"Gesch\u00e4tzte Lesezeit":"1\u00a0Minute"},"schema":{"@context":"https:\/\/schema.org","@graph":[{"@type":"WebPage","@id":"https:\/\/novacode.pl\/de\/produkty\/thermotransferbaender\/wachsbaender\/","url":"https:\/\/novacode.pl\/de\/produkty\/thermotransferbaender\/wachsbaender\/","name":"Ta\u015bmy woskowe termotransferowe - Drukarnia etykiet Novacode","isPartOf":{"@id":"https:\/\/novacode.pl\/#website"},"primaryImageOfPage":{"@id":"https:\/\/novacode.pl\/de\/produkty\/thermotransferbaender\/wachsbaender\/#primaryimage"},"image":{"@id":"https:\/\/novacode.pl\/de\/produkty\/thermotransferbaender\/wachsbaender\/#primaryimage"},"thumbnailUrl":"https:\/\/novacode.pl\/wp-content\/uploads\/2026\/04\/tasma-wosk-2.jpg","datePublished":"2022-04-20T13:41:45+00:00","dateModified":"2023-10-06T13:17:12+00:00","description":"Ta\u015bmy termotransferowe woskowe od producenta Novacode \u27a4 Do zadruku etykiet papierowych w logistyce, magazynowaniu i znakowaniu kodami kreskowymi - Sprawd\u017a!","breadcrumb":{"@id":"https:\/\/novacode.pl\/de\/produkty\/thermotransferbaender\/wachsbaender\/#breadcrumb"},"inLanguage":"de","potentialAction":[{"@type":"ReadAction","target":["https:\/\/novacode.pl\/de\/produkty\/thermotransferbaender\/wachsbaender\/"]}]},{"@type":"ImageObject","inLanguage":"de","@id":"https:\/\/novacode.pl\/de\/produkty\/thermotransferbaender\/wachsbaender\/#primaryimage","url":"https:\/\/novacode.pl\/wp-content\/uploads\/2026\/04\/tasma-wosk-2.jpg","contentUrl":"https:\/\/novacode.pl\/wp-content\/uploads\/2026\/04\/tasma-wosk-2.jpg","width":800,"height":619,"caption":"tasma TTR woskowa"},{"@type":"BreadcrumbList","@id":"https:\/\/novacode.pl\/de\/produkty\/thermotransferbaender\/wachsbaender\/#breadcrumb","itemListElement":[{"@type":"ListItem","position":1,"name":"Strona g\u0142\u00f3wna","item":"https:\/\/novacode.pl\/de\/"},{"@type":"ListItem","position":2,"name":"Produkte","item":"https:\/\/novacode.pl\/de\/produkte\/"},{"@type":"ListItem","position":3,"name":"Wachsb\u00e4nder"}]},{"@type":"WebSite","@id":"https:\/\/novacode.pl\/#website","url":"https:\/\/novacode.pl\/","name":"Drukarnia etykiet Novacode","description":"Producent etykiet samoprzylepnych","publisher":{"@id":"https:\/\/novacode.pl\/#organization"},"potentialAction":[{"@type":"SearchAction","target":{"@type":"EntryPoint","urlTemplate":"https:\/\/novacode.pl\/?s={search_term_string}"},"query-input":{"@type":"PropertyValueSpecification","valueRequired":true,"valueName":"search_term_string"}}],"inLanguage":"de"},{"@type":"Organization","@id":"https:\/\/novacode.pl\/#organization","name":"Drukarnia etykiet Novacode","url":"https:\/\/novacode.pl\/","logo":{"@type":"ImageObject","inLanguage":"de","@id":"https:\/\/novacode.pl\/#\/schema\/logo\/image\/","url":"https:\/\/novacode.pl\/wp-content\/uploads\/2022\/03\/cropped-favico.png","contentUrl":"https:\/\/novacode.pl\/wp-content\/uploads\/2022\/03\/cropped-favico.png","width":512,"height":512,"caption":"Drukarnia etykiet Novacode"},"image":{"@id":"https:\/\/novacode.pl\/#\/schema\/logo\/image\/"},"sameAs":["https:\/\/www.facebook.com\/NovacodeOfficialPage"]}]}},"_links":{"self":[{"href":"https:\/\/novacode.pl\/de\/wp-json\/wp\/v2\/product\/5312","targetHints":{"allow":["GET"]}}],"collection":[{"href":"https:\/\/novacode.pl\/de\/wp-json\/wp\/v2\/product"}],"about":[{"href":"https:\/\/novacode.pl\/de\/wp-json\/wp\/v2\/types\/product"}],"wp:featuredmedia":[{"embeddable":true,"href":"https:\/\/novacode.pl\/de\/wp-json\/wp\/v2\/media\/6815"}],"wp:attachment":[{"href":"https:\/\/novacode.pl\/de\/wp-json\/wp\/v2\/media?parent=5312"}],"wp:term":[{"taxonomy":"product_brand","embeddable":true,"href":"https:\/\/novacode.pl\/de\/wp-json\/wp\/v2\/product_brand?post=5312"},{"taxonomy":"product_cat","embeddable":true,"href":"https:\/\/novacode.pl\/de\/wp-json\/wp\/v2\/product_cat?post=5312"},{"taxonomy":"product_tag","embeddable":true,"href":"https:\/\/novacode.pl\/de\/wp-json\/wp\/v2\/product_tag?post=5312"}],"curies":[{"name":"wp","href":"https:\/\/api.w.org\/{rel}","templated":true}]}}