{"id":5310,"date":"2022-04-20T15:43:31","date_gmt":"2022-04-20T13:43:31","guid":{"rendered":"https:\/\/novacode.pl\/produkty\/unkategorisiert\/tasmy-termotransferowe-kolorowe\/"},"modified":"2023-10-06T15:16:29","modified_gmt":"2023-10-06T13:16:29","slug":"farbbaender","status":"publish","type":"product","link":"https:\/\/novacode.pl\/de\/produkty\/thermotransferbaender\/farbbaender\/","title":{"rendered":"Farbb\u00e4nder"},"content":{"rendered":"","protected":false},"excerpt":{"rendered":"<p>Thermotransferdruck muss nicht monochrom sein. Wir bieten die M\u00f6glichkeit an, Farbb\u00e4nder beim Drucken von selbstklebenden Etiketten zu verwenden. Es gibt keine Beschr\u00e4nkungen f\u00fcr Tr\u00e4ger \u2013 Farbb\u00e4nder k\u00f6nnen sowohl f\u00fcr den Druck von Papieretiketten, Folienetiketten als auch Textiletiketten verwendet werden. Alle B\u00e4nder: Wachs-, Wachs und Harz- und Harzb\u00e4nder sind in Farbvarianten erh\u00e4ltlich. Ein unbestrittener Vorteil von Farbb\u00e4ndern ist die M\u00f6glichkeit, auf den speziellen Zweifarbdruckern Cab XC4 und XC6 zu drucken. Diese L\u00f6sung ist besonders beim Drucken von logistischen und Warnetiketten g\u00fcnstig. Bei der Auswahl von Farbb\u00e4ndern und Etikettendrucker k\u00f6nnen sich unsere Kunden von dem Vertriebsteam und der technischen Abteilung beraten lassen.<\/p>\n","protected":false},"featured_media":4360,"template":"","meta":{"_acf_changed":false,"inline_featured_image":false},"product_brand":[],"product_cat":[139],"product_tag":[],"class_list":{"0":"post-5310","1":"product","2":"type-product","3":"status-publish","4":"has-post-thumbnail","6":"product_cat-thermotransferbaender","8":"first","9":"instock","10":"shipping-taxable","11":"product-type-simple"},"acf":[],"yoast_head":"<!-- This site is optimized with the Yoast SEO plugin v27.4 - https:\/\/yoast.com\/product\/yoast-seo-wordpress\/ -->\n<title>Farbb\u00e4nder | Novacode<\/title>\n<meta name=\"description\" content=\"Ta\u015bmy termotransferowe kolorowe od producenta Novacode \u27a4 Oferujemy wielokolorowe ta\u015bmy termotransferowe TTR | Wysoka jako\u015b\u0107 i profesjonalne wyko\u0144czenie - Sprawd\u017a!\" \/>\n<meta name=\"robots\" content=\"index, follow, max-snippet:-1, max-image-preview:large, max-video-preview:-1\" \/>\n<link rel=\"canonical\" href=\"https:\/\/novacode.pl\/de\/produkty\/thermotransferbaender\/farbbaender\/\" \/>\n<meta property=\"og:locale\" content=\"de_DE\" \/>\n<meta property=\"og:type\" content=\"article\" \/>\n<meta property=\"og:title\" content=\"Farbb\u00e4nder | Novacode\" \/>\n<meta property=\"og:description\" content=\"Ta\u015bmy termotransferowe kolorowe od producenta Novacode \u27a4 Oferujemy wielokolorowe ta\u015bmy termotransferowe TTR | Wysoka jako\u015b\u0107 i profesjonalne wyko\u0144czenie - Sprawd\u017a!\" \/>\n<meta property=\"og:url\" content=\"https:\/\/novacode.pl\/de\/produkty\/thermotransferbaender\/farbbaender\/\" \/>\n<meta property=\"og:site_name\" content=\"Drukarnia etykiet Novacode\" \/>\n<meta property=\"article:publisher\" content=\"https:\/\/www.facebook.com\/NovacodeOfficialPage\" \/>\n<meta property=\"article:modified_time\" content=\"2023-10-06T13:16:29+00:00\" \/>\n<meta property=\"og:image\" content=\"https:\/\/novacode.pl\/wp-content\/uploads\/2022\/04\/inkanto-colour-ribbons-scaled.jpg\" \/>\n\t<meta property=\"og:image:width\" content=\"2560\" \/>\n\t<meta property=\"og:image:height\" content=\"1618\" \/>\n\t<meta property=\"og:image:type\" content=\"image\/jpeg\" \/>\n<meta name=\"twitter:card\" content=\"summary_large_image\" \/>\n<script type=\"application\/ld+json\" class=\"yoast-schema-graph\">{\"@context\":\"https:\\\/\\\/schema.org\",\"@graph\":[{\"@type\":\"WebPage\",\"@id\":\"https:\\\/\\\/novacode.pl\\\/de\\\/produkty\\\/thermotransferbaender\\\/farbbaender\\\/\",\"url\":\"https:\\\/\\\/novacode.pl\\\/de\\\/produkty\\\/thermotransferbaender\\\/farbbaender\\\/\",\"name\":\"Farbb\u00e4nder | Novacode\",\"isPartOf\":{\"@id\":\"https:\\\/\\\/novacode.pl\\\/#website\"},\"primaryImageOfPage\":{\"@id\":\"https:\\\/\\\/novacode.pl\\\/de\\\/produkty\\\/thermotransferbaender\\\/farbbaender\\\/#primaryimage\"},\"image\":{\"@id\":\"https:\\\/\\\/novacode.pl\\\/de\\\/produkty\\\/thermotransferbaender\\\/farbbaender\\\/#primaryimage\"},\"thumbnailUrl\":\"https:\\\/\\\/novacode.pl\\\/wp-content\\\/uploads\\\/2022\\\/04\\\/inkanto-colour-ribbons-scaled.jpg\",\"datePublished\":\"2022-04-20T13:43:31+00:00\",\"dateModified\":\"2023-10-06T13:16:29+00:00\",\"description\":\"Ta\u015bmy termotransferowe kolorowe od producenta Novacode \u27a4 Oferujemy wielokolorowe ta\u015bmy termotransferowe TTR | Wysoka jako\u015b\u0107 i profesjonalne wyko\u0144czenie - Sprawd\u017a!\",\"breadcrumb\":{\"@id\":\"https:\\\/\\\/novacode.pl\\\/de\\\/produkty\\\/thermotransferbaender\\\/farbbaender\\\/#breadcrumb\"},\"inLanguage\":\"de\",\"potentialAction\":[{\"@type\":\"ReadAction\",\"target\":[\"https:\\\/\\\/novacode.pl\\\/de\\\/produkty\\\/thermotransferbaender\\\/farbbaender\\\/\"]}]},{\"@type\":\"ImageObject\",\"inLanguage\":\"de\",\"@id\":\"https:\\\/\\\/novacode.pl\\\/de\\\/produkty\\\/thermotransferbaender\\\/farbbaender\\\/#primaryimage\",\"url\":\"https:\\\/\\\/novacode.pl\\\/wp-content\\\/uploads\\\/2022\\\/04\\\/inkanto-colour-ribbons-scaled.jpg\",\"contentUrl\":\"https:\\\/\\\/novacode.pl\\\/wp-content\\\/uploads\\\/2022\\\/04\\\/inkanto-colour-ribbons-scaled.jpg\",\"width\":2560,\"height\":1618,\"caption\":\"Tasmy termotransferowe inkanto colour ribbons\"},{\"@type\":\"BreadcrumbList\",\"@id\":\"https:\\\/\\\/novacode.pl\\\/de\\\/produkty\\\/thermotransferbaender\\\/farbbaender\\\/#breadcrumb\",\"itemListElement\":[{\"@type\":\"ListItem\",\"position\":1,\"name\":\"Strona g\u0142\u00f3wna\",\"item\":\"https:\\\/\\\/novacode.pl\\\/de\\\/\"},{\"@type\":\"ListItem\",\"position\":2,\"name\":\"Produkte\",\"item\":\"https:\\\/\\\/novacode.pl\\\/de\\\/produkte\\\/\"},{\"@type\":\"ListItem\",\"position\":3,\"name\":\"Farbb\u00e4nder\"}]},{\"@type\":\"WebSite\",\"@id\":\"https:\\\/\\\/novacode.pl\\\/#website\",\"url\":\"https:\\\/\\\/novacode.pl\\\/\",\"name\":\"Drukarnia etykiet Novacode\",\"description\":\"Producent etykiet samoprzylepnych\",\"publisher\":{\"@id\":\"https:\\\/\\\/novacode.pl\\\/#organization\"},\"potentialAction\":[{\"@type\":\"SearchAction\",\"target\":{\"@type\":\"EntryPoint\",\"urlTemplate\":\"https:\\\/\\\/novacode.pl\\\/?s={search_term_string}\"},\"query-input\":{\"@type\":\"PropertyValueSpecification\",\"valueRequired\":true,\"valueName\":\"search_term_string\"}}],\"inLanguage\":\"de\"},{\"@type\":\"Organization\",\"@id\":\"https:\\\/\\\/novacode.pl\\\/#organization\",\"name\":\"Drukarnia etykiet Novacode\",\"url\":\"https:\\\/\\\/novacode.pl\\\/\",\"logo\":{\"@type\":\"ImageObject\",\"inLanguage\":\"de\",\"@id\":\"https:\\\/\\\/novacode.pl\\\/#\\\/schema\\\/logo\\\/image\\\/\",\"url\":\"https:\\\/\\\/novacode.pl\\\/wp-content\\\/uploads\\\/2022\\\/03\\\/cropped-favico.png\",\"contentUrl\":\"https:\\\/\\\/novacode.pl\\\/wp-content\\\/uploads\\\/2022\\\/03\\\/cropped-favico.png\",\"width\":512,\"height\":512,\"caption\":\"Drukarnia etykiet Novacode\"},\"image\":{\"@id\":\"https:\\\/\\\/novacode.pl\\\/#\\\/schema\\\/logo\\\/image\\\/\"},\"sameAs\":[\"https:\\\/\\\/www.facebook.com\\\/NovacodeOfficialPage\"]}]}<\/script>\n<!-- \/ Yoast SEO plugin. -->","yoast_head_json":{"title":"Farbb\u00e4nder | Novacode","description":"Ta\u015bmy termotransferowe kolorowe od producenta Novacode \u27a4 Oferujemy wielokolorowe ta\u015bmy termotransferowe TTR | Wysoka jako\u015b\u0107 i profesjonalne wyko\u0144czenie - Sprawd\u017a!","robots":{"index":"index","follow":"follow","max-snippet":"max-snippet:-1","max-image-preview":"max-image-preview:large","max-video-preview":"max-video-preview:-1"},"canonical":"https:\/\/novacode.pl\/de\/produkty\/thermotransferbaender\/farbbaender\/","og_locale":"de_DE","og_type":"article","og_title":"Farbb\u00e4nder | Novacode","og_description":"Ta\u015bmy termotransferowe kolorowe od producenta Novacode \u27a4 Oferujemy wielokolorowe ta\u015bmy termotransferowe TTR | Wysoka jako\u015b\u0107 i profesjonalne wyko\u0144czenie - Sprawd\u017a!","og_url":"https:\/\/novacode.pl\/de\/produkty\/thermotransferbaender\/farbbaender\/","og_site_name":"Drukarnia etykiet Novacode","article_publisher":"https:\/\/www.facebook.com\/NovacodeOfficialPage","article_modified_time":"2023-10-06T13:16:29+00:00","og_image":[{"width":2560,"height":1618,"url":"https:\/\/novacode.pl\/wp-content\/uploads\/2022\/04\/inkanto-colour-ribbons-scaled.jpg","type":"image\/jpeg"}],"twitter_card":"summary_large_image","schema":{"@context":"https:\/\/schema.org","@graph":[{"@type":"WebPage","@id":"https:\/\/novacode.pl\/de\/produkty\/thermotransferbaender\/farbbaender\/","url":"https:\/\/novacode.pl\/de\/produkty\/thermotransferbaender\/farbbaender\/","name":"Farbb\u00e4nder | Novacode","isPartOf":{"@id":"https:\/\/novacode.pl\/#website"},"primaryImageOfPage":{"@id":"https:\/\/novacode.pl\/de\/produkty\/thermotransferbaender\/farbbaender\/#primaryimage"},"image":{"@id":"https:\/\/novacode.pl\/de\/produkty\/thermotransferbaender\/farbbaender\/#primaryimage"},"thumbnailUrl":"https:\/\/novacode.pl\/wp-content\/uploads\/2022\/04\/inkanto-colour-ribbons-scaled.jpg","datePublished":"2022-04-20T13:43:31+00:00","dateModified":"2023-10-06T13:16:29+00:00","description":"Ta\u015bmy termotransferowe kolorowe od producenta Novacode \u27a4 Oferujemy wielokolorowe ta\u015bmy termotransferowe TTR | Wysoka jako\u015b\u0107 i profesjonalne wyko\u0144czenie - Sprawd\u017a!","breadcrumb":{"@id":"https:\/\/novacode.pl\/de\/produkty\/thermotransferbaender\/farbbaender\/#breadcrumb"},"inLanguage":"de","potentialAction":[{"@type":"ReadAction","target":["https:\/\/novacode.pl\/de\/produkty\/thermotransferbaender\/farbbaender\/"]}]},{"@type":"ImageObject","inLanguage":"de","@id":"https:\/\/novacode.pl\/de\/produkty\/thermotransferbaender\/farbbaender\/#primaryimage","url":"https:\/\/novacode.pl\/wp-content\/uploads\/2022\/04\/inkanto-colour-ribbons-scaled.jpg","contentUrl":"https:\/\/novacode.pl\/wp-content\/uploads\/2022\/04\/inkanto-colour-ribbons-scaled.jpg","width":2560,"height":1618,"caption":"Tasmy termotransferowe inkanto colour ribbons"},{"@type":"BreadcrumbList","@id":"https:\/\/novacode.pl\/de\/produkty\/thermotransferbaender\/farbbaender\/#breadcrumb","itemListElement":[{"@type":"ListItem","position":1,"name":"Strona g\u0142\u00f3wna","item":"https:\/\/novacode.pl\/de\/"},{"@type":"ListItem","position":2,"name":"Produkte","item":"https:\/\/novacode.pl\/de\/produkte\/"},{"@type":"ListItem","position":3,"name":"Farbb\u00e4nder"}]},{"@type":"WebSite","@id":"https:\/\/novacode.pl\/#website","url":"https:\/\/novacode.pl\/","name":"Drukarnia etykiet Novacode","description":"Producent etykiet samoprzylepnych","publisher":{"@id":"https:\/\/novacode.pl\/#organization"},"potentialAction":[{"@type":"SearchAction","target":{"@type":"EntryPoint","urlTemplate":"https:\/\/novacode.pl\/?s={search_term_string}"},"query-input":{"@type":"PropertyValueSpecification","valueRequired":true,"valueName":"search_term_string"}}],"inLanguage":"de"},{"@type":"Organization","@id":"https:\/\/novacode.pl\/#organization","name":"Drukarnia etykiet Novacode","url":"https:\/\/novacode.pl\/","logo":{"@type":"ImageObject","inLanguage":"de","@id":"https:\/\/novacode.pl\/#\/schema\/logo\/image\/","url":"https:\/\/novacode.pl\/wp-content\/uploads\/2022\/03\/cropped-favico.png","contentUrl":"https:\/\/novacode.pl\/wp-content\/uploads\/2022\/03\/cropped-favico.png","width":512,"height":512,"caption":"Drukarnia etykiet Novacode"},"image":{"@id":"https:\/\/novacode.pl\/#\/schema\/logo\/image\/"},"sameAs":["https:\/\/www.facebook.com\/NovacodeOfficialPage"]}]}},"_links":{"self":[{"href":"https:\/\/novacode.pl\/de\/wp-json\/wp\/v2\/product\/5310","targetHints":{"allow":["GET"]}}],"collection":[{"href":"https:\/\/novacode.pl\/de\/wp-json\/wp\/v2\/product"}],"about":[{"href":"https:\/\/novacode.pl\/de\/wp-json\/wp\/v2\/types\/product"}],"wp:featuredmedia":[{"embeddable":true,"href":"https:\/\/novacode.pl\/de\/wp-json\/wp\/v2\/media\/4360"}],"wp:attachment":[{"href":"https:\/\/novacode.pl\/de\/wp-json\/wp\/v2\/media?parent=5310"}],"wp:term":[{"taxonomy":"product_brand","embeddable":true,"href":"https:\/\/novacode.pl\/de\/wp-json\/wp\/v2\/product_brand?post=5310"},{"taxonomy":"product_cat","embeddable":true,"href":"https:\/\/novacode.pl\/de\/wp-json\/wp\/v2\/product_cat?post=5310"},{"taxonomy":"product_tag","embeddable":true,"href":"https:\/\/novacode.pl\/de\/wp-json\/wp\/v2\/product_tag?post=5310"}],"curies":[{"name":"wp","href":"https:\/\/api.w.org\/{rel}","templated":true}]}}