{"id":5308,"date":"2022-04-20T12:53:03","date_gmt":"2022-04-20T10:53:03","guid":{"rendered":"https:\/\/novacode.pl\/produkty\/unkategorisiert\/owijki-na-worki-na-smieci\/"},"modified":"2023-10-06T14:14:44","modified_gmt":"2023-10-06T12:14:44","slug":"umhuellungen-fuer-muellsaecke","status":"publish","type":"product","link":"https:\/\/novacode.pl\/de\/produkty\/dekorative-etiketten-de\/umhuellungen-fuer-muellsaecke\/","title":{"rendered":"Umh\u00fcllungen f\u00fcr M\u00fclls\u00e4cke"},"content":{"rendered":"<p>Banderolen werden aus gummiertem Papier mit Trockenkleber hergestellt, der nach Befeuchtung mit Wasser aktiviert wird. Auf der Oberseite ist ein mehrfarbiger Druck mit zahlreichen Verzierungstechniken m\u00f6glich. Wir haben die technischen M\u00f6glichkeiten, Banderolen mit einer einzigartigen Chargennummer mit der Ink-Jet-Technologie zu kennzeichnen. Am h\u00e4ufigsten werden Banderolen f\u00fcr M\u00fclls\u00e4cke verwendet.<\/p>\n<p>Banderolen k\u00f6nnen mit einem Abrei\u00dfstreifen (Quick Strip oder Easy Open) versehen werden. Wir haben eine einzigartige L\u00f6sung f\u00fcr diese Art von Produkt entwickelt. Durch den richtigen Winkel der Platzierung des Abrei\u00dfstreifens wird die Verpackung entsprechend der nat\u00fcrlichen Handbewegung gerissen, was die Benutzerfreundlichkeit des Produkts erheblich erh\u00f6ht. Au\u00dferdem besteht der Abrei\u00dfstreifen aus Papier, so dass die gesamte Verpackung nach dem \u00d6ffnen als einheitlicher Papierabfall behandelt werden kann.<\/p>\n<p>Unsere L\u00f6sung besitzt den industriellen EUIPO-Musterschutz.<\/p>\n","protected":false},"excerpt":{"rendered":"<p>Banderolen werden aus gummiertem Papier mit Trockenkleber hergestellt, der nach Befeuchtung mit Wasser aktiviert wird. Auf der Oberseite ist ein&#8230;<\/p>\n","protected":false},"featured_media":4423,"template":"","meta":{"_acf_changed":false,"inline_featured_image":false},"product_brand":[],"product_cat":[134],"product_tag":[],"class_list":{"0":"post-5308","1":"product","2":"type-product","3":"status-publish","4":"has-post-thumbnail","6":"product_cat-dekorative-etiketten-de","7":"industry-haushaltschemikalien-und-haushaltswaren","8":"industry-industrieetiketten","9":"industry-logistik","11":"first","12":"instock","13":"shipping-taxable","14":"product-type-simple"},"acf":[],"yoast_head":"<!-- This site is optimized with the Yoast SEO plugin v27.4 - https:\/\/yoast.com\/product\/yoast-seo-wordpress\/ -->\n<title>Owijki na worki na \u015bmieci | Etykiety na worki - Drukarnia etykiet Novacode<\/title>\n<meta name=\"description\" content=\"Owijki na worki na \u015bmieci z drukarni etykiet Novacode \u27a4 Oferujemy etykiety z nadrukiem i paskiem zrywnym do oznaczania work\u00f3w na \u015bmieci | Sprawd\u017a!\" \/>\n<meta name=\"robots\" content=\"index, follow, max-snippet:-1, max-image-preview:large, max-video-preview:-1\" \/>\n<link rel=\"canonical\" href=\"https:\/\/novacode.pl\/de\/produkty\/dekorative-etiketten-de\/umhuellungen-fuer-muellsaecke\/\" \/>\n<meta property=\"og:locale\" content=\"de_DE\" \/>\n<meta property=\"og:type\" content=\"article\" \/>\n<meta property=\"og:title\" content=\"Owijki na worki na \u015bmieci | Etykiety na worki - Drukarnia etykiet Novacode\" \/>\n<meta property=\"og:description\" content=\"Owijki na worki na \u015bmieci z drukarni etykiet Novacode \u27a4 Oferujemy etykiety z nadrukiem i paskiem zrywnym do oznaczania work\u00f3w na \u015bmieci | Sprawd\u017a!\" \/>\n<meta property=\"og:url\" content=\"https:\/\/novacode.pl\/de\/produkty\/dekorative-etiketten-de\/umhuellungen-fuer-muellsaecke\/\" \/>\n<meta property=\"og:site_name\" content=\"Drukarnia etykiet Novacode\" \/>\n<meta property=\"article:publisher\" content=\"https:\/\/www.facebook.com\/NovacodeOfficialPage\" \/>\n<meta property=\"article:modified_time\" content=\"2023-10-06T12:14:44+00:00\" \/>\n<meta property=\"og:image\" content=\"https:\/\/novacode.pl\/wp-content\/uploads\/2022\/04\/owijki.jpg\" \/>\n\t<meta property=\"og:image:width\" content=\"1280\" \/>\n\t<meta property=\"og:image:height\" content=\"1280\" \/>\n\t<meta property=\"og:image:type\" content=\"image\/jpeg\" \/>\n<meta name=\"twitter:card\" content=\"summary_large_image\" \/>\n<meta name=\"twitter:label1\" content=\"Gesch\u00e4tzte Lesezeit\" \/>\n\t<meta name=\"twitter:data1\" content=\"1\u00a0Minute\" \/>\n<script type=\"application\/ld+json\" class=\"yoast-schema-graph\">{\"@context\":\"https:\\\/\\\/schema.org\",\"@graph\":[{\"@type\":\"WebPage\",\"@id\":\"https:\\\/\\\/novacode.pl\\\/de\\\/produkty\\\/dekorative-etiketten-de\\\/umhuellungen-fuer-muellsaecke\\\/\",\"url\":\"https:\\\/\\\/novacode.pl\\\/de\\\/produkty\\\/dekorative-etiketten-de\\\/umhuellungen-fuer-muellsaecke\\\/\",\"name\":\"Owijki na worki na \u015bmieci | Etykiety na worki - Drukarnia etykiet Novacode\",\"isPartOf\":{\"@id\":\"https:\\\/\\\/novacode.pl\\\/#website\"},\"primaryImageOfPage\":{\"@id\":\"https:\\\/\\\/novacode.pl\\\/de\\\/produkty\\\/dekorative-etiketten-de\\\/umhuellungen-fuer-muellsaecke\\\/#primaryimage\"},\"image\":{\"@id\":\"https:\\\/\\\/novacode.pl\\\/de\\\/produkty\\\/dekorative-etiketten-de\\\/umhuellungen-fuer-muellsaecke\\\/#primaryimage\"},\"thumbnailUrl\":\"https:\\\/\\\/novacode.pl\\\/wp-content\\\/uploads\\\/2022\\\/04\\\/owijki.jpg\",\"datePublished\":\"2022-04-20T10:53:03+00:00\",\"dateModified\":\"2023-10-06T12:14:44+00:00\",\"description\":\"Owijki na worki na \u015bmieci z drukarni etykiet Novacode \u27a4 Oferujemy etykiety z nadrukiem i paskiem zrywnym do oznaczania work\u00f3w na \u015bmieci | Sprawd\u017a!\",\"breadcrumb\":{\"@id\":\"https:\\\/\\\/novacode.pl\\\/de\\\/produkty\\\/dekorative-etiketten-de\\\/umhuellungen-fuer-muellsaecke\\\/#breadcrumb\"},\"inLanguage\":\"de\",\"potentialAction\":[{\"@type\":\"ReadAction\",\"target\":[\"https:\\\/\\\/novacode.pl\\\/de\\\/produkty\\\/dekorative-etiketten-de\\\/umhuellungen-fuer-muellsaecke\\\/\"]}]},{\"@type\":\"ImageObject\",\"inLanguage\":\"de\",\"@id\":\"https:\\\/\\\/novacode.pl\\\/de\\\/produkty\\\/dekorative-etiketten-de\\\/umhuellungen-fuer-muellsaecke\\\/#primaryimage\",\"url\":\"https:\\\/\\\/novacode.pl\\\/wp-content\\\/uploads\\\/2022\\\/04\\\/owijki.jpg\",\"contentUrl\":\"https:\\\/\\\/novacode.pl\\\/wp-content\\\/uploads\\\/2022\\\/04\\\/owijki.jpg\",\"width\":1280,\"height\":1280,\"caption\":\"Owijki i etykiety na worki na \u015bmieci\"},{\"@type\":\"BreadcrumbList\",\"@id\":\"https:\\\/\\\/novacode.pl\\\/de\\\/produkty\\\/dekorative-etiketten-de\\\/umhuellungen-fuer-muellsaecke\\\/#breadcrumb\",\"itemListElement\":[{\"@type\":\"ListItem\",\"position\":1,\"name\":\"Strona g\u0142\u00f3wna\",\"item\":\"https:\\\/\\\/novacode.pl\\\/de\\\/\"},{\"@type\":\"ListItem\",\"position\":2,\"name\":\"Produkte\",\"item\":\"https:\\\/\\\/novacode.pl\\\/de\\\/produkte\\\/\"},{\"@type\":\"ListItem\",\"position\":3,\"name\":\"Umh\u00fcllungen f\u00fcr M\u00fclls\u00e4cke\"}]},{\"@type\":\"WebSite\",\"@id\":\"https:\\\/\\\/novacode.pl\\\/#website\",\"url\":\"https:\\\/\\\/novacode.pl\\\/\",\"name\":\"Drukarnia etykiet Novacode\",\"description\":\"Producent etykiet samoprzylepnych\",\"publisher\":{\"@id\":\"https:\\\/\\\/novacode.pl\\\/#organization\"},\"potentialAction\":[{\"@type\":\"SearchAction\",\"target\":{\"@type\":\"EntryPoint\",\"urlTemplate\":\"https:\\\/\\\/novacode.pl\\\/?s={search_term_string}\"},\"query-input\":{\"@type\":\"PropertyValueSpecification\",\"valueRequired\":true,\"valueName\":\"search_term_string\"}}],\"inLanguage\":\"de\"},{\"@type\":\"Organization\",\"@id\":\"https:\\\/\\\/novacode.pl\\\/#organization\",\"name\":\"Drukarnia etykiet Novacode\",\"url\":\"https:\\\/\\\/novacode.pl\\\/\",\"logo\":{\"@type\":\"ImageObject\",\"inLanguage\":\"de\",\"@id\":\"https:\\\/\\\/novacode.pl\\\/#\\\/schema\\\/logo\\\/image\\\/\",\"url\":\"https:\\\/\\\/novacode.pl\\\/wp-content\\\/uploads\\\/2022\\\/03\\\/cropped-favico.png\",\"contentUrl\":\"https:\\\/\\\/novacode.pl\\\/wp-content\\\/uploads\\\/2022\\\/03\\\/cropped-favico.png\",\"width\":512,\"height\":512,\"caption\":\"Drukarnia etykiet Novacode\"},\"image\":{\"@id\":\"https:\\\/\\\/novacode.pl\\\/#\\\/schema\\\/logo\\\/image\\\/\"},\"sameAs\":[\"https:\\\/\\\/www.facebook.com\\\/NovacodeOfficialPage\"]}]}<\/script>\n<!-- \/ Yoast SEO plugin. -->","yoast_head_json":{"title":"Owijki na worki na \u015bmieci | Etykiety na worki - Drukarnia etykiet Novacode","description":"Owijki na worki na \u015bmieci z drukarni etykiet Novacode \u27a4 Oferujemy etykiety z nadrukiem i paskiem zrywnym do oznaczania work\u00f3w na \u015bmieci | Sprawd\u017a!","robots":{"index":"index","follow":"follow","max-snippet":"max-snippet:-1","max-image-preview":"max-image-preview:large","max-video-preview":"max-video-preview:-1"},"canonical":"https:\/\/novacode.pl\/de\/produkty\/dekorative-etiketten-de\/umhuellungen-fuer-muellsaecke\/","og_locale":"de_DE","og_type":"article","og_title":"Owijki na worki na \u015bmieci | Etykiety na worki - Drukarnia etykiet Novacode","og_description":"Owijki na worki na \u015bmieci z drukarni etykiet Novacode \u27a4 Oferujemy etykiety z nadrukiem i paskiem zrywnym do oznaczania work\u00f3w na \u015bmieci | Sprawd\u017a!","og_url":"https:\/\/novacode.pl\/de\/produkty\/dekorative-etiketten-de\/umhuellungen-fuer-muellsaecke\/","og_site_name":"Drukarnia etykiet Novacode","article_publisher":"https:\/\/www.facebook.com\/NovacodeOfficialPage","article_modified_time":"2023-10-06T12:14:44+00:00","og_image":[{"width":1280,"height":1280,"url":"https:\/\/novacode.pl\/wp-content\/uploads\/2022\/04\/owijki.jpg","type":"image\/jpeg"}],"twitter_card":"summary_large_image","twitter_misc":{"Gesch\u00e4tzte Lesezeit":"1\u00a0Minute"},"schema":{"@context":"https:\/\/schema.org","@graph":[{"@type":"WebPage","@id":"https:\/\/novacode.pl\/de\/produkty\/dekorative-etiketten-de\/umhuellungen-fuer-muellsaecke\/","url":"https:\/\/novacode.pl\/de\/produkty\/dekorative-etiketten-de\/umhuellungen-fuer-muellsaecke\/","name":"Owijki na worki na \u015bmieci | Etykiety na worki - Drukarnia etykiet Novacode","isPartOf":{"@id":"https:\/\/novacode.pl\/#website"},"primaryImageOfPage":{"@id":"https:\/\/novacode.pl\/de\/produkty\/dekorative-etiketten-de\/umhuellungen-fuer-muellsaecke\/#primaryimage"},"image":{"@id":"https:\/\/novacode.pl\/de\/produkty\/dekorative-etiketten-de\/umhuellungen-fuer-muellsaecke\/#primaryimage"},"thumbnailUrl":"https:\/\/novacode.pl\/wp-content\/uploads\/2022\/04\/owijki.jpg","datePublished":"2022-04-20T10:53:03+00:00","dateModified":"2023-10-06T12:14:44+00:00","description":"Owijki na worki na \u015bmieci z drukarni etykiet Novacode \u27a4 Oferujemy etykiety z nadrukiem i paskiem zrywnym do oznaczania work\u00f3w na \u015bmieci | Sprawd\u017a!","breadcrumb":{"@id":"https:\/\/novacode.pl\/de\/produkty\/dekorative-etiketten-de\/umhuellungen-fuer-muellsaecke\/#breadcrumb"},"inLanguage":"de","potentialAction":[{"@type":"ReadAction","target":["https:\/\/novacode.pl\/de\/produkty\/dekorative-etiketten-de\/umhuellungen-fuer-muellsaecke\/"]}]},{"@type":"ImageObject","inLanguage":"de","@id":"https:\/\/novacode.pl\/de\/produkty\/dekorative-etiketten-de\/umhuellungen-fuer-muellsaecke\/#primaryimage","url":"https:\/\/novacode.pl\/wp-content\/uploads\/2022\/04\/owijki.jpg","contentUrl":"https:\/\/novacode.pl\/wp-content\/uploads\/2022\/04\/owijki.jpg","width":1280,"height":1280,"caption":"Owijki i etykiety na worki na \u015bmieci"},{"@type":"BreadcrumbList","@id":"https:\/\/novacode.pl\/de\/produkty\/dekorative-etiketten-de\/umhuellungen-fuer-muellsaecke\/#breadcrumb","itemListElement":[{"@type":"ListItem","position":1,"name":"Strona g\u0142\u00f3wna","item":"https:\/\/novacode.pl\/de\/"},{"@type":"ListItem","position":2,"name":"Produkte","item":"https:\/\/novacode.pl\/de\/produkte\/"},{"@type":"ListItem","position":3,"name":"Umh\u00fcllungen f\u00fcr M\u00fclls\u00e4cke"}]},{"@type":"WebSite","@id":"https:\/\/novacode.pl\/#website","url":"https:\/\/novacode.pl\/","name":"Drukarnia etykiet Novacode","description":"Producent etykiet samoprzylepnych","publisher":{"@id":"https:\/\/novacode.pl\/#organization"},"potentialAction":[{"@type":"SearchAction","target":{"@type":"EntryPoint","urlTemplate":"https:\/\/novacode.pl\/?s={search_term_string}"},"query-input":{"@type":"PropertyValueSpecification","valueRequired":true,"valueName":"search_term_string"}}],"inLanguage":"de"},{"@type":"Organization","@id":"https:\/\/novacode.pl\/#organization","name":"Drukarnia etykiet Novacode","url":"https:\/\/novacode.pl\/","logo":{"@type":"ImageObject","inLanguage":"de","@id":"https:\/\/novacode.pl\/#\/schema\/logo\/image\/","url":"https:\/\/novacode.pl\/wp-content\/uploads\/2022\/03\/cropped-favico.png","contentUrl":"https:\/\/novacode.pl\/wp-content\/uploads\/2022\/03\/cropped-favico.png","width":512,"height":512,"caption":"Drukarnia etykiet Novacode"},"image":{"@id":"https:\/\/novacode.pl\/#\/schema\/logo\/image\/"},"sameAs":["https:\/\/www.facebook.com\/NovacodeOfficialPage"]}]}},"_links":{"self":[{"href":"https:\/\/novacode.pl\/de\/wp-json\/wp\/v2\/product\/5308","targetHints":{"allow":["GET"]}}],"collection":[{"href":"https:\/\/novacode.pl\/de\/wp-json\/wp\/v2\/product"}],"about":[{"href":"https:\/\/novacode.pl\/de\/wp-json\/wp\/v2\/types\/product"}],"wp:featuredmedia":[{"embeddable":true,"href":"https:\/\/novacode.pl\/de\/wp-json\/wp\/v2\/media\/4423"}],"wp:attachment":[{"href":"https:\/\/novacode.pl\/de\/wp-json\/wp\/v2\/media?parent=5308"}],"wp:term":[{"taxonomy":"product_brand","embeddable":true,"href":"https:\/\/novacode.pl\/de\/wp-json\/wp\/v2\/product_brand?post=5308"},{"taxonomy":"product_cat","embeddable":true,"href":"https:\/\/novacode.pl\/de\/wp-json\/wp\/v2\/product_cat?post=5308"},{"taxonomy":"product_tag","embeddable":true,"href":"https:\/\/novacode.pl\/de\/wp-json\/wp\/v2\/product_tag?post=5308"}],"curies":[{"name":"wp","href":"https:\/\/api.w.org\/{rel}","templated":true}]}}