{"id":5306,"date":"2022-03-07T14:43:38","date_gmt":"2022-03-07T13:43:38","guid":{"rendered":"https:\/\/novacode.pl\/produkty\/unkategorisiert\/etykiety-z-nadrukiem-zmiennym\/"},"modified":"2023-10-13T10:41:18","modified_gmt":"2023-10-13T08:41:18","slug":"variable-drucketiketten","status":"publish","type":"product","link":"https:\/\/novacode.pl\/de\/produkty\/dekorative-etiketten-de\/variable-drucketiketten\/","title":{"rendered":"Variable Drucketiketten"},"content":{"rendered":"<p>In unserer Etikettendruckerei k\u00f6nnen wir ma\u00dfgeschneiderte, selbstklebende Etiketten herstellen. Mit digitalem Druck kann eine individuelle Grafik oder ein spezielles Element auf jedes Etikett angebracht werden. Mosaikeffekt ist ein einzigartiger Effekt, der sehr schnell erzielt werden kann. In diesem Fall hat jedes Etikett sein eigenes individuelles Design, w\u00e4hrend die Bildintegrit\u00e4t erhalten bleibt.<\/p>\n<p>Die Maschinen sind mit Ink-Jet-K\u00f6pfen ausgestattet. Mit dieser L\u00f6sung kann jedes Etikett mit einer individuellen Nummer sowohl auf der selbstklebenden Schicht auf der Klebeseite als auch auf der Tr\u00e4gerseite bedruckt werden.<\/p>\n","protected":false},"excerpt":{"rendered":"<p>In unserer Etikettendruckerei k\u00f6nnen wir ma\u00dfgeschneiderte, selbstklebende Etiketten herstellen. Mit digitalem Druck kann eine individuelle Grafik oder ein spezielles Element&#8230;<\/p>\n","protected":false},"featured_media":4541,"template":"","meta":{"_acf_changed":false,"inline_featured_image":false},"product_brand":[],"product_cat":[134],"product_tag":[161,162,163],"class_list":{"0":"post-5306","1":"product","2":"type-product","3":"status-publish","4":"has-post-thumbnail","6":"product_cat-dekorative-etiketten-de","7":"product_tag-alkohole-i-art-spozywcze-de","8":"product_tag-chemia-gospodarcza-i-przemyslowa-de","9":"product_tag-produkty-kosmetyczne-de","10":"industry-alkoholische-getraenke","11":"industry-automobil","12":"industry-bauindustrie","13":"industry-bekleidung-und-schuhe","14":"industry-elektronik","15":"industry-kosmetikprodukte","16":"industry-haushaltschemikalien-und-haushaltswaren","17":"industry-kerzen-und-dekorationsartikel","18":"industry-lebensmittelindustrie","19":"industry-logistik","20":"industry-nagellacke","21":"industry-pharmazie","22":"industry-unterhaltungselektronik-und-haushaltsgeraete","24":"first","25":"instock","26":"shipping-taxable","27":"product-type-simple"},"acf":[],"yoast_head":"<!-- This site is optimized with the Yoast SEO plugin v27.4 - https:\/\/yoast.com\/product\/yoast-seo-wordpress\/ -->\n<title>Variable Drucketiketten - Drukarnia etykiet Novacode<\/title>\n<meta name=\"description\" content=\"Etykiety z nadrukiem zmiennym z Drukarni Novacode \u27a4 Oferujemy druk spersonalizowanych etykiety samoprzylepnych | Wysoka jako\u015b\u0107 i profesjonalne wyko\u0144czenie - Sprawd\u017a!\" \/>\n<meta name=\"robots\" content=\"index, follow, max-snippet:-1, max-image-preview:large, max-video-preview:-1\" \/>\n<link rel=\"canonical\" href=\"https:\/\/novacode.pl\/de\/produkty\/dekorative-etiketten-de\/variable-drucketiketten\/\" \/>\n<meta property=\"og:locale\" content=\"de_DE\" \/>\n<meta property=\"og:type\" content=\"article\" \/>\n<meta property=\"og:title\" content=\"Variable Drucketiketten - Drukarnia etykiet Novacode\" \/>\n<meta property=\"og:description\" content=\"Etykiety z nadrukiem zmiennym z Drukarni Novacode \u27a4 Oferujemy druk spersonalizowanych etykiety samoprzylepnych | Wysoka jako\u015b\u0107 i profesjonalne wyko\u0144czenie - Sprawd\u017a!\" \/>\n<meta property=\"og:url\" content=\"https:\/\/novacode.pl\/de\/produkty\/dekorative-etiketten-de\/variable-drucketiketten\/\" \/>\n<meta property=\"og:site_name\" content=\"Drukarnia etykiet Novacode\" \/>\n<meta property=\"article:publisher\" content=\"https:\/\/www.facebook.com\/NovacodeOfficialPage\" \/>\n<meta property=\"article:modified_time\" content=\"2023-10-13T08:41:18+00:00\" \/>\n<meta property=\"og:image\" content=\"https:\/\/novacode.pl\/wp-content\/uploads\/2022\/03\/DSC_7427.jpg\" \/>\n\t<meta property=\"og:image:width\" content=\"1280\" \/>\n\t<meta property=\"og:image:height\" content=\"1280\" \/>\n\t<meta property=\"og:image:type\" content=\"image\/jpeg\" \/>\n<meta name=\"twitter:card\" content=\"summary_large_image\" \/>\n<meta name=\"twitter:label1\" content=\"Gesch\u00e4tzte Lesezeit\" \/>\n\t<meta name=\"twitter:data1\" content=\"1\u00a0Minute\" \/>\n<script type=\"application\/ld+json\" class=\"yoast-schema-graph\">{\"@context\":\"https:\\\/\\\/schema.org\",\"@graph\":[{\"@type\":\"WebPage\",\"@id\":\"https:\\\/\\\/novacode.pl\\\/de\\\/produkty\\\/dekorative-etiketten-de\\\/variable-drucketiketten\\\/\",\"url\":\"https:\\\/\\\/novacode.pl\\\/de\\\/produkty\\\/dekorative-etiketten-de\\\/variable-drucketiketten\\\/\",\"name\":\"Variable Drucketiketten - Drukarnia etykiet Novacode\",\"isPartOf\":{\"@id\":\"https:\\\/\\\/novacode.pl\\\/#website\"},\"primaryImageOfPage\":{\"@id\":\"https:\\\/\\\/novacode.pl\\\/de\\\/produkty\\\/dekorative-etiketten-de\\\/variable-drucketiketten\\\/#primaryimage\"},\"image\":{\"@id\":\"https:\\\/\\\/novacode.pl\\\/de\\\/produkty\\\/dekorative-etiketten-de\\\/variable-drucketiketten\\\/#primaryimage\"},\"thumbnailUrl\":\"https:\\\/\\\/novacode.pl\\\/wp-content\\\/uploads\\\/2022\\\/03\\\/DSC_7427.jpg\",\"datePublished\":\"2022-03-07T13:43:38+00:00\",\"dateModified\":\"2023-10-13T08:41:18+00:00\",\"description\":\"Etykiety z nadrukiem zmiennym z Drukarni Novacode \u27a4 Oferujemy druk spersonalizowanych etykiety samoprzylepnych | Wysoka jako\u015b\u0107 i profesjonalne wyko\u0144czenie - Sprawd\u017a!\",\"breadcrumb\":{\"@id\":\"https:\\\/\\\/novacode.pl\\\/de\\\/produkty\\\/dekorative-etiketten-de\\\/variable-drucketiketten\\\/#breadcrumb\"},\"inLanguage\":\"de\",\"potentialAction\":[{\"@type\":\"ReadAction\",\"target\":[\"https:\\\/\\\/novacode.pl\\\/de\\\/produkty\\\/dekorative-etiketten-de\\\/variable-drucketiketten\\\/\"]}]},{\"@type\":\"ImageObject\",\"inLanguage\":\"de\",\"@id\":\"https:\\\/\\\/novacode.pl\\\/de\\\/produkty\\\/dekorative-etiketten-de\\\/variable-drucketiketten\\\/#primaryimage\",\"url\":\"https:\\\/\\\/novacode.pl\\\/wp-content\\\/uploads\\\/2022\\\/03\\\/DSC_7427.jpg\",\"contentUrl\":\"https:\\\/\\\/novacode.pl\\\/wp-content\\\/uploads\\\/2022\\\/03\\\/DSC_7427.jpg\",\"width\":1280,\"height\":1280,\"caption\":\"etykiety cyfrowe z nadrukiem zmiennym\"},{\"@type\":\"BreadcrumbList\",\"@id\":\"https:\\\/\\\/novacode.pl\\\/de\\\/produkty\\\/dekorative-etiketten-de\\\/variable-drucketiketten\\\/#breadcrumb\",\"itemListElement\":[{\"@type\":\"ListItem\",\"position\":1,\"name\":\"Strona g\u0142\u00f3wna\",\"item\":\"https:\\\/\\\/novacode.pl\\\/de\\\/\"},{\"@type\":\"ListItem\",\"position\":2,\"name\":\"Produkte\",\"item\":\"https:\\\/\\\/novacode.pl\\\/de\\\/produkte\\\/\"},{\"@type\":\"ListItem\",\"position\":3,\"name\":\"Variable Drucketiketten\"}]},{\"@type\":\"WebSite\",\"@id\":\"https:\\\/\\\/novacode.pl\\\/#website\",\"url\":\"https:\\\/\\\/novacode.pl\\\/\",\"name\":\"Drukarnia etykiet Novacode\",\"description\":\"Producent etykiet samoprzylepnych\",\"publisher\":{\"@id\":\"https:\\\/\\\/novacode.pl\\\/#organization\"},\"potentialAction\":[{\"@type\":\"SearchAction\",\"target\":{\"@type\":\"EntryPoint\",\"urlTemplate\":\"https:\\\/\\\/novacode.pl\\\/?s={search_term_string}\"},\"query-input\":{\"@type\":\"PropertyValueSpecification\",\"valueRequired\":true,\"valueName\":\"search_term_string\"}}],\"inLanguage\":\"de\"},{\"@type\":\"Organization\",\"@id\":\"https:\\\/\\\/novacode.pl\\\/#organization\",\"name\":\"Drukarnia etykiet Novacode\",\"url\":\"https:\\\/\\\/novacode.pl\\\/\",\"logo\":{\"@type\":\"ImageObject\",\"inLanguage\":\"de\",\"@id\":\"https:\\\/\\\/novacode.pl\\\/#\\\/schema\\\/logo\\\/image\\\/\",\"url\":\"https:\\\/\\\/novacode.pl\\\/wp-content\\\/uploads\\\/2022\\\/03\\\/cropped-favico.png\",\"contentUrl\":\"https:\\\/\\\/novacode.pl\\\/wp-content\\\/uploads\\\/2022\\\/03\\\/cropped-favico.png\",\"width\":512,\"height\":512,\"caption\":\"Drukarnia etykiet Novacode\"},\"image\":{\"@id\":\"https:\\\/\\\/novacode.pl\\\/#\\\/schema\\\/logo\\\/image\\\/\"},\"sameAs\":[\"https:\\\/\\\/www.facebook.com\\\/NovacodeOfficialPage\"]}]}<\/script>\n<!-- \/ Yoast SEO plugin. -->","yoast_head_json":{"title":"Variable Drucketiketten - Drukarnia etykiet Novacode","description":"Etykiety z nadrukiem zmiennym z Drukarni Novacode \u27a4 Oferujemy druk spersonalizowanych etykiety samoprzylepnych | Wysoka jako\u015b\u0107 i profesjonalne wyko\u0144czenie - Sprawd\u017a!","robots":{"index":"index","follow":"follow","max-snippet":"max-snippet:-1","max-image-preview":"max-image-preview:large","max-video-preview":"max-video-preview:-1"},"canonical":"https:\/\/novacode.pl\/de\/produkty\/dekorative-etiketten-de\/variable-drucketiketten\/","og_locale":"de_DE","og_type":"article","og_title":"Variable Drucketiketten - Drukarnia etykiet Novacode","og_description":"Etykiety z nadrukiem zmiennym z Drukarni Novacode \u27a4 Oferujemy druk spersonalizowanych etykiety samoprzylepnych | Wysoka jako\u015b\u0107 i profesjonalne wyko\u0144czenie - Sprawd\u017a!","og_url":"https:\/\/novacode.pl\/de\/produkty\/dekorative-etiketten-de\/variable-drucketiketten\/","og_site_name":"Drukarnia etykiet Novacode","article_publisher":"https:\/\/www.facebook.com\/NovacodeOfficialPage","article_modified_time":"2023-10-13T08:41:18+00:00","og_image":[{"width":1280,"height":1280,"url":"https:\/\/novacode.pl\/wp-content\/uploads\/2022\/03\/DSC_7427.jpg","type":"image\/jpeg"}],"twitter_card":"summary_large_image","twitter_misc":{"Gesch\u00e4tzte Lesezeit":"1\u00a0Minute"},"schema":{"@context":"https:\/\/schema.org","@graph":[{"@type":"WebPage","@id":"https:\/\/novacode.pl\/de\/produkty\/dekorative-etiketten-de\/variable-drucketiketten\/","url":"https:\/\/novacode.pl\/de\/produkty\/dekorative-etiketten-de\/variable-drucketiketten\/","name":"Variable Drucketiketten - Drukarnia etykiet Novacode","isPartOf":{"@id":"https:\/\/novacode.pl\/#website"},"primaryImageOfPage":{"@id":"https:\/\/novacode.pl\/de\/produkty\/dekorative-etiketten-de\/variable-drucketiketten\/#primaryimage"},"image":{"@id":"https:\/\/novacode.pl\/de\/produkty\/dekorative-etiketten-de\/variable-drucketiketten\/#primaryimage"},"thumbnailUrl":"https:\/\/novacode.pl\/wp-content\/uploads\/2022\/03\/DSC_7427.jpg","datePublished":"2022-03-07T13:43:38+00:00","dateModified":"2023-10-13T08:41:18+00:00","description":"Etykiety z nadrukiem zmiennym z Drukarni Novacode \u27a4 Oferujemy druk spersonalizowanych etykiety samoprzylepnych | Wysoka jako\u015b\u0107 i profesjonalne wyko\u0144czenie - Sprawd\u017a!","breadcrumb":{"@id":"https:\/\/novacode.pl\/de\/produkty\/dekorative-etiketten-de\/variable-drucketiketten\/#breadcrumb"},"inLanguage":"de","potentialAction":[{"@type":"ReadAction","target":["https:\/\/novacode.pl\/de\/produkty\/dekorative-etiketten-de\/variable-drucketiketten\/"]}]},{"@type":"ImageObject","inLanguage":"de","@id":"https:\/\/novacode.pl\/de\/produkty\/dekorative-etiketten-de\/variable-drucketiketten\/#primaryimage","url":"https:\/\/novacode.pl\/wp-content\/uploads\/2022\/03\/DSC_7427.jpg","contentUrl":"https:\/\/novacode.pl\/wp-content\/uploads\/2022\/03\/DSC_7427.jpg","width":1280,"height":1280,"caption":"etykiety cyfrowe z nadrukiem zmiennym"},{"@type":"BreadcrumbList","@id":"https:\/\/novacode.pl\/de\/produkty\/dekorative-etiketten-de\/variable-drucketiketten\/#breadcrumb","itemListElement":[{"@type":"ListItem","position":1,"name":"Strona g\u0142\u00f3wna","item":"https:\/\/novacode.pl\/de\/"},{"@type":"ListItem","position":2,"name":"Produkte","item":"https:\/\/novacode.pl\/de\/produkte\/"},{"@type":"ListItem","position":3,"name":"Variable Drucketiketten"}]},{"@type":"WebSite","@id":"https:\/\/novacode.pl\/#website","url":"https:\/\/novacode.pl\/","name":"Drukarnia etykiet Novacode","description":"Producent etykiet samoprzylepnych","publisher":{"@id":"https:\/\/novacode.pl\/#organization"},"potentialAction":[{"@type":"SearchAction","target":{"@type":"EntryPoint","urlTemplate":"https:\/\/novacode.pl\/?s={search_term_string}"},"query-input":{"@type":"PropertyValueSpecification","valueRequired":true,"valueName":"search_term_string"}}],"inLanguage":"de"},{"@type":"Organization","@id":"https:\/\/novacode.pl\/#organization","name":"Drukarnia etykiet Novacode","url":"https:\/\/novacode.pl\/","logo":{"@type":"ImageObject","inLanguage":"de","@id":"https:\/\/novacode.pl\/#\/schema\/logo\/image\/","url":"https:\/\/novacode.pl\/wp-content\/uploads\/2022\/03\/cropped-favico.png","contentUrl":"https:\/\/novacode.pl\/wp-content\/uploads\/2022\/03\/cropped-favico.png","width":512,"height":512,"caption":"Drukarnia etykiet Novacode"},"image":{"@id":"https:\/\/novacode.pl\/#\/schema\/logo\/image\/"},"sameAs":["https:\/\/www.facebook.com\/NovacodeOfficialPage"]}]}},"_links":{"self":[{"href":"https:\/\/novacode.pl\/de\/wp-json\/wp\/v2\/product\/5306","targetHints":{"allow":["GET"]}}],"collection":[{"href":"https:\/\/novacode.pl\/de\/wp-json\/wp\/v2\/product"}],"about":[{"href":"https:\/\/novacode.pl\/de\/wp-json\/wp\/v2\/types\/product"}],"wp:featuredmedia":[{"embeddable":true,"href":"https:\/\/novacode.pl\/de\/wp-json\/wp\/v2\/media\/4541"}],"wp:attachment":[{"href":"https:\/\/novacode.pl\/de\/wp-json\/wp\/v2\/media?parent=5306"}],"wp:term":[{"taxonomy":"product_brand","embeddable":true,"href":"https:\/\/novacode.pl\/de\/wp-json\/wp\/v2\/product_brand?post=5306"},{"taxonomy":"product_cat","embeddable":true,"href":"https:\/\/novacode.pl\/de\/wp-json\/wp\/v2\/product_cat?post=5306"},{"taxonomy":"product_tag","embeddable":true,"href":"https:\/\/novacode.pl\/de\/wp-json\/wp\/v2\/product_tag?post=5306"}],"curies":[{"name":"wp","href":"https:\/\/api.w.org\/{rel}","templated":true}]}}