{"id":5298,"date":"2022-04-27T10:37:49","date_gmt":"2022-04-27T08:37:49","guid":{"rendered":"https:\/\/novacode.pl\/produkty\/unkategorisiert\/etykiety-laminowane\/"},"modified":"2023-10-13T11:46:54","modified_gmt":"2023-10-13T09:46:54","slug":"laminierte-etiketten","status":"publish","type":"product","link":"https:\/\/novacode.pl\/de\/produkty\/dekorative-etiketten-de\/laminierte-etiketten\/","title":{"rendered":"Laminierte Etiketten"},"content":{"rendered":"<p>Von der Qualit\u00e4t des Produkts zeugt, wie es sich unter schweren Betriebsbedingungen verh\u00e4lt. Eine h\u00e4ufige Herausforderung f\u00fcr die Best\u00e4ndigkeit von selbstklebenden Etiketten ist Feuchtigkeit und Exposition gegen\u00fcber Chemikalien. In unserer Druckerei stellen wir Etiketten her, die mit Glanz- oder matter Folie laminiert sind. Laminatschutz reduziert negative Auswirkungen von Witterungsbedingungen und mechanische Besch\u00e4digungen und erh\u00f6ht erheblich die Best\u00e4ndigkeit des Etiketts gegen\u00fcber Chemikalien. Dar\u00fcber hinaus k\u00f6nnen wir in unserem Labor gedruckte, laminierte Etiketten in der Klima- und Verschlei\u00dfkammer testen und \u00fcberpr\u00fcfen, wie sich das Etikett bei bestimmter Feuchtigkeit verh\u00e4lt.<\/p>\n","protected":false},"excerpt":{"rendered":"<p>Von der Qualit\u00e4t des Produkts zeugt, wie es sich unter schweren Betriebsbedingungen verh\u00e4lt. Eine h\u00e4ufige Herausforderung f\u00fcr die Best\u00e4ndigkeit von&#8230;<\/p>\n","protected":false},"featured_media":4407,"template":"","meta":{"_acf_changed":false,"inline_featured_image":false},"product_brand":[],"product_cat":[134],"product_tag":[161,162,163],"class_list":{"0":"post-5298","1":"product","2":"type-product","3":"status-publish","4":"has-post-thumbnail","6":"product_cat-dekorative-etiketten-de","7":"product_tag-alkohole-i-art-spozywcze-de","8":"product_tag-chemia-gospodarcza-i-przemyslowa-de","9":"product_tag-produkty-kosmetyczne-de","10":"industry-alkoholische-getraenke","11":"industry-automobil","12":"industry-bauindustrie","13":"industry-elektronik","14":"industry-gartenbau","15":"industry-haushaltschemikalien-und-haushaltswaren","16":"industry-industrieetiketten","17":"industry-lebensmittelindustrie","18":"industry-metallurgie","19":"industry-pharmazie","20":"industry-unterhaltungselektronik-und-haushaltsgeraete","22":"first","23":"instock","24":"shipping-taxable","25":"product-type-simple"},"acf":[],"yoast_head":"<!-- This site is optimized with the Yoast SEO plugin v27.4 - https:\/\/yoast.com\/product\/yoast-seo-wordpress\/ -->\n<title>Laminierte Etiketten - Drukarnia etykiet Novacode<\/title>\n<meta name=\"description\" content=\"Etykiety laminowane od producenta Novacode \u27a4 Idealne na cen\u00f3wki produktowe \u2713 Uszlachetnione etykiety do cen produkt\u00f3w - Sprawd\u017a!\" \/>\n<meta name=\"robots\" content=\"index, follow, max-snippet:-1, max-image-preview:large, max-video-preview:-1\" \/>\n<link rel=\"canonical\" href=\"https:\/\/novacode.pl\/de\/produkty\/dekorative-etiketten-de\/laminierte-etiketten\/\" \/>\n<meta property=\"og:locale\" content=\"de_DE\" \/>\n<meta property=\"og:type\" content=\"article\" \/>\n<meta property=\"og:title\" content=\"Laminierte Etiketten - Drukarnia etykiet Novacode\" \/>\n<meta property=\"og:description\" content=\"Etykiety laminowane od producenta Novacode \u27a4 Idealne na cen\u00f3wki produktowe \u2713 Uszlachetnione etykiety do cen produkt\u00f3w - Sprawd\u017a!\" \/>\n<meta property=\"og:url\" content=\"https:\/\/novacode.pl\/de\/produkty\/dekorative-etiketten-de\/laminierte-etiketten\/\" \/>\n<meta property=\"og:site_name\" content=\"Drukarnia etykiet Novacode\" \/>\n<meta property=\"article:publisher\" content=\"https:\/\/www.facebook.com\/NovacodeOfficialPage\" \/>\n<meta property=\"article:modified_time\" content=\"2023-10-13T09:46:54+00:00\" \/>\n<meta property=\"og:image\" content=\"https:\/\/novacode.pl\/wp-content\/uploads\/2022\/04\/laminat5.jpg\" \/>\n\t<meta property=\"og:image:width\" content=\"1280\" \/>\n\t<meta property=\"og:image:height\" content=\"1280\" \/>\n\t<meta property=\"og:image:type\" content=\"image\/jpeg\" \/>\n<meta name=\"twitter:card\" content=\"summary_large_image\" \/>\n<meta name=\"twitter:label1\" content=\"Gesch\u00e4tzte Lesezeit\" \/>\n\t<meta name=\"twitter:data1\" content=\"1\u00a0Minute\" \/>\n<script type=\"application\/ld+json\" class=\"yoast-schema-graph\">{\"@context\":\"https:\\\/\\\/schema.org\",\"@graph\":[{\"@type\":\"WebPage\",\"@id\":\"https:\\\/\\\/novacode.pl\\\/de\\\/produkty\\\/dekorative-etiketten-de\\\/laminierte-etiketten\\\/\",\"url\":\"https:\\\/\\\/novacode.pl\\\/de\\\/produkty\\\/dekorative-etiketten-de\\\/laminierte-etiketten\\\/\",\"name\":\"Laminierte Etiketten - Drukarnia etykiet Novacode\",\"isPartOf\":{\"@id\":\"https:\\\/\\\/novacode.pl\\\/#website\"},\"primaryImageOfPage\":{\"@id\":\"https:\\\/\\\/novacode.pl\\\/de\\\/produkty\\\/dekorative-etiketten-de\\\/laminierte-etiketten\\\/#primaryimage\"},\"image\":{\"@id\":\"https:\\\/\\\/novacode.pl\\\/de\\\/produkty\\\/dekorative-etiketten-de\\\/laminierte-etiketten\\\/#primaryimage\"},\"thumbnailUrl\":\"https:\\\/\\\/novacode.pl\\\/wp-content\\\/uploads\\\/2022\\\/04\\\/laminat5.jpg\",\"datePublished\":\"2022-04-27T08:37:49+00:00\",\"dateModified\":\"2023-10-13T09:46:54+00:00\",\"description\":\"Etykiety laminowane od producenta Novacode \u27a4 Idealne na cen\u00f3wki produktowe \u2713 Uszlachetnione etykiety do cen produkt\u00f3w - Sprawd\u017a!\",\"breadcrumb\":{\"@id\":\"https:\\\/\\\/novacode.pl\\\/de\\\/produkty\\\/dekorative-etiketten-de\\\/laminierte-etiketten\\\/#breadcrumb\"},\"inLanguage\":\"de\",\"potentialAction\":[{\"@type\":\"ReadAction\",\"target\":[\"https:\\\/\\\/novacode.pl\\\/de\\\/produkty\\\/dekorative-etiketten-de\\\/laminierte-etiketten\\\/\"]}]},{\"@type\":\"ImageObject\",\"inLanguage\":\"de\",\"@id\":\"https:\\\/\\\/novacode.pl\\\/de\\\/produkty\\\/dekorative-etiketten-de\\\/laminierte-etiketten\\\/#primaryimage\",\"url\":\"https:\\\/\\\/novacode.pl\\\/wp-content\\\/uploads\\\/2022\\\/04\\\/laminat5.jpg\",\"contentUrl\":\"https:\\\/\\\/novacode.pl\\\/wp-content\\\/uploads\\\/2022\\\/04\\\/laminat5.jpg\",\"width\":1280,\"height\":1280,\"caption\":\"Etykiety laminowane\"},{\"@type\":\"BreadcrumbList\",\"@id\":\"https:\\\/\\\/novacode.pl\\\/de\\\/produkty\\\/dekorative-etiketten-de\\\/laminierte-etiketten\\\/#breadcrumb\",\"itemListElement\":[{\"@type\":\"ListItem\",\"position\":1,\"name\":\"Strona g\u0142\u00f3wna\",\"item\":\"https:\\\/\\\/novacode.pl\\\/de\\\/\"},{\"@type\":\"ListItem\",\"position\":2,\"name\":\"Produkte\",\"item\":\"https:\\\/\\\/novacode.pl\\\/de\\\/produkte\\\/\"},{\"@type\":\"ListItem\",\"position\":3,\"name\":\"Laminierte Etiketten\"}]},{\"@type\":\"WebSite\",\"@id\":\"https:\\\/\\\/novacode.pl\\\/#website\",\"url\":\"https:\\\/\\\/novacode.pl\\\/\",\"name\":\"Drukarnia etykiet Novacode\",\"description\":\"Producent etykiet samoprzylepnych\",\"publisher\":{\"@id\":\"https:\\\/\\\/novacode.pl\\\/#organization\"},\"potentialAction\":[{\"@type\":\"SearchAction\",\"target\":{\"@type\":\"EntryPoint\",\"urlTemplate\":\"https:\\\/\\\/novacode.pl\\\/?s={search_term_string}\"},\"query-input\":{\"@type\":\"PropertyValueSpecification\",\"valueRequired\":true,\"valueName\":\"search_term_string\"}}],\"inLanguage\":\"de\"},{\"@type\":\"Organization\",\"@id\":\"https:\\\/\\\/novacode.pl\\\/#organization\",\"name\":\"Drukarnia etykiet Novacode\",\"url\":\"https:\\\/\\\/novacode.pl\\\/\",\"logo\":{\"@type\":\"ImageObject\",\"inLanguage\":\"de\",\"@id\":\"https:\\\/\\\/novacode.pl\\\/#\\\/schema\\\/logo\\\/image\\\/\",\"url\":\"https:\\\/\\\/novacode.pl\\\/wp-content\\\/uploads\\\/2022\\\/03\\\/cropped-favico.png\",\"contentUrl\":\"https:\\\/\\\/novacode.pl\\\/wp-content\\\/uploads\\\/2022\\\/03\\\/cropped-favico.png\",\"width\":512,\"height\":512,\"caption\":\"Drukarnia etykiet Novacode\"},\"image\":{\"@id\":\"https:\\\/\\\/novacode.pl\\\/#\\\/schema\\\/logo\\\/image\\\/\"},\"sameAs\":[\"https:\\\/\\\/www.facebook.com\\\/NovacodeOfficialPage\"]}]}<\/script>\n<!-- \/ Yoast SEO plugin. -->","yoast_head_json":{"title":"Laminierte Etiketten - Drukarnia etykiet Novacode","description":"Etykiety laminowane od producenta Novacode \u27a4 Idealne na cen\u00f3wki produktowe \u2713 Uszlachetnione etykiety do cen produkt\u00f3w - Sprawd\u017a!","robots":{"index":"index","follow":"follow","max-snippet":"max-snippet:-1","max-image-preview":"max-image-preview:large","max-video-preview":"max-video-preview:-1"},"canonical":"https:\/\/novacode.pl\/de\/produkty\/dekorative-etiketten-de\/laminierte-etiketten\/","og_locale":"de_DE","og_type":"article","og_title":"Laminierte Etiketten - Drukarnia etykiet Novacode","og_description":"Etykiety laminowane od producenta Novacode \u27a4 Idealne na cen\u00f3wki produktowe \u2713 Uszlachetnione etykiety do cen produkt\u00f3w - Sprawd\u017a!","og_url":"https:\/\/novacode.pl\/de\/produkty\/dekorative-etiketten-de\/laminierte-etiketten\/","og_site_name":"Drukarnia etykiet Novacode","article_publisher":"https:\/\/www.facebook.com\/NovacodeOfficialPage","article_modified_time":"2023-10-13T09:46:54+00:00","og_image":[{"width":1280,"height":1280,"url":"https:\/\/novacode.pl\/wp-content\/uploads\/2022\/04\/laminat5.jpg","type":"image\/jpeg"}],"twitter_card":"summary_large_image","twitter_misc":{"Gesch\u00e4tzte Lesezeit":"1\u00a0Minute"},"schema":{"@context":"https:\/\/schema.org","@graph":[{"@type":"WebPage","@id":"https:\/\/novacode.pl\/de\/produkty\/dekorative-etiketten-de\/laminierte-etiketten\/","url":"https:\/\/novacode.pl\/de\/produkty\/dekorative-etiketten-de\/laminierte-etiketten\/","name":"Laminierte Etiketten - Drukarnia etykiet Novacode","isPartOf":{"@id":"https:\/\/novacode.pl\/#website"},"primaryImageOfPage":{"@id":"https:\/\/novacode.pl\/de\/produkty\/dekorative-etiketten-de\/laminierte-etiketten\/#primaryimage"},"image":{"@id":"https:\/\/novacode.pl\/de\/produkty\/dekorative-etiketten-de\/laminierte-etiketten\/#primaryimage"},"thumbnailUrl":"https:\/\/novacode.pl\/wp-content\/uploads\/2022\/04\/laminat5.jpg","datePublished":"2022-04-27T08:37:49+00:00","dateModified":"2023-10-13T09:46:54+00:00","description":"Etykiety laminowane od producenta Novacode \u27a4 Idealne na cen\u00f3wki produktowe \u2713 Uszlachetnione etykiety do cen produkt\u00f3w - Sprawd\u017a!","breadcrumb":{"@id":"https:\/\/novacode.pl\/de\/produkty\/dekorative-etiketten-de\/laminierte-etiketten\/#breadcrumb"},"inLanguage":"de","potentialAction":[{"@type":"ReadAction","target":["https:\/\/novacode.pl\/de\/produkty\/dekorative-etiketten-de\/laminierte-etiketten\/"]}]},{"@type":"ImageObject","inLanguage":"de","@id":"https:\/\/novacode.pl\/de\/produkty\/dekorative-etiketten-de\/laminierte-etiketten\/#primaryimage","url":"https:\/\/novacode.pl\/wp-content\/uploads\/2022\/04\/laminat5.jpg","contentUrl":"https:\/\/novacode.pl\/wp-content\/uploads\/2022\/04\/laminat5.jpg","width":1280,"height":1280,"caption":"Etykiety laminowane"},{"@type":"BreadcrumbList","@id":"https:\/\/novacode.pl\/de\/produkty\/dekorative-etiketten-de\/laminierte-etiketten\/#breadcrumb","itemListElement":[{"@type":"ListItem","position":1,"name":"Strona g\u0142\u00f3wna","item":"https:\/\/novacode.pl\/de\/"},{"@type":"ListItem","position":2,"name":"Produkte","item":"https:\/\/novacode.pl\/de\/produkte\/"},{"@type":"ListItem","position":3,"name":"Laminierte Etiketten"}]},{"@type":"WebSite","@id":"https:\/\/novacode.pl\/#website","url":"https:\/\/novacode.pl\/","name":"Drukarnia etykiet Novacode","description":"Producent etykiet samoprzylepnych","publisher":{"@id":"https:\/\/novacode.pl\/#organization"},"potentialAction":[{"@type":"SearchAction","target":{"@type":"EntryPoint","urlTemplate":"https:\/\/novacode.pl\/?s={search_term_string}"},"query-input":{"@type":"PropertyValueSpecification","valueRequired":true,"valueName":"search_term_string"}}],"inLanguage":"de"},{"@type":"Organization","@id":"https:\/\/novacode.pl\/#organization","name":"Drukarnia etykiet Novacode","url":"https:\/\/novacode.pl\/","logo":{"@type":"ImageObject","inLanguage":"de","@id":"https:\/\/novacode.pl\/#\/schema\/logo\/image\/","url":"https:\/\/novacode.pl\/wp-content\/uploads\/2022\/03\/cropped-favico.png","contentUrl":"https:\/\/novacode.pl\/wp-content\/uploads\/2022\/03\/cropped-favico.png","width":512,"height":512,"caption":"Drukarnia etykiet Novacode"},"image":{"@id":"https:\/\/novacode.pl\/#\/schema\/logo\/image\/"},"sameAs":["https:\/\/www.facebook.com\/NovacodeOfficialPage"]}]}},"_links":{"self":[{"href":"https:\/\/novacode.pl\/de\/wp-json\/wp\/v2\/product\/5298","targetHints":{"allow":["GET"]}}],"collection":[{"href":"https:\/\/novacode.pl\/de\/wp-json\/wp\/v2\/product"}],"about":[{"href":"https:\/\/novacode.pl\/de\/wp-json\/wp\/v2\/types\/product"}],"wp:featuredmedia":[{"embeddable":true,"href":"https:\/\/novacode.pl\/de\/wp-json\/wp\/v2\/media\/4407"}],"wp:attachment":[{"href":"https:\/\/novacode.pl\/de\/wp-json\/wp\/v2\/media?parent=5298"}],"wp:term":[{"taxonomy":"product_brand","embeddable":true,"href":"https:\/\/novacode.pl\/de\/wp-json\/wp\/v2\/product_brand?post=5298"},{"taxonomy":"product_cat","embeddable":true,"href":"https:\/\/novacode.pl\/de\/wp-json\/wp\/v2\/product_cat?post=5298"},{"taxonomy":"product_tag","embeddable":true,"href":"https:\/\/novacode.pl\/de\/wp-json\/wp\/v2\/product_tag?post=5298"}],"curies":[{"name":"wp","href":"https:\/\/api.w.org\/{rel}","templated":true}]}}