{"id":5296,"date":"2022-03-07T08:29:37","date_gmt":"2022-03-07T07:29:37","guid":{"rendered":"https:\/\/novacode.pl\/produkty\/unkategorisiert\/etykiety-kolorowe\/"},"modified":"2023-10-13T10:26:30","modified_gmt":"2023-10-13T08:26:30","slug":"bunte-etiketten","status":"publish","type":"product","link":"https:\/\/novacode.pl\/de\/produkty\/dekorative-etiketten-de\/bunte-etiketten\/","title":{"rendered":"Bunte etiketten"},"content":{"rendered":"<p>Dekorative, selbstklebende Etiketten werden bei der Herstellung von kosmetischen Produkten, Spirituosen, Reinigungsmitteln und Kfz-Chemikalien verwendet. Dekorative Etiketten sind das erste Produktelement, das die Aufmerksamkeit des Verbrauchers auf sich zieht, daher ist es besonders wichtig, w\u00e4hrend des Herstellungsprozesses die h\u00f6chsten Qualit\u00e4tsstandards einzuhalten. Unsere Firma verf\u00fcgt \u00fcber ein professionelles Materialpr\u00fcflabor, Farbenlabor und umfangreiches System der Qualit\u00e4tskontrolle. Die Maschinen sind mit EyeC-Steuerungssystemen ausgestattet. An den Arbeitspl\u00e4tzen befinden sich Ger\u00e4te zur Messung von Farben und Barcode-Druckqualit\u00e4t. Dank diesen L\u00f6sungen sind wir zuversichtlich, unseren Kunden Produkte zu liefern, die sowohl in Bezug auf das Aussehen als auch die Qualit\u00e4t der Ausf\u00fchrung das Image der Marke positiv beeinflussen.<\/p>\n","protected":false},"excerpt":{"rendered":"<p>Dekorative, selbstklebende Etiketten werden bei der Herstellung von kosmetischen Produkten, Spirituosen, Reinigungsmitteln und Kfz-Chemikalien verwendet. Dekorative Etiketten sind das erste&#8230;<\/p>\n","protected":false},"featured_media":4400,"template":"","meta":{"_acf_changed":false,"inline_featured_image":false},"product_brand":[],"product_cat":[134],"product_tag":[],"class_list":{"0":"post-5296","1":"product","2":"type-product","3":"status-publish","4":"has-post-thumbnail","6":"product_cat-dekorative-etiketten-de","7":"industry-alkoholische-getraenke","8":"industry-bauindustrie","9":"industry-bekleidung-und-schuhe","10":"industry-kosmetikprodukte","11":"industry-gartenbau","12":"industry-haushaltschemikalien-und-haushaltswaren","13":"industry-kerzen-und-dekorationsartikel","14":"industry-kultur-und-unterhaltung","15":"industry-lebensmittelindustrie","16":"industry-moebel","17":"industry-nagellacke","18":"industry-pharmazie","19":"industry-unterhaltungselektronik-und-haushaltsgeraete","21":"first","22":"instock","23":"shipping-taxable","24":"product-type-simple"},"acf":[],"yoast_head":"<!-- This site is optimized with the Yoast SEO plugin v27.4 - https:\/\/yoast.com\/product\/yoast-seo-wordpress\/ -->\n<title>Etykiety kolorowe, wielokolorowe - Drukarnia etykiet Novacode<\/title>\n<meta name=\"description\" content=\"Etykiety kolorowe od producenta Novacode \u27a4 Szeroki wyb\u00f3r wielokolorowych etykiet samoprzylepnych w r\u00f3\u017cnych formatach | Sprawd\u017a!\" \/>\n<meta name=\"robots\" content=\"index, follow, max-snippet:-1, max-image-preview:large, max-video-preview:-1\" \/>\n<link rel=\"canonical\" href=\"https:\/\/novacode.pl\/de\/produkty\/dekorative-etiketten-de\/bunte-etiketten\/\" \/>\n<meta property=\"og:locale\" content=\"de_DE\" \/>\n<meta property=\"og:type\" content=\"article\" \/>\n<meta property=\"og:title\" content=\"Etykiety kolorowe, wielokolorowe - Drukarnia etykiet Novacode\" \/>\n<meta property=\"og:description\" content=\"Etykiety kolorowe od producenta Novacode \u27a4 Szeroki wyb\u00f3r wielokolorowych etykiet samoprzylepnych w r\u00f3\u017cnych formatach | Sprawd\u017a!\" \/>\n<meta property=\"og:url\" content=\"https:\/\/novacode.pl\/de\/produkty\/dekorative-etiketten-de\/bunte-etiketten\/\" \/>\n<meta property=\"og:site_name\" content=\"Drukarnia etykiet Novacode\" \/>\n<meta property=\"article:publisher\" content=\"https:\/\/www.facebook.com\/NovacodeOfficialPage\" \/>\n<meta property=\"article:modified_time\" content=\"2023-10-13T08:26:30+00:00\" \/>\n<meta property=\"og:image\" content=\"https:\/\/novacode.pl\/wp-content\/uploads\/2022\/03\/kolorowe.jpg\" \/>\n\t<meta property=\"og:image:width\" content=\"1280\" \/>\n\t<meta property=\"og:image:height\" content=\"1280\" \/>\n\t<meta property=\"og:image:type\" content=\"image\/jpeg\" \/>\n<meta name=\"twitter:card\" content=\"summary_large_image\" \/>\n<meta name=\"twitter:label1\" content=\"Gesch\u00e4tzte Lesezeit\" \/>\n\t<meta name=\"twitter:data1\" content=\"1\u00a0Minute\" \/>\n<script type=\"application\/ld+json\" class=\"yoast-schema-graph\">{\"@context\":\"https:\\\/\\\/schema.org\",\"@graph\":[{\"@type\":\"WebPage\",\"@id\":\"https:\\\/\\\/novacode.pl\\\/de\\\/produkty\\\/dekorative-etiketten-de\\\/bunte-etiketten\\\/\",\"url\":\"https:\\\/\\\/novacode.pl\\\/de\\\/produkty\\\/dekorative-etiketten-de\\\/bunte-etiketten\\\/\",\"name\":\"Etykiety kolorowe, wielokolorowe - Drukarnia etykiet Novacode\",\"isPartOf\":{\"@id\":\"https:\\\/\\\/novacode.pl\\\/#website\"},\"primaryImageOfPage\":{\"@id\":\"https:\\\/\\\/novacode.pl\\\/de\\\/produkty\\\/dekorative-etiketten-de\\\/bunte-etiketten\\\/#primaryimage\"},\"image\":{\"@id\":\"https:\\\/\\\/novacode.pl\\\/de\\\/produkty\\\/dekorative-etiketten-de\\\/bunte-etiketten\\\/#primaryimage\"},\"thumbnailUrl\":\"https:\\\/\\\/novacode.pl\\\/wp-content\\\/uploads\\\/2022\\\/03\\\/kolorowe.jpg\",\"datePublished\":\"2022-03-07T07:29:37+00:00\",\"dateModified\":\"2023-10-13T08:26:30+00:00\",\"description\":\"Etykiety kolorowe od producenta Novacode \u27a4 Szeroki wyb\u00f3r wielokolorowych etykiet samoprzylepnych w r\u00f3\u017cnych formatach | Sprawd\u017a!\",\"breadcrumb\":{\"@id\":\"https:\\\/\\\/novacode.pl\\\/de\\\/produkty\\\/dekorative-etiketten-de\\\/bunte-etiketten\\\/#breadcrumb\"},\"inLanguage\":\"de\",\"potentialAction\":[{\"@type\":\"ReadAction\",\"target\":[\"https:\\\/\\\/novacode.pl\\\/de\\\/produkty\\\/dekorative-etiketten-de\\\/bunte-etiketten\\\/\"]}]},{\"@type\":\"ImageObject\",\"inLanguage\":\"de\",\"@id\":\"https:\\\/\\\/novacode.pl\\\/de\\\/produkty\\\/dekorative-etiketten-de\\\/bunte-etiketten\\\/#primaryimage\",\"url\":\"https:\\\/\\\/novacode.pl\\\/wp-content\\\/uploads\\\/2022\\\/03\\\/kolorowe.jpg\",\"contentUrl\":\"https:\\\/\\\/novacode.pl\\\/wp-content\\\/uploads\\\/2022\\\/03\\\/kolorowe.jpg\",\"width\":1280,\"height\":1280,\"caption\":\"Etykiety kolorowe\"},{\"@type\":\"BreadcrumbList\",\"@id\":\"https:\\\/\\\/novacode.pl\\\/de\\\/produkty\\\/dekorative-etiketten-de\\\/bunte-etiketten\\\/#breadcrumb\",\"itemListElement\":[{\"@type\":\"ListItem\",\"position\":1,\"name\":\"Strona g\u0142\u00f3wna\",\"item\":\"https:\\\/\\\/novacode.pl\\\/de\\\/\"},{\"@type\":\"ListItem\",\"position\":2,\"name\":\"Produkte\",\"item\":\"https:\\\/\\\/novacode.pl\\\/de\\\/produkte\\\/\"},{\"@type\":\"ListItem\",\"position\":3,\"name\":\"Bunte etiketten\"}]},{\"@type\":\"WebSite\",\"@id\":\"https:\\\/\\\/novacode.pl\\\/#website\",\"url\":\"https:\\\/\\\/novacode.pl\\\/\",\"name\":\"Drukarnia etykiet Novacode\",\"description\":\"Producent etykiet samoprzylepnych\",\"publisher\":{\"@id\":\"https:\\\/\\\/novacode.pl\\\/#organization\"},\"potentialAction\":[{\"@type\":\"SearchAction\",\"target\":{\"@type\":\"EntryPoint\",\"urlTemplate\":\"https:\\\/\\\/novacode.pl\\\/?s={search_term_string}\"},\"query-input\":{\"@type\":\"PropertyValueSpecification\",\"valueRequired\":true,\"valueName\":\"search_term_string\"}}],\"inLanguage\":\"de\"},{\"@type\":\"Organization\",\"@id\":\"https:\\\/\\\/novacode.pl\\\/#organization\",\"name\":\"Drukarnia etykiet Novacode\",\"url\":\"https:\\\/\\\/novacode.pl\\\/\",\"logo\":{\"@type\":\"ImageObject\",\"inLanguage\":\"de\",\"@id\":\"https:\\\/\\\/novacode.pl\\\/#\\\/schema\\\/logo\\\/image\\\/\",\"url\":\"https:\\\/\\\/novacode.pl\\\/wp-content\\\/uploads\\\/2022\\\/03\\\/cropped-favico.png\",\"contentUrl\":\"https:\\\/\\\/novacode.pl\\\/wp-content\\\/uploads\\\/2022\\\/03\\\/cropped-favico.png\",\"width\":512,\"height\":512,\"caption\":\"Drukarnia etykiet Novacode\"},\"image\":{\"@id\":\"https:\\\/\\\/novacode.pl\\\/#\\\/schema\\\/logo\\\/image\\\/\"},\"sameAs\":[\"https:\\\/\\\/www.facebook.com\\\/NovacodeOfficialPage\"]}]}<\/script>\n<!-- \/ Yoast SEO plugin. -->","yoast_head_json":{"title":"Etykiety kolorowe, wielokolorowe - Drukarnia etykiet Novacode","description":"Etykiety kolorowe od producenta Novacode \u27a4 Szeroki wyb\u00f3r wielokolorowych etykiet samoprzylepnych w r\u00f3\u017cnych formatach | Sprawd\u017a!","robots":{"index":"index","follow":"follow","max-snippet":"max-snippet:-1","max-image-preview":"max-image-preview:large","max-video-preview":"max-video-preview:-1"},"canonical":"https:\/\/novacode.pl\/de\/produkty\/dekorative-etiketten-de\/bunte-etiketten\/","og_locale":"de_DE","og_type":"article","og_title":"Etykiety kolorowe, wielokolorowe - Drukarnia etykiet Novacode","og_description":"Etykiety kolorowe od producenta Novacode \u27a4 Szeroki wyb\u00f3r wielokolorowych etykiet samoprzylepnych w r\u00f3\u017cnych formatach | Sprawd\u017a!","og_url":"https:\/\/novacode.pl\/de\/produkty\/dekorative-etiketten-de\/bunte-etiketten\/","og_site_name":"Drukarnia etykiet Novacode","article_publisher":"https:\/\/www.facebook.com\/NovacodeOfficialPage","article_modified_time":"2023-10-13T08:26:30+00:00","og_image":[{"width":1280,"height":1280,"url":"https:\/\/novacode.pl\/wp-content\/uploads\/2022\/03\/kolorowe.jpg","type":"image\/jpeg"}],"twitter_card":"summary_large_image","twitter_misc":{"Gesch\u00e4tzte Lesezeit":"1\u00a0Minute"},"schema":{"@context":"https:\/\/schema.org","@graph":[{"@type":"WebPage","@id":"https:\/\/novacode.pl\/de\/produkty\/dekorative-etiketten-de\/bunte-etiketten\/","url":"https:\/\/novacode.pl\/de\/produkty\/dekorative-etiketten-de\/bunte-etiketten\/","name":"Etykiety kolorowe, wielokolorowe - Drukarnia etykiet Novacode","isPartOf":{"@id":"https:\/\/novacode.pl\/#website"},"primaryImageOfPage":{"@id":"https:\/\/novacode.pl\/de\/produkty\/dekorative-etiketten-de\/bunte-etiketten\/#primaryimage"},"image":{"@id":"https:\/\/novacode.pl\/de\/produkty\/dekorative-etiketten-de\/bunte-etiketten\/#primaryimage"},"thumbnailUrl":"https:\/\/novacode.pl\/wp-content\/uploads\/2022\/03\/kolorowe.jpg","datePublished":"2022-03-07T07:29:37+00:00","dateModified":"2023-10-13T08:26:30+00:00","description":"Etykiety kolorowe od producenta Novacode \u27a4 Szeroki wyb\u00f3r wielokolorowych etykiet samoprzylepnych w r\u00f3\u017cnych formatach | Sprawd\u017a!","breadcrumb":{"@id":"https:\/\/novacode.pl\/de\/produkty\/dekorative-etiketten-de\/bunte-etiketten\/#breadcrumb"},"inLanguage":"de","potentialAction":[{"@type":"ReadAction","target":["https:\/\/novacode.pl\/de\/produkty\/dekorative-etiketten-de\/bunte-etiketten\/"]}]},{"@type":"ImageObject","inLanguage":"de","@id":"https:\/\/novacode.pl\/de\/produkty\/dekorative-etiketten-de\/bunte-etiketten\/#primaryimage","url":"https:\/\/novacode.pl\/wp-content\/uploads\/2022\/03\/kolorowe.jpg","contentUrl":"https:\/\/novacode.pl\/wp-content\/uploads\/2022\/03\/kolorowe.jpg","width":1280,"height":1280,"caption":"Etykiety kolorowe"},{"@type":"BreadcrumbList","@id":"https:\/\/novacode.pl\/de\/produkty\/dekorative-etiketten-de\/bunte-etiketten\/#breadcrumb","itemListElement":[{"@type":"ListItem","position":1,"name":"Strona g\u0142\u00f3wna","item":"https:\/\/novacode.pl\/de\/"},{"@type":"ListItem","position":2,"name":"Produkte","item":"https:\/\/novacode.pl\/de\/produkte\/"},{"@type":"ListItem","position":3,"name":"Bunte etiketten"}]},{"@type":"WebSite","@id":"https:\/\/novacode.pl\/#website","url":"https:\/\/novacode.pl\/","name":"Drukarnia etykiet Novacode","description":"Producent etykiet samoprzylepnych","publisher":{"@id":"https:\/\/novacode.pl\/#organization"},"potentialAction":[{"@type":"SearchAction","target":{"@type":"EntryPoint","urlTemplate":"https:\/\/novacode.pl\/?s={search_term_string}"},"query-input":{"@type":"PropertyValueSpecification","valueRequired":true,"valueName":"search_term_string"}}],"inLanguage":"de"},{"@type":"Organization","@id":"https:\/\/novacode.pl\/#organization","name":"Drukarnia etykiet Novacode","url":"https:\/\/novacode.pl\/","logo":{"@type":"ImageObject","inLanguage":"de","@id":"https:\/\/novacode.pl\/#\/schema\/logo\/image\/","url":"https:\/\/novacode.pl\/wp-content\/uploads\/2022\/03\/cropped-favico.png","contentUrl":"https:\/\/novacode.pl\/wp-content\/uploads\/2022\/03\/cropped-favico.png","width":512,"height":512,"caption":"Drukarnia etykiet Novacode"},"image":{"@id":"https:\/\/novacode.pl\/#\/schema\/logo\/image\/"},"sameAs":["https:\/\/www.facebook.com\/NovacodeOfficialPage"]}]}},"_links":{"self":[{"href":"https:\/\/novacode.pl\/de\/wp-json\/wp\/v2\/product\/5296","targetHints":{"allow":["GET"]}}],"collection":[{"href":"https:\/\/novacode.pl\/de\/wp-json\/wp\/v2\/product"}],"about":[{"href":"https:\/\/novacode.pl\/de\/wp-json\/wp\/v2\/types\/product"}],"wp:featuredmedia":[{"embeddable":true,"href":"https:\/\/novacode.pl\/de\/wp-json\/wp\/v2\/media\/4400"}],"wp:attachment":[{"href":"https:\/\/novacode.pl\/de\/wp-json\/wp\/v2\/media?parent=5296"}],"wp:term":[{"taxonomy":"product_brand","embeddable":true,"href":"https:\/\/novacode.pl\/de\/wp-json\/wp\/v2\/product_brand?post=5296"},{"taxonomy":"product_cat","embeddable":true,"href":"https:\/\/novacode.pl\/de\/wp-json\/wp\/v2\/product_cat?post=5296"},{"taxonomy":"product_tag","embeddable":true,"href":"https:\/\/novacode.pl\/de\/wp-json\/wp\/v2\/product_tag?post=5296"}],"curies":[{"name":"wp","href":"https:\/\/api.w.org\/{rel}","templated":true}]}}