{"id":5294,"date":"2022-03-07T14:43:03","date_gmt":"2022-03-07T13:43:03","guid":{"rendered":"https:\/\/novacode.pl\/produkty\/unkategorisiert\/etykiety-cyfrowe\/"},"modified":"2023-10-13T10:37:51","modified_gmt":"2023-10-13T08:37:51","slug":"digitale-etiketten","status":"publish","type":"product","link":"https:\/\/novacode.pl\/de\/produkty\/dekorative-etiketten-de\/digitale-etiketten\/","title":{"rendered":"Digitale Etiketten"},"content":{"rendered":"<p>Gro\u00dfe Variabilit\u00e4t des Sortiments, wachsendes Interesse an Produkten von kleinen, lokalen Herstellern, h\u00e4ufige \u00c4nderungen der Produktserien, gesetzliche \u00c4nderungen hinsichtlich Informationen auf Verpackungen, Marketing\u00e4nderungen des grafischen Designs des Produkts \u2013 all das hat in letzter Zeit die Nachfrage nach Kurzserien erh\u00f6ht. Die beste L\u00f6sung ist in diesem Fall der digitaler Druck.<\/p>\n<p>Digitale Etiketten bieten unbegrenzte M\u00f6glichkeiten an, den Druck zu personalisieren, ohne dass die Kosten f\u00fcr die Herstellung von Druckformen anfallen. Ein weiterer Vorteil ist die M\u00f6glichkeit, mehrere Projekte in einer Produktionsreihe zu drucken.<\/p>\n","protected":false},"excerpt":{"rendered":"<p>Gro\u00dfe Variabilit\u00e4t des Sortiments, wachsendes Interesse an Produkten von kleinen, lokalen Herstellern, h\u00e4ufige \u00c4nderungen der Produktserien, gesetzliche \u00c4nderungen hinsichtlich Informationen&#8230;<\/p>\n","protected":false},"featured_media":4406,"template":"","meta":{"_acf_changed":false,"inline_featured_image":false},"product_brand":[],"product_cat":[134],"product_tag":[],"class_list":{"0":"post-5294","1":"product","2":"type-product","3":"status-publish","4":"has-post-thumbnail","6":"product_cat-dekorative-etiketten-de","7":"industry-alkoholische-getraenke","8":"industry-automobil","9":"industry-bauindustrie","10":"industry-kosmetikprodukte","11":"industry-gartenbau","12":"industry-haushaltschemikalien-und-haushaltswaren","13":"industry-kerzen-und-dekorationsartikel","14":"industry-kultur-und-unterhaltung","15":"industry-lebensmittelindustrie","16":"industry-nagellacke","17":"industry-pharmazie","19":"first","20":"instock","21":"shipping-taxable","22":"product-type-simple"},"acf":[],"yoast_head":"<!-- This site is optimized with the Yoast SEO plugin v27.4 - https:\/\/yoast.com\/product\/yoast-seo-wordpress\/ -->\n<title>Etykiety cyfrowe - druk cyfrowy na roli - Drukarnia etykiet Novacode<\/title>\n<meta name=\"description\" content=\"Etykiety cyfrowe z drukarni Novacode \u27a4 Oferujemy profesjonalny druk cyfrowy etykiet na roli \u2713 Wysoka jako\u015b\u0107 i trwa\u0142o\u015b\u0107 nadruku | Sprawd\u017a!\" \/>\n<meta name=\"robots\" content=\"index, follow, max-snippet:-1, max-image-preview:large, max-video-preview:-1\" \/>\n<link rel=\"canonical\" href=\"https:\/\/novacode.pl\/de\/produkty\/dekorative-etiketten-de\/digitale-etiketten\/\" \/>\n<meta property=\"og:locale\" content=\"de_DE\" \/>\n<meta property=\"og:type\" content=\"article\" \/>\n<meta property=\"og:title\" content=\"Etykiety cyfrowe - druk cyfrowy na roli - Drukarnia etykiet Novacode\" \/>\n<meta property=\"og:description\" content=\"Etykiety cyfrowe z drukarni Novacode \u27a4 Oferujemy profesjonalny druk cyfrowy etykiet na roli \u2713 Wysoka jako\u015b\u0107 i trwa\u0142o\u015b\u0107 nadruku | Sprawd\u017a!\" \/>\n<meta property=\"og:url\" content=\"https:\/\/novacode.pl\/de\/produkty\/dekorative-etiketten-de\/digitale-etiketten\/\" \/>\n<meta property=\"og:site_name\" content=\"Drukarnia etykiet Novacode\" \/>\n<meta property=\"article:publisher\" content=\"https:\/\/www.facebook.com\/NovacodeOfficialPage\" \/>\n<meta property=\"article:modified_time\" content=\"2023-10-13T08:37:51+00:00\" \/>\n<meta property=\"og:image\" content=\"https:\/\/novacode.pl\/wp-content\/uploads\/2022\/03\/cyfrowe.jpg\" \/>\n\t<meta property=\"og:image:width\" content=\"1280\" \/>\n\t<meta property=\"og:image:height\" content=\"1280\" \/>\n\t<meta property=\"og:image:type\" content=\"image\/jpeg\" \/>\n<meta name=\"twitter:card\" content=\"summary_large_image\" \/>\n<meta name=\"twitter:label1\" content=\"Gesch\u00e4tzte Lesezeit\" \/>\n\t<meta name=\"twitter:data1\" content=\"1\u00a0Minute\" \/>\n<script type=\"application\/ld+json\" class=\"yoast-schema-graph\">{\"@context\":\"https:\\\/\\\/schema.org\",\"@graph\":[{\"@type\":\"WebPage\",\"@id\":\"https:\\\/\\\/novacode.pl\\\/de\\\/produkty\\\/dekorative-etiketten-de\\\/digitale-etiketten\\\/\",\"url\":\"https:\\\/\\\/novacode.pl\\\/de\\\/produkty\\\/dekorative-etiketten-de\\\/digitale-etiketten\\\/\",\"name\":\"Etykiety cyfrowe - druk cyfrowy na roli - Drukarnia etykiet Novacode\",\"isPartOf\":{\"@id\":\"https:\\\/\\\/novacode.pl\\\/#website\"},\"primaryImageOfPage\":{\"@id\":\"https:\\\/\\\/novacode.pl\\\/de\\\/produkty\\\/dekorative-etiketten-de\\\/digitale-etiketten\\\/#primaryimage\"},\"image\":{\"@id\":\"https:\\\/\\\/novacode.pl\\\/de\\\/produkty\\\/dekorative-etiketten-de\\\/digitale-etiketten\\\/#primaryimage\"},\"thumbnailUrl\":\"https:\\\/\\\/novacode.pl\\\/wp-content\\\/uploads\\\/2022\\\/03\\\/cyfrowe.jpg\",\"datePublished\":\"2022-03-07T13:43:03+00:00\",\"dateModified\":\"2023-10-13T08:37:51+00:00\",\"description\":\"Etykiety cyfrowe z drukarni Novacode \u27a4 Oferujemy profesjonalny druk cyfrowy etykiet na roli \u2713 Wysoka jako\u015b\u0107 i trwa\u0142o\u015b\u0107 nadruku | Sprawd\u017a!\",\"breadcrumb\":{\"@id\":\"https:\\\/\\\/novacode.pl\\\/de\\\/produkty\\\/dekorative-etiketten-de\\\/digitale-etiketten\\\/#breadcrumb\"},\"inLanguage\":\"de\",\"potentialAction\":[{\"@type\":\"ReadAction\",\"target\":[\"https:\\\/\\\/novacode.pl\\\/de\\\/produkty\\\/dekorative-etiketten-de\\\/digitale-etiketten\\\/\"]}]},{\"@type\":\"ImageObject\",\"inLanguage\":\"de\",\"@id\":\"https:\\\/\\\/novacode.pl\\\/de\\\/produkty\\\/dekorative-etiketten-de\\\/digitale-etiketten\\\/#primaryimage\",\"url\":\"https:\\\/\\\/novacode.pl\\\/wp-content\\\/uploads\\\/2022\\\/03\\\/cyfrowe.jpg\",\"contentUrl\":\"https:\\\/\\\/novacode.pl\\\/wp-content\\\/uploads\\\/2022\\\/03\\\/cyfrowe.jpg\",\"width\":1280,\"height\":1280,\"caption\":\"Etykiety cyfrowe w r\u00f3\u017cnych kolorach\"},{\"@type\":\"BreadcrumbList\",\"@id\":\"https:\\\/\\\/novacode.pl\\\/de\\\/produkty\\\/dekorative-etiketten-de\\\/digitale-etiketten\\\/#breadcrumb\",\"itemListElement\":[{\"@type\":\"ListItem\",\"position\":1,\"name\":\"Strona g\u0142\u00f3wna\",\"item\":\"https:\\\/\\\/novacode.pl\\\/de\\\/\"},{\"@type\":\"ListItem\",\"position\":2,\"name\":\"Produkte\",\"item\":\"https:\\\/\\\/novacode.pl\\\/de\\\/produkte\\\/\"},{\"@type\":\"ListItem\",\"position\":3,\"name\":\"Digitale Etiketten\"}]},{\"@type\":\"WebSite\",\"@id\":\"https:\\\/\\\/novacode.pl\\\/#website\",\"url\":\"https:\\\/\\\/novacode.pl\\\/\",\"name\":\"Drukarnia etykiet Novacode\",\"description\":\"Producent etykiet samoprzylepnych\",\"publisher\":{\"@id\":\"https:\\\/\\\/novacode.pl\\\/#organization\"},\"potentialAction\":[{\"@type\":\"SearchAction\",\"target\":{\"@type\":\"EntryPoint\",\"urlTemplate\":\"https:\\\/\\\/novacode.pl\\\/?s={search_term_string}\"},\"query-input\":{\"@type\":\"PropertyValueSpecification\",\"valueRequired\":true,\"valueName\":\"search_term_string\"}}],\"inLanguage\":\"de\"},{\"@type\":\"Organization\",\"@id\":\"https:\\\/\\\/novacode.pl\\\/#organization\",\"name\":\"Drukarnia etykiet Novacode\",\"url\":\"https:\\\/\\\/novacode.pl\\\/\",\"logo\":{\"@type\":\"ImageObject\",\"inLanguage\":\"de\",\"@id\":\"https:\\\/\\\/novacode.pl\\\/#\\\/schema\\\/logo\\\/image\\\/\",\"url\":\"https:\\\/\\\/novacode.pl\\\/wp-content\\\/uploads\\\/2022\\\/03\\\/cropped-favico.png\",\"contentUrl\":\"https:\\\/\\\/novacode.pl\\\/wp-content\\\/uploads\\\/2022\\\/03\\\/cropped-favico.png\",\"width\":512,\"height\":512,\"caption\":\"Drukarnia etykiet Novacode\"},\"image\":{\"@id\":\"https:\\\/\\\/novacode.pl\\\/#\\\/schema\\\/logo\\\/image\\\/\"},\"sameAs\":[\"https:\\\/\\\/www.facebook.com\\\/NovacodeOfficialPage\"]}]}<\/script>\n<!-- \/ Yoast SEO plugin. -->","yoast_head_json":{"title":"Etykiety cyfrowe - druk cyfrowy na roli - Drukarnia etykiet Novacode","description":"Etykiety cyfrowe z drukarni Novacode \u27a4 Oferujemy profesjonalny druk cyfrowy etykiet na roli \u2713 Wysoka jako\u015b\u0107 i trwa\u0142o\u015b\u0107 nadruku | Sprawd\u017a!","robots":{"index":"index","follow":"follow","max-snippet":"max-snippet:-1","max-image-preview":"max-image-preview:large","max-video-preview":"max-video-preview:-1"},"canonical":"https:\/\/novacode.pl\/de\/produkty\/dekorative-etiketten-de\/digitale-etiketten\/","og_locale":"de_DE","og_type":"article","og_title":"Etykiety cyfrowe - druk cyfrowy na roli - Drukarnia etykiet Novacode","og_description":"Etykiety cyfrowe z drukarni Novacode \u27a4 Oferujemy profesjonalny druk cyfrowy etykiet na roli \u2713 Wysoka jako\u015b\u0107 i trwa\u0142o\u015b\u0107 nadruku | Sprawd\u017a!","og_url":"https:\/\/novacode.pl\/de\/produkty\/dekorative-etiketten-de\/digitale-etiketten\/","og_site_name":"Drukarnia etykiet Novacode","article_publisher":"https:\/\/www.facebook.com\/NovacodeOfficialPage","article_modified_time":"2023-10-13T08:37:51+00:00","og_image":[{"width":1280,"height":1280,"url":"https:\/\/novacode.pl\/wp-content\/uploads\/2022\/03\/cyfrowe.jpg","type":"image\/jpeg"}],"twitter_card":"summary_large_image","twitter_misc":{"Gesch\u00e4tzte Lesezeit":"1\u00a0Minute"},"schema":{"@context":"https:\/\/schema.org","@graph":[{"@type":"WebPage","@id":"https:\/\/novacode.pl\/de\/produkty\/dekorative-etiketten-de\/digitale-etiketten\/","url":"https:\/\/novacode.pl\/de\/produkty\/dekorative-etiketten-de\/digitale-etiketten\/","name":"Etykiety cyfrowe - druk cyfrowy na roli - Drukarnia etykiet Novacode","isPartOf":{"@id":"https:\/\/novacode.pl\/#website"},"primaryImageOfPage":{"@id":"https:\/\/novacode.pl\/de\/produkty\/dekorative-etiketten-de\/digitale-etiketten\/#primaryimage"},"image":{"@id":"https:\/\/novacode.pl\/de\/produkty\/dekorative-etiketten-de\/digitale-etiketten\/#primaryimage"},"thumbnailUrl":"https:\/\/novacode.pl\/wp-content\/uploads\/2022\/03\/cyfrowe.jpg","datePublished":"2022-03-07T13:43:03+00:00","dateModified":"2023-10-13T08:37:51+00:00","description":"Etykiety cyfrowe z drukarni Novacode \u27a4 Oferujemy profesjonalny druk cyfrowy etykiet na roli \u2713 Wysoka jako\u015b\u0107 i trwa\u0142o\u015b\u0107 nadruku | Sprawd\u017a!","breadcrumb":{"@id":"https:\/\/novacode.pl\/de\/produkty\/dekorative-etiketten-de\/digitale-etiketten\/#breadcrumb"},"inLanguage":"de","potentialAction":[{"@type":"ReadAction","target":["https:\/\/novacode.pl\/de\/produkty\/dekorative-etiketten-de\/digitale-etiketten\/"]}]},{"@type":"ImageObject","inLanguage":"de","@id":"https:\/\/novacode.pl\/de\/produkty\/dekorative-etiketten-de\/digitale-etiketten\/#primaryimage","url":"https:\/\/novacode.pl\/wp-content\/uploads\/2022\/03\/cyfrowe.jpg","contentUrl":"https:\/\/novacode.pl\/wp-content\/uploads\/2022\/03\/cyfrowe.jpg","width":1280,"height":1280,"caption":"Etykiety cyfrowe w r\u00f3\u017cnych kolorach"},{"@type":"BreadcrumbList","@id":"https:\/\/novacode.pl\/de\/produkty\/dekorative-etiketten-de\/digitale-etiketten\/#breadcrumb","itemListElement":[{"@type":"ListItem","position":1,"name":"Strona g\u0142\u00f3wna","item":"https:\/\/novacode.pl\/de\/"},{"@type":"ListItem","position":2,"name":"Produkte","item":"https:\/\/novacode.pl\/de\/produkte\/"},{"@type":"ListItem","position":3,"name":"Digitale Etiketten"}]},{"@type":"WebSite","@id":"https:\/\/novacode.pl\/#website","url":"https:\/\/novacode.pl\/","name":"Drukarnia etykiet Novacode","description":"Producent etykiet samoprzylepnych","publisher":{"@id":"https:\/\/novacode.pl\/#organization"},"potentialAction":[{"@type":"SearchAction","target":{"@type":"EntryPoint","urlTemplate":"https:\/\/novacode.pl\/?s={search_term_string}"},"query-input":{"@type":"PropertyValueSpecification","valueRequired":true,"valueName":"search_term_string"}}],"inLanguage":"de"},{"@type":"Organization","@id":"https:\/\/novacode.pl\/#organization","name":"Drukarnia etykiet Novacode","url":"https:\/\/novacode.pl\/","logo":{"@type":"ImageObject","inLanguage":"de","@id":"https:\/\/novacode.pl\/#\/schema\/logo\/image\/","url":"https:\/\/novacode.pl\/wp-content\/uploads\/2022\/03\/cropped-favico.png","contentUrl":"https:\/\/novacode.pl\/wp-content\/uploads\/2022\/03\/cropped-favico.png","width":512,"height":512,"caption":"Drukarnia etykiet Novacode"},"image":{"@id":"https:\/\/novacode.pl\/#\/schema\/logo\/image\/"},"sameAs":["https:\/\/www.facebook.com\/NovacodeOfficialPage"]}]}},"_links":{"self":[{"href":"https:\/\/novacode.pl\/de\/wp-json\/wp\/v2\/product\/5294","targetHints":{"allow":["GET"]}}],"collection":[{"href":"https:\/\/novacode.pl\/de\/wp-json\/wp\/v2\/product"}],"about":[{"href":"https:\/\/novacode.pl\/de\/wp-json\/wp\/v2\/types\/product"}],"wp:featuredmedia":[{"embeddable":true,"href":"https:\/\/novacode.pl\/de\/wp-json\/wp\/v2\/media\/4406"}],"wp:attachment":[{"href":"https:\/\/novacode.pl\/de\/wp-json\/wp\/v2\/media?parent=5294"}],"wp:term":[{"taxonomy":"product_brand","embeddable":true,"href":"https:\/\/novacode.pl\/de\/wp-json\/wp\/v2\/product_brand?post=5294"},{"taxonomy":"product_cat","embeddable":true,"href":"https:\/\/novacode.pl\/de\/wp-json\/wp\/v2\/product_cat?post=5294"},{"taxonomy":"product_tag","embeddable":true,"href":"https:\/\/novacode.pl\/de\/wp-json\/wp\/v2\/product_tag?post=5294"}],"curies":[{"name":"wp","href":"https:\/\/api.w.org\/{rel}","templated":true}]}}