{"id":5293,"date":"2022-04-20T15:28:53","date_gmt":"2022-04-20T13:28:53","guid":{"rendered":"https:\/\/novacode.pl\/produkty\/unkategorisiert\/etykiety-rfid\/"},"modified":"2023-10-06T14:55:01","modified_gmt":"2023-10-06T12:55:01","slug":"rfid-etiketten","status":"publish","type":"product","link":"https:\/\/novacode.pl\/de\/produkty\/spezialetiketten\/rfid-etiketten\/","title":{"rendered":"RFID-Etiketten"},"content":{"rendered":"<p>Jednym z element\u00f3w systemu RFiD jest etykieta z procesorem i anten\u0105, kt\u00f3r\u0105 te\u017c mo\u017cna zadrukowywa\u0107 oraz programowa\u0107 w drukarkach etykiet. Znaczniki RFiD s\u0105 u\u017cywane jako etykiety papierowe, przywieszki bezklejowe lub wszywki tekstylne. Mamy r\u00f3wnie\u017c dost\u0119pne specjalne rozwi\u0105zania na powierzchnie metalowe i tagi RFiD wytrzyma\u0142e na wilgo\u0107 i warunki atmosferyczne. W naszej firmie oferujemy kompleksowe rozwi\u0105zania do system\u00f3w RFiD \u2013 tagi RFiD, drukarki RFiD i czytniki RFiD.<\/p>\n","protected":false},"excerpt":{"rendered":"<p>Jednym z element\u00f3w systemu RFiD jest etykieta z procesorem i anten\u0105, kt\u00f3r\u0105 te\u017c mo\u017cna zadrukowywa\u0107 oraz programowa\u0107 w drukarkach etykiet&#8230;.<\/p>\n","protected":false},"featured_media":4489,"template":"","meta":{"_acf_changed":false,"inline_featured_image":false},"product_brand":[],"product_cat":[136],"product_tag":[],"class_list":{"0":"post-5293","1":"product","2":"type-product","3":"status-publish","4":"has-post-thumbnail","6":"product_cat-spezialetiketten","7":"industry-alkoholische-getraenke","8":"industry-automobil","9":"industry-bauindustrie","10":"industry-elektronik","11":"industry-kosmetikprodukte","12":"industry-industrieetiketten","13":"industry-logistik","14":"industry-pharmazie","16":"first","17":"instock","18":"shipping-taxable","19":"product-type-simple"},"acf":[],"yoast_head":"<!-- This site is optimized with the Yoast SEO plugin v27.4 - https:\/\/yoast.com\/product\/yoast-seo-wordpress\/ -->\n<title>RFID-Etiketten - Drukarnia etykiet Novacode<\/title>\n<meta name=\"description\" content=\"Etykiety RFID z Drukarni Novacode \u27a4 Oferujemy znaczniki RFID do automatyzacji produkcji i logistyki | Wysoka jako\u015b\u0107 - Sprawd\u017a!\" \/>\n<meta name=\"robots\" content=\"index, follow, max-snippet:-1, max-image-preview:large, max-video-preview:-1\" \/>\n<link rel=\"canonical\" href=\"https:\/\/novacode.pl\/de\/produkty\/rfid-spezialetiketten\/rfid-etiketten\/\" \/>\n<meta property=\"og:locale\" content=\"de_DE\" \/>\n<meta property=\"og:type\" content=\"article\" \/>\n<meta property=\"og:title\" content=\"RFID-Etiketten - Drukarnia etykiet Novacode\" \/>\n<meta property=\"og:description\" content=\"Etykiety RFID z Drukarni Novacode \u27a4 Oferujemy znaczniki RFID do automatyzacji produkcji i logistyki | Wysoka jako\u015b\u0107 - Sprawd\u017a!\" \/>\n<meta property=\"og:url\" content=\"https:\/\/novacode.pl\/de\/produkty\/rfid-spezialetiketten\/rfid-etiketten\/\" \/>\n<meta property=\"og:site_name\" content=\"Drukarnia etykiet Novacode\" \/>\n<meta property=\"article:publisher\" content=\"https:\/\/www.facebook.com\/NovacodeOfficialPage\" \/>\n<meta property=\"article:modified_time\" content=\"2023-10-06T12:55:01+00:00\" \/>\n<meta property=\"og:image\" content=\"https:\/\/novacode.pl\/wp-content\/uploads\/2022\/04\/rfid2.jpg\" \/>\n\t<meta property=\"og:image:width\" content=\"1280\" \/>\n\t<meta property=\"og:image:height\" content=\"1280\" \/>\n\t<meta property=\"og:image:type\" content=\"image\/jpeg\" \/>\n<meta name=\"twitter:card\" content=\"summary_large_image\" \/>\n<meta name=\"twitter:label1\" content=\"Gesch\u00e4tzte Lesezeit\" \/>\n\t<meta name=\"twitter:data1\" content=\"1\u00a0Minute\" \/>\n<script type=\"application\/ld+json\" class=\"yoast-schema-graph\">{\"@context\":\"https:\\\/\\\/schema.org\",\"@graph\":[{\"@type\":\"WebPage\",\"@id\":\"https:\\\/\\\/novacode.pl\\\/de\\\/produkty\\\/rfid-spezialetiketten\\\/rfid-etiketten\\\/\",\"url\":\"https:\\\/\\\/novacode.pl\\\/de\\\/produkty\\\/rfid-spezialetiketten\\\/rfid-etiketten\\\/\",\"name\":\"RFID-Etiketten - Drukarnia etykiet Novacode\",\"isPartOf\":{\"@id\":\"https:\\\/\\\/novacode.pl\\\/#website\"},\"primaryImageOfPage\":{\"@id\":\"https:\\\/\\\/novacode.pl\\\/de\\\/produkty\\\/rfid-spezialetiketten\\\/rfid-etiketten\\\/#primaryimage\"},\"image\":{\"@id\":\"https:\\\/\\\/novacode.pl\\\/de\\\/produkty\\\/rfid-spezialetiketten\\\/rfid-etiketten\\\/#primaryimage\"},\"thumbnailUrl\":\"https:\\\/\\\/novacode.pl\\\/wp-content\\\/uploads\\\/2022\\\/04\\\/rfid2.jpg\",\"datePublished\":\"2022-04-20T13:28:53+00:00\",\"dateModified\":\"2023-10-06T12:55:01+00:00\",\"description\":\"Etykiety RFID z Drukarni Novacode \u27a4 Oferujemy znaczniki RFID do automatyzacji produkcji i logistyki | Wysoka jako\u015b\u0107 - Sprawd\u017a!\",\"breadcrumb\":{\"@id\":\"https:\\\/\\\/novacode.pl\\\/de\\\/produkty\\\/rfid-spezialetiketten\\\/rfid-etiketten\\\/#breadcrumb\"},\"inLanguage\":\"de\",\"potentialAction\":[{\"@type\":\"ReadAction\",\"target\":[\"https:\\\/\\\/novacode.pl\\\/de\\\/produkty\\\/rfid-spezialetiketten\\\/rfid-etiketten\\\/\"]}]},{\"@type\":\"ImageObject\",\"inLanguage\":\"de\",\"@id\":\"https:\\\/\\\/novacode.pl\\\/de\\\/produkty\\\/rfid-spezialetiketten\\\/rfid-etiketten\\\/#primaryimage\",\"url\":\"https:\\\/\\\/novacode.pl\\\/wp-content\\\/uploads\\\/2022\\\/04\\\/rfid2.jpg\",\"contentUrl\":\"https:\\\/\\\/novacode.pl\\\/wp-content\\\/uploads\\\/2022\\\/04\\\/rfid2.jpg\",\"width\":1280,\"height\":1280,\"caption\":\"Novacode\"},{\"@type\":\"BreadcrumbList\",\"@id\":\"https:\\\/\\\/novacode.pl\\\/de\\\/produkty\\\/rfid-spezialetiketten\\\/rfid-etiketten\\\/#breadcrumb\",\"itemListElement\":[{\"@type\":\"ListItem\",\"position\":1,\"name\":\"Strona g\u0142\u00f3wna\",\"item\":\"https:\\\/\\\/novacode.pl\\\/de\\\/\"},{\"@type\":\"ListItem\",\"position\":2,\"name\":\"Produkte\",\"item\":\"https:\\\/\\\/novacode.pl\\\/de\\\/produkte\\\/\"},{\"@type\":\"ListItem\",\"position\":3,\"name\":\"RFID-Etiketten\"}]},{\"@type\":\"WebSite\",\"@id\":\"https:\\\/\\\/novacode.pl\\\/#website\",\"url\":\"https:\\\/\\\/novacode.pl\\\/\",\"name\":\"Drukarnia etykiet Novacode\",\"description\":\"Producent etykiet samoprzylepnych\",\"publisher\":{\"@id\":\"https:\\\/\\\/novacode.pl\\\/#organization\"},\"potentialAction\":[{\"@type\":\"SearchAction\",\"target\":{\"@type\":\"EntryPoint\",\"urlTemplate\":\"https:\\\/\\\/novacode.pl\\\/?s={search_term_string}\"},\"query-input\":{\"@type\":\"PropertyValueSpecification\",\"valueRequired\":true,\"valueName\":\"search_term_string\"}}],\"inLanguage\":\"de\"},{\"@type\":\"Organization\",\"@id\":\"https:\\\/\\\/novacode.pl\\\/#organization\",\"name\":\"Drukarnia etykiet Novacode\",\"url\":\"https:\\\/\\\/novacode.pl\\\/\",\"logo\":{\"@type\":\"ImageObject\",\"inLanguage\":\"de\",\"@id\":\"https:\\\/\\\/novacode.pl\\\/#\\\/schema\\\/logo\\\/image\\\/\",\"url\":\"https:\\\/\\\/novacode.pl\\\/wp-content\\\/uploads\\\/2022\\\/03\\\/cropped-favico.png\",\"contentUrl\":\"https:\\\/\\\/novacode.pl\\\/wp-content\\\/uploads\\\/2022\\\/03\\\/cropped-favico.png\",\"width\":512,\"height\":512,\"caption\":\"Drukarnia etykiet Novacode\"},\"image\":{\"@id\":\"https:\\\/\\\/novacode.pl\\\/#\\\/schema\\\/logo\\\/image\\\/\"},\"sameAs\":[\"https:\\\/\\\/www.facebook.com\\\/NovacodeOfficialPage\"]}]}<\/script>\n<!-- \/ Yoast SEO plugin. -->","yoast_head_json":{"title":"RFID-Etiketten - Drukarnia etykiet Novacode","description":"Etykiety RFID z Drukarni Novacode \u27a4 Oferujemy znaczniki RFID do automatyzacji produkcji i logistyki | Wysoka jako\u015b\u0107 - Sprawd\u017a!","robots":{"index":"index","follow":"follow","max-snippet":"max-snippet:-1","max-image-preview":"max-image-preview:large","max-video-preview":"max-video-preview:-1"},"canonical":"https:\/\/novacode.pl\/de\/produkty\/rfid-spezialetiketten\/rfid-etiketten\/","og_locale":"de_DE","og_type":"article","og_title":"RFID-Etiketten - Drukarnia etykiet Novacode","og_description":"Etykiety RFID z Drukarni Novacode \u27a4 Oferujemy znaczniki RFID do automatyzacji produkcji i logistyki | Wysoka jako\u015b\u0107 - Sprawd\u017a!","og_url":"https:\/\/novacode.pl\/de\/produkty\/rfid-spezialetiketten\/rfid-etiketten\/","og_site_name":"Drukarnia etykiet Novacode","article_publisher":"https:\/\/www.facebook.com\/NovacodeOfficialPage","article_modified_time":"2023-10-06T12:55:01+00:00","og_image":[{"width":1280,"height":1280,"url":"https:\/\/novacode.pl\/wp-content\/uploads\/2022\/04\/rfid2.jpg","type":"image\/jpeg"}],"twitter_card":"summary_large_image","twitter_misc":{"Gesch\u00e4tzte Lesezeit":"1\u00a0Minute"},"schema":{"@context":"https:\/\/schema.org","@graph":[{"@type":"WebPage","@id":"https:\/\/novacode.pl\/de\/produkty\/rfid-spezialetiketten\/rfid-etiketten\/","url":"https:\/\/novacode.pl\/de\/produkty\/rfid-spezialetiketten\/rfid-etiketten\/","name":"RFID-Etiketten - Drukarnia etykiet Novacode","isPartOf":{"@id":"https:\/\/novacode.pl\/#website"},"primaryImageOfPage":{"@id":"https:\/\/novacode.pl\/de\/produkty\/rfid-spezialetiketten\/rfid-etiketten\/#primaryimage"},"image":{"@id":"https:\/\/novacode.pl\/de\/produkty\/rfid-spezialetiketten\/rfid-etiketten\/#primaryimage"},"thumbnailUrl":"https:\/\/novacode.pl\/wp-content\/uploads\/2022\/04\/rfid2.jpg","datePublished":"2022-04-20T13:28:53+00:00","dateModified":"2023-10-06T12:55:01+00:00","description":"Etykiety RFID z Drukarni Novacode \u27a4 Oferujemy znaczniki RFID do automatyzacji produkcji i logistyki | Wysoka jako\u015b\u0107 - Sprawd\u017a!","breadcrumb":{"@id":"https:\/\/novacode.pl\/de\/produkty\/rfid-spezialetiketten\/rfid-etiketten\/#breadcrumb"},"inLanguage":"de","potentialAction":[{"@type":"ReadAction","target":["https:\/\/novacode.pl\/de\/produkty\/rfid-spezialetiketten\/rfid-etiketten\/"]}]},{"@type":"ImageObject","inLanguage":"de","@id":"https:\/\/novacode.pl\/de\/produkty\/rfid-spezialetiketten\/rfid-etiketten\/#primaryimage","url":"https:\/\/novacode.pl\/wp-content\/uploads\/2022\/04\/rfid2.jpg","contentUrl":"https:\/\/novacode.pl\/wp-content\/uploads\/2022\/04\/rfid2.jpg","width":1280,"height":1280,"caption":"Novacode"},{"@type":"BreadcrumbList","@id":"https:\/\/novacode.pl\/de\/produkty\/rfid-spezialetiketten\/rfid-etiketten\/#breadcrumb","itemListElement":[{"@type":"ListItem","position":1,"name":"Strona g\u0142\u00f3wna","item":"https:\/\/novacode.pl\/de\/"},{"@type":"ListItem","position":2,"name":"Produkte","item":"https:\/\/novacode.pl\/de\/produkte\/"},{"@type":"ListItem","position":3,"name":"RFID-Etiketten"}]},{"@type":"WebSite","@id":"https:\/\/novacode.pl\/#website","url":"https:\/\/novacode.pl\/","name":"Drukarnia etykiet Novacode","description":"Producent etykiet samoprzylepnych","publisher":{"@id":"https:\/\/novacode.pl\/#organization"},"potentialAction":[{"@type":"SearchAction","target":{"@type":"EntryPoint","urlTemplate":"https:\/\/novacode.pl\/?s={search_term_string}"},"query-input":{"@type":"PropertyValueSpecification","valueRequired":true,"valueName":"search_term_string"}}],"inLanguage":"de"},{"@type":"Organization","@id":"https:\/\/novacode.pl\/#organization","name":"Drukarnia etykiet Novacode","url":"https:\/\/novacode.pl\/","logo":{"@type":"ImageObject","inLanguage":"de","@id":"https:\/\/novacode.pl\/#\/schema\/logo\/image\/","url":"https:\/\/novacode.pl\/wp-content\/uploads\/2022\/03\/cropped-favico.png","contentUrl":"https:\/\/novacode.pl\/wp-content\/uploads\/2022\/03\/cropped-favico.png","width":512,"height":512,"caption":"Drukarnia etykiet Novacode"},"image":{"@id":"https:\/\/novacode.pl\/#\/schema\/logo\/image\/"},"sameAs":["https:\/\/www.facebook.com\/NovacodeOfficialPage"]}]}},"_links":{"self":[{"href":"https:\/\/novacode.pl\/de\/wp-json\/wp\/v2\/product\/5293","targetHints":{"allow":["GET"]}}],"collection":[{"href":"https:\/\/novacode.pl\/de\/wp-json\/wp\/v2\/product"}],"about":[{"href":"https:\/\/novacode.pl\/de\/wp-json\/wp\/v2\/types\/product"}],"wp:featuredmedia":[{"embeddable":true,"href":"https:\/\/novacode.pl\/de\/wp-json\/wp\/v2\/media\/4489"}],"wp:attachment":[{"href":"https:\/\/novacode.pl\/de\/wp-json\/wp\/v2\/media?parent=5293"}],"wp:term":[{"taxonomy":"product_brand","embeddable":true,"href":"https:\/\/novacode.pl\/de\/wp-json\/wp\/v2\/product_brand?post=5293"},{"taxonomy":"product_cat","embeddable":true,"href":"https:\/\/novacode.pl\/de\/wp-json\/wp\/v2\/product_cat?post=5293"},{"taxonomy":"product_tag","embeddable":true,"href":"https:\/\/novacode.pl\/de\/wp-json\/wp\/v2\/product_tag?post=5293"}],"curies":[{"name":"wp","href":"https:\/\/api.w.org\/{rel}","templated":true}]}}