{"id":5291,"date":"2022-04-19T12:24:34","date_gmt":"2022-04-19T10:24:34","guid":{"rendered":"https:\/\/novacode.pl\/produkty\/unkategorisiert\/opakowania-kartonowe\/"},"modified":"2023-10-13T11:10:40","modified_gmt":"2023-10-13T09:10:40","slug":"kartonverpackungen","status":"publish","type":"product","link":"https:\/\/novacode.pl\/de\/produkty\/verpackungsmaterialien\/kartonverpackungen\/","title":{"rendered":"Kartonverpackungen"},"content":{"rendered":"<p>Kartonverpackungen werden am h\u00e4ufigsten zum Schutz von Produkten verwendet. Es ist auch die bevorzugte Methode, Pakete in Online-Shops zu verpacken. Kartonverpackungen k\u00f6nnen unterschiedliche St\u00e4rke, Gr\u00f6\u00dfe und Verschlussart haben. Sie k\u00f6nnen mit speziellen F\u00fcllstoffen gef\u00fcllt werden, die die das Verrutschen der Ware verhindern. Sie k\u00f6nnen auch in CMYK-Farben gedruckt werden.<\/p>\n<p>Die L\u00f6sung muss an die Transport-, Verwendungs- und Lagerbedingungen der Ware angepasst werden. Die \u00c4sthetik der Marke muss ebenfalls ber\u00fccksichtigt werden.<\/p>\n","protected":false},"excerpt":{"rendered":"<p>Kartonverpackungen werden am h\u00e4ufigsten zum Schutz von Produkten verwendet. Es ist auch die bevorzugte Methode, Pakete in Online-Shops zu verpacken&#8230;.<\/p>\n","protected":false},"featured_media":4512,"template":"","meta":{"_acf_changed":false,"inline_featured_image":false},"product_brand":[],"product_cat":[137],"product_tag":[],"class_list":{"0":"post-5291","1":"product","2":"type-product","3":"status-publish","4":"has-post-thumbnail","6":"product_cat-verpackungsmaterialien","7":"industry-alkoholische-getraenke","8":"industry-automobil","9":"industry-bauindustrie","10":"industry-bekleidung-und-schuhe","11":"industry-elektronik","12":"industry-kosmetikprodukte","13":"industry-haushaltschemikalien-und-haushaltswaren","14":"industry-kerzen-und-dekorationsartikel","15":"industry-logistik","16":"industry-moebel","17":"industry-nagellacke","18":"industry-pharmazie","19":"industry-unterhaltungselektronik-und-haushaltsgeraete","21":"first","22":"instock","23":"shipping-taxable","24":"product-type-simple"},"acf":[],"yoast_head":"<!-- This site is optimized with the Yoast SEO plugin v27.4 - https:\/\/yoast.com\/product\/yoast-seo-wordpress\/ -->\n<title>Kartonverpackungen - Drukarnia etykiet Novacode<\/title>\n<meta name=\"description\" content=\"Opakowania kartonowe od producenta Novacode \u27a4 Oferujemy kartony w r\u00f3\u017cnych rozmiarach i formatach | Wysoka jako\u015b\u0107 - Sprawd\u017a!\" \/>\n<meta name=\"robots\" content=\"index, follow, max-snippet:-1, max-image-preview:large, max-video-preview:-1\" \/>\n<link rel=\"canonical\" href=\"https:\/\/novacode.pl\/de\/produkty\/verpackungsmaterialien\/kartonverpackungen\/\" \/>\n<meta property=\"og:locale\" content=\"de_DE\" \/>\n<meta property=\"og:type\" content=\"article\" \/>\n<meta property=\"og:title\" content=\"Kartonverpackungen - Drukarnia etykiet Novacode\" \/>\n<meta property=\"og:description\" content=\"Opakowania kartonowe od producenta Novacode \u27a4 Oferujemy kartony w r\u00f3\u017cnych rozmiarach i formatach | Wysoka jako\u015b\u0107 - Sprawd\u017a!\" \/>\n<meta property=\"og:url\" content=\"https:\/\/novacode.pl\/de\/produkty\/verpackungsmaterialien\/kartonverpackungen\/\" \/>\n<meta property=\"og:site_name\" content=\"Drukarnia etykiet Novacode\" \/>\n<meta property=\"article:publisher\" content=\"https:\/\/www.facebook.com\/NovacodeOfficialPage\" \/>\n<meta property=\"article:modified_time\" content=\"2023-10-13T09:10:40+00:00\" \/>\n<meta property=\"og:image\" content=\"https:\/\/novacode.pl\/wp-content\/uploads\/2022\/04\/karton1.jpg\" \/>\n\t<meta property=\"og:image:width\" content=\"1280\" \/>\n\t<meta property=\"og:image:height\" content=\"1280\" \/>\n\t<meta property=\"og:image:type\" content=\"image\/jpeg\" \/>\n<meta name=\"twitter:card\" content=\"summary_large_image\" \/>\n<meta name=\"twitter:label1\" content=\"Gesch\u00e4tzte Lesezeit\" \/>\n\t<meta name=\"twitter:data1\" content=\"1\u00a0Minute\" \/>\n<script type=\"application\/ld+json\" class=\"yoast-schema-graph\">{\"@context\":\"https:\\\/\\\/schema.org\",\"@graph\":[{\"@type\":\"WebPage\",\"@id\":\"https:\\\/\\\/novacode.pl\\\/de\\\/produkty\\\/verpackungsmaterialien\\\/kartonverpackungen\\\/\",\"url\":\"https:\\\/\\\/novacode.pl\\\/de\\\/produkty\\\/verpackungsmaterialien\\\/kartonverpackungen\\\/\",\"name\":\"Kartonverpackungen - Drukarnia etykiet Novacode\",\"isPartOf\":{\"@id\":\"https:\\\/\\\/novacode.pl\\\/#website\"},\"primaryImageOfPage\":{\"@id\":\"https:\\\/\\\/novacode.pl\\\/de\\\/produkty\\\/verpackungsmaterialien\\\/kartonverpackungen\\\/#primaryimage\"},\"image\":{\"@id\":\"https:\\\/\\\/novacode.pl\\\/de\\\/produkty\\\/verpackungsmaterialien\\\/kartonverpackungen\\\/#primaryimage\"},\"thumbnailUrl\":\"https:\\\/\\\/novacode.pl\\\/wp-content\\\/uploads\\\/2022\\\/04\\\/karton1.jpg\",\"datePublished\":\"2022-04-19T10:24:34+00:00\",\"dateModified\":\"2023-10-13T09:10:40+00:00\",\"description\":\"Opakowania kartonowe od producenta Novacode \u27a4 Oferujemy kartony w r\u00f3\u017cnych rozmiarach i formatach | Wysoka jako\u015b\u0107 - Sprawd\u017a!\",\"breadcrumb\":{\"@id\":\"https:\\\/\\\/novacode.pl\\\/de\\\/produkty\\\/verpackungsmaterialien\\\/kartonverpackungen\\\/#breadcrumb\"},\"inLanguage\":\"de\",\"potentialAction\":[{\"@type\":\"ReadAction\",\"target\":[\"https:\\\/\\\/novacode.pl\\\/de\\\/produkty\\\/verpackungsmaterialien\\\/kartonverpackungen\\\/\"]}]},{\"@type\":\"ImageObject\",\"inLanguage\":\"de\",\"@id\":\"https:\\\/\\\/novacode.pl\\\/de\\\/produkty\\\/verpackungsmaterialien\\\/kartonverpackungen\\\/#primaryimage\",\"url\":\"https:\\\/\\\/novacode.pl\\\/wp-content\\\/uploads\\\/2022\\\/04\\\/karton1.jpg\",\"contentUrl\":\"https:\\\/\\\/novacode.pl\\\/wp-content\\\/uploads\\\/2022\\\/04\\\/karton1.jpg\",\"width\":1280,\"height\":1280,\"caption\":\"Kartony pod\u0142u\u017cne\"},{\"@type\":\"BreadcrumbList\",\"@id\":\"https:\\\/\\\/novacode.pl\\\/de\\\/produkty\\\/verpackungsmaterialien\\\/kartonverpackungen\\\/#breadcrumb\",\"itemListElement\":[{\"@type\":\"ListItem\",\"position\":1,\"name\":\"Strona g\u0142\u00f3wna\",\"item\":\"https:\\\/\\\/novacode.pl\\\/de\\\/\"},{\"@type\":\"ListItem\",\"position\":2,\"name\":\"Produkte\",\"item\":\"https:\\\/\\\/novacode.pl\\\/de\\\/produkte\\\/\"},{\"@type\":\"ListItem\",\"position\":3,\"name\":\"Kartonverpackungen\"}]},{\"@type\":\"WebSite\",\"@id\":\"https:\\\/\\\/novacode.pl\\\/#website\",\"url\":\"https:\\\/\\\/novacode.pl\\\/\",\"name\":\"Drukarnia etykiet Novacode\",\"description\":\"Producent etykiet samoprzylepnych\",\"publisher\":{\"@id\":\"https:\\\/\\\/novacode.pl\\\/#organization\"},\"potentialAction\":[{\"@type\":\"SearchAction\",\"target\":{\"@type\":\"EntryPoint\",\"urlTemplate\":\"https:\\\/\\\/novacode.pl\\\/?s={search_term_string}\"},\"query-input\":{\"@type\":\"PropertyValueSpecification\",\"valueRequired\":true,\"valueName\":\"search_term_string\"}}],\"inLanguage\":\"de\"},{\"@type\":\"Organization\",\"@id\":\"https:\\\/\\\/novacode.pl\\\/#organization\",\"name\":\"Drukarnia etykiet Novacode\",\"url\":\"https:\\\/\\\/novacode.pl\\\/\",\"logo\":{\"@type\":\"ImageObject\",\"inLanguage\":\"de\",\"@id\":\"https:\\\/\\\/novacode.pl\\\/#\\\/schema\\\/logo\\\/image\\\/\",\"url\":\"https:\\\/\\\/novacode.pl\\\/wp-content\\\/uploads\\\/2022\\\/03\\\/cropped-favico.png\",\"contentUrl\":\"https:\\\/\\\/novacode.pl\\\/wp-content\\\/uploads\\\/2022\\\/03\\\/cropped-favico.png\",\"width\":512,\"height\":512,\"caption\":\"Drukarnia etykiet Novacode\"},\"image\":{\"@id\":\"https:\\\/\\\/novacode.pl\\\/#\\\/schema\\\/logo\\\/image\\\/\"},\"sameAs\":[\"https:\\\/\\\/www.facebook.com\\\/NovacodeOfficialPage\"]}]}<\/script>\n<!-- \/ Yoast SEO plugin. -->","yoast_head_json":{"title":"Kartonverpackungen - Drukarnia etykiet Novacode","description":"Opakowania kartonowe od producenta Novacode \u27a4 Oferujemy kartony w r\u00f3\u017cnych rozmiarach i formatach | Wysoka jako\u015b\u0107 - Sprawd\u017a!","robots":{"index":"index","follow":"follow","max-snippet":"max-snippet:-1","max-image-preview":"max-image-preview:large","max-video-preview":"max-video-preview:-1"},"canonical":"https:\/\/novacode.pl\/de\/produkty\/verpackungsmaterialien\/kartonverpackungen\/","og_locale":"de_DE","og_type":"article","og_title":"Kartonverpackungen - Drukarnia etykiet Novacode","og_description":"Opakowania kartonowe od producenta Novacode \u27a4 Oferujemy kartony w r\u00f3\u017cnych rozmiarach i formatach | Wysoka jako\u015b\u0107 - Sprawd\u017a!","og_url":"https:\/\/novacode.pl\/de\/produkty\/verpackungsmaterialien\/kartonverpackungen\/","og_site_name":"Drukarnia etykiet Novacode","article_publisher":"https:\/\/www.facebook.com\/NovacodeOfficialPage","article_modified_time":"2023-10-13T09:10:40+00:00","og_image":[{"width":1280,"height":1280,"url":"https:\/\/novacode.pl\/wp-content\/uploads\/2022\/04\/karton1.jpg","type":"image\/jpeg"}],"twitter_card":"summary_large_image","twitter_misc":{"Gesch\u00e4tzte Lesezeit":"1\u00a0Minute"},"schema":{"@context":"https:\/\/schema.org","@graph":[{"@type":"WebPage","@id":"https:\/\/novacode.pl\/de\/produkty\/verpackungsmaterialien\/kartonverpackungen\/","url":"https:\/\/novacode.pl\/de\/produkty\/verpackungsmaterialien\/kartonverpackungen\/","name":"Kartonverpackungen - Drukarnia etykiet Novacode","isPartOf":{"@id":"https:\/\/novacode.pl\/#website"},"primaryImageOfPage":{"@id":"https:\/\/novacode.pl\/de\/produkty\/verpackungsmaterialien\/kartonverpackungen\/#primaryimage"},"image":{"@id":"https:\/\/novacode.pl\/de\/produkty\/verpackungsmaterialien\/kartonverpackungen\/#primaryimage"},"thumbnailUrl":"https:\/\/novacode.pl\/wp-content\/uploads\/2022\/04\/karton1.jpg","datePublished":"2022-04-19T10:24:34+00:00","dateModified":"2023-10-13T09:10:40+00:00","description":"Opakowania kartonowe od producenta Novacode \u27a4 Oferujemy kartony w r\u00f3\u017cnych rozmiarach i formatach | Wysoka jako\u015b\u0107 - Sprawd\u017a!","breadcrumb":{"@id":"https:\/\/novacode.pl\/de\/produkty\/verpackungsmaterialien\/kartonverpackungen\/#breadcrumb"},"inLanguage":"de","potentialAction":[{"@type":"ReadAction","target":["https:\/\/novacode.pl\/de\/produkty\/verpackungsmaterialien\/kartonverpackungen\/"]}]},{"@type":"ImageObject","inLanguage":"de","@id":"https:\/\/novacode.pl\/de\/produkty\/verpackungsmaterialien\/kartonverpackungen\/#primaryimage","url":"https:\/\/novacode.pl\/wp-content\/uploads\/2022\/04\/karton1.jpg","contentUrl":"https:\/\/novacode.pl\/wp-content\/uploads\/2022\/04\/karton1.jpg","width":1280,"height":1280,"caption":"Kartony pod\u0142u\u017cne"},{"@type":"BreadcrumbList","@id":"https:\/\/novacode.pl\/de\/produkty\/verpackungsmaterialien\/kartonverpackungen\/#breadcrumb","itemListElement":[{"@type":"ListItem","position":1,"name":"Strona g\u0142\u00f3wna","item":"https:\/\/novacode.pl\/de\/"},{"@type":"ListItem","position":2,"name":"Produkte","item":"https:\/\/novacode.pl\/de\/produkte\/"},{"@type":"ListItem","position":3,"name":"Kartonverpackungen"}]},{"@type":"WebSite","@id":"https:\/\/novacode.pl\/#website","url":"https:\/\/novacode.pl\/","name":"Drukarnia etykiet Novacode","description":"Producent etykiet samoprzylepnych","publisher":{"@id":"https:\/\/novacode.pl\/#organization"},"potentialAction":[{"@type":"SearchAction","target":{"@type":"EntryPoint","urlTemplate":"https:\/\/novacode.pl\/?s={search_term_string}"},"query-input":{"@type":"PropertyValueSpecification","valueRequired":true,"valueName":"search_term_string"}}],"inLanguage":"de"},{"@type":"Organization","@id":"https:\/\/novacode.pl\/#organization","name":"Drukarnia etykiet Novacode","url":"https:\/\/novacode.pl\/","logo":{"@type":"ImageObject","inLanguage":"de","@id":"https:\/\/novacode.pl\/#\/schema\/logo\/image\/","url":"https:\/\/novacode.pl\/wp-content\/uploads\/2022\/03\/cropped-favico.png","contentUrl":"https:\/\/novacode.pl\/wp-content\/uploads\/2022\/03\/cropped-favico.png","width":512,"height":512,"caption":"Drukarnia etykiet Novacode"},"image":{"@id":"https:\/\/novacode.pl\/#\/schema\/logo\/image\/"},"sameAs":["https:\/\/www.facebook.com\/NovacodeOfficialPage"]}]}},"_links":{"self":[{"href":"https:\/\/novacode.pl\/de\/wp-json\/wp\/v2\/product\/5291","targetHints":{"allow":["GET"]}}],"collection":[{"href":"https:\/\/novacode.pl\/de\/wp-json\/wp\/v2\/product"}],"about":[{"href":"https:\/\/novacode.pl\/de\/wp-json\/wp\/v2\/types\/product"}],"wp:featuredmedia":[{"embeddable":true,"href":"https:\/\/novacode.pl\/de\/wp-json\/wp\/v2\/media\/4512"}],"wp:attachment":[{"href":"https:\/\/novacode.pl\/de\/wp-json\/wp\/v2\/media?parent=5291"}],"wp:term":[{"taxonomy":"product_brand","embeddable":true,"href":"https:\/\/novacode.pl\/de\/wp-json\/wp\/v2\/product_brand?post=5291"},{"taxonomy":"product_cat","embeddable":true,"href":"https:\/\/novacode.pl\/de\/wp-json\/wp\/v2\/product_cat?post=5291"},{"taxonomy":"product_tag","embeddable":true,"href":"https:\/\/novacode.pl\/de\/wp-json\/wp\/v2\/product_tag?post=5291"}],"curies":[{"name":"wp","href":"https:\/\/api.w.org\/{rel}","templated":true}]}}