{"id":5289,"date":"2022-04-19T12:22:14","date_gmt":"2022-04-19T10:22:14","guid":{"rendered":"https:\/\/novacode.pl\/produkty\/unkategorisiert\/instrukcje-obslugi-broszury-ulotki\/"},"modified":"2023-10-13T11:08:45","modified_gmt":"2023-10-13T09:08:45","slug":"benutzerhandbuecher-broschueren-flyer","status":"publish","type":"product","link":"https:\/\/novacode.pl\/de\/produkty\/verpackungsmaterialien\/benutzerhandbuecher-broschueren-flyer\/","title":{"rendered":"Benutzerhandb\u00fccher, Brosch\u00fcren, Flyer"},"content":{"rendered":"<p>In unserer Druckerei k\u00fcmmern wir uns um die umfassende Versorgung der Kunden, indem wir eine breite Palette von Produkten f\u00fcr die Etikettierung, Verpackung und Kennzeichnung anbieten.<\/p>\n<p>Wichtige Elemente der Produkte sind Packungsbeilagen und Bedienungsanleitungen. Wir bieten einfarbigen und mehrfarbigen Druck sowie verschiedene Bearbeitungsmethoden an: Heften, Kleben, Falten. Wir bieten auch Informationsflyer, Brosch\u00fcren und Werbeflyer an.<\/p>\n","protected":false},"excerpt":{"rendered":"<p>In unserer Druckerei k\u00fcmmern wir uns um die umfassende Versorgung der Kunden, indem wir eine breite Palette von Produkten f\u00fcr&#8230;<\/p>\n","protected":false},"featured_media":4509,"template":"","meta":{"_acf_changed":false,"inline_featured_image":false},"product_brand":[],"product_cat":[137],"product_tag":[],"class_list":{"0":"post-5289","1":"product","2":"type-product","3":"status-publish","4":"has-post-thumbnail","6":"product_cat-verpackungsmaterialien","7":"industry-automobil","8":"industry-bauindustrie","9":"industry-bekleidung-und-schuhe","10":"industry-elektronik","11":"industry-kosmetikprodukte","12":"industry-kerzen-und-dekorationsartikel","13":"industry-kultur-und-unterhaltung","14":"industry-lebensmittelindustrie","15":"industry-moebel","16":"industry-nagellacke","17":"industry-pharmazie","18":"industry-unterhaltungselektronik-und-haushaltsgeraete","20":"first","21":"instock","22":"shipping-taxable","23":"product-type-simple"},"acf":[],"yoast_head":"<!-- This site is optimized with the Yoast SEO plugin v27.4 - https:\/\/yoast.com\/product\/yoast-seo-wordpress\/ -->\n<title>Benutzerhandb\u00fccher, Brosch\u00fcren, Flyer | Novacode<\/title>\n<meta name=\"description\" content=\"Instrukcje obs\u0142ugi, broszury, ulotki od producenta Novacode \u27a4 Oferujemy druk materia\u0142\u00f3w takcih jak ulotki, instrukcje i broszury informacyjne | Wysoka jako\u015b\u0107 - Sprawd\u017a!\" \/>\n<meta name=\"robots\" content=\"index, follow, max-snippet:-1, max-image-preview:large, max-video-preview:-1\" \/>\n<link rel=\"canonical\" href=\"https:\/\/novacode.pl\/de\/produkty\/verpackungsmaterialien\/benutzerhandbuecher-broschueren-flyer\/\" \/>\n<meta property=\"og:locale\" content=\"de_DE\" \/>\n<meta property=\"og:type\" content=\"article\" \/>\n<meta property=\"og:title\" content=\"Benutzerhandb\u00fccher, Brosch\u00fcren, Flyer | Novacode\" \/>\n<meta property=\"og:description\" content=\"Instrukcje obs\u0142ugi, broszury, ulotki od producenta Novacode \u27a4 Oferujemy druk materia\u0142\u00f3w takcih jak ulotki, instrukcje i broszury informacyjne | Wysoka jako\u015b\u0107 - Sprawd\u017a!\" \/>\n<meta property=\"og:url\" content=\"https:\/\/novacode.pl\/de\/produkty\/verpackungsmaterialien\/benutzerhandbuecher-broschueren-flyer\/\" \/>\n<meta property=\"og:site_name\" content=\"Drukarnia etykiet Novacode\" \/>\n<meta property=\"article:publisher\" content=\"https:\/\/www.facebook.com\/NovacodeOfficialPage\" \/>\n<meta property=\"article:modified_time\" content=\"2023-10-13T09:08:45+00:00\" \/>\n<meta property=\"og:image\" content=\"https:\/\/novacode.pl\/wp-content\/uploads\/2022\/04\/instrukcja.jpg\" \/>\n\t<meta property=\"og:image:width\" content=\"1280\" \/>\n\t<meta property=\"og:image:height\" content=\"1280\" \/>\n\t<meta property=\"og:image:type\" content=\"image\/jpeg\" \/>\n<meta name=\"twitter:card\" content=\"summary_large_image\" \/>\n<meta name=\"twitter:label1\" content=\"Gesch\u00e4tzte Lesezeit\" \/>\n\t<meta name=\"twitter:data1\" content=\"1\u00a0Minute\" \/>\n<script type=\"application\/ld+json\" class=\"yoast-schema-graph\">{\"@context\":\"https:\\\/\\\/schema.org\",\"@graph\":[{\"@type\":\"WebPage\",\"@id\":\"https:\\\/\\\/novacode.pl\\\/de\\\/produkty\\\/verpackungsmaterialien\\\/benutzerhandbuecher-broschueren-flyer\\\/\",\"url\":\"https:\\\/\\\/novacode.pl\\\/de\\\/produkty\\\/verpackungsmaterialien\\\/benutzerhandbuecher-broschueren-flyer\\\/\",\"name\":\"Benutzerhandb\u00fccher, Brosch\u00fcren, Flyer | Novacode\",\"isPartOf\":{\"@id\":\"https:\\\/\\\/novacode.pl\\\/#website\"},\"primaryImageOfPage\":{\"@id\":\"https:\\\/\\\/novacode.pl\\\/de\\\/produkty\\\/verpackungsmaterialien\\\/benutzerhandbuecher-broschueren-flyer\\\/#primaryimage\"},\"image\":{\"@id\":\"https:\\\/\\\/novacode.pl\\\/de\\\/produkty\\\/verpackungsmaterialien\\\/benutzerhandbuecher-broschueren-flyer\\\/#primaryimage\"},\"thumbnailUrl\":\"https:\\\/\\\/novacode.pl\\\/wp-content\\\/uploads\\\/2022\\\/04\\\/instrukcja.jpg\",\"datePublished\":\"2022-04-19T10:22:14+00:00\",\"dateModified\":\"2023-10-13T09:08:45+00:00\",\"description\":\"Instrukcje obs\u0142ugi, broszury, ulotki od producenta Novacode \u27a4 Oferujemy druk materia\u0142\u00f3w takcih jak ulotki, instrukcje i broszury informacyjne | Wysoka jako\u015b\u0107 - Sprawd\u017a!\",\"breadcrumb\":{\"@id\":\"https:\\\/\\\/novacode.pl\\\/de\\\/produkty\\\/verpackungsmaterialien\\\/benutzerhandbuecher-broschueren-flyer\\\/#breadcrumb\"},\"inLanguage\":\"de\",\"potentialAction\":[{\"@type\":\"ReadAction\",\"target\":[\"https:\\\/\\\/novacode.pl\\\/de\\\/produkty\\\/verpackungsmaterialien\\\/benutzerhandbuecher-broschueren-flyer\\\/\"]}]},{\"@type\":\"ImageObject\",\"inLanguage\":\"de\",\"@id\":\"https:\\\/\\\/novacode.pl\\\/de\\\/produkty\\\/verpackungsmaterialien\\\/benutzerhandbuecher-broschueren-flyer\\\/#primaryimage\",\"url\":\"https:\\\/\\\/novacode.pl\\\/wp-content\\\/uploads\\\/2022\\\/04\\\/instrukcja.jpg\",\"contentUrl\":\"https:\\\/\\\/novacode.pl\\\/wp-content\\\/uploads\\\/2022\\\/04\\\/instrukcja.jpg\",\"width\":1280,\"height\":1280,\"caption\":\"Drukowana instrukcja obs\u0142ugi\"},{\"@type\":\"BreadcrumbList\",\"@id\":\"https:\\\/\\\/novacode.pl\\\/de\\\/produkty\\\/verpackungsmaterialien\\\/benutzerhandbuecher-broschueren-flyer\\\/#breadcrumb\",\"itemListElement\":[{\"@type\":\"ListItem\",\"position\":1,\"name\":\"Strona g\u0142\u00f3wna\",\"item\":\"https:\\\/\\\/novacode.pl\\\/de\\\/\"},{\"@type\":\"ListItem\",\"position\":2,\"name\":\"Produkte\",\"item\":\"https:\\\/\\\/novacode.pl\\\/de\\\/produkte\\\/\"},{\"@type\":\"ListItem\",\"position\":3,\"name\":\"Benutzerhandb\u00fccher, Brosch\u00fcren, Flyer\"}]},{\"@type\":\"WebSite\",\"@id\":\"https:\\\/\\\/novacode.pl\\\/#website\",\"url\":\"https:\\\/\\\/novacode.pl\\\/\",\"name\":\"Drukarnia etykiet Novacode\",\"description\":\"Producent etykiet samoprzylepnych\",\"publisher\":{\"@id\":\"https:\\\/\\\/novacode.pl\\\/#organization\"},\"potentialAction\":[{\"@type\":\"SearchAction\",\"target\":{\"@type\":\"EntryPoint\",\"urlTemplate\":\"https:\\\/\\\/novacode.pl\\\/?s={search_term_string}\"},\"query-input\":{\"@type\":\"PropertyValueSpecification\",\"valueRequired\":true,\"valueName\":\"search_term_string\"}}],\"inLanguage\":\"de\"},{\"@type\":\"Organization\",\"@id\":\"https:\\\/\\\/novacode.pl\\\/#organization\",\"name\":\"Drukarnia etykiet Novacode\",\"url\":\"https:\\\/\\\/novacode.pl\\\/\",\"logo\":{\"@type\":\"ImageObject\",\"inLanguage\":\"de\",\"@id\":\"https:\\\/\\\/novacode.pl\\\/#\\\/schema\\\/logo\\\/image\\\/\",\"url\":\"https:\\\/\\\/novacode.pl\\\/wp-content\\\/uploads\\\/2022\\\/03\\\/cropped-favico.png\",\"contentUrl\":\"https:\\\/\\\/novacode.pl\\\/wp-content\\\/uploads\\\/2022\\\/03\\\/cropped-favico.png\",\"width\":512,\"height\":512,\"caption\":\"Drukarnia etykiet Novacode\"},\"image\":{\"@id\":\"https:\\\/\\\/novacode.pl\\\/#\\\/schema\\\/logo\\\/image\\\/\"},\"sameAs\":[\"https:\\\/\\\/www.facebook.com\\\/NovacodeOfficialPage\"]}]}<\/script>\n<!-- \/ Yoast SEO plugin. -->","yoast_head_json":{"title":"Benutzerhandb\u00fccher, Brosch\u00fcren, Flyer | Novacode","description":"Instrukcje obs\u0142ugi, broszury, ulotki od producenta Novacode \u27a4 Oferujemy druk materia\u0142\u00f3w takcih jak ulotki, instrukcje i broszury informacyjne | Wysoka jako\u015b\u0107 - Sprawd\u017a!","robots":{"index":"index","follow":"follow","max-snippet":"max-snippet:-1","max-image-preview":"max-image-preview:large","max-video-preview":"max-video-preview:-1"},"canonical":"https:\/\/novacode.pl\/de\/produkty\/verpackungsmaterialien\/benutzerhandbuecher-broschueren-flyer\/","og_locale":"de_DE","og_type":"article","og_title":"Benutzerhandb\u00fccher, Brosch\u00fcren, Flyer | Novacode","og_description":"Instrukcje obs\u0142ugi, broszury, ulotki od producenta Novacode \u27a4 Oferujemy druk materia\u0142\u00f3w takcih jak ulotki, instrukcje i broszury informacyjne | Wysoka jako\u015b\u0107 - Sprawd\u017a!","og_url":"https:\/\/novacode.pl\/de\/produkty\/verpackungsmaterialien\/benutzerhandbuecher-broschueren-flyer\/","og_site_name":"Drukarnia etykiet Novacode","article_publisher":"https:\/\/www.facebook.com\/NovacodeOfficialPage","article_modified_time":"2023-10-13T09:08:45+00:00","og_image":[{"width":1280,"height":1280,"url":"https:\/\/novacode.pl\/wp-content\/uploads\/2022\/04\/instrukcja.jpg","type":"image\/jpeg"}],"twitter_card":"summary_large_image","twitter_misc":{"Gesch\u00e4tzte Lesezeit":"1\u00a0Minute"},"schema":{"@context":"https:\/\/schema.org","@graph":[{"@type":"WebPage","@id":"https:\/\/novacode.pl\/de\/produkty\/verpackungsmaterialien\/benutzerhandbuecher-broschueren-flyer\/","url":"https:\/\/novacode.pl\/de\/produkty\/verpackungsmaterialien\/benutzerhandbuecher-broschueren-flyer\/","name":"Benutzerhandb\u00fccher, Brosch\u00fcren, Flyer | Novacode","isPartOf":{"@id":"https:\/\/novacode.pl\/#website"},"primaryImageOfPage":{"@id":"https:\/\/novacode.pl\/de\/produkty\/verpackungsmaterialien\/benutzerhandbuecher-broschueren-flyer\/#primaryimage"},"image":{"@id":"https:\/\/novacode.pl\/de\/produkty\/verpackungsmaterialien\/benutzerhandbuecher-broschueren-flyer\/#primaryimage"},"thumbnailUrl":"https:\/\/novacode.pl\/wp-content\/uploads\/2022\/04\/instrukcja.jpg","datePublished":"2022-04-19T10:22:14+00:00","dateModified":"2023-10-13T09:08:45+00:00","description":"Instrukcje obs\u0142ugi, broszury, ulotki od producenta Novacode \u27a4 Oferujemy druk materia\u0142\u00f3w takcih jak ulotki, instrukcje i broszury informacyjne | Wysoka jako\u015b\u0107 - Sprawd\u017a!","breadcrumb":{"@id":"https:\/\/novacode.pl\/de\/produkty\/verpackungsmaterialien\/benutzerhandbuecher-broschueren-flyer\/#breadcrumb"},"inLanguage":"de","potentialAction":[{"@type":"ReadAction","target":["https:\/\/novacode.pl\/de\/produkty\/verpackungsmaterialien\/benutzerhandbuecher-broschueren-flyer\/"]}]},{"@type":"ImageObject","inLanguage":"de","@id":"https:\/\/novacode.pl\/de\/produkty\/verpackungsmaterialien\/benutzerhandbuecher-broschueren-flyer\/#primaryimage","url":"https:\/\/novacode.pl\/wp-content\/uploads\/2022\/04\/instrukcja.jpg","contentUrl":"https:\/\/novacode.pl\/wp-content\/uploads\/2022\/04\/instrukcja.jpg","width":1280,"height":1280,"caption":"Drukowana instrukcja obs\u0142ugi"},{"@type":"BreadcrumbList","@id":"https:\/\/novacode.pl\/de\/produkty\/verpackungsmaterialien\/benutzerhandbuecher-broschueren-flyer\/#breadcrumb","itemListElement":[{"@type":"ListItem","position":1,"name":"Strona g\u0142\u00f3wna","item":"https:\/\/novacode.pl\/de\/"},{"@type":"ListItem","position":2,"name":"Produkte","item":"https:\/\/novacode.pl\/de\/produkte\/"},{"@type":"ListItem","position":3,"name":"Benutzerhandb\u00fccher, Brosch\u00fcren, Flyer"}]},{"@type":"WebSite","@id":"https:\/\/novacode.pl\/#website","url":"https:\/\/novacode.pl\/","name":"Drukarnia etykiet Novacode","description":"Producent etykiet samoprzylepnych","publisher":{"@id":"https:\/\/novacode.pl\/#organization"},"potentialAction":[{"@type":"SearchAction","target":{"@type":"EntryPoint","urlTemplate":"https:\/\/novacode.pl\/?s={search_term_string}"},"query-input":{"@type":"PropertyValueSpecification","valueRequired":true,"valueName":"search_term_string"}}],"inLanguage":"de"},{"@type":"Organization","@id":"https:\/\/novacode.pl\/#organization","name":"Drukarnia etykiet Novacode","url":"https:\/\/novacode.pl\/","logo":{"@type":"ImageObject","inLanguage":"de","@id":"https:\/\/novacode.pl\/#\/schema\/logo\/image\/","url":"https:\/\/novacode.pl\/wp-content\/uploads\/2022\/03\/cropped-favico.png","contentUrl":"https:\/\/novacode.pl\/wp-content\/uploads\/2022\/03\/cropped-favico.png","width":512,"height":512,"caption":"Drukarnia etykiet Novacode"},"image":{"@id":"https:\/\/novacode.pl\/#\/schema\/logo\/image\/"},"sameAs":["https:\/\/www.facebook.com\/NovacodeOfficialPage"]}]}},"_links":{"self":[{"href":"https:\/\/novacode.pl\/de\/wp-json\/wp\/v2\/product\/5289","targetHints":{"allow":["GET"]}}],"collection":[{"href":"https:\/\/novacode.pl\/de\/wp-json\/wp\/v2\/product"}],"about":[{"href":"https:\/\/novacode.pl\/de\/wp-json\/wp\/v2\/types\/product"}],"wp:featuredmedia":[{"embeddable":true,"href":"https:\/\/novacode.pl\/de\/wp-json\/wp\/v2\/media\/4509"}],"wp:attachment":[{"href":"https:\/\/novacode.pl\/de\/wp-json\/wp\/v2\/media?parent=5289"}],"wp:term":[{"taxonomy":"product_brand","embeddable":true,"href":"https:\/\/novacode.pl\/de\/wp-json\/wp\/v2\/product_brand?post=5289"},{"taxonomy":"product_cat","embeddable":true,"href":"https:\/\/novacode.pl\/de\/wp-json\/wp\/v2\/product_cat?post=5289"},{"taxonomy":"product_tag","embeddable":true,"href":"https:\/\/novacode.pl\/de\/wp-json\/wp\/v2\/product_tag?post=5289"}],"curies":[{"name":"wp","href":"https:\/\/api.w.org\/{rel}","templated":true}]}}