{"id":5287,"date":"2022-04-20T15:50:19","date_gmt":"2022-04-20T13:50:19","guid":{"rendered":"https:\/\/novacode.pl\/produkty\/unkategorisiert\/folie-rozciagliwe-ochronne-i-babelkowe\/"},"modified":"2023-10-13T11:41:51","modified_gmt":"2023-10-13T09:41:51","slug":"stretch-schutz-und-luftpolsterfolien","status":"publish","type":"product","link":"https:\/\/novacode.pl\/de\/produkty\/verpackungsmaterialien\/stretch-schutz-und-luftpolsterfolien\/","title":{"rendered":"Stretch-, Schutz- und Luftpolsterfolien"},"content":{"rendered":"<p>Eine Gruppe von spezialisierten Folienverpackungen f\u00fcr Paletten, Sendungen, Waren. Schutzfolien zeichnen sich durch eine erh\u00f6hte Best\u00e4ndigkeit gegen Feuchtigkeit und Witterungsbedingungen aus. Sie sch\u00fctzen effektiv vor Schmutz, und einige Arten haben eine sehr hohe UV-Best\u00e4ndigkeit. Sie sind in verschiedenen Farben und St\u00e4rken erh\u00e4ltlich.<\/p>\n","protected":false},"excerpt":{"rendered":"<p>Eine Gruppe von spezialisierten Folienverpackungen f\u00fcr Paletten, Sendungen, Waren. Schutzfolien zeichnen sich durch eine erh\u00f6hte Best\u00e4ndigkeit gegen Feuchtigkeit und Witterungsbedingungen&#8230;<\/p>\n","protected":false},"featured_media":4268,"template":"","meta":{"_acf_changed":false,"inline_featured_image":false},"product_brand":[],"product_cat":[137],"product_tag":[],"class_list":{"0":"post-5287","1":"product","2":"type-product","3":"status-publish","4":"has-post-thumbnail","6":"product_cat-verpackungsmaterialien","7":"industry-automobil","8":"industry-bauindustrie","9":"industry-bekleidung-und-schuhe","10":"industry-elektronik","11":"industry-kosmetikprodukte","12":"industry-haushaltschemikalien-und-haushaltswaren","13":"industry-logistik","14":"industry-moebel","15":"industry-nagellacke","16":"industry-pharmazie","17":"industry-unterhaltungselektronik-und-haushaltsgeraete","19":"first","20":"instock","21":"shipping-taxable","22":"product-type-simple"},"acf":[],"yoast_head":"<!-- This site is optimized with the Yoast SEO plugin v27.4 - https:\/\/yoast.com\/product\/yoast-seo-wordpress\/ -->\n<title>Stretch-, Schutz- und Luftpolsterfolien - Drukarnia etykiet Novacode<\/title>\n<meta name=\"description\" content=\"Folie rozci\u0105gliwe, ochronne i b\u0105belkowe od producenta Novacode \u27a4 Opakowania foliowe do zabezpieczania palet, przesy\u0142ek, towar\u00f3w | Wysoka jako\u015b\u0107 - Sprawd\u017a!\" \/>\n<meta name=\"robots\" content=\"index, follow, max-snippet:-1, max-image-preview:large, max-video-preview:-1\" \/>\n<link rel=\"canonical\" href=\"https:\/\/novacode.pl\/de\/produkty\/verpackungsmaterialien\/stretch-schutz-und-luftpolsterfolien\/\" \/>\n<meta property=\"og:locale\" content=\"de_DE\" \/>\n<meta property=\"og:type\" content=\"article\" \/>\n<meta property=\"og:title\" content=\"Stretch-, Schutz- und Luftpolsterfolien - Drukarnia etykiet Novacode\" \/>\n<meta property=\"og:description\" content=\"Folie rozci\u0105gliwe, ochronne i b\u0105belkowe od producenta Novacode \u27a4 Opakowania foliowe do zabezpieczania palet, przesy\u0142ek, towar\u00f3w | Wysoka jako\u015b\u0107 - Sprawd\u017a!\" \/>\n<meta property=\"og:url\" content=\"https:\/\/novacode.pl\/de\/produkty\/verpackungsmaterialien\/stretch-schutz-und-luftpolsterfolien\/\" \/>\n<meta property=\"og:site_name\" content=\"Drukarnia etykiet Novacode\" \/>\n<meta property=\"article:publisher\" content=\"https:\/\/www.facebook.com\/NovacodeOfficialPage\" \/>\n<meta property=\"article:modified_time\" content=\"2023-10-13T09:41:51+00:00\" \/>\n<meta property=\"og:image\" content=\"https:\/\/novacode.pl\/wp-content\/uploads\/2022\/04\/folie-rozciagliwe-ochronne-i-babelkowe_1-1.jpg\" \/>\n\t<meta property=\"og:image:width\" content=\"588\" \/>\n\t<meta property=\"og:image:height\" content=\"588\" \/>\n\t<meta property=\"og:image:type\" content=\"image\/jpeg\" \/>\n<meta name=\"twitter:card\" content=\"summary_large_image\" \/>\n<meta name=\"twitter:label1\" content=\"Gesch\u00e4tzte Lesezeit\" \/>\n\t<meta name=\"twitter:data1\" content=\"1\u00a0Minute\" \/>\n<script type=\"application\/ld+json\" class=\"yoast-schema-graph\">{\"@context\":\"https:\\\/\\\/schema.org\",\"@graph\":[{\"@type\":\"WebPage\",\"@id\":\"https:\\\/\\\/novacode.pl\\\/de\\\/produkty\\\/verpackungsmaterialien\\\/stretch-schutz-und-luftpolsterfolien\\\/\",\"url\":\"https:\\\/\\\/novacode.pl\\\/de\\\/produkty\\\/verpackungsmaterialien\\\/stretch-schutz-und-luftpolsterfolien\\\/\",\"name\":\"Stretch-, Schutz- und Luftpolsterfolien - Drukarnia etykiet Novacode\",\"isPartOf\":{\"@id\":\"https:\\\/\\\/novacode.pl\\\/#website\"},\"primaryImageOfPage\":{\"@id\":\"https:\\\/\\\/novacode.pl\\\/de\\\/produkty\\\/verpackungsmaterialien\\\/stretch-schutz-und-luftpolsterfolien\\\/#primaryimage\"},\"image\":{\"@id\":\"https:\\\/\\\/novacode.pl\\\/de\\\/produkty\\\/verpackungsmaterialien\\\/stretch-schutz-und-luftpolsterfolien\\\/#primaryimage\"},\"thumbnailUrl\":\"https:\\\/\\\/novacode.pl\\\/wp-content\\\/uploads\\\/2022\\\/04\\\/folie-rozciagliwe-ochronne-i-babelkowe_1-1.jpg\",\"datePublished\":\"2022-04-20T13:50:19+00:00\",\"dateModified\":\"2023-10-13T09:41:51+00:00\",\"description\":\"Folie rozci\u0105gliwe, ochronne i b\u0105belkowe od producenta Novacode \u27a4 Opakowania foliowe do zabezpieczania palet, przesy\u0142ek, towar\u00f3w | Wysoka jako\u015b\u0107 - Sprawd\u017a!\",\"breadcrumb\":{\"@id\":\"https:\\\/\\\/novacode.pl\\\/de\\\/produkty\\\/verpackungsmaterialien\\\/stretch-schutz-und-luftpolsterfolien\\\/#breadcrumb\"},\"inLanguage\":\"de\",\"potentialAction\":[{\"@type\":\"ReadAction\",\"target\":[\"https:\\\/\\\/novacode.pl\\\/de\\\/produkty\\\/verpackungsmaterialien\\\/stretch-schutz-und-luftpolsterfolien\\\/\"]}]},{\"@type\":\"ImageObject\",\"inLanguage\":\"de\",\"@id\":\"https:\\\/\\\/novacode.pl\\\/de\\\/produkty\\\/verpackungsmaterialien\\\/stretch-schutz-und-luftpolsterfolien\\\/#primaryimage\",\"url\":\"https:\\\/\\\/novacode.pl\\\/wp-content\\\/uploads\\\/2022\\\/04\\\/folie-rozciagliwe-ochronne-i-babelkowe_1-1.jpg\",\"contentUrl\":\"https:\\\/\\\/novacode.pl\\\/wp-content\\\/uploads\\\/2022\\\/04\\\/folie-rozciagliwe-ochronne-i-babelkowe_1-1.jpg\",\"width\":588,\"height\":588,\"caption\":\"folie rozci\u0105gliwe, ochronne i b\u0105belkowe_1\"},{\"@type\":\"BreadcrumbList\",\"@id\":\"https:\\\/\\\/novacode.pl\\\/de\\\/produkty\\\/verpackungsmaterialien\\\/stretch-schutz-und-luftpolsterfolien\\\/#breadcrumb\",\"itemListElement\":[{\"@type\":\"ListItem\",\"position\":1,\"name\":\"Strona g\u0142\u00f3wna\",\"item\":\"https:\\\/\\\/novacode.pl\\\/de\\\/\"},{\"@type\":\"ListItem\",\"position\":2,\"name\":\"Produkte\",\"item\":\"https:\\\/\\\/novacode.pl\\\/de\\\/produkte\\\/\"},{\"@type\":\"ListItem\",\"position\":3,\"name\":\"Stretch-, Schutz- und Luftpolsterfolien\"}]},{\"@type\":\"WebSite\",\"@id\":\"https:\\\/\\\/novacode.pl\\\/#website\",\"url\":\"https:\\\/\\\/novacode.pl\\\/\",\"name\":\"Drukarnia etykiet Novacode\",\"description\":\"Producent etykiet samoprzylepnych\",\"publisher\":{\"@id\":\"https:\\\/\\\/novacode.pl\\\/#organization\"},\"potentialAction\":[{\"@type\":\"SearchAction\",\"target\":{\"@type\":\"EntryPoint\",\"urlTemplate\":\"https:\\\/\\\/novacode.pl\\\/?s={search_term_string}\"},\"query-input\":{\"@type\":\"PropertyValueSpecification\",\"valueRequired\":true,\"valueName\":\"search_term_string\"}}],\"inLanguage\":\"de\"},{\"@type\":\"Organization\",\"@id\":\"https:\\\/\\\/novacode.pl\\\/#organization\",\"name\":\"Drukarnia etykiet Novacode\",\"url\":\"https:\\\/\\\/novacode.pl\\\/\",\"logo\":{\"@type\":\"ImageObject\",\"inLanguage\":\"de\",\"@id\":\"https:\\\/\\\/novacode.pl\\\/#\\\/schema\\\/logo\\\/image\\\/\",\"url\":\"https:\\\/\\\/novacode.pl\\\/wp-content\\\/uploads\\\/2022\\\/03\\\/cropped-favico.png\",\"contentUrl\":\"https:\\\/\\\/novacode.pl\\\/wp-content\\\/uploads\\\/2022\\\/03\\\/cropped-favico.png\",\"width\":512,\"height\":512,\"caption\":\"Drukarnia etykiet Novacode\"},\"image\":{\"@id\":\"https:\\\/\\\/novacode.pl\\\/#\\\/schema\\\/logo\\\/image\\\/\"},\"sameAs\":[\"https:\\\/\\\/www.facebook.com\\\/NovacodeOfficialPage\"]}]}<\/script>\n<!-- \/ Yoast SEO plugin. -->","yoast_head_json":{"title":"Stretch-, Schutz- und Luftpolsterfolien - Drukarnia etykiet Novacode","description":"Folie rozci\u0105gliwe, ochronne i b\u0105belkowe od producenta Novacode \u27a4 Opakowania foliowe do zabezpieczania palet, przesy\u0142ek, towar\u00f3w | Wysoka jako\u015b\u0107 - Sprawd\u017a!","robots":{"index":"index","follow":"follow","max-snippet":"max-snippet:-1","max-image-preview":"max-image-preview:large","max-video-preview":"max-video-preview:-1"},"canonical":"https:\/\/novacode.pl\/de\/produkty\/verpackungsmaterialien\/stretch-schutz-und-luftpolsterfolien\/","og_locale":"de_DE","og_type":"article","og_title":"Stretch-, Schutz- und Luftpolsterfolien - Drukarnia etykiet Novacode","og_description":"Folie rozci\u0105gliwe, ochronne i b\u0105belkowe od producenta Novacode \u27a4 Opakowania foliowe do zabezpieczania palet, przesy\u0142ek, towar\u00f3w | Wysoka jako\u015b\u0107 - Sprawd\u017a!","og_url":"https:\/\/novacode.pl\/de\/produkty\/verpackungsmaterialien\/stretch-schutz-und-luftpolsterfolien\/","og_site_name":"Drukarnia etykiet Novacode","article_publisher":"https:\/\/www.facebook.com\/NovacodeOfficialPage","article_modified_time":"2023-10-13T09:41:51+00:00","og_image":[{"width":588,"height":588,"url":"https:\/\/novacode.pl\/wp-content\/uploads\/2022\/04\/folie-rozciagliwe-ochronne-i-babelkowe_1-1.jpg","type":"image\/jpeg"}],"twitter_card":"summary_large_image","twitter_misc":{"Gesch\u00e4tzte Lesezeit":"1\u00a0Minute"},"schema":{"@context":"https:\/\/schema.org","@graph":[{"@type":"WebPage","@id":"https:\/\/novacode.pl\/de\/produkty\/verpackungsmaterialien\/stretch-schutz-und-luftpolsterfolien\/","url":"https:\/\/novacode.pl\/de\/produkty\/verpackungsmaterialien\/stretch-schutz-und-luftpolsterfolien\/","name":"Stretch-, Schutz- und Luftpolsterfolien - Drukarnia etykiet Novacode","isPartOf":{"@id":"https:\/\/novacode.pl\/#website"},"primaryImageOfPage":{"@id":"https:\/\/novacode.pl\/de\/produkty\/verpackungsmaterialien\/stretch-schutz-und-luftpolsterfolien\/#primaryimage"},"image":{"@id":"https:\/\/novacode.pl\/de\/produkty\/verpackungsmaterialien\/stretch-schutz-und-luftpolsterfolien\/#primaryimage"},"thumbnailUrl":"https:\/\/novacode.pl\/wp-content\/uploads\/2022\/04\/folie-rozciagliwe-ochronne-i-babelkowe_1-1.jpg","datePublished":"2022-04-20T13:50:19+00:00","dateModified":"2023-10-13T09:41:51+00:00","description":"Folie rozci\u0105gliwe, ochronne i b\u0105belkowe od producenta Novacode \u27a4 Opakowania foliowe do zabezpieczania palet, przesy\u0142ek, towar\u00f3w | Wysoka jako\u015b\u0107 - Sprawd\u017a!","breadcrumb":{"@id":"https:\/\/novacode.pl\/de\/produkty\/verpackungsmaterialien\/stretch-schutz-und-luftpolsterfolien\/#breadcrumb"},"inLanguage":"de","potentialAction":[{"@type":"ReadAction","target":["https:\/\/novacode.pl\/de\/produkty\/verpackungsmaterialien\/stretch-schutz-und-luftpolsterfolien\/"]}]},{"@type":"ImageObject","inLanguage":"de","@id":"https:\/\/novacode.pl\/de\/produkty\/verpackungsmaterialien\/stretch-schutz-und-luftpolsterfolien\/#primaryimage","url":"https:\/\/novacode.pl\/wp-content\/uploads\/2022\/04\/folie-rozciagliwe-ochronne-i-babelkowe_1-1.jpg","contentUrl":"https:\/\/novacode.pl\/wp-content\/uploads\/2022\/04\/folie-rozciagliwe-ochronne-i-babelkowe_1-1.jpg","width":588,"height":588,"caption":"folie rozci\u0105gliwe, ochronne i b\u0105belkowe_1"},{"@type":"BreadcrumbList","@id":"https:\/\/novacode.pl\/de\/produkty\/verpackungsmaterialien\/stretch-schutz-und-luftpolsterfolien\/#breadcrumb","itemListElement":[{"@type":"ListItem","position":1,"name":"Strona g\u0142\u00f3wna","item":"https:\/\/novacode.pl\/de\/"},{"@type":"ListItem","position":2,"name":"Produkte","item":"https:\/\/novacode.pl\/de\/produkte\/"},{"@type":"ListItem","position":3,"name":"Stretch-, Schutz- und Luftpolsterfolien"}]},{"@type":"WebSite","@id":"https:\/\/novacode.pl\/#website","url":"https:\/\/novacode.pl\/","name":"Drukarnia etykiet Novacode","description":"Producent etykiet samoprzylepnych","publisher":{"@id":"https:\/\/novacode.pl\/#organization"},"potentialAction":[{"@type":"SearchAction","target":{"@type":"EntryPoint","urlTemplate":"https:\/\/novacode.pl\/?s={search_term_string}"},"query-input":{"@type":"PropertyValueSpecification","valueRequired":true,"valueName":"search_term_string"}}],"inLanguage":"de"},{"@type":"Organization","@id":"https:\/\/novacode.pl\/#organization","name":"Drukarnia etykiet Novacode","url":"https:\/\/novacode.pl\/","logo":{"@type":"ImageObject","inLanguage":"de","@id":"https:\/\/novacode.pl\/#\/schema\/logo\/image\/","url":"https:\/\/novacode.pl\/wp-content\/uploads\/2022\/03\/cropped-favico.png","contentUrl":"https:\/\/novacode.pl\/wp-content\/uploads\/2022\/03\/cropped-favico.png","width":512,"height":512,"caption":"Drukarnia etykiet Novacode"},"image":{"@id":"https:\/\/novacode.pl\/#\/schema\/logo\/image\/"},"sameAs":["https:\/\/www.facebook.com\/NovacodeOfficialPage"]}]}},"_links":{"self":[{"href":"https:\/\/novacode.pl\/de\/wp-json\/wp\/v2\/product\/5287","targetHints":{"allow":["GET"]}}],"collection":[{"href":"https:\/\/novacode.pl\/de\/wp-json\/wp\/v2\/product"}],"about":[{"href":"https:\/\/novacode.pl\/de\/wp-json\/wp\/v2\/types\/product"}],"wp:featuredmedia":[{"embeddable":true,"href":"https:\/\/novacode.pl\/de\/wp-json\/wp\/v2\/media\/4268"}],"wp:attachment":[{"href":"https:\/\/novacode.pl\/de\/wp-json\/wp\/v2\/media?parent=5287"}],"wp:term":[{"taxonomy":"product_brand","embeddable":true,"href":"https:\/\/novacode.pl\/de\/wp-json\/wp\/v2\/product_brand?post=5287"},{"taxonomy":"product_cat","embeddable":true,"href":"https:\/\/novacode.pl\/de\/wp-json\/wp\/v2\/product_cat?post=5287"},{"taxonomy":"product_tag","embeddable":true,"href":"https:\/\/novacode.pl\/de\/wp-json\/wp\/v2\/product_tag?post=5287"}],"curies":[{"name":"wp","href":"https:\/\/api.w.org\/{rel}","templated":true}]}}