{"id":5284,"date":"2022-04-20T15:52:53","date_gmt":"2022-04-20T13:52:53","guid":{"rendered":"https:\/\/novacode.pl\/produkty\/unkategorisiert\/satyna-i-nylon-nie-samoprzylepne\/"},"modified":"2023-10-13T11:43:15","modified_gmt":"2023-10-13T09:43:15","slug":"nicht-selbstklebende-satin-und-nyloneetiketten","status":"publish","type":"product","link":"https:\/\/novacode.pl\/de\/produkty\/blankoetiketten\/nicht-selbstklebende-satin-und-nyloneetiketten\/","title":{"rendered":"Nicht selbstklebende Satin- und Nyloneetiketten"},"content":{"rendered":"<p>F\u00fcr Textilkennzeichnung k\u00f6nnen Aufn\u00e4her aus Nylon oder zartem Satin verwendet werden. Ihr Hauptvorteil ist hohe Elastizit\u00e4t, Best\u00e4ndigkeit gegen Chemikalien und hohe Rei\u00dffestigkeit. Die h\u00e4ufigste Anwendung von Textil-Aufn\u00e4hern ist Kennzeichnung in der Kleidungsindustrie.<\/p>\n<p>Satin- und Nylon-Anh\u00e4nger k\u00f6nnen auf Thermotransferdruckern gedruckt werden. Drucken mit speziellen Farbdruckern f\u00fcr Textilien ist auch weit verbreitet.<\/p>\n","protected":false},"excerpt":{"rendered":"<p>F\u00fcr Textilkennzeichnung k\u00f6nnen Aufn\u00e4her aus Nylon oder zartem Satin verwendet werden. Ihr Hauptvorteil ist hohe Elastizit\u00e4t, Best\u00e4ndigkeit gegen Chemikalien und&#8230;<\/p>\n","protected":false},"featured_media":4275,"template":"","meta":{"_acf_changed":false,"inline_featured_image":false},"product_brand":[],"product_cat":[130],"product_tag":[],"class_list":{"0":"post-5284","1":"product","2":"type-product","3":"status-publish","4":"has-post-thumbnail","6":"product_cat-blankoetiketten","7":"industry-automobil","8":"industry-bekleidung-und-schuhe","9":"industry-industrieetiketten","10":"industry-moebel","12":"first","13":"instock","14":"shipping-taxable","15":"product-type-simple"},"acf":[],"yoast_head":"<!-- This site is optimized with the Yoast SEO plugin v27.4 - https:\/\/yoast.com\/product\/yoast-seo-wordpress\/ -->\n<title>Nicht selbstklebende Satin- und Nyloneetiketten - Drukarnia etykiet Novacode<\/title>\n<meta name=\"description\" content=\"Przywieszki satynowe i nylonowe na odzie\u017c od producenta Novacode \u27a4 Oferujemy druk przywieszek nieprzylepnych z satyny i nylonu | Wysoka jako\u015b\u0107 i profesjonalne wyko\u0144czenie - Sprawd\u017a!\" \/>\n<meta name=\"robots\" content=\"index, follow, max-snippet:-1, max-image-preview:large, max-video-preview:-1\" \/>\n<link rel=\"canonical\" href=\"https:\/\/novacode.pl\/de\/produkty\/blankoetiketten\/nicht-selbstklebende-satin-und-nyloneetiketten\/\" \/>\n<meta property=\"og:locale\" content=\"de_DE\" \/>\n<meta property=\"og:type\" content=\"article\" \/>\n<meta property=\"og:title\" content=\"Nicht selbstklebende Satin- und Nyloneetiketten - Drukarnia etykiet Novacode\" \/>\n<meta property=\"og:description\" content=\"Przywieszki satynowe i nylonowe na odzie\u017c od producenta Novacode \u27a4 Oferujemy druk przywieszek nieprzylepnych z satyny i nylonu | Wysoka jako\u015b\u0107 i profesjonalne wyko\u0144czenie - Sprawd\u017a!\" \/>\n<meta property=\"og:url\" content=\"https:\/\/novacode.pl\/de\/produkty\/blankoetiketten\/nicht-selbstklebende-satin-und-nyloneetiketten\/\" \/>\n<meta property=\"og:site_name\" content=\"Drukarnia etykiet Novacode\" \/>\n<meta property=\"article:publisher\" content=\"https:\/\/www.facebook.com\/NovacodeOfficialPage\" \/>\n<meta property=\"article:modified_time\" content=\"2023-10-13T09:43:15+00:00\" \/>\n<meta property=\"og:image\" content=\"https:\/\/novacode.pl\/wp-content\/uploads\/2022\/04\/satyna-nylon_2.jpg\" \/>\n\t<meta property=\"og:image:width\" content=\"588\" \/>\n\t<meta property=\"og:image:height\" content=\"588\" \/>\n\t<meta property=\"og:image:type\" content=\"image\/jpeg\" \/>\n<meta name=\"twitter:card\" content=\"summary_large_image\" \/>\n<meta name=\"twitter:label1\" content=\"Gesch\u00e4tzte Lesezeit\" \/>\n\t<meta name=\"twitter:data1\" content=\"1\u00a0Minute\" \/>\n<script type=\"application\/ld+json\" class=\"yoast-schema-graph\">{\"@context\":\"https:\\\/\\\/schema.org\",\"@graph\":[{\"@type\":\"WebPage\",\"@id\":\"https:\\\/\\\/novacode.pl\\\/de\\\/produkty\\\/blankoetiketten\\\/nicht-selbstklebende-satin-und-nyloneetiketten\\\/\",\"url\":\"https:\\\/\\\/novacode.pl\\\/de\\\/produkty\\\/blankoetiketten\\\/nicht-selbstklebende-satin-und-nyloneetiketten\\\/\",\"name\":\"Nicht selbstklebende Satin- und Nyloneetiketten - Drukarnia etykiet Novacode\",\"isPartOf\":{\"@id\":\"https:\\\/\\\/novacode.pl\\\/#website\"},\"primaryImageOfPage\":{\"@id\":\"https:\\\/\\\/novacode.pl\\\/de\\\/produkty\\\/blankoetiketten\\\/nicht-selbstklebende-satin-und-nyloneetiketten\\\/#primaryimage\"},\"image\":{\"@id\":\"https:\\\/\\\/novacode.pl\\\/de\\\/produkty\\\/blankoetiketten\\\/nicht-selbstklebende-satin-und-nyloneetiketten\\\/#primaryimage\"},\"thumbnailUrl\":\"https:\\\/\\\/novacode.pl\\\/wp-content\\\/uploads\\\/2022\\\/04\\\/satyna-nylon_2.jpg\",\"datePublished\":\"2022-04-20T13:52:53+00:00\",\"dateModified\":\"2023-10-13T09:43:15+00:00\",\"description\":\"Przywieszki satynowe i nylonowe na odzie\u017c od producenta Novacode \u27a4 Oferujemy druk przywieszek nieprzylepnych z satyny i nylonu | Wysoka jako\u015b\u0107 i profesjonalne wyko\u0144czenie - Sprawd\u017a!\",\"breadcrumb\":{\"@id\":\"https:\\\/\\\/novacode.pl\\\/de\\\/produkty\\\/blankoetiketten\\\/nicht-selbstklebende-satin-und-nyloneetiketten\\\/#breadcrumb\"},\"inLanguage\":\"de\",\"potentialAction\":[{\"@type\":\"ReadAction\",\"target\":[\"https:\\\/\\\/novacode.pl\\\/de\\\/produkty\\\/blankoetiketten\\\/nicht-selbstklebende-satin-und-nyloneetiketten\\\/\"]}]},{\"@type\":\"ImageObject\",\"inLanguage\":\"de\",\"@id\":\"https:\\\/\\\/novacode.pl\\\/de\\\/produkty\\\/blankoetiketten\\\/nicht-selbstklebende-satin-und-nyloneetiketten\\\/#primaryimage\",\"url\":\"https:\\\/\\\/novacode.pl\\\/wp-content\\\/uploads\\\/2022\\\/04\\\/satyna-nylon_2.jpg\",\"contentUrl\":\"https:\\\/\\\/novacode.pl\\\/wp-content\\\/uploads\\\/2022\\\/04\\\/satyna-nylon_2.jpg\",\"width\":588,\"height\":588,\"caption\":\"Przywieszki satynowe i nylonowe do odzie\u017cy\"},{\"@type\":\"BreadcrumbList\",\"@id\":\"https:\\\/\\\/novacode.pl\\\/de\\\/produkty\\\/blankoetiketten\\\/nicht-selbstklebende-satin-und-nyloneetiketten\\\/#breadcrumb\",\"itemListElement\":[{\"@type\":\"ListItem\",\"position\":1,\"name\":\"Strona g\u0142\u00f3wna\",\"item\":\"https:\\\/\\\/novacode.pl\\\/de\\\/\"},{\"@type\":\"ListItem\",\"position\":2,\"name\":\"Produkte\",\"item\":\"https:\\\/\\\/novacode.pl\\\/de\\\/produkte\\\/\"},{\"@type\":\"ListItem\",\"position\":3,\"name\":\"Nicht selbstklebende Satin- und Nyloneetiketten\"}]},{\"@type\":\"WebSite\",\"@id\":\"https:\\\/\\\/novacode.pl\\\/#website\",\"url\":\"https:\\\/\\\/novacode.pl\\\/\",\"name\":\"Drukarnia etykiet Novacode\",\"description\":\"Producent etykiet samoprzylepnych\",\"publisher\":{\"@id\":\"https:\\\/\\\/novacode.pl\\\/#organization\"},\"potentialAction\":[{\"@type\":\"SearchAction\",\"target\":{\"@type\":\"EntryPoint\",\"urlTemplate\":\"https:\\\/\\\/novacode.pl\\\/?s={search_term_string}\"},\"query-input\":{\"@type\":\"PropertyValueSpecification\",\"valueRequired\":true,\"valueName\":\"search_term_string\"}}],\"inLanguage\":\"de\"},{\"@type\":\"Organization\",\"@id\":\"https:\\\/\\\/novacode.pl\\\/#organization\",\"name\":\"Drukarnia etykiet Novacode\",\"url\":\"https:\\\/\\\/novacode.pl\\\/\",\"logo\":{\"@type\":\"ImageObject\",\"inLanguage\":\"de\",\"@id\":\"https:\\\/\\\/novacode.pl\\\/#\\\/schema\\\/logo\\\/image\\\/\",\"url\":\"https:\\\/\\\/novacode.pl\\\/wp-content\\\/uploads\\\/2022\\\/03\\\/cropped-favico.png\",\"contentUrl\":\"https:\\\/\\\/novacode.pl\\\/wp-content\\\/uploads\\\/2022\\\/03\\\/cropped-favico.png\",\"width\":512,\"height\":512,\"caption\":\"Drukarnia etykiet Novacode\"},\"image\":{\"@id\":\"https:\\\/\\\/novacode.pl\\\/#\\\/schema\\\/logo\\\/image\\\/\"},\"sameAs\":[\"https:\\\/\\\/www.facebook.com\\\/NovacodeOfficialPage\"]}]}<\/script>\n<!-- \/ Yoast SEO plugin. -->","yoast_head_json":{"title":"Nicht selbstklebende Satin- und Nyloneetiketten - Drukarnia etykiet Novacode","description":"Przywieszki satynowe i nylonowe na odzie\u017c od producenta Novacode \u27a4 Oferujemy druk przywieszek nieprzylepnych z satyny i nylonu | Wysoka jako\u015b\u0107 i profesjonalne wyko\u0144czenie - Sprawd\u017a!","robots":{"index":"index","follow":"follow","max-snippet":"max-snippet:-1","max-image-preview":"max-image-preview:large","max-video-preview":"max-video-preview:-1"},"canonical":"https:\/\/novacode.pl\/de\/produkty\/blankoetiketten\/nicht-selbstklebende-satin-und-nyloneetiketten\/","og_locale":"de_DE","og_type":"article","og_title":"Nicht selbstklebende Satin- und Nyloneetiketten - Drukarnia etykiet Novacode","og_description":"Przywieszki satynowe i nylonowe na odzie\u017c od producenta Novacode \u27a4 Oferujemy druk przywieszek nieprzylepnych z satyny i nylonu | Wysoka jako\u015b\u0107 i profesjonalne wyko\u0144czenie - Sprawd\u017a!","og_url":"https:\/\/novacode.pl\/de\/produkty\/blankoetiketten\/nicht-selbstklebende-satin-und-nyloneetiketten\/","og_site_name":"Drukarnia etykiet Novacode","article_publisher":"https:\/\/www.facebook.com\/NovacodeOfficialPage","article_modified_time":"2023-10-13T09:43:15+00:00","og_image":[{"width":588,"height":588,"url":"https:\/\/novacode.pl\/wp-content\/uploads\/2022\/04\/satyna-nylon_2.jpg","type":"image\/jpeg"}],"twitter_card":"summary_large_image","twitter_misc":{"Gesch\u00e4tzte Lesezeit":"1\u00a0Minute"},"schema":{"@context":"https:\/\/schema.org","@graph":[{"@type":"WebPage","@id":"https:\/\/novacode.pl\/de\/produkty\/blankoetiketten\/nicht-selbstklebende-satin-und-nyloneetiketten\/","url":"https:\/\/novacode.pl\/de\/produkty\/blankoetiketten\/nicht-selbstklebende-satin-und-nyloneetiketten\/","name":"Nicht selbstklebende Satin- und Nyloneetiketten - Drukarnia etykiet Novacode","isPartOf":{"@id":"https:\/\/novacode.pl\/#website"},"primaryImageOfPage":{"@id":"https:\/\/novacode.pl\/de\/produkty\/blankoetiketten\/nicht-selbstklebende-satin-und-nyloneetiketten\/#primaryimage"},"image":{"@id":"https:\/\/novacode.pl\/de\/produkty\/blankoetiketten\/nicht-selbstklebende-satin-und-nyloneetiketten\/#primaryimage"},"thumbnailUrl":"https:\/\/novacode.pl\/wp-content\/uploads\/2022\/04\/satyna-nylon_2.jpg","datePublished":"2022-04-20T13:52:53+00:00","dateModified":"2023-10-13T09:43:15+00:00","description":"Przywieszki satynowe i nylonowe na odzie\u017c od producenta Novacode \u27a4 Oferujemy druk przywieszek nieprzylepnych z satyny i nylonu | Wysoka jako\u015b\u0107 i profesjonalne wyko\u0144czenie - Sprawd\u017a!","breadcrumb":{"@id":"https:\/\/novacode.pl\/de\/produkty\/blankoetiketten\/nicht-selbstklebende-satin-und-nyloneetiketten\/#breadcrumb"},"inLanguage":"de","potentialAction":[{"@type":"ReadAction","target":["https:\/\/novacode.pl\/de\/produkty\/blankoetiketten\/nicht-selbstklebende-satin-und-nyloneetiketten\/"]}]},{"@type":"ImageObject","inLanguage":"de","@id":"https:\/\/novacode.pl\/de\/produkty\/blankoetiketten\/nicht-selbstklebende-satin-und-nyloneetiketten\/#primaryimage","url":"https:\/\/novacode.pl\/wp-content\/uploads\/2022\/04\/satyna-nylon_2.jpg","contentUrl":"https:\/\/novacode.pl\/wp-content\/uploads\/2022\/04\/satyna-nylon_2.jpg","width":588,"height":588,"caption":"Przywieszki satynowe i nylonowe do odzie\u017cy"},{"@type":"BreadcrumbList","@id":"https:\/\/novacode.pl\/de\/produkty\/blankoetiketten\/nicht-selbstklebende-satin-und-nyloneetiketten\/#breadcrumb","itemListElement":[{"@type":"ListItem","position":1,"name":"Strona g\u0142\u00f3wna","item":"https:\/\/novacode.pl\/de\/"},{"@type":"ListItem","position":2,"name":"Produkte","item":"https:\/\/novacode.pl\/de\/produkte\/"},{"@type":"ListItem","position":3,"name":"Nicht selbstklebende Satin- und Nyloneetiketten"}]},{"@type":"WebSite","@id":"https:\/\/novacode.pl\/#website","url":"https:\/\/novacode.pl\/","name":"Drukarnia etykiet Novacode","description":"Producent etykiet samoprzylepnych","publisher":{"@id":"https:\/\/novacode.pl\/#organization"},"potentialAction":[{"@type":"SearchAction","target":{"@type":"EntryPoint","urlTemplate":"https:\/\/novacode.pl\/?s={search_term_string}"},"query-input":{"@type":"PropertyValueSpecification","valueRequired":true,"valueName":"search_term_string"}}],"inLanguage":"de"},{"@type":"Organization","@id":"https:\/\/novacode.pl\/#organization","name":"Drukarnia etykiet Novacode","url":"https:\/\/novacode.pl\/","logo":{"@type":"ImageObject","inLanguage":"de","@id":"https:\/\/novacode.pl\/#\/schema\/logo\/image\/","url":"https:\/\/novacode.pl\/wp-content\/uploads\/2022\/03\/cropped-favico.png","contentUrl":"https:\/\/novacode.pl\/wp-content\/uploads\/2022\/03\/cropped-favico.png","width":512,"height":512,"caption":"Drukarnia etykiet Novacode"},"image":{"@id":"https:\/\/novacode.pl\/#\/schema\/logo\/image\/"},"sameAs":["https:\/\/www.facebook.com\/NovacodeOfficialPage"]}]}},"_links":{"self":[{"href":"https:\/\/novacode.pl\/de\/wp-json\/wp\/v2\/product\/5284","targetHints":{"allow":["GET"]}}],"collection":[{"href":"https:\/\/novacode.pl\/de\/wp-json\/wp\/v2\/product"}],"about":[{"href":"https:\/\/novacode.pl\/de\/wp-json\/wp\/v2\/types\/product"}],"wp:featuredmedia":[{"embeddable":true,"href":"https:\/\/novacode.pl\/de\/wp-json\/wp\/v2\/media\/4275"}],"wp:attachment":[{"href":"https:\/\/novacode.pl\/de\/wp-json\/wp\/v2\/media?parent=5284"}],"wp:term":[{"taxonomy":"product_brand","embeddable":true,"href":"https:\/\/novacode.pl\/de\/wp-json\/wp\/v2\/product_brand?post=5284"},{"taxonomy":"product_cat","embeddable":true,"href":"https:\/\/novacode.pl\/de\/wp-json\/wp\/v2\/product_cat?post=5284"},{"taxonomy":"product_tag","embeddable":true,"href":"https:\/\/novacode.pl\/de\/wp-json\/wp\/v2\/product_tag?post=5284"}],"curies":[{"name":"wp","href":"https:\/\/api.w.org\/{rel}","templated":true}]}}