{"id":5280,"date":"2022-04-19T10:29:47","date_gmt":"2022-04-19T08:29:47","guid":{"rendered":"https:\/\/novacode.pl\/produkty\/unkategorisiert\/etykiety-w-arkuszach-a4-i-a5\/"},"modified":"2023-10-13T10:58:13","modified_gmt":"2023-10-13T08:58:13","slug":"a4-a5-und-andere-bogenetiketten","status":"publish","type":"product","link":"https:\/\/novacode.pl\/de\/produkty\/blankoetiketten\/a4-a5-und-andere-bogenetiketten\/","title":{"rendered":"A4-, A5- und andere Bogenetiketten"},"content":{"rendered":"<p>Selbstklebende Bogen, die auf beliebige Gr\u00f6\u00dfe zugeschnitten sind, werden zum Drucken auf Laser- oder Tintenstrahldruckern verwendet. Je nach verwendetem Rohstoff k\u00f6nnen Bodenetiketten matt oder gl\u00e4nzend, aus Papier, Folie oder Textilien hergestellt werden.<br \/>\nA4- oder A5-Formate werden am h\u00e4ufigsten von den Kunden ausgew\u00e4hlt. Es ist aber auch m\u00f6glich, jede Gr\u00f6\u00dfe von Bogen herzustellen, den Bed\u00fcrfnissen des Kunden entsprechen. Aufgrund ihrer Flexibilit\u00e4t bei der Verwendung werden selbstklebende Bogen haupts\u00e4chlich zur Kennzeichnung kleiner Mengen von Waren verwendet. F\u00fcr industrielle Laserdrucker empfehlen wir die Bogen mit speziellen R\u00e4ndern zu verwenden.<\/p>\n","protected":false},"excerpt":{"rendered":"<p>Selbstklebende Bogen, die auf beliebige Gr\u00f6\u00dfe zugeschnitten sind, werden zum Drucken auf Laser- oder Tintenstrahldruckern verwendet. Je nach verwendetem Rohstoff&#8230;<\/p>\n","protected":false},"featured_media":4427,"template":"","meta":{"_acf_changed":false,"inline_featured_image":false},"product_brand":[],"product_cat":[130],"product_tag":[],"class_list":{"0":"post-5280","1":"product","2":"type-product","3":"status-publish","4":"has-post-thumbnail","6":"product_cat-blankoetiketten","7":"industry-automobil","8":"industry-bauindustrie","9":"industry-bekleidung-und-schuhe","10":"industry-gartenbau","11":"industry-kultur-und-unterhaltung","12":"industry-lebensmittelindustrie","13":"industry-logistik","14":"industry-metallurgie","15":"industry-unterhaltungselektronik-und-haushaltsgeraete","17":"first","18":"instock","19":"shipping-taxable","20":"product-type-simple"},"acf":[],"yoast_head":"<!-- This site is optimized with the Yoast SEO plugin v27.4 - https:\/\/yoast.com\/product\/yoast-seo-wordpress\/ -->\n<title>A4-, A5- und andere Bogenetiketten - Drukarnia etykiet Novacode<\/title>\n<meta name=\"description\" content=\"Etykiety w arkuszach samoprzylepnych A4 i A5 od Novacode \u27a4 Arkusze na dowolny wymiar \u2713 Do nadruku na drukarkach atramentowych, laserowych lub na ksero | Sprawd\u017a!\" \/>\n<meta name=\"robots\" content=\"index, follow, max-snippet:-1, max-image-preview:large, max-video-preview:-1\" \/>\n<link rel=\"canonical\" href=\"https:\/\/novacode.pl\/de\/produkty\/blankoetiketten\/a4-a5-und-andere-bogenetiketten\/\" \/>\n<meta property=\"og:locale\" content=\"de_DE\" \/>\n<meta property=\"og:type\" content=\"article\" \/>\n<meta property=\"og:title\" content=\"A4-, A5- und andere Bogenetiketten - Drukarnia etykiet Novacode\" \/>\n<meta property=\"og:description\" content=\"Etykiety w arkuszach samoprzylepnych A4 i A5 od Novacode \u27a4 Arkusze na dowolny wymiar \u2713 Do nadruku na drukarkach atramentowych, laserowych lub na ksero | Sprawd\u017a!\" \/>\n<meta property=\"og:url\" content=\"https:\/\/novacode.pl\/de\/produkty\/blankoetiketten\/a4-a5-und-andere-bogenetiketten\/\" \/>\n<meta property=\"og:site_name\" content=\"Drukarnia etykiet Novacode\" \/>\n<meta property=\"article:publisher\" content=\"https:\/\/www.facebook.com\/NovacodeOfficialPage\" \/>\n<meta property=\"article:modified_time\" content=\"2023-10-13T08:58:13+00:00\" \/>\n<meta property=\"og:image\" content=\"https:\/\/novacode.pl\/wp-content\/uploads\/2022\/04\/arkusz.jpg\" \/>\n\t<meta property=\"og:image:width\" content=\"1280\" \/>\n\t<meta property=\"og:image:height\" content=\"1280\" \/>\n\t<meta property=\"og:image:type\" content=\"image\/jpeg\" \/>\n<meta name=\"twitter:card\" content=\"summary_large_image\" \/>\n<meta name=\"twitter:label1\" content=\"Gesch\u00e4tzte Lesezeit\" \/>\n\t<meta name=\"twitter:data1\" content=\"1\u00a0Minute\" \/>\n<script type=\"application\/ld+json\" class=\"yoast-schema-graph\">{\"@context\":\"https:\\\/\\\/schema.org\",\"@graph\":[{\"@type\":\"WebPage\",\"@id\":\"https:\\\/\\\/novacode.pl\\\/de\\\/produkty\\\/blankoetiketten\\\/a4-a5-und-andere-bogenetiketten\\\/\",\"url\":\"https:\\\/\\\/novacode.pl\\\/de\\\/produkty\\\/blankoetiketten\\\/a4-a5-und-andere-bogenetiketten\\\/\",\"name\":\"A4-, A5- und andere Bogenetiketten - Drukarnia etykiet Novacode\",\"isPartOf\":{\"@id\":\"https:\\\/\\\/novacode.pl\\\/#website\"},\"primaryImageOfPage\":{\"@id\":\"https:\\\/\\\/novacode.pl\\\/de\\\/produkty\\\/blankoetiketten\\\/a4-a5-und-andere-bogenetiketten\\\/#primaryimage\"},\"image\":{\"@id\":\"https:\\\/\\\/novacode.pl\\\/de\\\/produkty\\\/blankoetiketten\\\/a4-a5-und-andere-bogenetiketten\\\/#primaryimage\"},\"thumbnailUrl\":\"https:\\\/\\\/novacode.pl\\\/wp-content\\\/uploads\\\/2022\\\/04\\\/arkusz.jpg\",\"datePublished\":\"2022-04-19T08:29:47+00:00\",\"dateModified\":\"2023-10-13T08:58:13+00:00\",\"description\":\"Etykiety w arkuszach samoprzylepnych A4 i A5 od Novacode \u27a4 Arkusze na dowolny wymiar \u2713 Do nadruku na drukarkach atramentowych, laserowych lub na ksero | Sprawd\u017a!\",\"breadcrumb\":{\"@id\":\"https:\\\/\\\/novacode.pl\\\/de\\\/produkty\\\/blankoetiketten\\\/a4-a5-und-andere-bogenetiketten\\\/#breadcrumb\"},\"inLanguage\":\"de\",\"potentialAction\":[{\"@type\":\"ReadAction\",\"target\":[\"https:\\\/\\\/novacode.pl\\\/de\\\/produkty\\\/blankoetiketten\\\/a4-a5-und-andere-bogenetiketten\\\/\"]}]},{\"@type\":\"ImageObject\",\"inLanguage\":\"de\",\"@id\":\"https:\\\/\\\/novacode.pl\\\/de\\\/produkty\\\/blankoetiketten\\\/a4-a5-und-andere-bogenetiketten\\\/#primaryimage\",\"url\":\"https:\\\/\\\/novacode.pl\\\/wp-content\\\/uploads\\\/2022\\\/04\\\/arkusz.jpg\",\"contentUrl\":\"https:\\\/\\\/novacode.pl\\\/wp-content\\\/uploads\\\/2022\\\/04\\\/arkusz.jpg\",\"width\":1280,\"height\":1280,\"caption\":\"etykiety w arkuszach A4, A5 i innych\"},{\"@type\":\"BreadcrumbList\",\"@id\":\"https:\\\/\\\/novacode.pl\\\/de\\\/produkty\\\/blankoetiketten\\\/a4-a5-und-andere-bogenetiketten\\\/#breadcrumb\",\"itemListElement\":[{\"@type\":\"ListItem\",\"position\":1,\"name\":\"Strona g\u0142\u00f3wna\",\"item\":\"https:\\\/\\\/novacode.pl\\\/de\\\/\"},{\"@type\":\"ListItem\",\"position\":2,\"name\":\"Produkte\",\"item\":\"https:\\\/\\\/novacode.pl\\\/de\\\/produkte\\\/\"},{\"@type\":\"ListItem\",\"position\":3,\"name\":\"A4-, A5- und andere Bogenetiketten\"}]},{\"@type\":\"WebSite\",\"@id\":\"https:\\\/\\\/novacode.pl\\\/#website\",\"url\":\"https:\\\/\\\/novacode.pl\\\/\",\"name\":\"Drukarnia etykiet Novacode\",\"description\":\"Producent etykiet samoprzylepnych\",\"publisher\":{\"@id\":\"https:\\\/\\\/novacode.pl\\\/#organization\"},\"potentialAction\":[{\"@type\":\"SearchAction\",\"target\":{\"@type\":\"EntryPoint\",\"urlTemplate\":\"https:\\\/\\\/novacode.pl\\\/?s={search_term_string}\"},\"query-input\":{\"@type\":\"PropertyValueSpecification\",\"valueRequired\":true,\"valueName\":\"search_term_string\"}}],\"inLanguage\":\"de\"},{\"@type\":\"Organization\",\"@id\":\"https:\\\/\\\/novacode.pl\\\/#organization\",\"name\":\"Drukarnia etykiet Novacode\",\"url\":\"https:\\\/\\\/novacode.pl\\\/\",\"logo\":{\"@type\":\"ImageObject\",\"inLanguage\":\"de\",\"@id\":\"https:\\\/\\\/novacode.pl\\\/#\\\/schema\\\/logo\\\/image\\\/\",\"url\":\"https:\\\/\\\/novacode.pl\\\/wp-content\\\/uploads\\\/2022\\\/03\\\/cropped-favico.png\",\"contentUrl\":\"https:\\\/\\\/novacode.pl\\\/wp-content\\\/uploads\\\/2022\\\/03\\\/cropped-favico.png\",\"width\":512,\"height\":512,\"caption\":\"Drukarnia etykiet Novacode\"},\"image\":{\"@id\":\"https:\\\/\\\/novacode.pl\\\/#\\\/schema\\\/logo\\\/image\\\/\"},\"sameAs\":[\"https:\\\/\\\/www.facebook.com\\\/NovacodeOfficialPage\"]}]}<\/script>\n<!-- \/ Yoast SEO plugin. -->","yoast_head_json":{"title":"A4-, A5- und andere Bogenetiketten - Drukarnia etykiet Novacode","description":"Etykiety w arkuszach samoprzylepnych A4 i A5 od Novacode \u27a4 Arkusze na dowolny wymiar \u2713 Do nadruku na drukarkach atramentowych, laserowych lub na ksero | Sprawd\u017a!","robots":{"index":"index","follow":"follow","max-snippet":"max-snippet:-1","max-image-preview":"max-image-preview:large","max-video-preview":"max-video-preview:-1"},"canonical":"https:\/\/novacode.pl\/de\/produkty\/blankoetiketten\/a4-a5-und-andere-bogenetiketten\/","og_locale":"de_DE","og_type":"article","og_title":"A4-, A5- und andere Bogenetiketten - Drukarnia etykiet Novacode","og_description":"Etykiety w arkuszach samoprzylepnych A4 i A5 od Novacode \u27a4 Arkusze na dowolny wymiar \u2713 Do nadruku na drukarkach atramentowych, laserowych lub na ksero | Sprawd\u017a!","og_url":"https:\/\/novacode.pl\/de\/produkty\/blankoetiketten\/a4-a5-und-andere-bogenetiketten\/","og_site_name":"Drukarnia etykiet Novacode","article_publisher":"https:\/\/www.facebook.com\/NovacodeOfficialPage","article_modified_time":"2023-10-13T08:58:13+00:00","og_image":[{"width":1280,"height":1280,"url":"https:\/\/novacode.pl\/wp-content\/uploads\/2022\/04\/arkusz.jpg","type":"image\/jpeg"}],"twitter_card":"summary_large_image","twitter_misc":{"Gesch\u00e4tzte Lesezeit":"1\u00a0Minute"},"schema":{"@context":"https:\/\/schema.org","@graph":[{"@type":"WebPage","@id":"https:\/\/novacode.pl\/de\/produkty\/blankoetiketten\/a4-a5-und-andere-bogenetiketten\/","url":"https:\/\/novacode.pl\/de\/produkty\/blankoetiketten\/a4-a5-und-andere-bogenetiketten\/","name":"A4-, A5- und andere Bogenetiketten - Drukarnia etykiet Novacode","isPartOf":{"@id":"https:\/\/novacode.pl\/#website"},"primaryImageOfPage":{"@id":"https:\/\/novacode.pl\/de\/produkty\/blankoetiketten\/a4-a5-und-andere-bogenetiketten\/#primaryimage"},"image":{"@id":"https:\/\/novacode.pl\/de\/produkty\/blankoetiketten\/a4-a5-und-andere-bogenetiketten\/#primaryimage"},"thumbnailUrl":"https:\/\/novacode.pl\/wp-content\/uploads\/2022\/04\/arkusz.jpg","datePublished":"2022-04-19T08:29:47+00:00","dateModified":"2023-10-13T08:58:13+00:00","description":"Etykiety w arkuszach samoprzylepnych A4 i A5 od Novacode \u27a4 Arkusze na dowolny wymiar \u2713 Do nadruku na drukarkach atramentowych, laserowych lub na ksero | Sprawd\u017a!","breadcrumb":{"@id":"https:\/\/novacode.pl\/de\/produkty\/blankoetiketten\/a4-a5-und-andere-bogenetiketten\/#breadcrumb"},"inLanguage":"de","potentialAction":[{"@type":"ReadAction","target":["https:\/\/novacode.pl\/de\/produkty\/blankoetiketten\/a4-a5-und-andere-bogenetiketten\/"]}]},{"@type":"ImageObject","inLanguage":"de","@id":"https:\/\/novacode.pl\/de\/produkty\/blankoetiketten\/a4-a5-und-andere-bogenetiketten\/#primaryimage","url":"https:\/\/novacode.pl\/wp-content\/uploads\/2022\/04\/arkusz.jpg","contentUrl":"https:\/\/novacode.pl\/wp-content\/uploads\/2022\/04\/arkusz.jpg","width":1280,"height":1280,"caption":"etykiety w arkuszach A4, A5 i innych"},{"@type":"BreadcrumbList","@id":"https:\/\/novacode.pl\/de\/produkty\/blankoetiketten\/a4-a5-und-andere-bogenetiketten\/#breadcrumb","itemListElement":[{"@type":"ListItem","position":1,"name":"Strona g\u0142\u00f3wna","item":"https:\/\/novacode.pl\/de\/"},{"@type":"ListItem","position":2,"name":"Produkte","item":"https:\/\/novacode.pl\/de\/produkte\/"},{"@type":"ListItem","position":3,"name":"A4-, A5- und andere Bogenetiketten"}]},{"@type":"WebSite","@id":"https:\/\/novacode.pl\/#website","url":"https:\/\/novacode.pl\/","name":"Drukarnia etykiet Novacode","description":"Producent etykiet samoprzylepnych","publisher":{"@id":"https:\/\/novacode.pl\/#organization"},"potentialAction":[{"@type":"SearchAction","target":{"@type":"EntryPoint","urlTemplate":"https:\/\/novacode.pl\/?s={search_term_string}"},"query-input":{"@type":"PropertyValueSpecification","valueRequired":true,"valueName":"search_term_string"}}],"inLanguage":"de"},{"@type":"Organization","@id":"https:\/\/novacode.pl\/#organization","name":"Drukarnia etykiet Novacode","url":"https:\/\/novacode.pl\/","logo":{"@type":"ImageObject","inLanguage":"de","@id":"https:\/\/novacode.pl\/#\/schema\/logo\/image\/","url":"https:\/\/novacode.pl\/wp-content\/uploads\/2022\/03\/cropped-favico.png","contentUrl":"https:\/\/novacode.pl\/wp-content\/uploads\/2022\/03\/cropped-favico.png","width":512,"height":512,"caption":"Drukarnia etykiet Novacode"},"image":{"@id":"https:\/\/novacode.pl\/#\/schema\/logo\/image\/"},"sameAs":["https:\/\/www.facebook.com\/NovacodeOfficialPage"]}]}},"_links":{"self":[{"href":"https:\/\/novacode.pl\/de\/wp-json\/wp\/v2\/product\/5280","targetHints":{"allow":["GET"]}}],"collection":[{"href":"https:\/\/novacode.pl\/de\/wp-json\/wp\/v2\/product"}],"about":[{"href":"https:\/\/novacode.pl\/de\/wp-json\/wp\/v2\/types\/product"}],"wp:featuredmedia":[{"embeddable":true,"href":"https:\/\/novacode.pl\/de\/wp-json\/wp\/v2\/media\/4427"}],"wp:attachment":[{"href":"https:\/\/novacode.pl\/de\/wp-json\/wp\/v2\/media?parent=5280"}],"wp:term":[{"taxonomy":"product_brand","embeddable":true,"href":"https:\/\/novacode.pl\/de\/wp-json\/wp\/v2\/product_brand?post=5280"},{"taxonomy":"product_cat","embeddable":true,"href":"https:\/\/novacode.pl\/de\/wp-json\/wp\/v2\/product_cat?post=5280"},{"taxonomy":"product_tag","embeddable":true,"href":"https:\/\/novacode.pl\/de\/wp-json\/wp\/v2\/product_tag?post=5280"}],"curies":[{"name":"wp","href":"https:\/\/api.w.org\/{rel}","templated":true}]}}