{"id":5278,"date":"2022-04-27T10:45:33","date_gmt":"2022-04-27T08:45:33","guid":{"rendered":"https:\/\/novacode.pl\/produkty\/unkategorisiert\/etykiety-foliowe\/"},"modified":"2023-10-13T11:48:14","modified_gmt":"2023-10-13T09:48:14","slug":"folienetiketten","status":"publish","type":"product","link":"https:\/\/novacode.pl\/de\/produkty\/blankoetiketten\/folienetiketten\/","title":{"rendered":"Folienetiketten"},"content":{"rendered":"<p>Unsere Etikettendruckerei ist auf die Herstellung von Folienetiketten spezialisiert. Das Material wird je nach Anwendung und Verwendungsbedingungen der Etiketten sorgf\u00e4ltig ausgew\u00e4hlt. Mit der richtigen Materialauswahl kann eine hohe Feuchtigkeitsbest\u00e4ndigkeit, eine hohe Temperaturbest\u00e4ndigkeit oder eine Best\u00e4ndigkeit gegen Abrieb und mechanische Besch\u00e4digungen erreicht werden. Wenn die Anforderungen an die Etiketten sehr streng sind, k\u00f6nnen wir das Material vorab in der Klima- und Verschlei\u00dfkammer testen.<\/p>\n<p>Bei der Auswahl von Folienetiketten sollte dem \u00f6kologischen Aspekt besondere Aufmerksamkeit geschenkt werden. Es gibt eine Reihe von L\u00f6sungen f\u00fcr die Weiterverarbeitung von Etiketten oder R\u00fcckgewinnung von sauberer Verpackung f\u00fcr Weiterverarbeitung.<\/p>\n","protected":false},"excerpt":{"rendered":"<p>Unsere Etikettendruckerei ist auf die Herstellung von Folienetiketten spezialisiert. Das Material wird je nach Anwendung und Verwendungsbedingungen der Etiketten sorgf\u00e4ltig&#8230;<\/p>\n","protected":false},"featured_media":4434,"template":"","meta":{"_acf_changed":false,"inline_featured_image":false},"product_brand":[],"product_cat":[130],"product_tag":[],"class_list":{"0":"post-5278","1":"product","2":"type-product","3":"status-publish","4":"has-post-thumbnail","6":"product_cat-blankoetiketten","7":"industry-alkoholische-getraenke","8":"industry-automobil","9":"industry-bauindustrie","10":"industry-elektronik","11":"industry-kosmetikprodukte","12":"industry-haushaltschemikalien-und-haushaltswaren","13":"industry-industrieetiketten","14":"industry-kerzen-und-dekorationsartikel","15":"industry-lebensmittelindustrie","16":"industry-nagellacke","17":"industry-pharmazie","19":"first","20":"instock","21":"shipping-taxable","22":"product-type-simple"},"acf":[],"yoast_head":"<!-- This site is optimized with the Yoast SEO plugin v27.4 - https:\/\/yoast.com\/product\/yoast-seo-wordpress\/ -->\n<title>Etykiety foliowe przezroczyste - Drukarnia etykiet Novacode<\/title>\n<meta name=\"description\" content=\"Etykiety foliowe od producenta etykiet Novacode \u27a4 Trwa\u0142e i odporne przezroczyste etykiety samoprzylepne w r\u00f3\u017cnych rozmiarach | Sprawd\u017a!\" \/>\n<meta name=\"robots\" content=\"index, follow, max-snippet:-1, max-image-preview:large, max-video-preview:-1\" \/>\n<link rel=\"canonical\" href=\"https:\/\/novacode.pl\/de\/produkty\/blankoetiketten\/folienetiketten\/\" \/>\n<meta property=\"og:locale\" content=\"de_DE\" \/>\n<meta property=\"og:type\" content=\"article\" \/>\n<meta property=\"og:title\" content=\"Etykiety foliowe przezroczyste - Drukarnia etykiet Novacode\" \/>\n<meta property=\"og:description\" content=\"Etykiety foliowe od producenta etykiet Novacode \u27a4 Trwa\u0142e i odporne przezroczyste etykiety samoprzylepne w r\u00f3\u017cnych rozmiarach | Sprawd\u017a!\" \/>\n<meta property=\"og:url\" content=\"https:\/\/novacode.pl\/de\/produkty\/blankoetiketten\/folienetiketten\/\" \/>\n<meta property=\"og:site_name\" content=\"Drukarnia etykiet Novacode\" \/>\n<meta property=\"article:publisher\" content=\"https:\/\/www.facebook.com\/NovacodeOfficialPage\" \/>\n<meta property=\"article:modified_time\" content=\"2023-10-13T09:48:14+00:00\" \/>\n<meta property=\"og:image\" content=\"https:\/\/novacode.pl\/wp-content\/uploads\/2022\/04\/folia.jpg\" \/>\n\t<meta property=\"og:image:width\" content=\"1280\" \/>\n\t<meta property=\"og:image:height\" content=\"1280\" \/>\n\t<meta property=\"og:image:type\" content=\"image\/jpeg\" \/>\n<meta name=\"twitter:card\" content=\"summary_large_image\" \/>\n<meta name=\"twitter:label1\" content=\"Gesch\u00e4tzte Lesezeit\" \/>\n\t<meta name=\"twitter:data1\" content=\"1\u00a0Minute\" \/>\n<script type=\"application\/ld+json\" class=\"yoast-schema-graph\">{\"@context\":\"https:\\\/\\\/schema.org\",\"@graph\":[{\"@type\":\"WebPage\",\"@id\":\"https:\\\/\\\/novacode.pl\\\/de\\\/produkty\\\/blankoetiketten\\\/folienetiketten\\\/\",\"url\":\"https:\\\/\\\/novacode.pl\\\/de\\\/produkty\\\/blankoetiketten\\\/folienetiketten\\\/\",\"name\":\"Etykiety foliowe przezroczyste - Drukarnia etykiet Novacode\",\"isPartOf\":{\"@id\":\"https:\\\/\\\/novacode.pl\\\/#website\"},\"primaryImageOfPage\":{\"@id\":\"https:\\\/\\\/novacode.pl\\\/de\\\/produkty\\\/blankoetiketten\\\/folienetiketten\\\/#primaryimage\"},\"image\":{\"@id\":\"https:\\\/\\\/novacode.pl\\\/de\\\/produkty\\\/blankoetiketten\\\/folienetiketten\\\/#primaryimage\"},\"thumbnailUrl\":\"https:\\\/\\\/novacode.pl\\\/wp-content\\\/uploads\\\/2022\\\/04\\\/folia.jpg\",\"datePublished\":\"2022-04-27T08:45:33+00:00\",\"dateModified\":\"2023-10-13T09:48:14+00:00\",\"description\":\"Etykiety foliowe od producenta etykiet Novacode \u27a4 Trwa\u0142e i odporne przezroczyste etykiety samoprzylepne w r\u00f3\u017cnych rozmiarach | Sprawd\u017a!\",\"breadcrumb\":{\"@id\":\"https:\\\/\\\/novacode.pl\\\/de\\\/produkty\\\/blankoetiketten\\\/folienetiketten\\\/#breadcrumb\"},\"inLanguage\":\"de\",\"potentialAction\":[{\"@type\":\"ReadAction\",\"target\":[\"https:\\\/\\\/novacode.pl\\\/de\\\/produkty\\\/blankoetiketten\\\/folienetiketten\\\/\"]}]},{\"@type\":\"ImageObject\",\"inLanguage\":\"de\",\"@id\":\"https:\\\/\\\/novacode.pl\\\/de\\\/produkty\\\/blankoetiketten\\\/folienetiketten\\\/#primaryimage\",\"url\":\"https:\\\/\\\/novacode.pl\\\/wp-content\\\/uploads\\\/2022\\\/04\\\/folia.jpg\",\"contentUrl\":\"https:\\\/\\\/novacode.pl\\\/wp-content\\\/uploads\\\/2022\\\/04\\\/folia.jpg\",\"width\":1280,\"height\":1280,\"caption\":\"Etykieta foliowa\"},{\"@type\":\"BreadcrumbList\",\"@id\":\"https:\\\/\\\/novacode.pl\\\/de\\\/produkty\\\/blankoetiketten\\\/folienetiketten\\\/#breadcrumb\",\"itemListElement\":[{\"@type\":\"ListItem\",\"position\":1,\"name\":\"Strona g\u0142\u00f3wna\",\"item\":\"https:\\\/\\\/novacode.pl\\\/de\\\/\"},{\"@type\":\"ListItem\",\"position\":2,\"name\":\"Produkte\",\"item\":\"https:\\\/\\\/novacode.pl\\\/de\\\/produkte\\\/\"},{\"@type\":\"ListItem\",\"position\":3,\"name\":\"Folienetiketten\"}]},{\"@type\":\"WebSite\",\"@id\":\"https:\\\/\\\/novacode.pl\\\/#website\",\"url\":\"https:\\\/\\\/novacode.pl\\\/\",\"name\":\"Drukarnia etykiet Novacode\",\"description\":\"Producent etykiet samoprzylepnych\",\"publisher\":{\"@id\":\"https:\\\/\\\/novacode.pl\\\/#organization\"},\"potentialAction\":[{\"@type\":\"SearchAction\",\"target\":{\"@type\":\"EntryPoint\",\"urlTemplate\":\"https:\\\/\\\/novacode.pl\\\/?s={search_term_string}\"},\"query-input\":{\"@type\":\"PropertyValueSpecification\",\"valueRequired\":true,\"valueName\":\"search_term_string\"}}],\"inLanguage\":\"de\"},{\"@type\":\"Organization\",\"@id\":\"https:\\\/\\\/novacode.pl\\\/#organization\",\"name\":\"Drukarnia etykiet Novacode\",\"url\":\"https:\\\/\\\/novacode.pl\\\/\",\"logo\":{\"@type\":\"ImageObject\",\"inLanguage\":\"de\",\"@id\":\"https:\\\/\\\/novacode.pl\\\/#\\\/schema\\\/logo\\\/image\\\/\",\"url\":\"https:\\\/\\\/novacode.pl\\\/wp-content\\\/uploads\\\/2022\\\/03\\\/cropped-favico.png\",\"contentUrl\":\"https:\\\/\\\/novacode.pl\\\/wp-content\\\/uploads\\\/2022\\\/03\\\/cropped-favico.png\",\"width\":512,\"height\":512,\"caption\":\"Drukarnia etykiet Novacode\"},\"image\":{\"@id\":\"https:\\\/\\\/novacode.pl\\\/#\\\/schema\\\/logo\\\/image\\\/\"},\"sameAs\":[\"https:\\\/\\\/www.facebook.com\\\/NovacodeOfficialPage\"]}]}<\/script>\n<!-- \/ Yoast SEO plugin. -->","yoast_head_json":{"title":"Etykiety foliowe przezroczyste - Drukarnia etykiet Novacode","description":"Etykiety foliowe od producenta etykiet Novacode \u27a4 Trwa\u0142e i odporne przezroczyste etykiety samoprzylepne w r\u00f3\u017cnych rozmiarach | Sprawd\u017a!","robots":{"index":"index","follow":"follow","max-snippet":"max-snippet:-1","max-image-preview":"max-image-preview:large","max-video-preview":"max-video-preview:-1"},"canonical":"https:\/\/novacode.pl\/de\/produkty\/blankoetiketten\/folienetiketten\/","og_locale":"de_DE","og_type":"article","og_title":"Etykiety foliowe przezroczyste - Drukarnia etykiet Novacode","og_description":"Etykiety foliowe od producenta etykiet Novacode \u27a4 Trwa\u0142e i odporne przezroczyste etykiety samoprzylepne w r\u00f3\u017cnych rozmiarach | Sprawd\u017a!","og_url":"https:\/\/novacode.pl\/de\/produkty\/blankoetiketten\/folienetiketten\/","og_site_name":"Drukarnia etykiet Novacode","article_publisher":"https:\/\/www.facebook.com\/NovacodeOfficialPage","article_modified_time":"2023-10-13T09:48:14+00:00","og_image":[{"width":1280,"height":1280,"url":"https:\/\/novacode.pl\/wp-content\/uploads\/2022\/04\/folia.jpg","type":"image\/jpeg"}],"twitter_card":"summary_large_image","twitter_misc":{"Gesch\u00e4tzte Lesezeit":"1\u00a0Minute"},"schema":{"@context":"https:\/\/schema.org","@graph":[{"@type":"WebPage","@id":"https:\/\/novacode.pl\/de\/produkty\/blankoetiketten\/folienetiketten\/","url":"https:\/\/novacode.pl\/de\/produkty\/blankoetiketten\/folienetiketten\/","name":"Etykiety foliowe przezroczyste - Drukarnia etykiet Novacode","isPartOf":{"@id":"https:\/\/novacode.pl\/#website"},"primaryImageOfPage":{"@id":"https:\/\/novacode.pl\/de\/produkty\/blankoetiketten\/folienetiketten\/#primaryimage"},"image":{"@id":"https:\/\/novacode.pl\/de\/produkty\/blankoetiketten\/folienetiketten\/#primaryimage"},"thumbnailUrl":"https:\/\/novacode.pl\/wp-content\/uploads\/2022\/04\/folia.jpg","datePublished":"2022-04-27T08:45:33+00:00","dateModified":"2023-10-13T09:48:14+00:00","description":"Etykiety foliowe od producenta etykiet Novacode \u27a4 Trwa\u0142e i odporne przezroczyste etykiety samoprzylepne w r\u00f3\u017cnych rozmiarach | Sprawd\u017a!","breadcrumb":{"@id":"https:\/\/novacode.pl\/de\/produkty\/blankoetiketten\/folienetiketten\/#breadcrumb"},"inLanguage":"de","potentialAction":[{"@type":"ReadAction","target":["https:\/\/novacode.pl\/de\/produkty\/blankoetiketten\/folienetiketten\/"]}]},{"@type":"ImageObject","inLanguage":"de","@id":"https:\/\/novacode.pl\/de\/produkty\/blankoetiketten\/folienetiketten\/#primaryimage","url":"https:\/\/novacode.pl\/wp-content\/uploads\/2022\/04\/folia.jpg","contentUrl":"https:\/\/novacode.pl\/wp-content\/uploads\/2022\/04\/folia.jpg","width":1280,"height":1280,"caption":"Etykieta foliowa"},{"@type":"BreadcrumbList","@id":"https:\/\/novacode.pl\/de\/produkty\/blankoetiketten\/folienetiketten\/#breadcrumb","itemListElement":[{"@type":"ListItem","position":1,"name":"Strona g\u0142\u00f3wna","item":"https:\/\/novacode.pl\/de\/"},{"@type":"ListItem","position":2,"name":"Produkte","item":"https:\/\/novacode.pl\/de\/produkte\/"},{"@type":"ListItem","position":3,"name":"Folienetiketten"}]},{"@type":"WebSite","@id":"https:\/\/novacode.pl\/#website","url":"https:\/\/novacode.pl\/","name":"Drukarnia etykiet Novacode","description":"Producent etykiet samoprzylepnych","publisher":{"@id":"https:\/\/novacode.pl\/#organization"},"potentialAction":[{"@type":"SearchAction","target":{"@type":"EntryPoint","urlTemplate":"https:\/\/novacode.pl\/?s={search_term_string}"},"query-input":{"@type":"PropertyValueSpecification","valueRequired":true,"valueName":"search_term_string"}}],"inLanguage":"de"},{"@type":"Organization","@id":"https:\/\/novacode.pl\/#organization","name":"Drukarnia etykiet Novacode","url":"https:\/\/novacode.pl\/","logo":{"@type":"ImageObject","inLanguage":"de","@id":"https:\/\/novacode.pl\/#\/schema\/logo\/image\/","url":"https:\/\/novacode.pl\/wp-content\/uploads\/2022\/03\/cropped-favico.png","contentUrl":"https:\/\/novacode.pl\/wp-content\/uploads\/2022\/03\/cropped-favico.png","width":512,"height":512,"caption":"Drukarnia etykiet Novacode"},"image":{"@id":"https:\/\/novacode.pl\/#\/schema\/logo\/image\/"},"sameAs":["https:\/\/www.facebook.com\/NovacodeOfficialPage"]}]}},"_links":{"self":[{"href":"https:\/\/novacode.pl\/de\/wp-json\/wp\/v2\/product\/5278","targetHints":{"allow":["GET"]}}],"collection":[{"href":"https:\/\/novacode.pl\/de\/wp-json\/wp\/v2\/product"}],"about":[{"href":"https:\/\/novacode.pl\/de\/wp-json\/wp\/v2\/types\/product"}],"wp:featuredmedia":[{"embeddable":true,"href":"https:\/\/novacode.pl\/de\/wp-json\/wp\/v2\/media\/4434"}],"wp:attachment":[{"href":"https:\/\/novacode.pl\/de\/wp-json\/wp\/v2\/media?parent=5278"}],"wp:term":[{"taxonomy":"product_brand","embeddable":true,"href":"https:\/\/novacode.pl\/de\/wp-json\/wp\/v2\/product_brand?post=5278"},{"taxonomy":"product_cat","embeddable":true,"href":"https:\/\/novacode.pl\/de\/wp-json\/wp\/v2\/product_cat?post=5278"},{"taxonomy":"product_tag","embeddable":true,"href":"https:\/\/novacode.pl\/de\/wp-json\/wp\/v2\/product_tag?post=5278"}],"curies":[{"name":"wp","href":"https:\/\/api.w.org\/{rel}","templated":true}]}}