{"id":5276,"date":"2022-04-19T10:25:24","date_gmt":"2022-04-19T08:25:24","guid":{"rendered":"https:\/\/novacode.pl\/produkty\/unkategorisiert\/uszczelki-podkladki-wykroje\/"},"modified":"2023-10-13T10:55:06","modified_gmt":"2023-10-13T08:55:06","slug":"dichtungen-unterlegscheiben-stanzteile","status":"publish","type":"product","link":"https:\/\/novacode.pl\/de\/produkty\/funktionselemente-de\/dichtungen-unterlegscheiben-stanzteile\/","title":{"rendered":"Dichtungen, Unterlegscheiben, Stanzteile"},"content":{"rendered":"<p>Dichtungen und Unterlegscheiben sind Produkte, die aus verschiedenen, speziellen Materialien ausgeschnitten und in Rollen oder in Form von Stanzteilen geliefert werden. Materialien werden je nach Anwendung ausgew\u00e4hlt. Dichtungen und Unterlegscheiben m\u00fcssen zahlreiche Eigenschaften besitzen, wie chemische Best\u00e4ndigkeit, Sto\u00dfd\u00e4mpfung, Schalld\u00e4mmung, W\u00e4rmed\u00e4mmung oder zus\u00e4tzliche Brennbarkeitsklasse.<\/p>\n<p>Die Vielfalt an Materialien, die zur Herstellung von Dichtungen und Unterlegscheiben verwendet werden, bietet viele M\u00f6glichkeiten, Elemente effektiv vor den sch\u00e4digender Wirkung von Feuchtigkeit, UV-Strahlung, Chemikalien und verschiedenen Gasarten zu sch\u00fctzen. Dichtungen und Unterlegscheiben erf\u00fcllen auch eine sto\u00dfd\u00e4mpfende, abdichtende und schalld\u00e4mpfende Funktion.<\/p>\n","protected":false},"excerpt":{"rendered":"<p>Dichtungen und Unterlegscheiben sind Produkte, die aus verschiedenen, speziellen Materialien ausgeschnitten und in Rollen oder in Form von Stanzteilen geliefert&#8230;<\/p>\n","protected":false},"featured_media":4497,"template":"","meta":{"_acf_changed":false,"inline_featured_image":false},"product_brand":[],"product_cat":[146],"product_tag":[],"class_list":{"0":"post-5276","1":"product","2":"type-product","3":"status-publish","4":"has-post-thumbnail","6":"product_cat-funktionselemente-de","7":"industry-automobil","8":"industry-elektronik","9":"industry-industrieetiketten","10":"industry-unterhaltungselektronik-und-haushaltsgeraete","12":"first","13":"instock","14":"shipping-taxable","15":"product-type-simple"},"acf":[],"yoast_head":"<!-- This site is optimized with the Yoast SEO plugin v27.4 - https:\/\/yoast.com\/product\/yoast-seo-wordpress\/ -->\n<title>Dichtungen, Unterlegscheiben, Stanzteile - Drukarnia etykiet Novacode<\/title>\n<meta name=\"description\" content=\"Uszczelki, podk\u0142adki, wykroje od producenta Novacode \u27a4 Zabezpieczenia element\u00f3w przed dzia\u0142aniem wilgoci czy promieniowania UV | Wysoka jako\u015b\u0107 i profesjonalne wyko\u0144czenie - Sprawd\u017a!\" \/>\n<meta name=\"robots\" content=\"index, follow, max-snippet:-1, max-image-preview:large, max-video-preview:-1\" \/>\n<link rel=\"canonical\" href=\"https:\/\/novacode.pl\/de\/produkty\/funktionselemente-de\/dichtungen-unterlegscheiben-stanzteile\/\" \/>\n<meta property=\"og:locale\" content=\"de_DE\" \/>\n<meta property=\"og:type\" content=\"article\" \/>\n<meta property=\"og:title\" content=\"Dichtungen, Unterlegscheiben, Stanzteile - Drukarnia etykiet Novacode\" \/>\n<meta property=\"og:description\" content=\"Uszczelki, podk\u0142adki, wykroje od producenta Novacode \u27a4 Zabezpieczenia element\u00f3w przed dzia\u0142aniem wilgoci czy promieniowania UV | Wysoka jako\u015b\u0107 i profesjonalne wyko\u0144czenie - Sprawd\u017a!\" \/>\n<meta property=\"og:url\" content=\"https:\/\/novacode.pl\/de\/produkty\/funktionselemente-de\/dichtungen-unterlegscheiben-stanzteile\/\" \/>\n<meta property=\"og:site_name\" content=\"Drukarnia etykiet Novacode\" \/>\n<meta property=\"article:publisher\" content=\"https:\/\/www.facebook.com\/NovacodeOfficialPage\" \/>\n<meta property=\"article:modified_time\" content=\"2023-10-13T08:55:06+00:00\" \/>\n<meta property=\"og:image\" content=\"https:\/\/novacode.pl\/wp-content\/uploads\/2022\/04\/wykroje.jpg\" \/>\n\t<meta property=\"og:image:width\" content=\"1280\" \/>\n\t<meta property=\"og:image:height\" content=\"1280\" \/>\n\t<meta property=\"og:image:type\" content=\"image\/jpeg\" \/>\n<meta name=\"twitter:card\" content=\"summary_large_image\" \/>\n<meta name=\"twitter:label1\" content=\"Gesch\u00e4tzte Lesezeit\" \/>\n\t<meta name=\"twitter:data1\" content=\"1\u00a0Minute\" \/>\n<script type=\"application\/ld+json\" class=\"yoast-schema-graph\">{\"@context\":\"https:\\\/\\\/schema.org\",\"@graph\":[{\"@type\":\"WebPage\",\"@id\":\"https:\\\/\\\/novacode.pl\\\/de\\\/produkty\\\/funktionselemente-de\\\/dichtungen-unterlegscheiben-stanzteile\\\/\",\"url\":\"https:\\\/\\\/novacode.pl\\\/de\\\/produkty\\\/funktionselemente-de\\\/dichtungen-unterlegscheiben-stanzteile\\\/\",\"name\":\"Dichtungen, Unterlegscheiben, Stanzteile - Drukarnia etykiet Novacode\",\"isPartOf\":{\"@id\":\"https:\\\/\\\/novacode.pl\\\/#website\"},\"primaryImageOfPage\":{\"@id\":\"https:\\\/\\\/novacode.pl\\\/de\\\/produkty\\\/funktionselemente-de\\\/dichtungen-unterlegscheiben-stanzteile\\\/#primaryimage\"},\"image\":{\"@id\":\"https:\\\/\\\/novacode.pl\\\/de\\\/produkty\\\/funktionselemente-de\\\/dichtungen-unterlegscheiben-stanzteile\\\/#primaryimage\"},\"thumbnailUrl\":\"https:\\\/\\\/novacode.pl\\\/wp-content\\\/uploads\\\/2022\\\/04\\\/wykroje.jpg\",\"datePublished\":\"2022-04-19T08:25:24+00:00\",\"dateModified\":\"2023-10-13T08:55:06+00:00\",\"description\":\"Uszczelki, podk\u0142adki, wykroje od producenta Novacode \u27a4 Zabezpieczenia element\u00f3w przed dzia\u0142aniem wilgoci czy promieniowania UV | Wysoka jako\u015b\u0107 i profesjonalne wyko\u0144czenie - Sprawd\u017a!\",\"breadcrumb\":{\"@id\":\"https:\\\/\\\/novacode.pl\\\/de\\\/produkty\\\/funktionselemente-de\\\/dichtungen-unterlegscheiben-stanzteile\\\/#breadcrumb\"},\"inLanguage\":\"de\",\"potentialAction\":[{\"@type\":\"ReadAction\",\"target\":[\"https:\\\/\\\/novacode.pl\\\/de\\\/produkty\\\/funktionselemente-de\\\/dichtungen-unterlegscheiben-stanzteile\\\/\"]}]},{\"@type\":\"ImageObject\",\"inLanguage\":\"de\",\"@id\":\"https:\\\/\\\/novacode.pl\\\/de\\\/produkty\\\/funktionselemente-de\\\/dichtungen-unterlegscheiben-stanzteile\\\/#primaryimage\",\"url\":\"https:\\\/\\\/novacode.pl\\\/wp-content\\\/uploads\\\/2022\\\/04\\\/wykroje.jpg\",\"contentUrl\":\"https:\\\/\\\/novacode.pl\\\/wp-content\\\/uploads\\\/2022\\\/04\\\/wykroje.jpg\",\"width\":1280,\"height\":1280,\"caption\":\"Wykr\u00f3j kartonowy\"},{\"@type\":\"BreadcrumbList\",\"@id\":\"https:\\\/\\\/novacode.pl\\\/de\\\/produkty\\\/funktionselemente-de\\\/dichtungen-unterlegscheiben-stanzteile\\\/#breadcrumb\",\"itemListElement\":[{\"@type\":\"ListItem\",\"position\":1,\"name\":\"Strona g\u0142\u00f3wna\",\"item\":\"https:\\\/\\\/novacode.pl\\\/de\\\/\"},{\"@type\":\"ListItem\",\"position\":2,\"name\":\"Produkte\",\"item\":\"https:\\\/\\\/novacode.pl\\\/de\\\/produkte\\\/\"},{\"@type\":\"ListItem\",\"position\":3,\"name\":\"Dichtungen, Unterlegscheiben, Stanzteile\"}]},{\"@type\":\"WebSite\",\"@id\":\"https:\\\/\\\/novacode.pl\\\/#website\",\"url\":\"https:\\\/\\\/novacode.pl\\\/\",\"name\":\"Drukarnia etykiet Novacode\",\"description\":\"Producent etykiet samoprzylepnych\",\"publisher\":{\"@id\":\"https:\\\/\\\/novacode.pl\\\/#organization\"},\"potentialAction\":[{\"@type\":\"SearchAction\",\"target\":{\"@type\":\"EntryPoint\",\"urlTemplate\":\"https:\\\/\\\/novacode.pl\\\/?s={search_term_string}\"},\"query-input\":{\"@type\":\"PropertyValueSpecification\",\"valueRequired\":true,\"valueName\":\"search_term_string\"}}],\"inLanguage\":\"de\"},{\"@type\":\"Organization\",\"@id\":\"https:\\\/\\\/novacode.pl\\\/#organization\",\"name\":\"Drukarnia etykiet Novacode\",\"url\":\"https:\\\/\\\/novacode.pl\\\/\",\"logo\":{\"@type\":\"ImageObject\",\"inLanguage\":\"de\",\"@id\":\"https:\\\/\\\/novacode.pl\\\/#\\\/schema\\\/logo\\\/image\\\/\",\"url\":\"https:\\\/\\\/novacode.pl\\\/wp-content\\\/uploads\\\/2022\\\/03\\\/cropped-favico.png\",\"contentUrl\":\"https:\\\/\\\/novacode.pl\\\/wp-content\\\/uploads\\\/2022\\\/03\\\/cropped-favico.png\",\"width\":512,\"height\":512,\"caption\":\"Drukarnia etykiet Novacode\"},\"image\":{\"@id\":\"https:\\\/\\\/novacode.pl\\\/#\\\/schema\\\/logo\\\/image\\\/\"},\"sameAs\":[\"https:\\\/\\\/www.facebook.com\\\/NovacodeOfficialPage\"]}]}<\/script>\n<!-- \/ Yoast SEO plugin. -->","yoast_head_json":{"title":"Dichtungen, Unterlegscheiben, Stanzteile - Drukarnia etykiet Novacode","description":"Uszczelki, podk\u0142adki, wykroje od producenta Novacode \u27a4 Zabezpieczenia element\u00f3w przed dzia\u0142aniem wilgoci czy promieniowania UV | Wysoka jako\u015b\u0107 i profesjonalne wyko\u0144czenie - Sprawd\u017a!","robots":{"index":"index","follow":"follow","max-snippet":"max-snippet:-1","max-image-preview":"max-image-preview:large","max-video-preview":"max-video-preview:-1"},"canonical":"https:\/\/novacode.pl\/de\/produkty\/funktionselemente-de\/dichtungen-unterlegscheiben-stanzteile\/","og_locale":"de_DE","og_type":"article","og_title":"Dichtungen, Unterlegscheiben, Stanzteile - Drukarnia etykiet Novacode","og_description":"Uszczelki, podk\u0142adki, wykroje od producenta Novacode \u27a4 Zabezpieczenia element\u00f3w przed dzia\u0142aniem wilgoci czy promieniowania UV | Wysoka jako\u015b\u0107 i profesjonalne wyko\u0144czenie - Sprawd\u017a!","og_url":"https:\/\/novacode.pl\/de\/produkty\/funktionselemente-de\/dichtungen-unterlegscheiben-stanzteile\/","og_site_name":"Drukarnia etykiet Novacode","article_publisher":"https:\/\/www.facebook.com\/NovacodeOfficialPage","article_modified_time":"2023-10-13T08:55:06+00:00","og_image":[{"width":1280,"height":1280,"url":"https:\/\/novacode.pl\/wp-content\/uploads\/2022\/04\/wykroje.jpg","type":"image\/jpeg"}],"twitter_card":"summary_large_image","twitter_misc":{"Gesch\u00e4tzte Lesezeit":"1\u00a0Minute"},"schema":{"@context":"https:\/\/schema.org","@graph":[{"@type":"WebPage","@id":"https:\/\/novacode.pl\/de\/produkty\/funktionselemente-de\/dichtungen-unterlegscheiben-stanzteile\/","url":"https:\/\/novacode.pl\/de\/produkty\/funktionselemente-de\/dichtungen-unterlegscheiben-stanzteile\/","name":"Dichtungen, Unterlegscheiben, Stanzteile - Drukarnia etykiet Novacode","isPartOf":{"@id":"https:\/\/novacode.pl\/#website"},"primaryImageOfPage":{"@id":"https:\/\/novacode.pl\/de\/produkty\/funktionselemente-de\/dichtungen-unterlegscheiben-stanzteile\/#primaryimage"},"image":{"@id":"https:\/\/novacode.pl\/de\/produkty\/funktionselemente-de\/dichtungen-unterlegscheiben-stanzteile\/#primaryimage"},"thumbnailUrl":"https:\/\/novacode.pl\/wp-content\/uploads\/2022\/04\/wykroje.jpg","datePublished":"2022-04-19T08:25:24+00:00","dateModified":"2023-10-13T08:55:06+00:00","description":"Uszczelki, podk\u0142adki, wykroje od producenta Novacode \u27a4 Zabezpieczenia element\u00f3w przed dzia\u0142aniem wilgoci czy promieniowania UV | Wysoka jako\u015b\u0107 i profesjonalne wyko\u0144czenie - Sprawd\u017a!","breadcrumb":{"@id":"https:\/\/novacode.pl\/de\/produkty\/funktionselemente-de\/dichtungen-unterlegscheiben-stanzteile\/#breadcrumb"},"inLanguage":"de","potentialAction":[{"@type":"ReadAction","target":["https:\/\/novacode.pl\/de\/produkty\/funktionselemente-de\/dichtungen-unterlegscheiben-stanzteile\/"]}]},{"@type":"ImageObject","inLanguage":"de","@id":"https:\/\/novacode.pl\/de\/produkty\/funktionselemente-de\/dichtungen-unterlegscheiben-stanzteile\/#primaryimage","url":"https:\/\/novacode.pl\/wp-content\/uploads\/2022\/04\/wykroje.jpg","contentUrl":"https:\/\/novacode.pl\/wp-content\/uploads\/2022\/04\/wykroje.jpg","width":1280,"height":1280,"caption":"Wykr\u00f3j kartonowy"},{"@type":"BreadcrumbList","@id":"https:\/\/novacode.pl\/de\/produkty\/funktionselemente-de\/dichtungen-unterlegscheiben-stanzteile\/#breadcrumb","itemListElement":[{"@type":"ListItem","position":1,"name":"Strona g\u0142\u00f3wna","item":"https:\/\/novacode.pl\/de\/"},{"@type":"ListItem","position":2,"name":"Produkte","item":"https:\/\/novacode.pl\/de\/produkte\/"},{"@type":"ListItem","position":3,"name":"Dichtungen, Unterlegscheiben, Stanzteile"}]},{"@type":"WebSite","@id":"https:\/\/novacode.pl\/#website","url":"https:\/\/novacode.pl\/","name":"Drukarnia etykiet Novacode","description":"Producent etykiet samoprzylepnych","publisher":{"@id":"https:\/\/novacode.pl\/#organization"},"potentialAction":[{"@type":"SearchAction","target":{"@type":"EntryPoint","urlTemplate":"https:\/\/novacode.pl\/?s={search_term_string}"},"query-input":{"@type":"PropertyValueSpecification","valueRequired":true,"valueName":"search_term_string"}}],"inLanguage":"de"},{"@type":"Organization","@id":"https:\/\/novacode.pl\/#organization","name":"Drukarnia etykiet Novacode","url":"https:\/\/novacode.pl\/","logo":{"@type":"ImageObject","inLanguage":"de","@id":"https:\/\/novacode.pl\/#\/schema\/logo\/image\/","url":"https:\/\/novacode.pl\/wp-content\/uploads\/2022\/03\/cropped-favico.png","contentUrl":"https:\/\/novacode.pl\/wp-content\/uploads\/2022\/03\/cropped-favico.png","width":512,"height":512,"caption":"Drukarnia etykiet Novacode"},"image":{"@id":"https:\/\/novacode.pl\/#\/schema\/logo\/image\/"},"sameAs":["https:\/\/www.facebook.com\/NovacodeOfficialPage"]}]}},"_links":{"self":[{"href":"https:\/\/novacode.pl\/de\/wp-json\/wp\/v2\/product\/5276","targetHints":{"allow":["GET"]}}],"collection":[{"href":"https:\/\/novacode.pl\/de\/wp-json\/wp\/v2\/product"}],"about":[{"href":"https:\/\/novacode.pl\/de\/wp-json\/wp\/v2\/types\/product"}],"wp:featuredmedia":[{"embeddable":true,"href":"https:\/\/novacode.pl\/de\/wp-json\/wp\/v2\/media\/4497"}],"wp:attachment":[{"href":"https:\/\/novacode.pl\/de\/wp-json\/wp\/v2\/media?parent=5276"}],"wp:term":[{"taxonomy":"product_brand","embeddable":true,"href":"https:\/\/novacode.pl\/de\/wp-json\/wp\/v2\/product_brand?post=5276"},{"taxonomy":"product_cat","embeddable":true,"href":"https:\/\/novacode.pl\/de\/wp-json\/wp\/v2\/product_cat?post=5276"},{"taxonomy":"product_tag","embeddable":true,"href":"https:\/\/novacode.pl\/de\/wp-json\/wp\/v2\/product_tag?post=5276"}],"curies":[{"name":"wp","href":"https:\/\/api.w.org\/{rel}","templated":true}]}}