{"id":5270,"date":"2022-04-19T10:20:59","date_gmt":"2022-04-19T08:20:59","guid":{"rendered":"https:\/\/novacode.pl\/produkty\/unkategorisiert\/pianki-filce-i-izolatory\/"},"modified":"2023-10-13T10:45:05","modified_gmt":"2023-10-13T08:45:05","slug":"schaumstoffe-filze-und-isolatoren","status":"publish","type":"product","link":"https:\/\/novacode.pl\/de\/produkty\/funktionselemente-de\/schaumstoffe-filze-und-isolatoren\/","title":{"rendered":"Schaumstoffe, Filze und Isolatoren"},"content":{"rendered":"<p>Isolatoren werden haupts\u00e4chlich in der Elektronik- und Automobilindustrie eingesetzt. Ihre Hauptaufgabe besteht darin, eine thermische und elektrische Barriere im Ger\u00e4t zu erzeugen. Es gibt eine gro\u00dfe Auswahl an Materialien, die in Kombination mit einer angepassten Klebefolie einen integralen Bestandteil des Ger\u00e4ts bilden.<\/p>\n<p>Schaumstoffe erf\u00fcllen die Funktionen von Isolierung, Filtrierung, D\u00e4mpfung, Schalld\u00e4mmung und in einigen F\u00e4llen Verbindung von Elementen. Schaumstoffe werden am h\u00e4ufigsten aus PVC, Polyethylen (PE), Polyurethan (PU) oder synthetischem EPDM-Kautschuk hergestellt. Sie k\u00f6nnen als einseitige oder doppelseitige Klebeb\u00e4nder oder als Einzelelemente erh\u00e4ltlich sein.<\/p>\n<p>Filzteile erf\u00fcllen Funktionen wie Isolierung, Distanzierung, D\u00e4mpfung und Schutz. In der Industrie werden sie am h\u00e4ufigsten als Abstandshalter und Unterlagen in Haushaltsger\u00e4ten und Produktionsmaschinen verwendet.<\/p>\n<p>Alle diese Produkte k\u00f6nnen einzeln oder auf einer Rolle konfektioniert werden. Dar\u00fcber hinaus ist es m\u00f6glich, jede Form so zu entwerfen und auszuschneiden, dass Schaumstoff, Filz oder Isolatoren ihre Funktion am besten erf\u00fcllen k\u00f6nnen.<\/p>\n","protected":false},"excerpt":{"rendered":"<p>Isolatoren werden haupts\u00e4chlich in der Elektronik- und Automobilindustrie eingesetzt. Ihre Hauptaufgabe besteht darin, eine thermische und elektrische Barriere im Ger\u00e4t&#8230;<\/p>\n","protected":false},"featured_media":4493,"template":"","meta":{"_acf_changed":false,"inline_featured_image":false},"product_brand":[],"product_cat":[146],"product_tag":[],"class_list":{"0":"post-5270","1":"product","2":"type-product","3":"status-publish","4":"has-post-thumbnail","6":"product_cat-funktionselemente-de","7":"industry-automobil","8":"industry-bauindustrie","9":"industry-bekleidung-und-schuhe","10":"industry-elektronik","11":"industry-kosmetikprodukte","12":"industry-haushaltschemikalien-und-haushaltswaren","13":"industry-kerzen-und-dekorationsartikel","14":"industry-moebel","15":"industry-nagellacke","16":"industry-pharmazie","17":"industry-unterhaltungselektronik-und-haushaltsgeraete","19":"first","20":"instock","21":"shipping-taxable","22":"product-type-simple"},"acf":[],"yoast_head":"<!-- This site is optimized with the Yoast SEO plugin v27.4 - https:\/\/yoast.com\/product\/yoast-seo-wordpress\/ -->\n<title>Schaumstoffe, Filze und Isolatoren - Drukarnia etykiet Novacode<\/title>\n<meta name=\"description\" content=\"Pianki, filce i izolatory od producenta Novacode \u27a4 Oferujemy elementy do izolowania, filtrowania, amortyzowania i wyg\u0142uszania komponent\u00f3w | Wysoka jako\u015b\u0107 - Sprawd\u017a!\" \/>\n<meta name=\"robots\" content=\"index, follow, max-snippet:-1, max-image-preview:large, max-video-preview:-1\" \/>\n<link rel=\"canonical\" href=\"https:\/\/novacode.pl\/de\/produkty\/funktionselemente-de\/schaumstoffe-filze-und-isolatoren\/\" \/>\n<meta property=\"og:locale\" content=\"de_DE\" \/>\n<meta property=\"og:type\" content=\"article\" \/>\n<meta property=\"og:title\" content=\"Schaumstoffe, Filze und Isolatoren - Drukarnia etykiet Novacode\" \/>\n<meta property=\"og:description\" content=\"Pianki, filce i izolatory od producenta Novacode \u27a4 Oferujemy elementy do izolowania, filtrowania, amortyzowania i wyg\u0142uszania komponent\u00f3w | Wysoka jako\u015b\u0107 - Sprawd\u017a!\" \/>\n<meta property=\"og:url\" content=\"https:\/\/novacode.pl\/de\/produkty\/funktionselemente-de\/schaumstoffe-filze-und-isolatoren\/\" \/>\n<meta property=\"og:site_name\" content=\"Drukarnia etykiet Novacode\" \/>\n<meta property=\"article:publisher\" content=\"https:\/\/www.facebook.com\/NovacodeOfficialPage\" \/>\n<meta property=\"article:modified_time\" content=\"2023-10-13T08:45:05+00:00\" \/>\n<meta property=\"og:image\" content=\"https:\/\/novacode.pl\/wp-content\/uploads\/2022\/04\/pianki.jpg\" \/>\n\t<meta property=\"og:image:width\" content=\"1280\" \/>\n\t<meta property=\"og:image:height\" content=\"1280\" \/>\n\t<meta property=\"og:image:type\" content=\"image\/jpeg\" \/>\n<meta name=\"twitter:card\" content=\"summary_large_image\" \/>\n<meta name=\"twitter:label1\" content=\"Gesch\u00e4tzte Lesezeit\" \/>\n\t<meta name=\"twitter:data1\" content=\"1\u00a0Minute\" \/>\n<script type=\"application\/ld+json\" class=\"yoast-schema-graph\">{\"@context\":\"https:\\\/\\\/schema.org\",\"@graph\":[{\"@type\":\"WebPage\",\"@id\":\"https:\\\/\\\/novacode.pl\\\/de\\\/produkty\\\/funktionselemente-de\\\/schaumstoffe-filze-und-isolatoren\\\/\",\"url\":\"https:\\\/\\\/novacode.pl\\\/de\\\/produkty\\\/funktionselemente-de\\\/schaumstoffe-filze-und-isolatoren\\\/\",\"name\":\"Schaumstoffe, Filze und Isolatoren - Drukarnia etykiet Novacode\",\"isPartOf\":{\"@id\":\"https:\\\/\\\/novacode.pl\\\/#website\"},\"primaryImageOfPage\":{\"@id\":\"https:\\\/\\\/novacode.pl\\\/de\\\/produkty\\\/funktionselemente-de\\\/schaumstoffe-filze-und-isolatoren\\\/#primaryimage\"},\"image\":{\"@id\":\"https:\\\/\\\/novacode.pl\\\/de\\\/produkty\\\/funktionselemente-de\\\/schaumstoffe-filze-und-isolatoren\\\/#primaryimage\"},\"thumbnailUrl\":\"https:\\\/\\\/novacode.pl\\\/wp-content\\\/uploads\\\/2022\\\/04\\\/pianki.jpg\",\"datePublished\":\"2022-04-19T08:20:59+00:00\",\"dateModified\":\"2023-10-13T08:45:05+00:00\",\"description\":\"Pianki, filce i izolatory od producenta Novacode \u27a4 Oferujemy elementy do izolowania, filtrowania, amortyzowania i wyg\u0142uszania komponent\u00f3w | Wysoka jako\u015b\u0107 - Sprawd\u017a!\",\"breadcrumb\":{\"@id\":\"https:\\\/\\\/novacode.pl\\\/de\\\/produkty\\\/funktionselemente-de\\\/schaumstoffe-filze-und-isolatoren\\\/#breadcrumb\"},\"inLanguage\":\"de\",\"potentialAction\":[{\"@type\":\"ReadAction\",\"target\":[\"https:\\\/\\\/novacode.pl\\\/de\\\/produkty\\\/funktionselemente-de\\\/schaumstoffe-filze-und-isolatoren\\\/\"]}]},{\"@type\":\"ImageObject\",\"inLanguage\":\"de\",\"@id\":\"https:\\\/\\\/novacode.pl\\\/de\\\/produkty\\\/funktionselemente-de\\\/schaumstoffe-filze-und-isolatoren\\\/#primaryimage\",\"url\":\"https:\\\/\\\/novacode.pl\\\/wp-content\\\/uploads\\\/2022\\\/04\\\/pianki.jpg\",\"contentUrl\":\"https:\\\/\\\/novacode.pl\\\/wp-content\\\/uploads\\\/2022\\\/04\\\/pianki.jpg\",\"width\":1280,\"height\":1280,\"caption\":\"pianki, filce i izolatory 2\"},{\"@type\":\"BreadcrumbList\",\"@id\":\"https:\\\/\\\/novacode.pl\\\/de\\\/produkty\\\/funktionselemente-de\\\/schaumstoffe-filze-und-isolatoren\\\/#breadcrumb\",\"itemListElement\":[{\"@type\":\"ListItem\",\"position\":1,\"name\":\"Strona g\u0142\u00f3wna\",\"item\":\"https:\\\/\\\/novacode.pl\\\/de\\\/\"},{\"@type\":\"ListItem\",\"position\":2,\"name\":\"Produkte\",\"item\":\"https:\\\/\\\/novacode.pl\\\/de\\\/produkte\\\/\"},{\"@type\":\"ListItem\",\"position\":3,\"name\":\"Schaumstoffe, Filze und Isolatoren\"}]},{\"@type\":\"WebSite\",\"@id\":\"https:\\\/\\\/novacode.pl\\\/#website\",\"url\":\"https:\\\/\\\/novacode.pl\\\/\",\"name\":\"Drukarnia etykiet Novacode\",\"description\":\"Producent etykiet samoprzylepnych\",\"publisher\":{\"@id\":\"https:\\\/\\\/novacode.pl\\\/#organization\"},\"potentialAction\":[{\"@type\":\"SearchAction\",\"target\":{\"@type\":\"EntryPoint\",\"urlTemplate\":\"https:\\\/\\\/novacode.pl\\\/?s={search_term_string}\"},\"query-input\":{\"@type\":\"PropertyValueSpecification\",\"valueRequired\":true,\"valueName\":\"search_term_string\"}}],\"inLanguage\":\"de\"},{\"@type\":\"Organization\",\"@id\":\"https:\\\/\\\/novacode.pl\\\/#organization\",\"name\":\"Drukarnia etykiet Novacode\",\"url\":\"https:\\\/\\\/novacode.pl\\\/\",\"logo\":{\"@type\":\"ImageObject\",\"inLanguage\":\"de\",\"@id\":\"https:\\\/\\\/novacode.pl\\\/#\\\/schema\\\/logo\\\/image\\\/\",\"url\":\"https:\\\/\\\/novacode.pl\\\/wp-content\\\/uploads\\\/2022\\\/03\\\/cropped-favico.png\",\"contentUrl\":\"https:\\\/\\\/novacode.pl\\\/wp-content\\\/uploads\\\/2022\\\/03\\\/cropped-favico.png\",\"width\":512,\"height\":512,\"caption\":\"Drukarnia etykiet Novacode\"},\"image\":{\"@id\":\"https:\\\/\\\/novacode.pl\\\/#\\\/schema\\\/logo\\\/image\\\/\"},\"sameAs\":[\"https:\\\/\\\/www.facebook.com\\\/NovacodeOfficialPage\"]}]}<\/script>\n<!-- \/ Yoast SEO plugin. -->","yoast_head_json":{"title":"Schaumstoffe, Filze und Isolatoren - Drukarnia etykiet Novacode","description":"Pianki, filce i izolatory od producenta Novacode \u27a4 Oferujemy elementy do izolowania, filtrowania, amortyzowania i wyg\u0142uszania komponent\u00f3w | Wysoka jako\u015b\u0107 - Sprawd\u017a!","robots":{"index":"index","follow":"follow","max-snippet":"max-snippet:-1","max-image-preview":"max-image-preview:large","max-video-preview":"max-video-preview:-1"},"canonical":"https:\/\/novacode.pl\/de\/produkty\/funktionselemente-de\/schaumstoffe-filze-und-isolatoren\/","og_locale":"de_DE","og_type":"article","og_title":"Schaumstoffe, Filze und Isolatoren - Drukarnia etykiet Novacode","og_description":"Pianki, filce i izolatory od producenta Novacode \u27a4 Oferujemy elementy do izolowania, filtrowania, amortyzowania i wyg\u0142uszania komponent\u00f3w | Wysoka jako\u015b\u0107 - Sprawd\u017a!","og_url":"https:\/\/novacode.pl\/de\/produkty\/funktionselemente-de\/schaumstoffe-filze-und-isolatoren\/","og_site_name":"Drukarnia etykiet Novacode","article_publisher":"https:\/\/www.facebook.com\/NovacodeOfficialPage","article_modified_time":"2023-10-13T08:45:05+00:00","og_image":[{"width":1280,"height":1280,"url":"https:\/\/novacode.pl\/wp-content\/uploads\/2022\/04\/pianki.jpg","type":"image\/jpeg"}],"twitter_card":"summary_large_image","twitter_misc":{"Gesch\u00e4tzte Lesezeit":"1\u00a0Minute"},"schema":{"@context":"https:\/\/schema.org","@graph":[{"@type":"WebPage","@id":"https:\/\/novacode.pl\/de\/produkty\/funktionselemente-de\/schaumstoffe-filze-und-isolatoren\/","url":"https:\/\/novacode.pl\/de\/produkty\/funktionselemente-de\/schaumstoffe-filze-und-isolatoren\/","name":"Schaumstoffe, Filze und Isolatoren - Drukarnia etykiet Novacode","isPartOf":{"@id":"https:\/\/novacode.pl\/#website"},"primaryImageOfPage":{"@id":"https:\/\/novacode.pl\/de\/produkty\/funktionselemente-de\/schaumstoffe-filze-und-isolatoren\/#primaryimage"},"image":{"@id":"https:\/\/novacode.pl\/de\/produkty\/funktionselemente-de\/schaumstoffe-filze-und-isolatoren\/#primaryimage"},"thumbnailUrl":"https:\/\/novacode.pl\/wp-content\/uploads\/2022\/04\/pianki.jpg","datePublished":"2022-04-19T08:20:59+00:00","dateModified":"2023-10-13T08:45:05+00:00","description":"Pianki, filce i izolatory od producenta Novacode \u27a4 Oferujemy elementy do izolowania, filtrowania, amortyzowania i wyg\u0142uszania komponent\u00f3w | Wysoka jako\u015b\u0107 - Sprawd\u017a!","breadcrumb":{"@id":"https:\/\/novacode.pl\/de\/produkty\/funktionselemente-de\/schaumstoffe-filze-und-isolatoren\/#breadcrumb"},"inLanguage":"de","potentialAction":[{"@type":"ReadAction","target":["https:\/\/novacode.pl\/de\/produkty\/funktionselemente-de\/schaumstoffe-filze-und-isolatoren\/"]}]},{"@type":"ImageObject","inLanguage":"de","@id":"https:\/\/novacode.pl\/de\/produkty\/funktionselemente-de\/schaumstoffe-filze-und-isolatoren\/#primaryimage","url":"https:\/\/novacode.pl\/wp-content\/uploads\/2022\/04\/pianki.jpg","contentUrl":"https:\/\/novacode.pl\/wp-content\/uploads\/2022\/04\/pianki.jpg","width":1280,"height":1280,"caption":"pianki, filce i izolatory 2"},{"@type":"BreadcrumbList","@id":"https:\/\/novacode.pl\/de\/produkty\/funktionselemente-de\/schaumstoffe-filze-und-isolatoren\/#breadcrumb","itemListElement":[{"@type":"ListItem","position":1,"name":"Strona g\u0142\u00f3wna","item":"https:\/\/novacode.pl\/de\/"},{"@type":"ListItem","position":2,"name":"Produkte","item":"https:\/\/novacode.pl\/de\/produkte\/"},{"@type":"ListItem","position":3,"name":"Schaumstoffe, Filze und Isolatoren"}]},{"@type":"WebSite","@id":"https:\/\/novacode.pl\/#website","url":"https:\/\/novacode.pl\/","name":"Drukarnia etykiet Novacode","description":"Producent etykiet samoprzylepnych","publisher":{"@id":"https:\/\/novacode.pl\/#organization"},"potentialAction":[{"@type":"SearchAction","target":{"@type":"EntryPoint","urlTemplate":"https:\/\/novacode.pl\/?s={search_term_string}"},"query-input":{"@type":"PropertyValueSpecification","valueRequired":true,"valueName":"search_term_string"}}],"inLanguage":"de"},{"@type":"Organization","@id":"https:\/\/novacode.pl\/#organization","name":"Drukarnia etykiet Novacode","url":"https:\/\/novacode.pl\/","logo":{"@type":"ImageObject","inLanguage":"de","@id":"https:\/\/novacode.pl\/#\/schema\/logo\/image\/","url":"https:\/\/novacode.pl\/wp-content\/uploads\/2022\/03\/cropped-favico.png","contentUrl":"https:\/\/novacode.pl\/wp-content\/uploads\/2022\/03\/cropped-favico.png","width":512,"height":512,"caption":"Drukarnia etykiet Novacode"},"image":{"@id":"https:\/\/novacode.pl\/#\/schema\/logo\/image\/"},"sameAs":["https:\/\/www.facebook.com\/NovacodeOfficialPage"]}]}},"_links":{"self":[{"href":"https:\/\/novacode.pl\/de\/wp-json\/wp\/v2\/product\/5270","targetHints":{"allow":["GET"]}}],"collection":[{"href":"https:\/\/novacode.pl\/de\/wp-json\/wp\/v2\/product"}],"about":[{"href":"https:\/\/novacode.pl\/de\/wp-json\/wp\/v2\/types\/product"}],"wp:featuredmedia":[{"embeddable":true,"href":"https:\/\/novacode.pl\/de\/wp-json\/wp\/v2\/media\/4493"}],"wp:attachment":[{"href":"https:\/\/novacode.pl\/de\/wp-json\/wp\/v2\/media?parent=5270"}],"wp:term":[{"taxonomy":"product_brand","embeddable":true,"href":"https:\/\/novacode.pl\/de\/wp-json\/wp\/v2\/product_brand?post=5270"},{"taxonomy":"product_cat","embeddable":true,"href":"https:\/\/novacode.pl\/de\/wp-json\/wp\/v2\/product_cat?post=5270"},{"taxonomy":"product_tag","embeddable":true,"href":"https:\/\/novacode.pl\/de\/wp-json\/wp\/v2\/product_tag?post=5270"}],"curies":[{"name":"wp","href":"https:\/\/api.w.org\/{rel}","templated":true}]}}