{"id":5268,"date":"2022-04-20T14:31:29","date_gmt":"2022-04-20T12:31:29","guid":{"rendered":"https:\/\/novacode.pl\/produkty\/unkategorisiert\/panele-frontowe-plyty-czolowe\/"},"modified":"2023-10-13T11:17:50","modified_gmt":"2023-10-13T09:17:50","slug":"frontplatten","status":"publish","type":"product","link":"https:\/\/novacode.pl\/de\/produkty\/funktionselemente-de\/frontplatten\/","title":{"rendered":"Frontplatten"},"content":{"rendered":"<p>Frontplatten oder sog. Membrantastaturen werden an den meisten elektronischen Ger\u00e4ten und Maschinen aufgeklebt. Es sind spezialisierte Strukturen, die aus mehreren Rohstoffschichten mit unterschiedlichen Funktionen bestehen. Jede Schicht wird mit speziellen Klebemembranen der entsprechenden St\u00e4rke befestigt. Solche Strukturen haben h\u00e4ufig eine dekorative und informative Funktion.<\/p>\n<p>Membrantastaturen sind fortschrittliche Strukturen, die zus\u00e4tzlich mit leitenden Streifen auf einer Schicht und Leuchtdioden ausgestattet werden k\u00f6nnen. Diese Produkte werden in verschiedenen Branchen verwendet: Automotive, Medizin, Transport, Elektronik. H\u00e4ufig werden Frontplatten mit Kn\u00f6pfen und gedruckten elektronischen Streifen in Bedienfeldern in der Industrie verwendet.<\/p>\n<p>Wir sind ein direkter Hersteller von Frontplatten und Membrantastaturen. Wir f\u00fchren alle Projekte auf Sonderbestellung aus.<\/p>\n","protected":false},"excerpt":{"rendered":"<p>Frontplatten oder sog. Membrantastaturen werden an den meisten elektronischen Ger\u00e4ten und Maschinen aufgeklebt. Es sind spezialisierte Strukturen, die aus mehreren&#8230;<\/p>\n","protected":false},"featured_media":4492,"template":"","meta":{"_acf_changed":false,"inline_featured_image":false},"product_brand":[],"product_cat":[146],"product_tag":[],"class_list":{"0":"post-5268","1":"product","2":"type-product","3":"status-publish","4":"has-post-thumbnail","6":"product_cat-funktionselemente-de","7":"industry-automobil","8":"industry-elektronik","9":"industry-industrieetiketten","10":"industry-unterhaltungselektronik-und-haushaltsgeraete","12":"first","13":"instock","14":"shipping-taxable","15":"product-type-simple"},"acf":[],"yoast_head":"<!-- This site is optimized with the Yoast SEO plugin v27.4 - https:\/\/yoast.com\/product\/yoast-seo-wordpress\/ -->\n<title>Panele frontowe (p\u0142yty czo\u0142owe), fronty foliowe - Drukarnia etykiet Novacode<\/title>\n<meta name=\"description\" content=\"Panele frontowe w ofercie Novacode \u27a4 Fronty foliowe wykonane z poliw\u0119glanu lub poliestru o funkcji informacyjnej i estetycznej | Sprawd\u017a teraz!\" \/>\n<meta name=\"robots\" content=\"index, follow, max-snippet:-1, max-image-preview:large, max-video-preview:-1\" \/>\n<link rel=\"canonical\" href=\"https:\/\/novacode.pl\/de\/produkty\/funktionselemente-de\/frontplatten\/\" \/>\n<meta property=\"og:locale\" content=\"de_DE\" \/>\n<meta property=\"og:type\" content=\"article\" \/>\n<meta property=\"og:title\" content=\"Panele frontowe (p\u0142yty czo\u0142owe), fronty foliowe - Drukarnia etykiet Novacode\" \/>\n<meta property=\"og:description\" content=\"Panele frontowe w ofercie Novacode \u27a4 Fronty foliowe wykonane z poliw\u0119glanu lub poliestru o funkcji informacyjnej i estetycznej | Sprawd\u017a teraz!\" \/>\n<meta property=\"og:url\" content=\"https:\/\/novacode.pl\/de\/produkty\/funktionselemente-de\/frontplatten\/\" \/>\n<meta property=\"og:site_name\" content=\"Drukarnia etykiet Novacode\" \/>\n<meta property=\"article:publisher\" content=\"https:\/\/www.facebook.com\/NovacodeOfficialPage\" \/>\n<meta property=\"article:modified_time\" content=\"2023-10-13T09:17:50+00:00\" \/>\n<meta property=\"og:image\" content=\"https:\/\/novacode.pl\/wp-content\/uploads\/2022\/04\/panele.jpg\" \/>\n\t<meta property=\"og:image:width\" content=\"1280\" \/>\n\t<meta property=\"og:image:height\" content=\"1280\" \/>\n\t<meta property=\"og:image:type\" content=\"image\/jpeg\" \/>\n<meta name=\"twitter:card\" content=\"summary_large_image\" \/>\n<meta name=\"twitter:label1\" content=\"Gesch\u00e4tzte Lesezeit\" \/>\n\t<meta name=\"twitter:data1\" content=\"1\u00a0Minute\" \/>\n<script type=\"application\/ld+json\" class=\"yoast-schema-graph\">{\"@context\":\"https:\\\/\\\/schema.org\",\"@graph\":[{\"@type\":\"WebPage\",\"@id\":\"https:\\\/\\\/novacode.pl\\\/de\\\/produkty\\\/funktionselemente-de\\\/frontplatten\\\/\",\"url\":\"https:\\\/\\\/novacode.pl\\\/de\\\/produkty\\\/funktionselemente-de\\\/frontplatten\\\/\",\"name\":\"Panele frontowe (p\u0142yty czo\u0142owe), fronty foliowe - Drukarnia etykiet Novacode\",\"isPartOf\":{\"@id\":\"https:\\\/\\\/novacode.pl\\\/#website\"},\"primaryImageOfPage\":{\"@id\":\"https:\\\/\\\/novacode.pl\\\/de\\\/produkty\\\/funktionselemente-de\\\/frontplatten\\\/#primaryimage\"},\"image\":{\"@id\":\"https:\\\/\\\/novacode.pl\\\/de\\\/produkty\\\/funktionselemente-de\\\/frontplatten\\\/#primaryimage\"},\"thumbnailUrl\":\"https:\\\/\\\/novacode.pl\\\/wp-content\\\/uploads\\\/2022\\\/04\\\/panele.jpg\",\"datePublished\":\"2022-04-20T12:31:29+00:00\",\"dateModified\":\"2023-10-13T09:17:50+00:00\",\"description\":\"Panele frontowe w ofercie Novacode \u27a4 Fronty foliowe wykonane z poliw\u0119glanu lub poliestru o funkcji informacyjnej i estetycznej | Sprawd\u017a teraz!\",\"breadcrumb\":{\"@id\":\"https:\\\/\\\/novacode.pl\\\/de\\\/produkty\\\/funktionselemente-de\\\/frontplatten\\\/#breadcrumb\"},\"inLanguage\":\"de\",\"potentialAction\":[{\"@type\":\"ReadAction\",\"target\":[\"https:\\\/\\\/novacode.pl\\\/de\\\/produkty\\\/funktionselemente-de\\\/frontplatten\\\/\"]}]},{\"@type\":\"ImageObject\",\"inLanguage\":\"de\",\"@id\":\"https:\\\/\\\/novacode.pl\\\/de\\\/produkty\\\/funktionselemente-de\\\/frontplatten\\\/#primaryimage\",\"url\":\"https:\\\/\\\/novacode.pl\\\/wp-content\\\/uploads\\\/2022\\\/04\\\/panele.jpg\",\"contentUrl\":\"https:\\\/\\\/novacode.pl\\\/wp-content\\\/uploads\\\/2022\\\/04\\\/panele.jpg\",\"width\":1280,\"height\":1280,\"caption\":\"Front foliowy - panel frontowy\"},{\"@type\":\"BreadcrumbList\",\"@id\":\"https:\\\/\\\/novacode.pl\\\/de\\\/produkty\\\/funktionselemente-de\\\/frontplatten\\\/#breadcrumb\",\"itemListElement\":[{\"@type\":\"ListItem\",\"position\":1,\"name\":\"Strona g\u0142\u00f3wna\",\"item\":\"https:\\\/\\\/novacode.pl\\\/de\\\/\"},{\"@type\":\"ListItem\",\"position\":2,\"name\":\"Produkte\",\"item\":\"https:\\\/\\\/novacode.pl\\\/de\\\/produkte\\\/\"},{\"@type\":\"ListItem\",\"position\":3,\"name\":\"Frontplatten\"}]},{\"@type\":\"WebSite\",\"@id\":\"https:\\\/\\\/novacode.pl\\\/#website\",\"url\":\"https:\\\/\\\/novacode.pl\\\/\",\"name\":\"Drukarnia etykiet Novacode\",\"description\":\"Producent etykiet samoprzylepnych\",\"publisher\":{\"@id\":\"https:\\\/\\\/novacode.pl\\\/#organization\"},\"potentialAction\":[{\"@type\":\"SearchAction\",\"target\":{\"@type\":\"EntryPoint\",\"urlTemplate\":\"https:\\\/\\\/novacode.pl\\\/?s={search_term_string}\"},\"query-input\":{\"@type\":\"PropertyValueSpecification\",\"valueRequired\":true,\"valueName\":\"search_term_string\"}}],\"inLanguage\":\"de\"},{\"@type\":\"Organization\",\"@id\":\"https:\\\/\\\/novacode.pl\\\/#organization\",\"name\":\"Drukarnia etykiet Novacode\",\"url\":\"https:\\\/\\\/novacode.pl\\\/\",\"logo\":{\"@type\":\"ImageObject\",\"inLanguage\":\"de\",\"@id\":\"https:\\\/\\\/novacode.pl\\\/#\\\/schema\\\/logo\\\/image\\\/\",\"url\":\"https:\\\/\\\/novacode.pl\\\/wp-content\\\/uploads\\\/2022\\\/03\\\/cropped-favico.png\",\"contentUrl\":\"https:\\\/\\\/novacode.pl\\\/wp-content\\\/uploads\\\/2022\\\/03\\\/cropped-favico.png\",\"width\":512,\"height\":512,\"caption\":\"Drukarnia etykiet Novacode\"},\"image\":{\"@id\":\"https:\\\/\\\/novacode.pl\\\/#\\\/schema\\\/logo\\\/image\\\/\"},\"sameAs\":[\"https:\\\/\\\/www.facebook.com\\\/NovacodeOfficialPage\"]}]}<\/script>\n<!-- \/ Yoast SEO plugin. -->","yoast_head_json":{"title":"Panele frontowe (p\u0142yty czo\u0142owe), fronty foliowe - Drukarnia etykiet Novacode","description":"Panele frontowe w ofercie Novacode \u27a4 Fronty foliowe wykonane z poliw\u0119glanu lub poliestru o funkcji informacyjnej i estetycznej | Sprawd\u017a teraz!","robots":{"index":"index","follow":"follow","max-snippet":"max-snippet:-1","max-image-preview":"max-image-preview:large","max-video-preview":"max-video-preview:-1"},"canonical":"https:\/\/novacode.pl\/de\/produkty\/funktionselemente-de\/frontplatten\/","og_locale":"de_DE","og_type":"article","og_title":"Panele frontowe (p\u0142yty czo\u0142owe), fronty foliowe - Drukarnia etykiet Novacode","og_description":"Panele frontowe w ofercie Novacode \u27a4 Fronty foliowe wykonane z poliw\u0119glanu lub poliestru o funkcji informacyjnej i estetycznej | Sprawd\u017a teraz!","og_url":"https:\/\/novacode.pl\/de\/produkty\/funktionselemente-de\/frontplatten\/","og_site_name":"Drukarnia etykiet Novacode","article_publisher":"https:\/\/www.facebook.com\/NovacodeOfficialPage","article_modified_time":"2023-10-13T09:17:50+00:00","og_image":[{"width":1280,"height":1280,"url":"https:\/\/novacode.pl\/wp-content\/uploads\/2022\/04\/panele.jpg","type":"image\/jpeg"}],"twitter_card":"summary_large_image","twitter_misc":{"Gesch\u00e4tzte Lesezeit":"1\u00a0Minute"},"schema":{"@context":"https:\/\/schema.org","@graph":[{"@type":"WebPage","@id":"https:\/\/novacode.pl\/de\/produkty\/funktionselemente-de\/frontplatten\/","url":"https:\/\/novacode.pl\/de\/produkty\/funktionselemente-de\/frontplatten\/","name":"Panele frontowe (p\u0142yty czo\u0142owe), fronty foliowe - Drukarnia etykiet Novacode","isPartOf":{"@id":"https:\/\/novacode.pl\/#website"},"primaryImageOfPage":{"@id":"https:\/\/novacode.pl\/de\/produkty\/funktionselemente-de\/frontplatten\/#primaryimage"},"image":{"@id":"https:\/\/novacode.pl\/de\/produkty\/funktionselemente-de\/frontplatten\/#primaryimage"},"thumbnailUrl":"https:\/\/novacode.pl\/wp-content\/uploads\/2022\/04\/panele.jpg","datePublished":"2022-04-20T12:31:29+00:00","dateModified":"2023-10-13T09:17:50+00:00","description":"Panele frontowe w ofercie Novacode \u27a4 Fronty foliowe wykonane z poliw\u0119glanu lub poliestru o funkcji informacyjnej i estetycznej | Sprawd\u017a teraz!","breadcrumb":{"@id":"https:\/\/novacode.pl\/de\/produkty\/funktionselemente-de\/frontplatten\/#breadcrumb"},"inLanguage":"de","potentialAction":[{"@type":"ReadAction","target":["https:\/\/novacode.pl\/de\/produkty\/funktionselemente-de\/frontplatten\/"]}]},{"@type":"ImageObject","inLanguage":"de","@id":"https:\/\/novacode.pl\/de\/produkty\/funktionselemente-de\/frontplatten\/#primaryimage","url":"https:\/\/novacode.pl\/wp-content\/uploads\/2022\/04\/panele.jpg","contentUrl":"https:\/\/novacode.pl\/wp-content\/uploads\/2022\/04\/panele.jpg","width":1280,"height":1280,"caption":"Front foliowy - panel frontowy"},{"@type":"BreadcrumbList","@id":"https:\/\/novacode.pl\/de\/produkty\/funktionselemente-de\/frontplatten\/#breadcrumb","itemListElement":[{"@type":"ListItem","position":1,"name":"Strona g\u0142\u00f3wna","item":"https:\/\/novacode.pl\/de\/"},{"@type":"ListItem","position":2,"name":"Produkte","item":"https:\/\/novacode.pl\/de\/produkte\/"},{"@type":"ListItem","position":3,"name":"Frontplatten"}]},{"@type":"WebSite","@id":"https:\/\/novacode.pl\/#website","url":"https:\/\/novacode.pl\/","name":"Drukarnia etykiet Novacode","description":"Producent etykiet samoprzylepnych","publisher":{"@id":"https:\/\/novacode.pl\/#organization"},"potentialAction":[{"@type":"SearchAction","target":{"@type":"EntryPoint","urlTemplate":"https:\/\/novacode.pl\/?s={search_term_string}"},"query-input":{"@type":"PropertyValueSpecification","valueRequired":true,"valueName":"search_term_string"}}],"inLanguage":"de"},{"@type":"Organization","@id":"https:\/\/novacode.pl\/#organization","name":"Drukarnia etykiet Novacode","url":"https:\/\/novacode.pl\/","logo":{"@type":"ImageObject","inLanguage":"de","@id":"https:\/\/novacode.pl\/#\/schema\/logo\/image\/","url":"https:\/\/novacode.pl\/wp-content\/uploads\/2022\/03\/cropped-favico.png","contentUrl":"https:\/\/novacode.pl\/wp-content\/uploads\/2022\/03\/cropped-favico.png","width":512,"height":512,"caption":"Drukarnia etykiet Novacode"},"image":{"@id":"https:\/\/novacode.pl\/#\/schema\/logo\/image\/"},"sameAs":["https:\/\/www.facebook.com\/NovacodeOfficialPage"]}]}},"_links":{"self":[{"href":"https:\/\/novacode.pl\/de\/wp-json\/wp\/v2\/product\/5268","targetHints":{"allow":["GET"]}}],"collection":[{"href":"https:\/\/novacode.pl\/de\/wp-json\/wp\/v2\/product"}],"about":[{"href":"https:\/\/novacode.pl\/de\/wp-json\/wp\/v2\/types\/product"}],"wp:featuredmedia":[{"embeddable":true,"href":"https:\/\/novacode.pl\/de\/wp-json\/wp\/v2\/media\/4492"}],"wp:attachment":[{"href":"https:\/\/novacode.pl\/de\/wp-json\/wp\/v2\/media?parent=5268"}],"wp:term":[{"taxonomy":"product_brand","embeddable":true,"href":"https:\/\/novacode.pl\/de\/wp-json\/wp\/v2\/product_brand?post=5268"},{"taxonomy":"product_cat","embeddable":true,"href":"https:\/\/novacode.pl\/de\/wp-json\/wp\/v2\/product_cat?post=5268"},{"taxonomy":"product_tag","embeddable":true,"href":"https:\/\/novacode.pl\/de\/wp-json\/wp\/v2\/product_tag?post=5268"}],"curies":[{"name":"wp","href":"https:\/\/api.w.org\/{rel}","templated":true}]}}