{"id":5266,"date":"2022-04-19T10:19:37","date_gmt":"2022-04-19T08:19:37","guid":{"rendered":"https:\/\/novacode.pl\/produkty\/unkategorisiert\/odbojniki-bumpon-3m-stopki\/"},"modified":"2023-10-13T10:43:18","modified_gmt":"2023-10-13T08:43:18","slug":"stossfaenger-3m-bumpons-fuesse","status":"publish","type":"product","link":"https:\/\/novacode.pl\/de\/produkty\/funktionselemente-de\/stossfaenger-3m-bumpons-fuesse\/","title":{"rendered":"Sto\u00dff\u00e4nger, 3M-Bumpons, F\u00fc\u00dfe"},"content":{"rendered":"<p>Anschl\u00e4ge, 3M Bumpons, Schutzelemente und F\u00fc\u00dfe \u2013 das sind Funktionselemente, die verschiedene Formen und St\u00e4rken sowie eine passende Klebeschicht besitzen. Ihre Hauptfunktion besteht darin, das Ger\u00e4t oder die Maschine vor mechanischen Besch\u00e4digungen und Verrutschen zu untersch\u00fctzen. Eine zus\u00e4tzliche Funktion ist der Schutz vor L\u00e4rm und Vibrationen.<\/p>\n<p>In unserer Firma kann man neben Standardformen und St\u00e4rken auch Bumpons und Anschl\u00e4ge in beliebiger Form nach Kundenwunsch bestellen.<\/p>\n","protected":false},"excerpt":{"rendered":"<p>Anschl\u00e4ge, 3M Bumpons, Schutzelemente und F\u00fc\u00dfe \u2013 das sind Funktionselemente, die verschiedene Formen und St\u00e4rken sowie eine passende Klebeschicht besitzen&#8230;.<\/p>\n","protected":false},"featured_media":4501,"template":"","meta":{"_acf_changed":false,"inline_featured_image":false},"product_brand":[],"product_cat":[146],"product_tag":[],"class_list":{"0":"post-5266","1":"product","2":"type-product","3":"status-publish","4":"has-post-thumbnail","6":"product_cat-funktionselemente-de","7":"industry-automobil","8":"industry-elektronik","9":"industry-industrieetiketten","10":"industry-unterhaltungselektronik-und-haushaltsgeraete","12":"first","13":"instock","14":"shipping-taxable","15":"product-type-simple"},"acf":[],"yoast_head":"<!-- This site is optimized with the Yoast SEO plugin v27.4 - https:\/\/yoast.com\/product\/yoast-seo-wordpress\/ -->\n<title>Sto\u00dff\u00e4nger, 3M-Bumpons, F\u00fc\u00dfe - Drukarnia etykiet Novacode<\/title>\n<meta name=\"description\" content=\"Odbojniki, bumpon 3m, stopki od producenta Novacode \u27a4 Oferujemy elementy do ochrony urz\u0105dze\u0144 i maszyn przed uszkodzeniem mechanicznym | Wysoka jako\u015b\u0107 - Sprawd\u017a!\" \/>\n<meta name=\"robots\" content=\"index, follow, max-snippet:-1, max-image-preview:large, max-video-preview:-1\" \/>\n<link rel=\"canonical\" href=\"https:\/\/novacode.pl\/de\/produkty\/funktionselemente-de\/stossfaenger-3m-bumpons-fuesse\/\" \/>\n<meta property=\"og:locale\" content=\"de_DE\" \/>\n<meta property=\"og:type\" content=\"article\" \/>\n<meta property=\"og:title\" content=\"Sto\u00dff\u00e4nger, 3M-Bumpons, F\u00fc\u00dfe - Drukarnia etykiet Novacode\" \/>\n<meta property=\"og:description\" content=\"Odbojniki, bumpon 3m, stopki od producenta Novacode \u27a4 Oferujemy elementy do ochrony urz\u0105dze\u0144 i maszyn przed uszkodzeniem mechanicznym | Wysoka jako\u015b\u0107 - Sprawd\u017a!\" \/>\n<meta property=\"og:url\" content=\"https:\/\/novacode.pl\/de\/produkty\/funktionselemente-de\/stossfaenger-3m-bumpons-fuesse\/\" \/>\n<meta property=\"og:site_name\" content=\"Drukarnia etykiet Novacode\" \/>\n<meta property=\"article:publisher\" content=\"https:\/\/www.facebook.com\/NovacodeOfficialPage\" \/>\n<meta property=\"article:modified_time\" content=\"2023-10-13T08:43:18+00:00\" \/>\n<meta property=\"og:image\" content=\"https:\/\/novacode.pl\/wp-content\/uploads\/2022\/04\/odbojnik.jpg\" \/>\n\t<meta property=\"og:image:width\" content=\"1280\" \/>\n\t<meta property=\"og:image:height\" content=\"1280\" \/>\n\t<meta property=\"og:image:type\" content=\"image\/jpeg\" \/>\n<meta name=\"twitter:card\" content=\"summary_large_image\" \/>\n<meta name=\"twitter:label1\" content=\"Gesch\u00e4tzte Lesezeit\" \/>\n\t<meta name=\"twitter:data1\" content=\"1\u00a0Minute\" \/>\n<script type=\"application\/ld+json\" class=\"yoast-schema-graph\">{\"@context\":\"https:\\\/\\\/schema.org\",\"@graph\":[{\"@type\":\"WebPage\",\"@id\":\"https:\\\/\\\/novacode.pl\\\/de\\\/produkty\\\/funktionselemente-de\\\/stossfaenger-3m-bumpons-fuesse\\\/\",\"url\":\"https:\\\/\\\/novacode.pl\\\/de\\\/produkty\\\/funktionselemente-de\\\/stossfaenger-3m-bumpons-fuesse\\\/\",\"name\":\"Sto\u00dff\u00e4nger, 3M-Bumpons, F\u00fc\u00dfe - Drukarnia etykiet Novacode\",\"isPartOf\":{\"@id\":\"https:\\\/\\\/novacode.pl\\\/#website\"},\"primaryImageOfPage\":{\"@id\":\"https:\\\/\\\/novacode.pl\\\/de\\\/produkty\\\/funktionselemente-de\\\/stossfaenger-3m-bumpons-fuesse\\\/#primaryimage\"},\"image\":{\"@id\":\"https:\\\/\\\/novacode.pl\\\/de\\\/produkty\\\/funktionselemente-de\\\/stossfaenger-3m-bumpons-fuesse\\\/#primaryimage\"},\"thumbnailUrl\":\"https:\\\/\\\/novacode.pl\\\/wp-content\\\/uploads\\\/2022\\\/04\\\/odbojnik.jpg\",\"datePublished\":\"2022-04-19T08:19:37+00:00\",\"dateModified\":\"2023-10-13T08:43:18+00:00\",\"description\":\"Odbojniki, bumpon 3m, stopki od producenta Novacode \u27a4 Oferujemy elementy do ochrony urz\u0105dze\u0144 i maszyn przed uszkodzeniem mechanicznym | Wysoka jako\u015b\u0107 - Sprawd\u017a!\",\"breadcrumb\":{\"@id\":\"https:\\\/\\\/novacode.pl\\\/de\\\/produkty\\\/funktionselemente-de\\\/stossfaenger-3m-bumpons-fuesse\\\/#breadcrumb\"},\"inLanguage\":\"de\",\"potentialAction\":[{\"@type\":\"ReadAction\",\"target\":[\"https:\\\/\\\/novacode.pl\\\/de\\\/produkty\\\/funktionselemente-de\\\/stossfaenger-3m-bumpons-fuesse\\\/\"]}]},{\"@type\":\"ImageObject\",\"inLanguage\":\"de\",\"@id\":\"https:\\\/\\\/novacode.pl\\\/de\\\/produkty\\\/funktionselemente-de\\\/stossfaenger-3m-bumpons-fuesse\\\/#primaryimage\",\"url\":\"https:\\\/\\\/novacode.pl\\\/wp-content\\\/uploads\\\/2022\\\/04\\\/odbojnik.jpg\",\"contentUrl\":\"https:\\\/\\\/novacode.pl\\\/wp-content\\\/uploads\\\/2022\\\/04\\\/odbojnik.jpg\",\"width\":1280,\"height\":1280,\"caption\":\"Odbojniki, bumpon 3m, stopki\"},{\"@type\":\"BreadcrumbList\",\"@id\":\"https:\\\/\\\/novacode.pl\\\/de\\\/produkty\\\/funktionselemente-de\\\/stossfaenger-3m-bumpons-fuesse\\\/#breadcrumb\",\"itemListElement\":[{\"@type\":\"ListItem\",\"position\":1,\"name\":\"Strona g\u0142\u00f3wna\",\"item\":\"https:\\\/\\\/novacode.pl\\\/de\\\/\"},{\"@type\":\"ListItem\",\"position\":2,\"name\":\"Produkte\",\"item\":\"https:\\\/\\\/novacode.pl\\\/de\\\/produkte\\\/\"},{\"@type\":\"ListItem\",\"position\":3,\"name\":\"Sto\u00dff\u00e4nger, 3M-Bumpons, F\u00fc\u00dfe\"}]},{\"@type\":\"WebSite\",\"@id\":\"https:\\\/\\\/novacode.pl\\\/#website\",\"url\":\"https:\\\/\\\/novacode.pl\\\/\",\"name\":\"Drukarnia etykiet Novacode\",\"description\":\"Producent etykiet samoprzylepnych\",\"publisher\":{\"@id\":\"https:\\\/\\\/novacode.pl\\\/#organization\"},\"potentialAction\":[{\"@type\":\"SearchAction\",\"target\":{\"@type\":\"EntryPoint\",\"urlTemplate\":\"https:\\\/\\\/novacode.pl\\\/?s={search_term_string}\"},\"query-input\":{\"@type\":\"PropertyValueSpecification\",\"valueRequired\":true,\"valueName\":\"search_term_string\"}}],\"inLanguage\":\"de\"},{\"@type\":\"Organization\",\"@id\":\"https:\\\/\\\/novacode.pl\\\/#organization\",\"name\":\"Drukarnia etykiet Novacode\",\"url\":\"https:\\\/\\\/novacode.pl\\\/\",\"logo\":{\"@type\":\"ImageObject\",\"inLanguage\":\"de\",\"@id\":\"https:\\\/\\\/novacode.pl\\\/#\\\/schema\\\/logo\\\/image\\\/\",\"url\":\"https:\\\/\\\/novacode.pl\\\/wp-content\\\/uploads\\\/2022\\\/03\\\/cropped-favico.png\",\"contentUrl\":\"https:\\\/\\\/novacode.pl\\\/wp-content\\\/uploads\\\/2022\\\/03\\\/cropped-favico.png\",\"width\":512,\"height\":512,\"caption\":\"Drukarnia etykiet Novacode\"},\"image\":{\"@id\":\"https:\\\/\\\/novacode.pl\\\/#\\\/schema\\\/logo\\\/image\\\/\"},\"sameAs\":[\"https:\\\/\\\/www.facebook.com\\\/NovacodeOfficialPage\"]}]}<\/script>\n<!-- \/ Yoast SEO plugin. -->","yoast_head_json":{"title":"Sto\u00dff\u00e4nger, 3M-Bumpons, F\u00fc\u00dfe - Drukarnia etykiet Novacode","description":"Odbojniki, bumpon 3m, stopki od producenta Novacode \u27a4 Oferujemy elementy do ochrony urz\u0105dze\u0144 i maszyn przed uszkodzeniem mechanicznym | Wysoka jako\u015b\u0107 - Sprawd\u017a!","robots":{"index":"index","follow":"follow","max-snippet":"max-snippet:-1","max-image-preview":"max-image-preview:large","max-video-preview":"max-video-preview:-1"},"canonical":"https:\/\/novacode.pl\/de\/produkty\/funktionselemente-de\/stossfaenger-3m-bumpons-fuesse\/","og_locale":"de_DE","og_type":"article","og_title":"Sto\u00dff\u00e4nger, 3M-Bumpons, F\u00fc\u00dfe - Drukarnia etykiet Novacode","og_description":"Odbojniki, bumpon 3m, stopki od producenta Novacode \u27a4 Oferujemy elementy do ochrony urz\u0105dze\u0144 i maszyn przed uszkodzeniem mechanicznym | Wysoka jako\u015b\u0107 - Sprawd\u017a!","og_url":"https:\/\/novacode.pl\/de\/produkty\/funktionselemente-de\/stossfaenger-3m-bumpons-fuesse\/","og_site_name":"Drukarnia etykiet Novacode","article_publisher":"https:\/\/www.facebook.com\/NovacodeOfficialPage","article_modified_time":"2023-10-13T08:43:18+00:00","og_image":[{"width":1280,"height":1280,"url":"https:\/\/novacode.pl\/wp-content\/uploads\/2022\/04\/odbojnik.jpg","type":"image\/jpeg"}],"twitter_card":"summary_large_image","twitter_misc":{"Gesch\u00e4tzte Lesezeit":"1\u00a0Minute"},"schema":{"@context":"https:\/\/schema.org","@graph":[{"@type":"WebPage","@id":"https:\/\/novacode.pl\/de\/produkty\/funktionselemente-de\/stossfaenger-3m-bumpons-fuesse\/","url":"https:\/\/novacode.pl\/de\/produkty\/funktionselemente-de\/stossfaenger-3m-bumpons-fuesse\/","name":"Sto\u00dff\u00e4nger, 3M-Bumpons, F\u00fc\u00dfe - Drukarnia etykiet Novacode","isPartOf":{"@id":"https:\/\/novacode.pl\/#website"},"primaryImageOfPage":{"@id":"https:\/\/novacode.pl\/de\/produkty\/funktionselemente-de\/stossfaenger-3m-bumpons-fuesse\/#primaryimage"},"image":{"@id":"https:\/\/novacode.pl\/de\/produkty\/funktionselemente-de\/stossfaenger-3m-bumpons-fuesse\/#primaryimage"},"thumbnailUrl":"https:\/\/novacode.pl\/wp-content\/uploads\/2022\/04\/odbojnik.jpg","datePublished":"2022-04-19T08:19:37+00:00","dateModified":"2023-10-13T08:43:18+00:00","description":"Odbojniki, bumpon 3m, stopki od producenta Novacode \u27a4 Oferujemy elementy do ochrony urz\u0105dze\u0144 i maszyn przed uszkodzeniem mechanicznym | Wysoka jako\u015b\u0107 - Sprawd\u017a!","breadcrumb":{"@id":"https:\/\/novacode.pl\/de\/produkty\/funktionselemente-de\/stossfaenger-3m-bumpons-fuesse\/#breadcrumb"},"inLanguage":"de","potentialAction":[{"@type":"ReadAction","target":["https:\/\/novacode.pl\/de\/produkty\/funktionselemente-de\/stossfaenger-3m-bumpons-fuesse\/"]}]},{"@type":"ImageObject","inLanguage":"de","@id":"https:\/\/novacode.pl\/de\/produkty\/funktionselemente-de\/stossfaenger-3m-bumpons-fuesse\/#primaryimage","url":"https:\/\/novacode.pl\/wp-content\/uploads\/2022\/04\/odbojnik.jpg","contentUrl":"https:\/\/novacode.pl\/wp-content\/uploads\/2022\/04\/odbojnik.jpg","width":1280,"height":1280,"caption":"Odbojniki, bumpon 3m, stopki"},{"@type":"BreadcrumbList","@id":"https:\/\/novacode.pl\/de\/produkty\/funktionselemente-de\/stossfaenger-3m-bumpons-fuesse\/#breadcrumb","itemListElement":[{"@type":"ListItem","position":1,"name":"Strona g\u0142\u00f3wna","item":"https:\/\/novacode.pl\/de\/"},{"@type":"ListItem","position":2,"name":"Produkte","item":"https:\/\/novacode.pl\/de\/produkte\/"},{"@type":"ListItem","position":3,"name":"Sto\u00dff\u00e4nger, 3M-Bumpons, F\u00fc\u00dfe"}]},{"@type":"WebSite","@id":"https:\/\/novacode.pl\/#website","url":"https:\/\/novacode.pl\/","name":"Drukarnia etykiet Novacode","description":"Producent etykiet samoprzylepnych","publisher":{"@id":"https:\/\/novacode.pl\/#organization"},"potentialAction":[{"@type":"SearchAction","target":{"@type":"EntryPoint","urlTemplate":"https:\/\/novacode.pl\/?s={search_term_string}"},"query-input":{"@type":"PropertyValueSpecification","valueRequired":true,"valueName":"search_term_string"}}],"inLanguage":"de"},{"@type":"Organization","@id":"https:\/\/novacode.pl\/#organization","name":"Drukarnia etykiet Novacode","url":"https:\/\/novacode.pl\/","logo":{"@type":"ImageObject","inLanguage":"de","@id":"https:\/\/novacode.pl\/#\/schema\/logo\/image\/","url":"https:\/\/novacode.pl\/wp-content\/uploads\/2022\/03\/cropped-favico.png","contentUrl":"https:\/\/novacode.pl\/wp-content\/uploads\/2022\/03\/cropped-favico.png","width":512,"height":512,"caption":"Drukarnia etykiet Novacode"},"image":{"@id":"https:\/\/novacode.pl\/#\/schema\/logo\/image\/"},"sameAs":["https:\/\/www.facebook.com\/NovacodeOfficialPage"]}]}},"_links":{"self":[{"href":"https:\/\/novacode.pl\/de\/wp-json\/wp\/v2\/product\/5266","targetHints":{"allow":["GET"]}}],"collection":[{"href":"https:\/\/novacode.pl\/de\/wp-json\/wp\/v2\/product"}],"about":[{"href":"https:\/\/novacode.pl\/de\/wp-json\/wp\/v2\/types\/product"}],"wp:featuredmedia":[{"embeddable":true,"href":"https:\/\/novacode.pl\/de\/wp-json\/wp\/v2\/media\/4501"}],"wp:attachment":[{"href":"https:\/\/novacode.pl\/de\/wp-json\/wp\/v2\/media?parent=5266"}],"wp:term":[{"taxonomy":"product_brand","embeddable":true,"href":"https:\/\/novacode.pl\/de\/wp-json\/wp\/v2\/product_brand?post=5266"},{"taxonomy":"product_cat","embeddable":true,"href":"https:\/\/novacode.pl\/de\/wp-json\/wp\/v2\/product_cat?post=5266"},{"taxonomy":"product_tag","embeddable":true,"href":"https:\/\/novacode.pl\/de\/wp-json\/wp\/v2\/product_tag?post=5266"}],"curies":[{"name":"wp","href":"https:\/\/api.w.org\/{rel}","templated":true}]}}