{"id":5265,"date":"2022-04-20T15:34:07","date_gmt":"2022-04-20T13:34:07","guid":{"rendered":"https:\/\/novacode.pl\/produkty\/unkategorisiert\/oprogramowanie\/"},"modified":"2023-08-25T15:03:01","modified_gmt":"2023-08-25T13:03:01","slug":"software","status":"publish","type":"product","link":"https:\/\/novacode.pl\/de\/produkty\/drucker-etikettenapplikatoren-automation\/software\/","title":{"rendered":"Software"},"content":{"rendered":"","protected":false},"excerpt":{"rendered":"<p>Die mit dem Etikettendrucker gelieferte Grundsoftware entspricht nicht immer den Anforderungen des Kunden zu. In diesem Fall wird es empfohlen, Software um neue Funktionen zu erweitern. Die Verbindung von Produktdatenbanken, Integration externer Ger\u00e4te, z.B. Strichcode-Leseger\u00e4te oder Drucken fortschrittlicher Strichcodes wird h\u00e4ufig mit der optionalen zus\u00e4tzlicher Etikettendrucksoftware ausgef\u00fchrt.<\/p>\n","protected":false},"featured_media":4342,"template":"","meta":{"_acf_changed":false,"inline_featured_image":false},"product_brand":[],"product_cat":[127],"product_tag":[],"class_list":{"0":"post-5265","1":"product","2":"type-product","3":"status-publish","4":"has-post-thumbnail","6":"product_cat-drucker-etikettenapplikatoren-automation","8":"first","9":"instock","10":"shipping-taxable","11":"product-type-simple"},"acf":[],"yoast_head":"<!-- This site is optimized with the Yoast SEO plugin v27.4 - https:\/\/yoast.com\/product\/yoast-seo-wordpress\/ -->\n<title>Software - Drukarnia etykiet Novacode<\/title>\n<meta name=\"description\" content=\"Oprogramowanie do produkcji etykiet od Novacode \u27a4 Oferujemy profesjonalne oprogramowanie do drukarek etykiet | Zaawansowane funkcje - Sprawd\u017a!\" \/>\n<meta name=\"robots\" content=\"index, follow, max-snippet:-1, max-image-preview:large, max-video-preview:-1\" \/>\n<link rel=\"canonical\" href=\"https:\/\/novacode.pl\/de\/produkty\/drucker-etikettenapplikatoren-automation\/software\/\" \/>\n<meta property=\"og:locale\" content=\"de_DE\" \/>\n<meta property=\"og:type\" content=\"article\" \/>\n<meta property=\"og:title\" content=\"Software - Drukarnia etykiet Novacode\" \/>\n<meta property=\"og:description\" content=\"Oprogramowanie do produkcji etykiet od Novacode \u27a4 Oferujemy profesjonalne oprogramowanie do drukarek etykiet | Zaawansowane funkcje - Sprawd\u017a!\" \/>\n<meta property=\"og:url\" content=\"https:\/\/novacode.pl\/de\/produkty\/drucker-etikettenapplikatoren-automation\/software\/\" \/>\n<meta property=\"og:site_name\" content=\"Drukarnia etykiet Novacode\" \/>\n<meta property=\"article:publisher\" content=\"https:\/\/www.facebook.com\/NovacodeOfficialPage\" \/>\n<meta property=\"article:modified_time\" content=\"2023-08-25T13:03:01+00:00\" \/>\n<meta property=\"og:image\" content=\"https:\/\/novacode.pl\/wp-content\/uploads\/2022\/04\/label-cloud-circle.png\" \/>\n\t<meta property=\"og:image:width\" content=\"540\" \/>\n\t<meta property=\"og:image:height\" content=\"416\" \/>\n\t<meta property=\"og:image:type\" content=\"image\/png\" \/>\n<meta name=\"twitter:card\" content=\"summary_large_image\" \/>\n<script type=\"application\/ld+json\" class=\"yoast-schema-graph\">{\"@context\":\"https:\\\/\\\/schema.org\",\"@graph\":[{\"@type\":\"WebPage\",\"@id\":\"https:\\\/\\\/novacode.pl\\\/de\\\/produkty\\\/drucker-etikettenapplikatoren-automation\\\/software\\\/\",\"url\":\"https:\\\/\\\/novacode.pl\\\/de\\\/produkty\\\/drucker-etikettenapplikatoren-automation\\\/software\\\/\",\"name\":\"Software - Drukarnia etykiet Novacode\",\"isPartOf\":{\"@id\":\"https:\\\/\\\/novacode.pl\\\/#website\"},\"primaryImageOfPage\":{\"@id\":\"https:\\\/\\\/novacode.pl\\\/de\\\/produkty\\\/drucker-etikettenapplikatoren-automation\\\/software\\\/#primaryimage\"},\"image\":{\"@id\":\"https:\\\/\\\/novacode.pl\\\/de\\\/produkty\\\/drucker-etikettenapplikatoren-automation\\\/software\\\/#primaryimage\"},\"thumbnailUrl\":\"https:\\\/\\\/novacode.pl\\\/wp-content\\\/uploads\\\/2022\\\/04\\\/label-cloud-circle.png\",\"datePublished\":\"2022-04-20T13:34:07+00:00\",\"dateModified\":\"2023-08-25T13:03:01+00:00\",\"description\":\"Oprogramowanie do produkcji etykiet od Novacode \u27a4 Oferujemy profesjonalne oprogramowanie do drukarek etykiet | Zaawansowane funkcje - Sprawd\u017a!\",\"breadcrumb\":{\"@id\":\"https:\\\/\\\/novacode.pl\\\/de\\\/produkty\\\/drucker-etikettenapplikatoren-automation\\\/software\\\/#breadcrumb\"},\"inLanguage\":\"de\",\"potentialAction\":[{\"@type\":\"ReadAction\",\"target\":[\"https:\\\/\\\/novacode.pl\\\/de\\\/produkty\\\/drucker-etikettenapplikatoren-automation\\\/software\\\/\"]}]},{\"@type\":\"ImageObject\",\"inLanguage\":\"de\",\"@id\":\"https:\\\/\\\/novacode.pl\\\/de\\\/produkty\\\/drucker-etikettenapplikatoren-automation\\\/software\\\/#primaryimage\",\"url\":\"https:\\\/\\\/novacode.pl\\\/wp-content\\\/uploads\\\/2022\\\/04\\\/label-cloud-circle.png\",\"contentUrl\":\"https:\\\/\\\/novacode.pl\\\/wp-content\\\/uploads\\\/2022\\\/04\\\/label-cloud-circle.png\",\"width\":540,\"height\":416,\"caption\":\"Loftware NiceLabel Cloud - infografika\"},{\"@type\":\"BreadcrumbList\",\"@id\":\"https:\\\/\\\/novacode.pl\\\/de\\\/produkty\\\/drucker-etikettenapplikatoren-automation\\\/software\\\/#breadcrumb\",\"itemListElement\":[{\"@type\":\"ListItem\",\"position\":1,\"name\":\"Strona g\u0142\u00f3wna\",\"item\":\"https:\\\/\\\/novacode.pl\\\/de\\\/\"},{\"@type\":\"ListItem\",\"position\":2,\"name\":\"Produkte\",\"item\":\"https:\\\/\\\/novacode.pl\\\/de\\\/produkte\\\/\"},{\"@type\":\"ListItem\",\"position\":3,\"name\":\"Software\"}]},{\"@type\":\"WebSite\",\"@id\":\"https:\\\/\\\/novacode.pl\\\/#website\",\"url\":\"https:\\\/\\\/novacode.pl\\\/\",\"name\":\"Drukarnia etykiet Novacode\",\"description\":\"Producent etykiet samoprzylepnych\",\"publisher\":{\"@id\":\"https:\\\/\\\/novacode.pl\\\/#organization\"},\"potentialAction\":[{\"@type\":\"SearchAction\",\"target\":{\"@type\":\"EntryPoint\",\"urlTemplate\":\"https:\\\/\\\/novacode.pl\\\/?s={search_term_string}\"},\"query-input\":{\"@type\":\"PropertyValueSpecification\",\"valueRequired\":true,\"valueName\":\"search_term_string\"}}],\"inLanguage\":\"de\"},{\"@type\":\"Organization\",\"@id\":\"https:\\\/\\\/novacode.pl\\\/#organization\",\"name\":\"Drukarnia etykiet Novacode\",\"url\":\"https:\\\/\\\/novacode.pl\\\/\",\"logo\":{\"@type\":\"ImageObject\",\"inLanguage\":\"de\",\"@id\":\"https:\\\/\\\/novacode.pl\\\/#\\\/schema\\\/logo\\\/image\\\/\",\"url\":\"https:\\\/\\\/novacode.pl\\\/wp-content\\\/uploads\\\/2022\\\/03\\\/cropped-favico.png\",\"contentUrl\":\"https:\\\/\\\/novacode.pl\\\/wp-content\\\/uploads\\\/2022\\\/03\\\/cropped-favico.png\",\"width\":512,\"height\":512,\"caption\":\"Drukarnia etykiet Novacode\"},\"image\":{\"@id\":\"https:\\\/\\\/novacode.pl\\\/#\\\/schema\\\/logo\\\/image\\\/\"},\"sameAs\":[\"https:\\\/\\\/www.facebook.com\\\/NovacodeOfficialPage\"]}]}<\/script>\n<!-- \/ Yoast SEO plugin. -->","yoast_head_json":{"title":"Software - Drukarnia etykiet Novacode","description":"Oprogramowanie do produkcji etykiet od Novacode \u27a4 Oferujemy profesjonalne oprogramowanie do drukarek etykiet | Zaawansowane funkcje - Sprawd\u017a!","robots":{"index":"index","follow":"follow","max-snippet":"max-snippet:-1","max-image-preview":"max-image-preview:large","max-video-preview":"max-video-preview:-1"},"canonical":"https:\/\/novacode.pl\/de\/produkty\/drucker-etikettenapplikatoren-automation\/software\/","og_locale":"de_DE","og_type":"article","og_title":"Software - Drukarnia etykiet Novacode","og_description":"Oprogramowanie do produkcji etykiet od Novacode \u27a4 Oferujemy profesjonalne oprogramowanie do drukarek etykiet | Zaawansowane funkcje - Sprawd\u017a!","og_url":"https:\/\/novacode.pl\/de\/produkty\/drucker-etikettenapplikatoren-automation\/software\/","og_site_name":"Drukarnia etykiet Novacode","article_publisher":"https:\/\/www.facebook.com\/NovacodeOfficialPage","article_modified_time":"2023-08-25T13:03:01+00:00","og_image":[{"width":540,"height":416,"url":"https:\/\/novacode.pl\/wp-content\/uploads\/2022\/04\/label-cloud-circle.png","type":"image\/png"}],"twitter_card":"summary_large_image","schema":{"@context":"https:\/\/schema.org","@graph":[{"@type":"WebPage","@id":"https:\/\/novacode.pl\/de\/produkty\/drucker-etikettenapplikatoren-automation\/software\/","url":"https:\/\/novacode.pl\/de\/produkty\/drucker-etikettenapplikatoren-automation\/software\/","name":"Software - Drukarnia etykiet Novacode","isPartOf":{"@id":"https:\/\/novacode.pl\/#website"},"primaryImageOfPage":{"@id":"https:\/\/novacode.pl\/de\/produkty\/drucker-etikettenapplikatoren-automation\/software\/#primaryimage"},"image":{"@id":"https:\/\/novacode.pl\/de\/produkty\/drucker-etikettenapplikatoren-automation\/software\/#primaryimage"},"thumbnailUrl":"https:\/\/novacode.pl\/wp-content\/uploads\/2022\/04\/label-cloud-circle.png","datePublished":"2022-04-20T13:34:07+00:00","dateModified":"2023-08-25T13:03:01+00:00","description":"Oprogramowanie do produkcji etykiet od Novacode \u27a4 Oferujemy profesjonalne oprogramowanie do drukarek etykiet | Zaawansowane funkcje - Sprawd\u017a!","breadcrumb":{"@id":"https:\/\/novacode.pl\/de\/produkty\/drucker-etikettenapplikatoren-automation\/software\/#breadcrumb"},"inLanguage":"de","potentialAction":[{"@type":"ReadAction","target":["https:\/\/novacode.pl\/de\/produkty\/drucker-etikettenapplikatoren-automation\/software\/"]}]},{"@type":"ImageObject","inLanguage":"de","@id":"https:\/\/novacode.pl\/de\/produkty\/drucker-etikettenapplikatoren-automation\/software\/#primaryimage","url":"https:\/\/novacode.pl\/wp-content\/uploads\/2022\/04\/label-cloud-circle.png","contentUrl":"https:\/\/novacode.pl\/wp-content\/uploads\/2022\/04\/label-cloud-circle.png","width":540,"height":416,"caption":"Loftware NiceLabel Cloud - infografika"},{"@type":"BreadcrumbList","@id":"https:\/\/novacode.pl\/de\/produkty\/drucker-etikettenapplikatoren-automation\/software\/#breadcrumb","itemListElement":[{"@type":"ListItem","position":1,"name":"Strona g\u0142\u00f3wna","item":"https:\/\/novacode.pl\/de\/"},{"@type":"ListItem","position":2,"name":"Produkte","item":"https:\/\/novacode.pl\/de\/produkte\/"},{"@type":"ListItem","position":3,"name":"Software"}]},{"@type":"WebSite","@id":"https:\/\/novacode.pl\/#website","url":"https:\/\/novacode.pl\/","name":"Drukarnia etykiet Novacode","description":"Producent etykiet samoprzylepnych","publisher":{"@id":"https:\/\/novacode.pl\/#organization"},"potentialAction":[{"@type":"SearchAction","target":{"@type":"EntryPoint","urlTemplate":"https:\/\/novacode.pl\/?s={search_term_string}"},"query-input":{"@type":"PropertyValueSpecification","valueRequired":true,"valueName":"search_term_string"}}],"inLanguage":"de"},{"@type":"Organization","@id":"https:\/\/novacode.pl\/#organization","name":"Drukarnia etykiet Novacode","url":"https:\/\/novacode.pl\/","logo":{"@type":"ImageObject","inLanguage":"de","@id":"https:\/\/novacode.pl\/#\/schema\/logo\/image\/","url":"https:\/\/novacode.pl\/wp-content\/uploads\/2022\/03\/cropped-favico.png","contentUrl":"https:\/\/novacode.pl\/wp-content\/uploads\/2022\/03\/cropped-favico.png","width":512,"height":512,"caption":"Drukarnia etykiet Novacode"},"image":{"@id":"https:\/\/novacode.pl\/#\/schema\/logo\/image\/"},"sameAs":["https:\/\/www.facebook.com\/NovacodeOfficialPage"]}]}},"_links":{"self":[{"href":"https:\/\/novacode.pl\/de\/wp-json\/wp\/v2\/product\/5265","targetHints":{"allow":["GET"]}}],"collection":[{"href":"https:\/\/novacode.pl\/de\/wp-json\/wp\/v2\/product"}],"about":[{"href":"https:\/\/novacode.pl\/de\/wp-json\/wp\/v2\/types\/product"}],"wp:featuredmedia":[{"embeddable":true,"href":"https:\/\/novacode.pl\/de\/wp-json\/wp\/v2\/media\/4342"}],"wp:attachment":[{"href":"https:\/\/novacode.pl\/de\/wp-json\/wp\/v2\/media?parent=5265"}],"wp:term":[{"taxonomy":"product_brand","embeddable":true,"href":"https:\/\/novacode.pl\/de\/wp-json\/wp\/v2\/product_brand?post=5265"},{"taxonomy":"product_cat","embeddable":true,"href":"https:\/\/novacode.pl\/de\/wp-json\/wp\/v2\/product_cat?post=5265"},{"taxonomy":"product_tag","embeddable":true,"href":"https:\/\/novacode.pl\/de\/wp-json\/wp\/v2\/product_tag?post=5265"}],"curies":[{"name":"wp","href":"https:\/\/api.w.org\/{rel}","templated":true}]}}